{"id":26190,"date":"2023-05-15T23:59:38","date_gmt":"2023-05-15T20:59:38","guid":{"rendered":"https:\/\/www.kristinestadshistoria.fi\/?page_id=26190"},"modified":"2023-05-30T23:40:52","modified_gmt":"2023-05-30T20:40:52","slug":"skolgatan","status":"publish","type":"page","link":"https:\/\/www.kristinestadshistoria.fi\/?page_id=26190","title":{"rendered":"Skolgatans g\u00e5rdar"},"content":{"rendered":"<p>Skolgatan \u00e4r en av stadens m\u00e5nga tv\u00e4rgator och den \u00e4r omkring 350 m l\u00e5ng. Namnet har gatan f\u00e5tt av den pedagogie som sedan 1690 har funnits i den v\u00e4stra \u00e4ndan av gatan. \u00c4nnu i slutet av 1800-talet var gatan bruten p\u00e5 den h\u00f6gsta punkten och bestod allts\u00e5 av tv\u00e5 kortare gatstumpar \u00e5t varsitt h\u00e5ll. I b\u00f6rjan av 1900-talet gjordes markarbeten, som gjorde att de b\u00e5da gatstumparna kunde sammanbindas till en enhetlig Skolgata \u00f6ver Norra Kvarnberget.<\/p>\n<h4><a href=\"https:\/\/www.kristinestadshistoria.fi\/?page_id=26193\"><strong>-13 Skolg\u00e5rden<\/strong><\/a><\/h4>\n","protected":false},"excerpt":{"rendered":"<p>Skolgatan \u00e4r en av stadens m\u00e5nga tv\u00e4rgator och den \u00e4r omkring 350 m l\u00e5ng. Namnet har gatan f\u00e5tt av den pedagogie som sedan 1690 har funnits i den v\u00e4stra \u00e4ndan av gatan. \u00c4nnu i slutet av 1800-talet var gatan bruten <a class=\"more-link\" href=\"https:\/\/www.kristinestadshistoria.fi\/?page_id=26190\">Forts\u00e4tt l\u00e4sa <span class=\"screen-reader-text\">  Skolgatans g\u00e5rdar<\/span><span class=\"meta-nav\">&rarr;<\/span><\/a><\/p>\n","protected":false},"author":1,"featured_media":0,"parent":18571,"menu_order":5,"comment_status":"closed","ping_status":"closed","template":"","meta":{"footnotes":""},"class_list":["post-26190","page","type-page","status-publish","hentry"],"_links":{"self":[{"href":"https:\/\/www.kristinestadshistoria.fi\/index.php?rest_route=\/wp\/v2\/pages\/26190","targetHints":{"allow":["GET"]}}],"collection":[{"href":"https:\/\/www.kristinestadshistoria.fi\/index.php?rest_route=\/wp\/v2\/pages"}],"about":[{"href":"https:\/\/www.kristinestadshistoria.fi\/index.php?rest_route=\/wp\/v2\/types\/page"}],"author":[{"embeddable":true,"href":"https:\/\/www.kristinestadshistoria.fi\/index.php?rest_route=\/wp\/v2\/users\/1"}],"replies":[{"embeddable":true,"href":"https:\/\/www.kristinestadshistoria.fi\/index.php?rest_route=%2Fwp%2Fv2%2Fcomments&post=26190"}],"version-history":[{"count":3,"href":"https:\/\/www.kristinestadshistoria.fi\/index.php?rest_route=\/wp\/v2\/pages\/26190\/revisions"}],"predecessor-version":[{"id":26361,"href":"https:\/\/www.kristinestadshistoria.fi\/index.php?rest_route=\/wp\/v2\/pages\/26190\/revisions\/26361"}],"up":[{"embeddable":true,"href":"https:\/\/www.kristinestadshistoria.fi\/index.php?rest_route=\/wp\/v2\/pages\/18571"}],"wp:attachment":[{"href":"https:\/\/www.kristinestadshistoria.fi\/index.php?rest_route=%2Fwp%2Fv2%2Fmedia&parent=26190"}],"curies":[{"name":"wp","href":"https:\/\/api.w.org\/{rel}","templated":true}]}}