{"id":26144,"date":"2023-05-10T22:40:58","date_gmt":"2023-05-10T19:40:58","guid":{"rendered":"https:\/\/www.kristinestadshistoria.fi\/?page_id=26144"},"modified":"2024-11-12T23:52:14","modified_gmt":"2024-11-12T21:52:14","slug":"de-forsakrade-byggnaderna-pa-tomt-89","status":"publish","type":"page","link":"https:\/\/www.kristinestadshistoria.fi\/?page_id=26144","title":{"rendered":"De f\u00f6rs\u00e4krade byggnaderna p\u00e5 tomt 89"},"content":{"rendered":"<p><span style=\"color: #000080;\"><strong>Sammanst\u00e4llt av Lasse Backlund. Uppgifterna \u00e4r tagna ur gamla f\u00f6rs\u00e4kringsbrev, som finns p\u00e5 Riksarkivet.<\/strong><\/span><\/p>\n<h2><strong>Brandf\u00f6rs\u00e4kringen 1848.<\/strong><\/h2>\n<p>\u00c5r 1832 bildades \u201dAllm\u00e4nna Brandstodsbolaget i Finland\u201d i Helsingfors och \u00e5r 1848, i december anh\u00f6ll handlande Carl Magnus Ridderstad att hans byggnader p\u00e5 tomt nr 89 vid Strandgatan skulle f\u00f6rs\u00e4kras. F\u00f6rs\u00e4kringsans\u00f6kan skulle g\u00f6ras till bolaget och handlande Ridderstad uppgav d\u00e5 att p\u00e5 tomten fanns det tillr\u00e4ckligt med brandredskap, n\u00e4mligen en portativ slangspruta, 3 brandstegar, 2 brandhakar, 2 handsprutor, 2 svablar och 6 brand\u00e4mbare. N\u00e5gon brunn fanns inte p\u00e5 tomten men vid en eventuell eldsv\u00e5da fanns det tillr\u00e4ckligt med vatten i Stadsfj\u00e4rden.<\/p>\n<p>Ridderstad uppgav att tomten var 6 960 \u201dQvadrat alnar i areal vidd\u201d (en kvadrataln \u00e4r 0,36 kvadratmeter) och den ligger p\u00e5 ena h\u00e5llet mellan Stadsfj\u00e4rden och Strandgatan och p\u00e5 andra h\u00e5llet mellan Parmanska gatan och tomten nr 90.<\/p>\n<p>\u00c5r 1848 fanns det 3 byggnader p\u00e5 tomten, som skulle f\u00f6rs\u00e4kras mot eldskada.<\/p>\n<figure id=\"attachment_26146\" aria-describedby=\"caption-attachment-26146\" style=\"width: 829px\" class=\"wp-caption alignnone\"><img loading=\"lazy\" decoding=\"async\" class=\"size-full wp-image-26146\" src=\"https:\/\/www.kristinestadshistoria.fi\/wp-content\/uploads\/2023\/05\/Tomtkarta-1848-liten.jpg\" alt=\"\" width=\"829\" height=\"926\" srcset=\"https:\/\/www.kristinestadshistoria.fi\/wp-content\/uploads\/2023\/05\/Tomtkarta-1848-liten.jpg 829w, https:\/\/www.kristinestadshistoria.fi\/wp-content\/uploads\/2023\/05\/Tomtkarta-1848-liten-269x300.jpg 269w, https:\/\/www.kristinestadshistoria.fi\/wp-content\/uploads\/2023\/05\/Tomtkarta-1848-liten-768x858.jpg 768w\" sizes=\"auto, (max-width: 829px) 100vw, 829px\" \/><figcaption id=\"caption-attachment-26146\" class=\"wp-caption-text\">Handlande Ridderstad l\u00e4t rita upp en planteckning d\u00e5 han \u00e5r 1848 ville brandf\u00f6rs\u00e4kra byggnaderna p\u00e5 sin tomt. P\u00e5 den renritade planteckningen finns Ridderstads namnteckning fr\u00e5n f\u00f6rs\u00e4kringsbreven inf\u00e4llt i nedre kanten.<\/figcaption><\/figure>\n<h5><strong>Byggnad nr 1:<\/strong><\/h5>\n<p>En tr\u00e4byggnad byggd i vinkel \u00e5r 1847 av nytt furu- och grantimmer i en v\u00e5ning med en frontespis (frontespis \u00e4r en speciell, f\u00f6nsterf\u00f6rsedd utbyggnad p\u00e5 taket). Byggnaden var inte \u00e4nnu br\u00e4dfodrad eller m\u00e5lad. Den hade 27 rum, n\u00e4mligen 2 f\u00f6rstugor, 2 tamburer, 6 kl\u00e4dgarderober, en sal, 10 kamrar, 2 handelskontor och en salubod och i dessa rum fanns det totalt 15 kakelugnar och i k\u00f6ket en spis med stekugn. P\u00e5 vinden fanns det tv\u00e5 frontesprisrum utan eldst\u00e4der. Fr\u00e5n marken till takkanten var h\u00f6jden11,25 m, l\u00e4ngden mot Strandgatan 37,5 m och taket var lagt med tj\u00e4rpapper, ett s\u00e5 kallat papperstak. Stenfoten var omkring 2 alnar (1,2 m) h\u00f6g och under byggnaden fanns det en v\u00e4lvd k\u00e4llare av gr\u00e5sten och tegel.<\/p>\n<p>Den h\u00e4r tiden f\u00f6rs\u00e4krades alla byggnadsdelar skilt f\u00f6r sig, till exempel den fyra j\u00e4rngluggarna i stenfoten v\u00e4rderades till 5 rubel tillsammans. Den v\u00e4lvda k\u00e4llaren med d\u00f6rr och stentrappan till 200 rubel och stenfoten av huggen granit och stenpelarna under mellanv\u00e4ggarna f\u00f6rs\u00e4krades f\u00f6r 260 rubel. Stommen f\u00f6rs\u00e4krades f\u00f6r 1\u00a0460 rubel, yttre taket av tj\u00e4rpapper f\u00f6r 400, bj\u00e4lklagen f\u00f6r 80, golven gjorda av stock och granplankor f\u00f6r 280 rubel. I 20 rum var innertaken gjorda av furubr\u00e4der och i 7 rum var de gipsade och taken f\u00f6rs\u00e4krades f\u00f6r 200 rubel, inre och yttre trappor f\u00f6r 75 rubel tillsammans. I byggnaden fanns det 33 panelade, oljem\u00e5lade f\u00f6nster av halvvitt glas i kitt, ca 1,9 m h\u00f6ga och 1,2 m breda och av dessa var 27 med dubbla glas och alla f\u00f6nster v\u00e4rderades till 264 rubel. 27 vindsf\u00f6nster f\u00f6rs\u00e4krades f\u00f6r 18 rubel tillsammans och de var halv meter h\u00f6ga och n\u00e4stan en meter breda. Till och med golvlistorna f\u00f6rs\u00e4krades, de hade en total l\u00e4ngd av 444 meter och f\u00f6rs\u00e4krades f\u00f6r 221 rubel. \u00c5tta skorstenar och alla kakelugnar v\u00e4rderades till 100 rubel.<\/p>\n<p>Hela byggnaden f\u00f6rs\u00e4krades f\u00f6r 3\u00a0840 rubel.<\/p>\n<h5><strong>Byggnad nr 2:<\/strong><\/h5>\n<p>En tr\u00e4byggnad i en v\u00e5ning med ett tak av br\u00e4der och en ordentlig stenfot. Den \u00f6stra \u00e4ndan var uppf\u00f6rd \u00e5r 1844 av gammalt timmer medan den v\u00e4stra var uppf\u00f6rd av nytt grantimmer \u00e5r 1846. Den var br\u00e4dfodrad och m\u00e5lad med gul slamf\u00e4rg och d\u00e4r fanns 12 rum, n\u00e4mligen en sal, 3 kammare, en bagarstuga med bakugn och 6 magasin. Huset var 51 m l\u00e5ngt och 6 m brett.<\/p>\n<p>Byggnaden f\u00f6rs\u00e4krades f\u00f6r 1\u00a0340 rubel.<\/p>\n<h5><strong>Byggnad nr 3:<\/strong><\/h5>\n<p>En byggnad av tr\u00e4 i gott skick, byggt av nytt grantimmer \u00e5r 1847 i en v\u00e5ning. Den var varken br\u00e4dfodrad eller m\u00e5lad och d\u00e4r fanns 9 rum, n\u00e4mligen en dr\u00e4ngstuga, en bryggstuga med en spis och med inmurad gryta som rymde 40 kannor (ca 100 liter). D\u00e4r fanns ett stall, tv\u00e5 f\u00e4hus och foderlada. Byggnaden var 27,6 m l\u00e5ng och 7 m bred.<\/p>\n<p>Byggnaden f\u00f6rs\u00e4krades f\u00f6r 860 rubel.<\/p>\n<p>F\u00f6rutom dessa tre byggnader s\u00e5 f\u00f6rs\u00e4krades ink\u00f6rsporten och g\u00e5ngporten f\u00f6r 30 rubel. Tv\u00e5 landningsbryggor som var byggda av stock, med 2 nedg\u00e5ngstrappor och med spolplank f\u00f6rs\u00e4krades f\u00f6r 60 rubel och det oljem\u00e5lade staketet runt tr\u00e4dg\u00e5rden f\u00f6r 50 rubel.<\/p>\n<p>Alltsammans f\u00f6rs\u00e4krades f\u00f6r 6\u00a0180 rubel och den \u00e5rliga intr\u00e4desavgiften ber\u00e4knades till 55 rubel 91 kopek.<\/p>\n<p>Ridderstad uppgav att p\u00e5 hans tomt fanns det inga eldfarliga inr\u00e4ttningar och inte p\u00e5 granntomterna heller.<\/p>\n<p>Vart femte \u00e5r skulle byggnaderna och brandredskapen granskas och vid granskningarna fanns det ingenting att klaga p\u00e5.<\/p>\n<h2><strong>Branden 1883.<\/strong><\/h2>\n<p>Den 20 april 1883 utbr\u00f6t en brand i byggnaden nr 3. Byggnaden var f\u00f6rs\u00e4krad f\u00f6r 3\u00a0440 finska mark och skadan v\u00e4rderades till 500 mark. Byggnaden \u00e4gdes d\u00e5 av handlande\u00e4nkan Mathilda Sundstr\u00f6m och d\u00e4r fanns en dr\u00e4ngstuga, tv\u00e4ttstuga, stall, spillningskast, f\u00e4hus och en foderlada. Taket var gjort av p\u00e4rtor och v\u00e4ggarna var vitrappade.<\/p>\n<p>Elden br\u00f6t ut i tv\u00e4ttstugan klockan 3 p\u00e5 natten. Mathilda Sundstr\u00f6m uppgav att d\u00e4r hade det tv\u00e4ttats i tre dagar men att p\u00e5 kv\u00e4llen f\u00f6re branden, hade elden sl\u00e4ckts kl. 8 p\u00e5 kv\u00e4llen. Branden uppt\u00e4cktes av inhyseskarlen Johan Mattsson Lillthors, som hade nattkvarter i dr\u00e4ngstugan intill. Han vaknade d\u00e5 r\u00f6k tr\u00e4ngde in i hans rum och han rusade genast till huvudbyggnaden, f\u00f6r att v\u00e4cka g\u00e5rdsfolket. Den frivilliga brandk\u00e5ren var snabbt p\u00e5 plats och elden sl\u00e4cktes inom en halv timme. Branden hade uppenbarligen f\u00e5tt sin b\u00f6rjan genom en spricka i muren ovanf\u00f6r mellantaket.<\/p>\n<p>Elden f\u00f6rst\u00f6rde spisen i tv\u00e4ttstugan och en kakelugn, en del av v\u00e4ggen mellan dr\u00e4ngstugan och tv\u00e4ttstugan och en del av mellantaket. Vattentaket blev inte f\u00f6rst\u00f6rt och inte ytterv\u00e4ggarna heller.<\/p>\n<p>Efter branden h\u00f6lls sedvanliga f\u00f6rh\u00f6r p\u00e5 r\u00e5dhuset och alla var eniga om att branden var liten, att den sl\u00e4cktes snabbt och att den troligen hade uppst\u00e5tt genom en spricka i muren. Murarm\u00e4staren Johan Petter Granberg vittnade ocks\u00e5 och han medgav att trots att han en g\u00e5ng i varje m\u00e5nad granskade murarna i \u00e4nkan Sundstr\u00f6m g\u00e5rd, inte hade observerat sprickan.<\/p>\n<h2><strong>Brandf\u00f6rs\u00e4kringen 1902.<\/strong><\/h2>\n<p>P\u00e5 grund av att flera f\u00f6rb\u00e4ttringar har gjorts p\u00e5 byggnaderna, s\u00e5 ville handlande\u00e4nkan Mathilda Sundstr\u00f6m teckna en helt ny brandf\u00f6rs\u00e4kring. Tomten var lika stor som tidigare och byggnaderna ocks\u00e5.<\/p>\n<figure id=\"attachment_26151\" aria-describedby=\"caption-attachment-26151\" style=\"width: 995px\" class=\"wp-caption alignnone\"><img loading=\"lazy\" decoding=\"async\" class=\"size-full wp-image-26151\" src=\"https:\/\/www.kristinestadshistoria.fi\/wp-content\/uploads\/2023\/05\/Tomtkarta-1902-liten-2.jpg\" alt=\"\" width=\"995\" height=\"743\" srcset=\"https:\/\/www.kristinestadshistoria.fi\/wp-content\/uploads\/2023\/05\/Tomtkarta-1902-liten-2.jpg 995w, https:\/\/www.kristinestadshistoria.fi\/wp-content\/uploads\/2023\/05\/Tomtkarta-1902-liten-2-300x224.jpg 300w, https:\/\/www.kristinestadshistoria.fi\/wp-content\/uploads\/2023\/05\/Tomtkarta-1902-liten-2-768x573.jpg 768w\" sizes=\"auto, (max-width: 995px) 100vw, 995px\" \/><figcaption id=\"caption-attachment-26151\" class=\"wp-caption-text\">Handlande\u00e4nkan Mathilda Sundstr\u00f6m hade gjort flera f\u00f6rb\u00e4ttringar p\u00e5 byggnaderna och hon ville \u00e5r 1902 teckna en ny brandf\u00f6rs\u00e4kring med h\u00f6gre v\u00e4rde. P\u00e5 den renritade planteckningen s\u00e5 syns det hur byggnaderna var placerade.<\/figcaption><\/figure>\n<h5><strong>Byggnad nr 1:<\/strong><\/h5>\n<p>Ett boningshus av timmer i gott skick, uppf\u00f6rt \u00e5r 1847, rappat med kalkbruk och hade ett tak av asfaltfilt. L\u00e4ngs Strandgatan var byggnaden 37,21 m, l\u00e4ngs Parmanska gatan 19 m, norra gaveln var 12,47 m och den \u00f6stra gaveln var 8,31 m bred. Den var uppf\u00f6rd i en v\u00e5ning och f\u00f6rutom rymliga garderober och kontor, s\u00e5 fanns d\u00e4r 16 boningsrum. Av dessa var tv\u00e5 inredda som butikslokaler och i alla dessa rum fanns det totalt 15 kakelugnar och en k\u00f6ksspis. P\u00e5 vinden fanns det tv\u00e5 frontespisrum, som saknade eldst\u00e4der. Under byggnaden fanns det en v\u00e4lvd k\u00e4llare och mot gatan en uppg\u00e5ngstrappa.<\/p>\n<p>Hela byggnaden f\u00f6rs\u00e4krades f\u00f6r 35\u00a0000 mark.<\/p>\n<h5><strong>Byggnad nr 2:<\/strong><\/h5>\n<p>Ett kombinerat boningshus och magasin, byggt av timmer och i gott skick. Det var uppf\u00f6rt under \u00e5ren 1844 och 1846, vitrappat och hade ett tak av asfaltfilt. Byggnaden var 51,97 \u00a0m l\u00e5ng och 6,06 m bred och d\u00e4r fanns 6 magasin, som var horisontellt indelade i tv\u00e5 v\u00e5ningar. D\u00e4r fanns fem boningsrum varav det mot Strandgatan var inrett till butikslokal.<\/p>\n<p>Byggnaden f\u00f6rs\u00e4krades f\u00f6r 10\u00a0000 mark.<\/p>\n<h5><strong>Byggnad nr 3:<\/strong><\/h5>\n<p>Ett boningshus kombinerat med ett uthus, uppf\u00f6rt av timmer \u00e5r 1847. Det var rappat med kalkbruk och hade ett tak av asfaltfilt. Det var byggt i en v\u00e5ning och d\u00e4r fanns ett boningsrum med egen eldstad, en bykstuga med spis och inmurad gryta, stall, tv\u00e5 f\u00e4hus, foderlada och latrin med spillningskast.<\/p>\n<p>Uthuset f\u00f6rs\u00e4krades f\u00f6r 5\u00a0000 mark.<\/p>\n<p>F\u00f6rutom byggnaderna s\u00e5 f\u00f6rs\u00e4krades de b\u00e5da oljem\u00e5lade ink\u00f6rsportarna f\u00f6r 100 mark per styck. De var gjorda av stock och br\u00e4der och i f\u00f6rs\u00e4kringen ingick l\u00e5s ch g\u00e5ngj\u00e4rn.<\/p>\n<p>Den norra landningsbryggan f\u00f6rs\u00e4krades f\u00f6r 60 mark och den s\u00f6dra f\u00f6r 180 mark och de var byggda av stock och plankor. Kryddg\u00e5rdsstaketet p\u00e5 stenunderlag och gjort av svarvade tr\u00e4spolar f\u00f6rs\u00e4krades f\u00f6r 200 mark. Det var 70 m l\u00e5ngt och 1,1 m h\u00f6gt.<\/p>\n<p>Hela f\u00f6rs\u00e4kringen uppgick till 50\u00a0640 mark och den \u00e5rliga intr\u00e4desavgiften ber\u00e4knades till 446 mark.<\/p>\n<p>\u00c4nkan Sundstr\u00f6m uppgav att alla byggnader p\u00e5 tomten \u00e4r f\u00f6rs\u00e4krade och p\u00e5 hennes tomt fanns det inga eldfarliga inr\u00e4ttningar. P\u00e5 granntomten nr 90 var byggnaden D ett bageri. Brandstodbolagets lokala agent, kapten Wilhelm Hagen skrev i en rapport att alla byggnader har f\u00e5tt nya tak och att omfattande renoveringar har gjorts.<\/p>\n<figure id=\"attachment_26152\" aria-describedby=\"caption-attachment-26152\" style=\"width: 632px\" class=\"wp-caption alignnone\"><img loading=\"lazy\" decoding=\"async\" class=\"size-full wp-image-26152\" src=\"https:\/\/www.kristinestadshistoria.fi\/wp-content\/uploads\/2023\/05\/Tomtkarta-1902-stor-2.jpg\" alt=\"\" width=\"632\" height=\"968\" srcset=\"https:\/\/www.kristinestadshistoria.fi\/wp-content\/uploads\/2023\/05\/Tomtkarta-1902-stor-2.jpg 632w, https:\/\/www.kristinestadshistoria.fi\/wp-content\/uploads\/2023\/05\/Tomtkarta-1902-stor-2-196x300.jpg 196w\" sizes=\"auto, (max-width: 632px) 100vw, 632px\" \/><figcaption id=\"caption-attachment-26152\" class=\"wp-caption-text\">S\u00e5 h\u00e4r s\u00e5g hela planteckningen ut som handlande\u00e4nkan Sundstr\u00f6m l\u00e4t rita upp \u00e5r 1902, d\u00e5 brandf\u00f6rs\u00e4kringen skulle f\u00f6rnyas. Byggnaden A p\u00e5 Packhusskv\u00e4ren \u00e4r en magasinbyggnad, som den frivilliga brandk\u00e5ren anv\u00e4nder som redskapslider. Mathilda Sundstr\u00f6m namnteckning p\u00e5 f\u00f6rs\u00e4kringsbrevet \u00e4r inf\u00e4llt i nedre kanten.<\/figcaption><\/figure>\n<h2><strong>Brandf\u00f6rs\u00e4kringen \u00e5r 1909.<\/strong><\/h2>\n<p>Den 3 november 1909 tecknade handlande Mathilda Sundstr\u00f6m en ny brandf\u00f6rs\u00e4kring p\u00e5 de tre byggnader som fanns p\u00e5 hennes tomt nr 89. Tomten var 2\u00a0462 m\u00b2 stor och gr\u00e4nsade till Packhusskv\u00e4ren, Stadsfj\u00e4rden, Strandgatan och tomt nr 90. Alla n\u00f6dv\u00e4ndiga brandredskap fanns p\u00e5 tomten och de var alla m\u00e4rkta med tomtens nummer.<\/p>\n<p><strong>Byggnad nr 1,<\/strong> samma uppgifter som tidigare men den f\u00f6rs\u00e4krades nu f\u00f6r 45\u00a0000 mark.<\/p>\n<p><strong>Byggnad nr 2,<\/strong> samma uppgifter som tidigare men den f\u00f6rs\u00e4krades nu f\u00f6r 15\u00a0000 mark.<\/p>\n<p><strong>Byggnad nr 3<\/strong>, samma uppgifter som tidigare och den f\u00f6rs\u00e4krades ocks\u00e5 nu f\u00f6r 15\u00a0000 mark.<\/p>\n<p>De b\u00e5da oljem\u00e5lade ink\u00f6rsportarna f\u00f6rs\u00e4krades f\u00f6r 100 mark var. Den mindre landg\u00e5ngsbryggan f\u00f6rs\u00e4krades f\u00f6r 60 mark och den st\u00f6rre f\u00f6r 180 mark. Staketet f\u00f6rs\u00e4krades ocks\u00e5 nu f\u00f6r 200 mark.<\/p>\n<p>Mathilda uppgav att p\u00e5 hennes tomt fanns det inga brandfarliga inr\u00e4ttningar men p\u00e5 granntomten nr 90 fanns det ett bageri i byggnaden \u201dD\u201d. P\u00e5 hennes tomt fanns det en tr\u00e4dg\u00e5rd med h\u00f6ga, lummiga l\u00f6vtr\u00e4d.<\/p>\n<p>Hela f\u00f6rs\u00e4kringsbeloppet uppgick till 65\u00a0640 mark och den \u00e5rliga premien ber\u00e4knades till 549,77 mark.<\/p>\n<figure id=\"attachment_26880\" aria-describedby=\"caption-attachment-26880\" style=\"width: 641px\" class=\"wp-caption alignnone\"><img loading=\"lazy\" decoding=\"async\" class=\"size-full wp-image-26880\" src=\"https:\/\/www.kristinestadshistoria.fi\/wp-content\/uploads\/2023\/07\/Tomtkarta-1909-stor-1.jpg\" alt=\"\" width=\"641\" height=\"850\" srcset=\"https:\/\/www.kristinestadshistoria.fi\/wp-content\/uploads\/2023\/07\/Tomtkarta-1909-stor-1.jpg 641w, https:\/\/www.kristinestadshistoria.fi\/wp-content\/uploads\/2023\/07\/Tomtkarta-1909-stor-1-226x300.jpg 226w\" sizes=\"auto, (max-width: 641px) 100vw, 641px\" \/><figcaption id=\"caption-attachment-26880\" class=\"wp-caption-text\">S\u00e5 h\u00e4r s\u00e5g den planteckning ut som Mathilda Sundstr\u00f6m bifogade f\u00f6rs\u00e4kringsbrevet \u00e5r 1909.<\/figcaption><\/figure>\n<h3>Brandf\u00f6rs\u00e4kringen \u00e5r 1918.<\/h3>\n<p>I september 1918 tecknade handlande\u00e4nkan Mathilda Sundstr\u00f6m en ny brandf\u00f6rs\u00e4kring. N\u00e5gra st\u00f6rre f\u00f6rb\u00e4ttringar hade inte gjorts p\u00e5 byggnaderna men p\u00e5 grund av den h\u00f6ga inflationen s\u00e5 h\u00f6jdes v\u00e4rdet betydligt. Huvudbyggnaden nr 1 f\u00f6rs\u00e4krades f\u00f6r 106 450, magasinet nr 2 f\u00f6r 41 710 mark och uthuset nr 3 f\u00f6r 15 700 mark. Med portar och plank s\u00e5 uppgick hela f\u00f6rs\u00e4kringsbeloppet till 164 260 mark. Alla byggnader var vitrappade med kalkbruk och taken var lagda med asfaltfilt.<\/p>\n<figure id=\"attachment_29294\" aria-describedby=\"caption-attachment-29294\" style=\"width: 1633px\" class=\"wp-caption alignnone\"><img loading=\"lazy\" decoding=\"async\" class=\"size-full wp-image-29294\" src=\"https:\/\/www.kristinestadshistoria.fi\/wp-content\/uploads\/2024\/11\/Tomtkarta-1918-Mathilda-Sundstrom.jpg\" alt=\"\" width=\"1633\" height=\"2160\" srcset=\"https:\/\/www.kristinestadshistoria.fi\/wp-content\/uploads\/2024\/11\/Tomtkarta-1918-Mathilda-Sundstrom.jpg 1633w, https:\/\/www.kristinestadshistoria.fi\/wp-content\/uploads\/2024\/11\/Tomtkarta-1918-Mathilda-Sundstrom-227x300.jpg 227w, https:\/\/www.kristinestadshistoria.fi\/wp-content\/uploads\/2024\/11\/Tomtkarta-1918-Mathilda-Sundstrom-774x1024.jpg 774w, https:\/\/www.kristinestadshistoria.fi\/wp-content\/uploads\/2024\/11\/Tomtkarta-1918-Mathilda-Sundstrom-768x1016.jpg 768w, https:\/\/www.kristinestadshistoria.fi\/wp-content\/uploads\/2024\/11\/Tomtkarta-1918-Mathilda-Sundstrom-1161x1536.jpg 1161w, https:\/\/www.kristinestadshistoria.fi\/wp-content\/uploads\/2024\/11\/Tomtkarta-1918-Mathilda-Sundstrom-1548x2048.jpg 1548w\" sizes=\"auto, (max-width: 1633px) 100vw, 1633px\" \/><figcaption id=\"caption-attachment-29294\" class=\"wp-caption-text\">D\u00e5 Mathilda Sundstr\u00f6m \u00e5r 1918 tecknade en ny brandf\u00f6rs\u00e4kring p\u00e5 de tre byggnaderna, s\u00e5 bifogade hon denna tomtkarta, som visade var byggnaderna var placerade. I tr\u00e4dg\u00e5rden hade hon en paviljong, som var byggd av br\u00e4der och den l\u00e4mnades of\u00f6rs\u00e4krad.<\/figcaption><\/figure>\n<p>&nbsp;<\/p>\n","protected":false},"excerpt":{"rendered":"<p>Sammanst\u00e4llt av Lasse Backlund. Uppgifterna \u00e4r tagna ur gamla f\u00f6rs\u00e4kringsbrev, som finns p\u00e5 Riksarkivet. Brandf\u00f6rs\u00e4kringen 1848. \u00c5r 1832 bildades \u201dAllm\u00e4nna Brandstodsbolaget i Finland\u201d i Helsingfors och \u00e5r 1848, i december anh\u00f6ll handlande Carl Magnus Ridderstad att hans byggnader p\u00e5 tomt <a class=\"more-link\" href=\"https:\/\/www.kristinestadshistoria.fi\/?page_id=26144\">Forts\u00e4tt l\u00e4sa <span class=\"screen-reader-text\">  De f\u00f6rs\u00e4krade byggnaderna p\u00e5 tomt 89<\/span><span class=\"meta-nav\">&rarr;<\/span><\/a><\/p>\n","protected":false},"author":1,"featured_media":0,"parent":20229,"menu_order":10,"comment_status":"closed","ping_status":"closed","template":"","meta":{"footnotes":""},"class_list":["post-26144","page","type-page","status-publish","hentry"],"_links":{"self":[{"href":"https:\/\/www.kristinestadshistoria.fi\/index.php?rest_route=\/wp\/v2\/pages\/26144","targetHints":{"allow":["GET"]}}],"collection":[{"href":"https:\/\/www.kristinestadshistoria.fi\/index.php?rest_route=\/wp\/v2\/pages"}],"about":[{"href":"https:\/\/www.kristinestadshistoria.fi\/index.php?rest_route=\/wp\/v2\/types\/page"}],"author":[{"embeddable":true,"href":"https:\/\/www.kristinestadshistoria.fi\/index.php?rest_route=\/wp\/v2\/users\/1"}],"replies":[{"embeddable":true,"href":"https:\/\/www.kristinestadshistoria.fi\/index.php?rest_route=%2Fwp%2Fv2%2Fcomments&post=26144"}],"version-history":[{"count":7,"href":"https:\/\/www.kristinestadshistoria.fi\/index.php?rest_route=\/wp\/v2\/pages\/26144\/revisions"}],"predecessor-version":[{"id":29295,"href":"https:\/\/www.kristinestadshistoria.fi\/index.php?rest_route=\/wp\/v2\/pages\/26144\/revisions\/29295"}],"up":[{"embeddable":true,"href":"https:\/\/www.kristinestadshistoria.fi\/index.php?rest_route=\/wp\/v2\/pages\/20229"}],"wp:attachment":[{"href":"https:\/\/www.kristinestadshistoria.fi\/index.php?rest_route=%2Fwp%2Fv2%2Fmedia&parent=26144"}],"curies":[{"name":"wp","href":"https:\/\/api.w.org\/{rel}","templated":true}]}}