{"id":26122,"date":"2023-05-08T22:39:58","date_gmt":"2023-05-08T19:39:58","guid":{"rendered":"https:\/\/www.kristinestadshistoria.fi\/?page_id=26122"},"modified":"2024-07-12T00:00:38","modified_gmt":"2024-07-11T21:00:38","slug":"brandforsakring-pa-garden-pa-tomt-nr-27-vaster","status":"publish","type":"page","link":"https:\/\/www.kristinestadshistoria.fi\/?page_id=26122","title":{"rendered":"Brandf\u00f6rs\u00e4kring p\u00e5 g\u00e5rden p\u00e5 tomt nr 27, v\u00e4ster"},"content":{"rendered":"<p><span style=\"color: #000080;\"><strong>Sammanst\u00e4llt av Lasse Backlund. Uppgifterna \u00e4r tagna ur gamla f\u00f6rs\u00e4kringsbrev, som finns p\u00e5 Riksarkivet.<\/strong><\/span><\/p>\n<p>Den 19 september 1878 f\u00f6rv\u00e4rvade skr\u00e4ddaren Hjertstr\u00f6m den h\u00e4r g\u00e5rden och han tecknade d\u00e5 en brandf\u00f6rs\u00e4kring, men detta f\u00f6rs\u00e4kringsbrev \u00e4r inte tillg\u00e4ngligt.<\/p>\n<p>Den 28 juli 1902 tecknade Hjertstr\u00f6m en ny brandf\u00f6rs\u00e4kring, eftersom han hade gjort flera f\u00f6rb\u00e4ttringar p\u00e5 byggnaderna och v\u00e4rdet d\u00e5 blivit h\u00f6gre. Hjertstr\u00f6m uppgav att tomten d\u00e5 var 628 m\u00b2 stor och b\u00e5de norra och s\u00f6dra sidan var 34 l\u00e5nga. Alla brandredskap som beh\u00f6vdes f\u00f6r att kunna teckna en brandf\u00f6rs\u00e4kring fanns i g\u00e5rden, n\u00e4mligen tre brandstegar, tv\u00e5 brandhakar och 2 brand\u00e4mbare. Han uppgav ocks\u00e5 att det inte fanns n\u00e5gra eldfarliga inr\u00e4ttningar p\u00e5 hans tomt och inte p\u00e5 granntomterna heller.<\/p>\n<p>Brandstodsbolagets lokala agent, kapten Wilhelm Hagen skrev i sin rapport att ingen byggnad p\u00e5 tomten uppfyllde villkoren i den nya byggnadsordningen. Enligt den fick inga byggnader vara sammanbyggda och i detta fall var boningshuset hopbyggt med uthuset. Byggnad nr 2 var byggd mer \u00e4n 4 meter \u00f6ver tomtgr\u00e4nsen i \u00f6ster och samma g\u00e4llde f\u00f6r den of\u00f6rs\u00e4krade lilla byggnaden nr 4.<\/p>\n<figure id=\"attachment_26124\" aria-describedby=\"caption-attachment-26124\" style=\"width: 705px\" class=\"wp-caption alignnone\"><img loading=\"lazy\" decoding=\"async\" class=\"size-full wp-image-26124\" src=\"https:\/\/www.kristinestadshistoria.fi\/wp-content\/uploads\/2023\/05\/Tomtkarta-1902-liten.jpg\" alt=\"\" width=\"705\" height=\"515\" srcset=\"https:\/\/www.kristinestadshistoria.fi\/wp-content\/uploads\/2023\/05\/Tomtkarta-1902-liten.jpg 705w, https:\/\/www.kristinestadshistoria.fi\/wp-content\/uploads\/2023\/05\/Tomtkarta-1902-liten-300x219.jpg 300w\" sizes=\"auto, (max-width: 705px) 100vw, 705px\" \/><figcaption id=\"caption-attachment-26124\" class=\"wp-caption-text\">Den bl\u00e5a linjen visar tomtgr\u00e4nserna och det syns att tv\u00e5 byggnader var uppf\u00f6rda helt eller delvis p\u00e5 granntomten. \u00c5r 1902 d\u00e5 denna planteckning gjordes var huvudbyggnaden endast 6 m l\u00e5ng.<\/figcaption><\/figure>\n<p>P\u00e5 tomten fanns det fyra byggnader men endast 3 skulle brandf\u00f6rs\u00e4kras:<\/p>\n<h5><strong>Byggnad nr 1:<\/strong><\/h5>\n<p>Ett boningshus av timmer i gott skick, uppf\u00f6rt \u00e5r 1824, br\u00e4dfodrat och m\u00e5lat med oljef\u00e4rg och takat var av asfaltfilt. L\u00e4ngs gatan var huset 6,83 m l\u00e5ngt, 5,34 m brett och h\u00f6jden fr\u00e5n marken till takkammen var 5,94 m. Det var byggt i tv\u00e5 v\u00e5ningar och i b\u00e5da v\u00e5ningarna fanns det 2 rum, med totalt 4 kakelugnar. P\u00e5 g\u00e5rdssidan fanns det en veranda, som var byggd av korsvirke och br\u00e4der.<\/p>\n<p>Hela byggnaden f\u00f6rs\u00e4krades f\u00f6r 3\u00a0500 mark.<\/p>\n<h5><strong>Byggnad nr 2:<\/strong><\/h5>\n<p>En bagarstugubyggnad av timmer i f\u00f6rsvarligt skick, byggd \u00e5r 1830, br\u00e4dfodrad och m\u00e5lad med kompositionsf\u00e4rg och taket var gjort av asfaltfilt. Byggnaden var 7,43 m l\u00e5ng, byggd i en v\u00e5ning och d\u00e4r fanns tv\u00e5 boningsrum. I dessa rum fanns det en kakelugn och en k\u00f6ksspis med en bakugn.<\/p>\n<p>Bagarstugan f\u00f6rs\u00e4krades f\u00f6r 1\u00a0000 mark.<\/p>\n<h5><strong>Byggnad nr 3:<\/strong><\/h5>\n<p>En uthusbyggnad i f\u00f6rening med boningshuset, byggt av stock och i f\u00f6rsvarligt skick. Uppf\u00f6rt \u00e5r 1834, br\u00e4dfodrat och m\u00e5lat med kompositionsf\u00e4rg och taket gjort av asfaltfilt. Uthuset var 28,61 m l\u00e5ngt och 3,56 m brett och fr\u00e5n marken till takkammen var det 3,56 m. I uthuset fanns ett boningsrum med en k\u00f6ksspis, tv\u00e5 f\u00f6rr\u00e5dslokaler, vedlider, foderlada, stall, f\u00e4hus och latrin med spillningskast.<\/p>\n<p>Uthuset f\u00f6rs\u00e4krades f\u00f6r 1\u00a0200 mark.<\/p>\n<p>Byggnad nr 4 var ett litet uthus byggt av korsvirke och br\u00e4der och det l\u00e4mnades utan f\u00f6rs\u00e4kring.<\/p>\n<p>F\u00f6rutom de tre byggnaderna s\u00e5 f\u00f6rs\u00e4krades ocks\u00e5 den m\u00e5lade ink\u00f6rsporten f\u00f6r 150 mark. Den var byggd av stock och br\u00e4der och in f\u00f6rs\u00e4kringen ingick l\u00e4s, reglar och g\u00e5ngj\u00e4rn.<\/p>\n<p>Ett m\u00e5lat plank som var byggt av stock och br\u00e4der f\u00f6rs\u00e4krades f\u00f6r 70 mark. Det var 10 m l\u00e5ngt och 2,20 m h\u00f6gt.<\/p>\n<p>Det totala f\u00f6rs\u00e4kringsbeloppet uppgick allts\u00e5 till 5\u00a0920 mark och den \u00e5rliga intr\u00e4desavgiften ber\u00e4knades till 67,16 mark. Intr\u00e4desavgiften eller premien h\u00f6jdes fr\u00e5n det normala f\u00f6r samtliga byggnader. Boningshuset +20 % eftersom det var byggt i tv\u00e5 v\u00e5ningar och ytterligare 30 % f\u00f6r att det var hopbyggt med uthuset. Uthuset nummer tre +30 % eftersom det var hopbyggt med boningshuset. Bagarstugan nummer tv\u00e5 +30 % eftersom det stod f\u00f6r n\u00e4ra uthuset nr 4.<\/p>\n<figure id=\"attachment_26125\" aria-describedby=\"caption-attachment-26125\" style=\"width: 487px\" class=\"wp-caption alignnone\"><img loading=\"lazy\" decoding=\"async\" class=\"size-full wp-image-26125\" src=\"https:\/\/www.kristinestadshistoria.fi\/wp-content\/uploads\/2023\/05\/Tomtkarta-1902-stor.jpg\" alt=\"\" width=\"487\" height=\"821\" srcset=\"https:\/\/www.kristinestadshistoria.fi\/wp-content\/uploads\/2023\/05\/Tomtkarta-1902-stor.jpg 487w, https:\/\/www.kristinestadshistoria.fi\/wp-content\/uploads\/2023\/05\/Tomtkarta-1902-stor-178x300.jpg 178w\" sizes=\"auto, (max-width: 487px) 100vw, 487px\" \/><figcaption id=\"caption-attachment-26125\" class=\"wp-caption-text\">S\u00e5 h\u00e4r s\u00e5g den planteckning ut, som skr\u00e4ddare Hjertstr\u00f6m l\u00e4t rita upp \u00e5r 1902 d\u00e5 han tecknade en ny brandf\u00f6rs\u00e4kring. Inf\u00e4llt i \u00f6vre kanten hans namnteckning p\u00e5 f\u00f6rs\u00e4kringsbrevet.<\/figcaption><\/figure>\n<h3><strong>Brandf\u00f6rs\u00e4kringen 1912<\/strong><\/h3>\n<figure id=\"attachment_28705\" aria-describedby=\"caption-attachment-28705\" style=\"width: 521px\" class=\"wp-caption alignnone\"><img loading=\"lazy\" decoding=\"async\" class=\"size-full wp-image-28705\" src=\"https:\/\/www.kristinestadshistoria.fi\/wp-content\/uploads\/2024\/07\/1912-planteckning.jpg\" alt=\"\" width=\"521\" height=\"675\" srcset=\"https:\/\/www.kristinestadshistoria.fi\/wp-content\/uploads\/2024\/07\/1912-planteckning.jpg 521w, https:\/\/www.kristinestadshistoria.fi\/wp-content\/uploads\/2024\/07\/1912-planteckning-232x300.jpg 232w\" sizes=\"auto, (max-width: 521px) 100vw, 521px\" \/><figcaption id=\"caption-attachment-28705\" class=\"wp-caption-text\">\u00c5r 1911 byggdes g\u00e5rden till i den norra \u00e4ndan med mer \u00e4n 5 meter, s\u00e5 att den nu blev 12 meter l\u00e5ng. Det totalt f\u00f6rs\u00e4kringsbeloppet steg d\u00e5 fr\u00e5n 5 920 mark till 10 070.<\/figcaption><\/figure>\n","protected":false},"excerpt":{"rendered":"<p>Sammanst\u00e4llt av Lasse Backlund. Uppgifterna \u00e4r tagna ur gamla f\u00f6rs\u00e4kringsbrev, som finns p\u00e5 Riksarkivet. Den 19 september 1878 f\u00f6rv\u00e4rvade skr\u00e4ddaren Hjertstr\u00f6m den h\u00e4r g\u00e5rden och han tecknade d\u00e5 en brandf\u00f6rs\u00e4kring, men detta f\u00f6rs\u00e4kringsbrev \u00e4r inte tillg\u00e4ngligt. Den 28 juli 1902 <a class=\"more-link\" href=\"https:\/\/www.kristinestadshistoria.fi\/?page_id=26122\">Forts\u00e4tt l\u00e4sa <span class=\"screen-reader-text\">  Brandf\u00f6rs\u00e4kring p\u00e5 g\u00e5rden p\u00e5 tomt nr 27, v\u00e4ster<\/span><span class=\"meta-nav\">&rarr;<\/span><\/a><\/p>\n","protected":false},"author":1,"featured_media":0,"parent":18747,"menu_order":10,"comment_status":"closed","ping_status":"closed","template":"","meta":{"footnotes":""},"class_list":["post-26122","page","type-page","status-publish","hentry"],"_links":{"self":[{"href":"https:\/\/www.kristinestadshistoria.fi\/index.php?rest_route=\/wp\/v2\/pages\/26122","targetHints":{"allow":["GET"]}}],"collection":[{"href":"https:\/\/www.kristinestadshistoria.fi\/index.php?rest_route=\/wp\/v2\/pages"}],"about":[{"href":"https:\/\/www.kristinestadshistoria.fi\/index.php?rest_route=\/wp\/v2\/types\/page"}],"author":[{"embeddable":true,"href":"https:\/\/www.kristinestadshistoria.fi\/index.php?rest_route=\/wp\/v2\/users\/1"}],"replies":[{"embeddable":true,"href":"https:\/\/www.kristinestadshistoria.fi\/index.php?rest_route=%2Fwp%2Fv2%2Fcomments&post=26122"}],"version-history":[{"count":4,"href":"https:\/\/www.kristinestadshistoria.fi\/index.php?rest_route=\/wp\/v2\/pages\/26122\/revisions"}],"predecessor-version":[{"id":28706,"href":"https:\/\/www.kristinestadshistoria.fi\/index.php?rest_route=\/wp\/v2\/pages\/26122\/revisions\/28706"}],"up":[{"embeddable":true,"href":"https:\/\/www.kristinestadshistoria.fi\/index.php?rest_route=\/wp\/v2\/pages\/18747"}],"wp:attachment":[{"href":"https:\/\/www.kristinestadshistoria.fi\/index.php?rest_route=%2Fwp%2Fv2%2Fmedia&parent=26122"}],"curies":[{"name":"wp","href":"https:\/\/api.w.org\/{rel}","templated":true}]}}