{"id":26026,"date":"2023-04-20T18:39:58","date_gmt":"2023-04-20T15:39:58","guid":{"rendered":"https:\/\/www.kristinestadshistoria.fi\/?page_id=26026"},"modified":"2025-03-18T18:21:50","modified_gmt":"2025-03-18T16:21:50","slug":"de-forsakrade-byggnaderna-pa-tomt-139","status":"publish","type":"page","link":"https:\/\/www.kristinestadshistoria.fi\/?page_id=26026","title":{"rendered":"De f\u00f6rs\u00e4krade byggnaderna p\u00e5 tomt 139"},"content":{"rendered":"<p><span style=\"color: #000080;\"><strong>Sammanst\u00e4llt av Lasse Backlund. Uppgifterna \u00e4r tagna ur gamla f\u00f6rs\u00e4kringsbrev, som finns p\u00e5 Riksarkivet.<\/strong><\/span><\/p>\n<h2><strong>Brandf\u00f6rs\u00e4kringen \u00e5r 1900.<\/strong><\/h2>\n<p>\u00c5r 1832 bildades \u201dAllm\u00e4nna Brandstodsbolaget i Finland\u201d i Helsingfors men det var f\u00f6rst i oktober 1900 som byggnaderna p\u00e5 \u00d6stra L\u00e5nggatan 38 fick sin f\u00f6rsta brandf\u00f6rs\u00e4kring. Halva g\u00e5rden \u00e4gdes d\u00e5 av fiskare\u00e4nkan Maria \u00c5kerberg och den andra halvan av fiskaredottern Henrika \u00c5kerberg. \u00a0Dessa anm\u00e4lde den 29 oktober att byggnaderna skulle f\u00f6rs\u00e4kras och f\u00f6rs\u00e4kringsans\u00f6kan skulle g\u00f6ras till St\u00e4dernas Allm\u00e4nna Brandstodsbolag i Helsingfors.<\/p>\n<p>Damerna \u00c5kerberg uppgav att tomten var 542 m\u00b2 stor och att p\u00e5 den fanns det en brunn med rikligt vatten, som kunde anv\u00e4ndas vid en eventuell brand. De uppgav ocks\u00e5 att p\u00e5 tomten fanns det tillr\u00e4ckligt med brandredskap, n\u00e4mligen 2 brandstegar, 3 brandhakar och 2 brand\u00e4mbare och de var alla m\u00e4rkta med tomtens nummer. N\u00e5gra eldfarliga inr\u00e4ttningar fanns inte p\u00e5 tomten och inte i grannskapet heller och p\u00e5 tomten fanns det inte n\u00e5gra skyddande, lummiga l\u00f6vtr\u00e4d.<\/p>\n<figure id=\"attachment_26028\" aria-describedby=\"caption-attachment-26028\" style=\"width: 409px\" class=\"wp-caption alignnone\"><img loading=\"lazy\" decoding=\"async\" class=\"size-full wp-image-26028\" src=\"https:\/\/www.kristinestadshistoria.fi\/wp-content\/uploads\/2023\/04\/Tomtkarta-1900.jpg\" alt=\"\" width=\"409\" height=\"417\" srcset=\"https:\/\/www.kristinestadshistoria.fi\/wp-content\/uploads\/2023\/04\/Tomtkarta-1900.jpg 409w, https:\/\/www.kristinestadshistoria.fi\/wp-content\/uploads\/2023\/04\/Tomtkarta-1900-294x300.jpg 294w\" sizes=\"auto, (max-width: 409px) 100vw, 409px\" \/><figcaption id=\"caption-attachment-26028\" class=\"wp-caption-text\">\u00c4nkan Maria \u00c5kerberg \u00e4gde h\u00e4lften av tomten nr 139 och fiskaredottern Henrika \u00c5kerberg \u00e4gde den andra halvan och det var f\u00f6rst i oktober 1900 som de tecknade en brandf\u00f6rs\u00e4kring p\u00e5 alla de byggnader som fanns p\u00e5 tomten. S\u00e5 h\u00e4r var byggnaderna placerade enligt f\u00f6rs\u00e4kringsbrevet.<\/figcaption><\/figure>\n<p>Det fanns sju byggnader p\u00e5 tomten \u00e5r 1900 och samtliga skulle f\u00f6rs\u00e4kras mot brandskada:<\/p>\n<h5><strong>Huvudbyggnaden nr 1:<\/strong><\/h5>\n<p>En tr\u00e4byggnad uppf\u00f6rd i en v\u00e5ning av nytt timmer \u00e5r 1811, br\u00e4dfodrad och m\u00e5lad med kompositionsf\u00e4rg och hade ett tak av asfaltfilt. Huset var 26,07 m l\u00e5ng och 5,20 brett och d\u00e4r fanns totalt 8 rum och i dessa fanns det 5 kakelugnar och 2 k\u00f6ksspisar. P\u00e5 g\u00e5rdssidan fanns det tv\u00e5 verandor byggda av korsvirke och br\u00e4der.<\/p>\n<p>Huvudbyggnaden f\u00f6rs\u00e4krades f\u00f6r 4\u00a0000 mark.<\/p>\n<h5><strong>Byggnad nr 2:<\/strong><\/h5>\n<p>En uthusbyggnad av stock i f\u00f6rsvarligt skick, uppf\u00f6rd \u00e5r 1828, inte br\u00e4dfodrad men nog m\u00e5lad med kompositionsf\u00e4rg och hade ett tak av br\u00e4der. Uthuset var 6,6 m l\u00e5ngt och 4,3 m brett och d\u00e4r fanns en foderlada och ett vedlider.<\/p>\n<p>Uthuset f\u00f6rs\u00e4krades f\u00f6r 200 mark.<\/p>\n<h5><strong>Byggnad nr 3:<\/strong><\/h5>\n<p>Ett utedass byggt av korsvirke och br\u00e4der \u00e5r 1853, m\u00e5lat med kompositionsf\u00e4rg och hade ett br\u00e4dtak. Utedasset eller avtr\u00e4det var 1,7 m l\u00e5ngt och 1,8 m l\u00e5ngt.<\/p>\n<p>Utedasset f\u00f6rs\u00e4krades f\u00f6r 20 mark.<\/p>\n<h5><strong>Byggnad nr 4:<\/strong><\/h5>\n<p>En f\u00e4husbyggnad av stock i f\u00f6rsvarligt skick, byggt \u00e5r 1828, inte br\u00e4dfodrat men m\u00e5lat med kompositionsf\u00e4rg och hade br\u00e4dtak. Uthuset var 4,8 m l\u00e5ngt och 3,7 m brett.<\/p>\n<p>F\u00e4huset f\u00f6rs\u00e4krades f\u00f6r 200 mark.<\/p>\n<h5><strong>Byggnad nr 5:<\/strong><\/h5>\n<p>En f\u00f6rr\u00e5dsbod, uppf\u00f6rd av stock \u00e5r 1819 och var i f\u00f6rsvarligt skick, br\u00e4dfodrad och m\u00e5lad. Den var 4 m l\u00e5ng och 3,55 m bred.<\/p>\n<p>Denna bod f\u00f6rs\u00e4krades f\u00f6r 100 mark.<\/p>\n<h5><strong>Byggnad nr 6:<\/strong><\/h5>\n<p>En matf\u00f6rr\u00e5dsbod, uppf\u00f6rd \u00e5r 1819, av stock i f\u00f6rsvarligt skick, inte br\u00e4dfodrad men m\u00e5lad med kompositionsf\u00e4rg och hade ett tak av asfaltfilt. Den var 3 m l\u00e5ng och lika bred.<\/p>\n<p>Denna bod f\u00f6rs\u00e4krades f\u00f6r 150 mark.<\/p>\n<h5><strong>Byggnad nr 7: <\/strong><\/h5>\n<p>Ett vedlider uppf\u00f6rt av stock \u00e5r 1828, br\u00e4dfodrat och m\u00e5lat med kompositionsf\u00e4rg och hade ett tak av asfaltfilt. vedlidret var 5,22 m l\u00e5ngt och 5,1 m brett.<\/p>\n<p>Vedlidret f\u00f6rs\u00e4krades f\u00f6r 300 mark.<\/p>\n<p>F\u00f6rutom dessa 7 byggnader s\u00e5 f\u00f6rs\u00e4krades den m\u00e5lade ink\u00f6rsporten f\u00f6r 50 mark. Ett plank, som var 10 m l\u00e5ngt och 1,90 h\u00f6gt f\u00f6rs\u00e4krades f\u00f6r 50 mark.<\/p>\n<p>Hela f\u00f6rs\u00e4kringsbeloppet uppgick till 5\u00a0070 mark och den \u00e5rliga intr\u00e4desavgiften eller premien ber\u00e4knades till 42,23 mark. De flesta byggnader p\u00e5f\u00f6rdes en extra h\u00f6g premie, eftersom de l\u00e5g s\u00e5 n\u00e4ra n\u00e5gon annan byggnad.<\/p>\n<figure id=\"attachment_26030\" aria-describedby=\"caption-attachment-26030\" style=\"width: 1016px\" class=\"wp-caption alignnone\"><img loading=\"lazy\" decoding=\"async\" class=\"size-full wp-image-26030\" src=\"https:\/\/www.kristinestadshistoria.fi\/wp-content\/uploads\/2023\/04\/Tomtkarta-1900-namn.jpg\" alt=\"\" width=\"1016\" height=\"528\" srcset=\"https:\/\/www.kristinestadshistoria.fi\/wp-content\/uploads\/2023\/04\/Tomtkarta-1900-namn.jpg 1016w, https:\/\/www.kristinestadshistoria.fi\/wp-content\/uploads\/2023\/04\/Tomtkarta-1900-namn-300x156.jpg 300w, https:\/\/www.kristinestadshistoria.fi\/wp-content\/uploads\/2023\/04\/Tomtkarta-1900-namn-768x399.jpg 768w\" sizes=\"auto, (max-width: 1016px) 100vw, 1016px\" \/><figcaption id=\"caption-attachment-26030\" class=\"wp-caption-text\">F\u00f6rs\u00e4kringsbrevet \u00e5r 1900 undertecknades av fiskare\u00e4nkan Maria \u00c5kerberg (f.1829). Hennes sv\u00e4rfar var Johan \u00c5kerberg (1797-1876) och denne hade en bror, som hette Anders (1800-1861). Anders i sin tur hade en dotter Henrika, eller Hendrika som hon sj\u00e4lv skrev, som andra undertecknare av f\u00f6rs\u00e4kringsbrevet. F\u00f6re f\u00f6rs\u00e4kringen tr\u00e4dde i kraft skulle byggnaderna och brandredskapen granskas och denna granskning gjordes av stadens stora aff\u00e4rsm\u00e4n, n\u00e4mligen Johan Wilhelm Olin och Konrad Sundman.<\/figcaption><\/figure>\n<h2><strong>Brandf\u00f6rs\u00e4kringen \u00e5r 1919.<\/strong><\/h2>\n<figure id=\"attachment_29588\" aria-describedby=\"caption-attachment-29588\" style=\"width: 1053px\" class=\"wp-caption alignnone\"><img loading=\"lazy\" decoding=\"async\" class=\"size-full wp-image-29588\" src=\"https:\/\/www.kristinestadshistoria.fi\/wp-content\/uploads\/2025\/03\/Tomtkarta-1919.jpg\" alt=\"\" width=\"1053\" height=\"1329\" srcset=\"https:\/\/www.kristinestadshistoria.fi\/wp-content\/uploads\/2025\/03\/Tomtkarta-1919.jpg 1053w, https:\/\/www.kristinestadshistoria.fi\/wp-content\/uploads\/2025\/03\/Tomtkarta-1919-238x300.jpg 238w, https:\/\/www.kristinestadshistoria.fi\/wp-content\/uploads\/2025\/03\/Tomtkarta-1919-811x1024.jpg 811w, https:\/\/www.kristinestadshistoria.fi\/wp-content\/uploads\/2025\/03\/Tomtkarta-1919-768x969.jpg 768w\" sizes=\"auto, (max-width: 1053px) 100vw, 1053px\" \/><figcaption id=\"caption-attachment-29588\" class=\"wp-caption-text\">\u00c5r 1919, den 18 november tecknade g\u00e5rds\u00e4garna, l\u00e4rarinnan Ida \u00c5kerberg och sj\u00f6mansdottern Johanna Asp en ny brandf\u00f6rs\u00e4kring p\u00e5 alla byggnader, eftersom v\u00e4rdet p\u00e5 grund av den h\u00f6ga inflationen hade f\u00f6rs\u00e4mrats rej\u00e4lt. Till f\u00f6rs\u00e4kringsbrevet fogade denna tomtkarta, som visar hur byggnaderna var placerade. F\u00f6rr\u00e5dsboden nr 5 hade rivits och dess f\u00f6rs\u00e4kring var uppsagd.<\/figcaption><\/figure>\n<p>De sex byggnader som fanns kvar p\u00e5 tomten var i samma skick som d\u00e5 den f\u00f6rsta f\u00f6rs\u00e4kringen tecknades \u00e5r 1900. D\u00e5 fanns det sju byggnader och det totala f\u00f6rs\u00e4kringsv\u00e4rdet uppgick till 5 070 mark. Nu, 19 \u00e5r senare f\u00f6rs\u00e4krades de sex byggnaderna, med port och plank f\u00f6r 20 200 mark och den \u00e5rliga premien uppgick till\u00a0 163 mark.<\/p>\n","protected":false},"excerpt":{"rendered":"<p>Sammanst\u00e4llt av Lasse Backlund. Uppgifterna \u00e4r tagna ur gamla f\u00f6rs\u00e4kringsbrev, som finns p\u00e5 Riksarkivet. Brandf\u00f6rs\u00e4kringen \u00e5r 1900. \u00c5r 1832 bildades \u201dAllm\u00e4nna Brandstodsbolaget i Finland\u201d i Helsingfors men det var f\u00f6rst i oktober 1900 som byggnaderna p\u00e5 \u00d6stra L\u00e5nggatan 38 fick <a class=\"more-link\" href=\"https:\/\/www.kristinestadshistoria.fi\/?page_id=26026\">Forts\u00e4tt l\u00e4sa <span class=\"screen-reader-text\">  De f\u00f6rs\u00e4krade byggnaderna p\u00e5 tomt 139<\/span><span class=\"meta-nav\">&rarr;<\/span><\/a><\/p>\n","protected":false},"author":1,"featured_media":0,"parent":23989,"menu_order":10,"comment_status":"closed","ping_status":"closed","template":"","meta":{"footnotes":""},"class_list":["post-26026","page","type-page","status-publish","hentry"],"_links":{"self":[{"href":"https:\/\/www.kristinestadshistoria.fi\/index.php?rest_route=\/wp\/v2\/pages\/26026","targetHints":{"allow":["GET"]}}],"collection":[{"href":"https:\/\/www.kristinestadshistoria.fi\/index.php?rest_route=\/wp\/v2\/pages"}],"about":[{"href":"https:\/\/www.kristinestadshistoria.fi\/index.php?rest_route=\/wp\/v2\/types\/page"}],"author":[{"embeddable":true,"href":"https:\/\/www.kristinestadshistoria.fi\/index.php?rest_route=\/wp\/v2\/users\/1"}],"replies":[{"embeddable":true,"href":"https:\/\/www.kristinestadshistoria.fi\/index.php?rest_route=%2Fwp%2Fv2%2Fcomments&post=26026"}],"version-history":[{"count":5,"href":"https:\/\/www.kristinestadshistoria.fi\/index.php?rest_route=\/wp\/v2\/pages\/26026\/revisions"}],"predecessor-version":[{"id":29590,"href":"https:\/\/www.kristinestadshistoria.fi\/index.php?rest_route=\/wp\/v2\/pages\/26026\/revisions\/29590"}],"up":[{"embeddable":true,"href":"https:\/\/www.kristinestadshistoria.fi\/index.php?rest_route=\/wp\/v2\/pages\/23989"}],"wp:attachment":[{"href":"https:\/\/www.kristinestadshistoria.fi\/index.php?rest_route=%2Fwp%2Fv2%2Fmedia&parent=26026"}],"curies":[{"name":"wp","href":"https:\/\/api.w.org\/{rel}","templated":true}]}}