{"id":26007,"date":"2023-04-19T08:38:04","date_gmt":"2023-04-19T05:38:04","guid":{"rendered":"https:\/\/www.kristinestadshistoria.fi\/?page_id=26007"},"modified":"2023-04-19T21:08:44","modified_gmt":"2023-04-19T18:08:44","slug":"den-forsakrade-garden-pa-tomt-nr-198-i-forsta-kvarteret","status":"publish","type":"page","link":"https:\/\/www.kristinestadshistoria.fi\/?page_id=26007","title":{"rendered":"Den f\u00f6rs\u00e4krade g\u00e5rden p\u00e5 tomt nr 198 i f\u00f6rsta kvarteret"},"content":{"rendered":"<p><span style=\"color: #000080;\"><strong>Sammanst\u00e4llt av Lasse Backlund. Uppgifterna \u00e4r tagna ur gamla f\u00f6rs\u00e4kringsbrev, som finns p\u00e5 Riksarkivet.<\/strong><\/span><\/p>\n<h2><strong>Brandf\u00f6rs\u00e4kringen \u00e5r 1860.<\/strong><\/h2>\n<p>\u00c5r 1832 bildades \u201dAllm\u00e4nna Brandstodsbolaget i Finland\u201d i Helsingfors och \u00e5r 1860, i juni anh\u00f6ll timmermannen Johan V\u00e4nni att byggnaderna p\u00e5 hans tomt nr 198 i det f\u00f6rsta kvarteret skulle brandf\u00f6rs\u00e4kras. F\u00f6rs\u00e4kringsans\u00f6kan skulle g\u00f6ras till bolaget i Helsingfors och han uppgav d\u00e5 att p\u00e5 hans tomt fanns alla n\u00f6dv\u00e4ndiga brandredskap, n\u00e4mligen tv\u00e5 handsprutor, tv\u00e5 vatten\u00e4mbare, tv\u00e5 brandstegar, tv\u00e5 brandhakar och tv\u00e5 svablar. De h\u00e4r var alla med oljef\u00e4rg m\u00e4rkta med tomtens nummer. P\u00e5 tomten fanns en brunn med rikligt vatten, som kunde anv\u00e4ndas vid en eventuell brand.<\/p>\n<p>V\u00e4nni uppgav att tomten, som ligger i det nya kvarteret var 2 962 kvadratalnar (1\u00a0044 m\u00b2) i areal vidd. I norra \u00e4ndan var tomten 59 \u00bd aln l\u00e5ng och gr\u00e4nsade till Sundstr\u00f6mska gr\u00e4nden, i \u00f6ster var sidan 50 alnar och den gr\u00e4nsade till V\u00e4stra L\u00e5nggatan. Den v\u00e4stra sidan var 50 alnar l\u00e5ng och den gr\u00e4nsade till den obebyggda tomten. I s\u00f6der gr\u00e4nsade tomten till tomt nr 199.<\/p>\n<figure id=\"attachment_25529\" aria-describedby=\"caption-attachment-25529\" style=\"width: 704px\" class=\"wp-caption alignnone\"><img loading=\"lazy\" decoding=\"async\" class=\"size-full wp-image-25529\" src=\"https:\/\/www.kristinestadshistoria.fi\/wp-content\/uploads\/2023\/03\/Tomtkarta-1.jpg\" alt=\"\" width=\"704\" height=\"568\" srcset=\"https:\/\/www.kristinestadshistoria.fi\/wp-content\/uploads\/2023\/03\/Tomtkarta-1.jpg 704w, https:\/\/www.kristinestadshistoria.fi\/wp-content\/uploads\/2023\/03\/Tomtkarta-1-300x242.jpg 300w\" sizes=\"auto, (max-width: 704px) 100vw, 704px\" \/><figcaption id=\"caption-attachment-25529\" class=\"wp-caption-text\">\u00c5r 1860 tecknade Johan V\u00e4nni en brandf\u00f6rs\u00e4kring p\u00e5 sina tv\u00e5 byggnader och den h\u00e4r planteckningen bifogades f\u00f6rs\u00e4kringsbrevet. Huvudbyggnaden \u00e4r uppf\u00f6rd 1853 medan uthuset, inneh\u00e5llande matbod, vedlider, f\u00e4hus och foderlada byggdes 1860.<\/figcaption><\/figure>\n<p>P\u00e5 tomten fanns det tv\u00e5 byggnader, som skulle f\u00f6rs\u00e4kras.<\/p>\n<h5><strong>Byggnad nr 1:<\/strong><\/h5>\n<p>Ett boningshus av tr\u00e4 i en v\u00e5ning, uppf\u00f6rt av nytt grantimmer \u00e5r 1853, inte br\u00e4dfodrat ej heller m\u00e5lat. I byggnaden fanns det sex rum, n\u00e4mligen en f\u00f6rstuga, en sal, tre kamrar och ett k\u00f6k och i dessa rum fanns det totalt fyra kakelugnar och en k\u00f6ksspis med bakugn. Husets l\u00e4ngd var 22 \u00bd alnar (en aln \u00e4r ca 60 cm) och det hade ett tak av br\u00e4der och det hade en stenfot som var tv\u00e5 alnar h\u00f6g.<\/p>\n<p>Som brukligt var s\u00e5 f\u00f6rs\u00e4krades alla byggnadsdelar skilt f\u00f6r sig, till exempel stenfoten f\u00f6rs\u00e4krades f\u00f6r 30 rubel. V\u00e4nni ville att stommen skulle f\u00f6rs\u00e4kras f\u00f6r 400 rubel men den lokala brandstodskommitt\u00e9n godk\u00e4nde endast 250. Yttre taket f\u00f6rs\u00e4krades f\u00f6r 70 rubel, bj\u00e4lklagen f\u00f6r 20, golven av granplankor f\u00f6r 60, taken av furubr\u00e4der f\u00f6r 47 och alla trappor f\u00f6r 10 rubel.<\/p>\n<p>I g\u00e5rden fanns det sex panelade, oljem\u00e5lade f\u00f6nster med halvvitt glas i kitt, 2 \u00bd aln h\u00f6ga med dubbla f\u00f6nster och dessa f\u00f6rs\u00e4krades f\u00f6r 30 rubel. Det fanns 8 sm\u00e5 vindsf\u00f6nster, 5 oljem\u00e5lade halvfranska innerd\u00f6rrar och tre skorstenar.<\/p>\n<p>Hela byggnaden f\u00f6rs\u00e4krades f\u00f6r 650 rubel.<\/p>\n<h5><strong>Byggnad nr 2:<\/strong><\/h5>\n<p>En tr\u00e4byggnad i en v\u00e5ning, byggd av timmer i gott skick \u00e5r 1860. D\u00e4r fanns sex rum, n\u00e4mligen en matboda, ett vedlider, ett spillningslider, ett f\u00e4hus med f\u00f6rstuga och en foderlada. Husets l\u00e4ngd var 42 alnar och bredden var 8 alnar och det hade ett tak av br\u00e4der.<\/p>\n<p>Byggnaden f\u00f6rs\u00e4krades f\u00f6r 140 rubel trots att V\u00e4nni ville ha v\u00e4rdet 164. Ink\u00f6rsporten och planket f\u00f6rs\u00e4krades f\u00f6r 10 rubel, vilket betydde att hela f\u00f6rs\u00e4kringsbeloppet uppgick till 800 rubel.<\/p>\n<figure id=\"attachment_26009\" aria-describedby=\"caption-attachment-26009\" style=\"width: 1380px\" class=\"wp-caption alignnone\"><img loading=\"lazy\" decoding=\"async\" class=\"size-full wp-image-26009\" src=\"https:\/\/www.kristinestadshistoria.fi\/wp-content\/uploads\/2023\/04\/Tomtkarta-1860-Granskare.jpg\" alt=\"\" width=\"1380\" height=\"394\" srcset=\"https:\/\/www.kristinestadshistoria.fi\/wp-content\/uploads\/2023\/04\/Tomtkarta-1860-Granskare.jpg 1380w, https:\/\/www.kristinestadshistoria.fi\/wp-content\/uploads\/2023\/04\/Tomtkarta-1860-Granskare-300x86.jpg 300w, https:\/\/www.kristinestadshistoria.fi\/wp-content\/uploads\/2023\/04\/Tomtkarta-1860-Granskare-1024x292.jpg 1024w, https:\/\/www.kristinestadshistoria.fi\/wp-content\/uploads\/2023\/04\/Tomtkarta-1860-Granskare-768x219.jpg 768w\" sizes=\"auto, (max-width: 1380px) 100vw, 1380px\" \/><figcaption id=\"caption-attachment-26009\" class=\"wp-caption-text\">Efter att V\u00e4nni hade inl\u00e4mnat ans\u00f6kan om brandf\u00f6rs\u00e4kring p\u00e5 sin g\u00e5rd, s\u00e5 skulle tv\u00e5 granskare besikta byggnaderna och granska brandredskapen. De h\u00e4r granskarna var inga byggnadsexperter eller byggm\u00e4stare, utan tv\u00e5 av stadens fr\u00e4msta aff\u00e4rsm\u00e4n, n\u00e4mligen E. N. Sundman och Otto Wendelin.<\/figcaption><\/figure>\n<figure id=\"attachment_26010\" aria-describedby=\"caption-attachment-26010\" style=\"width: 628px\" class=\"wp-caption alignnone\"><img loading=\"lazy\" decoding=\"async\" class=\"size-full wp-image-26010\" src=\"https:\/\/www.kristinestadshistoria.fi\/wp-content\/uploads\/2023\/04\/Tomtkarta-1860-stor.jpg\" alt=\"\" width=\"628\" height=\"670\" srcset=\"https:\/\/www.kristinestadshistoria.fi\/wp-content\/uploads\/2023\/04\/Tomtkarta-1860-stor.jpg 628w, https:\/\/www.kristinestadshistoria.fi\/wp-content\/uploads\/2023\/04\/Tomtkarta-1860-stor-281x300.jpg 281w\" sizes=\"auto, (max-width: 628px) 100vw, 628px\" \/><figcaption id=\"caption-attachment-26010\" class=\"wp-caption-text\">S\u00e5 h\u00e4r s\u00e5g den planteckning ut, som timmermannen Johan V\u00e4nni l\u00e4t rita upp, d\u00e5 hans byggnader skulle f\u00f6rs\u00e4kras \u00e5r 1860. Inf\u00e4llt i nedre kanten hans namnteckning p\u00e5 f\u00f6rs\u00e4kringsbrevet.<\/figcaption><\/figure>\n<h2><strong>Brandf\u00f6rs\u00e4kringen \u00e5r 1900.<\/strong><\/h2>\n<p>I februari \u00e5r 1900 \u00f6vertog tullvaktm\u00e4staren och bokbindaren Theodor Andersson den bebyggda tomten och eftersom han hade gjort flera st\u00f6rre reparationer p\u00e5 byggnaden s\u00e5 ville han teckna en helt ny brandf\u00f6rs\u00e4kring.<\/p>\n<p>En s\u00e5dan gjorde han den 5 oktober och han uppgav att tomten \u00e4r lika stor som f\u00f6rra g\u00e5ngen d\u00e5 f\u00f6rs\u00e4kringen tecknades och de n\u00f6dv\u00e4ndiga brandredskapen fanns ocks\u00e5 p\u00e5 tomten.<\/p>\n<figure id=\"attachment_26016\" aria-describedby=\"caption-attachment-26016\" style=\"width: 825px\" class=\"wp-caption alignnone\"><img loading=\"lazy\" decoding=\"async\" class=\"size-full wp-image-26016\" src=\"https:\/\/www.kristinestadshistoria.fi\/wp-content\/uploads\/2023\/04\/Tomtkarta-1900-liten.jpg\" alt=\"\" width=\"825\" height=\"667\" srcset=\"https:\/\/www.kristinestadshistoria.fi\/wp-content\/uploads\/2023\/04\/Tomtkarta-1900-liten.jpg 825w, https:\/\/www.kristinestadshistoria.fi\/wp-content\/uploads\/2023\/04\/Tomtkarta-1900-liten-300x243.jpg 300w, https:\/\/www.kristinestadshistoria.fi\/wp-content\/uploads\/2023\/04\/Tomtkarta-1900-liten-768x621.jpg 768w\" sizes=\"auto, (max-width: 825px) 100vw, 825px\" \/><figcaption id=\"caption-attachment-26016\" class=\"wp-caption-text\">S\u00e5 h\u00e4r var byggnaderna placerade p\u00e5 tomten d\u00e5 bokbindare Andersson skulle brandf\u00f6rs\u00e4kra g\u00e5rden \u00e5r 1900. De gr\u00f6na bollarna p\u00e5 g\u00e5rdsplanen \u00e4r lummiga l\u00f6vtr\u00e4d, som utgjorde ett bra skydd vid en eventuell eldsv\u00e5da.<\/figcaption><\/figure>\n<p>Andersson ville f\u00f6rs\u00e4kra f\u00f6ljande tre byggnader:<\/p>\n<h5><strong>Byggnad nr 1:<\/strong><\/h5>\n<p>Ett boningshus av timmer i gott skick, uppf\u00f6rt \u00e5r 1853, br\u00e4dfodrat och m\u00e5lat med kompositionsf\u00e4rg och det hade ett ta av asfaltfilt. Huset var 13,36 m l\u00e5ngt, byggt i en v\u00e5ning och d\u00e4r fanns det sex rum och i dessa rum fanns det tre kakelugnar och tv\u00e5 k\u00f6ksspisar. P\u00e5 g\u00e5rdssidan fann det en av korsvirke och br\u00e4der byggd veranda.<\/p>\n<p>Den h\u00e4r byggnaden f\u00f6rs\u00e4krades f\u00f6r 5\u00a0000 mark.<\/p>\n<h5><strong>Byggnad nr 2:<\/strong><\/h5>\n<p>En uthusbyggnad av stock i f\u00f6rsvarligt skick, uppf\u00f6rd \u00e5r 1860, inte br\u00e4dfodrad men nog m\u00e5lad och hade ett tak av br\u00e4der. Uthuset var 24,90 m l\u00e5ngt och d\u00e4r fanns en f\u00f6rr\u00e5dsbod, vedlider, latrin med spillningskast, f\u00e4hus med f\u00f6rstuga och en foderlada.<\/p>\n<p>Uthuset f\u00f6rs\u00e4krades f\u00f6r 800 mark.<\/p>\n<h5><strong>Byggnad nr 3:<\/strong><\/h5>\n<p>Ett vedlider uppf\u00f6rt av korsvirke och br\u00e4der \u00e5r 1896 och m\u00e5lat med kompositionsf\u00e4rg. Lidret var 2,8 m l\u00e5ngt och lika brett.<\/p>\n<p>Vedlidret f\u00f6rs\u00e4krades f\u00f6r 100 mark.<\/p>\n<p>F\u00f6rutom dessa tre byggnader s\u00e5 f\u00f6rs\u00e4krade Andersson ocks\u00e5 ink\u00f6rsporten f\u00f6r 50 mark och i f\u00f6rs\u00e4kringen ingick b\u00e5de g\u00e5ngj\u00e4rn och klinka.<\/p>\n<p>Planket mot gatan, som var 55 m l\u00e5ng och 1,90 m h\u00f6g f\u00f6rs\u00e4krades f\u00f6r 150 mark<\/p>\n<p>Hela f\u00f6rs\u00e4kringsbeloppet uppgick till 6\u00a0100 mark och den \u00e5rliga intr\u00e4desavgiften eller premien ber\u00e4knades till 39,73 mk.<\/p>\n<p>Andersson uppgav att det p\u00e5 hans tomt inte fanns n\u00e5gra flera byggnader och inte n\u00e5gra eldfarliga inr\u00e4ttningar heller. N\u00e5gon tr\u00e4dg\u00e5rd fanns inte men nog n\u00e5gra lummiga l\u00f6vtr\u00e4d.<\/p>\n<figure id=\"attachment_26017\" aria-describedby=\"caption-attachment-26017\" style=\"width: 764px\" class=\"wp-caption alignnone\"><img loading=\"lazy\" decoding=\"async\" class=\"size-full wp-image-26017\" src=\"https:\/\/www.kristinestadshistoria.fi\/wp-content\/uploads\/2023\/04\/Tomtkarta-1900-stor.jpg\" alt=\"\" width=\"764\" height=\"859\" srcset=\"https:\/\/www.kristinestadshistoria.fi\/wp-content\/uploads\/2023\/04\/Tomtkarta-1900-stor.jpg 764w, https:\/\/www.kristinestadshistoria.fi\/wp-content\/uploads\/2023\/04\/Tomtkarta-1900-stor-267x300.jpg 267w\" sizes=\"auto, (max-width: 764px) 100vw, 764px\" \/><figcaption id=\"caption-attachment-26017\" class=\"wp-caption-text\">D\u00e5 bokbindaren och tullvaktm\u00e4staren Theodor Andersson \u00e5r 1900 skulle brandf\u00f6rs\u00e4kra sin g\u00e5rd, s\u00e5 l\u00e4t han rita upp denna planteckning, som skulle bifogas f\u00f6rs\u00e4kringsbrevet. Inf\u00e4llt i nedre kanten hans namnteckning och datering.<\/figcaption><\/figure>\n","protected":false},"excerpt":{"rendered":"<p>Sammanst\u00e4llt av Lasse Backlund. Uppgifterna \u00e4r tagna ur gamla f\u00f6rs\u00e4kringsbrev, som finns p\u00e5 Riksarkivet. Brandf\u00f6rs\u00e4kringen \u00e5r 1860. \u00c5r 1832 bildades \u201dAllm\u00e4nna Brandstodsbolaget i Finland\u201d i Helsingfors och \u00e5r 1860, i juni anh\u00f6ll timmermannen Johan V\u00e4nni att byggnaderna p\u00e5 hans tomt <a class=\"more-link\" href=\"https:\/\/www.kristinestadshistoria.fi\/?page_id=26007\">Forts\u00e4tt l\u00e4sa <span class=\"screen-reader-text\">  Den f\u00f6rs\u00e4krade g\u00e5rden p\u00e5 tomt nr 198 i f\u00f6rsta kvarteret<\/span><span class=\"meta-nav\">&rarr;<\/span><\/a><\/p>\n","protected":false},"author":1,"featured_media":0,"parent":23219,"menu_order":10,"comment_status":"closed","ping_status":"closed","template":"","meta":{"footnotes":""},"class_list":["post-26007","page","type-page","status-publish","hentry"],"_links":{"self":[{"href":"https:\/\/www.kristinestadshistoria.fi\/index.php?rest_route=\/wp\/v2\/pages\/26007","targetHints":{"allow":["GET"]}}],"collection":[{"href":"https:\/\/www.kristinestadshistoria.fi\/index.php?rest_route=\/wp\/v2\/pages"}],"about":[{"href":"https:\/\/www.kristinestadshistoria.fi\/index.php?rest_route=\/wp\/v2\/types\/page"}],"author":[{"embeddable":true,"href":"https:\/\/www.kristinestadshistoria.fi\/index.php?rest_route=\/wp\/v2\/users\/1"}],"replies":[{"embeddable":true,"href":"https:\/\/www.kristinestadshistoria.fi\/index.php?rest_route=%2Fwp%2Fv2%2Fcomments&post=26007"}],"version-history":[{"count":5,"href":"https:\/\/www.kristinestadshistoria.fi\/index.php?rest_route=\/wp\/v2\/pages\/26007\/revisions"}],"predecessor-version":[{"id":26018,"href":"https:\/\/www.kristinestadshistoria.fi\/index.php?rest_route=\/wp\/v2\/pages\/26007\/revisions\/26018"}],"up":[{"embeddable":true,"href":"https:\/\/www.kristinestadshistoria.fi\/index.php?rest_route=\/wp\/v2\/pages\/23219"}],"wp:attachment":[{"href":"https:\/\/www.kristinestadshistoria.fi\/index.php?rest_route=%2Fwp%2Fv2%2Fmedia&parent=26007"}],"curies":[{"name":"wp","href":"https:\/\/api.w.org\/{rel}","templated":true}]}}