{"id":25977,"date":"2023-04-16T13:43:11","date_gmt":"2023-04-16T10:43:11","guid":{"rendered":"https:\/\/www.kristinestadshistoria.fi\/?page_id=25977"},"modified":"2024-11-11T21:26:14","modified_gmt":"2024-11-11T19:26:14","slug":"de-forsakrade-gardarna-pa-tomterna-150-o-151","status":"publish","type":"page","link":"https:\/\/www.kristinestadshistoria.fi\/?page_id=25977","title":{"rendered":"De f\u00f6rs\u00e4krade g\u00e5rdarna p\u00e5 tomterna 150 o 151"},"content":{"rendered":"<p><span style=\"color: #000080;\"><strong>Sammanst\u00e4llt av Lasse Backlund. Uppgifterna \u00e4r tagna ur gamla f\u00f6rs\u00e4kringsbrev, som finns p\u00e5 Riksarkivet.<\/strong><\/span><\/p>\n<h2><strong>Brandf\u00f6rs\u00e4kring 1899.<\/strong><\/h2>\n<p>\u00c5r 1899 \u00e4gde fiskaren Johan Henrik Sj\u00f6blom b\u00e5da tomterna 150 och 151 och han ville d\u00e5 ta en ny brandf\u00f6rs\u00e4kring p\u00e5 de fem byggnaderna och den 25 oktober anh\u00f6ll han att hans g\u00e5rdar vid V\u00e4stra L\u00e5nggatan skulle f\u00f6rs\u00e4kras. F\u00f6rs\u00e4kringsans\u00f6kan skulle g\u00f6ras till St\u00e4dernas Allm\u00e4nna Brandstodbolag och Sj\u00f6blom uppgav d\u00e5 att p\u00e5 tomten fanns det 3 brandstegar, 2 brandhakar och 2 brand\u00e4mbare och de h\u00e4r redskapen var med oljef\u00e4rg m\u00e4rkta med tomtens nummer. P\u00e5 tomten fanns det en brunn med rikligt vatten, som kunde anv\u00e4ndas vid en eventuell brand.<\/p>\n<p>Sj\u00f6blom uppgav att tomten var 1309 m\u00b2 stor. Han skrev ocks\u00e5 att det inte finns n\u00e5gra eldfarliga inr\u00e4ttningar p\u00e5 hans tomter och inte p\u00e5 granntomterna heller. Ingen tr\u00e4dg\u00e5rd fanns det och inga skyddande, lummiga l\u00f6vtr\u00e4d och s\u00e5dana fanns heller inte i grannskapet.<\/p>\n<figure id=\"attachment_25979\" aria-describedby=\"caption-attachment-25979\" style=\"width: 591px\" class=\"wp-caption alignnone\"><img loading=\"lazy\" decoding=\"async\" class=\"size-full wp-image-25979\" src=\"https:\/\/www.kristinestadshistoria.fi\/wp-content\/uploads\/2023\/04\/Tomtplan-1899-liten-1.jpg\" alt=\"\" width=\"591\" height=\"790\" srcset=\"https:\/\/www.kristinestadshistoria.fi\/wp-content\/uploads\/2023\/04\/Tomtplan-1899-liten-1.jpg 591w, https:\/\/www.kristinestadshistoria.fi\/wp-content\/uploads\/2023\/04\/Tomtplan-1899-liten-1-224x300.jpg 224w\" sizes=\"auto, (max-width: 591px) 100vw, 591px\" \/><figcaption id=\"caption-attachment-25979\" class=\"wp-caption-text\">S\u00e5 h\u00e4r ser en renritad planteckning av fiskare Sj\u00f6bloms tomter ut.<\/figcaption><\/figure>\n<h5><strong>Byggnad nr 1:<\/strong><\/h5>\n<p>Ett boningshus av timmer i gott skick, uppf\u00f6rt \u00e5r 1830 l\u00e4ngs med V\u00e4stra L\u00e5nggatan. Tillbyggt med en vinkel l\u00e4ngs med R\u00e5dhusgatan, br\u00e4dfodrat och m\u00e5lat med oljef\u00e4rg och hade ett tak av asfaltfilt. Huset var 16 m p\u00e5 den norra sidan och 20,78 m p\u00e5 den v\u00e4stra och bredden varierade mellan 6,9 m och 7,83 m. Byggnaden var i en v\u00e5ning och d\u00e4r fanns 12 boningsrum och i dessa fanns det totalt 8 kakelugnar och 2 k\u00f6ksspisar. P\u00e5 g\u00e5rdssidan fanns det en veranda byggd av korsvirke och br\u00e4der.<\/p>\n<p>Den h\u00e4r byggnaden f\u00f6rs\u00e4krades f\u00f6r 8 000 mark.<\/p>\n<h5><strong>Byggnad nr 2:<\/strong><\/h5>\n<p>Ett boningshus av timmer i gott skick, uppf\u00f6rt \u00e5r 1820, br\u00e4dfodrat och m\u00e5lat med oljef\u00e4rg och taket var gjort av asfaltfilt. Huset var 7 m l\u00e5ngt och 5,34 m brett och d\u00e4r fanns tv\u00e5 rum med en kakelugn och en k\u00f6ksh\u00e4llspis. I den norra \u00e4ndan fanns det en veranda byggd av korsvirke och br\u00e4der.<\/p>\n<p>Byggnaden f\u00f6rs\u00e4krades f\u00f6r 1\u00a0200 mark.<\/p>\n<h5><strong>Byggnad nr 3:<\/strong><\/h5>\n<p>En uthusbyggnad byggd av stock och delvis av korsvirke och br\u00e4der, uppf\u00f6rd under \u00e5ren 1824, 1830 och 1882. Den var inte br\u00e4dfodrad men m\u00e5lad med kompositionsf\u00e4rg och en del av taket var av br\u00e4der och en del med asfaltfilt. I byggnaden fanns det tv\u00e5 magasin, en foderlada, stall, f\u00e4hus, latrin med spillningskast.<\/p>\n<p>Uthuset f\u00f6rs\u00e4krades f\u00f6r 1\u00a0300 mark.<\/p>\n<h5><strong>Byggnad nr 4:<\/strong><\/h5>\n<p>En uthusbyggnad av stock och delvis byggd av korsvirke och br\u00e4der, i gott skick uppf\u00f6rt \u00e5r 1868, br\u00e4dfodrad och m\u00e5lad med kompositionsf\u00e4rg. Huset var 17,2 m l\u00e5ngt och 3,91 m brett och d\u00e4r fanns en h\u00f6lada, f\u00e4hus, latrin med spillningskast.<\/p>\n<p>Uthuset f\u00f6rs\u00e4krades f\u00f6r 600 mark.<\/p>\n<h5><strong>Byggnad nr 5:<\/strong><\/h5>\n<p>Ett vedlider byggt av korsvirke och br\u00e4der \u00e5r 1885, i f\u00f6rsvarligt skick och det hade ett tak av p\u00e4rtor.<\/p>\n<p>Vedlidet f\u00f6rs\u00e4krades f\u00f6r 150 mark.<\/p>\n<p>F\u00f6rutom dessa fem byggnader s\u00e5 f\u00f6rs\u00e4krade Sj\u00f6blom ink\u00f6rsportarna, den ena f\u00f6r 100 mark och den andra f\u00f6r 150. De var gjorda av stock och br\u00e4der och i f\u00f6rs\u00e4kringen ingick l\u00e5sen och g\u00e5ngj\u00e4rnen.<\/p>\n<p>Ett plank som var 29 m l\u00e5ng och 1,9 m h\u00f6gt f\u00f6rs\u00e4krades f\u00f6r 100 mark.<\/p>\n<p>Hela f\u00f6rs\u00e4kringsbeloppet blev allts\u00e5 11\u00a0600 mark och den \u00e5rliga intr\u00e4desavgiften ber\u00e4knades till 80,30 mark.<\/p>\n<figure id=\"attachment_25980\" aria-describedby=\"caption-attachment-25980\" style=\"width: 808px\" class=\"wp-caption alignnone\"><img loading=\"lazy\" decoding=\"async\" class=\"size-full wp-image-25980\" src=\"https:\/\/www.kristinestadshistoria.fi\/wp-content\/uploads\/2023\/04\/Tomtplan-1899-stor-1.jpg\" alt=\"\" width=\"808\" height=\"843\" srcset=\"https:\/\/www.kristinestadshistoria.fi\/wp-content\/uploads\/2023\/04\/Tomtplan-1899-stor-1.jpg 808w, https:\/\/www.kristinestadshistoria.fi\/wp-content\/uploads\/2023\/04\/Tomtplan-1899-stor-1-288x300.jpg 288w, https:\/\/www.kristinestadshistoria.fi\/wp-content\/uploads\/2023\/04\/Tomtplan-1899-stor-1-768x801.jpg 768w\" sizes=\"auto, (max-width: 808px) 100vw, 808px\" \/><figcaption id=\"caption-attachment-25980\" class=\"wp-caption-text\">D\u00e5 fiskaren Sj\u00f6blom \u00e5r 1899 skulle brandf\u00f6rs\u00e4kra byggnaderna p\u00e5 V\u00e4stra L\u00e5nggatan, l\u00e4t han rita upp denna planteckning av tomten och n\u00e4romr\u00e5det. Inf\u00e4llt i nedre kanten Sj\u00f6bloms namnteckning fr\u00e5n f\u00f6rs\u00e4kringsbrevet.<\/figcaption><\/figure>\n<h2>Brandf\u00f6rs\u00e4kringen \u00e5r 1908.<\/h2>\n<p>\u00c5r 1908 \u00f6vertog kontoristen Otto Wendelin tomterna 150 och 151. Han var son till kommerser\u00e5det Otto Wendelin och han gjorde genast flera f\u00f6rb\u00e4ttringar och en nybyggnad. V\u00e4rdet p\u00e5 byggnaderna hade g\u00e5tt upp och i september 1908 tecknade han en ny brandf\u00f6rs\u00e4kring.<\/p>\n<p>Tomterna var lika stora som tidigare och alla n\u00f6dv\u00e4ndiga brandredskap fanns p\u00e5 g\u00e5rden och de var alla m\u00e4rkta med tomtens nummer i oljef\u00e4rg.<\/p>\n<p>P\u00e5 tomterna fanns det 6 byggnader och Wendelin ville f\u00f6rs\u00e4kra dem alla.<\/p>\n<figure id=\"attachment_26491\" aria-describedby=\"caption-attachment-26491\" style=\"width: 954px\" class=\"wp-caption alignnone\"><img loading=\"lazy\" decoding=\"async\" class=\"size-full wp-image-26491\" src=\"https:\/\/www.kristinestadshistoria.fi\/wp-content\/uploads\/2023\/06\/Tomtplan-1908-original.jpg\" alt=\"\" width=\"954\" height=\"1539\" srcset=\"https:\/\/www.kristinestadshistoria.fi\/wp-content\/uploads\/2023\/06\/Tomtplan-1908-original.jpg 954w, https:\/\/www.kristinestadshistoria.fi\/wp-content\/uploads\/2023\/06\/Tomtplan-1908-original-186x300.jpg 186w, https:\/\/www.kristinestadshistoria.fi\/wp-content\/uploads\/2023\/06\/Tomtplan-1908-original-635x1024.jpg 635w, https:\/\/www.kristinestadshistoria.fi\/wp-content\/uploads\/2023\/06\/Tomtplan-1908-original-768x1239.jpg 768w, https:\/\/www.kristinestadshistoria.fi\/wp-content\/uploads\/2023\/06\/Tomtplan-1908-original-952x1536.jpg 952w\" sizes=\"auto, (max-width: 954px) 100vw, 954px\" \/><figcaption id=\"caption-attachment-26491\" class=\"wp-caption-text\">D\u00e5 kontoristen Otto Wendelin k\u00f6pte tomterna \u00e5r 1908, s\u00e5 gjorde han genast flera f\u00f6rb\u00e4ttringar p\u00e5 byggnaderna, n\u00e5gpt som direkt h\u00f6jde deras v\u00e4rde. I augusti 1908 tecknade han en brandf\u00f6rs\u00e4kring p\u00e5 byggnaderna, som var placerade enligt denna renritade planteckning.<\/figcaption><\/figure>\n<h5><strong>Byggnad nr 1:<\/strong><\/h5>\n<p>Inga st\u00f6rre f\u00f6rb\u00e4ttringar \u00e4r gjorda p\u00e5 denna byggnad, som nu f\u00f6rs\u00e4krades f\u00f6r 12 000 mark.<\/p>\n<h5><strong>Byggnad nr 2:<\/strong><\/h5>\n<p>Ett boningshus i en v\u00e5ning av timmer, f\u00f6rsta delen uppf\u00f6rd 1820 och tillbyggd i norra \u00e4ndan \u00e5r 1908. Byggnad var br\u00e4dfodrad och oljem\u00e5lat och asfaltfilt p\u00e5 taket. Huset var nu 15 m l\u00e5ngt och 5,34 m brett och d\u00e4r fanns fyra boningsrum och i dessa fanns det tv\u00e5 kakelugnar och en k\u00f6ksh\u00e4llspis. P\u00e5 g\u00e5rdssidan fanns det en veranda uppf\u00f6rd av korsvirke och br\u00e4der. Byggnaden f\u00f6rs\u00e4krades f\u00f6r 4\u00a0000 mark.<\/p>\n<h5><strong>Byggnad nr 3:<\/strong><\/h5>\n<p>En uthusbyggnad av stock, uppf\u00f6rd 1824, 1830 och 1882. \u00c5r 1908 kortades byggnaden av i den norra \u00e4ndan med 8 meter och den delen var uppf\u00f6rd av korsvirke och br\u00e4der. Uthuset var nu 19 m l\u00e5ngt och 3,70 m brett och d\u00e4r fanns en hush\u00e5llsbod i tv\u00e5 v\u00e5ningar, foderlada, stall, latrin med spillningskast och ett f\u00e4hus. Uthuset f\u00f6rs\u00e4krades f\u00f6r 1\u00a0300 mark.<\/p>\n<h5><strong>Byggnad nr 4:<\/strong><\/h5>\n<p>Inga st\u00f6rre f\u00f6rb\u00e4ttringar \u00e4r gjorda p\u00e5 denna byggnad, som nu f\u00f6rs\u00e4krades f\u00f6r 1 000 mark.<\/p>\n<h5><strong>Byggnad nr 5:<\/strong><\/h5>\n<p>En uthusbyggnad byggd av korsvirke och br\u00e4der \u00e5r 1885. Den var i gott skick och hade asfaltfilt p\u00e5 taket. Byggnaden var 5,45 m l\u00e5ng och 3,6 m bred och den anv\u00e4ndes som redskapslider. Uthuset f\u00f6rs\u00e4krades f\u00f6r 300 mark.<\/p>\n<h5><strong>Byggnad nr 6:<\/strong><\/h5>\n<p>Ett boningshus i en v\u00e5ning av timmer uppf\u00f6rt \u00e5r 1908, br\u00e4dfodrat och m\u00e5lat med oljef\u00e4rg. Huset var 5,6 m l\u00e5ngt och 4,3 m brett och d\u00e4r fanns tv\u00e5 rum med en k\u00f6ksspis och en inmurad gryta. Det nya huset f\u00f6rs\u00e4krades f\u00f6r 1\u00a0500 mark.<\/p>\n<p>De tv\u00e5 ink\u00f6rsportarna f\u00f6rs\u00e4krades f\u00f6r 300 mark tillsammans och planket som nu var 40 m l\u00e5ngt och 2 m h\u00f6gt, f\u00f6rs\u00e4krades f\u00f6r 200 mark.<\/p>\n<p>Hela f\u00f6rs\u00e4kringsbeloppet uppgick till 20\u00a0600 mark och den \u00e5rliga premien eller intr\u00e4desavgiften ber\u00e4knades till 150,62 mk.<\/p>\n<p>Otto Wendelin uppgav att alla byggnader p\u00e5 tomten var f\u00f6rs\u00e4krade och det fanns inga eldfarliga inr\u00e4ttningar p\u00e5 tomten och inte i grannskapet heller. N\u00e5gon tr\u00e4dg\u00e5rd fanns inte p\u00e5 tomten och inga skyddande, lummiga l\u00f6vtr\u00e4d.<\/p>\n<p>Brandstodsbolagets lokala agent Wilhelm Hagen rapporterade att f\u00f6rb\u00e4ttringar hade gjorts p\u00e5 samtliga byggnader och att deras v\u00e4rde motsvarar f\u00f6rs\u00e4kringsv\u00e4rdet.<\/p>\n<h3><strong>Brandf\u00f6rs\u00e4kringen \u00e5r 1918.<\/strong><\/h3>\n<p>\u00c5r 1918 ville g\u00e5rds\u00e4garen Otto Wendelin h\u00f6ja p\u00e5 f\u00f6rs\u00e4kringsv\u00e4rdet f\u00f6r byggnaderna p\u00e5 h\u00f6rntomten nr 151. De tre byggnaderna, planket och ink\u00f6rsporten f\u00f6rs\u00e4krades f\u00f6r totalt 37 620 mark.<\/p>\n<figure id=\"attachment_29285\" aria-describedby=\"caption-attachment-29285\" style=\"width: 884px\" class=\"wp-caption alignnone\"><img loading=\"lazy\" decoding=\"async\" class=\"size-full wp-image-29285\" src=\"https:\/\/www.kristinestadshistoria.fi\/wp-content\/uploads\/2024\/11\/Tomtkarta-1918-Otto-Wendelin.jpg\" alt=\"\" width=\"884\" height=\"1416\" srcset=\"https:\/\/www.kristinestadshistoria.fi\/wp-content\/uploads\/2024\/11\/Tomtkarta-1918-Otto-Wendelin.jpg 884w, https:\/\/www.kristinestadshistoria.fi\/wp-content\/uploads\/2024\/11\/Tomtkarta-1918-Otto-Wendelin-187x300.jpg 187w, https:\/\/www.kristinestadshistoria.fi\/wp-content\/uploads\/2024\/11\/Tomtkarta-1918-Otto-Wendelin-639x1024.jpg 639w, https:\/\/www.kristinestadshistoria.fi\/wp-content\/uploads\/2024\/11\/Tomtkarta-1918-Otto-Wendelin-768x1230.jpg 768w\" sizes=\"auto, (max-width: 884px) 100vw, 884px\" \/><figcaption id=\"caption-attachment-29285\" class=\"wp-caption-text\">\u00c5r 1918 d\u00e5 g\u00e5rds\u00e4garen Otto Wendelin tecknade en ny brandf\u00f6rs\u00e4kring, s\u00e5 bifogade han denna tomtkarta till f\u00f6rs\u00e4kringsbrevet. Huvudbyggnaden nr 1 f\u00f6rs\u00e4krades f\u00f6r 31 410 mark, nr 2 f\u00f6r 3 580 mark och uthuset nr 3 f\u00f6r 2 280 mark.<\/figcaption><\/figure>\n<p>&nbsp;<\/p>\n","protected":false},"excerpt":{"rendered":"<p>Sammanst\u00e4llt av Lasse Backlund. Uppgifterna \u00e4r tagna ur gamla f\u00f6rs\u00e4kringsbrev, som finns p\u00e5 Riksarkivet. Brandf\u00f6rs\u00e4kring 1899. \u00c5r 1899 \u00e4gde fiskaren Johan Henrik Sj\u00f6blom b\u00e5da tomterna 150 och 151 och han ville d\u00e5 ta en ny brandf\u00f6rs\u00e4kring p\u00e5 de fem byggnaderna <a class=\"more-link\" href=\"https:\/\/www.kristinestadshistoria.fi\/?page_id=25977\">Forts\u00e4tt l\u00e4sa <span class=\"screen-reader-text\">  De f\u00f6rs\u00e4krade g\u00e5rdarna p\u00e5 tomterna 150 o 151<\/span><span class=\"meta-nav\">&rarr;<\/span><\/a><\/p>\n","protected":false},"author":1,"featured_media":0,"parent":19275,"menu_order":10,"comment_status":"closed","ping_status":"closed","template":"","meta":{"footnotes":""},"class_list":["post-25977","page","type-page","status-publish","hentry"],"_links":{"self":[{"href":"https:\/\/www.kristinestadshistoria.fi\/index.php?rest_route=\/wp\/v2\/pages\/25977","targetHints":{"allow":["GET"]}}],"collection":[{"href":"https:\/\/www.kristinestadshistoria.fi\/index.php?rest_route=\/wp\/v2\/pages"}],"about":[{"href":"https:\/\/www.kristinestadshistoria.fi\/index.php?rest_route=\/wp\/v2\/types\/page"}],"author":[{"embeddable":true,"href":"https:\/\/www.kristinestadshistoria.fi\/index.php?rest_route=\/wp\/v2\/users\/1"}],"replies":[{"embeddable":true,"href":"https:\/\/www.kristinestadshistoria.fi\/index.php?rest_route=%2Fwp%2Fv2%2Fcomments&post=25977"}],"version-history":[{"count":8,"href":"https:\/\/www.kristinestadshistoria.fi\/index.php?rest_route=\/wp\/v2\/pages\/25977\/revisions"}],"predecessor-version":[{"id":29286,"href":"https:\/\/www.kristinestadshistoria.fi\/index.php?rest_route=\/wp\/v2\/pages\/25977\/revisions\/29286"}],"up":[{"embeddable":true,"href":"https:\/\/www.kristinestadshistoria.fi\/index.php?rest_route=\/wp\/v2\/pages\/19275"}],"wp:attachment":[{"href":"https:\/\/www.kristinestadshistoria.fi\/index.php?rest_route=%2Fwp%2Fv2%2Fmedia&parent=25977"}],"curies":[{"name":"wp","href":"https:\/\/api.w.org\/{rel}","templated":true}]}}