{"id":25900,"date":"2023-04-09T10:47:11","date_gmt":"2023-04-09T07:47:11","guid":{"rendered":"https:\/\/www.kristinestadshistoria.fi\/?page_id=25900"},"modified":"2025-01-05T22:16:11","modified_gmt":"2025-01-05T20:16:11","slug":"den-forsakrade-garden-pa-tomt-nr-216","status":"publish","type":"page","link":"https:\/\/www.kristinestadshistoria.fi\/?page_id=25900","title":{"rendered":"Den f\u00f6rs\u00e4krade g\u00e5rden p\u00e5 tomt nr 216"},"content":{"rendered":"<p><span style=\"color: #000080;\"><strong>Sammanst\u00e4llt av Lasse Backlund. Uppgifterna \u00e4r tagna ur gamla f\u00f6rs\u00e4kringsbrev, som finns p\u00e5 Riksarkivet.<\/strong><\/span><\/p>\n<h3><strong>Brandf\u00f6rs\u00e4kringen \u00e5r 1881.<\/strong><\/h3>\n<p>\u00c5r 1832 bildades \u201dAllm\u00e4nna Brandstodsbolaget i Finland\u201d i Helsingfors men det var f\u00f6rst i augusti1881, som g\u00e5rden f\u00f6rs\u00e4krades f\u00f6r f\u00f6rsta g\u00e5ngen. Carolina Wickman, som var Ludvig Friskes arvinge ans\u00f6kte att g\u00e5rden skulle f\u00f6rs\u00e4kras mot eldskada. F\u00f6rs\u00e4kringsans\u00f6kan skulle g\u00f6ras till bolaget och Wickman uppgav d\u00e5 att p\u00e5 tomten fanns det n\u00f6diga brandredskap, n\u00e4mligen 2 brandstegar, 2 brandhakar och 2 brand\u00e4mbare, alla m\u00e4rkta med tomtens nummer i oljef\u00e4rg.<\/p>\n<p>Wickman uppgav att det p\u00e5 tomten fanns en brunn, som kunde anv\u00e4ndas vid en eventuell eldsv\u00e5da.<\/p>\n<p>Wickman uppgav att tomten var 2\u00a0156 \u201dQvadrat alnar i areal vidd\u201d (770 m\u00b2).<\/p>\n<figure id=\"attachment_25774\" aria-describedby=\"caption-attachment-25774\" style=\"width: 871px\" class=\"wp-caption alignnone\"><img loading=\"lazy\" decoding=\"async\" class=\"size-full wp-image-25774\" src=\"https:\/\/www.kristinestadshistoria.fi\/wp-content\/uploads\/2023\/03\/Tomtkarta-1881-liten.jpg\" alt=\"\" width=\"871\" height=\"793\" srcset=\"https:\/\/www.kristinestadshistoria.fi\/wp-content\/uploads\/2023\/03\/Tomtkarta-1881-liten.jpg 871w, https:\/\/www.kristinestadshistoria.fi\/wp-content\/uploads\/2023\/03\/Tomtkarta-1881-liten-300x273.jpg 300w, https:\/\/www.kristinestadshistoria.fi\/wp-content\/uploads\/2023\/03\/Tomtkarta-1881-liten-768x699.jpg 768w\" sizes=\"auto, (max-width: 871px) 100vw, 871px\" \/><figcaption id=\"caption-attachment-25774\" class=\"wp-caption-text\">\u00c5r 1881 tog en av Ludvig Friskes arvingar, smed\u00e4nkan Carolina Wickman en brandf\u00f6rs\u00e4kring p\u00e5 de tre byggnaderna p\u00e5 tomten 216. Hon uppgav d\u00e5 att byggnaden nr 1 var uppf\u00f6rd \u00e5r 1827, bagarstugan nr 2 skulle vara byggd \u00e5r 1824 och samma \u00e5r byggdes ocks\u00e5 uthuset, som p\u00e5 skissen har nr 3. P\u00e5 tomten fanns en stor &#8221;kryddg\u00e5rd&#8221; allts\u00e5 en tr\u00e4dg\u00e5rd med lummiga l\u00f6vtr\u00e4d.<\/figcaption><\/figure>\n<p>Det fanns tre byggnader p\u00e5 tomten \u00e5r 1881, som Wickman ville f\u00f6rs\u00e4kra:<\/p>\n<h5><strong>Byggnad nr 1:<\/strong><\/h5>\n<p>Ett boningshus av timmer i gott skick, uppf\u00f6rt \u00e5r 1827, br\u00e4dfodrat och m\u00e5lat med slamf\u00e4rg och hade ett tak av p\u00e4rtor. Byggnaden var 18 \u00bd alnar (11,1 m) l\u00e5ngt, 10 alnar brett och h\u00f6jden fr\u00e5n marken till takkammen 12 alnar. Byggnaden hade en v\u00e5ning och d\u00e4r fanns fyra boningsrum, och i dessa fanns det 2 kakelugnar och en k\u00f6ksspis med h\u00e4lla. P\u00e5 vinden fanns det ocks\u00e5 ett boningsrum med en egen kakelugn. P\u00e5 g\u00e5rdssidan fanns det en \u00f6verbyggd uppg\u00e5ngstrappa, byggd av tr\u00e4-<\/p>\n<p>Den h\u00e4r huvudbyggnaden f\u00f6rs\u00e4krades f\u00f6r 1 400 mark.<\/p>\n<h5><strong>Byggnad nr 2:<\/strong><\/h5>\n<p>En bagarstugubyggnad i f\u00f6rsvarligt skick uppf\u00f6rd \u00e5r 1824, inte br\u00e4dfodrad men nog m\u00e5lad med slamf\u00e4rg och det hade ett tak av p\u00e4rtor. Bagarstugan var 14 \u00be alnar (8,8 m) l\u00e5ng, hade en v\u00e5ning och d\u00e4r fanns en bagarstuga med matbod.<\/p>\n<p>Bagarstugan f\u00f6rs\u00e4krades f\u00f6r 250 mark.<\/p>\n<h5><strong>Byggnad nr 3:<\/strong><\/h5>\n<p>En uthusbyggnad av stock i f\u00f6rsvarligt skick, uppf\u00f6rd \u00e5r 1824, m\u00e5lad och hade ett tak av br\u00e4der och n\u00e4ver. Uthuset var 33 \u00bd alnar (20 meter) l\u00e5ngt och d\u00e4r fanns en foderlada, f\u00e4hus, spillningskast med latrin och ett vedlider.<\/p>\n<p>Uthuset f\u00f6rs\u00e4krades f\u00f6r 150 mark.<\/p>\n<p>Hela f\u00f6rs\u00e4kringsbeloppet blev allts\u00e5 1\u00a0800 mark och den \u00e5rliga intr\u00e4desavgiften ber\u00e4knades till 14, 03 mark. Den h\u00e4r avgiften eller premien g\u00e4llde i 5 \u00e5rs tid och premien skulle d\u00e5 justeras i samband med att byggnaderna och brandredskapen granskades.<\/p>\n<figure id=\"attachment_25902\" aria-describedby=\"caption-attachment-25902\" style=\"width: 603px\" class=\"wp-caption alignnone\"><img loading=\"lazy\" decoding=\"async\" class=\"size-full wp-image-25902\" src=\"https:\/\/www.kristinestadshistoria.fi\/wp-content\/uploads\/2023\/04\/Tomtkarta-1881-stor.jpg\" alt=\"\" width=\"603\" height=\"779\" srcset=\"https:\/\/www.kristinestadshistoria.fi\/wp-content\/uploads\/2023\/04\/Tomtkarta-1881-stor.jpg 603w, https:\/\/www.kristinestadshistoria.fi\/wp-content\/uploads\/2023\/04\/Tomtkarta-1881-stor-232x300.jpg 232w\" sizes=\"auto, (max-width: 603px) 100vw, 603px\" \/><figcaption id=\"caption-attachment-25902\" class=\"wp-caption-text\">S\u00e5 h\u00e4r s\u00e5g den planteckning ut som Carolina Wickman l\u00e4t rita upp d\u00e5 hon skulle f\u00f6rs\u00e4kra Ludvig Friskes g\u00e5rd \u00e5r 1891. Inf\u00e4llt i \u00f6vre kanten Carolinas underskrift p\u00e5 f\u00f6rs\u00e4kringsbrevet.<\/figcaption><\/figure>\n<h3><strong>Brandf\u00f6rs\u00e4kringen \u00e5r 1895:<\/strong><\/h3>\n<p>Den nya \u00e4garen, sj\u00f6mannen Wilhelm Melander satte ett nytt tak av asfaltfilt p\u00e5 huvudbyggnaden och gjorde en st\u00f6rre renovering och han ville d\u00e5 ta en ny och st\u00f6rre f\u00f6rs\u00e4kring p\u00e5 2 000 mark.<\/p>\n<p>Ocks\u00e5 de andra byggnaderna hade han reparerat och de f\u00f6rs\u00e4krades nu f\u00f6r 500 mark vardera. Den nya ink\u00f6rsporten f\u00f6rs\u00e4krades f\u00f6r 50 mark och d\u00e4r ingick g\u00e5ngj\u00e4rnen och en klinka.<\/p>\n<p>Hela f\u00f6rs\u00e4kringen gick allts\u00e5 p\u00e5 3 050 mark och den \u00e5rliga intr\u00e4desavgiften ber\u00e4knades till 22,32 mark. Denna avgift eller premie skulle granskas och justeras vart femte \u00e5r, p\u00e5 samma g\u00e5ng som byggnaderna granskades.<\/p>\n<figure id=\"attachment_25908\" aria-describedby=\"caption-attachment-25908\" style=\"width: 816px\" class=\"wp-caption alignnone\"><img loading=\"lazy\" decoding=\"async\" class=\"size-full wp-image-25908\" src=\"https:\/\/www.kristinestadshistoria.fi\/wp-content\/uploads\/2023\/04\/Tomtkarta-1895-stor.jpg\" alt=\"\" width=\"816\" height=\"801\" srcset=\"https:\/\/www.kristinestadshistoria.fi\/wp-content\/uploads\/2023\/04\/Tomtkarta-1895-stor.jpg 816w, https:\/\/www.kristinestadshistoria.fi\/wp-content\/uploads\/2023\/04\/Tomtkarta-1895-stor-300x294.jpg 300w, https:\/\/www.kristinestadshistoria.fi\/wp-content\/uploads\/2023\/04\/Tomtkarta-1895-stor-768x754.jpg 768w\" sizes=\"auto, (max-width: 816px) 100vw, 816px\" \/><figcaption id=\"caption-attachment-25908\" class=\"wp-caption-text\">D\u00e5 sj\u00f6mannen Wilhelm Melander \u00e5r 1895 ville f\u00f6rnya sin brandf\u00f6rs\u00e4kring, s\u00e5 l\u00e4t han rita upp en ny planteckning, som s\u00e5g ut s\u00e5 h\u00e4r. Inf\u00e4llt i \u00f6vre kanten hans namnteckning p\u00e5 f\u00f6rs\u00e4kringsbrevet.<\/figcaption><\/figure>\n<h2><strong>Brandf\u00f6rs\u00e4kringen \u00e5r 1905.<\/strong><\/h2>\n<p>I december 1905 ville sj\u00f6mannen Wilhelm Melander teckna en ny brandf\u00f6rs\u00e4kring, eftersom han hade gjort flera f\u00f6rb\u00e4ttringar p\u00e5 byggnaderna och de hade s\u00e5ledes f\u00e5tt ett h\u00f6gre v\u00e4rde.<\/p>\n<figure id=\"attachment_26331\" aria-describedby=\"caption-attachment-26331\" style=\"width: 2265px\" class=\"wp-caption alignnone\"><img loading=\"lazy\" decoding=\"async\" class=\"size-full wp-image-26331\" src=\"https:\/\/www.kristinestadshistoria.fi\/wp-content\/uploads\/2023\/05\/Tomtkarta-1905-liten-3.jpg\" alt=\"\" width=\"2265\" height=\"2104\" srcset=\"https:\/\/www.kristinestadshistoria.fi\/wp-content\/uploads\/2023\/05\/Tomtkarta-1905-liten-3.jpg 2265w, https:\/\/www.kristinestadshistoria.fi\/wp-content\/uploads\/2023\/05\/Tomtkarta-1905-liten-3-300x279.jpg 300w, https:\/\/www.kristinestadshistoria.fi\/wp-content\/uploads\/2023\/05\/Tomtkarta-1905-liten-3-1024x951.jpg 1024w, https:\/\/www.kristinestadshistoria.fi\/wp-content\/uploads\/2023\/05\/Tomtkarta-1905-liten-3-768x713.jpg 768w, https:\/\/www.kristinestadshistoria.fi\/wp-content\/uploads\/2023\/05\/Tomtkarta-1905-liten-3-1536x1427.jpg 1536w, https:\/\/www.kristinestadshistoria.fi\/wp-content\/uploads\/2023\/05\/Tomtkarta-1905-liten-3-2048x1902.jpg 2048w\" sizes=\"auto, (max-width: 2265px) 100vw, 2265px\" \/><figcaption id=\"caption-attachment-26331\" class=\"wp-caption-text\">S\u00e5 h\u00e4r var de tre byggnaderna placerade p\u00e5 tomten \u00e5r 1905, d\u00e5 sj\u00f6mannen Wilhelm Melander tecknade en ny brandf\u00f6rs\u00e4kring.<\/figcaption><\/figure>\n<h5><strong>Byggnad nr 1:<\/strong><\/h5>\n<p>Ett boningshus av timmer i gott skick, uppf\u00f6rt \u00e5r 1827, br\u00e4dfodrat och m\u00e5lat med oljef\u00e4rg och hade ett tak av asfaltfilt. Huset var 10,9 m l\u00e5ngt och 6 m brett och d\u00e4r fanns 4 rum, varav ett fanns uppe p\u00e5 vinden. I rummen fanns det tre kakelugnar och i k\u00f6ket en k\u00f6ksh\u00e4llspis. P\u00e5 g\u00e5rdssidan fanns det en veranda uppf\u00f6rd av korsvirke och br\u00e4der.<\/p>\n<p>Huvudbyggnaden f\u00f6rs\u00e4krades f\u00f6r 4\u00a0000 mark.<\/p>\n<h5><strong>Byggnad nr 2:<\/strong><\/h5>\n<p>Ett boningshus av timmer i gott skick, uppf\u00f6rt \u00e5r 1824, br\u00e4dfodrat och m\u00e5lat med kompositionsf\u00e4rg och ett tak lagt med asfaltfilt. Huset var 8,7 m l\u00e5ngt och 4,6 m brett och d\u00e4r fanns tv\u00e5 rum men endast en eldstad och det var en k\u00f6ksspis med bakugn. P\u00e5 denna byggnad fanns det ocks\u00e5 en veranda uppf\u00f6rd av korsvirke och br\u00e4der.<\/p>\n<p>Byggnaden f\u00f6rs\u00e4krades f\u00f6r 1\u00a0000 mark.<\/p>\n<h5><strong>Byggnad nr 3:<\/strong><\/h5>\n<p>En uthusbyggnad i vinkel, byggt av stockoch delvis av korsvirke och br\u00e4der, uppf\u00f6rd \u00e5r 1824, i gott skick. Den var br\u00e4dfodrad och m\u00e5lad med kompositionsf\u00e4rg och hade ett tak av br\u00e4der och delvis av asfaltfilt. Det var 18,8 m l\u00e5ngt p\u00e5 \u00f6stra sidan och 7,75 m p\u00e5 den norra sidan. Bredden var ungef\u00e4r 4 meter och d\u00e4r fanns en foderlada, f\u00e4hus, latrin med spillningskast, ett vedlider och ett redskapslider.<\/p>\n<p>Uthuset f\u00f6rs\u00e4krades f\u00f6r 1\u00a0000 mark.<\/p>\n<p>F\u00f6rutom dessa tre byggnader, s\u00e5 f\u00f6rs\u00e4krades den oljem\u00e5lade ink\u00f6rsporten f\u00f6r 100 mark och i f\u00f6rs\u00e4kringen ingick b\u00e5de g\u00e5ngj\u00e4rn och l\u00e5s.<\/p>\n<p>Ett oljem\u00e5lat plank av stock och br\u00e4der f\u00f6rs\u00e4krades f\u00f6r 100 mark och det var 20 meter l\u00e5ngt och 2,05 m h\u00f6gt men p\u00e5 ett st\u00e4lle endast 1,50 m h\u00f6gt.<\/p>\n<p>Hela f\u00f6rs\u00e4kringen uppgick till 6\u00a0200 mark och intr\u00e4desavgiften eller premien ber\u00e4knades till 48,97 mk.<\/p>\n<p>Melander uppgav att det inte fanns n\u00e5gra of\u00f6rs\u00e4krade byggnader p\u00e5 hans tomt och inga eldfarliga inr\u00e4ttningar. P\u00e5 tomten fanns en stor tr\u00e4dg\u00e5rd med flera lummiga l\u00f6vtr\u00e4d, som fungerade som ett bra brandskydd vid en eventuell eldsv\u00e5da.<\/p>\n<p>Brandstodsbolagets lokala agent Wilhelm Hagen skrev i sin rapport att flera renoveringar har gjorts i byggnader, som motiverade h\u00f6gre f\u00f6rs\u00e4kringsv\u00e4rde. Han skrev ocks\u00e5 att flera byggnader stred mot den nya byggnadsf\u00f6rordningen, eftersom de stod f\u00f6r n\u00e4ra varandra och s\u00e5 var de byggda f\u00f6r n\u00e4ra tomtgr\u00e4nsen.<\/p>\n<figure id=\"attachment_26332\" aria-describedby=\"caption-attachment-26332\" style=\"width: 1323px\" class=\"wp-caption alignnone\"><img loading=\"lazy\" decoding=\"async\" class=\"size-full wp-image-26332\" src=\"https:\/\/www.kristinestadshistoria.fi\/wp-content\/uploads\/2023\/05\/Tomtkarta-1905-original-3.jpg\" alt=\"\" width=\"1323\" height=\"2516\" srcset=\"https:\/\/www.kristinestadshistoria.fi\/wp-content\/uploads\/2023\/05\/Tomtkarta-1905-original-3.jpg 1323w, https:\/\/www.kristinestadshistoria.fi\/wp-content\/uploads\/2023\/05\/Tomtkarta-1905-original-3-158x300.jpg 158w, https:\/\/www.kristinestadshistoria.fi\/wp-content\/uploads\/2023\/05\/Tomtkarta-1905-original-3-538x1024.jpg 538w, https:\/\/www.kristinestadshistoria.fi\/wp-content\/uploads\/2023\/05\/Tomtkarta-1905-original-3-768x1461.jpg 768w, https:\/\/www.kristinestadshistoria.fi\/wp-content\/uploads\/2023\/05\/Tomtkarta-1905-original-3-808x1536.jpg 808w, https:\/\/www.kristinestadshistoria.fi\/wp-content\/uploads\/2023\/05\/Tomtkarta-1905-original-3-1077x2048.jpg 1077w\" sizes=\"auto, (max-width: 1323px) 100vw, 1323px\" \/><figcaption id=\"caption-attachment-26332\" class=\"wp-caption-text\">S\u00e5 h\u00e4r s\u00e5g den planteckning ut, som sj\u00f6mannen Wilhelm Melander l\u00e4t rita upp \u00e5r 1905 d\u00e5 han tecknade en ny brandf\u00f6rs\u00e4kring p\u00e5 sina byggnader p\u00e5 \u00d6stra L\u00e5nggatan 24. Inf\u00e4lld i nedre kanten finns hans namnteckning som fanns i f\u00f6rs\u00e4kringsbrevet.<\/figcaption><\/figure>\n<h3><strong>Brandf\u00f6rs\u00e4kringen 1919.<\/strong><\/h3>\n<p><strong>\u00c5r 1919, den 6 juni<\/strong> tecknade sj\u00f6mannen Wilhelm Melander en ny brandf\u00f6rs\u00e4kring p\u00e5 de tre byggnaderna. N\u00e5gra st\u00f6rre f\u00f6rb\u00e4ttringar hade inte gjorts men p\u00e5 grund av den h\u00f6ga inflationen ber\u00e4knades v\u00e4rdet p\u00e5 alla byggnader till 21 800 mark, mot 6 200 i den tidigare f\u00f6rs\u00e4kringen. Alla byggnader var f\u00f6rsedda med tak av asfatfilt.<\/p>\n","protected":false},"excerpt":{"rendered":"<p>Sammanst\u00e4llt av Lasse Backlund. Uppgifterna \u00e4r tagna ur gamla f\u00f6rs\u00e4kringsbrev, som finns p\u00e5 Riksarkivet. Brandf\u00f6rs\u00e4kringen \u00e5r 1881. \u00c5r 1832 bildades \u201dAllm\u00e4nna Brandstodsbolaget i Finland\u201d i Helsingfors men det var f\u00f6rst i augusti1881, som g\u00e5rden f\u00f6rs\u00e4krades f\u00f6r f\u00f6rsta g\u00e5ngen. Carolina Wickman, <a class=\"more-link\" href=\"https:\/\/www.kristinestadshistoria.fi\/?page_id=25900\">Forts\u00e4tt l\u00e4sa <span class=\"screen-reader-text\">  Den f\u00f6rs\u00e4krade g\u00e5rden p\u00e5 tomt nr 216<\/span><span class=\"meta-nav\">&rarr;<\/span><\/a><\/p>\n","protected":false},"author":1,"featured_media":0,"parent":19506,"menu_order":10,"comment_status":"closed","ping_status":"closed","template":"","meta":{"footnotes":""},"class_list":["post-25900","page","type-page","status-publish","hentry"],"_links":{"self":[{"href":"https:\/\/www.kristinestadshistoria.fi\/index.php?rest_route=\/wp\/v2\/pages\/25900","targetHints":{"allow":["GET"]}}],"collection":[{"href":"https:\/\/www.kristinestadshistoria.fi\/index.php?rest_route=\/wp\/v2\/pages"}],"about":[{"href":"https:\/\/www.kristinestadshistoria.fi\/index.php?rest_route=\/wp\/v2\/types\/page"}],"author":[{"embeddable":true,"href":"https:\/\/www.kristinestadshistoria.fi\/index.php?rest_route=\/wp\/v2\/users\/1"}],"replies":[{"embeddable":true,"href":"https:\/\/www.kristinestadshistoria.fi\/index.php?rest_route=%2Fwp%2Fv2%2Fcomments&post=25900"}],"version-history":[{"count":9,"href":"https:\/\/www.kristinestadshistoria.fi\/index.php?rest_route=\/wp\/v2\/pages\/25900\/revisions"}],"predecessor-version":[{"id":29460,"href":"https:\/\/www.kristinestadshistoria.fi\/index.php?rest_route=\/wp\/v2\/pages\/25900\/revisions\/29460"}],"up":[{"embeddable":true,"href":"https:\/\/www.kristinestadshistoria.fi\/index.php?rest_route=\/wp\/v2\/pages\/19506"}],"wp:attachment":[{"href":"https:\/\/www.kristinestadshistoria.fi\/index.php?rest_route=%2Fwp%2Fv2%2Fmedia&parent=25900"}],"curies":[{"name":"wp","href":"https:\/\/api.w.org\/{rel}","templated":true}]}}