{"id":25888,"date":"2023-04-08T08:21:39","date_gmt":"2023-04-08T05:21:39","guid":{"rendered":"https:\/\/www.kristinestadshistoria.fi\/?page_id=25888"},"modified":"2024-07-31T09:02:45","modified_gmt":"2024-07-31T06:02:45","slug":"den-forsakrade-garden-pa-tomterna-nr-225-o-226","status":"publish","type":"page","link":"https:\/\/www.kristinestadshistoria.fi\/?page_id=25888","title":{"rendered":"Den f\u00f6rs\u00e4krade g\u00e5rden p\u00e5 tomterna \u00a0nr 225 o 226"},"content":{"rendered":"<p><strong>Sammanst\u00e4llt av Lasse Backlund. Uppgifterna \u00e4r tagna ur gamla f\u00f6rs\u00e4kringsbrev, som finns p\u00e5 Riksarkivet.<\/strong><\/p>\n<h3><strong>Brandf\u00f6rs\u00e4kringen \u00e5r 1893.<\/strong><\/h3>\n<p>\u00c5r 1832 bildades \u201dAllm\u00e4nna Brandstodsbolaget i Finland\u201d i Helsingfors och det var f\u00f6rst i februari1893, som byggnaderna f\u00f6rs\u00e4krades f\u00f6r f\u00f6rsta g\u00e5ngen. Sj\u00f6mans\u00e4nkan Wilhelmina Hedkrok ans\u00f6kte att hennes g\u00e5rd skulle f\u00f6rs\u00e4kras mot eldskada. F\u00f6rs\u00e4kringsans\u00f6kan skulle g\u00f6ras till bolaget och \u00e4nkan Hedkrok uppgav d\u00e5 att p\u00e5 tomten fanns det n\u00f6diga brandredskap, n\u00e4mligen 2 brandstegar, 2 brandhakar och 2 brand\u00e4mbare, alla m\u00e4rkta med tomtens nummer i oljef\u00e4rg.<\/p>\n<p>Hedkrok uppgav att det p\u00e5 tomten fanns en brunn med tillr\u00e4ckligt vatten, som kunde anv\u00e4ndas vid en eventuell eldsv\u00e5da.<\/p>\n<p>I Finland hade man nyligen tagit metersystemet i bruk och f\u00f6r att uppge storleken p\u00e5 tomten, s\u00e5 anv\u00e4ndes till en b\u00f6rjan b\u00e5de alnar och metrar. Hedkrok uppgav att hennes b\u00e5da tomter var 2\u00a0731 \u201dQvadrat alnar i areal vidd\u201d eller 963 m\u00b2.<\/p>\n<figure id=\"attachment_25890\" aria-describedby=\"caption-attachment-25890\" style=\"width: 1107px\" class=\"wp-caption alignnone\"><img loading=\"lazy\" decoding=\"async\" class=\"size-full wp-image-25890\" src=\"https:\/\/www.kristinestadshistoria.fi\/wp-content\/uploads\/2023\/04\/Tomtkarta-1893-liten.jpg\" alt=\"\" width=\"1107\" height=\"717\" srcset=\"https:\/\/www.kristinestadshistoria.fi\/wp-content\/uploads\/2023\/04\/Tomtkarta-1893-liten.jpg 1107w, https:\/\/www.kristinestadshistoria.fi\/wp-content\/uploads\/2023\/04\/Tomtkarta-1893-liten-300x194.jpg 300w, https:\/\/www.kristinestadshistoria.fi\/wp-content\/uploads\/2023\/04\/Tomtkarta-1893-liten-1024x663.jpg 1024w, https:\/\/www.kristinestadshistoria.fi\/wp-content\/uploads\/2023\/04\/Tomtkarta-1893-liten-768x497.jpg 768w\" sizes=\"auto, (max-width: 1107px) 100vw, 1107px\" \/><figcaption id=\"caption-attachment-25890\" class=\"wp-caption-text\">D\u00e5 \u00e4nkan Hedkrok skulle brandf\u00f6rs\u00e4kra byggnaderna p\u00e5 sina tv\u00e5 tomter, s\u00e5 skulle det bifogas en planteckning p\u00e5 tomten och s\u00e5 h\u00e4r var husen placerade enligt den renritade versionen.<\/figcaption><\/figure>\n<p>Det fanns flera byggnader p\u00e5 tomten \u00e5r 1893, som Hedkrok ville f\u00f6rs\u00e4kra:<\/p>\n<h5><strong>Byggnad nr 1:<\/strong><\/h5>\n<p>Ett boningshus av timmer i gott skick, uppf\u00f6rt \u00e5r 1830, br\u00e4dfodrat och m\u00e5lat med kompositionsf\u00e4rg och hade ett tak av br\u00e4der. Byggnaden var 8,7 meter l\u00e5ng, 5,95 m bred och h\u00f6jden fr\u00e5n marken till takkammen 5,3 meter. Byggnaden hade en v\u00e5ning och d\u00e4r fanns tre boningsrum, och i dessa fanns det 2 kakelugnar och en k\u00f6ksspis med h\u00e4lla.<\/p>\n<p>Den h\u00e4r byggnaden f\u00f6rs\u00e4krades f\u00f6r 1 200 mark.<\/p>\n<h5><strong>Byggnad nr 2:<\/strong><\/h5>\n<p>Ett boningshus av timmer i gott skick, uppf\u00f6rt \u00e5t 1848, br\u00e4dfodrat och m\u00e5lat med kompositionsf\u00e4rg och hade ett tak av br\u00e4der. Huset var 11,35 meter l\u00e5ngt, 5,10 m brett och h\u00f6jden fr\u00e5n marken till takkammen var 5,10 meter. I byggnaden fanns tre boningsrum och en f\u00f6rstuga och i dessa fanns det tv\u00e5 kakelugnar och en k\u00f6ksspis med bakugn.<\/p>\n<p>Den h\u00e4r byggnaden f\u00f6rs\u00e4krades f\u00f6r 1\u00a0600 mark.<\/p>\n<h5><strong>Byggnad nr 3:<\/strong><\/h5>\n<p>En uthusbyggnad byggd av stock och delvis av korsvirke med br\u00e4der, i f\u00f6rsvarligt skick och uppf\u00f6rt \u00e5r 1860. Det var inte br\u00e4dfodrat men hade m\u00e5lats med r\u00f6d f\u00e4rg och hade ett tak av br\u00e4der. Uthuset var 13,9 meter l\u00e5ngt och d\u00e4r fanns en lada, f\u00f6rstuga, f\u00e4hus och spillningskast.<\/p>\n<p>\u00c4nkan Hedkrok ville f\u00f6rs\u00e4kra uthuset f\u00f6r 300 mark men den lokala brandstodskommitt\u00e9n godk\u00e4nde endast 200 mark.<\/p>\n<p><strong>Byggnad nr 4<\/strong> var ett \u00e4ldre boningshus av timmer uppf\u00f6rt \u00e5r 1852 men det l\u00e4mnades utan f\u00f6rs\u00e4kring.<\/p>\n<p><strong>Byggnad nr 5<\/strong> var ett uthus av stock, och delvis av br\u00e4der, uppf\u00f6rt 1868 och det l\u00e4mnades ocks\u00e5 utan f\u00f6rs\u00e4kring.<\/p>\n<p>Hela f\u00f6rs\u00e4kringsbeloppet blev allts\u00e5 3\u00a0000 mark och den \u00e5rliga intr\u00e4desavgiften ber\u00e4knades till 25, 08 mark. Den h\u00e4r avgiften eller premien g\u00e4llde i 5 \u00e5rs tid och premien skulle d\u00e5 justeras i samband med att byggnaderna och brandredskapen granskades.<\/p>\n<p>D\u00e5 f\u00f6rs\u00e4kringen tecknades uppgav \u00e4nkan Hedkrok att det p\u00e5 tomten inte fanns n\u00e5gra eldfarliga inr\u00e4ttningar. P\u00e5 tomten fanns det d\u00e4remot en tr\u00e4dg\u00e5rd, d\u00e4r det fanns lummiga l\u00f6vtr\u00e4d och s\u00e5dana fanns det rikligt av ocks\u00e5 p\u00e5 tomterna 215, 216 och 217. Dessa uppgifter togs i beaktande d\u00e5 intr\u00e4desavgiften eller premien skulle ber\u00e4knas.<\/p>\n<figure id=\"attachment_25891\" aria-describedby=\"caption-attachment-25891\" style=\"width: 1001px\" class=\"wp-caption alignnone\"><img loading=\"lazy\" decoding=\"async\" class=\"size-full wp-image-25891\" src=\"https:\/\/www.kristinestadshistoria.fi\/wp-content\/uploads\/2023\/04\/Tomtkarta-1893-stor.jpg\" alt=\"\" width=\"1001\" height=\"793\" srcset=\"https:\/\/www.kristinestadshistoria.fi\/wp-content\/uploads\/2023\/04\/Tomtkarta-1893-stor.jpg 1001w, https:\/\/www.kristinestadshistoria.fi\/wp-content\/uploads\/2023\/04\/Tomtkarta-1893-stor-300x238.jpg 300w, https:\/\/www.kristinestadshistoria.fi\/wp-content\/uploads\/2023\/04\/Tomtkarta-1893-stor-768x608.jpg 768w\" sizes=\"auto, (max-width: 1001px) 100vw, 1001px\" \/><figcaption id=\"caption-attachment-25891\" class=\"wp-caption-text\">S\u00e5 h\u00e4r s\u00e5g den planteckning ut som sj\u00f6mans\u00e4nkan Wilhelmina Hedkriok l\u00e4t rita upp \u00e5r 1893, d\u00e5 hon brandf\u00f6rs\u00e4krade byggnaderna p\u00e5 sina tv\u00e5 tomter i Norrstan. Hennes namnteckning fr\u00e5n f\u00f6rs\u00e4kringsbrevet \u00e4r inf\u00e4llt i nedre kanten.<\/figcaption><\/figure>\n<h2><strong>Brandf\u00f6rs\u00e4kringen \u00e5r 1903.<\/strong><\/h2>\n<p>\u00c5r 1898 hade sj\u00f6mans\u00e4nkan Wilhelmina Hedkrok s\u00e5lt den ena g\u00e5rden \u00e5t poliskonstapel Johan Niemi och den 11 november 1903 tecknade de en gemensam brandf\u00f6rs\u00e4kring p\u00e5 sina g\u00e5rdar eftersom flera f\u00f6rb\u00e4ttringar har gjorts och att de f\u00f6ljaktligen hade f\u00e5tt h\u00f6gre v\u00e4rde. Byggnaderna storlek var nu uppm\u00e4tta med en centimeters noggrannhet.<\/p>\n<figure id=\"attachment_26249\" aria-describedby=\"caption-attachment-26249\" style=\"width: 2175px\" class=\"wp-caption alignnone\"><img loading=\"lazy\" decoding=\"async\" class=\"size-full wp-image-26249\" src=\"https:\/\/www.kristinestadshistoria.fi\/wp-content\/uploads\/2023\/05\/Tomtkarta-1903-liten-3.jpg\" alt=\"\" width=\"2175\" height=\"1828\" srcset=\"https:\/\/www.kristinestadshistoria.fi\/wp-content\/uploads\/2023\/05\/Tomtkarta-1903-liten-3.jpg 2175w, https:\/\/www.kristinestadshistoria.fi\/wp-content\/uploads\/2023\/05\/Tomtkarta-1903-liten-3-300x252.jpg 300w, https:\/\/www.kristinestadshistoria.fi\/wp-content\/uploads\/2023\/05\/Tomtkarta-1903-liten-3-1024x861.jpg 1024w, https:\/\/www.kristinestadshistoria.fi\/wp-content\/uploads\/2023\/05\/Tomtkarta-1903-liten-3-768x645.jpg 768w, https:\/\/www.kristinestadshistoria.fi\/wp-content\/uploads\/2023\/05\/Tomtkarta-1903-liten-3-1536x1291.jpg 1536w, https:\/\/www.kristinestadshistoria.fi\/wp-content\/uploads\/2023\/05\/Tomtkarta-1903-liten-3-2048x1721.jpg 2048w\" sizes=\"auto, (max-width: 2175px) 100vw, 2175px\" \/><figcaption id=\"caption-attachment-26249\" class=\"wp-caption-text\">D\u00e5 g\u00e5rds\u00e4garna Hedkrok och Niemi \u00e5r 1903 tecknade en ny brandf\u00f6rs\u00e4kring, s\u00e5 var byggnaderna placerade p\u00e5 detta vis. Byggnaderna 2 och 5 stod delvis utanf\u00f6r stadslinjen, medan nr 3 och 5 stod f\u00f6r n\u00e4ra tomtgr\u00e4nsen. Det var endast huvudbyggnaden nr 1 som uppfyllde kraven enligt stadens nya byggnadsordning. Den bl\u00e5a linjen visar tomten storlek och mot Norra Kvarnberget visar den var stadslinjen gick.<\/figcaption><\/figure>\n<p><strong>Byggnad nr 1<\/strong> var 8,91 m l\u00e5ng och 5,34 m bred och hade ett tak av asfaltfilt. Den f\u00f6rs\u00e4krades f\u00f6r 2\u00a0500 mk.<\/p>\n<p><strong>Byggnad nr 2<\/strong> var 11,58 m l\u00e5ng och 5,1 m bred och hade ocks\u00e5 asfalttak. Den f\u00f6rs\u00e4krades f\u00f6r 1\u00a0600 mark.<\/p>\n<p><strong>Byggnad nr 3<\/strong> var 15,15 m l\u00e5ng och 4,31 m bred och taket var fortfarande lagt med br\u00e4der. Den f\u00f6rs\u00e4krades f\u00f6r 200 mark.<\/p>\n<p><strong>Byggnad nr 4<\/strong> f\u00f6rs\u00e4krades nu f\u00f6r f\u00f6rsta g\u00e5ngen. Det var ett boningshus av timmer i gott skick, uppf\u00f6rt \u00e5r 1852. Det var br\u00e4dfodrat och m\u00e5lat med kompositionsf\u00e4rd och hade ett tak av asfaltfilt.\u00a0 Det var 6,52 m l\u00e5ngt och 4,45 m brett och d\u00e4r fanns tv\u00e5 boningsrum.<\/p>\n<p>Den h\u00e4r byggnaden f\u00f6rs\u00e4krades nu f\u00f6r 1\u00a0600 mark.<\/p>\n<p><strong>Byggnad nr 5<\/strong> blev nu ocks\u00e5 brandf\u00f6rs\u00e4krat. Det var en uthusbyggnad av timmer och delvis av korsvirke och br\u00e4der. Det var byggt \u00e5r 1868, br\u00e4dfodrat och m\u00e5lat och taket var lagt med asfaltfilt. Det var 14,9 m l\u00e5ngt och 4 m brett och d\u00e4r fanns tv\u00e5 vedlider, stall, foderlada och latrin med spillningskast.<\/p>\n<p>Uthuset f\u00f6rs\u00e4krades f\u00f6r 500 mark.<\/p>\n<p>F\u00f6rutom dessa fem byggnader s\u00e5 f\u00f6rs\u00e4krade de b\u00e5da g\u00e5rds\u00e4garna ocks\u00e5 den m\u00e5lade ink\u00f6rsporten f\u00f6r 100 mark. Den var gjord av stock och plankor och i f\u00f6rs\u00e4kringen ingick b\u00e5de g\u00e5ngj\u00e4rn och l\u00e5s.<\/p>\n<p>Ett plank f\u00f6rs\u00e4krades f\u00f6r 100 mark, det var gjort av stock och br\u00e4der, det var 20 m l\u00e5ngt och 1,80 m h\u00f6gt.<\/p>\n<p>Hela f\u00f6rs\u00e4kringsbeloppet var 6 600 mark och den \u00e5rliga f\u00f6rs\u00e4kringspremien ber\u00e4knades till 50,12 mk.<\/p>\n<p>Hedkrok och Niemi uppgav att n\u00e5gon tr\u00e4dg\u00e5rd inte fanns p\u00e5 tomten och att d\u00e4r fanns endast ett lummigt l\u00f6vtr\u00e4d. De uppgav ocks\u00e5 att alla byggnader nu \u00e4r f\u00f6rs\u00e4krade och att det p\u00e5 tomten inte fanns n\u00e5gra eldfarliga inr\u00e4ttningar.<\/p>\n<p>Brandstodsbolagets lokala agent, sj\u00f6kapten Wilhelm Hagen uppgav i sin rapport att enligt den nya byggnadsordningen s\u00e5 \u00e4r samtliga byggnader, utom huvudbyggnaden lagstridiga. Tv\u00e5 byggnader st\u00e5r delvis utanf\u00f6r stadslinjen och tv\u00e5 andra f\u00f6r n\u00e4ra varandra och f\u00f6r n\u00e4ra tomtgr\u00e4nsen.\u00a0 D\u00e4remot uppgav han att byggnaden nr 1 har genomg\u00e5tt en grundlig f\u00f6rb\u00e4ttring. B\u00e5de taket och golvet \u00e4r f\u00f6rnyat, f\u00f6nstren \u00e4r utbytta och en del v\u00e4ggar och stenfoten har gjorts om. Goda materialer har anv\u00e4nts och arbetet har gjorts med omsorg och har det v\u00e4rde som b\u00e5de g\u00e5rds\u00e4garen och v\u00e4rderingsm\u00e4nnen har r\u00e4knat ut.<\/p>\n<figure id=\"attachment_26250\" aria-describedby=\"caption-attachment-26250\" style=\"width: 1136px\" class=\"wp-caption alignnone\"><img loading=\"lazy\" decoding=\"async\" class=\"size-full wp-image-26250\" src=\"https:\/\/www.kristinestadshistoria.fi\/wp-content\/uploads\/2023\/05\/Tomtkarta-1903-stor-2.jpg\" alt=\"\" width=\"1136\" height=\"2230\" srcset=\"https:\/\/www.kristinestadshistoria.fi\/wp-content\/uploads\/2023\/05\/Tomtkarta-1903-stor-2.jpg 1136w, https:\/\/www.kristinestadshistoria.fi\/wp-content\/uploads\/2023\/05\/Tomtkarta-1903-stor-2-153x300.jpg 153w, https:\/\/www.kristinestadshistoria.fi\/wp-content\/uploads\/2023\/05\/Tomtkarta-1903-stor-2-522x1024.jpg 522w, https:\/\/www.kristinestadshistoria.fi\/wp-content\/uploads\/2023\/05\/Tomtkarta-1903-stor-2-768x1508.jpg 768w, https:\/\/www.kristinestadshistoria.fi\/wp-content\/uploads\/2023\/05\/Tomtkarta-1903-stor-2-782x1536.jpg 782w, https:\/\/www.kristinestadshistoria.fi\/wp-content\/uploads\/2023\/05\/Tomtkarta-1903-stor-2-1043x2048.jpg 1043w\" sizes=\"auto, (max-width: 1136px) 100vw, 1136px\" \/><figcaption id=\"caption-attachment-26250\" class=\"wp-caption-text\">S\u00e5 h\u00e4r s\u00e5g originalkartan ut som g\u00e5rds\u00e4garna Hedkrok och Niemi bifogade brandf\u00f6rs\u00e4kringen \u00e5r 1903<\/figcaption><\/figure>\n<h3><strong>Brandf\u00f6rs\u00e4kringen \u00e5r 1913<\/strong><\/h3>\n<p><strong>\u00c5r 1913<\/strong> ville fiskhandlaren Johan Niemi teckna en ny brandf\u00f6rs\u00e4kring p\u00e5 byggnaderna, som nu v\u00e4rderades h\u00f6gre p\u00e5 grund av f\u00f6rb\u00e4ttringar och h\u00f6gre kostnader. Alla byggnader hade nu tak av asfaltfilt men inga tillbyggnader hade gjorts. Boningshuset nr 1 fr\u00e5n 1830 f\u00f6rs\u00e4krades f\u00f6r 2 700 mark, boningshuset nr 2 fr\u00e5n 1848 f\u00f6rs\u00e4krades f\u00f6r 3 000 mark, uthuset nr 3 fr\u00e5n 1860 f\u00f6r 500 mark, boningshuset nr 4 fr\u00e5n 1852 f\u00f6r 1 900 mark och uthuset nr 5 fr\u00e5n 1868 f\u00f6rs\u00e4krades f\u00f6r 700 mark.<\/p>\n<p>Alla byggnader, ink\u00f6rsporten och planket f\u00f6rs\u00e4krades f\u00f6r 9 000 mark totalt. Den \u00e5rliga premien ber\u00e4knades till 66,26 mark.<\/p>\n<figure id=\"attachment_28826\" aria-describedby=\"caption-attachment-28826\" style=\"width: 702px\" class=\"wp-caption alignnone\"><img loading=\"lazy\" decoding=\"async\" class=\"size-full wp-image-28826\" src=\"https:\/\/www.kristinestadshistoria.fi\/wp-content\/uploads\/2024\/07\/1913-planteckning-2.jpg\" alt=\"\" width=\"702\" height=\"543\" srcset=\"https:\/\/www.kristinestadshistoria.fi\/wp-content\/uploads\/2024\/07\/1913-planteckning-2.jpg 702w, https:\/\/www.kristinestadshistoria.fi\/wp-content\/uploads\/2024\/07\/1913-planteckning-2-300x232.jpg 300w\" sizes=\"auto, (max-width: 702px) 100vw, 702px\" \/><figcaption id=\"caption-attachment-28826\" class=\"wp-caption-text\">D\u00e5 Johan Niemi tecknade en ny brandf\u00f6rs\u00e4kring \u00e5r 1913 s\u00e5 var byggnaderna p\u00e5 de b\u00e5da tomterna 225 och 226 placerade p\u00e5 detta s\u00e4tt. Inf\u00e4llt i nedre kanten Johan Niemis underskrift .<\/figcaption><\/figure>\n","protected":false},"excerpt":{"rendered":"<p>Sammanst\u00e4llt av Lasse Backlund. Uppgifterna \u00e4r tagna ur gamla f\u00f6rs\u00e4kringsbrev, som finns p\u00e5 Riksarkivet. Brandf\u00f6rs\u00e4kringen \u00e5r 1893. \u00c5r 1832 bildades \u201dAllm\u00e4nna Brandstodsbolaget i Finland\u201d i Helsingfors och det var f\u00f6rst i februari1893, som byggnaderna f\u00f6rs\u00e4krades f\u00f6r f\u00f6rsta g\u00e5ngen. Sj\u00f6mans\u00e4nkan Wilhelmina <a class=\"more-link\" href=\"https:\/\/www.kristinestadshistoria.fi\/?page_id=25888\">Forts\u00e4tt l\u00e4sa <span class=\"screen-reader-text\">  Den f\u00f6rs\u00e4krade g\u00e5rden p\u00e5 tomterna \u00a0nr 225 o 226<\/span><span class=\"meta-nav\">&rarr;<\/span><\/a><\/p>\n","protected":false},"author":1,"featured_media":0,"parent":23379,"menu_order":10,"comment_status":"closed","ping_status":"closed","template":"","meta":{"footnotes":""},"class_list":["post-25888","page","type-page","status-publish","hentry"],"_links":{"self":[{"href":"https:\/\/www.kristinestadshistoria.fi\/index.php?rest_route=\/wp\/v2\/pages\/25888","targetHints":{"allow":["GET"]}}],"collection":[{"href":"https:\/\/www.kristinestadshistoria.fi\/index.php?rest_route=\/wp\/v2\/pages"}],"about":[{"href":"https:\/\/www.kristinestadshistoria.fi\/index.php?rest_route=\/wp\/v2\/types\/page"}],"author":[{"embeddable":true,"href":"https:\/\/www.kristinestadshistoria.fi\/index.php?rest_route=\/wp\/v2\/users\/1"}],"replies":[{"embeddable":true,"href":"https:\/\/www.kristinestadshistoria.fi\/index.php?rest_route=%2Fwp%2Fv2%2Fcomments&post=25888"}],"version-history":[{"count":10,"href":"https:\/\/www.kristinestadshistoria.fi\/index.php?rest_route=\/wp\/v2\/pages\/25888\/revisions"}],"predecessor-version":[{"id":28827,"href":"https:\/\/www.kristinestadshistoria.fi\/index.php?rest_route=\/wp\/v2\/pages\/25888\/revisions\/28827"}],"up":[{"embeddable":true,"href":"https:\/\/www.kristinestadshistoria.fi\/index.php?rest_route=\/wp\/v2\/pages\/23379"}],"wp:attachment":[{"href":"https:\/\/www.kristinestadshistoria.fi\/index.php?rest_route=%2Fwp%2Fv2%2Fmedia&parent=25888"}],"curies":[{"name":"wp","href":"https:\/\/api.w.org\/{rel}","templated":true}]}}