{"id":25874,"date":"2023-04-05T17:19:30","date_gmt":"2023-04-05T14:19:30","guid":{"rendered":"https:\/\/www.kristinestadshistoria.fi\/?page_id=25874"},"modified":"2025-03-21T18:36:50","modified_gmt":"2025-03-21T16:36:50","slug":"den-forsakrade-garden-pa-tomt-nr-203-norra-halvan","status":"publish","type":"page","link":"https:\/\/www.kristinestadshistoria.fi\/?page_id=25874","title":{"rendered":"Den f\u00f6rs\u00e4krade g\u00e5rden p\u00e5 tomt nr 203, norra halvan."},"content":{"rendered":"<p><span style=\"color: #000080;\"><strong>Sammanst\u00e4llt av Lasse Backlund. Uppgifterna \u00e4r tagna ur gamla f\u00f6rs\u00e4kringsbrev, som finns p\u00e5 Riksarkivet.<\/strong><\/span><\/p>\n<h3><strong>Brandf\u00f6rs\u00e4kringen \u00e5r 1889.<\/strong><\/h3>\n<p>\u00c5r 1832 bildades \u201dAllm\u00e4nna Brandstodsbolaget i Finland\u201d i Helsingfors men det var f\u00f6rst i februari 1889, som g\u00e5rden f\u00f6rs\u00e4krades f\u00f6r f\u00f6rsta g\u00e5ngen d\u00e5 sj\u00f6mannen Anders Lager ans\u00f6kte om att hans g\u00e5rd skulle f\u00f6rs\u00e4kras mot eldskada. F\u00f6rs\u00e4kringsans\u00f6kan skulle g\u00f6ras till bolaget och Lager uppgav d\u00e5 att p\u00e5 tomten fanns det n\u00f6diga brandredskap, n\u00e4mligen 2 brandstegar, 2 brandhakar och 2 brand\u00e4mbare, alla m\u00e4rkta med tomtens nummer i oljef\u00e4rg.<\/p>\n<p>Lager uppgav att det p\u00e5 tomten fanns en brunn, som kunde anv\u00e4ndas vid en eventuell eldsv\u00e5da.<\/p>\n<p>Lager uppgav ocks\u00e5 att hans tomt var 1 139 \u201dQvadrat alnar i areal vidd\u201d (ca 400 m\u00b2).<\/p>\n<figure id=\"attachment_25883\" aria-describedby=\"caption-attachment-25883\" style=\"width: 942px\" class=\"wp-caption alignnone\"><img loading=\"lazy\" decoding=\"async\" class=\"size-full wp-image-25883\" src=\"https:\/\/www.kristinestadshistoria.fi\/wp-content\/uploads\/2023\/04\/Tomtkarta-1889-liten-2.jpg\" alt=\"\" width=\"942\" height=\"552\" srcset=\"https:\/\/www.kristinestadshistoria.fi\/wp-content\/uploads\/2023\/04\/Tomtkarta-1889-liten-2.jpg 942w, https:\/\/www.kristinestadshistoria.fi\/wp-content\/uploads\/2023\/04\/Tomtkarta-1889-liten-2-300x176.jpg 300w, https:\/\/www.kristinestadshistoria.fi\/wp-content\/uploads\/2023\/04\/Tomtkarta-1889-liten-2-768x450.jpg 768w\" sizes=\"auto, (max-width: 942px) 100vw, 942px\" \/><figcaption id=\"caption-attachment-25883\" class=\"wp-caption-text\">D\u00e5 Anders Lager tecknade en brandf\u00f6rs\u00e4kring p\u00e5 sin g\u00e5rd, s\u00e5 skulle byggnaderna p\u00e5 den egna och granntomterna ritas ut och s\u00e5 h\u00e4r s\u00e5g hans planteckning ut i renritad form.<\/figcaption><\/figure>\n<p>Det fanns tv\u00e5 byggnader p\u00e5 tomten \u00e5r 1889, som sj\u00f6mannen Lager ville f\u00f6rs\u00e4kra:<\/p>\n<h5><strong>Byggnaden nr 1:<\/strong><\/h5>\n<p>Ett boningshus av timmer i gott skick, uppf\u00f6rt \u00e5r 1820, br\u00e4dfodrat och m\u00e5lat med slamf\u00e4rg. Taket var gjort av br\u00e4der med ett undertak av n\u00e4ver. Byggnaden var 15 alnar (9 m) l\u00e5ng, i en v\u00e5ning och d\u00e4r fanns 3 boningsrum och i dessa totalt tv\u00e5 kakelugnar och en k\u00f6ksspis med h\u00e4lla. P\u00e5 g\u00e5rdssidan fanns en veranda uppf\u00f6rd av korsvirke och br\u00e4der.<\/p>\n<p>Byggnaden f\u00f6rs\u00e4krades f\u00f6r 1 800 mark.<\/p>\n<h5><strong>Byggnad nr 2:<\/strong><\/h5>\n<p>En uthusbyggnad uppf\u00f6rd \u00e5r 1824, av stock men delvis av korsvirke och br\u00e4der, m\u00e5lat och hade ett tak av br\u00e4der och n\u00e4ver. I uthuset fanns ett magasin, h\u00f6lada, f\u00e4hus och latrin med spillningskast.<\/p>\n<p>Uthuset v\u00e4rderades till 500 mark.<\/p>\n<p>N\u00e5gra fler byggnader fanns inte p\u00e5 tomten men sj\u00f6man Lager f\u00f6rs\u00e4krade ink\u00f6rsporten med g\u00e5ngport f\u00f6r 100 mark och den var gjord av stock och plankor. Han f\u00f6rs\u00e4krade ocks\u00e5 planket runt tomten f\u00f6r 50 mark, som var 3 \u00bd alnar h\u00f6gt och 39 alnar l\u00e5ngt.<\/p>\n<p>Hela f\u00f6rs\u00e4kringen var p\u00e5 totalt 2 450 mark och den \u00e5rliga intr\u00e4desavgiften ber\u00e4knades till 21,07 mark. Den h\u00e4r avgiften eller premien g\u00e4llde i 5 \u00e5rs tid och premien skulle d\u00e5 justeras i samband med att byggnaderna och brandredskapen granskades.<\/p>\n<figure id=\"attachment_25884\" aria-describedby=\"caption-attachment-25884\" style=\"width: 1143px\" class=\"wp-caption alignnone\"><img loading=\"lazy\" decoding=\"async\" class=\"size-full wp-image-25884\" src=\"https:\/\/www.kristinestadshistoria.fi\/wp-content\/uploads\/2023\/04\/Tomtkarta-1889-sto-2r.jpg\" alt=\"\" width=\"1143\" height=\"782\" srcset=\"https:\/\/www.kristinestadshistoria.fi\/wp-content\/uploads\/2023\/04\/Tomtkarta-1889-sto-2r.jpg 1143w, https:\/\/www.kristinestadshistoria.fi\/wp-content\/uploads\/2023\/04\/Tomtkarta-1889-sto-2r-300x205.jpg 300w, https:\/\/www.kristinestadshistoria.fi\/wp-content\/uploads\/2023\/04\/Tomtkarta-1889-sto-2r-1024x701.jpg 1024w, https:\/\/www.kristinestadshistoria.fi\/wp-content\/uploads\/2023\/04\/Tomtkarta-1889-sto-2r-768x525.jpg 768w\" sizes=\"auto, (max-width: 1143px) 100vw, 1143px\" \/><figcaption id=\"caption-attachment-25884\" class=\"wp-caption-text\">S\u00e5 h\u00e4r s\u00e5g den planteckning ut som sj\u00f6mannen Anders Lager l\u00e4t rita upp d\u00e5 han skulle brandf\u00f6rs\u00e4kra sin g\u00e5rd p\u00e5 Strandgatan. Inf\u00e4lld i nedre kanten Anders Lagers namnteckning p\u00e5 f\u00f6rs\u00e4kringsbrevet.<\/figcaption><\/figure>\n<h3><strong>Brandf\u00f6rs\u00e4kringen \u00e5r 1909<\/strong><\/h3>\n<p>Den 4 november 1909 tecknade g\u00e5rds\u00e4garen Johan <span style=\"text-decoration: underline;\">Wilhelm<\/span> Forsstr\u00f6m en ny brandf\u00f6rs\u00e4kring p\u00e5 tv\u00e5 byggnader p\u00e5 sin tomt nr 203. P\u00e5 huvudbyggnaden hade det gjorts flera f\u00f6rb\u00e4ttringar och uthuset var nybyggt. Tomtens storlek och placering var of\u00f6r\u00e4ndrade.<\/p>\n<figure id=\"attachment_26877\" aria-describedby=\"caption-attachment-26877\" style=\"width: 740px\" class=\"wp-caption alignnone\"><img loading=\"lazy\" decoding=\"async\" class=\"size-full wp-image-26877\" src=\"https:\/\/www.kristinestadshistoria.fi\/wp-content\/uploads\/2023\/07\/Tomtkarta-1909-liten.jpg\" alt=\"\" width=\"740\" height=\"745\" srcset=\"https:\/\/www.kristinestadshistoria.fi\/wp-content\/uploads\/2023\/07\/Tomtkarta-1909-liten.jpg 740w, https:\/\/www.kristinestadshistoria.fi\/wp-content\/uploads\/2023\/07\/Tomtkarta-1909-liten-298x300.jpg 298w, https:\/\/www.kristinestadshistoria.fi\/wp-content\/uploads\/2023\/07\/Tomtkarta-1909-liten-150x150.jpg 150w\" sizes=\"auto, (max-width: 740px) 100vw, 740px\" \/><figcaption id=\"caption-attachment-26877\" class=\"wp-caption-text\">Det var den 4 november 1909, som sj\u00f6mannen Johan<span style=\"text-decoration: underline;\"> Wilhelm<\/span> Forsstr\u00f6m tecknade en ny brandf\u00f6rs\u00e4kring. Han l\u00e4t d\u00e5 bifoga denna renritade planteckning till f\u00f6rs\u00e4kringsbrevet. Inf\u00e4llt i nedre kanten hans underteckning p\u00e5 f\u00f6rs\u00e4kringsbrevet.<\/figcaption><\/figure>\n<h5><strong>Byggnad nr 1:<\/strong><\/h5>\n<p>Ett boningshus av timmer i gott skick, uppf\u00f6rt \u00e5r 1820, som nu hade ett tak av asfaltfilt. Det var 8,91 m l\u00e5ngt och 4,75 m brett och i huset fanns det 3 boningsrum. P\u00e5 g\u00e5rden fanns en veranda uppf\u00f6rd av korsvirke och br\u00e4der.<\/p>\n<p>Huset f\u00f6rs\u00e4krades f\u00f6r 3\u00a0300 mark.<\/p>\n<h5><strong>Byggnad nr 2:<\/strong><\/h5>\n<p>En uthusbyggnad av stock uppf\u00f6rd och delvis av korsvirke och br\u00e4der \u00e5r 1899. Uthuset, som var i gott skick var inte br\u00e4dfodrat men m\u00e5lat med kompositionsf\u00e4rg och hade ett tak av asfaltfilt. Uthuset var 12,5 m l\u00e5ngt och 5,3 m brett och d\u00e4r fanns en f\u00f6rr\u00e5dsbod, stall, f\u00e4hus, foderlada och latrin med spillningskast.<\/p>\n<p>Uthuset f\u00f6rs\u00e4krades f\u00f6r 1\u00a0000 mark.<\/p>\n<p>P\u00e5 tomten fanns ocks\u00e5 ett \u00f6ppet br\u00e4dskjul f\u00f6r k\u00f6rredskap, nr 3 som inte brandf\u00f6rs\u00e4krades. Skjulet var uppf\u00f6rt \u00e5r 1903 och hade filttak. D\u00e4remot f\u00f6rs\u00e4krades den m\u00e5lade ink\u00f6rsporten nr 100 mark. planket f\u00f6rs\u00e4krades ocks\u00e5 f\u00f6r 100 mark, det var 18,5 m l\u00e5ng och 2 meter h\u00f6gt.<\/p>\n<p>Hela f\u00f6rs\u00e4kringen gick allts\u00e5 p\u00e5 4\u00a0500 mark och den \u00e5rliga brandf\u00f6rs\u00e4kringen ber\u00e4knades till 33, 71 mark.<\/p>\n<figure id=\"attachment_26878\" aria-describedby=\"caption-attachment-26878\" style=\"width: 475px\" class=\"wp-caption alignnone\"><img loading=\"lazy\" decoding=\"async\" class=\"size-full wp-image-26878\" src=\"https:\/\/www.kristinestadshistoria.fi\/wp-content\/uploads\/2023\/07\/Tomtkarta-1909-stor.jpg\" alt=\"\" width=\"475\" height=\"807\" srcset=\"https:\/\/www.kristinestadshistoria.fi\/wp-content\/uploads\/2023\/07\/Tomtkarta-1909-stor.jpg 475w, https:\/\/www.kristinestadshistoria.fi\/wp-content\/uploads\/2023\/07\/Tomtkarta-1909-stor-177x300.jpg 177w\" sizes=\"auto, (max-width: 475px) 100vw, 475px\" \/><figcaption id=\"caption-attachment-26878\" class=\"wp-caption-text\">S\u00e5 h\u00e4r s\u00e5g den original planteckning ut som Johan Wilhelm bifogade f\u00f6rs\u00e4kringsbrevet.<\/figcaption><\/figure>\n<h3><strong>Brandf\u00f6rs\u00e4kringen 1922.<\/strong><\/h3>\n<p><strong>\u00c5r 1922<\/strong> tecknade Wilhelm Forsstr\u00f6ms arvingar en ny brandf\u00f6rs\u00e4kring p\u00e5 de tre byggnaderna som fanns p\u00e5 tomten. N\u00e5gra st\u00f6rre f\u00f6rb\u00e4ttringar hade inte gjorts men p\u00e5 grund av den h\u00f6ga inflationen m\u00e5ste f\u00f6rs\u00e4kringsv\u00e4rdena justeras regelbundet. Samtliga byggnader f\u00f6rs\u00e4krades nu f\u00f6r 17 000 mark och i summan ingick ocks\u00e5 planket och porten.<\/p>\n","protected":false},"excerpt":{"rendered":"<p>Sammanst\u00e4llt av Lasse Backlund. Uppgifterna \u00e4r tagna ur gamla f\u00f6rs\u00e4kringsbrev, som finns p\u00e5 Riksarkivet. Brandf\u00f6rs\u00e4kringen \u00e5r 1889. \u00c5r 1832 bildades \u201dAllm\u00e4nna Brandstodsbolaget i Finland\u201d i Helsingfors men det var f\u00f6rst i februari 1889, som g\u00e5rden f\u00f6rs\u00e4krades f\u00f6r f\u00f6rsta g\u00e5ngen d\u00e5 <a class=\"more-link\" href=\"https:\/\/www.kristinestadshistoria.fi\/?page_id=25874\">Forts\u00e4tt l\u00e4sa <span class=\"screen-reader-text\">  Den f\u00f6rs\u00e4krade g\u00e5rden p\u00e5 tomt nr 203, norra halvan.<\/span><span class=\"meta-nav\">&rarr;<\/span><\/a><\/p>\n","protected":false},"author":1,"featured_media":0,"parent":23261,"menu_order":10,"comment_status":"closed","ping_status":"closed","template":"","meta":{"footnotes":""},"class_list":["post-25874","page","type-page","status-publish","hentry"],"_links":{"self":[{"href":"https:\/\/www.kristinestadshistoria.fi\/index.php?rest_route=\/wp\/v2\/pages\/25874","targetHints":{"allow":["GET"]}}],"collection":[{"href":"https:\/\/www.kristinestadshistoria.fi\/index.php?rest_route=\/wp\/v2\/pages"}],"about":[{"href":"https:\/\/www.kristinestadshistoria.fi\/index.php?rest_route=\/wp\/v2\/types\/page"}],"author":[{"embeddable":true,"href":"https:\/\/www.kristinestadshistoria.fi\/index.php?rest_route=\/wp\/v2\/users\/1"}],"replies":[{"embeddable":true,"href":"https:\/\/www.kristinestadshistoria.fi\/index.php?rest_route=%2Fwp%2Fv2%2Fcomments&post=25874"}],"version-history":[{"count":6,"href":"https:\/\/www.kristinestadshistoria.fi\/index.php?rest_route=\/wp\/v2\/pages\/25874\/revisions"}],"predecessor-version":[{"id":29629,"href":"https:\/\/www.kristinestadshistoria.fi\/index.php?rest_route=\/wp\/v2\/pages\/25874\/revisions\/29629"}],"up":[{"embeddable":true,"href":"https:\/\/www.kristinestadshistoria.fi\/index.php?rest_route=\/wp\/v2\/pages\/23261"}],"wp:attachment":[{"href":"https:\/\/www.kristinestadshistoria.fi\/index.php?rest_route=%2Fwp%2Fv2%2Fmedia&parent=25874"}],"curies":[{"name":"wp","href":"https:\/\/api.w.org\/{rel}","templated":true}]}}