{"id":25866,"date":"2023-04-04T21:25:24","date_gmt":"2023-04-04T18:25:24","guid":{"rendered":"https:\/\/www.kristinestadshistoria.fi\/?page_id=25866"},"modified":"2023-04-24T23:42:45","modified_gmt":"2023-04-24T20:42:45","slug":"den-forsakrade-garden-pa-tomt-nr-80","status":"publish","type":"page","link":"https:\/\/www.kristinestadshistoria.fi\/?page_id=25866","title":{"rendered":"Den f\u00f6rs\u00e4krade g\u00e5rden p\u00e5 tomt nr 80"},"content":{"rendered":"<p><span style=\"color: #000080;\"><strong>Uppgjort av Lasse Backlund. Uppgifterna \u00e4r tagna ur gamla f\u00f6rs\u00e4kringsbrev, som finns p\u00e5 Riksarkivet.<\/strong><\/span><\/p>\n<h3><strong>Brandf\u00f6rs\u00e4kringen \u00e5r 1887.<\/strong><\/h3>\n<p>\u00c5r 1832 bildades \u201dAllm\u00e4nna Brandstodsbolaget i Finland\u201d i Helsingfors men det var f\u00f6rst i oktober 1887, som g\u00e5rden f\u00f6rs\u00e4krades f\u00f6r f\u00f6rsta g\u00e5ngen d\u00e5 fiskaren Karl Johan Berg ans\u00f6kte om att hans g\u00e5rd skulle f\u00f6rs\u00e4kras mot eldskada. F\u00f6rs\u00e4kringsans\u00f6kan skulle g\u00f6ras till bolaget och Berg uppgav d\u00e5 att p\u00e5 tomten fanns det n\u00f6diga brandredskap, n\u00e4mligen 2 brandstegar, 2 brandhakar och 2 brand\u00e4mbare, alla m\u00e4rkta med tomtens nummer i oljef\u00e4rg.<\/p>\n<p>Berg uppgav att det p\u00e5 tomten inte fanns n\u00e5gon brunn, som kunde anv\u00e4ndas vid en eventuell eldsv\u00e5da.<\/p>\n<p>Berg uppgav ocks\u00e5 att hans tomt var 3625 \u201dQvadrat alnar i areal vidd\u201d (ca 1 300 m\u00b2).<\/p>\n<figure id=\"attachment_25868\" aria-describedby=\"caption-attachment-25868\" style=\"width: 1180px\" class=\"wp-caption alignnone\"><img loading=\"lazy\" decoding=\"async\" class=\"size-full wp-image-25868\" src=\"https:\/\/www.kristinestadshistoria.fi\/wp-content\/uploads\/2023\/04\/Tomtkarta-1887-liten.jpg\" alt=\"\" width=\"1180\" height=\"535\" srcset=\"https:\/\/www.kristinestadshistoria.fi\/wp-content\/uploads\/2023\/04\/Tomtkarta-1887-liten.jpg 1180w, https:\/\/www.kristinestadshistoria.fi\/wp-content\/uploads\/2023\/04\/Tomtkarta-1887-liten-300x136.jpg 300w, https:\/\/www.kristinestadshistoria.fi\/wp-content\/uploads\/2023\/04\/Tomtkarta-1887-liten-1024x464.jpg 1024w, https:\/\/www.kristinestadshistoria.fi\/wp-content\/uploads\/2023\/04\/Tomtkarta-1887-liten-768x348.jpg 768w\" sizes=\"auto, (max-width: 1180px) 100vw, 1180px\" \/><figcaption id=\"caption-attachment-25868\" class=\"wp-caption-text\">D\u00e5 fiskaren Karl Johan Berg skulle f\u00f6rs\u00e4kra byggnaderna p\u00e5 sin tomt vid Staketgatan, s\u00e5 skulle han bifoga en planteckning som skulle visa var byggnaderna fanns p\u00e5 tomten. S\u00e5 h\u00e4r s\u00e5g tomten ut i renritad form.<\/figcaption><\/figure>\n<p>Det fanns tre byggnader p\u00e5 tomten \u00e5r 1887, som fiskare Berg ville f\u00f6rs\u00e4kra:<\/p>\n<h5><strong>Byggnaden nr 1:<\/strong><\/h5>\n<p>Ett boningshus av timmer i gott skick, uppf\u00f6rt \u00e5r 1859, br\u00e4dfodrat och m\u00e5lat med kompositionsf\u00e4rg och den hade ett tak av p\u00e4rtor. Huset var 26 \u00bd alnar (15,9 m) l\u00e5ngt, byggt i en v\u00e5ning och d\u00e4r fanns sex boningsrum, f\u00f6rstuga och en veranda. I dessa rum fanns det 4 kakelugnar, en spis med h\u00e4lla och en annan med en bakugn.<\/p>\n<p>Byggnaden f\u00f6rs\u00e4krades f\u00f6r 2\u00a0500 mark.<\/p>\n<h5><strong>Byggnad nr 2:<\/strong><\/h5>\n<p>En uthusbyggnad uppf\u00f6rd \u00e5r 1884, dels av stock dels av korsvirke och br\u00e4der. Taket var gjort av br\u00e4der och uthuset var m\u00e5lat med kompositionsf\u00e4rg. Uthuset var 36 \u00bd alnar (21,9 m) l\u00e5ngt och d\u00e4r fanns en matbod, tv\u00e5 lider, en h\u00f6lada, f\u00f6rstuga, f\u00e4hus och latrin med spillningskast.<\/p>\n<p>Uthuset v\u00e4rderades till 400 mark.<\/p>\n<h5><strong>Byggnad nr 3:<\/strong><\/h5>\n<p>En uthusbyggnad byggd av korsvirke och br\u00e4der \u00e5r 1886, m\u00e5lat och taket var gjort av br\u00e4der. Uthuset var 11 alnar (6,6 m) l\u00e5ngt och d\u00e4r fanns tv\u00e5 redskapslider.<\/p>\n<p>Uthuset v\u00e4rderades till 100 mark.<\/p>\n<p>N\u00e5gra fler byggnader fanns inte p\u00e5 tomten men fiskare Berg f\u00f6rs\u00e4krade ink\u00f6rsporten med g\u00e5ngport f\u00f6r 50 mark och den var gjord av stock och plankor.<\/p>\n<p>Hela f\u00f6rs\u00e4kringen var p\u00e5 totalt 3\u00a0050 mark och den \u00e5rliga intr\u00e4desavgiften ber\u00e4knades till 21,28 mark. Den h\u00e4r avgiften eller premien g\u00e4llde i 5 \u00e5rs tid och premien skulle d\u00e5 justeras i samband med att byggnaderna och brandredskapen granskades.<\/p>\n<figure id=\"attachment_25869\" aria-describedby=\"caption-attachment-25869\" style=\"width: 1231px\" class=\"wp-caption alignnone\"><img loading=\"lazy\" decoding=\"async\" class=\"size-full wp-image-25869\" src=\"https:\/\/www.kristinestadshistoria.fi\/wp-content\/uploads\/2023\/04\/Tomtkarta-1887-stor.jpg\" alt=\"\" width=\"1231\" height=\"726\" srcset=\"https:\/\/www.kristinestadshistoria.fi\/wp-content\/uploads\/2023\/04\/Tomtkarta-1887-stor.jpg 1231w, https:\/\/www.kristinestadshistoria.fi\/wp-content\/uploads\/2023\/04\/Tomtkarta-1887-stor-300x177.jpg 300w, https:\/\/www.kristinestadshistoria.fi\/wp-content\/uploads\/2023\/04\/Tomtkarta-1887-stor-1024x604.jpg 1024w, https:\/\/www.kristinestadshistoria.fi\/wp-content\/uploads\/2023\/04\/Tomtkarta-1887-stor-768x453.jpg 768w\" sizes=\"auto, (max-width: 1231px) 100vw, 1231px\" \/><figcaption id=\"caption-attachment-25869\" class=\"wp-caption-text\">S\u00e5 h\u00e4r s\u00e5g original planteckningen ut som fiskaren Karl Johan Berg l\u00e4t rita upp, d\u00e5 han skulle f\u00f6rs\u00e4kra sina byggnader. I nedre kanten finns Karl Johans och hustrun Marias namnteckningar inf\u00e4llda.<\/figcaption><\/figure>\n<h2><strong>Brandf\u00f6rs\u00e4kringen 1901.<\/strong><\/h2>\n<p>Den 6 augusti 1901 ville fiskare\u00e4nkan Maria Wilhelmina Berg teckna en helt ny brandf\u00f6rs\u00e4kring p\u00e5 sina byggnader p\u00e5 tomt nr 80. Ett par uthus hade rivits och ett nytt uthus nr 2 hade uppf\u00f6rts under \u00e5ret. Tomten var 1\u00a0278 m\u00b2 stor och n\u00e5gon brunn fanns inte p\u00e5 tomten men avst\u00e5ndet till pumpbrunnen p\u00e5 H\u00e5llfastskagatan var 130 m. Den kunde anv\u00e4ndas vid en eventuell eldsv\u00e5da. Brandredskapen var i skick och de var alla f\u00f6rsedda med tomtens nummer, m\u00e5lade med oljef\u00e4rg.<\/p>\n<h5><strong>Byggnad nr 1:<\/strong><\/h5>\n<p>Ett boningshus av timmer i got skick, uppf\u00f6rt \u00e5r 1859, br\u00e4dfodrat och m\u00e5lat med kompositionsf\u00e4rg och taket var gjort av asfaltfilt. Huset var 15,74 m l\u00e5ngt och 8,46 m brett och d\u00e4r fanns sju rum och i dessa fanns det fyra kakelugnar och tv\u00e5 k\u00f6ksh\u00e4llspisar och den ena hade en bakugn. P\u00e5 g\u00e5rdssidan fanns det en veranda byggd av korsvirke och br\u00e4der.<\/p>\n<p>Hela byggnaden f\u00f6rs\u00e4krades f\u00f6r 6\u00a0700 mark<\/p>\n<h5><strong>Byggnad nr 2:<\/strong><\/h5>\n<p>En uthusbyggnad av stock och delvis av korsvirke och br\u00e4der, uppf\u00f6rd \u00e5r 1901, m\u00e5lad med kompositionsf\u00e4rg och hade ett tak av asfaltfilt. Uthusets norra sida var 21,72 m och den \u00f6stra var 18 meter och d\u00e4r fanns en matbod, ett redskapslider, ett vedlider, foderlada, f\u00e4hus med f\u00f6rstuga och latrin med spillningskast.<\/p>\n<p>Uthuset f\u00f6rs\u00e4krades f\u00f6r 1\u00a0900 mark.<\/p>\n<p>F\u00f6rutom dessa tv\u00e5 byggnader s\u00e5 ville \u00e4nkan Berg f\u00f6rs\u00e4kra den oljem\u00e5lade ink\u00f6rsporten f\u00f6r 100 mark och d\u00e4r ingick l\u00e5s, reglar, klinkor och g\u00e5ngj\u00e4rn. Planket vid tomtgr\u00e4nsen, som var gjort av stock f\u00f6rs\u00e4krades f\u00f6r 75 mark och det var 33 m l\u00e5ngt och 1,50 m h\u00f6gt. Ett staket runt tr\u00e4dg\u00e5rden f\u00f6rs\u00e4krades ocks\u00e5 f\u00f6r 75 mark och det var 50 m l\u00e5ngt och 1,20 m h\u00f6gt.<\/p>\n<p>\u00c4nkan Berg uppgav att p\u00e5 tomten fanns det inga fler byggnader fanns det inte p\u00e5 tomten och ingen tr\u00e4dg\u00e5rd heller. Lummiga, skyddande l\u00f6vtr\u00e4d saknades ocks\u00e5 men s\u00e5dana fanns det p\u00e5 granntomterna.<\/p>\n<p>Hela f\u00f6rs\u00e4kringsbeloppet uppgick till 8\u00a0850 mark och den \u00e5rliga intr\u00e4desavgiften eller premien ber\u00e4knades till 62,51 mark.<\/p>\n<figure id=\"attachment_26079\" aria-describedby=\"caption-attachment-26079\" style=\"width: 844px\" class=\"wp-caption alignnone\"><img loading=\"lazy\" decoding=\"async\" class=\"size-full wp-image-26079\" src=\"https:\/\/www.kristinestadshistoria.fi\/wp-content\/uploads\/2023\/04\/Tomtkarta-1901-Maria-Berg.jpg\" alt=\"\" width=\"844\" height=\"623\" srcset=\"https:\/\/www.kristinestadshistoria.fi\/wp-content\/uploads\/2023\/04\/Tomtkarta-1901-Maria-Berg.jpg 844w, https:\/\/www.kristinestadshistoria.fi\/wp-content\/uploads\/2023\/04\/Tomtkarta-1901-Maria-Berg-300x221.jpg 300w, https:\/\/www.kristinestadshistoria.fi\/wp-content\/uploads\/2023\/04\/Tomtkarta-1901-Maria-Berg-768x567.jpg 768w\" sizes=\"auto, (max-width: 844px) 100vw, 844px\" \/><figcaption id=\"caption-attachment-26079\" class=\"wp-caption-text\">D\u00e5 fiskare\u00e4nkan Maria Wilhelmina Berg \u00e5r 1901 ville teckna en ny brandf\u00f6rs\u00e4kring, s\u00e5 l\u00e4t hon rita upp en planteckning som visade var byggnaderna fanns. Inf\u00e4llt i nedre kanten hennes namnteckning p\u00e5 f\u00f6rs\u00e4kringsbrevet.<\/figcaption><\/figure>\n","protected":false},"excerpt":{"rendered":"<p>Uppgjort av Lasse Backlund. Uppgifterna \u00e4r tagna ur gamla f\u00f6rs\u00e4kringsbrev, som finns p\u00e5 Riksarkivet. Brandf\u00f6rs\u00e4kringen \u00e5r 1887. \u00c5r 1832 bildades \u201dAllm\u00e4nna Brandstodsbolaget i Finland\u201d i Helsingfors men det var f\u00f6rst i oktober 1887, som g\u00e5rden f\u00f6rs\u00e4krades f\u00f6r f\u00f6rsta g\u00e5ngen d\u00e5 <a class=\"more-link\" href=\"https:\/\/www.kristinestadshistoria.fi\/?page_id=25866\">Forts\u00e4tt l\u00e4sa <span class=\"screen-reader-text\">  Den f\u00f6rs\u00e4krade g\u00e5rden p\u00e5 tomt nr 80<\/span><span class=\"meta-nav\">&rarr;<\/span><\/a><\/p>\n","protected":false},"author":1,"featured_media":0,"parent":22183,"menu_order":10,"comment_status":"closed","ping_status":"closed","template":"","meta":{"footnotes":""},"class_list":["post-25866","page","type-page","status-publish","hentry"],"_links":{"self":[{"href":"https:\/\/www.kristinestadshistoria.fi\/index.php?rest_route=\/wp\/v2\/pages\/25866","targetHints":{"allow":["GET"]}}],"collection":[{"href":"https:\/\/www.kristinestadshistoria.fi\/index.php?rest_route=\/wp\/v2\/pages"}],"about":[{"href":"https:\/\/www.kristinestadshistoria.fi\/index.php?rest_route=\/wp\/v2\/types\/page"}],"author":[{"embeddable":true,"href":"https:\/\/www.kristinestadshistoria.fi\/index.php?rest_route=\/wp\/v2\/users\/1"}],"replies":[{"embeddable":true,"href":"https:\/\/www.kristinestadshistoria.fi\/index.php?rest_route=%2Fwp%2Fv2%2Fcomments&post=25866"}],"version-history":[{"count":5,"href":"https:\/\/www.kristinestadshistoria.fi\/index.php?rest_route=\/wp\/v2\/pages\/25866\/revisions"}],"predecessor-version":[{"id":26080,"href":"https:\/\/www.kristinestadshistoria.fi\/index.php?rest_route=\/wp\/v2\/pages\/25866\/revisions\/26080"}],"up":[{"embeddable":true,"href":"https:\/\/www.kristinestadshistoria.fi\/index.php?rest_route=\/wp\/v2\/pages\/22183"}],"wp:attachment":[{"href":"https:\/\/www.kristinestadshistoria.fi\/index.php?rest_route=%2Fwp%2Fv2%2Fmedia&parent=25866"}],"curies":[{"name":"wp","href":"https:\/\/api.w.org\/{rel}","templated":true}]}}