{"id":25843,"date":"2023-04-03T21:14:59","date_gmt":"2023-04-03T18:14:59","guid":{"rendered":"https:\/\/www.kristinestadshistoria.fi\/?page_id=25843"},"modified":"2025-03-20T22:30:32","modified_gmt":"2025-03-20T20:30:32","slug":"den-forsakrade-garden-pa-tomt-nr-55","status":"publish","type":"page","link":"https:\/\/www.kristinestadshistoria.fi\/?page_id=25843","title":{"rendered":"Den f\u00f6rs\u00e4krade g\u00e5rden p\u00e5 tomt nr 55"},"content":{"rendered":"<p><span style=\"color: #000080;\"><strong>Sammanst\u00e4llt av Lasse Backlund. Uppgifterna \u00e4r tagna ur gamla f\u00f6rs\u00e4kringsbrev, som finns p\u00e5 Riksarkivet.<\/strong><\/span><\/p>\n<h3><strong>Brandf\u00f6rs\u00e4kringen \u00e5r 1886.<\/strong><\/h3>\n<p>\u00c5r 1832 bildades \u201dAllm\u00e4nna Brandstodsbolaget i Finland\u201d i Helsingfors och det var f\u00f6rst i februari1885, som g\u00e5rden f\u00f6rs\u00e4krades f\u00f6r f\u00f6rsta g\u00e5ngen. Den gamla g\u00e5rden hade ju helt f\u00f6rst\u00f6rts i den stora stadsbranden 14 januari 1859 och tomten hade varit obebyggd sedan dess. Det var skomakaren Valdemar Sj\u00f6blom, som uppf\u00f6rde g\u00e5rden \u00e5r 1884 och han t\u00e4nkte inte g\u00f6ra samma misstag som den tidigare \u00e4garen, som hade g\u00e5rden of\u00f6rs\u00e4krad, d\u00e5 den brann ned. \u00a0Skomakaren Sj\u00f6blom ans\u00f6kte att hans nybyggda g\u00e5rd skulle f\u00f6rs\u00e4kras mot eldskada. F\u00f6rs\u00e4kringsans\u00f6kan skulle g\u00f6ras till bolaget och Sj\u00f6blom uppgav d\u00e5 att p\u00e5 tomten fanns det n\u00f6diga brandredskap, n\u00e4mligen 2 brandstegar, 2 brandhakar och 2 brand\u00e4mbare, alla m\u00e4rkta med tomtens nummer i oljef\u00e4rg.<\/p>\n<p>Sj\u00f6blom uppgav att det p\u00e5 tomten inte fanns n\u00e5gon brunn men att det p\u00e5 Parmansgatan fanns stadens pumpbrunn, som kunde anv\u00e4ndas vid en eventuell eldsv\u00e5da och avst\u00e5ndet till den var bara 60 alnar (36 m).<\/p>\n<p>Sj\u00f6blom uppgav att hans tomt var 2\u00a0254 \u201dQvadrat alnar i areal vidd\u201d (811 m\u00b2).<\/p>\n<figure id=\"attachment_25845\" aria-describedby=\"caption-attachment-25845\" style=\"width: 1082px\" class=\"wp-caption alignnone\"><img loading=\"lazy\" decoding=\"async\" class=\"size-full wp-image-25845\" src=\"https:\/\/www.kristinestadshistoria.fi\/wp-content\/uploads\/2023\/04\/Tomtkarta-1886-liten.jpg\" alt=\"\" width=\"1082\" height=\"495\" srcset=\"https:\/\/www.kristinestadshistoria.fi\/wp-content\/uploads\/2023\/04\/Tomtkarta-1886-liten.jpg 1082w, https:\/\/www.kristinestadshistoria.fi\/wp-content\/uploads\/2023\/04\/Tomtkarta-1886-liten-300x137.jpg 300w, https:\/\/www.kristinestadshistoria.fi\/wp-content\/uploads\/2023\/04\/Tomtkarta-1886-liten-1024x468.jpg 1024w, https:\/\/www.kristinestadshistoria.fi\/wp-content\/uploads\/2023\/04\/Tomtkarta-1886-liten-768x351.jpg 768w\" sizes=\"auto, (max-width: 1082px) 100vw, 1082px\" \/><figcaption id=\"caption-attachment-25845\" class=\"wp-caption-text\">Tomtens plankarta var enkel d\u00e5 Valdemar Sj\u00f6blom skulle brandf\u00f6rs\u00e4kra sin nya g\u00e5rd p\u00e5 tomt nr 55. S\u00e5 h\u00e4r s\u00e5g den ut i renritad form.<\/figcaption><\/figure>\n<p>Det fanns bara en byggnad p\u00e5 tomten \u00e5r 1886, som Sj\u00f6blom ville f\u00f6rs\u00e4kra:<\/p>\n<h4><strong>Byggnaden:<\/strong><\/h4>\n<p>Ett boningshus av timmer i gott skick, uppf\u00f6rt \u00e5r 1884, varken br\u00e4dfodrat eller m\u00e5lat och hade ett tak av asfaltfilt. Byggnaden var 27 alnar (16,2 m) l\u00e5ngt, 10 \u00bd alnar brett och h\u00f6jden fr\u00e5n marken till takkammen 13 alnar. Byggnaden har en v\u00e5ning och d\u00e4r fanns fem boningsrum, och i dessa fanns det 5 kakelugnar och en kokspis med h\u00e4lla.<\/p>\n<p>Den h\u00e4r huvudbyggnaden f\u00f6rs\u00e4krades f\u00f6r 3\u00a0000 mark.<\/p>\n<p>N\u00e5gra andra byggnader fanns inte p\u00e5 tomten men Sj\u00f6blom f\u00f6rs\u00e4krade ink\u00f6rsporten f\u00f6r 100 mark och den var gjord av stock och plankor.<\/p>\n<p>Den \u00e5rliga intr\u00e4desavgiften ber\u00e4knades till 19, 15 mark. Den h\u00e4r avgiften eller premien g\u00e4llde i 5 \u00e5rs tid och premien skulle d\u00e5 justeras i samband med att byggnaderna och brandredskapen granskades.<\/p>\n<figure id=\"attachment_25846\" aria-describedby=\"caption-attachment-25846\" style=\"width: 959px\" class=\"wp-caption alignnone\"><img loading=\"lazy\" decoding=\"async\" class=\"size-full wp-image-25846\" src=\"https:\/\/www.kristinestadshistoria.fi\/wp-content\/uploads\/2023\/04\/Tomtkarta-1886-stor.jpg\" alt=\"\" width=\"959\" height=\"662\" srcset=\"https:\/\/www.kristinestadshistoria.fi\/wp-content\/uploads\/2023\/04\/Tomtkarta-1886-stor.jpg 959w, https:\/\/www.kristinestadshistoria.fi\/wp-content\/uploads\/2023\/04\/Tomtkarta-1886-stor-300x207.jpg 300w, https:\/\/www.kristinestadshistoria.fi\/wp-content\/uploads\/2023\/04\/Tomtkarta-1886-stor-768x530.jpg 768w\" sizes=\"auto, (max-width: 959px) 100vw, 959px\" \/><figcaption id=\"caption-attachment-25846\" class=\"wp-caption-text\">S\u00e5 h\u00e4r s\u00e5g original planteckningen ut som Valdemar Sj\u00f6blom l\u00e4t rita upp d\u00e5 hans nya g\u00e5rd skulle brandf\u00f6rs\u00e4kras \u00e5r 1886. Han underskrift finns inf\u00e4lld i nedre kanten.<\/figcaption><\/figure>\n<h2><strong>Brandf\u00f6rs\u00e4kringen \u00e5r 1912<\/strong><\/h2>\n<p>\u00c5r 1912, den 30 september tecknade den nya \u00e4garen \u201dB\u00f6nehusf\u00f6reningen i Kristinestad\u201d en helt ny brandf\u00f6rs\u00e4kring p\u00e5 de tv\u00e5 byggnader, som stod p\u00e5 tomten. F\u00f6reningen uppgav att tomten var 794 kvm stor och gr\u00e4nsade mot V\u00e4stra L\u00e5nggatan, som p\u00e5 detta st\u00e4lle var 8,91 m bred. 36 meter fr\u00e5n tomtgr\u00e4nsen stod stadens pumpbrunn och p\u00e5 tomten fanns alla n\u00f6dv\u00e4ndiga brandredskap.<\/p>\n<h5><strong>Byggnad nr 1.<\/strong><\/h5>\n<p>Ett boningshus av timmer i gott skick, uppf\u00f6rt \u00e5r 1884, br\u00e4dfodrat och m\u00e5lat med oljef\u00e4rg och taket var lagt med asfaltfilt. Byggnaden var 15,56 m l\u00e5ng och 6,52 meter bred och i byggnaden fanns det fem rum och p\u00e5 g\u00e5rdssidan en veranda uppf\u00f6rd av korsvirke och br\u00e4der.<\/p>\n<p>Byggnaden f\u00f6rs\u00e4krades f\u00f6r 6\u00a0500 mark<\/p>\n<h5><strong>Byggnad nr 2.<\/strong><\/h5>\n<p>En uthusbyggnad av stock och delvis av korsvirke och br\u00e4der, uppf\u00f6rd \u00e5r 1890 och den var i gott skick. Den var br\u00e4dfodrad och m\u00e5lad med kompositionsf\u00e4rg och taket var lagt med asfaltfilt. Huset var byggt i vinkel och den norra sidan var 14,25 m l\u00e5ng, den v\u00e4stra 14,85 meter, i \u00f6ster 3,85 meter och den s\u00f6dra gaveln var 5,34 m bred. I uthuset fanns en f\u00f6rr\u00e5dsbod, vedlider, foderlada, stall, latrin med spillningskast och ett f\u00e4hus med f\u00f6rstuga.<\/p>\n<p>Uthuset f\u00f6rs\u00e4krades f\u00f6r 2 500 mark.<\/p>\n<p>F\u00f6rutom dessa tv\u00e5 byggnader f\u00f6rs\u00e4krades ink\u00f6rsporten f\u00f6r 100 mark, den var gjord av plankor och br\u00e4der. Runt tomten fanns ett 25 meter l\u00e5ngt plank, som var 1,80 meter h\u00f6gt och det f\u00f6rs\u00e4krades f\u00f6r 100 mark.<\/p>\n<p>Hela f\u00f6rs\u00e4kringsbeloppet uppgick allts\u00e5 till 9\u00a0000 mark. P\u00e5 tomten eller i dess n\u00e4rhet fanns det n\u00e5gra eldfarliga inr\u00e4ttningar. P\u00e5 tomten och p\u00e5 granntomterna fanns det d\u00e4remot flera stora lummiga l\u00f6vtr\u00e4d. Den \u00e5rliga f\u00f6rs\u00e4kringspremien ber\u00e4knades till 66 mark 54 penni.<\/p>\n<p>F\u00f6re f\u00f6rs\u00e4kringen kunde godk\u00e4nnas skulle brandredskapen och byggnader granskas och den utf\u00f6rdes av f\u00f6rs\u00e4kringsbolagets agent Wilhelm Hagen och Konrad Sundman och J. W. Olin.<\/p>\n<figure id=\"attachment_28709\" aria-describedby=\"caption-attachment-28709\" style=\"width: 1819px\" class=\"wp-caption alignnone\"><img loading=\"lazy\" decoding=\"async\" class=\"size-full wp-image-28709\" src=\"https:\/\/www.kristinestadshistoria.fi\/wp-content\/uploads\/2024\/07\/1912-planteckning-1.jpg\" alt=\"\" width=\"1819\" height=\"1244\" srcset=\"https:\/\/www.kristinestadshistoria.fi\/wp-content\/uploads\/2024\/07\/1912-planteckning-1.jpg 1819w, https:\/\/www.kristinestadshistoria.fi\/wp-content\/uploads\/2024\/07\/1912-planteckning-1-300x205.jpg 300w, https:\/\/www.kristinestadshistoria.fi\/wp-content\/uploads\/2024\/07\/1912-planteckning-1-1024x700.jpg 1024w, https:\/\/www.kristinestadshistoria.fi\/wp-content\/uploads\/2024\/07\/1912-planteckning-1-768x525.jpg 768w, https:\/\/www.kristinestadshistoria.fi\/wp-content\/uploads\/2024\/07\/1912-planteckning-1-1536x1050.jpg 1536w\" sizes=\"auto, (max-width: 1819px) 100vw, 1819px\" \/><figcaption id=\"caption-attachment-28709\" class=\"wp-caption-text\">S\u00e5 h\u00e4r var byggnaderna placerade p\u00e5 tomten nr 55 d\u00e5 B\u00f6nehusf\u00f6reningen i Kristinestad tecknade en ny brandf\u00f6rs\u00e4kring \u00e5r 1912.<\/figcaption><\/figure>\n<h2><strong>Brandf\u00f6rs\u00e4kringen \u00e5r 1918.<\/strong><\/h2>\n<p>B\u00f6nehusf\u00f6reningen tecknade den 6 augusti 1918 en ny brandf\u00f6rs\u00e4kring p\u00e5 de tv\u00e5 byggnaderna genom dess disponent Karl Bergelin. V\u00e4rdet hade stigit p\u00e5 grund av inflationen och nu anv\u00e4ndes en ny ber\u00e4kningsgrund f\u00f6r v\u00e4rdet. N\u00e5gra st\u00f6rre f\u00f6rb\u00e4ttringar och f\u00f6rstoringar hade inte gjorts.<\/p>\n<h4><strong>Byggnad nr 1.<\/strong><\/h4>\n<p>B\u00f6nhusbyggnaden uppf\u00f6rd som boningshus \u00e5r 1884 ber\u00e4knades ha en volym om 416 kubikmeter och det f\u00f6rs\u00e4krades f\u00f6r 22 mark per kubik, totalt 9 150 mark.<\/p>\n<h4><strong>Byggnad nr 2.<\/strong><\/h4>\n<p>Uthusbyggnaden uppf\u00f6rd \u00e5r 1890 ber\u00e4knades ha en volym om 353 kubikmeter och det f\u00f6rs\u00e4krades f\u00f6r 9 mark per kubik, totalt 3 370 mark.<\/p>\n<p>F\u00f6rutom dessa tv\u00e5 byggnader f\u00f6rs\u00e4krades porten och planket f\u00f6r 200 mark, s\u00e5 hela f\u00f6rs\u00e4kringsbeloppet gick p\u00e5\u00a0 12 720 mark.<\/p>\n<h2><strong>Brandf\u00f6rs\u00e4kringen \u00e5r 1920<\/strong><\/h2>\n<p>Efter att b\u00f6nehuset byggdes ut med en festsal tecknade b\u00f6nehusf\u00f6reningen en ny brandf\u00f6rs\u00e4kring p\u00e5 de b\u00e5da byggnaderna. Tomten var den samma men huvudbyggnaden hade f\u00f6rstorats rej\u00e4lt. Dess \u00f6stra sida var 15,6 m och den norra var 18,5 m, s\u00f6dra gaveln var 6,5 m bred medan den v\u00e4stra var 9,5 meter bred. Den nyare delen hade ett ta av filt medan den \u00e4ldre hade p\u00e4rttak. Takh\u00f6jden i den nya festsalen var 5,30 m medan den \u00e4ldre delen var 3,80 m.<\/p>\n<p>Den h\u00e4r huvudbyggnaden f\u00f6rs\u00e4krades f\u00f6r 69 700 mark.<\/p>\n<p>Uthusbyggnaden fr\u00e5n 1890, som delvis var byggd av stock och delvis av br\u00e4der hade under \u00e5ret minskats med den norra gaveln f\u00f6rs\u00e4krades f\u00f6r 3 500 mark. Det var nu 10,9 m l\u00e5ngt och 5,34 m brett och inneh\u00f6ll en f\u00f6rr\u00e5dsbod, vedlider och latrin med spillningskast.<\/p>\n<p>Ink\u00f6rsporten och planket f\u00f6rs\u00e4krades f\u00f6r 400 mark tillsammans vilket betydde att hela f\u00f6rs\u00e4kringen uppgick till 73 600 mark. F\u00f6rs\u00e4kringsbrevet undertecknades av f\u00f6reningens disponent Karl Bergelin.<\/p>\n<figure id=\"attachment_29623\" aria-describedby=\"caption-attachment-29623\" style=\"width: 1025px\" class=\"wp-caption alignnone\"><img loading=\"lazy\" decoding=\"async\" class=\"size-full wp-image-29623\" src=\"https:\/\/www.kristinestadshistoria.fi\/wp-content\/uploads\/2025\/03\/tomtkarta-1920-1.jpg\" alt=\"\" width=\"1025\" height=\"1591\" srcset=\"https:\/\/www.kristinestadshistoria.fi\/wp-content\/uploads\/2025\/03\/tomtkarta-1920-1.jpg 1025w, https:\/\/www.kristinestadshistoria.fi\/wp-content\/uploads\/2025\/03\/tomtkarta-1920-1-193x300.jpg 193w, https:\/\/www.kristinestadshistoria.fi\/wp-content\/uploads\/2025\/03\/tomtkarta-1920-1-660x1024.jpg 660w, https:\/\/www.kristinestadshistoria.fi\/wp-content\/uploads\/2025\/03\/tomtkarta-1920-1-768x1192.jpg 768w, https:\/\/www.kristinestadshistoria.fi\/wp-content\/uploads\/2025\/03\/tomtkarta-1920-1-990x1536.jpg 990w\" sizes=\"auto, (max-width: 1025px) 100vw, 1025px\" \/><figcaption id=\"caption-attachment-29623\" class=\"wp-caption-text\">Den h\u00e4r tomtkarta fogade B\u00f6nehusf\u00f6reningen till ett brandf\u00f6rs\u00e4kringsbrev \u00e5r 1920, allts\u00e5 efter att tillbyggnaden och renoveringen var genomf\u00f6rd.<\/figcaption><\/figure>\n<p>&nbsp;<\/p>\n<p>&nbsp;<\/p>\n<p>&nbsp;<\/p>\n","protected":false},"excerpt":{"rendered":"<p>Sammanst\u00e4llt av Lasse Backlund. Uppgifterna \u00e4r tagna ur gamla f\u00f6rs\u00e4kringsbrev, som finns p\u00e5 Riksarkivet. Brandf\u00f6rs\u00e4kringen \u00e5r 1886. \u00c5r 1832 bildades \u201dAllm\u00e4nna Brandstodsbolaget i Finland\u201d i Helsingfors och det var f\u00f6rst i februari1885, som g\u00e5rden f\u00f6rs\u00e4krades f\u00f6r f\u00f6rsta g\u00e5ngen. Den gamla <a class=\"more-link\" href=\"https:\/\/www.kristinestadshistoria.fi\/?page_id=25843\">Forts\u00e4tt l\u00e4sa <span class=\"screen-reader-text\">  Den f\u00f6rs\u00e4krade g\u00e5rden p\u00e5 tomt nr 55<\/span><span class=\"meta-nav\">&rarr;<\/span><\/a><\/p>\n","protected":false},"author":1,"featured_media":0,"parent":25279,"menu_order":10,"comment_status":"closed","ping_status":"closed","template":"","meta":{"footnotes":""},"class_list":["post-25843","page","type-page","status-publish","hentry"],"_links":{"self":[{"href":"https:\/\/www.kristinestadshistoria.fi\/index.php?rest_route=\/wp\/v2\/pages\/25843","targetHints":{"allow":["GET"]}}],"collection":[{"href":"https:\/\/www.kristinestadshistoria.fi\/index.php?rest_route=\/wp\/v2\/pages"}],"about":[{"href":"https:\/\/www.kristinestadshistoria.fi\/index.php?rest_route=\/wp\/v2\/types\/page"}],"author":[{"embeddable":true,"href":"https:\/\/www.kristinestadshistoria.fi\/index.php?rest_route=\/wp\/v2\/users\/1"}],"replies":[{"embeddable":true,"href":"https:\/\/www.kristinestadshistoria.fi\/index.php?rest_route=%2Fwp%2Fv2%2Fcomments&post=25843"}],"version-history":[{"count":8,"href":"https:\/\/www.kristinestadshistoria.fi\/index.php?rest_route=\/wp\/v2\/pages\/25843\/revisions"}],"predecessor-version":[{"id":29625,"href":"https:\/\/www.kristinestadshistoria.fi\/index.php?rest_route=\/wp\/v2\/pages\/25843\/revisions\/29625"}],"up":[{"embeddable":true,"href":"https:\/\/www.kristinestadshistoria.fi\/index.php?rest_route=\/wp\/v2\/pages\/25279"}],"wp:attachment":[{"href":"https:\/\/www.kristinestadshistoria.fi\/index.php?rest_route=%2Fwp%2Fv2%2Fmedia&parent=25843"}],"curies":[{"name":"wp","href":"https:\/\/api.w.org\/{rel}","templated":true}]}}