{"id":25835,"date":"2023-04-02T23:21:59","date_gmt":"2023-04-02T20:21:59","guid":{"rendered":"https:\/\/www.kristinestadshistoria.fi\/?page_id=25835"},"modified":"2025-03-18T19:13:26","modified_gmt":"2025-03-18T17:13:26","slug":"den-forsakrade-garden-pa-tomterna-58-o-78","status":"publish","type":"page","link":"https:\/\/www.kristinestadshistoria.fi\/?page_id=25835","title":{"rendered":"Den f\u00f6rs\u00e4krade g\u00e5rden p\u00e5 tomterna 58 o 78"},"content":{"rendered":"<p><span style=\"color: #000080;\"><b>Sammanst\u00e4llt av Lasse Backlund. Uppgifterna \u00e4r tagna ur gamla f\u00f6rs\u00e4kringsbrev, som finns p\u00e5 Riksarkivet.<\/b><\/span><\/p>\n<h3><strong>Brandf\u00f6rs\u00e4kringen \u00e5r 1885.<\/strong><\/h3>\n<p>\u00c5r 1832 bildades \u201dAllm\u00e4nna Brandstodsbolaget i Finland\u201d i Helsingfors och det var f\u00f6rst i april 1885, som g\u00e5rden f\u00f6rs\u00e4krades f\u00f6r f\u00f6rsta g\u00e5ngen. Det var d\u00e5 som sj\u00f6kaptenen Henrik Wilhelm Gylander att hans g\u00e5rd med alla byggnader skulle f\u00f6rs\u00e4kras mot eldskada. F\u00f6rs\u00e4kringsans\u00f6kan skulle g\u00f6ras till bolaget och Gylander uppgav d\u00e5 att p\u00e5 tomten fanns det n\u00f6diga brandredskap, n\u00e4mligen 2 brandstegar, 2 brandhakar och 2 brand\u00e4mbare.<\/p>\n<p>Vid en eventuell eldsv\u00e5da, s\u00e5 fanns det en bra brunn med tillr\u00e4cklig vattentillg\u00e5ng mitt p\u00e5 g\u00e5rden.<\/p>\n<p>Gylander uppgav att hans tomt var 7 860 \u201dQvadrat alnar i areal vidd\u201d. Dess norra sida var 175 alnar (105 m) och \u00f6stra sidan var 88 alnar bred och den st\u00f6ter till V\u00e4stra L\u00e5nggatan. \u00a0S\u00f6dra sidan str\u00e4ckte sig \u00e4nda till H\u00e5llfastskagatan och v\u00e4stra sidan str\u00e4ckte sig \u00e4nda till Staketgatan.<\/p>\n<figure id=\"attachment_25837\" aria-describedby=\"caption-attachment-25837\" style=\"width: 1387px\" class=\"wp-caption alignnone\"><img loading=\"lazy\" decoding=\"async\" class=\"size-full wp-image-25837\" src=\"https:\/\/www.kristinestadshistoria.fi\/wp-content\/uploads\/2023\/04\/Tomtkarta-1885-liten.jpg\" alt=\"\" width=\"1387\" height=\"786\" srcset=\"https:\/\/www.kristinestadshistoria.fi\/wp-content\/uploads\/2023\/04\/Tomtkarta-1885-liten.jpg 1387w, https:\/\/www.kristinestadshistoria.fi\/wp-content\/uploads\/2023\/04\/Tomtkarta-1885-liten-300x170.jpg 300w, https:\/\/www.kristinestadshistoria.fi\/wp-content\/uploads\/2023\/04\/Tomtkarta-1885-liten-1024x580.jpg 1024w, https:\/\/www.kristinestadshistoria.fi\/wp-content\/uploads\/2023\/04\/Tomtkarta-1885-liten-768x435.jpg 768w\" sizes=\"auto, (max-width: 1387px) 100vw, 1387px\" \/><figcaption id=\"caption-attachment-25837\" class=\"wp-caption-text\">D\u00e5 sj\u00f6kapten Gylander \u00e5r 1885 tecknade en brandf\u00f6rs\u00e4kring p\u00e5 6 av sina 8 byggnader, s\u00e5 uppgjordes en plankarta som s\u00e5g ut s\u00e5 h\u00e4r i renritad form.<\/figcaption><\/figure>\n<p>Det fanns 8 byggnader p\u00e5 tomten \u00e5r 1885, men Gylander ville f\u00f6rs\u00e4kra endast 6 av dem.<\/p>\n<h5><strong>Byggnad nr 1:<\/strong><\/h5>\n<p>Ett boningshus av timmer i f\u00f6rsvarligt skick, uppf\u00f6rt \u00e5r 1815, br\u00e4dfodrat och m\u00e5lat med r\u00f6d slamf\u00e4rg och hade ett tak av kakel. Byggnaden var 26 alnar (15,5 m) l\u00e5ngt, 9 alnar brett och h\u00f6jden fr\u00e5n marken till takkammen 11 \u00bd alnar. Byggnaden har tv\u00e5 v\u00e5ningar och i nedre v\u00e5ningen fanns det tv\u00e5 boningsrum, ett k\u00f6k och en f\u00f6rstuga med ing\u00e5ng b\u00e5de fr\u00e5n gatan och fr\u00e5n g\u00e5rden. I nedre v\u00e5ningen fanns det tv\u00e5 kakelugnar och i k\u00f6ket en k\u00f6ksspis med h\u00e4lla. I \u00f6vre v\u00e5ningen fanns det fyra boningsrum och en f\u00f6rstuga och d\u00e4r fanns uppe fanns det tv\u00e5 kakelugnar.<\/p>\n<p>Den h\u00e4r huvudbyggnaden f\u00f6rs\u00e4krades f\u00f6r 2\u00a0000 mark.<\/p>\n<h5><strong>Byggnad nr 2:<\/strong><\/h5>\n<p>En bagarstugubyggnad av timmer i gott skick, uppbyggd \u00e5r 1830, br\u00e4dfodrad och m\u00e5lad med r\u00f6d slamf\u00e4rg och den hade ett tak av p\u00e4rtor. Huset var 15 alnar (9 m) l\u00e5ngt och byggt i en v\u00e5ning och d\u00e4r fanns en f\u00f6rstuga och bagarstuga, d\u00e4r det fanns b\u00e5de spis och bakugn.<\/p>\n<p>Bagarstugan f\u00f6rs\u00e4krades f\u00f6r 600 mark.<\/p>\n<h5><strong>Byggnad nr 3:<\/strong><\/h5>\n<p>Ett boningshus av timmer i gott skick, uppf\u00f6rt \u00e5r 1842, br\u00e4dfodrat och m\u00e5lat med r\u00f6d slamf\u00e4rg och det hade ett tak av br\u00e4der. Huset var 12 \u00be alnar (7,65 m) och d\u00e4r fanns en f\u00f6rstuga och en stuga och i denna fanns en spis med en bakugn.<\/p>\n<p>Gylander ville f\u00f6rs\u00e4kra denna byggnad f\u00f6r 300 mark men av n\u00e5gon orsak godk\u00e4nde den lokala brandstodskommitt\u00e9n inte n\u00e5gon f\u00f6rs\u00e4kring.<\/p>\n<h5><strong>Byggnad nr 4:<\/strong><\/h5>\n<p>En hush\u00e5llsbod i f\u00f6rsvarligt skick, byggd av stock \u00e5r 1825 med dubbla bottnar, r\u00f6dm\u00e5lat och hade ett tak av p\u00e4rtor.<\/p>\n<p>Bodan f\u00f6rs\u00e4krades f\u00f6r 150\u00a0 mark.<\/p>\n<h5><strong>Byggnad nr 5:<\/strong><\/h5>\n<p>En magasinbyggnad av stock i gott skick, uppf\u00f6rt \u00e5r 1830, med dubbla bottnar och hade ett ta av p\u00e4rtor. Magasinet var n\u00e4stan 8 alnar (4,8 m) l\u00e5ngt och det f\u00f6rs\u00e4krades f\u00f6r 300 mark.<\/p>\n<h5><strong>Byggnad nr 7:<\/strong><\/h5>\n<p>En uthusbyggnad byggd dels av stock, dels av korsvirke och br\u00e4der, uppf\u00f6rt \u00e5r 1850, m\u00e5lat med r\u00f6d f\u00e4rg och hade ett tak av p\u00e4rtor. Uthuset var 51 alnar (30 m) l\u00e5ngt och d\u00e4r fanns en latrin, vedlider, redskapslider, lada, stall, f\u00e4hus och spillningskast.<\/p>\n<p>Uthuset f\u00f6rs\u00e4krades f\u00f6r 600 mark.<\/p>\n<p>Byggnaderna 6 och 8 l\u00e4mnades av n\u00e5gon orsak utan f\u00f6rs\u00e4kring.<\/p>\n<p>De \u00f6vriga byggnaderna f\u00f6rs\u00e4krades f\u00f6r 3\u00a0650 mark tillsammans och den \u00e5rliga intr\u00e4desavgiften ber\u00e4knades till 26, 43 mark. Den h\u00e4r avgiften eller premien g\u00e4llde i 5 \u00e5rs tid och premien skulle d\u00e5 justeras i samband med att byggnaderna och brandredskapen granskades.<\/p>\n<figure id=\"attachment_25838\" aria-describedby=\"caption-attachment-25838\" style=\"width: 1059px\" class=\"wp-caption alignnone\"><img loading=\"lazy\" decoding=\"async\" class=\"size-full wp-image-25838\" src=\"https:\/\/www.kristinestadshistoria.fi\/wp-content\/uploads\/2023\/04\/Tomtkarta-1885-stor.jpg\" alt=\"\" width=\"1059\" height=\"975\" srcset=\"https:\/\/www.kristinestadshistoria.fi\/wp-content\/uploads\/2023\/04\/Tomtkarta-1885-stor.jpg 1059w, https:\/\/www.kristinestadshistoria.fi\/wp-content\/uploads\/2023\/04\/Tomtkarta-1885-stor-300x276.jpg 300w, https:\/\/www.kristinestadshistoria.fi\/wp-content\/uploads\/2023\/04\/Tomtkarta-1885-stor-1024x943.jpg 1024w, https:\/\/www.kristinestadshistoria.fi\/wp-content\/uploads\/2023\/04\/Tomtkarta-1885-stor-768x707.jpg 768w\" sizes=\"auto, (max-width: 1059px) 100vw, 1059px\" \/><figcaption id=\"caption-attachment-25838\" class=\"wp-caption-text\">S\u00e5 h\u00e4r s\u00e5g original planteckningen ut som sj\u00f6kapten Gylander fogade till f\u00f6rs\u00e4kringsbrevet \u00e5r 1885. Hans namnteckning \u00e4r inf\u00e4llt i nedre kanten.<\/figcaption><\/figure>\n<h2><strong>Brandf\u00f6rs\u00e4kringen 1919.<\/strong><\/h2>\n<figure id=\"attachment_29591\" aria-describedby=\"caption-attachment-29591\" style=\"width: 1425px\" class=\"wp-caption alignnone\"><img loading=\"lazy\" decoding=\"async\" class=\"size-full wp-image-29591\" src=\"https:\/\/www.kristinestadshistoria.fi\/wp-content\/uploads\/2025\/03\/Tomtkarta-1919-web.jpg\" alt=\"\" width=\"1425\" height=\"1008\" srcset=\"https:\/\/www.kristinestadshistoria.fi\/wp-content\/uploads\/2025\/03\/Tomtkarta-1919-web.jpg 1425w, https:\/\/www.kristinestadshistoria.fi\/wp-content\/uploads\/2025\/03\/Tomtkarta-1919-web-300x212.jpg 300w, https:\/\/www.kristinestadshistoria.fi\/wp-content\/uploads\/2025\/03\/Tomtkarta-1919-web-1024x724.jpg 1024w, https:\/\/www.kristinestadshistoria.fi\/wp-content\/uploads\/2025\/03\/Tomtkarta-1919-web-768x543.jpg 768w\" sizes=\"auto, (max-width: 1425px) 100vw, 1425px\" \/><figcaption id=\"caption-attachment-29591\" class=\"wp-caption-text\">\u00c5r 1919 tecknade \u00e4nkan Sofia B\u00e4rlund en ny brandf\u00f6rs\u00e4kring och denna tomtkarta fogades d\u00e5 till f\u00f6rs\u00e4kringsbrevet. Tomtgr\u00e4nserna \u00e4r m\u00e4rkta med bl\u00e5 f\u00e4rg och tomten str\u00e4cker sig fr\u00e5n V\u00e4stra L\u00e5nggatan \u00e4nda till Staketgatan och H\u00e5llfastskagatan.<\/figcaption><\/figure>\n<h2><strong>Brandf\u00f6rs\u00e4kringen \u00e5r 1922.<\/strong><\/h2>\n<figure id=\"attachment_29104\" aria-describedby=\"caption-attachment-29104\" style=\"width: 670px\" class=\"wp-caption alignnone\"><img loading=\"lazy\" decoding=\"async\" class=\"size-full wp-image-29104\" src=\"https:\/\/www.kristinestadshistoria.fi\/wp-content\/uploads\/2024\/09\/Tomtkarta-1924-Barnlund.jpg\" alt=\"\" width=\"670\" height=\"589\" srcset=\"https:\/\/www.kristinestadshistoria.fi\/wp-content\/uploads\/2024\/09\/Tomtkarta-1924-Barnlund.jpg 670w, https:\/\/www.kristinestadshistoria.fi\/wp-content\/uploads\/2024\/09\/Tomtkarta-1924-Barnlund-300x264.jpg 300w\" sizes=\"auto, (max-width: 670px) 100vw, 670px\" \/><figcaption id=\"caption-attachment-29104\" class=\"wp-caption-text\">\u00c5r 1922, den 6 april tecknade skr\u00e4ddare\u00e4nkan Sofia B\u00e4rnlund en ny brandf\u00f6rs\u00e4kring p\u00e5 byggnaderna p\u00e5 hennes sammanslagna tomterna nr 58 o 78. Hon bifogade till f\u00f6rs\u00e4kringsbrevet en planteckning hur byggnaderna var placerade, enligt denna renritade version.<\/figcaption><\/figure>\n<p>Sofia B\u00e4rnlund uppgav att det p\u00e5 tomten fanns alla n\u00f6dv\u00e4ndiga brandredskap och att det p\u00e5 tomten fanns f\u00f6ljande byggnader:<\/p>\n<p>-Nr 1 huvudbyggnaden, ett bostadshus i 2 v\u00e5ningar, med elektrisk belysning, tak av kakel och uppf\u00f6rt \u00e5r 1815.<\/p>\n<p>-Nr 2, bagarstugan uppf\u00f6rd \u00e5r 1830, ombyggd till bostadshus \u00e5r 1920, hade filttak och elektrisk belysning.<\/p>\n<p>-Nr 4, hush\u00e5llsbod med filttak, uppf\u00f6rd \u00e5r 1825.<\/p>\n<p>-Nr 5, ett magasin med filttak, uppf\u00f6rt \u00e5r 1850.<\/p>\n<p>-Nr 7, ett uthus med p\u00e4rttak, inneh\u00e5llande f\u00e4hus, stall, foderlada, vagnslider, f\u00f6rr\u00e5d, latrin och det var byggt \u00e5r 1850.<\/p>\n<p>De h\u00e4r byggnaderna f\u00f6rs\u00e4krades f\u00f6r totalt 50 700 mark.<\/p>\n","protected":false},"excerpt":{"rendered":"<p>Sammanst\u00e4llt av Lasse Backlund. Uppgifterna \u00e4r tagna ur gamla f\u00f6rs\u00e4kringsbrev, som finns p\u00e5 Riksarkivet. Brandf\u00f6rs\u00e4kringen \u00e5r 1885. \u00c5r 1832 bildades \u201dAllm\u00e4nna Brandstodsbolaget i Finland\u201d i Helsingfors och det var f\u00f6rst i april 1885, som g\u00e5rden f\u00f6rs\u00e4krades f\u00f6r f\u00f6rsta g\u00e5ngen. Det <a class=\"more-link\" href=\"https:\/\/www.kristinestadshistoria.fi\/?page_id=25835\">Forts\u00e4tt l\u00e4sa <span class=\"screen-reader-text\">  Den f\u00f6rs\u00e4krade g\u00e5rden p\u00e5 tomterna 58 o 78<\/span><span class=\"meta-nav\">&rarr;<\/span><\/a><\/p>\n","protected":false},"author":1,"featured_media":0,"parent":20245,"menu_order":10,"comment_status":"closed","ping_status":"closed","template":"","meta":{"footnotes":""},"class_list":["post-25835","page","type-page","status-publish","hentry"],"_links":{"self":[{"href":"https:\/\/www.kristinestadshistoria.fi\/index.php?rest_route=\/wp\/v2\/pages\/25835","targetHints":{"allow":["GET"]}}],"collection":[{"href":"https:\/\/www.kristinestadshistoria.fi\/index.php?rest_route=\/wp\/v2\/pages"}],"about":[{"href":"https:\/\/www.kristinestadshistoria.fi\/index.php?rest_route=\/wp\/v2\/types\/page"}],"author":[{"embeddable":true,"href":"https:\/\/www.kristinestadshistoria.fi\/index.php?rest_route=\/wp\/v2\/users\/1"}],"replies":[{"embeddable":true,"href":"https:\/\/www.kristinestadshistoria.fi\/index.php?rest_route=%2Fwp%2Fv2%2Fcomments&post=25835"}],"version-history":[{"count":5,"href":"https:\/\/www.kristinestadshistoria.fi\/index.php?rest_route=\/wp\/v2\/pages\/25835\/revisions"}],"predecessor-version":[{"id":29592,"href":"https:\/\/www.kristinestadshistoria.fi\/index.php?rest_route=\/wp\/v2\/pages\/25835\/revisions\/29592"}],"up":[{"embeddable":true,"href":"https:\/\/www.kristinestadshistoria.fi\/index.php?rest_route=\/wp\/v2\/pages\/20245"}],"wp:attachment":[{"href":"https:\/\/www.kristinestadshistoria.fi\/index.php?rest_route=%2Fwp%2Fv2%2Fmedia&parent=25835"}],"curies":[{"name":"wp","href":"https:\/\/api.w.org\/{rel}","templated":true}]}}