{"id":25827,"date":"2023-04-02T19:17:03","date_gmt":"2023-04-02T16:17:03","guid":{"rendered":"https:\/\/www.kristinestadshistoria.fi\/?page_id=25827"},"modified":"2024-07-31T23:49:48","modified_gmt":"2024-07-31T20:49:48","slug":"den-forsakrade-garden-pa-tomt-4-sodra-halvan","status":"publish","type":"page","link":"https:\/\/www.kristinestadshistoria.fi\/?page_id=25827","title":{"rendered":"Den f\u00f6rs\u00e4krade g\u00e5rden p\u00e5 tomt 4"},"content":{"rendered":"<p><span style=\"color: #000080;\"><b>Sammanst\u00e4llt av Lasse Backlund. Uppgifterna \u00e4r tagna ur gamla f\u00f6rs\u00e4kringsbrev, som finns p\u00e5 Riksarkivet.<\/b><\/span><\/p>\n<h3><strong>Brandf\u00f6rs\u00e4kringen \u00e5r 1859.<\/strong><\/h3>\n<p>\u00c5r 1832 bildades \u201dAllm\u00e4nna Brandstodsbolaget i Finland\u201d i Helsingfors och \u00e5r 1859, i januari anh\u00f6ll skepparen E. A. Rindell att hans g\u00e5rd vid Strandgatan skulle f\u00f6rs\u00e4kras mot eldskada F\u00f6rs\u00e4kringsans\u00f6kan skulle g\u00f6ras till bolaget och Rindell uppgav d\u00e5 att p\u00e5 tomten fanns det n\u00f6diga brandredskap, n\u00e4mligen 3 brandstegar, 2 brandhakar, 2 handsprutor, 2 svablar och 2 l\u00e4der\u00e4mbar.<\/p>\n<p>Vid en eventuell eldsv\u00e5da, s\u00e5 var det n\u00e4ra till vattnet eftersom g\u00e5rden l\u00e5g p\u00e5 stranden och s\u00e5 fanns det ocks\u00e5 en bra brunn mitt p\u00e5 g\u00e5rden.<\/p>\n<p>Rindell uppgav att hans tomt var 2 323 \u201dQvadrat alnar i areal vidd&#8221;, dess norra sida var 100 alnar (60 m) och gr\u00e4nsade till norra delen av samma tomt nr 4. \u00a0I \u00f6stra sidan var sidan 23 alnar bred och den st\u00f6tte till Stadsfj\u00e4rden. S\u00f6dra sidan var 100 alnar och gr\u00e4nsade till tomt nr 3. V\u00e4stra sidan var 23 \u00bd alnar och gr\u00e4nsade till tomterna 166 och 168. G\u00e5rden hade en god brunn med rikligt vatten.<\/p>\n<figure id=\"attachment_25524\" aria-describedby=\"caption-attachment-25524\" style=\"width: 1029px\" class=\"wp-caption alignnone\"><img loading=\"lazy\" decoding=\"async\" class=\"size-full wp-image-25524\" src=\"https:\/\/www.kristinestadshistoria.fi\/wp-content\/uploads\/2023\/03\/Tomtkarta-1858-med-nummer.jpg\" alt=\"\" width=\"1029\" height=\"628\" srcset=\"https:\/\/www.kristinestadshistoria.fi\/wp-content\/uploads\/2023\/03\/Tomtkarta-1858-med-nummer.jpg 1029w, https:\/\/www.kristinestadshistoria.fi\/wp-content\/uploads\/2023\/03\/Tomtkarta-1858-med-nummer-300x183.jpg 300w, https:\/\/www.kristinestadshistoria.fi\/wp-content\/uploads\/2023\/03\/Tomtkarta-1858-med-nummer-1024x625.jpg 1024w, https:\/\/www.kristinestadshistoria.fi\/wp-content\/uploads\/2023\/03\/Tomtkarta-1858-med-nummer-768x469.jpg 768w\" sizes=\"auto, (max-width: 1029px) 100vw, 1029px\" \/><figcaption id=\"caption-attachment-25524\" class=\"wp-caption-text\">D\u00e5 skepparen Rindell \u00e5r 1858 f\u00f6rs\u00e4krade sin g\u00e5rd och uthus, s\u00e5 l\u00e5g de tv\u00e5 byggnaderna s\u00e5som skissen visar.<\/figcaption><\/figure>\n<p>Det fanns 2 byggnader p\u00e5 tomten \u00e5r 1859, som Rindell ville f\u00f6rs\u00e4kra.<\/p>\n<h5><strong>Byggnad nr 1:<\/strong><\/h5>\n<p>En tr\u00e4byggnad i en v\u00e5ning av nytt gran och furutimmer och uppf\u00f6rd \u00e5r 1858. Den var varken br\u00e4dfodrad eller m\u00e5lad och den inneh\u00f6ll 7 rum, n\u00e4mligen en sal, fyra kamrar, ett k\u00f6k och en f\u00f6rstuga. I dessa rum fanns det totalt fem kakelugnar och i k\u00f6ket fanns det en k\u00f6ksspis med j\u00e4rnh\u00e4lla och stekugn. Byggnadens medelh\u00f6jd var 10 alnar, totala l\u00e4ngden mot Strandgatan 24 alnar (14,4 meter). Byggnaden hade en stenfot, som var ungef\u00e4r 1 \u00bd aln h\u00f6g och taket var gjort av kakel.<\/p>\n<p>Som brukligt var s\u00e5 f\u00f6rs\u00e4krades alla byggnadsdelar skilt f\u00f6r sig och till och med stenfoten f\u00f6rs\u00e4krades f\u00f6r 150 rubel. Stommen v\u00e4rderades till 470 rubel, yttre taket 96, golven till 50, innertaken som var av furubr\u00e4der f\u00f6r 50 och alla trappor f\u00f6r 20 rubel. 8 f\u00f6nster med dubbla glas v\u00e4rderades till 54 rubel tillsammans och de dubbla d\u00f6rrarna till f\u00f6rstugan 10 rubel, 8 m\u00e5lade innerd\u00f6rrar 40 och 6 kakelugnar av tegel v\u00e4rderades till 50 rubel tillsammans.<\/p>\n<p>G\u00e5rds\u00e4garen Rindell hade v\u00e4rderat hela g\u00e5rden till 1\u00a0162 men den lokala brandstodskommitt\u00e9n rundade av summan till 1\u00a0100 rubel.<\/p>\n<h5><strong>Byggnad nr 2:<\/strong><\/h5>\n<p>En tr\u00e4byggnad av furu- och grantimmer i gott skick, uppf\u00f6rd \u00e5r 1853 i en v\u00e5ning. Den var varken br\u00e4dfodrad eller m\u00e5lad och d\u00e4r fanns en bagarstuga med spis och bakugn, en kammare med kakelugn, ett magasin, en foderlada, ett f\u00e4hus och ett spillningslider. Uthuset hade ett tak av br\u00e4der, hade ordentlig stenfot och var 53 alnar (32 m) l\u00e5ngt.<\/p>\n<p>Byggnaden v\u00e4rderades till 600 rubel.<\/p>\n<p>F\u00f6rutom dess tv\u00e5 byggnader s\u00e5 f\u00f6rs\u00e4krades ink\u00f6rsporten f\u00f6r 10 rubel. Planket, som var 66 alnar l\u00e5ngt f\u00f6rs\u00e4krades ocks\u00e5 f\u00f6r 10 rubel.<\/p>\n<p>Hela g\u00e5rden v\u00e4rderades allts\u00e5 till 1\u00a0720 rubel och den \u00e5rliga intr\u00e4desavgiften ber\u00e4knades till 12 rubel 89 kopek. Denna avgift g\u00e4llde de kommande 5 \u00e5ren och d\u00e5 skulle byggnaderna och brandredskapen granskas och premien justeras.<\/p>\n<figure id=\"attachment_25829\" aria-describedby=\"caption-attachment-25829\" style=\"width: 612px\" class=\"wp-caption alignnone\"><img loading=\"lazy\" decoding=\"async\" class=\"size-full wp-image-25829\" src=\"https:\/\/www.kristinestadshistoria.fi\/wp-content\/uploads\/2023\/04\/Tomtkarta-1859-stor.jpg\" alt=\"\" width=\"612\" height=\"660\" srcset=\"https:\/\/www.kristinestadshistoria.fi\/wp-content\/uploads\/2023\/04\/Tomtkarta-1859-stor.jpg 612w, https:\/\/www.kristinestadshistoria.fi\/wp-content\/uploads\/2023\/04\/Tomtkarta-1859-stor-278x300.jpg 278w\" sizes=\"auto, (max-width: 612px) 100vw, 612px\" \/><figcaption id=\"caption-attachment-25829\" class=\"wp-caption-text\">S\u00e5 h\u00e4r s\u00e5g den planteckning ut som skepparen Rindell l\u00e4t uppg\u00f6ra \u00e5r 1859 d\u00e5 han skulle brandf\u00f6rs\u00e4kra byggnaderna p\u00e5 s\u00f6dra halvan av tomt nr 4.<\/figcaption><\/figure>\n<p><strong>\u00c5r 1864<\/strong> utf\u00f6rdes den normala 5-\u00e5rs granskningen och g\u00e5rden hade d\u00e5 \u00f6vertagits av postf\u00f6rvaltaren Peron. Byggnaderna ans\u00e5gs vara i gott skick och alla byggnader v\u00e4rderas till 6 880 mark. Det var ju i b\u00f6rjan av 1860-talet som vi \u00f6vergav valutan rubel och tog d\u00e5 mark och penni i bruk. Brandredskapen granskades ocks\u00e5 och allt var till bel\u00e5tenhet.<\/p>\n<h3><strong>Brandf\u00f6rs\u00e4kring \u00e5r 1884.<\/strong><\/h3>\n<p>\u00c5r 1882 \u00f6vertog apotekaren Fredrik Wilhelm Jurvelius den s\u00f6dra g\u00e5rden p\u00e5 tomt nr 4. \u00c5r 1884 i november tog han en ny f\u00f6rs\u00e4kring p\u00e5 de tv\u00e5 byggnaderna eftersom han hade gjort flera f\u00f6rb\u00e4ttringar p\u00e5 dem.<\/p>\n<p>Tomten hade samma storlek som tidigare och gr\u00e4nsade till samma tomter. Samtliga n\u00f6dv\u00e4ndiga brandredskap fanns p\u00e5 g\u00e5rden och de var vederb\u00f6rligt m\u00e5lade med tomtens nummer. P\u00e5 g\u00e5rdsplanen fanns en brunn, som gav rikligt med vatten.<\/p>\n<figure id=\"attachment_25830\" aria-describedby=\"caption-attachment-25830\" style=\"width: 1041px\" class=\"wp-caption alignnone\"><img loading=\"lazy\" decoding=\"async\" class=\"size-full wp-image-25830\" src=\"https:\/\/www.kristinestadshistoria.fi\/wp-content\/uploads\/2023\/04\/Tomtkarta-1884-liten.jpg\" alt=\"\" width=\"1041\" height=\"640\" srcset=\"https:\/\/www.kristinestadshistoria.fi\/wp-content\/uploads\/2023\/04\/Tomtkarta-1884-liten.jpg 1041w, https:\/\/www.kristinestadshistoria.fi\/wp-content\/uploads\/2023\/04\/Tomtkarta-1884-liten-300x184.jpg 300w, https:\/\/www.kristinestadshistoria.fi\/wp-content\/uploads\/2023\/04\/Tomtkarta-1884-liten-1024x630.jpg 1024w, https:\/\/www.kristinestadshistoria.fi\/wp-content\/uploads\/2023\/04\/Tomtkarta-1884-liten-768x472.jpg 768w\" sizes=\"auto, (max-width: 1041px) 100vw, 1041px\" \/><figcaption id=\"caption-attachment-25830\" class=\"wp-caption-text\">Apotekare Jurvelius hade gjort flera f\u00f6rb\u00e4ttringar p\u00e5 den g\u00e5rd han k\u00f6pte \u00e5r 1882, s\u00e5 att han \u00e5r 1884 tecknade en helt ny brandf\u00f6rs\u00e4kring. S\u00e5 h\u00e4r s\u00e5g planteckningen ut i renritad form och d\u00e4r syns tillbyggnaden i uthusets v\u00e4stra \u00e4nda.<\/figcaption><\/figure>\n<p>Ang\u00e5ende byggnaderna uppgav Jurvelius f\u00f6ljande:<\/p>\n<h5><strong>Byggnad nr 1:<\/strong><\/h5>\n<p>Ett boningshus av timmer i gott skick, uppf\u00f6rt \u00e5r 1858, br\u00e4dfodrat och m\u00e5lat med oljef\u00e4rg. Byggnaden hade ett tak av j\u00e4rnpl\u00e5t och det var fortfarande 24 alnar l\u00e5ngt. Huset som var i en v\u00e5ning hade 7 rum och i dessa finns det 5 kakelugnar och en k\u00f6ksspis. G\u00e5rden hade nu en \u00f6verbyggd veranda, som var gjord av korsvirke och br\u00e4der.<\/p>\n<p>Hela byggnaden f\u00f6rs\u00e4krade f\u00f6r 5 700 mark.<\/p>\n<h5><strong>Byggnad nr 2:<\/strong><\/h5>\n<p>En bagarstuga och uthusbyggnad, byggd dels av stock, dels av br\u00e4der, \u00e5r 1853 och tillbyggd \u00e5r 1883. Den var br\u00e4dfodrad och m\u00e5lad med slamf\u00e4rg och hade ett tak av p\u00e4rtor. Husets l\u00e4ngd p\u00e5 s\u00f6dra sidan var 68 alnar (40,8 m), v\u00e4stra \u00e4ndan var 15 alnar och den \u00f6stra gaveln var 9 alnar bred. I byggnaden fanns ett magasin med dubbla bottnar, ett vedlider, f\u00e4hus, latriner med spillningskast, stall och en foderlada. D\u00e4r fanns ocks\u00e5 en kammare med kakelugn, en bagarstuga med spis och bakugn och ett vagnslider.<\/p>\n<p>Uthuset f\u00f6rs\u00e4krades f\u00f6r 4 500 mark.<\/p>\n<p>F\u00f6rutom dessa byggnader f\u00f6rs\u00e4krades ink\u00f6rsporten, som var gjord av stock och plankor f\u00f6r 100 mark. Alltsammans f\u00f6rs\u00e4krades f\u00f6r 10\u00a0300 mark och den \u00e5rliga premien uppgick till 76,62 mark.<\/p>\n<p>Jurvelius intygade att det inte fanns n\u00e5gra brandfarliga inr\u00e4ttningar p\u00e5 tomten men p\u00e5 granntomten nr 3 fanns en smedja. P\u00e5 tomten fanns det inte n\u00e5gon tr\u00e4dg\u00e5rd eller n\u00e5gra lummiga l\u00f6vtr\u00e4d.<\/p>\n<figure id=\"attachment_25831\" aria-describedby=\"caption-attachment-25831\" style=\"width: 694px\" class=\"wp-caption alignnone\"><img loading=\"lazy\" decoding=\"async\" class=\"size-full wp-image-25831\" src=\"https:\/\/www.kristinestadshistoria.fi\/wp-content\/uploads\/2023\/04\/Tomtkarta-1884-stor.jpg\" alt=\"\" width=\"694\" height=\"830\" srcset=\"https:\/\/www.kristinestadshistoria.fi\/wp-content\/uploads\/2023\/04\/Tomtkarta-1884-stor.jpg 694w, https:\/\/www.kristinestadshistoria.fi\/wp-content\/uploads\/2023\/04\/Tomtkarta-1884-stor-251x300.jpg 251w\" sizes=\"auto, (max-width: 694px) 100vw, 694px\" \/><figcaption id=\"caption-attachment-25831\" class=\"wp-caption-text\">S\u00e5 h\u00e4r s\u00e5g den planteckning ut som apotekare Jurvelius l\u00e4t rita upp i november 1884, d\u00e5 han tecknade en ny brandf\u00f6rs\u00e4kring. Jurvelius namnteckning inf\u00e4lld i nedre kanten.<\/figcaption><\/figure>\n<h2><strong>Brandf\u00f6rs\u00e4kring 1902. <\/strong><\/h2>\n<p>Ingenj\u00f6rskan Alma Kjerrstr\u00f6m hade nu \u00f6vertagit hela tomten nr 4 och d\u00e4rf\u00f6r ville hon teckna en ny f\u00f6rs\u00e4kring p\u00e5 alla byggnader. Hon uppgav att tomten \u00e4r 1\u00a0831 m\u00b2 stor och p\u00e5 den finns alla n\u00f6dv\u00e4ndiga brandredskap. En brunn som kan anv\u00e4ndas vid en eventuell eldsv\u00e5da finns mitt p\u00e5 tomten och stranden \u00e4r n\u00e4ra tomten.<\/p>\n<figure id=\"attachment_26155\" aria-describedby=\"caption-attachment-26155\" style=\"width: 834px\" class=\"wp-caption alignnone\"><img loading=\"lazy\" decoding=\"async\" class=\"size-full wp-image-26155\" src=\"https:\/\/www.kristinestadshistoria.fi\/wp-content\/uploads\/2023\/05\/Tomtkarta-1902-liten-3.jpg\" alt=\"\" width=\"834\" height=\"517\" srcset=\"https:\/\/www.kristinestadshistoria.fi\/wp-content\/uploads\/2023\/05\/Tomtkarta-1902-liten-3.jpg 834w, https:\/\/www.kristinestadshistoria.fi\/wp-content\/uploads\/2023\/05\/Tomtkarta-1902-liten-3-300x186.jpg 300w, https:\/\/www.kristinestadshistoria.fi\/wp-content\/uploads\/2023\/05\/Tomtkarta-1902-liten-3-768x476.jpg 768w\" sizes=\"auto, (max-width: 834px) 100vw, 834px\" \/><figcaption id=\"caption-attachment-26155\" class=\"wp-caption-text\">S\u00e5 h\u00e4r var byggnaderna placerade p\u00e5 ingenj\u00f6rskan Alma Kjerrstr\u00f6ms tomt nr 4 \u00e5r 1902. Hon hade nyligen \u00f6vertagit hela tomten och ville d\u00e4rf\u00f6r teckna en ny brandf\u00f6rs\u00e4kring p\u00e5 alla fyra byggnader.<\/figcaption><\/figure>\n<h5><strong>Byggnad nr 1:<\/strong><\/h5>\n<p>Ett boningshus av timmer i gott skick, uppf\u00f6rt \u00e5r 1858, br\u00e4dfodrat och m\u00e5lat med oljef\u00e4rg med ett tak av j\u00e4rnpl\u00e5t. Huset var 14,25 m l\u00e5ngt och 8,90 m brett och byggt i en v\u00e5ning. D\u00e4r fanns 7 rum och i dessa 5 kakelugnar och en k\u00f6ksspis. P\u00e5 g\u00e5rdssidan fanns det en veranda byggd av korsvirke och br\u00e4der.<\/p>\n<p>Byggnaden f\u00f6rs\u00e4krades f\u00f6r 7\u00a0000 mark.<\/p>\n<h5><strong>Byggnad nr 2:<\/strong><\/h5>\n<p>Ett kombinerat uthus och boningshus, byggt av stock och delvis av korsvirke och br\u00e4der. Byggnaden \u00e4r uppf\u00f6rd \u00e5ren 1853 och 1883, br\u00e4dfodrad och m\u00e5lad med kompositionsf\u00e4rg och hade asfaltfilt p\u00e5 taket. Mot s\u00f6der var byggnaden 40,38 m l\u00e5ng, i den v\u00e4stra \u00e4ndan 8,90 m och i den \u00f6stra \u00e4ndan 6,53 m. I byggnaden fanns det tv\u00e5 boningsrum och i dessa fanns det en kakelugn och en k\u00f6ksspis. D\u00e4r fanns ocks\u00e5 ett magasin med dubbla bottnar, vedlider, f\u00e4hus, stall, foderlada och latrin med spillningskast.<\/p>\n<p>Byggnaden f\u00f6rs\u00e4krades f\u00f6r 4\u00a0500 mark.<\/p>\n<h5><strong>Byggnad nr 3:<\/strong><\/h5>\n<p>Ett boningshus av timmer i gott skick, uppf\u00f6rt \u00e5r 1818 och tillbyggt 1870. Det var br\u00e4dfodrat och m\u00e5lat med kompositionsf\u00e4rg och hade ett tak av asfaltfilt. Huset var 10,24 m l\u00e5ngt och 5 m brett och fr\u00e5n marken till takkammen var det 5,49 m h\u00f6gt. Det var byggt i en v\u00e5ning och d\u00e4r fanns tre rum och i dessa en kakelugn och en k\u00f6ksspis. P\u00e5 g\u00e5rdssidan fanns det en veranda byggd av korsvirke och br\u00e4der.<\/p>\n<p>Byggnaden f\u00f6rs\u00e4krades f\u00f6r 1\u00a0600 mark.<\/p>\n<h5><strong>Byggnad nr 4:<\/strong><\/h5>\n<p>En uthusbyggnad av stock, delvis av korsvirke och br\u00e4der i gott skick, uppf\u00f6rt \u00e5r 1860. Den var br\u00e4dfodrad och m\u00e5lad med kompositionsf\u00e4rg. Huset var 15,85 m l\u00e5ngt och 3,30 m brett och d\u00e4r fanns ett vedlider, foderlada, f\u00e4hus med f\u00f6rstuga och latrin med spillningskast.<\/p>\n<p>Uthuset f\u00f6rs\u00e4krades f\u00f6r 400 mark.<\/p>\n<p>F\u00f6rutom dessa fyra byggnader ville Alma Kjerrstr\u00f6m ocks\u00e5 f\u00f6rs\u00e4kra den ena ink\u00f6rsporten f\u00f6r 100 mark. Den var gjord av stock och br\u00e4der, oljem\u00e5lad och i f\u00f6rs\u00e4kringen ingick l\u00e5s, reglar och g\u00e5ngj\u00e4rn. Ett plank, som var 45 m l\u00e5ngt och d\u00e4r h\u00f6jden varierade mellan 1,50 och 3,50 m f\u00f6rs\u00e4krades f\u00f6r 150 mark. Tr\u00e4dg\u00e5rdsstaketen inne p\u00e5 g\u00e5rden f\u00f6rs\u00e4krades ocks\u00e5 f\u00f6r 150 mark. Det var gjort av str\u00e4vor och ribbor, 120 m l\u00e5ngt och 1,20 m h\u00f6gt.<\/p>\n<p>Hela f\u00f6rs\u00e4kringen uppgick till 13\u00a0900 mk och den \u00e5rliga intr\u00e4desavgiften eller premien ber\u00e4knades till 105 mk.<\/p>\n<figure id=\"attachment_26156\" aria-describedby=\"caption-attachment-26156\" style=\"width: 540px\" class=\"wp-caption alignnone\"><img loading=\"lazy\" decoding=\"async\" class=\"size-full wp-image-26156\" src=\"https:\/\/www.kristinestadshistoria.fi\/wp-content\/uploads\/2023\/05\/Tomtkarta-1902-stor-3.jpg\" alt=\"\" width=\"540\" height=\"918\" srcset=\"https:\/\/www.kristinestadshistoria.fi\/wp-content\/uploads\/2023\/05\/Tomtkarta-1902-stor-3.jpg 540w, https:\/\/www.kristinestadshistoria.fi\/wp-content\/uploads\/2023\/05\/Tomtkarta-1902-stor-3-176x300.jpg 176w\" sizes=\"auto, (max-width: 540px) 100vw, 540px\" \/><figcaption id=\"caption-attachment-26156\" class=\"wp-caption-text\">S\u00e5 h\u00e4r s\u00e5g den planteckning ut, som Alma Kjerrstr\u00f6m l\u00e4t rita upp i november 1902, d\u00e5 hon tecknade en ny brandf\u00f6rs\u00e4kring. Inf\u00e4llt i nedre kanten hennes underskrift p\u00e5 f\u00f6rs\u00e4kringsbrevet. Byggnaden J nere till v\u00e4nster \u00e4r den nybyggda svenska folkskolan, den som f\u00f6rst\u00f6rdes i en brand i januari 1922.<\/figcaption><\/figure>\n<h3><strong>Brandf\u00f6rs\u00e4kringen \u00e5r 1914.<\/strong><\/h3>\n<p>\u00c5r 1914 tecknade ingenj\u00f6rs\u00e4nkan Alma Kjerrstr\u00f6m en ny brandf\u00f6rs\u00e4kring, eftersom flera byggnader hade renoverats eller tillbyggts. Kostnader f\u00f6r byggande och reparationer hade stigit, sedan den gamla f\u00f6rs\u00e4kringen togs.<\/p>\n<p>1. Bostadsbyggnad uppf\u00f6rd 1858, f\u00f6rs\u00e4krades f\u00f6r 9 000 mark mot 7 000 mark tidigare.<\/p>\n<p>2. Bostadsbyggnad uppf\u00f6rd 1853 och 1883, l\u00e4ngd 40 meter och hade filttak.\u00a0 F\u00f6rs\u00e4krades f\u00f6r 5 000 mark<\/p>\n<p>3. Bostadshus invid \u00d6stra L\u00e5nggatan, uppf\u00f6rd 1818 och tillbyggd \u00e5r 1914. Byggnaden \u00e4r nu 12 meter l\u00e5ng och 8 meter bred och den f\u00f6rs\u00e4kras f\u00f6r 7 000 mark.<\/p>\n<p>4. Uthus, uppf\u00f6rt 1860, l\u00e4ngd 15,85 meter.<\/p>\n<p>F\u00f6rutom dessa fyra byggnader f\u00f6rs\u00e4krades ink\u00f6rsporten, planket och ett staket gjort av j\u00e4rntr\u00e5dsn\u00e4t. Alltsammans f\u00f6rs\u00e4krades f\u00f6r 22 100 mark.<\/p>\n<figure id=\"attachment_28828\" aria-describedby=\"caption-attachment-28828\" style=\"width: 875px\" class=\"wp-caption alignnone\"><img loading=\"lazy\" decoding=\"async\" class=\"size-full wp-image-28828\" src=\"https:\/\/www.kristinestadshistoria.fi\/wp-content\/uploads\/2024\/07\/1914-planteckning.jpg\" alt=\"\" width=\"875\" height=\"720\" srcset=\"https:\/\/www.kristinestadshistoria.fi\/wp-content\/uploads\/2024\/07\/1914-planteckning.jpg 875w, https:\/\/www.kristinestadshistoria.fi\/wp-content\/uploads\/2024\/07\/1914-planteckning-300x247.jpg 300w, https:\/\/www.kristinestadshistoria.fi\/wp-content\/uploads\/2024\/07\/1914-planteckning-768x632.jpg 768w\" sizes=\"auto, (max-width: 875px) 100vw, 875px\" \/><figcaption id=\"caption-attachment-28828\" class=\"wp-caption-text\">\u00c5r 1914 d\u00e5 Alma Kjerrstr\u00f6m tecknade en ny brandf\u00f6rs\u00e4kring, s\u00e5 bifogades en planteckning som visade hur byggnaderna var placerade p\u00e5 tomten. Inf\u00e4llt i nedre kanten Almas underskrift.<\/figcaption><\/figure>\n<h3><strong>Brandskadan 1922.<\/strong><\/h3>\n<p>Den 20 januari 1922 f\u00f6rst\u00f6rdes den svenska folkskolbyggnaden p\u00e5 andra sidan \u00d6stra L\u00e5nggatan i en h\u00e4ftig brand, som ocks\u00e5 skadade Alma Kjerrstr\u00f6ms kombinerade boningshus och uthus. Br\u00e4dfodringen i gavelns skadades, liksom en del av taket.<\/p>\n<p>Skadorna v\u00e4rderades till 1 184 mark men d\u00e5\u00a0 byggnaden var klart underf\u00f6rs\u00e4krad, s\u00e5 fick hon endast 197 mark i ers\u00e4ttning<\/p>\n","protected":false},"excerpt":{"rendered":"<p>Sammanst\u00e4llt av Lasse Backlund. Uppgifterna \u00e4r tagna ur gamla f\u00f6rs\u00e4kringsbrev, som finns p\u00e5 Riksarkivet. Brandf\u00f6rs\u00e4kringen \u00e5r 1859. \u00c5r 1832 bildades \u201dAllm\u00e4nna Brandstodsbolaget i Finland\u201d i Helsingfors och \u00e5r 1859, i januari anh\u00f6ll skepparen E. A. Rindell att hans g\u00e5rd vid <a class=\"more-link\" href=\"https:\/\/www.kristinestadshistoria.fi\/?page_id=25827\">Forts\u00e4tt l\u00e4sa <span class=\"screen-reader-text\">  Den f\u00f6rs\u00e4krade g\u00e5rden p\u00e5 tomt 4<\/span><span class=\"meta-nav\">&rarr;<\/span><\/a><\/p>\n","protected":false},"author":1,"featured_media":0,"parent":21902,"menu_order":10,"comment_status":"closed","ping_status":"closed","template":"","meta":{"footnotes":""},"class_list":["post-25827","page","type-page","status-publish","hentry"],"_links":{"self":[{"href":"https:\/\/www.kristinestadshistoria.fi\/index.php?rest_route=\/wp\/v2\/pages\/25827","targetHints":{"allow":["GET"]}}],"collection":[{"href":"https:\/\/www.kristinestadshistoria.fi\/index.php?rest_route=\/wp\/v2\/pages"}],"about":[{"href":"https:\/\/www.kristinestadshistoria.fi\/index.php?rest_route=\/wp\/v2\/types\/page"}],"author":[{"embeddable":true,"href":"https:\/\/www.kristinestadshistoria.fi\/index.php?rest_route=\/wp\/v2\/users\/1"}],"replies":[{"embeddable":true,"href":"https:\/\/www.kristinestadshistoria.fi\/index.php?rest_route=%2Fwp%2Fv2%2Fcomments&post=25827"}],"version-history":[{"count":8,"href":"https:\/\/www.kristinestadshistoria.fi\/index.php?rest_route=\/wp\/v2\/pages\/25827\/revisions"}],"predecessor-version":[{"id":28830,"href":"https:\/\/www.kristinestadshistoria.fi\/index.php?rest_route=\/wp\/v2\/pages\/25827\/revisions\/28830"}],"up":[{"embeddable":true,"href":"https:\/\/www.kristinestadshistoria.fi\/index.php?rest_route=\/wp\/v2\/pages\/21902"}],"wp:attachment":[{"href":"https:\/\/www.kristinestadshistoria.fi\/index.php?rest_route=%2Fwp%2Fv2%2Fmedia&parent=25827"}],"curies":[{"name":"wp","href":"https:\/\/api.w.org\/{rel}","templated":true}]}}