{"id":25792,"date":"2023-03-30T22:59:27","date_gmt":"2023-03-30T19:59:27","guid":{"rendered":"https:\/\/www.kristinestadshistoria.fi\/?page_id=25792"},"modified":"2025-01-06T08:33:42","modified_gmt":"2025-01-06T06:33:42","slug":"de-forsakrade-byggnaderna-pa-tomten-142-och-143","status":"publish","type":"page","link":"https:\/\/www.kristinestadshistoria.fi\/?page_id=25792","title":{"rendered":"De f\u00f6rs\u00e4krade byggnaderna p\u00e5 tomten 142 och 143"},"content":{"rendered":"<p><span style=\"color: #000080;\"><strong>Sammanst\u00e4llt av Lasse Backlund. Uppgifterna \u00e4r tagna ur gamla f\u00f6rs\u00e4kringsbrev, som finns p\u00e5 Riksarkivet.<\/strong><\/span><\/p>\n<h3><strong>Brandf\u00f6rs\u00e4kringen 1882.<\/strong><\/h3>\n<p>\u00c5r 1832 bildades \u201dAllm\u00e4nna Brandstodsbolaget i Finland\u201d i Helsingfors och det var i mars \u00e5r 1882 som den nya \u00e4garen, handlanden Alfred Carlstr\u00f6m anh\u00f6ll att byggnaderna p\u00e5 tomterna 142 o 143 skulle brandf\u00f6rs\u00e4kras. F\u00f6rs\u00e4kringsans\u00f6kan skulle g\u00f6ras till bolaget och Alfred uppgav d\u00e5 att p\u00e5 tomten fanns det tillr\u00e4ckligt med brandredskap, n\u00e4mligen en portativ slangspruta, 3 brandstegar, 2 brandhakar, 2 handsprutor och 2 brand\u00e4mbare. Dessa redskap var alla m\u00e4rkta med tomtens nummer. P\u00e5 g\u00e5rden fanns en brunn, som gav rikligt med vatten vid en eventuell brand.<\/p>\n<p>Alfred Carlstr\u00f6m uppgav att tomten var 3 200 \u201dQvadrat alnar i areal vidd\u201d (en kvadrataln \u00e4r 0,36 kvadratmeter). Tomtens norra sida \u00e4r 49 alnar (1 aln = 0,6 m)och gr\u00e4nsar till tomten nr 141. I \u00f6ster \u00e4r sidan var sidan 65 alnar bred och den st\u00f6ter till \u00d6stra L\u00e5nggatan, som \u00e4r 11 alnar bred. S\u00f6dra sidan var 49 alnar och gr\u00e4nsar till tomten 144. V\u00e4stra sidan \u00e4r 64 alnar och gr\u00e4nsar till tomten 149 o 150.<\/p>\n<figure id=\"attachment_25795\" aria-describedby=\"caption-attachment-25795\" style=\"width: 636px\" class=\"wp-caption alignnone\"><img loading=\"lazy\" decoding=\"async\" class=\"size-full wp-image-25795\" src=\"https:\/\/www.kristinestadshistoria.fi\/wp-content\/uploads\/2023\/03\/Tomtkarta-1882-liten.jpg\" alt=\"\" width=\"636\" height=\"733\" srcset=\"https:\/\/www.kristinestadshistoria.fi\/wp-content\/uploads\/2023\/03\/Tomtkarta-1882-liten.jpg 636w, https:\/\/www.kristinestadshistoria.fi\/wp-content\/uploads\/2023\/03\/Tomtkarta-1882-liten-260x300.jpg 260w\" sizes=\"auto, (max-width: 636px) 100vw, 636px\" \/><figcaption id=\"caption-attachment-25795\" class=\"wp-caption-text\">D\u00e5 handlanden Alfred Carlstr\u00f6m \u00e5r 1882 skulle brandf\u00f6rs\u00e4kra sin nyligen tillbyggda g\u00e5rd p\u00e5 \u00d6stra L\u00e5nggatan 45, s\u00e5 skulle han bifoga en planteckning och s\u00e5 h\u00e4r s\u00e5g den ut i renritat format.<\/figcaption><\/figure>\n<p>Det fanns tv\u00e5 byggnader p\u00e5 tomten \u00e5r 1882 som skulle f\u00f6rs\u00e4kras.<\/p>\n<h5><strong>Byggnad nr 1:<\/strong><\/h5>\n<p>Ett boningshus av timmer i gott skick, uppf\u00f6rt \u00e5r 1843 och blev tillbyggt och f\u00f6rh\u00f6jt \u00e5r 1881. Till en del var den br\u00e4dfodrad och m\u00e5lat med oljef\u00e4rg och hade ett tak av j\u00e4rnpl\u00e5t. Det var 49 \u00bc alnar (29,5 m) l\u00e5ngt, den norra gamla delen var 15 alnar bred och den nya s\u00f6dra tillbyggnaden var 19 alnar bred, skillnaden var ungef\u00e4r 2,4 meter. I byggnaden fanns det 12 rum och i dessa rum fanns det 10 vita glaserade kakelugnar, en kakel k\u00f6ksspis och en portativ h\u00e4llaj\u00e4rnugn. P\u00e5 g\u00e5rdssidan fanns det en av korsvirke och br\u00e4der f\u00f6rsedd veranda och en trappuppg\u00e5ng.<\/p>\n<p>Den h\u00e4r stora byggnaden f\u00f6rs\u00e4krades f\u00f6r 21\u00a0000 mark.<\/p>\n<h5><strong>Byggnad nr 2:<\/strong><\/h5>\n<p>En bagarstuga och en uthusbyggnad byggt av timmer \u00e5r 1854, br\u00e4dfodrad och m\u00e5lad med slamf\u00e4rg och den hade ett tak av p\u00e4rtor. Det var 63 alnar (37 m) l\u00e5ngt och hade ett magasin, en bagarstuga med bakugn med spis, en f\u00f6rstuga, en fruktkammare med en kakelugn, en dr\u00e4ngstuga med en spis, ett vagnslider, ett stall, spillningskast med latrin, f\u00e4hus och en foderlada.<\/p>\n<p>Denna byggnad f\u00f6rs\u00e4krades f\u00f6r 4 000 mark<\/p>\n<p>Den nya ink\u00f6rs- och g\u00e5ngporten av stock och plankor, oljem\u00e5lad med g\u00e5ngj\u00e4rn och reglar f\u00f6rs\u00e4krades f\u00f6r 400 mark. Planket runt g\u00e5rden som var 6 alnar (3,6 m) h\u00f6gt och 49 alnar l\u00e5ng, f\u00f6rs\u00e4krades f\u00f6r 200 mark.<\/p>\n<p>Carlstr\u00f6m uppgav att p\u00e5 tomten eller i dess n\u00e4rhet fanns det inga eldfarliga inr\u00e4ttningar. P\u00e5 tomten fanns det ingen tr\u00e4dg\u00e5rd men n\u00e5gra lummiga l\u00f6vtr\u00e4d fanns det.<\/p>\n<p>Alltsammans f\u00f6rs\u00e4krades f\u00f6r 25 600 mark och den \u00e5rliga intr\u00e4desavgiften ber\u00e4knades till 160,80 mark i guld. Denna summa g\u00e4llde i fem \u00e5rs tid och skulle korrigeras vid 5-\u00e5rs kontrollen. Vart femte \u00e5r granskades byggnaderna och brandredskapen av lokala granskare och varje g\u00e5ng kunde de konstatera att byggnaderna var i samma skick som n\u00e4r f\u00f6rs\u00e4kringen togs \u00e5r 1882.<\/p>\n<figure id=\"attachment_25796\" aria-describedby=\"caption-attachment-25796\" style=\"width: 853px\" class=\"wp-caption alignnone\"><img loading=\"lazy\" decoding=\"async\" class=\"size-full wp-image-25796\" src=\"https:\/\/www.kristinestadshistoria.fi\/wp-content\/uploads\/2023\/03\/Tomtkarta-1882-stor.jpg\" alt=\"\" width=\"853\" height=\"770\" srcset=\"https:\/\/www.kristinestadshistoria.fi\/wp-content\/uploads\/2023\/03\/Tomtkarta-1882-stor.jpg 853w, https:\/\/www.kristinestadshistoria.fi\/wp-content\/uploads\/2023\/03\/Tomtkarta-1882-stor-300x271.jpg 300w, https:\/\/www.kristinestadshistoria.fi\/wp-content\/uploads\/2023\/03\/Tomtkarta-1882-stor-768x693.jpg 768w\" sizes=\"auto, (max-width: 853px) 100vw, 853px\" \/><figcaption id=\"caption-attachment-25796\" class=\"wp-caption-text\">S\u00e5 h\u00e4r s\u00e5g den planteckning ut som Alfred Carlstr\u00f6m l\u00e4t uppg\u00f6ra \u00e5r 1882, d\u00e5 han skulle brandf\u00f6rs\u00e4kra sin g\u00e5rd. Inf\u00e4llt i nedre kanten hans namnteckning p\u00e5 f\u00f6rs\u00e4kringsbrevet.<\/figcaption><\/figure>\n<p>\u00c5r 1892 granskades byggnaderna av brandstodsbolagets lokala agent Gustaf Stenberg, tillsammans med skomakarm\u00e4starna Johan Fredrik Forsberg och Gustaf Fredrik Hartman. Dessa f\u00f6reslog att \u201dintr\u00e4desafgiften\u201d, som premien kallades den tiden skulle s\u00e4nkas eftersom uthuset nr 2 hade f\u00f6rsetts med ett tak av asfaltfilt, som var mindre brandfarligt \u00e4n p\u00e4rtor.<\/p>\n<h2><strong>Brandf\u00f6rs\u00e4kringen \u00e5r 1901:<\/strong><\/h2>\n<figure id=\"attachment_26105\" aria-describedby=\"caption-attachment-26105\" style=\"width: 1210px\" class=\"wp-caption alignnone\"><img loading=\"lazy\" decoding=\"async\" class=\"size-full wp-image-26105\" src=\"https:\/\/www.kristinestadshistoria.fi\/wp-content\/uploads\/2023\/05\/Koket-byggt-av-tegel-1901.jpg\" alt=\"\" width=\"1210\" height=\"1613\" srcset=\"https:\/\/www.kristinestadshistoria.fi\/wp-content\/uploads\/2023\/05\/Koket-byggt-av-tegel-1901.jpg 1210w, https:\/\/www.kristinestadshistoria.fi\/wp-content\/uploads\/2023\/05\/Koket-byggt-av-tegel-1901-225x300.jpg 225w, https:\/\/www.kristinestadshistoria.fi\/wp-content\/uploads\/2023\/05\/Koket-byggt-av-tegel-1901-768x1024.jpg 768w, https:\/\/www.kristinestadshistoria.fi\/wp-content\/uploads\/2023\/05\/Koket-byggt-av-tegel-1901-1152x1536.jpg 1152w\" sizes=\"auto, (max-width: 1210px) 100vw, 1210px\" \/><figcaption id=\"caption-attachment-26105\" class=\"wp-caption-text\">\u00c5r 1901 gjorde Alfred Carlstr\u00f6m en st\u00f6rre renovering av sin g\u00e5rd och han l\u00e4t d\u00e5 bygga ett helt nytt k\u00f6k av tegel. Ovanp\u00e5 k\u00f6ket byggdes ett boningsrum d\u00e4r det fanns en egen eldstad. Fotot fr\u00e5n v\u00e5ren 2023.<\/figcaption><\/figure>\n<p>Den 22 oktober 1901 ville handlande Alfred Carlstr\u00f6m att hans g\u00e5rd p\u00e5 tomterna 143 och 144 skulle f\u00f6rs\u00e4kras p\u00e5 nytt, eftersom huvudbyggnaden hade tillbyggts och s\u00e5ledes f\u00e5tt ett h\u00f6gre v\u00e4rde.<\/p>\n<p>Carlstr\u00f6m uppgav att tomten var 1130 m\u00b2 stor och att p\u00e5 den fanns en brunn med rikligt vatten, som kan anv\u00e4ndas vid en eventuell brand. N\u00f6dv\u00e4ndiga brandredskap fanns ocks\u00e5, n\u00e4mligen en portativ slangspruta, tre brandstegar, tv\u00e5 brandhakar och tv\u00e5 brand\u00e4mbare och de var alla m\u00e5lade med tomtens nummer.<\/p>\n<figure id=\"attachment_26102\" aria-describedby=\"caption-attachment-26102\" style=\"width: 655px\" class=\"wp-caption alignnone\"><img loading=\"lazy\" decoding=\"async\" class=\"size-full wp-image-26102\" src=\"https:\/\/www.kristinestadshistoria.fi\/wp-content\/uploads\/2023\/05\/Tomtkarta-1901-liten.jpg\" alt=\"\" width=\"655\" height=\"693\" srcset=\"https:\/\/www.kristinestadshistoria.fi\/wp-content\/uploads\/2023\/05\/Tomtkarta-1901-liten.jpg 655w, https:\/\/www.kristinestadshistoria.fi\/wp-content\/uploads\/2023\/05\/Tomtkarta-1901-liten-284x300.jpg 284w\" sizes=\"auto, (max-width: 655px) 100vw, 655px\" \/><figcaption id=\"caption-attachment-26102\" class=\"wp-caption-text\">\u00c5r 1901 byggde Carlstr\u00f6m ett ordentligt k\u00f6k i den norra \u00e4ndan av g\u00e5rden och han tog p\u00e5 samma g\u00e5ng bort en mellanv\u00e4gg till matsalen.<\/figcaption><\/figure>\n<h5><strong>Byggnad nr 1:<\/strong><\/h5>\n<p>Ett boningshus av timmer och delvis av tegel, f\u00f6rsta delen uppf\u00f6rt \u00e5r 1843 och tillbyggt \u00e5r 1881. \u00c5r 1901 har gjorts en tillbyggnad av tegel, som var rappat och m\u00e5lat. Den \u00f6vriga byggnaden har br\u00e4dfodring och hela byggnaden hade ett tak av j\u00e4rnpl\u00e5t. Huset var 29,25 m l\u00e5ngt mot gatan, norra delen var 17,35 m l\u00e5ngt medan den s\u00f6dra gaveln var 11,28 m bred. Huset var byggt i en v\u00e5ning och medelh\u00f6jden fr\u00e5n marken till takkanten var 9,50 m och d\u00e4r fanns 12 boningsrum, f\u00f6rutom skafferier, garderober och closetter. I byggnaden fanns det 10 kakelugnar, en j\u00e4rnkokkamin i k\u00f6ket, som \u00e4r uppf\u00f6rt av tegel \u00e5r 1901. Ovanp\u00e5 k\u00f6ket finns ett boningsrum, som ocks\u00e5 \u00e4r uppf\u00f6rt av tegel och d\u00e4r fanns ocks\u00e5 en kakelugn. P\u00e5 g\u00e5rdssidan fanns en veranda byggt av korsvirke och br\u00e4der.<\/p>\n<p>Hela huvudbyggnaden f\u00f6rs\u00e4krades f\u00f6r 31\u00a0000 mark.<\/p>\n<h5><strong>Byggnad nr 2:<\/strong><\/h5>\n<p>Ett kombinerat uthus och boningshus, uppf\u00f6rt \u00e5r 1854 av timmer och det var i gott skick. Uthuset var br\u00e4dfodrat och m\u00e5lat och hade ett tak av asfaltfilt. Husets l\u00e4ngd var 37,71 m och 5,34 m brett och byggt i en v\u00e5ning. D\u00e4r fanns flera magasin, fyra boningsrum d\u00e4r det fanns tv\u00e5 kakelugnar och en spis med bakugn. D\u00e4r fanns ett vagnslider, stall och f\u00e4hus, latrin med spillningskast, f\u00f6rstuga och en foderlada. I byggnaden fanns ocks\u00e5 en v\u00e4lvd stenk\u00e4llare.<\/p>\n<p>Hela uthuset f\u00f6rs\u00e4krades f\u00f6r 5\u00a0000 mark.<\/p>\n<p>F\u00f6rutom dessa tv\u00e5 byggnader f\u00f6rs\u00e4krades den m\u00e5lade ink\u00f6rsporten med en g\u00e5ngport f\u00f6r 400 mark. Den var byggd av stock och plankor och i f\u00f6rs\u00e4kringen ingick ocks\u00e5 l\u00e4s, g\u00e5ngj\u00e4rn och reglar.<\/p>\n<p>Ett oljem\u00e5lat plank av stock och br\u00e4der f\u00f6rs\u00e4krades f\u00f6r 200 mark och det var 24 m l\u00e5ngt och hela 3,56 m h\u00f6gt.<\/p>\n<p>Hela f\u00f6rs\u00e4kringsbeloppet uppgick till 36 600 mark och den \u00e5rliga intr\u00e4desavgiften uppgick till 259,98 mark.<\/p>\n<p>Carlstr\u00f6m uppgav att n\u00e5gra andra byggnader inte fanns p\u00e5 tomten och i n\u00e4rheten fanns det inte heller n\u00e5gra eldfarliga inr\u00e4ttningar. N\u00e5gon tr\u00e4dg\u00e5rd fanns inte p\u00e5 tomten men nog n\u00e5gra medelh\u00f6ga, lummiga l\u00f6vtr\u00e4d.<\/p>\n<p>F\u00f6re f\u00f6rs\u00e4kringen kunde godk\u00e4nnas, s\u00e5 granskades de av tv\u00e5 granskare, n\u00e4mligen handlandena J. W. Olin och Konrad Sundman. Brandstodsbolagets lokala agent, kapten Wilhelm Hagen, skrev s\u00e5 h\u00e4r i sin rapport:<\/p>\n<p><em>\u201dHuset nr 1, f\u00f6rutom att det erh\u00e5llit en tillbyggnad av sten, har underg\u00e5tt v\u00e4sentliga f\u00f6r\u00e4ndringar i det att v\u00e4ggen emellan matsalen och k\u00f6ket borttagits, skafferi, garderober och closett inr\u00e4ttats, de flesta rum erh\u00e5llit nya tapeter, takm\u00e5lningar, och flera dyrbara kakelugnar. Den nya matsalen \u00e4r i synnerhet praktfullt inrett med tak och taklister praktfullt snidade, med pressade tapeter och spegelpanelning, \u00e4r i sin helhet fint och propert inrett, varvid goda materialer anv\u00e4nts och arbetets utf\u00f6rts med omsorg.\u201d<\/em><\/p>\n<figure id=\"attachment_26103\" aria-describedby=\"caption-attachment-26103\" style=\"width: 506px\" class=\"wp-caption alignnone\"><img loading=\"lazy\" decoding=\"async\" class=\"size-full wp-image-26103\" src=\"https:\/\/www.kristinestadshistoria.fi\/wp-content\/uploads\/2023\/05\/Tomtkarta-1901-stor.jpg\" alt=\"\" width=\"506\" height=\"871\" srcset=\"https:\/\/www.kristinestadshistoria.fi\/wp-content\/uploads\/2023\/05\/Tomtkarta-1901-stor.jpg 506w, https:\/\/www.kristinestadshistoria.fi\/wp-content\/uploads\/2023\/05\/Tomtkarta-1901-stor-174x300.jpg 174w\" sizes=\"auto, (max-width: 506px) 100vw, 506px\" \/><figcaption id=\"caption-attachment-26103\" class=\"wp-caption-text\">\u00c5r 1901, efter att Alfred Carlstr\u00f6m hade l\u00e5tit bygga ett nytt k\u00f6k av tegel s\u00e5 f\u00f6rnyades den gamla brandf\u00f6rs\u00e4kringen och d\u00e5 ritades denna planteckning upp. Denna bifogades f\u00f6rs\u00e4kringsbrevet och i nedre kanten finns Alfreds namnteckning inf\u00e4lld.<\/figcaption><\/figure>\n<h2><strong>Brandf\u00f6rs\u00e4kringen \u00e5r 1910.<\/strong><\/h2>\n<p>Den 2 maj 1910 tecknade handlanden Alfred Carlstr\u00f6m en ny brandf\u00f6rs\u00e4kring p\u00e5 sin hemg\u00e5rd p\u00e5 \u00d6stra L\u00e5nggatan 45. Det h\u00e4r skedde bara n\u00e5gon m\u00e5nad innan den stora Axelinska bedr\u00e4gerih\u00e4rvan uppdagades. Det var kostnads\u00f6kningarna och prisstegringarna p\u00e5 material och arbetsl\u00f6ner, som var orsaken till den nya brandf\u00f6rs\u00e4kringen. N\u00e5gra st\u00f6rre f\u00f6rb\u00e4ttringar eller f\u00f6r\u00e4ndringar p\u00e5 byggnaderna hade inte gjorts.<\/p>\n<p>P\u00e5 tomterna fanns det bara tv\u00e5 byggnader, som Carlstr\u00f6m ville f\u00f6rs\u00e4kra:<\/p>\n<p><strong>Byggnad nr 1<\/strong>, n\u00e5gra st\u00f6rre f\u00f6r\u00e4ndringar hade inte gjorts men f\u00f6rs\u00e4kringsv\u00e4rdet h\u00f6jdes fr\u00e5n 31\u00a0000 till 40\u00a0000 mark.<\/p>\n<p><strong>Byggnad nr 2<\/strong>, n\u00e5gra st\u00f6rre f\u00f6r\u00e4ndringar hade inte gjorts men f\u00f6rs\u00e4kringsv\u00e4rdet h\u00f6jdes fr\u00e5n 5\u00a0000 till 10\u00a0000 mark.<\/p>\n<p>Ink\u00f6rsporten och g\u00e5ngporten f\u00f6rs\u00e4krades forts\u00e4ttningsvis f\u00f6r 400 mark och det 24 meter l\u00e5nga planket f\u00f6r 200 mark. Det h\u00e4r planket torde vara stadens h\u00f6gsta, d\u00e5 h\u00f6jden var 3,56 m.<\/p>\n<p>Hela f\u00f6rs\u00e4kringsbeloppet uppgick till 50 600 mark och den \u00e5rliga intr\u00e4desavgiften uppgick till 362,70 mark. Den h\u00e4r premien hade h\u00f6jts fr\u00e5n det normala av olika orsaker. Huvudbyggnaden nr 1 hade ett rum p\u00e5 vinden och d\u00e4rf\u00f6r h\u00f6jdes premien med 10 % och uthuset nr 2 var byggt n\u00e4ra grannbyggnaderna och premien h\u00f6jdes d\u00e4rf\u00f6r med hela 50 %.<\/p>\n<figure id=\"attachment_26937\" aria-describedby=\"caption-attachment-26937\" style=\"width: 474px\" class=\"wp-caption alignnone\"><img loading=\"lazy\" decoding=\"async\" class=\"size-full wp-image-26937\" src=\"https:\/\/www.kristinestadshistoria.fi\/wp-content\/uploads\/2023\/07\/Tomtkarta-1910-stor-6.jpg\" alt=\"\" width=\"474\" height=\"874\" srcset=\"https:\/\/www.kristinestadshistoria.fi\/wp-content\/uploads\/2023\/07\/Tomtkarta-1910-stor-6.jpg 474w, https:\/\/www.kristinestadshistoria.fi\/wp-content\/uploads\/2023\/07\/Tomtkarta-1910-stor-6-163x300.jpg 163w\" sizes=\"auto, (max-width: 474px) 100vw, 474px\" \/><figcaption id=\"caption-attachment-26937\" class=\"wp-caption-text\">Den h\u00e4r planteckningen l\u00e4t Alfred Carlstr\u00f6m rita upp \u00e5r 1910, d\u00e5 han tecknade en ny brandf\u00f6rs\u00e4kring p\u00e5 byggnaderna p\u00e5 hans g\u00e5rd p\u00e5 \u00d6stra L\u00e5nggatan 45.<\/figcaption><\/figure>\n<h2><strong>Brandf\u00f6rs\u00e4kringen 1918.<\/strong><\/h2>\n<p>Den 25 juni tecknade handlanden Viktor Koskinen en ny brandf\u00f6rs\u00e4kring p\u00e5 3 byggnader p\u00e5 hans tomter.<\/p>\n<p>Byggnad nr 1 uppm\u00e4ttes till 1719 kubikmeter och f\u00f6rs\u00e4krades f\u00f6r 32 mark per kubik, vilket gjorde 55 000 mark.<\/p>\n<p>Byggnad nr 2 uppm\u00e4ttes till 805 kubikmeter och f\u00f6rs\u00e4krades f\u00f6r 15 mark per kubik och det gjorde 12 070 mark<\/p>\n<p>Byggnad nr 3 var en v\u00e4lvd k\u00e4llare av sten, tegel. cement och asfaltfilt uppf\u00f6rd \u00e5r 1901. Den var till h\u00e4lften under marken och hade ett tak av br\u00e4der. K\u00e4llaren var 8,79 m l\u00e5ng och 5,86 m bred och volymen r\u00e4knades ut till 129 kubikmeter. Varje kubik f\u00f6rs\u00e4krades f\u00f6r 25 mark, vilket gjorde totalt 3 220 mark.<\/p>\n<p>F\u00f6rutom dessa tre byggnader s\u00e5 f\u00f6rs\u00e4krades ink\u00f6rsporten f\u00f6r 400 mark och det 3,56 meter h\u00f6ga planket till 200 mark. Hela f\u00f6rs\u00e4kringen uppgick allts\u00e5 till 70 890 mark<\/p>\n<figure id=\"attachment_29269\" aria-describedby=\"caption-attachment-29269\" style=\"width: 1026px\" class=\"wp-caption alignnone\"><img loading=\"lazy\" decoding=\"async\" class=\"size-full wp-image-29269\" src=\"https:\/\/www.kristinestadshistoria.fi\/wp-content\/uploads\/2024\/11\/Tomtkarta-1918-Viktor-Koskinen-1.jpg\" alt=\"\" width=\"1026\" height=\"2009\" srcset=\"https:\/\/www.kristinestadshistoria.fi\/wp-content\/uploads\/2024\/11\/Tomtkarta-1918-Viktor-Koskinen-1.jpg 1026w, https:\/\/www.kristinestadshistoria.fi\/wp-content\/uploads\/2024\/11\/Tomtkarta-1918-Viktor-Koskinen-1-153x300.jpg 153w, https:\/\/www.kristinestadshistoria.fi\/wp-content\/uploads\/2024\/11\/Tomtkarta-1918-Viktor-Koskinen-1-523x1024.jpg 523w, https:\/\/www.kristinestadshistoria.fi\/wp-content\/uploads\/2024\/11\/Tomtkarta-1918-Viktor-Koskinen-1-768x1504.jpg 768w, https:\/\/www.kristinestadshistoria.fi\/wp-content\/uploads\/2024\/11\/Tomtkarta-1918-Viktor-Koskinen-1-784x1536.jpg 784w\" sizes=\"auto, (max-width: 1026px) 100vw, 1026px\" \/><figcaption id=\"caption-attachment-29269\" class=\"wp-caption-text\">Den h\u00e4r tomtkartan bifogade handlanden Viktor Koskinen till f\u00f6rs\u00e4kringsbrevet \u00e5r 1918.<\/figcaption><\/figure>\n<h3><strong>Brandf\u00f6rs\u00e4kringen 1919<\/strong><\/h3>\n<p><strong>\u00c5r 1919, den 15 augusti<\/strong> tecknade handlande Viktor Koskinen en ny brandf\u00f6rs\u00e4kring p\u00e5 de tre byggnaderna p\u00e5 sin tomt. P\u00e5 grund av den h\u00f6ga inflationen s\u00e5 h\u00f6jde han v\u00e4rdet p\u00e5 de f\u00f6rs\u00e4krade byggnaderna till 108 900 mark, j\u00e4mf\u00f6rt med 70 890 \u00e5ret innan. N\u00e5gra st\u00f6rre f\u00f6rb\u00e4ttringar eller renoveringar hade inte gjorts under \u00e5ret.<\/p>\n<h3><strong>Brandf\u00f6rs\u00e4kringen 1925<\/strong><\/h3>\n<p><strong>\u00c5r 1925, den 19 maj<\/strong> tecknade f\u00f6reningen Arbetets V\u00e4nner en ny brandf\u00f6rs\u00e4kring, eftersom penningv\u00e4rdet p\u00e5 kort tid hade f\u00f6rs\u00e4mrats genom den h\u00f6ga inflationen. De f\u00f6rs\u00e4krade de tre byggnaden till 338 000 mark tillsammans.<\/p>\n","protected":false},"excerpt":{"rendered":"<p>Sammanst\u00e4llt av Lasse Backlund. Uppgifterna \u00e4r tagna ur gamla f\u00f6rs\u00e4kringsbrev, som finns p\u00e5 Riksarkivet. Brandf\u00f6rs\u00e4kringen 1882. \u00c5r 1832 bildades \u201dAllm\u00e4nna Brandstodsbolaget i Finland\u201d i Helsingfors och det var i mars \u00e5r 1882 som den nya \u00e4garen, handlanden Alfred Carlstr\u00f6m anh\u00f6ll <a class=\"more-link\" href=\"https:\/\/www.kristinestadshistoria.fi\/?page_id=25792\">Forts\u00e4tt l\u00e4sa <span class=\"screen-reader-text\">  De f\u00f6rs\u00e4krade byggnaderna p\u00e5 tomten 142 och 143<\/span><span class=\"meta-nav\">&rarr;<\/span><\/a><\/p>\n","protected":false},"author":1,"featured_media":0,"parent":19139,"menu_order":10,"comment_status":"closed","ping_status":"closed","template":"","meta":{"footnotes":""},"class_list":["post-25792","page","type-page","status-publish","hentry"],"_links":{"self":[{"href":"https:\/\/www.kristinestadshistoria.fi\/index.php?rest_route=\/wp\/v2\/pages\/25792","targetHints":{"allow":["GET"]}}],"collection":[{"href":"https:\/\/www.kristinestadshistoria.fi\/index.php?rest_route=\/wp\/v2\/pages"}],"about":[{"href":"https:\/\/www.kristinestadshistoria.fi\/index.php?rest_route=\/wp\/v2\/types\/page"}],"author":[{"embeddable":true,"href":"https:\/\/www.kristinestadshistoria.fi\/index.php?rest_route=\/wp\/v2\/users\/1"}],"replies":[{"embeddable":true,"href":"https:\/\/www.kristinestadshistoria.fi\/index.php?rest_route=%2Fwp%2Fv2%2Fcomments&post=25792"}],"version-history":[{"count":14,"href":"https:\/\/www.kristinestadshistoria.fi\/index.php?rest_route=\/wp\/v2\/pages\/25792\/revisions"}],"predecessor-version":[{"id":29469,"href":"https:\/\/www.kristinestadshistoria.fi\/index.php?rest_route=\/wp\/v2\/pages\/25792\/revisions\/29469"}],"up":[{"embeddable":true,"href":"https:\/\/www.kristinestadshistoria.fi\/index.php?rest_route=\/wp\/v2\/pages\/19139"}],"wp:attachment":[{"href":"https:\/\/www.kristinestadshistoria.fi\/index.php?rest_route=%2Fwp%2Fv2%2Fmedia&parent=25792"}],"curies":[{"name":"wp","href":"https:\/\/api.w.org\/{rel}","templated":true}]}}