{"id":25779,"date":"2023-03-30T16:41:22","date_gmt":"2023-03-30T13:41:22","guid":{"rendered":"https:\/\/www.kristinestadshistoria.fi\/?page_id=25779"},"modified":"2025-03-19T22:59:18","modified_gmt":"2025-03-19T20:59:18","slug":"de-forsakrade-byggnaderna-pa-tomten-154-o-165","status":"publish","type":"page","link":"https:\/\/www.kristinestadshistoria.fi\/?page_id=25779","title":{"rendered":"De f\u00f6rs\u00e4krade byggnaderna p\u00e5 tomten 154 o 165"},"content":{"rendered":"<p><span style=\"color: #000080;\"><strong>Sammanst\u00e4llt av Lasse Backlund. Uppgifterna \u00e4r tagna ur gamla f\u00f6rs\u00e4kringsbrev, som finns p\u00e5 Riksarkivet.<\/strong><\/span><\/p>\n<h3><strong>Brandf\u00f6rs\u00e4kringen 1881.<\/strong><\/h3>\n<p>\u00c5r 1832 bildades \u201dAllm\u00e4nna Brandstodsbolaget i Finland\u201d i Helsingfors och det var f\u00f6rst i november \u00e5r 1881som den nya \u00e4garen, snickarm\u00e4staren Anders Henrik Ekblom anh\u00f6ll att byggnaderna p\u00e5 tomterna 154 o 165 skulle brandf\u00f6rs\u00e4kras. F\u00f6rs\u00e4kringsans\u00f6kan skulle g\u00f6ras till bolaget och snickare Ekblom uppgav d\u00e5 att p\u00e5 tomten fanns det tillr\u00e4ckligt med brandredskap, n\u00e4mligen 4 brandstegar, 2 brandhakar, 2 handsprutor, 2 svablar och 2 brand\u00e4mbare. Dessa redskap var alla m\u00e4rkta med tomtens nummer. P\u00e5 g\u00e5rden fanns en brunn, som gav rikligt med vatten vid en eventuell brand.<\/p>\n<p>Ekblom uppgav att tomten var 2 997 \u201dQvadrat alnar i areal vidd\u201d (en kvadrataln \u00e4r 0,36 kvadratmeter). Tomtens norra sida \u00e4r 81 alnar (1 aln = 0,6 m)och gr\u00e4nsar till tomten nr 153. I \u00f6ster \u00e4r sidan var sidan 39 alnar bred och den st\u00f6ter till V\u00e4stra L\u00e5nggatan, som \u00e4r 18 alnar bred. S\u00f6dra sidan var 81 alnar och gr\u00e4nsar till Kyrkogatan. V\u00e4stra sidan \u00e4r 35 alnar och gr\u00e4nsar till tomten 166 o 167.<\/p>\n<figure id=\"attachment_25783\" aria-describedby=\"caption-attachment-25783\" style=\"width: 886px\" class=\"wp-caption alignnone\"><img loading=\"lazy\" decoding=\"async\" class=\"size-full wp-image-25783\" src=\"https:\/\/www.kristinestadshistoria.fi\/wp-content\/uploads\/2023\/03\/Tomtkarta-1881-liten-1.jpg\" alt=\"\" width=\"886\" height=\"469\" srcset=\"https:\/\/www.kristinestadshistoria.fi\/wp-content\/uploads\/2023\/03\/Tomtkarta-1881-liten-1.jpg 886w, https:\/\/www.kristinestadshistoria.fi\/wp-content\/uploads\/2023\/03\/Tomtkarta-1881-liten-1-300x159.jpg 300w, https:\/\/www.kristinestadshistoria.fi\/wp-content\/uploads\/2023\/03\/Tomtkarta-1881-liten-1-768x407.jpg 768w\" sizes=\"auto, (max-width: 886px) 100vw, 886px\" \/><figcaption id=\"caption-attachment-25783\" class=\"wp-caption-text\">D\u00e5 snickarem\u00e4staren Ekblom \u00e5r 1881 tecknade en brandf\u00f6rs\u00e4kring p\u00e5 byggnaderna p\u00e5 hans tomt, s\u00e5 skulle han uppg\u00f6ra en planteckning p\u00e5 tomten och s\u00e5 h\u00e4r s\u00e5g den ut i renritad form.<\/figcaption><\/figure>\n<p>Det fanns fem byggnader p\u00e5 tomten \u00e5r 1881 samtliga f\u00f6rs\u00e4krades.<\/p>\n<h5><strong>Byggnad nr 1:<\/strong><\/h5>\n<p>Ett boningshus av timmer i gott skick, uppf\u00f6rt \u00e5r 1820 och blev tillbyggt \u00e5r 1832. Den var br\u00e4dfodrad och m\u00e5lat med slamf\u00e4rg och hade ett tak av p\u00e4rtor. Det \u00e4r 52 alnar (31,2 m) l\u00e5ngt, byggt i en v\u00e5ning och d\u00e4r finns 11 rum och i dessa rum fanns det 8 kakelugnar, en k\u00f6ksspis och en h\u00e4lla med j\u00e4rnugn. P\u00e5 vinden fanns ocks\u00e5 ett rum med en egen kakelugn. P\u00e5 g\u00e5rdssidan fanns det tv\u00e5 ing\u00e5ngar med \u00f6verbyggnad.<\/p>\n<p>Ekblom ville f\u00e5 denna byggnad f\u00f6rs\u00e4krad f\u00f6r 4\u00a0000 mark men den lokala brandstodskommitt\u00e9n godk\u00e4nde 3\u00a0800 mark.<\/p>\n<h5><strong>Byggnad nr 2:<\/strong><\/h5>\n<p>En bagarstuga byggt av timmer \u00e5r 1860, br\u00e4dfodrad och m\u00e5lad med slamf\u00e4rg och den hade ett tak av p\u00e4rtor. Det var 11 \u00be alnar (7 m) l\u00e5ngt och hade tv\u00e5 rum med en kakelugn i kammaren och bakugn i det andra rummet.<\/p>\n<p>Denna byggnad f\u00f6rs\u00e4krades f\u00f6r 1\u00a0200 mark, fast Ekblom villa ha det h\u00f6jt till 1\u00a0600.<\/p>\n<h5><strong>Byggnad nr 3:<\/strong><\/h5>\n<p>En magasinbyggnad av stock i tv\u00e5 avdelningar, uppf\u00f6rt \u00e5r 1830. Br\u00e4dfodrat och m\u00e5lat och hade ett tak av p\u00e4rtor. Denna byggnad var 9 alnar l\u00e5ngt, brett och h\u00f6gt och det f\u00f6rs\u00e4krades f\u00f6r 300 mark.<\/p>\n<h5><strong>Byggnad nr 4:<\/strong><\/h5>\n<p>En uthusbyggnad, dels av stock, dels av br\u00e4der och korsvirke, uppf\u00f6rd \u00e5r 1828. Br\u00e4dfodrad och m\u00e5lad och hade p\u00e4rttak. Det var 35 alnar (21 m) l\u00e5ngt och d\u00e4r fanns ett vagnslider, foderlada, f\u00e4hus, latrin med spillningskast och ett vedlider.<\/p>\n<p>Uthuset f\u00f6rs\u00e4krades f\u00f6r 400 mark.<\/p>\n<h5><strong>Byggnad nr 5:<\/strong><\/h5>\n<p>En uthusbyggnad av timmer i f\u00f6rsvarligt skick, byggt \u00e5r 1826. Br\u00e4dfodrad och m\u00e5lad och hade p\u00e4rttak. Uthuset var 30 \u00bd alnar (18,3 m) l\u00e5ngt och d\u00e4r fanns ett stall, vagnslider med dubbla bottnar, vedlider och en dr\u00e4ngkammare med en egen spis.<\/p>\n<p>Detta uthus f\u00f6rs\u00e4krades f\u00f6r 400 mark.<\/p>\n<p>Ekblom uppgav att p\u00e5 tomten eller i dess n\u00e4rhet fanns det inga eldfarliga inr\u00e4ttningar. P\u00e5 tomten fanns en tr\u00e4dg\u00e5rd med lummiga l\u00f6vtr\u00e4d.<\/p>\n<p>Alltsammans f\u00f6rs\u00e4krades f\u00f6r <strong>6\u00a0100 mark<\/strong> och den \u00e5rliga intr\u00e4desavgiften ber\u00e4knades till 54,43 mark. Denna avgift g\u00e4llde i fem \u00e5rs tid och skulle korrigeras vid 5-\u00e5rs kontrollen. Den h\u00e4r intr\u00e4desavgiften eller premien h\u00f6jdes med n\u00e5gra mark fr\u00e5n det lokalt ber\u00e4knade eftersom de i Helsingfors utgick ifr\u00e5n att Ekblom ocks\u00e5 hade n\u00e5got eldfarligt snickeri i sin g\u00e5rd. Han meddelade att han inte har n\u00e5got snickeri och inte ens arbetar som snickare l\u00e4ngre.<\/p>\n<figure id=\"attachment_25784\" aria-describedby=\"caption-attachment-25784\" style=\"width: 886px\" class=\"wp-caption alignnone\"><img loading=\"lazy\" decoding=\"async\" class=\"size-full wp-image-25784\" src=\"https:\/\/www.kristinestadshistoria.fi\/wp-content\/uploads\/2023\/03\/Tomtkarta-1881-stor.jpg\" alt=\"\" width=\"886\" height=\"834\" srcset=\"https:\/\/www.kristinestadshistoria.fi\/wp-content\/uploads\/2023\/03\/Tomtkarta-1881-stor.jpg 886w, https:\/\/www.kristinestadshistoria.fi\/wp-content\/uploads\/2023\/03\/Tomtkarta-1881-stor-300x282.jpg 300w, https:\/\/www.kristinestadshistoria.fi\/wp-content\/uploads\/2023\/03\/Tomtkarta-1881-stor-768x723.jpg 768w\" sizes=\"auto, (max-width: 886px) 100vw, 886px\" \/><figcaption id=\"caption-attachment-25784\" class=\"wp-caption-text\">S\u00e5 h\u00e4r s\u00e5g original planteckningen ut som Ekblom l\u00e4t rita upp \u00e5r 1881. Inf\u00e4lld i nedre kanten hans underskrift och det syns att han inte var riktig skrivkunnig.<\/figcaption><\/figure>\n<p>Vart femte \u00e5r granskades byggnaderna och brandredskapen av lokala granskare och varje g\u00e5ng kunde de konstatera att byggnaderna var i samma skick som n\u00e4r f\u00f6rs\u00e4kringen togs \u00e5r 1881.<\/p>\n<h2><strong>Brandf\u00f6rs\u00e4kringen \u00e5r 1912<\/strong><\/h2>\n<p>Den 10 oktober 1912 ville den nya g\u00e5rds\u00e4garen, skogsvaktaren Juho Kuusinen teckna en ny brandf\u00f6rs\u00e4kring p\u00e5 de tre byggnader, som fanns p\u00e5 hans tv\u00e5 tomter. P\u00e5 byggnaderna hade det gjorts flera f\u00f6rb\u00e4ttringar och b\u00e5de material och byggkostnader hade stigit sedan den f\u00f6rra f\u00f6rs\u00e4kringen togs.<\/p>\n<p>Kuusinen uppgav att tomten \u00e4r p\u00e5 1 056 m\u00b2 och i \u00f6ster gr\u00e4nsar den till V\u00e4stra L\u00e5nggatan, som p\u00e5 detta st\u00e4lle var 10,69 meter bred och i s\u00f6der mot Kyrkogatan, som var 9,05 meter bred. P\u00e5 tomten fanns en brunn, som kunde anv\u00e4ndas vid en eventuell brand och alla n\u00f6dv\u00e4ndiga brandredskap fanns p\u00e5 tomten.<\/p>\n<h5><strong>Byggnad nr 1.<\/strong><\/h5>\n<p>Ett boningshus av timmer i gott skick, uppf\u00f6rt \u00e5r 1820, br\u00e4dfodrad och m\u00e5lad med oljef\u00e4rg men bara mot gatan. De andra sidorna var m\u00e5lade med kompositionsf\u00e4rg. P\u00e5 taket fanns det asfaltfilt, byggnaden var 31,50\u00a0 meter l\u00e5ngt och 7,43 meter brett och byggt i en v\u00e5ning. I byggnaden fanns det elva rum med totalt \u00e5tta kakelugnar och en h\u00e4llspis. P\u00e5 vinden fanns ett rum med egen kakelugn och p\u00e5 g\u00e5rden en veranda, byggd av korsvirke och br\u00e4der.<\/p>\n<p>Den h\u00e4r byggnaden f\u00f6rs\u00e4krades f\u00f6r 12\u00a0500 mark.<\/p>\n<h5><strong>Byggnad nr 2.<\/strong><\/h5>\n<p>Ett boningshus i gott skick, uppf\u00f6rt \u00e5r 1860, br\u00e4dfodrat och m\u00e5lat med r\u00f6df\u00e4rg och hade asfaltfilt p\u00e5 taket. Huset var 6,98 meter l\u00e5ngt och 4,75 meter brett och d\u00e4r fanns tv\u00e5 boningsrum.<\/p>\n<p>Den h\u00e4r byggnaden f\u00f6rs\u00e4krades f\u00f6r 12\u00a0500 mark.<\/p>\n<h5><strong>Byggnad nr 3, tidigare 3,4 och 5.<\/strong><\/h5>\n<p>En uthusbyggnad av stock, delvis av korsvirke och br\u00e4der i f\u00f6rsvarligt skick, uppf\u00f6rt under \u00e5ren 1826 \u2013 1830. Uthuset var br\u00e4dfodrat och m\u00e5lat med r\u00f6df\u00e4rg och hade asfaltfilt p\u00e5 taket. Uthuset var 45,90 meter l\u00e5ngt och ca 5 meter brett och d\u00e4r fanns en f\u00f6rr\u00e5dsbod med dubbla bottnar, vagnslider, foderlada, f\u00e4hus, latrin med spillningskast, stall, vedlider och tv\u00e5 boningsrum. I boningsrummen fanns en kakelugn och en spis med bakugn.<\/p>\n<p>Uthuset f\u00f6rs\u00e4krades f\u00f6r 3\u00a0000 mark.<\/p>\n<p>F\u00f6rutom byggnader f\u00f6rs\u00e4krades ink\u00f6rsporten f\u00f6r 150 mark och ett plank, som var 37 meter l\u00e5ngt och 1,95 meter h\u00f6gt f\u00f6rs\u00e4krades f\u00f6r 100 mark.<\/p>\n<p>Hela f\u00f6rs\u00e4kringsbeloppet uppgick allts\u00e5 till 17\u00a0250 mark mot 6\u00a0100 i den tidigare f\u00f6rs\u00e4kringen. Den \u00e5rliga f\u00f6rs\u00e4kringspremien ber\u00e4knades till 141 mark. F\u00f6re f\u00f6rs\u00e4kringen kunde godk\u00e4nnas skulle en granskning g\u00f6ras och den gjordes av brandstodsbolagets agent Wilhelm Hagen, Konrad Sundman och J. W. Olin.<\/p>\n<figure id=\"attachment_28712\" aria-describedby=\"caption-attachment-28712\" style=\"width: 847px\" class=\"wp-caption alignnone\"><img loading=\"lazy\" decoding=\"async\" class=\"size-full wp-image-28712\" src=\"https:\/\/www.kristinestadshistoria.fi\/wp-content\/uploads\/2024\/07\/1912-planteckning-2.jpg\" alt=\"\" width=\"847\" height=\"686\" srcset=\"https:\/\/www.kristinestadshistoria.fi\/wp-content\/uploads\/2024\/07\/1912-planteckning-2.jpg 847w, https:\/\/www.kristinestadshistoria.fi\/wp-content\/uploads\/2024\/07\/1912-planteckning-2-300x243.jpg 300w, https:\/\/www.kristinestadshistoria.fi\/wp-content\/uploads\/2024\/07\/1912-planteckning-2-768x622.jpg 768w\" sizes=\"auto, (max-width: 847px) 100vw, 847px\" \/><figcaption id=\"caption-attachment-28712\" class=\"wp-caption-text\">D\u00e5 Juho Kuusinen tecknade sin ans\u00f6kan om f\u00f6rs\u00e4kring, s\u00e5 bifogade han denna planteckning, som visar hur byggnaderna var placerade. Inf\u00e4llt i nedre kanten finns Kuusinens namnteckning.<\/figcaption><\/figure>\n<h3><strong>Brandf\u00f6rs\u00e4kringen \u00e5r 1918.<\/strong><\/h3>\n<p>Den 26 augusti tecknade g\u00e5rds\u00e4garen, handlanden K. L. Saari en ny brandf\u00f6rs\u00e4kring, som b\u00e4ttre motsvarade byggnadernas riktiga v\u00e4rde. Brandstodsbolagets lokala agent St\u00e5hle motiverade f\u00f6rh\u00f6jningarna p\u00e5 50 % med att den tidigare \u00e4gare inte ville f\u00f6rs\u00e4kra byggnaderna f\u00f6r deras riktiga v\u00e4rde.<\/p>\n<p>Byggnaden nr 1, boningshus som var uppf\u00f6rd 1820 hade en volym p\u00e5 946 kubikmeter och f\u00f6rs\u00e4krades f\u00f6r 20 mark per kubik + 50 %, totalt 28 070 mark.<\/p>\n<p>Byggnaden nr 2, boningshus som var uppf\u00f6rt 1860 hade en volym p\u00e5 116 kubik och f\u00f6rs\u00e4krades f\u00f6r 22 mark per kubik + 50 %, totalt 3 820 mark.<\/p>\n<p>Byggnaden nr 3, ett uthus som var uppf\u00f6rt \u00e5ren 1826-1830 hade en volym p\u00e5 841 kubik och f\u00f6rs\u00e4krades f\u00f6r 10 mark per kubik + 50 %, totalt 12 610 mark.<\/p>\n<p>Byggnaden nr 4, ett boningshus uppf\u00f6rt \u00e5r 1913, med 9 rum och i k\u00e4llarv\u00e5ningen 2 rum med en bagarstuga. Mellanv\u00e4ggarna var uppf\u00f6rda av tegel och mellantaket var gjort av &#8221;j\u00e4rnbetong&#8221;. Byggnadens volym ber\u00e4knades till 960 kubikmeter och varje kubik f\u00f6rs\u00e4krades f\u00f6r 30 mark + f\u00f6rh\u00f6jning p\u00e5 50 %, totalt 43 200 mark.<\/p>\n<p>F\u00f6rutom dessa 4 byggnader s\u00e5 f\u00f6rs\u00e4krades porten och planket f\u00f6r 300 mark, s\u00e5 hela f\u00f6rs\u00e4kringsbeloppet uppgick till 88 000 mark.<\/p>\n<figure id=\"attachment_29281\" aria-describedby=\"caption-attachment-29281\" style=\"width: 1465px\" class=\"wp-caption alignnone\"><img loading=\"lazy\" decoding=\"async\" class=\"size-full wp-image-29281\" src=\"https:\/\/www.kristinestadshistoria.fi\/wp-content\/uploads\/2024\/11\/Tomtkarta-1918-K.L.Saari_.jpg\" alt=\"\" width=\"1465\" height=\"684\" srcset=\"https:\/\/www.kristinestadshistoria.fi\/wp-content\/uploads\/2024\/11\/Tomtkarta-1918-K.L.Saari_.jpg 1465w, https:\/\/www.kristinestadshistoria.fi\/wp-content\/uploads\/2024\/11\/Tomtkarta-1918-K.L.Saari_-300x140.jpg 300w, https:\/\/www.kristinestadshistoria.fi\/wp-content\/uploads\/2024\/11\/Tomtkarta-1918-K.L.Saari_-1024x478.jpg 1024w, https:\/\/www.kristinestadshistoria.fi\/wp-content\/uploads\/2024\/11\/Tomtkarta-1918-K.L.Saari_-768x359.jpg 768w\" sizes=\"auto, (max-width: 1465px) 100vw, 1465px\" \/><figcaption id=\"caption-attachment-29281\" class=\"wp-caption-text\">\u00c5r 1918, den 26 augusti tecknade g\u00e5rds\u00e4garen, handlanden K. L. Saari en ny brandf\u00f6rs\u00e4kring, d\u00e4r v\u00e4rdet p\u00e5 samtliga byggnader h\u00f6jdes med 50 % med motiveringen att den tidigare \u00e4garen inte ville f\u00f6rs\u00e4kra f\u00f6r det riktiga v\u00e4rdet. S\u00e5 h\u00e4r var byggnaderna placerade enligt Saari, som inte sj\u00e4lv bodde i n\u00e5gon av byggnaderna.<\/figcaption><\/figure>\n<h3><strong>Brandf\u00f6rs\u00e4kringen \u00e5r 1920.<\/strong><\/h3>\n<p><strong>\u00c5r 1920, den 9 februari<\/strong> tecknade garvarem\u00e4staren K. K. Aho en ny brandf\u00f6rs\u00e4kring p\u00e5 alla byggnader p\u00e5 hans nyligen ink\u00f6pta tomt. N\u00e5gra st\u00f6rre f\u00f6rb\u00e4ttringar hade han inte gjort utan det var nog p\u00e5 grund av inflationens inverkning p\u00e5 byggnadernas v\u00e4rde. som f\u00f6rs\u00e4kringen f\u00f6rnyades. F\u00f6rs\u00e4kringsv\u00e4rdet ber\u00e4knades nu till 94 600 mark.<\/p>\n","protected":false},"excerpt":{"rendered":"<p>Sammanst\u00e4llt av Lasse Backlund. Uppgifterna \u00e4r tagna ur gamla f\u00f6rs\u00e4kringsbrev, som finns p\u00e5 Riksarkivet. Brandf\u00f6rs\u00e4kringen 1881. \u00c5r 1832 bildades \u201dAllm\u00e4nna Brandstodsbolaget i Finland\u201d i Helsingfors och det var f\u00f6rst i november \u00e5r 1881som den nya \u00e4garen, snickarm\u00e4staren Anders Henrik Ekblom <a class=\"more-link\" href=\"https:\/\/www.kristinestadshistoria.fi\/?page_id=25779\">Forts\u00e4tt l\u00e4sa <span class=\"screen-reader-text\">  De f\u00f6rs\u00e4krade byggnaderna p\u00e5 tomten 154 o 165<\/span><span class=\"meta-nav\">&rarr;<\/span><\/a><\/p>\n","protected":false},"author":1,"featured_media":0,"parent":22763,"menu_order":10,"comment_status":"closed","ping_status":"closed","template":"","meta":{"footnotes":""},"class_list":["post-25779","page","type-page","status-publish","hentry"],"_links":{"self":[{"href":"https:\/\/www.kristinestadshistoria.fi\/index.php?rest_route=\/wp\/v2\/pages\/25779","targetHints":{"allow":["GET"]}}],"collection":[{"href":"https:\/\/www.kristinestadshistoria.fi\/index.php?rest_route=\/wp\/v2\/pages"}],"about":[{"href":"https:\/\/www.kristinestadshistoria.fi\/index.php?rest_route=\/wp\/v2\/types\/page"}],"author":[{"embeddable":true,"href":"https:\/\/www.kristinestadshistoria.fi\/index.php?rest_route=\/wp\/v2\/users\/1"}],"replies":[{"embeddable":true,"href":"https:\/\/www.kristinestadshistoria.fi\/index.php?rest_route=%2Fwp%2Fv2%2Fcomments&post=25779"}],"version-history":[{"count":12,"href":"https:\/\/www.kristinestadshistoria.fi\/index.php?rest_route=\/wp\/v2\/pages\/25779\/revisions"}],"predecessor-version":[{"id":29614,"href":"https:\/\/www.kristinestadshistoria.fi\/index.php?rest_route=\/wp\/v2\/pages\/25779\/revisions\/29614"}],"up":[{"embeddable":true,"href":"https:\/\/www.kristinestadshistoria.fi\/index.php?rest_route=\/wp\/v2\/pages\/22763"}],"wp:attachment":[{"href":"https:\/\/www.kristinestadshistoria.fi\/index.php?rest_route=%2Fwp%2Fv2%2Fmedia&parent=25779"}],"curies":[{"name":"wp","href":"https:\/\/api.w.org\/{rel}","templated":true}]}}