{"id":25651,"date":"2023-03-21T23:56:40","date_gmt":"2023-03-21T21:56:40","guid":{"rendered":"https:\/\/www.kristinestadshistoria.fi\/?page_id=25651"},"modified":"2025-01-05T22:33:47","modified_gmt":"2025-01-05T20:33:47","slug":"den-forsakrade-garden-pa-tomten-nr-68","status":"publish","type":"page","link":"https:\/\/www.kristinestadshistoria.fi\/?page_id=25651","title":{"rendered":"Den f\u00f6rs\u00e4krade g\u00e5rden p\u00e5 tomten nr 68"},"content":{"rendered":"<p><span style=\"color: #000080;\"><strong>Sammanst\u00e4llt av Lasse Backlund. Uppgifterna \u00e4r tagna ur gamla f\u00f6rs\u00e4kringsbrev, som finns p\u00e5 Riksarkivet.<\/strong><\/span><\/p>\n<p>\u00c5r 1832 bildades \u201dAllm\u00e4nna Brandstodsbolaget i Finland\u201d i Helsingfors men det var f\u00f6rst i januari 1866 som skeppare\u00e4nkan Amalia Argelander anh\u00f6ll om att byggnaderna p\u00e5 tomt nr 68 skulle brandf\u00f6rs\u00e4kras. Amalia hade \u00e5r 1865 \u00f6vertagit denna tomt med alla byggnader av sin mor Catharina \u00c5kersten.<\/p>\n<p>F\u00f6rs\u00e4kringsans\u00f6kan skulle g\u00f6ras till bolaget i Helsingfors och Amalia uppgav d\u00e5 att p\u00e5 hennes tomt fanns 3 brandstegar, 2 brandhakar, 2 handsprutor, 2 svablar och 2 brand\u00e4mbare och alla dessa var m\u00e4rkta med tomtnumret i oljef\u00e4rg. P\u00e5 g\u00e5rdsplanen fanns en brunn med \u201dtillr\u00e4cklig vattentillg\u00e5ng\u201d.<\/p>\n<p>Amalia Argelander uppgav att tomten var 3 337 kvadratalnar i areal vidd (en aln \u00e4r ca 60 cm). Den norra sidan, som var 71 alnar l\u00e5ng st\u00f6ter till tomt nr 67, i \u00f6ster var sidan 47 alnar och den gr\u00e4nsade till V\u00e4stra L\u00e5nggatan. Den v\u00e4stra sidan var 47 alnar l\u00e5ng och den gr\u00e4nsade till tomten 71. \u00a0I s\u00f6der gr\u00e4nsade tomten till tomt nr 69.<\/p>\n<p><img loading=\"lazy\" decoding=\"async\" class=\"alignnone size-full wp-image-25653\" src=\"https:\/\/www.kristinestadshistoria.fi\/wp-content\/uploads\/2023\/03\/Tomtkarta-1866-liten.jpg\" alt=\"\" width=\"971\" height=\"735\" srcset=\"https:\/\/www.kristinestadshistoria.fi\/wp-content\/uploads\/2023\/03\/Tomtkarta-1866-liten.jpg 971w, https:\/\/www.kristinestadshistoria.fi\/wp-content\/uploads\/2023\/03\/Tomtkarta-1866-liten-300x227.jpg 300w, https:\/\/www.kristinestadshistoria.fi\/wp-content\/uploads\/2023\/03\/Tomtkarta-1866-liten-768x581.jpg 768w\" sizes=\"auto, (max-width: 971px) 100vw, 971px\" \/><\/p>\n<p>P\u00e5 tomten fanns det 3 byggnader, som skulle f\u00f6rs\u00e4kras:<\/p>\n<h5><strong>Byggnad nr 1:<\/strong><\/h5>\n<p>Ett boningshus i en v\u00e5ning, byggd av gott furutimmer \u00e5r 1833, br\u00e4dfodrat och m\u00e5lat med r\u00f6d f\u00e4rg. Huset hade en bra stenfot och yttertaket var gjort av br\u00e4der. Byggnaden hade tre rum, n\u00e4mligen en f\u00f6rstuga och tv\u00e5 kammare. Dess l\u00e4ngd var 13 alnar (7,8 meter) och 9 \u00bd alnar brett.<\/p>\n<p>Huset hade 2 kakelugnar och det v\u00e4rderades till 600 mark.<\/p>\n<h5><strong>Byggnad nr 2:<\/strong><\/h5>\n<p>Ett boningshus i en v\u00e5ning, byggt \u00e5r 1863 av timmer, br\u00e4dfodrat och hade ett tak av p\u00e4rtor. Den h\u00e4r byggnaden var 17 \u00bd alnar l\u00e5ng (10,5 meter) och d\u00e4r fanns en f\u00f6rstuga och fyra andra rum. I huset fanns det tre kakelugnar och i k\u00f6ket en k\u00f6ksspis.<\/p>\n<p>Denna byggnad v\u00e4rderades till 2\u00a0000 mark.<\/p>\n<h5><strong>Byggnad nr 3: <\/strong><\/h5>\n<p>En uthusbyggnad med bagarstuga, som var byggd av timmer \u00e5r 1854. Taket var gjort av br\u00e4der och i byggnaden fanns en bagarstuga med en bakugn, ett magasin, ett vedlider och en foderlada. Byggnadens l\u00e4ngd var 44 \u00bd alnar och 9 alnar brett och h\u00f6jden fr\u00e5n marken till takkammen var 10 alnar.<\/p>\n<p>Uthuset v\u00e4rderades till 1\u00a0400 mark, s\u00e5 alla byggnader f\u00f6rs\u00e4krades f\u00f6r 4\u00a0000 finska mark. Argelander uppgav att det p\u00e5 tomten inte fanns n\u00e5gra byggnader och i grannskapet fanns det inga brandfarliga byggnader. P\u00e5 tomten fanns en tr\u00e4dg\u00e5rd men inga lummiga l\u00f6vtr\u00e4d.<\/p>\n<p>Den \u00e5rliga f\u00f6rs\u00e4kringspremien, som den tiden kallades intr\u00e4desavgift ber\u00e4knades till 28 mark och den summan g\u00e4llde f\u00f6r de kommande 5 \u00e5ren. Sedan skulle byggnaderna och brandredskapen granskas och premien r\u00e4knas ut p\u00e5 nytt.<\/p>\n<p><strong>\u00c5r 1871, den 4 september<\/strong> utf\u00f6rdes den f\u00f6rsta granskningen av de lokala granskarna, skomakarm\u00e4staren Gustaf Hartman och snickarm\u00e4staren Matts Their. Byggnaderna och brandredskapen var i samma skick som 5 \u00e5r tidigare, s\u00e5 n\u00e5gra \u00e4ndringar gjordes inte.<\/p>\n<p><strong>\u00c5r 1901<\/strong> hade g\u00e5rden \u00f6vertagits av syskonen Parman och granskningsintyg undertecknades av Betty. Granskningen utf\u00f6rdes av handlanden Konrad Sundman och sj\u00f6kapten Johan Wilhelm Olin och allting var till bel\u00e5tenhet.<\/p>\n<figure id=\"attachment_25654\" aria-describedby=\"caption-attachment-25654\" style=\"width: 797px\" class=\"wp-caption alignnone\"><img loading=\"lazy\" decoding=\"async\" class=\"size-full wp-image-25654\" src=\"https:\/\/www.kristinestadshistoria.fi\/wp-content\/uploads\/2023\/03\/Tomtkarta-1866.jpg\" alt=\"\" width=\"797\" height=\"796\" srcset=\"https:\/\/www.kristinestadshistoria.fi\/wp-content\/uploads\/2023\/03\/Tomtkarta-1866.jpg 797w, https:\/\/www.kristinestadshistoria.fi\/wp-content\/uploads\/2023\/03\/Tomtkarta-1866-300x300.jpg 300w, https:\/\/www.kristinestadshistoria.fi\/wp-content\/uploads\/2023\/03\/Tomtkarta-1866-150x150.jpg 150w, https:\/\/www.kristinestadshistoria.fi\/wp-content\/uploads\/2023\/03\/Tomtkarta-1866-768x767.jpg 768w\" sizes=\"auto, (max-width: 797px) 100vw, 797px\" \/><figcaption id=\"caption-attachment-25654\" class=\"wp-caption-text\">S\u00e5 h\u00e4r s\u00e5g den planteckning ut som Amalia Argelander bifogade f\u00f6rs\u00e4kringsbrevet. Det gr\u00f6na omr\u00e5det visar var tr\u00e4dg\u00e5rden fanns, n\u00e4ra uthuset. Uppe i kanten \u00e4r Amalias namnteckning inf\u00e4lld.<\/figcaption><\/figure>\n<h2><strong>Brandf\u00f6rs\u00e4kringen \u00e5r 1910.<\/strong><\/h2>\n<p>Den 2 februari 1910 tecknade handlanden Antonio Guernieri en ny brandf\u00f6rs\u00e4kring p\u00e5 byggnaderna p\u00e5 tomt nr 68, eftersom flera f\u00f6rb\u00e4ttringar hade gjorts. Den st\u00f6rsta var ju att de gamla byggnaderna 1 och 2 nu hade byggts ihop, s\u00e5 att den f\u00e5tt den l\u00e4ngd som den har \u00e4nnu i dag.<\/p>\n<p>Tomten var 1\u00a0115 m\u00b2 stor och p\u00e5 den fanns en brunn med tillr\u00e4ckligt vatten vid en eventuell eldsv\u00e5da. N\u00f6dv\u00e4ndiga brandredskap fanns p\u00e5 tomten och de var alla m\u00e4rkta med tomtens nummer i f\u00e4rg.<\/p>\n<figure id=\"attachment_26902\" aria-describedby=\"caption-attachment-26902\" style=\"width: 433px\" class=\"wp-caption alignnone\"><img loading=\"lazy\" decoding=\"async\" class=\"size-full wp-image-26902\" src=\"https:\/\/www.kristinestadshistoria.fi\/wp-content\/uploads\/2023\/07\/Tomtkarta-1910-liten.jpg\" alt=\"\" width=\"433\" height=\"469\" srcset=\"https:\/\/www.kristinestadshistoria.fi\/wp-content\/uploads\/2023\/07\/Tomtkarta-1910-liten.jpg 433w, https:\/\/www.kristinestadshistoria.fi\/wp-content\/uploads\/2023\/07\/Tomtkarta-1910-liten-277x300.jpg 277w\" sizes=\"auto, (max-width: 433px) 100vw, 433px\" \/><figcaption id=\"caption-attachment-26902\" class=\"wp-caption-text\">D\u00e5 Antonio Guarnieri skulle teckna en ny brandf\u00f6rs\u00e4kring \u00e5r 1910, s\u00e5 var de tre byggnaderna placerade enligt denna planteckning. Inf\u00e4llt i nedre kanten hans namnteckning p\u00e5 f\u00f6rs\u00e4kringsbrevet.<\/figcaption><\/figure>\n<p>P\u00e5 tomten fanns det tre byggnader, som handlande Guarnieri ville f\u00f6rs\u00e4kra.<\/p>\n<h5><strong>Byggnad nr 1.<\/strong><\/h5>\n<p>En sammanbyggd bostadsbyggnad av timmer, d\u00e4r den \u00e4ldre delen byggdes \u00e5r 1833 och den nyare \u00e5r 1863. Den var br\u00e4dfodrad och m\u00e5lad med kompositionsf\u00e4rg och hade asfaltfilt p\u00e5 taket. Hela huset var nu 22,25 m l\u00e5ngt och bredden varierade mellan 5,64 och 6,53 meter. I byggnaden fanns det sju rum, varav ett var inrett till handelsbutik och i dessa rum fanns det 4 kakelugnar och en h\u00e4llspis med en bakugn.<\/p>\n<p>Byggnader f\u00f6rs\u00e4krades f\u00f6r 7\u00a0000 mark.<\/p>\n<h5><strong>Byggnad nr 2:<\/strong><\/h5>\n<p>En uthusbyggnad uppf\u00f6rd av korsvirke och br\u00e4der \u00e5r 1903, \u00a0m\u00e5lat med kompositionsf\u00e4rg och hade asfaltfilt p\u00e5 taket. Uthuset var 12,25 m l\u00e5ngt och mellan 2,95 och 3,45 m brett och d\u00e4r fanns en hush\u00e5llsbod och tv\u00e5 vedlider.<\/p>\n<p>Uthuset f\u00f6rs\u00e4krades f\u00f6r 400 mark.<\/p>\n<h5><strong>Byggnad nr 3:<\/strong><\/h5>\n<p>Ett kombinerat bostads- och uthus, byggt av timmer i gott skick, uppf\u00f6rt \u00e5r 1854. Det var delvis br\u00e4dfodrat men m\u00e5lad med kompositionsf\u00e4rg och hade ett tak av asfaltfilt. Huset var 26,43 m l\u00e5ngt och 5,34 m brett och d\u00e4r fanns tv\u00e5 bostadsrum och i dessa fanns det en kakelugn och en spis. D\u00e4r fanns ocks\u00e5 ett magasin, vedlider, latrin med spillningskast, f\u00e4hus och foderlada.<\/p>\n<p>Byggnaden f\u00f6rs\u00e4krades f\u00f6r 2\u00a0200 mark.<\/p>\n<p>F\u00f6rutom dessa tre byggnader, s\u00e5 f\u00f6rs\u00e4krades ink\u00f6rsporten som var gjord av stockar och br\u00e4der f\u00f6r 100 mark. Planket runt tomten f\u00f6rs\u00e4krades f\u00f6r 200 mark och det var 43 m l\u00e5ngt och 1,90 m h\u00f6gt. Staketet runt tr\u00e4dg\u00e5rdet, som var gjort av \u201dstock, str\u00e4fvor och ribbor\u201d f\u00f6rs\u00e4krades f\u00f6r 100 mark och det var 35 m l\u00e5ngt och 1,10 m h\u00f6gt.<\/p>\n<p>Hela f\u00f6rs\u00e4kringsbeloppet uppgick till 10\u00a0000 mark och den \u00e5rliga f\u00f6rs\u00e4kringspremien uppgick till 69,28 mark.<\/p>\n<figure id=\"attachment_26903\" aria-describedby=\"caption-attachment-26903\" style=\"width: 474px\" class=\"wp-caption alignnone\"><img loading=\"lazy\" decoding=\"async\" class=\"size-full wp-image-26903\" src=\"https:\/\/www.kristinestadshistoria.fi\/wp-content\/uploads\/2023\/07\/Tomtkarta-1910-stor-1.jpg\" alt=\"\" width=\"474\" height=\"889\" srcset=\"https:\/\/www.kristinestadshistoria.fi\/wp-content\/uploads\/2023\/07\/Tomtkarta-1910-stor-1.jpg 474w, https:\/\/www.kristinestadshistoria.fi\/wp-content\/uploads\/2023\/07\/Tomtkarta-1910-stor-1-160x300.jpg 160w\" sizes=\"auto, (max-width: 474px) 100vw, 474px\" \/><figcaption id=\"caption-attachment-26903\" class=\"wp-caption-text\">S\u00e5 h\u00e4r s\u00e5g den planteckning ut som Antonio Guarnieri l\u00e4t rita upp, d\u00e5 han \u00e5r 1910 skulle teckna en ny brandf\u00f6rs\u00e4kring.<\/figcaption><\/figure>\n<h3><strong>Brandf\u00f6rs\u00e4kringen 1919.<\/strong><\/h3>\n<p>\u00c5r 1919, den 25 juni tecknade handlanden Anton Guarnieri en ny brandf\u00f6rs\u00e4kring p\u00e5 de tre byggnaderna eftersom v\u00e4rdet har f\u00f6rs\u00e4mrats betydligt p\u00e5 grund av den h\u00f6ga inflationen. N\u00e5gra st\u00f6rre f\u00f6rb\u00e4ttringar hade inte gjorts p\u00e5 byggnaderna och de v\u00e4rderades nu till 33 800 mark mot 10 000 mark i den tidigare f\u00f6rs\u00e4kringen.<\/p>\n","protected":false},"excerpt":{"rendered":"<p>Sammanst\u00e4llt av Lasse Backlund. Uppgifterna \u00e4r tagna ur gamla f\u00f6rs\u00e4kringsbrev, som finns p\u00e5 Riksarkivet. \u00c5r 1832 bildades \u201dAllm\u00e4nna Brandstodsbolaget i Finland\u201d i Helsingfors men det var f\u00f6rst i januari 1866 som skeppare\u00e4nkan Amalia Argelander anh\u00f6ll om att byggnaderna p\u00e5 tomt <a class=\"more-link\" href=\"https:\/\/www.kristinestadshistoria.fi\/?page_id=25651\">Forts\u00e4tt l\u00e4sa <span class=\"screen-reader-text\">  Den f\u00f6rs\u00e4krade g\u00e5rden p\u00e5 tomten nr 68<\/span><span class=\"meta-nav\">&rarr;<\/span><\/a><\/p>\n","protected":false},"author":1,"featured_media":0,"parent":20029,"menu_order":10,"comment_status":"closed","ping_status":"closed","template":"","meta":{"footnotes":""},"class_list":["post-25651","page","type-page","status-publish","hentry"],"_links":{"self":[{"href":"https:\/\/www.kristinestadshistoria.fi\/index.php?rest_route=\/wp\/v2\/pages\/25651","targetHints":{"allow":["GET"]}}],"collection":[{"href":"https:\/\/www.kristinestadshistoria.fi\/index.php?rest_route=\/wp\/v2\/pages"}],"about":[{"href":"https:\/\/www.kristinestadshistoria.fi\/index.php?rest_route=\/wp\/v2\/types\/page"}],"author":[{"embeddable":true,"href":"https:\/\/www.kristinestadshistoria.fi\/index.php?rest_route=\/wp\/v2\/users\/1"}],"replies":[{"embeddable":true,"href":"https:\/\/www.kristinestadshistoria.fi\/index.php?rest_route=%2Fwp%2Fv2%2Fcomments&post=25651"}],"version-history":[{"count":6,"href":"https:\/\/www.kristinestadshistoria.fi\/index.php?rest_route=\/wp\/v2\/pages\/25651\/revisions"}],"predecessor-version":[{"id":29461,"href":"https:\/\/www.kristinestadshistoria.fi\/index.php?rest_route=\/wp\/v2\/pages\/25651\/revisions\/29461"}],"up":[{"embeddable":true,"href":"https:\/\/www.kristinestadshistoria.fi\/index.php?rest_route=\/wp\/v2\/pages\/20029"}],"wp:attachment":[{"href":"https:\/\/www.kristinestadshistoria.fi\/index.php?rest_route=%2Fwp%2Fv2%2Fmedia&parent=25651"}],"curies":[{"name":"wp","href":"https:\/\/api.w.org\/{rel}","templated":true}]}}