{"id":25630,"date":"2023-03-20T23:11:35","date_gmt":"2023-03-20T21:11:35","guid":{"rendered":"https:\/\/www.kristinestadshistoria.fi\/?page_id=25630"},"modified":"2025-01-05T21:34:29","modified_gmt":"2025-01-05T19:34:29","slug":"den-forsakrade-garden-pa-tomterna-171-och-172","status":"publish","type":"page","link":"https:\/\/www.kristinestadshistoria.fi\/?page_id=25630","title":{"rendered":"Den f\u00f6rs\u00e4krade g\u00e5rden p\u00e5 tomterna 171 och 172"},"content":{"rendered":"<p><span style=\"color: #000080;\"><strong>Sammanst\u00e4llt av Lasse Backlund. Uppgifterna \u00e4r tagna ur gamla f\u00f6rs\u00e4kringsbrev, som finns p\u00e5 Riksarkivet.<\/strong><\/span><\/p>\n<h3><strong>Brandf\u00f6rs\u00e4kringen \u00e5r 1840<\/strong><\/h3>\n<p>\u00c5r 1832 bildades \u201dAllm\u00e4nna Brandstodsbolaget i Finland\u201d i Helsingfors men det var f\u00f6rst i augusti 1840 som skepparen Gustaf Strandman anh\u00f6ll om att byggnaderna p\u00e5 tomt nr 172 skulle brandf\u00f6rs\u00e4kras. Strandman hade k\u00f6pt denna obebyggda tomt \u00e5r 1836 och \u00e5r 1839 hade han k\u00f6pt tomten nr 171, som ocks\u00e5 var obebyggd. F\u00f6rs\u00e4kringsans\u00f6kan skulle g\u00f6ras till bolaget i Helsingfors och Gustaf uppgav d\u00e5 att p\u00e5 hans tomt fanns 2 brandstegar, 2 brandhakar, 2 handsprutor, 2 svablar och 2 brand\u00e4mbare. P\u00e5 g\u00e5rdsplanen fanns en brunn med \u201dtillr\u00e4cklig vattentillg\u00e5ng\u201d.<\/p>\n<p>Strandman uppgav att tomterna \u00e4r 9 750 kvadratalnar i areal vidd (en aln \u00e4r ca 60 cm). Den norra sidan, som var 133 alnar l\u00e5ng st\u00f6ter till tomt nr 173, i \u00f6ster var sidan 77 alnar och den gr\u00e4nsade till Stadsfj\u00e4rden. Den v\u00e4stra sidan var 73 alnar l\u00e5ng och den gr\u00e4nsade till Strandgatan. \u00a0I s\u00f6der gr\u00e4nsade tomten till tomt nr 170.<\/p>\n<figure id=\"attachment_25637\" aria-describedby=\"caption-attachment-25637\" style=\"width: 923px\" class=\"wp-caption alignnone\"><img loading=\"lazy\" decoding=\"async\" class=\"size-full wp-image-25637\" src=\"https:\/\/www.kristinestadshistoria.fi\/wp-content\/uploads\/2023\/03\/Tomtkarta-1840.jpg\" alt=\"\" width=\"923\" height=\"596\" srcset=\"https:\/\/www.kristinestadshistoria.fi\/wp-content\/uploads\/2023\/03\/Tomtkarta-1840.jpg 923w, https:\/\/www.kristinestadshistoria.fi\/wp-content\/uploads\/2023\/03\/Tomtkarta-1840-300x194.jpg 300w, https:\/\/www.kristinestadshistoria.fi\/wp-content\/uploads\/2023\/03\/Tomtkarta-1840-768x496.jpg 768w\" sizes=\"auto, (max-width: 923px) 100vw, 923px\" \/><figcaption id=\"caption-attachment-25637\" class=\"wp-caption-text\">D\u00e5 skepparen Strandman \u00e5r 1840 ville f\u00f6rs\u00e4kra de nya byggnaderna, s\u00e5 skulle en tomtkarta bifogas till f\u00f6rs\u00e4kringsbrevet och s\u00e5 h\u00e4r s\u00e5g den ut i renritad form.<\/figcaption><\/figure>\n<p>P\u00e5 tomten fanns det 4 byggnader, som skulle f\u00f6rs\u00e4kras:<\/p>\n<h5><strong>Byggnad nr 1:<\/strong><\/h5>\n<p>Ett boningshus i en v\u00e5ning, byggd av gott furutimmer \u00e5r 1838 och br\u00e4dfodrat \u00e5r 1839. Huset var m\u00e5lat med gul oljef\u00e4rg, hade en bra stenfot och yttertaket var gjort av br\u00e4der. Byggnaden hade nio rum, n\u00e4mligen en f\u00f6rstuga, en tambur, en sal och 5 kamrar och i dessa fanns det totalt sju kakelugnar och i k\u00f6ket fanns en k\u00f6ksspis med stekugn. Byggnaden l\u00e4ngd var 32 alnar (19,2 meter) och bredden var 18 alnar.<\/p>\n<p>F\u00f6re 1860 s\u00e5 f\u00f6rs\u00e4krades alla byggnadsdetaljer skilt f\u00f6r sig och till exempel stenfoten brandf\u00f6rs\u00e4krades f\u00f6r 300 rubel. Stommen av timmer f\u00f6rs\u00e4krades f\u00f6r 1\u00a0490 rubel, yttre taket 380, bj\u00e4lklaget f\u00f6r 100, golven som var gjorda av granplankor 378 och innertaken, som var gjorda av furubr\u00e4der f\u00f6rs\u00e4krades f\u00f6r 230 rubel. I byggnaden fanns det 9 st\u00f6rre f\u00f6nster och 10 mindre vindsf\u00f6nster. Av rummen hade 3 franska tapeter, som var f\u00e4stade p\u00e5 f\u00f6rhydningspapper och i 6 rum fanns det vanliga vattenf\u00e4rgade tapeter.<\/p>\n<p>Hela huvudbyggnaden f\u00f6rs\u00e4krades f\u00f6r 4 600 rubel silver.<\/p>\n<h5><strong>Byggnad nr 2:<\/strong><\/h5>\n<p>En tr\u00e4byggnad i en v\u00e5ning byggd av furutimmer \u00e5r 1838. Den var inte br\u00e4dfodrad men var m\u00e5lad med gul f\u00e4rg och d\u00e4r fanns en stuga och en kammare.<\/p>\n<p>Denna byggnad f\u00f6rs\u00e4krades f\u00f6r 750 rubel.<\/p>\n<h5><strong>Byggnad nr 3:<\/strong><\/h5>\n<p>En byggnad inneh\u00e5llande tv\u00e5 magasin, uppf\u00f6rd av stock \u00e5r 1839. Den var inte heller br\u00e4dfodrad men m\u00e5lad med gul f\u00e4rg.<\/p>\n<p>Denna byggnad f\u00f6rs\u00e4krades f\u00f6r 500 rubel.<\/p>\n<h5><strong>Byggnad nr 4:<\/strong><\/h5>\n<p>En uthusbyggnad uppf\u00f6rd av timmer \u00e5r 1839, br\u00e4dfodrad och m\u00e5lad med gul f\u00e4rg. I uthuset fanns ett vagnslider, f\u00e4hus med f\u00f6rstuga, spillningslider och en foderlada. Det var 41 alnar l\u00e5ngt och hade ett n\u00e4vertak med takved.<\/p>\n<p>Uthuset f\u00f6rs\u00e4krades f\u00f6r 750 rubel.<\/p>\n<p>F\u00f6rutom dessa 4 byggnader, s\u00e5 f\u00f6rs\u00e4krades ocks\u00e5 den 4 \u00bd alnar breda ink\u00f6rsporten f\u00f6r 50 rubel.<\/p>\n<p>Alltsammans f\u00f6rs\u00e4krades allts\u00e5 f\u00f6r 6 540 rubel och den \u00e5rliga premien ber\u00e4knades till 42 rubel 66 kopek. Samma premie var i kraft i 5 \u00e5rs tid, d\u00e5 en granskning av byggnaderna skulle g\u00f6ras och premien ber\u00e4knas p\u00e5 nytt.<\/p>\n<figure id=\"attachment_25636\" aria-describedby=\"caption-attachment-25636\" style=\"width: 927px\" class=\"wp-caption alignnone\"><img loading=\"lazy\" decoding=\"async\" class=\"size-full wp-image-25636\" src=\"https:\/\/www.kristinestadshistoria.fi\/wp-content\/uploads\/2023\/03\/Tomtkarta-1840-original-for-web.jpg\" alt=\"\" width=\"927\" height=\"789\" srcset=\"https:\/\/www.kristinestadshistoria.fi\/wp-content\/uploads\/2023\/03\/Tomtkarta-1840-original-for-web.jpg 927w, https:\/\/www.kristinestadshistoria.fi\/wp-content\/uploads\/2023\/03\/Tomtkarta-1840-original-for-web-300x255.jpg 300w, https:\/\/www.kristinestadshistoria.fi\/wp-content\/uploads\/2023\/03\/Tomtkarta-1840-original-for-web-768x654.jpg 768w\" sizes=\"auto, (max-width: 927px) 100vw, 927px\" \/><figcaption id=\"caption-attachment-25636\" class=\"wp-caption-text\">S\u00e5 h\u00e4r s\u00e5g den ursprungliga tomtkartan ut som skepparen Gustaf Strandman l\u00e4t rita \u00e5r 1840 d\u00e5 byggnaderna skulle f\u00f6rs\u00e4kras. Strandmans namnteckning \u00e4r inf\u00e4lld i nedre kanten.<\/figcaption><\/figure>\n<p><strong>\u00c5r 1846, i maj<\/strong> 5-\u00e5rs granskades byggnaderna f\u00f6rsta g\u00e5ngen och eftersom det hade byggts ett brandfarligt snickeri p\u00e5 granntomten nr 202, s\u00e5 fanns det orsak att h\u00f6ja premien lite. Premien h\u00f6jdes ocks\u00e5 f\u00f6rsta g\u00e5ngen p\u00e5 grund av att det fanns ett brandfarligt bageri p\u00e5 granntomten 173.<\/p>\n<h3><strong>Brandf\u00f6rs\u00e4kringen \u00e5r 1864<\/strong><\/h3>\n<p>I augusti 1864 tog r\u00e5dmannen Strandman en helt ny f\u00f6rs\u00e4kring eftersom det sedan senaste granskning hade gjort flera f\u00f6rb\u00e4ttringar p\u00e5 byggnaderna.<\/p>\n<figure id=\"attachment_25639\" aria-describedby=\"caption-attachment-25639\" style=\"width: 1297px\" class=\"wp-caption alignnone\"><img loading=\"lazy\" decoding=\"async\" class=\"size-full wp-image-25639\" src=\"https:\/\/www.kristinestadshistoria.fi\/wp-content\/uploads\/2023\/03\/Tomtkarta-1864-original-en-del.jpg\" alt=\"\" width=\"1297\" height=\"809\" srcset=\"https:\/\/www.kristinestadshistoria.fi\/wp-content\/uploads\/2023\/03\/Tomtkarta-1864-original-en-del.jpg 1297w, https:\/\/www.kristinestadshistoria.fi\/wp-content\/uploads\/2023\/03\/Tomtkarta-1864-original-en-del-300x187.jpg 300w, https:\/\/www.kristinestadshistoria.fi\/wp-content\/uploads\/2023\/03\/Tomtkarta-1864-original-en-del-1024x639.jpg 1024w, https:\/\/www.kristinestadshistoria.fi\/wp-content\/uploads\/2023\/03\/Tomtkarta-1864-original-en-del-768x479.jpg 768w\" sizes=\"auto, (max-width: 1297px) 100vw, 1297px\" \/><figcaption id=\"caption-attachment-25639\" class=\"wp-caption-text\">R\u00e5dman Strandman hade gjort s\u00e5 stora f\u00f6rb\u00e4ttringar p\u00e5 sin g\u00e5rd sedan den f\u00f6rsta f\u00f6rs\u00e4kringen togs \u00e5r 1840 att han redan \u00e5r 1864 gjorde en helt ny och d\u00e5 skulle ocks\u00e5 tomtplanen ritas om och s\u00e5 h\u00e4r s\u00e5g den ut i renritad form.<\/figcaption><\/figure>\n<p><strong>Byggnad nr 1<\/strong>, allts\u00e5 huvudbyggnaden hade nu m\u00e5lats med vit oljef\u00e4rg och det hade f\u00e5tt en farstukvist p\u00e5 g\u00e5rdssidan. Byggnaden hade ocks\u00e5 f\u00e5tt ett nytt tak av tegel och det v\u00e4rderades nu till 7\u00a0200 rubel.<\/p>\n<p><strong>Byggnad nr 2<\/strong>, allts\u00e5 uthusbyggnaden var byggd av stocktimmer 1838, och tillbyggd 1839. Den var br\u00e4dfodrad och m\u00e5lad med gul slamf\u00e4rg och taket var lagt med p\u00e4rtor. Uthuset var 76 alnar l\u00e5ng (45,6 meter) och 9 alnar brett. D\u00e4r fanns en bagarstuga med en st\u00f6rre bakugn, tv\u00e5 magasin med dubbla bottnar, en fruktkammare, tv\u00e5 redskapslider, latrin med spillningsstol, ett f\u00e4hus, ett stall och en foderlada.<\/p>\n<p>Med den fasta inredningen v\u00e4rderades uthuset till 3\u00a0000 rubel.<\/p>\n<p>Ink\u00f6rsporten av stock och plankor, oljem\u00e5lad med \u201ddertill h\u00f6rande regel, klinka och g\u00e5ngjern\u201d v\u00e4rderades till 50 rubel och tr\u00e4dg\u00e5rdsstaket v\u00e4rderades till 100 rubel. Det var 114 alnar l\u00e5ngt, 2 \u00bd alnar h\u00f6gt och m\u00e5lat med gul slamf\u00e4rg.<\/p>\n<p>Hela f\u00f6rs\u00e4kringsv\u00e4rdet uppgick nu till 10\u00a0350 rubel silver och den \u00e5rliga premien ber\u00e4knades till 73 rubel 5 kopek,<\/p>\n<p>Byggnaden nr 3 l\u00e4mnades utanf\u00f6r f\u00f6rs\u00e4kringen. Det var ett vagnslider, byggt av korsvirke och br\u00e4der.<\/p>\n<p>P\u00e5 den egna tomten fanns det inga brandfarliga byggnader men p\u00e5 tomten 170, som l\u00e5g \u00e5t s\u00f6dra h\u00e5llet fanns ett apotekslaboratorium med destilleringsfabrik och p\u00e5 tomten 173 \u00e5t norra h\u00e5llet ett bageri, byggt av tr\u00e4. P\u00e5 tomten nr 172 och p\u00e5 en del av tomt 171 fanns det en tr\u00e4dg\u00e5rd med lummiga l\u00f6vtr\u00e4d.<\/p>\n<figure id=\"attachment_25640\" aria-describedby=\"caption-attachment-25640\" style=\"width: 804px\" class=\"wp-caption alignnone\"><img loading=\"lazy\" decoding=\"async\" class=\"size-full wp-image-25640\" src=\"https:\/\/www.kristinestadshistoria.fi\/wp-content\/uploads\/2023\/03\/Tomtkarta-1864-original-hela-kartan.jpg\" alt=\"\" width=\"804\" height=\"752\" srcset=\"https:\/\/www.kristinestadshistoria.fi\/wp-content\/uploads\/2023\/03\/Tomtkarta-1864-original-hela-kartan.jpg 804w, https:\/\/www.kristinestadshistoria.fi\/wp-content\/uploads\/2023\/03\/Tomtkarta-1864-original-hela-kartan-300x281.jpg 300w, https:\/\/www.kristinestadshistoria.fi\/wp-content\/uploads\/2023\/03\/Tomtkarta-1864-original-hela-kartan-768x718.jpg 768w\" sizes=\"auto, (max-width: 804px) 100vw, 804px\" \/><figcaption id=\"caption-attachment-25640\" class=\"wp-caption-text\">S\u00e5 h\u00e4r s\u00e5g originalkartan ut som r\u00e5dman Strandman l\u00e4t rita upp d\u00e5 han skulle f\u00f6rnya f\u00f6rs\u00e4kringen \u00e5r 1864. Inf\u00e4lld i nedre kanten hans underskrift.<\/figcaption><\/figure>\n<p>Forts\u00e4ttningsvis, s\u00e5 skall byggnaderna och f\u00f6rs\u00e4kringarna granskas vart femte \u00e5r och premien som d\u00e5 fastst\u00e4lldes var i kraft f\u00f6ljande 5 \u00e5r. Den f\u00f6rsta granskningen gjordes 8 oktober 1869 av de lokala granskarna snickaren Matts Their och skomakaren Hartman. De konstaterade att byggnaderna och brandredskapen var i skick.<\/p>\n<p>F\u00f6ljande granskning gjordes 14 september 1874 av svarvarem\u00e4staren Salin och kopparslagaren Sj\u00f6str\u00f6m. Ocks\u00e5 denna g\u00e5ng var allt i skick.<\/p>\n<p>\u00c5r 1879 granskades g\u00e5rden av kronokass\u00f6ren Svante Blomqvist och skomakarm\u00e4staren Gustaf Hartman. G\u00e5rden \u00e4gdes nu av \u00e4nkan Magdalena Strandman och allt var i skick. Ocks\u00e5 f\u00f6ljande g\u00e5ng, \u00e5r 1884 var allting i skick i \u00e4nkan Magdalena Strandmans g\u00e5rd.<\/p>\n<h3><strong>Branden 1886<\/strong><\/h3>\n<p><strong>\u00c5r 1886,den 31 augusti<\/strong> utbr\u00f6t en brand p\u00e5 granntomten i bagarm\u00e4stare \u00d6hmans karakt\u00e4rsbyggnad. Branden spred sig s\u00f6derut till tomten 172 och ant\u00e4nde g\u00e5rden, som d\u00e5 tillh\u00f6rde r\u00e5dman Strandmans arvingar. Huvudbyggnaden vid Strandgatan totalf\u00f6rst\u00f6rdes, likas\u00e5 tr\u00e4dg\u00e5rdsstaketet och ink\u00f6rsporten. Taket, n\u00e5gra f\u00f6nster och br\u00e4dfodringen f\u00f6rst\u00f6rdes p\u00e5 uthusbyggnaden och den skadan v\u00e4rderades till 320 mark. De \u00f6vriga skadorna var totala och brandstodsbolaget betalade ut en ers\u00e4ttning p\u00e5 7 670 mark. Pengarna skickades till den lokala agenten i Kristinestad, som mot kvitto skulle \u00f6verl\u00e5ta dem \u00e5t Henrik Strandman, som f\u00f6retr\u00e4dda arvingarna.<\/p>\n<figure id=\"attachment_24693\" aria-describedby=\"caption-attachment-24693\" style=\"width: 530px\" class=\"wp-caption alignnone\"><img loading=\"lazy\" decoding=\"async\" class=\"size-full wp-image-24693\" src=\"https:\/\/www.kristinestadshistoria.fi\/wp-content\/uploads\/2022\/11\/Karta-1890-169-173.jpg\" alt=\"\" width=\"530\" height=\"850\" srcset=\"https:\/\/www.kristinestadshistoria.fi\/wp-content\/uploads\/2022\/11\/Karta-1890-169-173.jpg 530w, https:\/\/www.kristinestadshistoria.fi\/wp-content\/uploads\/2022\/11\/Karta-1890-169-173-187x300.jpg 187w\" sizes=\"auto, (max-width: 530px) 100vw, 530px\" \/><figcaption id=\"caption-attachment-24693\" class=\"wp-caption-text\">P\u00e5 den h\u00e4r nyritade skissen s\u00e5 ser man hur g\u00e5rdarna och uthusbyggnaderna var placerade p\u00e5 tomterna 171 och 172 omkring 1890-1892. Notera speciellt att det inte finns n\u00e5gon g\u00e5rd l\u00e4ngs med Strandgatan.<\/figcaption><\/figure>\n<p>Strandmans arvingar reparerade uthuset med den ers\u00e4ttning, som de fick f\u00f6r skadorna men huvudbyggnaden byggdes inte upp igen.<\/p>\n<p><strong>\u00c5r 1889, den 29 juni<\/strong> s\u00e5lde Strandmans arvingar tomten med uthuset p\u00e5 auktion och handlanden Johan Wilhelm Olin gav det h\u00f6gsta budet och kunde d\u00e5 \u00f6verta tomten f\u00f6r 1 005 mark.<\/p>\n<h3><strong>Brandf\u00f6rs\u00e4kringen \u00e5r 1898.<\/strong><\/h3>\n<p>Sj\u00f6kapten Johan Wilhelm Olin hade plockat ner sv\u00e4rf\u00f6r\u00e4ldrarnas g\u00e5rd fr\u00e5n nya kyrkans tomt och byggde \u00e5r 1897 upp den igen p\u00e5 den tomt som han hade k\u00f6pt \u00e5r 1889.<\/p>\n<p>F\u00f6rb\u00e4ttringar hade ocks\u00e5 gjorts p\u00e5 de \u00e4ldre byggnaderna och s\u00e5 hade en ny fotoatelj\u00e9 byggts i tr\u00e4dg\u00e5rden nere vid stranden.<\/p>\n<figure id=\"attachment_25948\" aria-describedby=\"caption-attachment-25948\" style=\"width: 1290px\" class=\"wp-caption alignnone\"><img loading=\"lazy\" decoding=\"async\" class=\"size-full wp-image-25948\" src=\"https:\/\/www.kristinestadshistoria.fi\/wp-content\/uploads\/2023\/04\/Tomtkarta-1898-liten.jpg\" alt=\"\" width=\"1290\" height=\"749\" srcset=\"https:\/\/www.kristinestadshistoria.fi\/wp-content\/uploads\/2023\/04\/Tomtkarta-1898-liten.jpg 1290w, https:\/\/www.kristinestadshistoria.fi\/wp-content\/uploads\/2023\/04\/Tomtkarta-1898-liten-300x174.jpg 300w, https:\/\/www.kristinestadshistoria.fi\/wp-content\/uploads\/2023\/04\/Tomtkarta-1898-liten-1024x595.jpg 1024w, https:\/\/www.kristinestadshistoria.fi\/wp-content\/uploads\/2023\/04\/Tomtkarta-1898-liten-768x446.jpg 768w\" sizes=\"auto, (max-width: 1290px) 100vw, 1290px\" \/><figcaption id=\"caption-attachment-25948\" class=\"wp-caption-text\">En planteckning skulle alltid bifogas f\u00f6rs\u00e4kringsbrevet och s\u00e5 h\u00e4r s\u00e5g Olins ut i renritad form.<\/figcaption><\/figure>\n<p>Den 2 juli 1898 tecknade sj\u00f6kapten Olin en ny brandf\u00f6rs\u00e4kring p\u00e5 alla byggnader:<\/p>\n<h5><strong>Byggnad nr 1:<\/strong><\/h5>\n<p>Ett boningshus av timmer uppf\u00f6rt \u00e5r 1897, br\u00e4dfodrat och fernissat under ett tak av j\u00e4rnpl\u00e5t. Huset var 22,5 m l\u00e5ngt, 10,5 m brett och fr\u00e5n marken upp till takkammen var det 9,5 meter. Huset var byggt i en v\u00e5ning inneh\u00e5llande nio boningsrum och tv\u00e5 f\u00f6rstugor och i dessa fanns det totalt \u00e5tta kakelugnar och en k\u00f6ksh\u00e4llspis. P\u00e5 g\u00e5rdssidan fanns det tv\u00e5 verandor med stora f\u00f6nster, byggda av korsvirke och br\u00e4der.<\/p>\n<p>Den h\u00e4r byggnaden f\u00f6rs\u00e4krades f\u00f6r 15\u00a0500 mark<\/p>\n<h5><strong>Byggnad nr 2:<\/strong><\/h5>\n<p>En uthusbyggnad med boningsrum, uppf\u00f6rt 1838-1839, br\u00e4dfodrat och r\u00f6dm\u00e5lat och hade ett tak av asfaltfilt. Huset som var 45 m l\u00e5ngt inneh\u00f6ll en bagarstuga och en kammare, tv\u00e5 magasin med dubbla golv, tv\u00e5 redskapshus, spillningshus med latrin, f\u00e4hus, stall och foderlada.<\/p>\n<p>Byggnaden f\u00f6rs\u00e4krades f\u00f6r 4\u00a0000 mark.<\/p>\n<h5><strong>Byggnad nr 3:<\/strong><\/h5>\n<p>En uthusbyggnad av korsvirke och br\u00e4der i gott skick, uppf\u00f6rt \u00e5r 1850, m\u00e5lat med kompositionsf\u00e4rg och hade ett tak av asfaltfilt. Huset var 6 m l\u00e5ngt och 5 m brett och det anv\u00e4ndes som vagnslider.<\/p>\n<p>Vagnslidret f\u00f6rs\u00e4krades f\u00f6r 200 mark.<\/p>\n<h5><strong>Byggnad nr 4:<\/strong><\/h5>\n<p>En fotografiatelj\u00e9, byggd av korsvirke och br\u00e4der \u00e5r 1892, m\u00e5lad med kompositionsf\u00e4rg och hade ett tak av asfaltfilt och glas. Atelj\u00e9n var 9 m l\u00e5ng och 4 m bred.<\/p>\n<p>Atelj\u00e9n nere vid stranden f\u00f6rs\u00e4krades f\u00f6r 200 mark.<\/p>\n<p>F\u00f6rutom dessa fyra byggnader, s\u00e5 brandf\u00f6rs\u00e4krades ocks\u00e5 ink\u00f6rsporten. Den var gjord av stock och br\u00e4der, blank fernissad och med l\u00e5s och g\u00e5ngj\u00e4rn f\u00f6rs\u00e4krades den f\u00f6r 150 mark.<\/p>\n<p>Ett plank vid tomtgr\u00e4nsen, som var 18 m l\u00e5ngt och 2 m h\u00f6gt f\u00f6rs\u00e4krades tillsammans med ett m\u00e5lat tr\u00e4dg\u00e5rdsstaket, som var 100 m l\u00e5ngt. Det var gjort av br\u00e4der och spj\u00e4lor och dessa f\u00f6rs\u00e4krades f\u00f6r 150 mark tillsammans.<\/p>\n<p>Olin uppgav i f\u00f6rs\u00e4kringsbrevet att det finns ett eldfarligt apotekslaboratorium p\u00e5 granntomten nr 170. P\u00e5 tomt nr 173 fanns det en bageribyggnad av tr\u00e4. P\u00e5 Olins tomt fanns det en stor tr\u00e4dg\u00e5rd, d\u00e4r det fanns flera lummiga l\u00f6vtr\u00e4d.<\/p>\n<p>Det totala f\u00f6rs\u00e4kringsbeloppet uppgick till 20\u00a0300 mark och den \u00e5rliga intr\u00e4desavgiften ber\u00e4knades till 137,60 mark.<\/p>\n<figure id=\"attachment_25949\" aria-describedby=\"caption-attachment-25949\" style=\"width: 791px\" class=\"wp-caption alignnone\"><img loading=\"lazy\" decoding=\"async\" class=\"size-full wp-image-25949\" src=\"https:\/\/www.kristinestadshistoria.fi\/wp-content\/uploads\/2023\/04\/Tomtkarta-1898-stor.jpg\" alt=\"\" width=\"791\" height=\"719\" srcset=\"https:\/\/www.kristinestadshistoria.fi\/wp-content\/uploads\/2023\/04\/Tomtkarta-1898-stor.jpg 791w, https:\/\/www.kristinestadshistoria.fi\/wp-content\/uploads\/2023\/04\/Tomtkarta-1898-stor-300x273.jpg 300w, https:\/\/www.kristinestadshistoria.fi\/wp-content\/uploads\/2023\/04\/Tomtkarta-1898-stor-768x698.jpg 768w\" sizes=\"auto, (max-width: 791px) 100vw, 791px\" \/><figcaption id=\"caption-attachment-25949\" class=\"wp-caption-text\">D\u00e5 sj\u00f6kapten Johan Wilhelm Olin \u00e5r 1898 skulle brandf\u00f6rs\u00e4kra sin nybyggda g\u00e5rd, s\u00e5 l\u00e4t han rita upp den h\u00e4r planteckningen. Hans namnteckning fr\u00e5n f\u00f6rs\u00e4kringsbrevet finns inf\u00e4llt i nedre kanten.<\/figcaption><\/figure>\n<h2><strong>Brandf\u00f6rs\u00e4kringen \u00e5r 1908.<\/strong><\/h2>\n<p>P\u00e5 grund av f\u00f6rb\u00e4ttringar p\u00e5 byggnaderna ville g\u00e5rds\u00e4garen Olin s\u00e4tta h\u00f6gre v\u00e4rden p\u00e5 dem. Priset p\u00e5 byggmaterial hade stigit sedan senast och det hade arbetsl\u00f6nerna gjort ocks\u00e5.<\/p>\n<p>Olin uppgav att de sammanslagna tomterna 171 och 172 var 3\u00a0953 m\u00b2 stor och den l\u00e5g mellan Stadsfj\u00e4rden och Strandgatan. P\u00e5 tomten fanns en brunn med rikligt vatten, som kunde anv\u00e4ndas vid en eventuell eldsv\u00e5da. Tomten l\u00e5g vid stranden d\u00e4rifr\u00e5n vatten ocks\u00e5 kunde pumpas eller langas. P\u00e5 tomten fanns alla n\u00f6dv\u00e4ndiga brandredskap och de var alla m\u00e4rkta med tomtens nummer i oljef\u00e4rg.<\/p>\n<p>P\u00e5 tomten fanns fyra byggnader, som Olin ville brandf\u00f6rs\u00e4kra.<\/p>\n<p><strong>Byggnad nr 1<\/strong>: inga st\u00f6rre f\u00f6r\u00e4ndringar men den f\u00f6rs\u00e4krades nu f\u00f6r 20\u00a0000 mark.<\/p>\n<p><strong>Byggnad nr 2:<\/strong> inga st\u00f6rre f\u00f6r\u00e4ndringar men den f\u00f6rs\u00e4krades nu f\u00f6r 4 500 mark.<\/p>\n<p><strong>Byggnad nr 3:<\/strong> f\u00f6rs\u00e4krades fortfarande f\u00f6r 200 mark.<\/p>\n<p><strong>Byggnad nr 4:<\/strong> inga st\u00f6rre f\u00f6r\u00e4ndringar men den f\u00f6rs\u00e4krades nu f\u00f6r 300 mark.<\/p>\n<p>Ink\u00f6rsporten, planket och staketet fick ocks\u00e5 h\u00f6jda v\u00e4rden, s\u00e5 att hela f\u00f6rs\u00e4kringsbeloppet nu uppgick till 25\u00a0340 mark mot det tidigare 20\u00a0300. Den \u00e5rliga intr\u00e4desavgiften ber\u00e4knades till 168,40 mark.<\/p>\n<p>Olin uppgav att det p\u00e5 hans tomt inte fanns n\u00e5gra brandfarliga inr\u00e4ttningar men p\u00e5 granntomten s\u00f6derut fanns det ett apotekslaboratorium. P\u00e5 tomten fanns det en st\u00f6rre tr\u00e4dg\u00e5rd med flera skyddande, lummiga l\u00f6vtr\u00e4d.<\/p>\n<figure id=\"attachment_26510\" aria-describedby=\"caption-attachment-26510\" style=\"width: 1271px\" class=\"wp-caption alignnone\"><img loading=\"lazy\" decoding=\"async\" class=\"size-full wp-image-26510\" src=\"https:\/\/www.kristinestadshistoria.fi\/wp-content\/uploads\/2023\/06\/Tomtkarta-1908-original-2-scaled.jpg\" alt=\"\" width=\"1271\" height=\"2560\" srcset=\"https:\/\/www.kristinestadshistoria.fi\/wp-content\/uploads\/2023\/06\/Tomtkarta-1908-original-2-scaled.jpg 1271w, https:\/\/www.kristinestadshistoria.fi\/wp-content\/uploads\/2023\/06\/Tomtkarta-1908-original-2-149x300.jpg 149w, https:\/\/www.kristinestadshistoria.fi\/wp-content\/uploads\/2023\/06\/Tomtkarta-1908-original-2-508x1024.jpg 508w, https:\/\/www.kristinestadshistoria.fi\/wp-content\/uploads\/2023\/06\/Tomtkarta-1908-original-2-768x1547.jpg 768w, https:\/\/www.kristinestadshistoria.fi\/wp-content\/uploads\/2023\/06\/Tomtkarta-1908-original-2-763x1536.jpg 763w, https:\/\/www.kristinestadshistoria.fi\/wp-content\/uploads\/2023\/06\/Tomtkarta-1908-original-2-1017x2048.jpg 1017w\" sizes=\"auto, (max-width: 1271px) 100vw, 1271px\" \/><figcaption id=\"caption-attachment-26510\" class=\"wp-caption-text\">S\u00e5 h\u00e4r s\u00e5g den planteckning ut i lite renritad form, som handlanden och sj\u00f6kaptenen J. W. Olin l\u00e4t rita upp d\u00e5 han \u00e5r 1908 tecknade en ny brandf\u00f6rs\u00e4kring p\u00e5 byggnaderna p\u00e5 tomterna 171 och 172.<\/figcaption><\/figure>\n<h3><strong>Brandf\u00f6rs\u00e4kringen \u00e5r 1919.<\/strong><\/h3>\n<p>\u00c5r 1919, den 8 april tecknade Jarl Olin, som arvinge efter J. W. Olin en ny brandf\u00f6rs\u00e4kring p\u00e5 byggnaderna p\u00e5 Strandgatan 28. N\u00e5gra st\u00f6rre f\u00f6rb\u00e4ttringar hade inte gjorts och f\u00f6rs\u00e4kringsv\u00e4rdet ber\u00e4knades till totalt 59 150 mark. Inflationen var h\u00f6g vid denna tid och f\u00f6r\u00e4ndrades snabbt och det g\u00e4llde att hela tiden teckna nya f\u00f6rs\u00e4kringar, f\u00f6r att f\u00e5 ett gott f\u00f6rs\u00e4kringsskydd. En stenk\u00e4llare med torvtak hade uppf\u00f6rts n\u00e4rmare stranden men den l\u00e4mnades utan f\u00f6rs\u00e4kring.<\/p>\n<p>&nbsp;<\/p>\n","protected":false},"excerpt":{"rendered":"<p>Sammanst\u00e4llt av Lasse Backlund. Uppgifterna \u00e4r tagna ur gamla f\u00f6rs\u00e4kringsbrev, som finns p\u00e5 Riksarkivet. Brandf\u00f6rs\u00e4kringen \u00e5r 1840 \u00c5r 1832 bildades \u201dAllm\u00e4nna Brandstodsbolaget i Finland\u201d i Helsingfors men det var f\u00f6rst i augusti 1840 som skepparen Gustaf Strandman anh\u00f6ll om att <a class=\"more-link\" href=\"https:\/\/www.kristinestadshistoria.fi\/?page_id=25630\">Forts\u00e4tt l\u00e4sa <span class=\"screen-reader-text\">  Den f\u00f6rs\u00e4krade g\u00e5rden p\u00e5 tomterna 171 och 172<\/span><span class=\"meta-nav\">&rarr;<\/span><\/a><\/p>\n","protected":false},"author":1,"featured_media":0,"parent":20737,"menu_order":10,"comment_status":"closed","ping_status":"closed","template":"","meta":{"footnotes":""},"class_list":["post-25630","page","type-page","status-publish","hentry"],"_links":{"self":[{"href":"https:\/\/www.kristinestadshistoria.fi\/index.php?rest_route=\/wp\/v2\/pages\/25630","targetHints":{"allow":["GET"]}}],"collection":[{"href":"https:\/\/www.kristinestadshistoria.fi\/index.php?rest_route=\/wp\/v2\/pages"}],"about":[{"href":"https:\/\/www.kristinestadshistoria.fi\/index.php?rest_route=\/wp\/v2\/types\/page"}],"author":[{"embeddable":true,"href":"https:\/\/www.kristinestadshistoria.fi\/index.php?rest_route=\/wp\/v2\/users\/1"}],"replies":[{"embeddable":true,"href":"https:\/\/www.kristinestadshistoria.fi\/index.php?rest_route=%2Fwp%2Fv2%2Fcomments&post=25630"}],"version-history":[{"count":13,"href":"https:\/\/www.kristinestadshistoria.fi\/index.php?rest_route=\/wp\/v2\/pages\/25630\/revisions"}],"predecessor-version":[{"id":29458,"href":"https:\/\/www.kristinestadshistoria.fi\/index.php?rest_route=\/wp\/v2\/pages\/25630\/revisions\/29458"}],"up":[{"embeddable":true,"href":"https:\/\/www.kristinestadshistoria.fi\/index.php?rest_route=\/wp\/v2\/pages\/20737"}],"wp:attachment":[{"href":"https:\/\/www.kristinestadshistoria.fi\/index.php?rest_route=%2Fwp%2Fv2%2Fmedia&parent=25630"}],"curies":[{"name":"wp","href":"https:\/\/api.w.org\/{rel}","templated":true}]}}