{"id":25620,"date":"2023-03-19T23:04:57","date_gmt":"2023-03-19T21:04:57","guid":{"rendered":"https:\/\/www.kristinestadshistoria.fi\/?page_id=25620"},"modified":"2024-07-29T23:19:35","modified_gmt":"2024-07-29T20:19:35","slug":"den-forsakrade-garden-pa-tomt-nr-67","status":"publish","type":"page","link":"https:\/\/www.kristinestadshistoria.fi\/?page_id=25620","title":{"rendered":"Den f\u00f6rs\u00e4krade g\u00e5rden p\u00e5 tomt nr 67"},"content":{"rendered":"<p><span style=\"color: #000080;\"><strong>Sammanst\u00e4llt av Lasse Backlund. Uppgifterna \u00e4r tagna ur de gamla f\u00f6rs\u00e4kringsbrev, som finns p\u00e5 Riksarkivet.<\/strong><\/span><\/p>\n<p>\u00c5r 1832 bildades \u201dAllm\u00e4nna Brandstodsbolaget i Finland\u201d i Helsingfors men det var f\u00f6rst i november 1862, som skeppare\u00e4nkan Maria Holmudd anh\u00f6ll om att byggnaderna p\u00e5 tomt nr 67 skulle brandf\u00f6rs\u00e4kras. F\u00f6rs\u00e4kringsans\u00f6kan skulle g\u00f6ras till bolaget i Helsingfors och Maria uppgav d\u00e5 att p\u00e5 hennes tomt fanns 3 brandstegar, 2 brandhakar, 2 handsprutor, 2 svablar och 2 brand\u00e4mbare. Alla brandredskap var m\u00e4rkta med tomtens nummer i oljef\u00e4rg, uppgav hon. P\u00e5 g\u00e5rdsplanen fanns en brunn med \u201dtillr\u00e4cklig vattentillg\u00e5ng\u201d.<\/p>\n<p>Maria uppgav att tomten \u00e4r 4 260 kvadratalnar i areal vidd (en aln \u00e4r ca 60 cm). Den norra \u00e4ndan, som var 71 alnar l\u00e5ng st\u00f6ter till tomt nr 66, i \u00f6ster var sidan 60 alnar och den gr\u00e4nsade till V\u00e4stra L\u00e5nggatan. Den v\u00e4stra sidan var 60 alnar l\u00e5ng och den gr\u00e4nsade till tomt nr 72. \u00a0I s\u00f6der gr\u00e4nsade tomten till tomt nr 68.<\/p>\n<figure id=\"attachment_25625\" aria-describedby=\"caption-attachment-25625\" style=\"width: 690px\" class=\"wp-caption alignnone\"><img loading=\"lazy\" decoding=\"async\" class=\"size-full wp-image-25625\" src=\"https:\/\/www.kristinestadshistoria.fi\/wp-content\/uploads\/2023\/03\/Tomtkarta-1862-2.jpg\" alt=\"\" width=\"690\" height=\"549\" srcset=\"https:\/\/www.kristinestadshistoria.fi\/wp-content\/uploads\/2023\/03\/Tomtkarta-1862-2.jpg 690w, https:\/\/www.kristinestadshistoria.fi\/wp-content\/uploads\/2023\/03\/Tomtkarta-1862-2-300x239.jpg 300w\" sizes=\"auto, (max-width: 690px) 100vw, 690px\" \/><figcaption id=\"caption-attachment-25625\" class=\"wp-caption-text\">D\u00e5 \u00e4nkan Holmudd \u00e5r 1862 anh\u00f6ll om brandf\u00f6rs\u00e4kring p\u00e5 hennes g\u00e5rd, s\u00e5 skulle en planteckning bifogas. P\u00e5 denna renritade skiss, s\u00e5 syns byggnadernas placering.<\/figcaption><\/figure>\n<p>P\u00e5 tomten fanns det 4 byggnader, som skulle f\u00f6rs\u00e4kras:<\/p>\n<h5><strong>Byggnad nr 1:<\/strong><\/h5>\n<p>Ett boningshus i en v\u00e5ning, byggd av gott timmer \u00e5r 1834 och tillbyggt \u00e5r 1844. Huset var br\u00e4dfodrat och m\u00e5lat med gul oljef\u00e4rg, hade en bra stenfot och yttertaket var gjort av b\u00e5de n\u00e4ver och br\u00e4der. Byggnaden hade \u00e5tta rum och en tambur med en \u00f6verbyggd f\u00f6rstugukvist. I dessa rum fanns det sex kakelugnar och en k\u00f6ksspis. P\u00e5 vinden fanns ocks\u00e5 ett rum, som hade en egen kakelugn. Byggnaden l\u00e4ngd var 40 alnar (24 meter), f\u00f6rsedd med ett tak av p\u00e4rtor och hade en ordentlig stenfot.<\/p>\n<p>Hela huvudbyggnaden f\u00f6rs\u00e4krades f\u00f6r 4 400 mark silver.<\/p>\n<h5><strong>Byggnad nr 2:<\/strong><\/h5>\n<p>Ett boningshus av timmer i f\u00f6rsvarligt skick, uppf\u00f6rd \u00e5r 1843. Det var inte br\u00e4dfodrat men m\u00e5lat med r\u00f6d f\u00e4rg, hade en bra stenfot och yttertaket var gjort av b\u00e5de n\u00e4ver och br\u00e4der. Det var 15 \u00bd alnar l\u00e5ngt och d\u00e4r fanns 2 boningsrum, inneh\u00e5llande en bagarstuga med en bakugn och en kammare, d\u00e4r det fanns en kakelugn.<\/p>\n<p>Denna byggnad f\u00f6rs\u00e4krades f\u00f6r 600 mark silver.<\/p>\n<h5><strong>Byggnad nr 3:<\/strong><\/h5>\n<p>En uthusbyggnad av stock i f\u00f6rsvarligt skick i en v\u00e5ning, uppf\u00f6rd \u00e5r 1838. Uthuset var inte br\u00e4dfodrat men hade m\u00e5lats med r\u00f6d f\u00e4rg. Uthuset var n\u00e4stan 23 alnar l\u00e5ngt (13,6 meter) och d\u00e4r fanns ett f\u00e4hus med f\u00f6rstuga, en lada och en matbod.<\/p>\n<p>Den h\u00e4r uthusbyggnaden f\u00f6rs\u00e4krades f\u00f6r 300 mark.<\/p>\n<h5><strong>Byggnad nr 4:<\/strong><\/h5>\n<p>En uthusbyggnad av stock i f\u00f6rsvarligt skick, byggt \u00e5r 1845. Den var inte br\u00e4dfodrad men m\u00e5lat med r\u00f6d f\u00e4rg, under ett tak av n\u00e4ver och br\u00e4der. Uthuset var 24 alnar l\u00e5ngt (14,4, meter) och d\u00e4r fanns ett stall, ett vedlider och ett vagnslider.<\/p>\n<p>Den h\u00e4r uthusbyggnaden f\u00f6rs\u00e4krades f\u00f6r 300 mark.<\/p>\n<p>F\u00f6rutom dessa byggnader f\u00f6rs\u00e4krades \u201d ink\u00f6rsporten af stock och dubbla br\u00e4der, med dertill h\u00f6rande regel, klinka och g\u00e5ngjern\u201d f\u00f6r 50 mark. Planket runt tomten, som var gjort av br\u00e4der, 3 alnar h\u00f6gt och 52 alnar l\u00e5ng v\u00e4rderades till 100 mark och staketet runt tr\u00e4dg\u00e5rden inne p\u00e5 g\u00e5rden, som var 2 alnar h\u00f6gt var v\u00e4rt 50 mark.<\/p>\n<p>Maria Holmudd uppgav ocks\u00e5 att n\u00e5gra brandfarliga inr\u00e4ttningar inte fanns, varken p\u00e5 den egna tomten eller i n\u00e4rheten. Hon skrev ocks\u00e5 att i tr\u00e4dg\u00e5rden fanns det inga lummiga l\u00f6vtr\u00e4d.<\/p>\n<p>Alltsamman f\u00f6rs\u00e4krades f\u00f6r 5 800 mark och den \u00e5rliga f\u00f6rs\u00e4kringspremien, eller intr\u00e4desavgiften, som den kallades utr\u00e4knades till 49,42 mark. Denna premie skulle betalas varje \u00e5r i fem \u00e5rs tid och d\u00e5 skulle byggnaderna granskas och premien justeras.<\/p>\n<p><strong>\u00c5r 1867, i november<\/strong> gjordes den f\u00f6rsta granskningen och den gjordes av handlanden Lind och glasm\u00e4staren Gustaf Eklund. Byggnadernas skick hade f\u00f6rs\u00e4mrats p\u00e5 5 \u00e5r s\u00e5 pass att f\u00f6rs\u00e4kringsv\u00e4rdet minskades p\u00e5 huvudbyggnaden och p\u00e5 byggnad nr 2. Planket och staketet var ocks\u00e5 s\u00e5 f\u00f6rfallet att v\u00e4rdet p\u00e5 dessa minskades fr\u00e5n 150 till 50 mark. Brandredskapen var i samma som vid granskningen fem \u00e5r tidigare.<\/p>\n<p><strong>\u00c5r 1872, i december <\/strong>granskades byggnaderna igen. G\u00e5rden \u00e4gdes nu av sj\u00f6mannen Carl Johan Weckstr\u00f6m och byggnaderna hade f\u00f6rfallit \u00e4nnu mera och deras v\u00e4rden korrigerades ner\u00e5t.<\/p>\n<p>Granskningarna fortsatte vart femte \u00e5r och inga \u00e4ndringar hade gjorts i byggnaderna under hela 1800-talet och alltsammans v\u00e4rderades till 4\u00a0000 mark.<\/p>\n<figure id=\"attachment_25624\" aria-describedby=\"caption-attachment-25624\" style=\"width: 725px\" class=\"wp-caption alignnone\"><img loading=\"lazy\" decoding=\"async\" class=\"size-full wp-image-25624\" src=\"https:\/\/www.kristinestadshistoria.fi\/wp-content\/uploads\/2023\/03\/Tomtkarta-1862-original-2.jpg\" alt=\"\" width=\"725\" height=\"727\" srcset=\"https:\/\/www.kristinestadshistoria.fi\/wp-content\/uploads\/2023\/03\/Tomtkarta-1862-original-2.jpg 725w, https:\/\/www.kristinestadshistoria.fi\/wp-content\/uploads\/2023\/03\/Tomtkarta-1862-original-2-300x300.jpg 300w, https:\/\/www.kristinestadshistoria.fi\/wp-content\/uploads\/2023\/03\/Tomtkarta-1862-original-2-150x150.jpg 150w\" sizes=\"auto, (max-width: 725px) 100vw, 725px\" \/><figcaption id=\"caption-attachment-25624\" class=\"wp-caption-text\">S\u00e5 h\u00e4r s\u00e5g den originalkarta ut, som skeppare\u00e4nkan Maria Holmudd l\u00e4t rita \u00e5r 1862. I nedre kanten syns hennes namnteckning, som fanns i f\u00f6rs\u00e4kringsanh\u00e5llan.<\/figcaption><\/figure>\n<h3><strong>Brandf\u00f6rs\u00e4kring 1913<\/strong><\/h3>\n<p>\u00c5r 1913 ville g\u00e5rds\u00e4garen Karl Weckstr\u00f6m teckna en ny brandf\u00f6rs\u00e4kring. V\u00e4rdet p\u00e5 byggnaderna har stigit betydligt sedan den gamla f\u00f6rs\u00e4kringen togs \u00e5r 1862. Flera f\u00f6rb\u00e4ttringar hade gjorts, vilket ocks\u00e5 h\u00f6jde v\u00e4rdet p\u00e5 byggnaderna.<\/p>\n<p>Weckstr\u00f6m uppgav att tomten var 1502 m\u00b2 stor och i \u00f6ster gr\u00e4nsade den till V\u00e4stra L\u00e5nggatan, som p\u00e5 detta st\u00e4lle \u00e4r 9,5 meter bred. P\u00e5 tomten fanns alla n\u00f6dv\u00e4ndiga brandredskap och en brunn med rikligt vatten fanns, d\u00e4rifr\u00e5n vatten kunde tas vid en eventuell eldsv\u00e5da.<\/p>\n<p>P\u00e5 tomten fanns fyra byggnader och alla skulle f\u00f6rs\u00e4kras.<\/p>\n<h5><strong>Byggnad nr 1:<\/strong><\/h5>\n<p>Ett boningshus av timmer i gott skick, uppf\u00f6rt \u00e5r 1834 och tillbyggt \u00e5r 1844, br\u00e4dfodrat och m\u00e5lat med gul slamf\u00e4rg och hade asfaltfilt p\u00e5 taket. Huset \u00e4r 23,75 meter l\u00e5ngt och 9,50 meter brett, har en v\u00e5ning med totalt 8 boningsrum. P\u00e5 vinden fanns ocks\u00e5 ett rum med egen kakelugn.<\/p>\n<p>Byggnaden f\u00f6rs\u00e4krades f\u00f6r 13\u00a0000 mark<\/p>\n<h5><strong>Byggnad nr 2:<\/strong><\/h5>\n<p>Ett boningshus av timmer i f\u00f6rsvarligt skick, uppf\u00f6rd \u00e5r 1843, inte br\u00e4dfodrad men nog r\u00f6dm\u00e5lad. Taket var lagt med asfaltfilt. Huset var 9,20 meter l\u00e5ngt och 4,75 meter brett och d\u00e4r fanns ett boningsrum med en kakelugn och en bagarstuga med bakugn.<\/p>\n<p>Byggnaden f\u00f6rs\u00e4krades f\u00f6r 1\u00a0500 mark.<\/p>\n<h5><strong>Byggnad nr 3:<\/strong><\/h5>\n<p>En uthusbyggnad av stock i f\u00f6rsvarligt skick, uppf\u00f6rd \u00e5r 1838, m\u00e5lad med r\u00f6df\u00e4rg och taket var lagt med n\u00e4ver och br\u00e4der. Uthuset var 13,51 meter l\u00e5ngt och 4,16 meter brett. I uthuset fanns ett f\u00e4hus med f\u00f6rstuga, en lada och en matbod.<\/p>\n<p>Uthuset f\u00f6rs\u00e4krades f\u00f6r 300 mark.<\/p>\n<h5><strong>Byggnad nr 4:<\/strong><\/h5>\n<p>En uthusbyggnad av stock i f\u00f6rsvarligt skick, uppf\u00f6rt \u00e5t 1845, inte br\u00e4dfodrad men r\u00f6dm\u00e5lad och hade ett tak av br\u00e4der. D\u00e4r fanns ett stall, ett vedlider och ett vagnslider.<\/p>\n<p>Uthuset f\u00f6rs\u00e4krades f\u00f6r 600 mark.<\/p>\n<p>F\u00f6rutom dessa fyra byggnader s\u00e5 f\u00f6rs\u00e4krades ink\u00f6rsporten f\u00f6r 150 mark och planket f\u00f6r 100 mark. Planket runt tomten var 50 meter l\u00e5ngt och 1,80 meter h\u00f6gt.<\/p>\n<p>F\u00f6rs\u00e4kringsbeloppet f\u00f6r alla byggnader uppgick till totalt 15 750 mark, j\u00e4mf\u00f6rt med 4 000 i den tidigare f\u00f6rs\u00e4kringen. F\u00f6r att f\u00f6rs\u00e4kringen skulle tr\u00e4da i kraft genomf\u00f6rdes i slutet av \u00e5r 1912 en granskning av brandredskapen och byggnaderna och den gjordes av brandstodsbolagets agent i staden, kapten Wilhelm Hagen och till sin hj\u00e4lp hade han J. W. Olin och Konrad Sundman.<\/p>\n<figure id=\"attachment_28809\" aria-describedby=\"caption-attachment-28809\" style=\"width: 763px\" class=\"wp-caption alignnone\"><img loading=\"lazy\" decoding=\"async\" class=\"size-full wp-image-28809\" src=\"https:\/\/www.kristinestadshistoria.fi\/wp-content\/uploads\/2024\/07\/1913-planteckningen.jpg\" alt=\"\" width=\"763\" height=\"779\" srcset=\"https:\/\/www.kristinestadshistoria.fi\/wp-content\/uploads\/2024\/07\/1913-planteckningen.jpg 763w, https:\/\/www.kristinestadshistoria.fi\/wp-content\/uploads\/2024\/07\/1913-planteckningen-294x300.jpg 294w\" sizes=\"auto, (max-width: 763px) 100vw, 763px\" \/><figcaption id=\"caption-attachment-28809\" class=\"wp-caption-text\">S\u00e5 h\u00e4r var byggnaderna placerade p\u00e5 tomten d\u00e5 tulluppsyningsman Weckstr\u00f6m ville teckna en ny brandf\u00f6rs\u00e4kring p\u00e5 alla fyra byggnader. I nedre kanten syns hans namnteckning p\u00e5 ans\u00f6kan som han gjorde 28 december 1912.<\/figcaption><\/figure>\n","protected":false},"excerpt":{"rendered":"<p>Sammanst\u00e4llt av Lasse Backlund. Uppgifterna \u00e4r tagna ur de gamla f\u00f6rs\u00e4kringsbrev, som finns p\u00e5 Riksarkivet. \u00c5r 1832 bildades \u201dAllm\u00e4nna Brandstodsbolaget i Finland\u201d i Helsingfors men det var f\u00f6rst i november 1862, som skeppare\u00e4nkan Maria Holmudd anh\u00f6ll om att byggnaderna p\u00e5 <a class=\"more-link\" href=\"https:\/\/www.kristinestadshistoria.fi\/?page_id=25620\">Forts\u00e4tt l\u00e4sa <span class=\"screen-reader-text\">  Den f\u00f6rs\u00e4krade g\u00e5rden p\u00e5 tomt nr 67<\/span><span class=\"meta-nav\">&rarr;<\/span><\/a><\/p>\n","protected":false},"author":1,"featured_media":0,"parent":22148,"menu_order":10,"comment_status":"closed","ping_status":"closed","template":"","meta":{"footnotes":""},"class_list":["post-25620","page","type-page","status-publish","hentry"],"_links":{"self":[{"href":"https:\/\/www.kristinestadshistoria.fi\/index.php?rest_route=\/wp\/v2\/pages\/25620","targetHints":{"allow":["GET"]}}],"collection":[{"href":"https:\/\/www.kristinestadshistoria.fi\/index.php?rest_route=\/wp\/v2\/pages"}],"about":[{"href":"https:\/\/www.kristinestadshistoria.fi\/index.php?rest_route=\/wp\/v2\/types\/page"}],"author":[{"embeddable":true,"href":"https:\/\/www.kristinestadshistoria.fi\/index.php?rest_route=\/wp\/v2\/users\/1"}],"replies":[{"embeddable":true,"href":"https:\/\/www.kristinestadshistoria.fi\/index.php?rest_route=%2Fwp%2Fv2%2Fcomments&post=25620"}],"version-history":[{"count":7,"href":"https:\/\/www.kristinestadshistoria.fi\/index.php?rest_route=\/wp\/v2\/pages\/25620\/revisions"}],"predecessor-version":[{"id":28811,"href":"https:\/\/www.kristinestadshistoria.fi\/index.php?rest_route=\/wp\/v2\/pages\/25620\/revisions\/28811"}],"up":[{"embeddable":true,"href":"https:\/\/www.kristinestadshistoria.fi\/index.php?rest_route=\/wp\/v2\/pages\/22148"}],"wp:attachment":[{"href":"https:\/\/www.kristinestadshistoria.fi\/index.php?rest_route=%2Fwp%2Fv2%2Fmedia&parent=25620"}],"curies":[{"name":"wp","href":"https:\/\/api.w.org\/{rel}","templated":true}]}}