{"id":25615,"date":"2023-03-19T18:18:26","date_gmt":"2023-03-19T16:18:26","guid":{"rendered":"https:\/\/www.kristinestadshistoria.fi\/?page_id=25615"},"modified":"2024-07-11T21:31:21","modified_gmt":"2024-07-11T18:31:21","slug":"den-forsakrade-garden-pa-tomt-nr-112","status":"publish","type":"page","link":"https:\/\/www.kristinestadshistoria.fi\/?page_id=25615","title":{"rendered":"Den f\u00f6rs\u00e4krade g\u00e5rden p\u00e5 tomt nr 112"},"content":{"rendered":"<p><span style=\"color: #000080;\"><strong>Sammanst\u00e4llt av Lasse Backlund. Uppgifterna \u00e4r tagna ur f\u00f6rs\u00e4kringsbrev, som finns p\u00e5 Riksarkivet.<\/strong><\/span><\/p>\n<p>\u00c5r 1832 bildades \u201dAllm\u00e4nna Brandstodsbolaget i Finland\u201d i Helsingfors och \u00e5r 1862, anh\u00f6ll fiskare\u00e4nkan Karolina \u00c5kervall att byggnaderna p\u00e5 tomt nr 112 skulle brandf\u00f6rs\u00e4kras. F\u00f6rs\u00e4kringsans\u00f6kan skulle g\u00f6ras till bolaget i Helsingfors och Karolina uppgav d\u00e5 att p\u00e5 hennes tomt fanns 2 brandstegar, 2 brandhakar, 2 handsprutor, 2 svablar och 2 brand\u00e4mbare. Alla brandredskap var m\u00e4rkta med tomtens nummer, uppgav hon. P\u00e5 g\u00e5rdsplanen fanns en brunn med \u201dymnigt vatten\u201d.<\/p>\n<p>Karolina uppgav att tomten \u00e4r 4 510 kvadratalnar i areal vidd (en aln \u00e4r ca 60 cm). Den norra \u00e4ndan, som var 98 alnar l\u00e5ng st\u00f6ter till tomt nr 111, i \u00f6ster var sidan 46 alnar och den gr\u00e4nsade till V\u00e4stra L\u00e5nggatan. Den v\u00e4stra sidan var 46 \u00bd alnar l\u00e5ng och den gr\u00e4nsade till tomt nr 119. \u00a0I s\u00f6der gr\u00e4nsade tomten till tomt nr 113.<\/p>\n<p>P\u00e5 tomten fanns det 3 byggnader, som skulle f\u00f6rs\u00e4kras:<\/p>\n<h5><strong>Byggnad nr 1:<\/strong><\/h5>\n<p>Ett boningshus i en v\u00e5ning, byggd av gott timmer \u00e5r 1862. Den var varken br\u00e4dfodrad eller m\u00e5lad. Byggnaden har sex rum och i dessa rum finns det fyra kakelugnar och en tv\u00e5 k\u00f6ksspisar. Byggnaden l\u00e4ngd \u00e4r 30 alnar (18 meter), f\u00f6rsedd med ett tak av p\u00e4rtor och har en ordentlig stenfot, som \u00e4r 1 aln h\u00f6g.<\/p>\n<p>Hela huvudbyggnaden f\u00f6rs\u00e4krades f\u00f6r 4 000 mark silver.<\/p>\n<h5><strong>Byggnad nr 2:<\/strong><\/h5>\n<p>Ett boningshus av gott timmer, uppf\u00f6rd \u00e5r 1850. Det var varken br\u00e4dfodrat eller m\u00e5lat, hade en bra stenfot och yttertaket var gjort av br\u00e4der. Det var 14 \u00bd alnar l\u00e5ngt och f\u00f6rutom f\u00f6rstugan s\u00e5 fanns d\u00e4r 2 rum. I det ena rummet fanns en bakugn och i det andra en kakelugn.<\/p>\n<p>Uthuset f\u00f6rs\u00e4krades f\u00f6r 600 mark silver.<\/p>\n<h5><strong>Byggnad nr 3:<\/strong><\/h5>\n<p>En uthusbyggnad av stock i en v\u00e5ning, uppf\u00f6rd \u00e5r 1859. Uthuset var 41 alnar l\u00e5ngt (24,6 meter) och d\u00e4r fanns 2 magasin, ett stall och ett spillningslider.<\/p>\n<p>Den h\u00e4r uthusbyggnaden f\u00f6rs\u00e4krades ocks\u00e5 f\u00f6r 600 mark.<\/p>\n<p>F\u00f6rutom dessa byggnader f\u00f6rs\u00e4krades ink\u00f6rsporten f\u00f6r 50 mark.<\/p>\n<p>Alltsamman f\u00f6rs\u00e4krades f\u00f6r 5 250 mark och den \u00e5rliga f\u00f6rs\u00e4kringspremien, eller intr\u00e4desavgiften, som den kallades utr\u00e4knades till 36 mark och 68 penni. Denna premie skulle betalas varje \u00e5r i fem \u00e5rs tid och d\u00e5 skulle byggnaderna granskas och premien justeras.<\/p>\n<p><strong>\u00c5r 1867, i november<\/strong> gjordes den f\u00f6rsta granskningen av handlandena Lind och Ludwig Wilhelm Wendelin. Byggnaderna var i gott skick och brandredskapen fanns i g\u00e5rden.<\/p>\n<figure id=\"attachment_25612\" aria-describedby=\"caption-attachment-25612\" style=\"width: 716px\" class=\"wp-caption alignnone\"><img loading=\"lazy\" decoding=\"async\" class=\"size-full wp-image-25612\" src=\"https:\/\/www.kristinestadshistoria.fi\/wp-content\/uploads\/2023\/03\/Tomtkarta-1862-1.jpg\" alt=\"\" width=\"716\" height=\"712\" srcset=\"https:\/\/www.kristinestadshistoria.fi\/wp-content\/uploads\/2023\/03\/Tomtkarta-1862-1.jpg 716w, https:\/\/www.kristinestadshistoria.fi\/wp-content\/uploads\/2023\/03\/Tomtkarta-1862-1-300x298.jpg 300w, https:\/\/www.kristinestadshistoria.fi\/wp-content\/uploads\/2023\/03\/Tomtkarta-1862-1-150x150.jpg 150w\" sizes=\"auto, (max-width: 716px) 100vw, 716px\" \/><figcaption id=\"caption-attachment-25612\" class=\"wp-caption-text\">Det \u00e4r mycket m\u00f6jligt att fiskare\u00e4nkan Karolina \u00c5kervalls g\u00e5rd p\u00e5 tomt nr 112 f\u00f6rst\u00f6rdes i den stora stadsbranden 14 januari 1859. Ett par senare byggde hon den g\u00e5rd som fortfarande st\u00e5r kvar och hon tecknade genast en brandf\u00f6rs\u00e4kring p\u00e5 g\u00e5rden och de tv\u00e5 andra byggnaderna.<\/figcaption><\/figure>\n<h2><strong>Brandf\u00f6rs\u00e4kringen 1901:<\/strong><\/h2>\n<p>\u00c5r 1880 omkom skepparen Christian Olin och g\u00e5rden \u00f6vertogs d\u00e5 av \u00e4nkan Wilhelmina Olin. \u00c5r 1901 tecknade hon en ny brandf\u00f6rs\u00e4kring, eftersom v\u00e4rdet p\u00e5 byggnaderna hade \u00e4ndrats.<\/p>\n<p>Hon uppgav d\u00e5 att tomten var 1597 m\u00b2 stor och att det p\u00e5 tomten fanns en brunn, som kunde anv\u00e4ndas vid en eventuell eldsv\u00e5da. N\u00f6dv\u00e4ndiga brandredskap fanns ocks\u00e5 p\u00e5 tomten och dessa var m\u00e4rkta med tomtens nummer.<\/p>\n<h5><strong>Byggnad nr 1:<\/strong><\/h5>\n<p>Ett boningshus av timmer i gott skick, uppf\u00f6rt \u00e5r 1862, br\u00e4dfodrat och m\u00e5lat och det hade asfaltfilt p\u00e5 taket. Huset var 17,81 m l\u00e5ngt och 7,13 m brett och d\u00e4r fanns sju rum.<\/p>\n<p>Byggnaden med dess v\u00e4lvda stenk\u00e4llare f\u00f6rs\u00e4krades f\u00f6r 8\u00a0500 mark.<\/p>\n<h5><strong>Byggnad nr 2:<\/strong><\/h5>\n<p>Ett boningshus av timmer, uppf\u00f6rt \u00e5r 1850, br\u00e4dfodrat och m\u00e5lat och hade ett tak av asfaltfilt. Huset var 8,61 m l\u00e5ngt och 4,45 m brett och det f\u00f6rs\u00e4krades f\u00f6r 1\u00a0000 mark.<\/p>\n<h5><strong>Byggnad nr 3:<\/strong><\/h5>\n<p>En uthusbyggnad av stock i gott skick, uppf\u00f6rd 1859, delvis br\u00e4dfodrad och m\u00e5lad med kompositionsf\u00e4rg. uthuset var 24,5 m l\u00e5ngt och 4,45 m brett och d\u00e4r fanns tv\u00e5 magasin, ett stall, avtr\u00e4de j\u00e4mte spillningskast, f\u00e4hus och foderlada.<\/p>\n<p>Uthuset f\u00f6rs\u00e4krades f\u00f6r 2\u00a0000 mark.<\/p>\n<p>F\u00f6rutom dessa tre byggnader f\u00f6rs\u00e4krades den m\u00e5lade ink\u00f6rsporten f\u00f6r 120 mark. Den var byggd av stock, str\u00e4vor och br\u00e4der och i f\u00f6rs\u00e4kringen ingick l\u00e5s och g\u00e5ngj\u00e4rn. Ett plank av stock och str\u00e4vor f\u00f6rs\u00e4krades f\u00f6r 120 mark och det var 40 m l\u00e5ngt och 1,90 m h\u00f6gt. Ett staket p\u00e5 g\u00e5rden f\u00f6rs\u00e4krades f\u00f6r 80 mark och det var 69 m l\u00e5ngt och 1,30 m h\u00f6gt.<\/p>\n<p>Hela f\u00f6rs\u00e4kringsbeloppet uppgick till 11\u00a0850 mark och den \u00e5rliga intr\u00e4desavgiften eller premien ber\u00e4knades till 91,56 mark.<\/p>\n<figure id=\"attachment_26093\" aria-describedby=\"caption-attachment-26093\" style=\"width: 820px\" class=\"wp-caption alignnone\"><img loading=\"lazy\" decoding=\"async\" class=\"size-full wp-image-26093\" src=\"https:\/\/www.kristinestadshistoria.fi\/wp-content\/uploads\/2023\/04\/Tomtkarta-1901-Olins-namn.jpg\" alt=\"\" width=\"820\" height=\"227\" srcset=\"https:\/\/www.kristinestadshistoria.fi\/wp-content\/uploads\/2023\/04\/Tomtkarta-1901-Olins-namn.jpg 820w, https:\/\/www.kristinestadshistoria.fi\/wp-content\/uploads\/2023\/04\/Tomtkarta-1901-Olins-namn-300x83.jpg 300w, https:\/\/www.kristinestadshistoria.fi\/wp-content\/uploads\/2023\/04\/Tomtkarta-1901-Olins-namn-768x213.jpg 768w\" sizes=\"auto, (max-width: 820px) 100vw, 820px\" \/><figcaption id=\"caption-attachment-26093\" class=\"wp-caption-text\">Wilhelmina Olin undertecknade f\u00f6rs\u00e4kringsbrevet i oktober 1901 med &#8221;Kaptenska&#8221;.<\/figcaption><\/figure>\n<h3><strong>Brandf\u00f6rs\u00e4kringen 1911.<\/strong><\/h3>\n<p>I december 1911 ville den nya \u00e4garen Edvard Wijkberg teckna en ny brandf\u00f6rs\u00e4kring, eftersom v\u00e4rdet p\u00e5 byggnaderna hade stigit. I huvudbyggnaden hade omfattande reparationer gjorts och uthuset nr 3 hade f\u00e5tt ett nytt tak av asfaltfilt. Hela f\u00f6rs\u00e4kringsbeloppet h\u00f6jdes fr\u00e5n 11 850 mark till 15 000 mark och de \u00e5rliga premierna ber\u00e4knades till 109 mark.<\/p>\n<figure id=\"attachment_28702\" aria-describedby=\"caption-attachment-28702\" style=\"width: 837px\" class=\"wp-caption alignnone\"><img loading=\"lazy\" decoding=\"async\" class=\"size-full wp-image-28702\" src=\"https:\/\/www.kristinestadshistoria.fi\/wp-content\/uploads\/2024\/07\/1911-planteckning-forsakring.jpg\" alt=\"\" width=\"837\" height=\"580\" srcset=\"https:\/\/www.kristinestadshistoria.fi\/wp-content\/uploads\/2024\/07\/1911-planteckning-forsakring.jpg 837w, https:\/\/www.kristinestadshistoria.fi\/wp-content\/uploads\/2024\/07\/1911-planteckning-forsakring-300x208.jpg 300w, https:\/\/www.kristinestadshistoria.fi\/wp-content\/uploads\/2024\/07\/1911-planteckning-forsakring-768x532.jpg 768w\" sizes=\"auto, (max-width: 837px) 100vw, 837px\" \/><figcaption id=\"caption-attachment-28702\" class=\"wp-caption-text\">D\u00e5 Edvard Wijkberg i december 1911 tecknade en ny brandf\u00f6rs\u00e4kring, s\u00e5 bifogade han denna planteckning, som visar byggnadernas placering p\u00e5 tomten. Tr\u00e4dg\u00e5rden \u00e4r m\u00e4rkt med gr\u00f6n f\u00e4rg om den omg\u00e4rdades av ett 1,2 meter h\u00f6gt staket av m\u00e5lade ribbor. Ink\u00f6rsporten fanns s\u00f6der om byggnaden och framf\u00f6r verandan fanns en brunn.<\/figcaption><\/figure>\n<p>&nbsp;<\/p>\n<p>&nbsp;<\/p>\n","protected":false},"excerpt":{"rendered":"<p>Sammanst\u00e4llt av Lasse Backlund. Uppgifterna \u00e4r tagna ur f\u00f6rs\u00e4kringsbrev, som finns p\u00e5 Riksarkivet. \u00c5r 1832 bildades \u201dAllm\u00e4nna Brandstodsbolaget i Finland\u201d i Helsingfors och \u00e5r 1862, anh\u00f6ll fiskare\u00e4nkan Karolina \u00c5kervall att byggnaderna p\u00e5 tomt nr 112 skulle brandf\u00f6rs\u00e4kras. F\u00f6rs\u00e4kringsans\u00f6kan skulle g\u00f6ras <a class=\"more-link\" href=\"https:\/\/www.kristinestadshistoria.fi\/?page_id=25615\">Forts\u00e4tt l\u00e4sa <span class=\"screen-reader-text\">  Den f\u00f6rs\u00e4krade g\u00e5rden p\u00e5 tomt nr 112<\/span><span class=\"meta-nav\">&rarr;<\/span><\/a><\/p>\n","protected":false},"author":1,"featured_media":0,"parent":24307,"menu_order":10,"comment_status":"closed","ping_status":"closed","template":"","meta":{"footnotes":""},"class_list":["post-25615","page","type-page","status-publish","hentry"],"_links":{"self":[{"href":"https:\/\/www.kristinestadshistoria.fi\/index.php?rest_route=\/wp\/v2\/pages\/25615","targetHints":{"allow":["GET"]}}],"collection":[{"href":"https:\/\/www.kristinestadshistoria.fi\/index.php?rest_route=\/wp\/v2\/pages"}],"about":[{"href":"https:\/\/www.kristinestadshistoria.fi\/index.php?rest_route=\/wp\/v2\/types\/page"}],"author":[{"embeddable":true,"href":"https:\/\/www.kristinestadshistoria.fi\/index.php?rest_route=\/wp\/v2\/users\/1"}],"replies":[{"embeddable":true,"href":"https:\/\/www.kristinestadshistoria.fi\/index.php?rest_route=%2Fwp%2Fv2%2Fcomments&post=25615"}],"version-history":[{"count":7,"href":"https:\/\/www.kristinestadshistoria.fi\/index.php?rest_route=\/wp\/v2\/pages\/25615\/revisions"}],"predecessor-version":[{"id":28703,"href":"https:\/\/www.kristinestadshistoria.fi\/index.php?rest_route=\/wp\/v2\/pages\/25615\/revisions\/28703"}],"up":[{"embeddable":true,"href":"https:\/\/www.kristinestadshistoria.fi\/index.php?rest_route=\/wp\/v2\/pages\/24307"}],"wp:attachment":[{"href":"https:\/\/www.kristinestadshistoria.fi\/index.php?rest_route=%2Fwp%2Fv2%2Fmedia&parent=25615"}],"curies":[{"name":"wp","href":"https:\/\/api.w.org\/{rel}","templated":true}]}}