{"id":25581,"date":"2023-03-17T19:01:16","date_gmt":"2023-03-17T17:01:16","guid":{"rendered":"https:\/\/www.kristinestadshistoria.fi\/?page_id=25581"},"modified":"2023-03-17T20:39:42","modified_gmt":"2023-03-17T18:39:42","slug":"den-forsakrade-garden-pa-tomt-nr-39","status":"publish","type":"page","link":"https:\/\/www.kristinestadshistoria.fi\/?page_id=25581","title":{"rendered":"Den f\u00f6rs\u00e4krade g\u00e5rden p\u00e5 tomt nr 39"},"content":{"rendered":"<p><span style=\"color: #000080;\"><strong>Sammanst\u00e4llt av Lasse Backlund. Uppgifterna \u00e4r tagna ur brandf\u00f6rs\u00e4kringsbreven, som finns p\u00e5 Riksarkivet.<\/strong><\/span><\/p>\n<p>\u00c5r 1832 bildades \u201dAllm\u00e4nna Brandstodsbolaget i Finland\u201d i Helsingfors och \u00e5r 1862, anh\u00f6ll sj\u00f6mannen Johan Blomqvist att byggnaderna p\u00e5 den norra delen av sammanslagna tomterna 39 och 40 skulle brandf\u00f6rs\u00e4kras. F\u00f6rs\u00e4kringsans\u00f6kan skulle g\u00f6ras till bolaget i Helsingfors och Blomqvist uppgav d\u00e5 att p\u00e5 hans tomthalva fanns 2 brandstegar, 2 brandhakar, 2 handsprutor, 2 svablar och 2 brand\u00e4mbare. P\u00e5 g\u00e5rdsplanen fanns det ingen brunn.<\/p>\n<p>Blomqvist uppgav att tomten \u00e4r 1 291 kvadratalnar i areal vidd (en aln \u00e4r ca 60 cm). Norra sidan, som var 44 \u00bd alnar l\u00e5ng st\u00f6ter till Lillgr\u00e4nden, i \u00f6ster var sidan 29 alnar och den gr\u00e4nsade till \u00d6stra L\u00e5nggatan. Den v\u00e4stra sidan var 28 alnar l\u00e5ng och den gr\u00e4nsade till tomt nr 48. \u00a0I s\u00f6der gr\u00e4nsade tomten till den andra halvan av samma tomt.<\/p>\n<figure id=\"attachment_25588\" aria-describedby=\"caption-attachment-25588\" style=\"width: 986px\" class=\"wp-caption alignnone\"><img loading=\"lazy\" decoding=\"async\" class=\"size-full wp-image-25588\" src=\"https:\/\/www.kristinestadshistoria.fi\/wp-content\/uploads\/2023\/03\/Tomtkarta-1862-med-nummer.jpg\" alt=\"\" width=\"986\" height=\"682\" srcset=\"https:\/\/www.kristinestadshistoria.fi\/wp-content\/uploads\/2023\/03\/Tomtkarta-1862-med-nummer.jpg 986w, https:\/\/www.kristinestadshistoria.fi\/wp-content\/uploads\/2023\/03\/Tomtkarta-1862-med-nummer-300x208.jpg 300w, https:\/\/www.kristinestadshistoria.fi\/wp-content\/uploads\/2023\/03\/Tomtkarta-1862-med-nummer-768x531.jpg 768w\" sizes=\"auto, (max-width: 986px) 100vw, 986px\" \/><figcaption id=\"caption-attachment-25588\" class=\"wp-caption-text\">D\u00e5 sj\u00f6mannen Johan Blomqvist skulle f\u00f6rs\u00e4kra sin g\u00e5rd och uthus, s\u00e5 skulle en planteckning bifogas f\u00f6rs\u00e4kringsbrevet. Planteckningen s\u00e5g ut s\u00e5 h\u00e4r i renritad form.<\/figcaption><\/figure>\n<p>P\u00e5 tomten fanns det 2 byggnader, som skulle f\u00f6rs\u00e4kras:<\/p>\n<h5><strong>Byggnad nr 1:<\/strong><\/h5>\n<p>En tr\u00e4byggnad i en v\u00e5ning, byggd av furu- och grantimmer i gott skick \u00e5r 1853. Den \u00e4r varken br\u00e4dfodrad eller m\u00e5lad. Byggnaden har fyra rum, n\u00e4mligen en f\u00f6rstuga, en boningsstuga och tv\u00e5 kammarer. I dessa rum finns det tv\u00e5 kakelugnar och en k\u00f6ksspis med en bakugn. Byggnaden l\u00e4ngd \u00e4r 17,5 alnar (10,5 meter), f\u00f6rsedd med ett tak av br\u00e4der och har en ordentlig stenfot, som \u00e4r 1 aln h\u00f6g.<\/p>\n<p>Som brukligt var s\u00e5 f\u00f6rs\u00e4krades alla byggnadsdelar skilt f\u00f6r sig, till exempel stenfoten brandf\u00f6rs\u00e4krades f\u00f6r 20 rubel. Stommen f\u00f6rs\u00e4krades f\u00f6r 150 rubel, yttre taket f\u00f6r 25, bj\u00e4lklagen 5, golven av granplankor 20 och innertaken av furubr\u00e4der f\u00f6r 15 rubel. 6 st\u00f6rre f\u00f6nster v\u00e4rderades till 30 rubel tillsammans. Tre innerd\u00f6rrar var v\u00e4rda 15 och en f\u00f6rstugud\u00f6rr f\u00f6r 5. Tv\u00e5 kakelugnar var v\u00e4rda 20 rubel tillsammans, k\u00f6ksspisen 25 och tv\u00e5 skorstenspipor var v\u00e4rda 20 rubel.<\/p>\n<p>Hela huvudbyggnaden f\u00f6rs\u00e4krades f\u00f6r 360 rubel.<\/p>\n<h5><strong>Byggnad nr 2:<\/strong><\/h5>\n<p>En uthusbyggnad uppf\u00f6rd av grantimmer \u00e5r 1854, som var varken br\u00e4dfodrad eller m\u00e5lad. D\u00e4r fanns en foderlada, ett f\u00e4hus med en f\u00f6rstuga, ett spillningslider och ett vedlider och det var 27 alnar l\u00e5ngt. Uthuset hade ett tak av br\u00e4der och en stenfot som var en halv aln h\u00f6g.<\/p>\n<p>Uthuset f\u00f6rs\u00e4krades f\u00f6r 100 rubel.<\/p>\n<p>F\u00f6rutom dessa byggnader f\u00f6rs\u00e4krades ink\u00f6rsporten och planket f\u00f6r 10 rubel tillsammans.<\/p>\n<p>Alltsamman f\u00f6rs\u00e4krades f\u00f6r 470 rubel och den \u00e5rliga f\u00f6rs\u00e4kringspremien, eller intr\u00e4desavgiften, som den kallades utr\u00e4knades till 12 rubel och 88 kopek. Denna premie skulle betalas varje \u00e5r i fem \u00e5rs tid och d\u00e5 skulle byggnaderna granskas och premien justeras.<\/p>\n<p><strong>\u00c5r 1867, i juni<\/strong> gjordes den f\u00f6rsta granskningen av handlande Lind och glasm\u00e4stare Eklund. Byggnaderna var i gott skick och brandredskapen fanns i g\u00e5rden.<\/p>\n<p><strong>\u00c5r 1872, i november<\/strong> granskades byggnaderna igen, denna g\u00e5ng av f\u00e4rgarem\u00e4staren Emil \u00c5kerberg och svarvarem\u00e4staren Salin. Ocks\u00e5 denna g\u00e5ng var allt i skick.<\/p>\n<p>Granskningarna fortsatte vart femte \u00e5r och inga \u00e4ndringar hade gjorts i byggnaderna under hela 1800-talet.<\/p>\n<figure id=\"attachment_25589\" aria-describedby=\"caption-attachment-25589\" style=\"width: 720px\" class=\"wp-caption alignnone\"><img loading=\"lazy\" decoding=\"async\" class=\"size-full wp-image-25589\" src=\"https:\/\/www.kristinestadshistoria.fi\/wp-content\/uploads\/2023\/03\/Tomtkarta-1862-original.jpg\" alt=\"\" width=\"720\" height=\"626\" srcset=\"https:\/\/www.kristinestadshistoria.fi\/wp-content\/uploads\/2023\/03\/Tomtkarta-1862-original.jpg 720w, https:\/\/www.kristinestadshistoria.fi\/wp-content\/uploads\/2023\/03\/Tomtkarta-1862-original-300x261.jpg 300w\" sizes=\"auto, (max-width: 720px) 100vw, 720px\" \/><figcaption id=\"caption-attachment-25589\" class=\"wp-caption-text\">S\u00e5 h\u00e4r s\u00e5g planteckningen ut som bifogades brandf\u00f6rs\u00e4kringen \u00e5r 1862. Johan Blomqvists namnteckning \u00e4r inf\u00e4lld i h\u00f6gra h\u00f6rnet.<\/figcaption><\/figure>\n","protected":false},"excerpt":{"rendered":"<p>Sammanst\u00e4llt av Lasse Backlund. Uppgifterna \u00e4r tagna ur brandf\u00f6rs\u00e4kringsbreven, som finns p\u00e5 Riksarkivet. \u00c5r 1832 bildades \u201dAllm\u00e4nna Brandstodsbolaget i Finland\u201d i Helsingfors och \u00e5r 1862, anh\u00f6ll sj\u00f6mannen Johan Blomqvist att byggnaderna p\u00e5 den norra delen av sammanslagna tomterna 39 och <a class=\"more-link\" href=\"https:\/\/www.kristinestadshistoria.fi\/?page_id=25581\">Forts\u00e4tt l\u00e4sa <span class=\"screen-reader-text\">  Den f\u00f6rs\u00e4krade g\u00e5rden p\u00e5 tomt nr 39<\/span><span class=\"meta-nav\">&rarr;<\/span><\/a><\/p>\n","protected":false},"author":1,"featured_media":0,"parent":23763,"menu_order":10,"comment_status":"closed","ping_status":"closed","template":"","meta":{"footnotes":""},"class_list":["post-25581","page","type-page","status-publish","hentry"],"_links":{"self":[{"href":"https:\/\/www.kristinestadshistoria.fi\/index.php?rest_route=\/wp\/v2\/pages\/25581","targetHints":{"allow":["GET"]}}],"collection":[{"href":"https:\/\/www.kristinestadshistoria.fi\/index.php?rest_route=\/wp\/v2\/pages"}],"about":[{"href":"https:\/\/www.kristinestadshistoria.fi\/index.php?rest_route=\/wp\/v2\/types\/page"}],"author":[{"embeddable":true,"href":"https:\/\/www.kristinestadshistoria.fi\/index.php?rest_route=\/wp\/v2\/users\/1"}],"replies":[{"embeddable":true,"href":"https:\/\/www.kristinestadshistoria.fi\/index.php?rest_route=%2Fwp%2Fv2%2Fcomments&post=25581"}],"version-history":[{"count":4,"href":"https:\/\/www.kristinestadshistoria.fi\/index.php?rest_route=\/wp\/v2\/pages\/25581\/revisions"}],"predecessor-version":[{"id":25590,"href":"https:\/\/www.kristinestadshistoria.fi\/index.php?rest_route=\/wp\/v2\/pages\/25581\/revisions\/25590"}],"up":[{"embeddable":true,"href":"https:\/\/www.kristinestadshistoria.fi\/index.php?rest_route=\/wp\/v2\/pages\/23763"}],"wp:attachment":[{"href":"https:\/\/www.kristinestadshistoria.fi\/index.php?rest_route=%2Fwp%2Fv2%2Fmedia&parent=25581"}],"curies":[{"name":"wp","href":"https:\/\/api.w.org\/{rel}","templated":true}]}}