{"id":25547,"date":"2023-03-15T22:02:23","date_gmt":"2023-03-15T20:02:23","guid":{"rendered":"https:\/\/www.kristinestadshistoria.fi\/?page_id=25547"},"modified":"2024-09-26T22:59:03","modified_gmt":"2024-09-26T19:59:03","slug":"den-forsakrade-garden-pa-tomt-nr-47","status":"publish","type":"page","link":"https:\/\/www.kristinestadshistoria.fi\/?page_id=25547","title":{"rendered":"Den f\u00f6rs\u00e4krade g\u00e5rden p\u00e5 tomt nr 47"},"content":{"rendered":"<p><span style=\"color: #000080;\"><strong>Sammanst\u00e4llt av Lasse Backlund. Uppgifterna \u00e4r tagna ur gamla f\u00f6rs\u00e4kringsbrev, som finns p\u00e5 Riksarkivet.<\/strong><\/span><\/p>\n<p>\u00c5r 1832 bildades \u201dAllm\u00e4nna Brandstodsbolaget i Finland\u201d i Helsingfors och \u00e5r 1860, i december anh\u00f6ll skeppare\u00e4nkan Maria H\u00e4ggblad att byggnaderna p\u00e5 hennes tomt nr 47 skulle brandf\u00f6rs\u00e4kras. F\u00f6rs\u00e4kringsans\u00f6kan skulle g\u00f6ras till bolaget i Helsingfors och Maria uppgav d\u00e5 att p\u00e5 hennes tomt fanns 3 brandstegar, 2 brandhakar, 2 handsprutor, 2 svablar och 2 brand\u00e4mbare.<\/p>\n<p>Maria H\u00e4ggblad uppgav att tomten \u00e4r 1 708 kvadratalnar i areal vidd. I norra \u00e4ndan gr\u00e4nsar tomten till tomten 48, i \u00f6ster var sidan 35 alnar och den gr\u00e4nsade till tomt nr 41. Den v\u00e4stra sidan var 34 \u00bd alnar l\u00e5ng och den gr\u00e4nsade till V\u00e4stra L\u00e5nggatan. I s\u00f6der gr\u00e4nsade tomten till tomt nr 42 och den var 49 \u00bd alnar l\u00e5ng.<\/p>\n<figure id=\"attachment_25550\" aria-describedby=\"caption-attachment-25550\" style=\"width: 1020px\" class=\"wp-caption alignnone\"><img loading=\"lazy\" decoding=\"async\" class=\"size-full wp-image-25550\" src=\"https:\/\/www.kristinestadshistoria.fi\/wp-content\/uploads\/2023\/03\/Tomtkarta-1861.jpg\" alt=\"\" width=\"1020\" height=\"652\" srcset=\"https:\/\/www.kristinestadshistoria.fi\/wp-content\/uploads\/2023\/03\/Tomtkarta-1861.jpg 1020w, https:\/\/www.kristinestadshistoria.fi\/wp-content\/uploads\/2023\/03\/Tomtkarta-1861-300x192.jpg 300w, https:\/\/www.kristinestadshistoria.fi\/wp-content\/uploads\/2023\/03\/Tomtkarta-1861-768x491.jpg 768w\" sizes=\"auto, (max-width: 1020px) 100vw, 1020px\" \/><figcaption id=\"caption-attachment-25550\" class=\"wp-caption-text\">D\u00e5 skeppare\u00e4nkan Maria H\u00e4ggblad \u00e5r 1860 skulle f\u00f6rs\u00e4kra byggnaderna p\u00e5 sin tomt nr 47, s\u00e5 skulle en karta ritas och s\u00e5 h\u00e4r s\u00e5g tomten ut i renritat format.<\/figcaption><\/figure>\n<p>P\u00e5 tomten fanns det 3 byggnader, som skulle f\u00f6rs\u00e4kras:<\/p>\n<h5><strong>Byggnad nr 1:<\/strong><\/h5>\n<p>En tr\u00e4byggnad i en v\u00e5ning, byggd av nytt timmer \u00e5r 1846. Den \u00e4r rappad med murbruk och vitm\u00e5lad. Byggnaden har sex rum, n\u00e4mligen en f\u00f6rstuga, en sal, tre kamrar och ett k\u00f6k och i dessa finns det fyra kakelugnar och en k\u00f6ksspis med stekugn. Byggnaden l\u00e4ngd \u00e4r 21 alnar (12,6 meter), f\u00f6rsedd med ett tak av br\u00e4der och har en ordentlig stenfot.<\/p>\n<p>Som brukligt var s\u00e5 f\u00f6rs\u00e4krades alla byggnadsdelar skilt f\u00f6r sig, till exempel stenfoten brandf\u00f6rs\u00e4krades f\u00f6r 25 rubel. Stommen f\u00f6rs\u00e4krades f\u00f6r 260 rubel, yttre taket f\u00f6r 40, bj\u00e4lklagen 10, golven av granplankor 40 och innertaken av furubr\u00e4der f\u00f6r 35 rubel. 6 st\u00f6rre f\u00f6nster v\u00e4rderades till 30 rubel tillsammans och 8 mindre vindsf\u00f6nster till 4. Sju innerd\u00f6rrar var v\u00e4rda 35 och f\u00f6rstugud\u00f6rren 6. Alla rum hade vattenf\u00e4rgade tapeter och de f\u00f6rs\u00e4krades f\u00f6r 8 rubel.<\/p>\n<p>Hela byggnaden f\u00f6rs\u00e4krades f\u00f6r 600 rubel.<\/p>\n<h5><strong>Byggnad nr 2:<\/strong><\/h5>\n<p>En bagarstuga uppf\u00f6rd \u00e5r 1848 och den bestod av tv\u00e5 rum, n\u00e4mligen en f\u00f6rstuga och en bagarstuga d\u00e4r det fanns en bakugn. Stugan var r\u00f6dm\u00e5lad men inte br\u00e4dfodrad, dess l\u00e4ngd var 16 \u00bd alnar och hade ett tak av br\u00e4der och en \u00bd aln h\u00f6g stenfot. Bagarstugan f\u00f6rs\u00e4krades f\u00f6r 140 rubel.<\/p>\n<h5><strong>Byggnad nr 3:<\/strong><\/h5>\n<p>Ett uthus byggt \u00e5ren 1834 och 1836 av b\u00e5de timmer och korsvirke. Det var varken br\u00e4dfodrat eller m\u00e5lat, var f\u00f6rsett med ett br\u00e4dtak och hade en l\u00e5g stenfot. I uthuset fanns en matbod, ett f\u00e4hus med f\u00f6rstuga, ett spillningslider och en foderlada. Uthuset, som var 32 alnar l\u00e5ngt v\u00e4rderades till 120 rubel.<\/p>\n<p>F\u00f6rutom dessa tre byggnader f\u00f6rs\u00e4krades ink\u00f6rsporten f\u00f6r 10 rubel och planket mot gatan likas\u00e5 f\u00f6r 10 rubel.<\/p>\n<p>Alltsamman f\u00f6rs\u00e4krades f\u00f6r 880 rubel och den \u00e5rliga f\u00f6rs\u00e4kringspremien, eller intr\u00e4desavgiften som den kallades utr\u00e4knades till 7 rubel och 36 kopek. Denna premie skulle betalas varje \u00e5r i fem \u00e5rs tid och d\u00e5 skulle byggnaderna granskas och premien justeras.<\/p>\n<p>\u00c5r 1866, i november granskade handlanden E. Alf. T\u00f6tterman och kopparslagaren Johan Sj\u00f6str\u00f6m de f\u00f6rs\u00e4krade byggnaderna och de var i samma skick, som f\u00f6r 5 \u00e5r sedan. Brandredskapen granskades och de var ocks\u00e5 i skick.<\/p>\n<p>\u00c5r 1871 granskades byggnaderna av snickarm\u00e4staren Matts Their och skomakaren Hartman och allt var i skick.<\/p>\n<p>Vart femte \u00e5r fortsatte granskningarna och byggnaderna var v\u00e4l h\u00e5llna.<\/p>\n<figure id=\"attachment_25551\" aria-describedby=\"caption-attachment-25551\" style=\"width: 911px\" class=\"wp-caption alignnone\"><img loading=\"lazy\" decoding=\"async\" class=\"size-full wp-image-25551\" src=\"https:\/\/www.kristinestadshistoria.fi\/wp-content\/uploads\/2023\/03\/Tomtkarta-original-1861.jpg\" alt=\"\" width=\"911\" height=\"815\" srcset=\"https:\/\/www.kristinestadshistoria.fi\/wp-content\/uploads\/2023\/03\/Tomtkarta-original-1861.jpg 911w, https:\/\/www.kristinestadshistoria.fi\/wp-content\/uploads\/2023\/03\/Tomtkarta-original-1861-300x268.jpg 300w, https:\/\/www.kristinestadshistoria.fi\/wp-content\/uploads\/2023\/03\/Tomtkarta-original-1861-768x687.jpg 768w\" sizes=\"auto, (max-width: 911px) 100vw, 911px\" \/><figcaption id=\"caption-attachment-25551\" class=\"wp-caption-text\">S\u00e5 h\u00e4r s\u00e5g originalkartan ut, som bifogades f\u00f6rs\u00e4kringsbrevet \u00e5r 1860. Inf\u00e4llt i nedre kanten \u00e4nkan H\u00e4ggblads namnteckning.<\/figcaption><\/figure>\n<h3><strong>Brandf\u00f6rs\u00e4kringen \u00e5r 1916.<\/strong><\/h3>\n<p>\u00c5r 1913 hade g\u00e5rden \u00f6vertagit av &#8221;ty\u00f6mies Erik Herman Lindfors&#8221; och \u00e5r 1916 i mars tecknade han en ny brandf\u00f6rs\u00e4kring p\u00e5 totalt 9 150 mark och bifogade nedanst\u00e5ende planteckning till f\u00f6rs\u00e4kringsbrevet.<\/p>\n<figure id=\"attachment_29154\" aria-describedby=\"caption-attachment-29154\" style=\"width: 812px\" class=\"wp-caption alignnone\"><img loading=\"lazy\" decoding=\"async\" class=\"size-full wp-image-29154\" src=\"https:\/\/www.kristinestadshistoria.fi\/wp-content\/uploads\/2024\/09\/Tomtkarta-1916-Lindfors.jpg\" alt=\"\" width=\"812\" height=\"569\" srcset=\"https:\/\/www.kristinestadshistoria.fi\/wp-content\/uploads\/2024\/09\/Tomtkarta-1916-Lindfors.jpg 812w, https:\/\/www.kristinestadshistoria.fi\/wp-content\/uploads\/2024\/09\/Tomtkarta-1916-Lindfors-300x210.jpg 300w, https:\/\/www.kristinestadshistoria.fi\/wp-content\/uploads\/2024\/09\/Tomtkarta-1916-Lindfors-768x538.jpg 768w\" sizes=\"auto, (max-width: 812px) 100vw, 812px\" \/><figcaption id=\"caption-attachment-29154\" class=\"wp-caption-text\">\u00c5r 1916 i mars tecknade arbetaren Erik Herman Lindfors en ny brandf\u00f6rs\u00e4kring p\u00e5 totalt 9 150 mark och till f\u00f6rs\u00e4kringsbrevet bifogade han denna planteckning, som visar var byggnaderna fanns p\u00e5 tomten. Kartan \u00e4r redigerad och f\u00f6rb\u00e4ttrad.<\/figcaption><\/figure>\n","protected":false},"excerpt":{"rendered":"<p>Sammanst\u00e4llt av Lasse Backlund. Uppgifterna \u00e4r tagna ur gamla f\u00f6rs\u00e4kringsbrev, som finns p\u00e5 Riksarkivet. \u00c5r 1832 bildades \u201dAllm\u00e4nna Brandstodsbolaget i Finland\u201d i Helsingfors och \u00e5r 1860, i december anh\u00f6ll skeppare\u00e4nkan Maria H\u00e4ggblad att byggnaderna p\u00e5 hennes tomt nr 47 skulle <a class=\"more-link\" href=\"https:\/\/www.kristinestadshistoria.fi\/?page_id=25547\">Forts\u00e4tt l\u00e4sa <span class=\"screen-reader-text\">  Den f\u00f6rs\u00e4krade g\u00e5rden p\u00e5 tomt nr 47<\/span><span class=\"meta-nav\">&rarr;<\/span><\/a><\/p>\n","protected":false},"author":1,"featured_media":0,"parent":19409,"menu_order":10,"comment_status":"closed","ping_status":"closed","template":"","meta":{"footnotes":""},"class_list":["post-25547","page","type-page","status-publish","hentry"],"_links":{"self":[{"href":"https:\/\/www.kristinestadshistoria.fi\/index.php?rest_route=\/wp\/v2\/pages\/25547","targetHints":{"allow":["GET"]}}],"collection":[{"href":"https:\/\/www.kristinestadshistoria.fi\/index.php?rest_route=\/wp\/v2\/pages"}],"about":[{"href":"https:\/\/www.kristinestadshistoria.fi\/index.php?rest_route=\/wp\/v2\/types\/page"}],"author":[{"embeddable":true,"href":"https:\/\/www.kristinestadshistoria.fi\/index.php?rest_route=\/wp\/v2\/users\/1"}],"replies":[{"embeddable":true,"href":"https:\/\/www.kristinestadshistoria.fi\/index.php?rest_route=%2Fwp%2Fv2%2Fcomments&post=25547"}],"version-history":[{"count":6,"href":"https:\/\/www.kristinestadshistoria.fi\/index.php?rest_route=\/wp\/v2\/pages\/25547\/revisions"}],"predecessor-version":[{"id":29155,"href":"https:\/\/www.kristinestadshistoria.fi\/index.php?rest_route=\/wp\/v2\/pages\/25547\/revisions\/29155"}],"up":[{"embeddable":true,"href":"https:\/\/www.kristinestadshistoria.fi\/index.php?rest_route=\/wp\/v2\/pages\/19409"}],"wp:attachment":[{"href":"https:\/\/www.kristinestadshistoria.fi\/index.php?rest_route=%2Fwp%2Fv2%2Fmedia&parent=25547"}],"curies":[{"name":"wp","href":"https:\/\/api.w.org\/{rel}","templated":true}]}}