{"id":25535,"date":"2023-03-15T17:21:22","date_gmt":"2023-03-15T15:21:22","guid":{"rendered":"https:\/\/www.kristinestadshistoria.fi\/?page_id=25535"},"modified":"2023-03-15T17:55:07","modified_gmt":"2023-03-15T15:55:07","slug":"den-forsakrade-garden-pa-tomt-nr-38","status":"publish","type":"page","link":"https:\/\/www.kristinestadshistoria.fi\/?page_id=25535","title":{"rendered":"Den f\u00f6rs\u00e4krade g\u00e5rden p\u00e5 tomt nr 38"},"content":{"rendered":"<p><span style=\"color: #000080;\"><strong>Sammanst\u00e4llt av Lasse Backlund. Uppgifterna \u00e4r tagna ur gamla f\u00f6rs\u00e4kringsbrev, som finns p\u00e5 Riksarkivet.<\/strong><\/span><\/p>\n<p>\u00c5r 1832 bildades \u201dAllm\u00e4nna Brandstodsbolaget i Finland\u201d i Helsingfors och \u00e5r 1860, i juli anh\u00f6ll handlanden Josef Lind att byggnaderna p\u00e5 hans tomt nr 38 skulle brandf\u00f6rs\u00e4kras. F\u00f6rs\u00e4kringsans\u00f6kan skulle g\u00f6ras till bolaget i Helsingfors och Josef uppgav d\u00e5 att p\u00e5 hans tomt fanns det 3 brandstegar, 2 brandhakar, 2 handsprutor, 2 svablar och 2 brand\u00e4mbare.<\/p>\n<p>Josef Lind uppgav att den tomten, som ligger mitt mellan b\u00e5da l\u00e5nggatorna var 2 919 kvadratalnar i areal vidd. I norra \u00e4ndan gr\u00e4nsar tomten till tomterna 49 och 37, i \u00f6ster var sidan 38 alnar och den gr\u00e4nsade till \u00d6stra L\u00e5nggatan. Den v\u00e4stra sidan var 38 alnar l\u00e5ng och den gr\u00e4nsade till V\u00e4stra L\u00e5nggatan. I s\u00f6der gr\u00e4nsade tomten till \u201dden forna, men \u00e4nnu begagnade Lillgr\u00e4nden\u201d, som uppgavs vara 5 \u00bd alnar bred, allts\u00e5 3, 30 meter.<\/p>\n<figure id=\"attachment_25540\" aria-describedby=\"caption-attachment-25540\" style=\"width: 1415px\" class=\"wp-caption alignnone\"><img loading=\"lazy\" decoding=\"async\" class=\"size-full wp-image-25540\" src=\"https:\/\/www.kristinestadshistoria.fi\/wp-content\/uploads\/2023\/03\/Tomtkarta-1860.jpg\" alt=\"\" width=\"1415\" height=\"639\" srcset=\"https:\/\/www.kristinestadshistoria.fi\/wp-content\/uploads\/2023\/03\/Tomtkarta-1860.jpg 1415w, https:\/\/www.kristinestadshistoria.fi\/wp-content\/uploads\/2023\/03\/Tomtkarta-1860-300x135.jpg 300w, https:\/\/www.kristinestadshistoria.fi\/wp-content\/uploads\/2023\/03\/Tomtkarta-1860-1024x462.jpg 1024w, https:\/\/www.kristinestadshistoria.fi\/wp-content\/uploads\/2023\/03\/Tomtkarta-1860-768x347.jpg 768w\" sizes=\"auto, (max-width: 1415px) 100vw, 1415px\" \/><figcaption id=\"caption-attachment-25540\" class=\"wp-caption-text\">D\u00e5 Josef Lind \u00e5r 1860 f\u00f6rs\u00e4krade byggnaderna, s\u00e5 l\u00e4mnades bostadshuset vid V\u00e4stra L\u00e5nggatan bort men de andra byggnaderna togs med.<\/figcaption><\/figure>\n<p>P\u00e5 tomten fanns det 5 byggnader men av n\u00e5gon anledning, s\u00e5 l\u00e4mnades det mindre bostadshuset vid V\u00e4stra L\u00e5nggatan bort, medan dessa togs med:<\/p>\n<h5><strong>Byggnad nr 1:<\/strong><\/h5>\n<p>En tr\u00e4byggnad, byggd av furu- och grantimmer \u00e5r 1812 och 1830, br\u00e4dfodrad och m\u00e5lat med m\u00f6rkr\u00f6d vattenf\u00e4rg. I g\u00e5rden finns 9 rum, n\u00e4mligen 2 f\u00f6rstugor, ett k\u00f6k, en sal, fem kamrar och i dessa fanns det totalt 6 kakelugnar, i k\u00f6ket en spis med bakugn. Huset l\u00e4ngd \u00e4r 38 alnar, under ett kakeltal och har en h\u00f6g stenfot.<\/p>\n<p>Som brukligt var s\u00e5 f\u00f6rs\u00e4krades alla byggnadsdelar skilt f\u00f6r sig och till exempel stenfoten brandf\u00f6rs\u00e4krades till 18 rubel silver.<\/p>\n<p>Yttre taket av kakel v\u00e4rderades till 150 rubel, golven av granplankor till 50, innertaken av furubr\u00e4der till 50 och trapporna till 3 rubel. I g\u00e5rden fanns det 11 f\u00f6nster, som var 2 \u00bd alnar h\u00f6ga och deras v\u00e4rde var 30 rubel tillsammans och ett vindsf\u00f6nster i s\u00f6dra gaveln 1 rubel. D\u00e4r inne fanns det 9 halvfranska d\u00f6rrar, f\u00f6r 30 rubel totalt.<\/p>\n<p>Kakelugnarna hade ett v\u00e4rde om 10 rubel per styck, k\u00f6ksspisen kostade 35, skorstenarna 5 rubel per styck och det fanns tre stycken. Tv\u00e5 rum hade franska tapeter och tre hade vattenf\u00e4rgade tapeter.<\/p>\n<p>Hela byggnaden f\u00f6rs\u00e4krades f\u00f6r 840 rubel.<\/p>\n<h5><strong>Byggnad nr 2:<\/strong><\/h5>\n<p>En tr\u00e4byggnad i en v\u00e5ning, byggd av grantimmer \u00e5r 1845 och blev br\u00e4dfodrad f\u00f6ljande \u00e5r och m\u00e5lades d\u00e5 med r\u00f6d vattenf\u00e4rg. I byggnaden fanns tv\u00e5 magasin, tv\u00e5 lider, en foderlada, ett stall, ett f\u00e4hus och ett spillningslider. Det var 56 \u00bd alnar l\u00e5ngt, hade ett kakeltal och hade en riktig stenfot. Uthuset f\u00f6rs\u00e4krades f\u00f6r 450 rubel.<\/p>\n<h5><strong>Byggnad nr 3:<\/strong><\/h5>\n<p>En byggnad uppf\u00f6rd \u00e5r 1835 av grantimmer i en v\u00e5ning. En del var br\u00e4dfodrad men hela huset var r\u00f6dm\u00e5lat. D\u00e4r fanns en f\u00f6rstuga, tv\u00e5 kamrar och ett k\u00f6k och i byggnaden fanns det tv\u00e5 kakelugnar och en spis.<\/p>\n<p>Byggnaden f\u00f6rs\u00e4krades f\u00f6r 330 rubel.<\/p>\n<h5><strong>Byggnad nr 4:<\/strong><\/h5>\n<p>En byggnad i tv\u00e5 v\u00e5ningar uppf\u00f6rd \u00e5r 1823 och d\u00e4r fanns ett magasin och en vind. Ocks\u00e5 denna byggnad hade ett tak av kakel och hade delvis en stenfot men stod annars p\u00e5 stockar.<\/p>\n<p>Det h\u00e4r h\u00e4rbret eller magasinet f\u00f6rs\u00e4krades f\u00f6r 70 rubel.<\/p>\n<p>F\u00f6rutom dessa byggnader, s\u00e5 f\u00f6rs\u00e4krades de b\u00e5da ink\u00f6rsportarna f\u00f6r 10 rubel och staketet runt tr\u00e4dg\u00e5rden f\u00f6r 10.<\/p>\n<p>Totala f\u00f6rs\u00e4kringsbeloppet blev 1\u00a0700 rubel. Den \u00e5rliga premien f\u00f6r de f\u00f6rsta fem \u00e5ren blev utr\u00e4knat till 13 rubel och 49 kopek. Vart femte \u00e5r skulle f\u00f6rs\u00e4kringarna granskas och d\u00e5 justerades ocks\u00e5 premien men den g\u00e4llde allts\u00e5 5 \u00e5r i g\u00e5ngen.<\/p>\n<p>Boningshuset vid V\u00e4stra L\u00e5nggatan l\u00e4mnades of\u00f6rs\u00e4krat och det \u00e4r oklart n\u00e4r det byggdes.<\/p>\n<figure id=\"attachment_25537\" aria-describedby=\"caption-attachment-25537\" style=\"width: 1144px\" class=\"wp-caption alignnone\"><img loading=\"lazy\" decoding=\"async\" class=\"size-full wp-image-25537\" src=\"https:\/\/www.kristinestadshistoria.fi\/wp-content\/uploads\/2023\/03\/Tomtkarta-1860-original.jpg\" alt=\"\" width=\"1144\" height=\"914\" srcset=\"https:\/\/www.kristinestadshistoria.fi\/wp-content\/uploads\/2023\/03\/Tomtkarta-1860-original.jpg 1144w, https:\/\/www.kristinestadshistoria.fi\/wp-content\/uploads\/2023\/03\/Tomtkarta-1860-original-300x240.jpg 300w, https:\/\/www.kristinestadshistoria.fi\/wp-content\/uploads\/2023\/03\/Tomtkarta-1860-original-1024x818.jpg 1024w, https:\/\/www.kristinestadshistoria.fi\/wp-content\/uploads\/2023\/03\/Tomtkarta-1860-original-768x614.jpg 768w\" sizes=\"auto, (max-width: 1144px) 100vw, 1144px\" \/><figcaption id=\"caption-attachment-25537\" class=\"wp-caption-text\">D\u00e5 handlanden Josef Lind \u00e5r 1860 tecknade en brandf\u00f6rs\u00e4kring, s\u00e5 bifogade han denna karta till f\u00f6rs\u00e4kringsbrevet. Inf\u00e4llt i v\u00e4nstra h\u00f6rnet hans underskrift.<\/figcaption><\/figure>\n","protected":false},"excerpt":{"rendered":"<p>Sammanst\u00e4llt av Lasse Backlund. Uppgifterna \u00e4r tagna ur gamla f\u00f6rs\u00e4kringsbrev, som finns p\u00e5 Riksarkivet. \u00c5r 1832 bildades \u201dAllm\u00e4nna Brandstodsbolaget i Finland\u201d i Helsingfors och \u00e5r 1860, i juli anh\u00f6ll handlanden Josef Lind att byggnaderna p\u00e5 hans tomt nr 38 skulle <a class=\"more-link\" href=\"https:\/\/www.kristinestadshistoria.fi\/?page_id=25535\">Forts\u00e4tt l\u00e4sa <span class=\"screen-reader-text\">  Den f\u00f6rs\u00e4krade g\u00e5rden p\u00e5 tomt nr 38<\/span><span class=\"meta-nav\">&rarr;<\/span><\/a><\/p>\n","protected":false},"author":1,"featured_media":0,"parent":18863,"menu_order":10,"comment_status":"closed","ping_status":"closed","template":"","meta":{"footnotes":""},"class_list":["post-25535","page","type-page","status-publish","hentry"],"_links":{"self":[{"href":"https:\/\/www.kristinestadshistoria.fi\/index.php?rest_route=\/wp\/v2\/pages\/25535","targetHints":{"allow":["GET"]}}],"collection":[{"href":"https:\/\/www.kristinestadshistoria.fi\/index.php?rest_route=\/wp\/v2\/pages"}],"about":[{"href":"https:\/\/www.kristinestadshistoria.fi\/index.php?rest_route=\/wp\/v2\/types\/page"}],"author":[{"embeddable":true,"href":"https:\/\/www.kristinestadshistoria.fi\/index.php?rest_route=\/wp\/v2\/users\/1"}],"replies":[{"embeddable":true,"href":"https:\/\/www.kristinestadshistoria.fi\/index.php?rest_route=%2Fwp%2Fv2%2Fcomments&post=25535"}],"version-history":[{"count":3,"href":"https:\/\/www.kristinestadshistoria.fi\/index.php?rest_route=\/wp\/v2\/pages\/25535\/revisions"}],"predecessor-version":[{"id":25541,"href":"https:\/\/www.kristinestadshistoria.fi\/index.php?rest_route=\/wp\/v2\/pages\/25535\/revisions\/25541"}],"up":[{"embeddable":true,"href":"https:\/\/www.kristinestadshistoria.fi\/index.php?rest_route=\/wp\/v2\/pages\/18863"}],"wp:attachment":[{"href":"https:\/\/www.kristinestadshistoria.fi\/index.php?rest_route=%2Fwp%2Fv2%2Fmedia&parent=25535"}],"curies":[{"name":"wp","href":"https:\/\/api.w.org\/{rel}","templated":true}]}}