{"id":25517,"date":"2023-03-13T18:14:26","date_gmt":"2023-03-13T16:14:26","guid":{"rendered":"https:\/\/www.kristinestadshistoria.fi\/?page_id=25517"},"modified":"2025-01-05T01:01:38","modified_gmt":"2025-01-04T23:01:38","slug":"det-forsakrade-nya-radhuset","status":"publish","type":"page","link":"https:\/\/www.kristinestadshistoria.fi\/?page_id=25517","title":{"rendered":"Det f\u00f6rs\u00e4krade nya r\u00e5dhuset"},"content":{"rendered":"<p><span style=\"color: #000080;\"><b>Sammanst\u00e4llt av Lasse Backlund. Uppgifterna \u00e4r tagna ur brandf\u00f6rs\u00e4kringsbreven, som finns p\u00e5 Riksarkivet.<\/b><\/span><\/p>\n<p>\u00c5r 1832 bildades \u201dAllm\u00e4nna Brandstodsbolaget i Finland\u201d i Helsingfors och \u00e5r 1857, i maj anh\u00f6ll staden Kristinestad att deras nya r\u00e5dhus skulle brandf\u00f6rs\u00e4kras. F\u00f6rs\u00e4kringsans\u00f6kan skulle g\u00f6ras till bolaget i Helsingfors och staden uppgav d\u00e5 att p\u00e5 r\u00e5dhustomten fanns en mindre brandspruta, \u00a02 brandhakar, 4 handsprutor, 4 svablar och 6 brand\u00e4mbare.<\/p>\n<p>Man uppgav att den nya r\u00e5dhustomten, som ligger mitt emellan kvarteren 2 och 3 var 4 803 kvadratalnar i areal vidd. I norra och s\u00f6dra \u00e4ndan var sidan 49 alnar l\u00e5ng, i \u00f6ster var sidan 98 alnar och den gr\u00e4nsade till det Nya R\u00e5dhustorget. Den v\u00e4stra sidan var 98 alnar l\u00e5ng och bakom den l\u00e5g Kyrkoberget.<\/p>\n<p>P\u00e5 den nya tomten hade staden byggt ett nytt r\u00e5dhus, som nu skulle f\u00f6rs\u00e4kras.<\/p>\n<figure id=\"attachment_25519\" aria-describedby=\"caption-attachment-25519\" style=\"width: 564px\" class=\"wp-caption alignnone\"><img loading=\"lazy\" decoding=\"async\" class=\"size-full wp-image-25519\" src=\"https:\/\/www.kristinestadshistoria.fi\/wp-content\/uploads\/2023\/03\/Tomtkarta-1856-med-farger.jpg\" alt=\"\" width=\"564\" height=\"856\" srcset=\"https:\/\/www.kristinestadshistoria.fi\/wp-content\/uploads\/2023\/03\/Tomtkarta-1856-med-farger.jpg 564w, https:\/\/www.kristinestadshistoria.fi\/wp-content\/uploads\/2023\/03\/Tomtkarta-1856-med-farger-198x300.jpg 198w\" sizes=\"auto, (max-width: 564px) 100vw, 564px\" \/><figcaption id=\"caption-attachment-25519\" class=\"wp-caption-text\">I f\u00f6rs\u00e4kringsbrevet fr\u00e5n 1856, s\u00e5 finns denna planteckning med. Bakom r\u00e5dhuset finns Kyrkoberget och framf\u00f6r har anlagts det &#8221;Nya R\u00e5dhus Torget&#8221; och en park med lummiga l\u00f6vtr\u00e4d, halva l\u00e4ngden av vad parken \u00e4r i dag. Mitt i R\u00e5dhusparken finns en allm\u00e4n pumpbrunn men p\u00e5 det nya torget, norr om r\u00e5dhuset fanns det en egen brunn med rikligt vatten. Runt hela r\u00e5dhustomten finns inritat en h\u00f6g mur av slipad granit och i den finns det tre utg\u00e5ngar.<\/figcaption><\/figure>\n<h5><strong>S\u00e5 h\u00e4r beskrevs det nya r\u00e5dhuset i ans\u00f6kningen:<\/strong><\/h5>\n<p>En stenbyggnad av tegel, med torn f\u00f6r slagur, tornv\u00e4ktare och brandsignaler, i gott st\u00e5nd och propert utseende, uppf\u00f6rt i Toscansk och Corinthisk arkitektur med fronten, pilaster och kapit\u00e4ler, samt listverk med mera, \u00e5r 1853.<\/p>\n<p>Byggt av nytt, gott och v\u00e4lbr\u00e4nt tegel och kalkbruk, rappat in- och utv\u00e4ndigt. Tornet \u00e4r uppf\u00f6rt samma \u00e5r av korsvirke och br\u00e4der, helt och h\u00e5llet med j\u00e4rnpl\u00e5tar utv\u00e4ndigt bekl\u00e4tt. Det \u00e4r m\u00e5lat med zinkvit oljef\u00e4rg och har en balustrad kring hela tornet, m\u00e5lat med svart oljef\u00e4rg och f\u00f6rsedd med fyra utg\u00e5ngar till byggnadens vattentak.<\/p>\n<p>P\u00e5 byggnadens \u00f6stra fasad \u00e4r en balkong byggd med utg\u00e5ng fr\u00e5n \u00f6versta v\u00e5ningens stora r\u00e5dsal. Balkongen vilar p\u00e5 sju gjutna j\u00e4rnvasor och 4 konsoler och dess golv \u00e4r p\u00e5 \u00f6versidan bekl\u00e4tt med svart oljem\u00e5lade j\u00e4rnpl\u00e5tar, samt gipsat p\u00e5 undersidan. Den \u00e4r f\u00f6rsedd med br\u00f6stv\u00e4rn eller gallerverk av gjutj\u00e4rn, som ocks\u00e5 \u00e4r m\u00e5lade med svart oljef\u00e4rg.<\/p>\n<h6><strong>Byggnaden inneh\u00e5ller f\u00f6ljande rum:<\/strong><\/h6>\n<p><strong>I jordv\u00e5ningen<\/strong> finns 5 rum, n\u00e4mligen ett spruthus d\u00e4r stadens sprutor och brandredskap f\u00f6rvaras, ett boningsrum och ett k\u00f6k samt tv\u00e5 v\u00e4lvda k\u00e4llarutrymmen. I denna v\u00e5ning finns det en k\u00f6ksspis med bakugn och 2 kakelugnar av tegel.<\/p>\n<p>I nedre v\u00e5ningen finns paradf\u00f6rstugan, tv\u00e5 v\u00e4lvda korridorer, tre arrester, en g\u00e4ldstuga, tv\u00e5 boningsrum, ett depositionsrum, en auktionskammare, tv\u00e5 skrubbar och en v\u00e4lvd nedg\u00e5ng med stentrappa, som leder till k\u00f6ket och boningsrummet i jordv\u00e5ningen. I nedre v\u00e5ningen finns det totalt 11 kakelugnar av tegel.<\/p>\n<p>I den \u00f6vre v\u00e5ningen finns det 8 rum, n\u00e4mligen en v\u00e4lvd f\u00f6rstuga, tv\u00e5 tamburer, en st\u00f6rre r\u00e5dsal, ett sessionsrum, ett expeditionsrum, ett f\u00f6rmak och ett arkiv. P\u00e5 denna v\u00e5ning finns det totalt 8 kakelugnar av vita glaserade kakel. Fr\u00e5n den sistn\u00e4mnda f\u00f6rstugan g\u00e5r en v\u00e4lvd stentrappa upp till vinden. Vinden \u00e4r tillsluten med svart oljem\u00e5lad stark j\u00e4rnd\u00f6rr, den \u00e4r f\u00f6rsedd med brandtak av dubbla lag tegel i kalkbruk.<\/p>\n<p>R\u00e5dhusets h\u00f6jd fr\u00e5n jordytan till takkammen \u00e4r 23 \u00be alnar och slagurtornets h\u00f6jd \u00f6ver takkammen 20 alnar. Huset l\u00e4ngd \u00e4r 50 alnar och bredden \u00e4r 25 alnar. Byggnaden har j\u00e4rnpl\u00e5ttak med svart oljef\u00e4rg och f\u00f6rsett med tv\u00e5 brandluckor av j\u00e4rn.<\/p>\n<p>R\u00e5dhuset st\u00e5r p\u00e5 en i medeltal 2 \u00be alnar h\u00f6g stenfot av fin, huggen granit. Slagurtornets vattentak \u00e4r i kupolform av j\u00e4rnpl\u00e5tar och struket med marinbl\u00e5 oljef\u00e4rg och \u00e4r f\u00f6rsedd med tv\u00e5 brandluckor av j\u00e4rn.<\/p>\n<h5><strong>F\u00f6rs\u00e4kringsdetaljerna.<\/strong><\/h5>\n<p>Som brukligt var s\u00e5 f\u00f6rs\u00e4krades alla byggnadsdelar skilt f\u00f6r sig.<\/p>\n<p>Stenfoten, som den tiden p\u00e5 en dylik stor byggnad kallades subasement, som var gjord av fin huggen granit och som p\u00e5 insidan var renouverad med rappat tegel och de tv\u00e5 v\u00e4lvda k\u00e4llarna v\u00e4rderades till 4\u00a0240 rubel. Stommen, som var gjord av betong och tegel v\u00e4rderades till 9\u00a0860, taket av j\u00e4rnpl\u00e5t till 1\u00a0280 och d\u00e4r ingick stupr\u00e4nnorna av j\u00e4rnpl\u00e5t, som var svart oljem\u00e5lade b\u00e5de utan och innan.<\/p>\n<p>Slagurstornet f\u00f6rs\u00e4krades f\u00f6r 1\u00a0080 rubel och bj\u00e4lklagen med sl\u00e4psparrar, bind- och skarvankare av j\u00e4rn f\u00f6r 1\u00a0094. Golven i f\u00f6rstugorna och i korridorerna, som var gjorda av slipad plansten v\u00e4rderades till 360 rubel medan de \u00f6vriga golven, som var gjorda av granplankor v\u00e4rderades till 410 rubel. I den sista summan ingick ocks\u00e5 de planstenar, som fanns framf\u00f6r eldst\u00e4derna.<\/p>\n<p>Taken i k\u00e4llarv\u00e5ningen var gjorda av furubr\u00e4der, v\u00e4rda 27 rubel och taken i den andra rummen, som var gjorda av gips med listverk och ornament v\u00e4rderades till 745. Trapporna inomhus, som var gjorda av slipade stenar eller tegel var v\u00e4rda 360 rubel. 2 bekl\u00e4dda halvfranska dekorationsd\u00f6rrar i k\u00e4llarv\u00e5ningen, som var oljem\u00e5lade \u00a0var v\u00e4rda 28 rubel, med l\u00e5s och beslag.<\/p>\n<p>R\u00e5dhuset hade en stor m\u00e4ngd olika storlekar p\u00e5 f\u00f6nster och samtliga skulle v\u00e4rderas. Till exempel i arresterna fanns det 5 f\u00f6nster med starka j\u00e4rngaller och halvvitt glas med dubbla b\u00e5gar och de var v\u00e4rda 140 rubel tillsammans. Det fanns ocks\u00e5 en stor m\u00e4ngd innerd\u00f6rrar och alla skulle v\u00e4rderas, till exempel 3 d\u00f6rrar i arresterna var gjorda av dubbla br\u00e4der, bekl\u00e4dda med j\u00e4rnpl\u00e5tar, f\u00f6rsedda med starka hakg\u00e5ngj\u00e4rn, j\u00e4rnbommar, dubbla l\u00e5s och m\u00e5lade foderbr\u00e4der och hade ett v\u00e4rde om 54 rubel tillsammans.<\/p>\n<p>Balkongen p\u00e5 \u00f6stra fasaden f\u00f6rs\u00e4krades f\u00f6r 236 rubel och den musikl\u00e4ktare som fanns i r\u00e5dsalen till 143 rubel. L\u00e4ktaren hade listverk och bildhuggerier, var oljem\u00e5lad och den vilade p\u00e5 bj\u00e4lkar och j\u00e4rnankare och ing\u00e5ngen till l\u00e4ktaren gick fr\u00e5n vinden. 8 kakelugnar, av vitt glaserat kakel och med luckor och ventiler av m\u00e4ssing var v\u00e4rda 329 rubel. D\u00f6rren till vinden var gjord av dubbla pl\u00e5tar, beslagen med st\u00e5ngj\u00e4rn och f\u00f6rsedd med starkt l\u00e5s hade ett v\u00e4rde om 50 rubel. Fr\u00e5n vinden till musikl\u00e4ktaren fanns en mindre d\u00f6rr med dubbla pl\u00e5tar och svartm\u00e5lad och den v\u00e4rderades till 25 rubel.<\/p>\n<p>Brandtaket p\u00e5 vinden, som var gjort av dubbla tegel med kalkbruk v\u00e4rderades till 320 rubel. Tv\u00e5 pipor med skorstenar, beslagna med j\u00e4rnpl\u00e5t och f\u00f6rsedda med r\u00f6khattar, svartm\u00e5lade var v\u00e4rda 61 rubel.<\/p>\n<p>Slaguret med dess tillbeh\u00f6r var v\u00e4rt 450 rubel, en st\u00f6rre metall klocka med lina, v\u00e4rderades till 60 rubel. Den yttre paradtrappan av fin huggen granit skulle ocks\u00e5 brandf\u00f6rs\u00e4kras till 1\u00a0862 rubel. trappan var 4 \u00bc alnar h\u00f6g, 16 alnar bred och stack ut fr\u00e5n den \u00f6stra v\u00e4ggen 12 alnar. P\u00e5 trappan fanns det 2 granitpelare och p\u00e5 dessa fanns det lykth\u00e5llare, svartm\u00e5lade och gjorda av gjutj\u00e4rn. Den mindre trappan p\u00e5 den v\u00e4stra sidan v\u00e4rderades till 152 rubel.<\/p>\n<p>I byggnaden och inte heller i dess n\u00e4rhet fanns det n\u00e5gra brandfarliga inr\u00e4ttningar och n\u00e5gra andra byggnader fanns inte p\u00e5 tomten. H\u00e4r betonades att alla r\u00f6kkanaler fr\u00e5n spisar och kakelugnar g\u00e5r inne i v\u00e4ggarna och de \u00e4r kopplade till eldst\u00e4derna med j\u00e4rnr\u00f6r. \u00c4ndarna p\u00e5 de tr\u00e4balkar som st\u00f6ter till r\u00f6kkanalerna \u00e4r bekl\u00e4dda med j\u00e4rnpl\u00e5t. Det betonades ocks\u00e5 att f\u00f6r s\u00e4kerhets skull s\u00e5 \u00e4r kakelugnarna p\u00e5 \u00f6vre v\u00e5ningen f\u00e4stade vid v\u00e4ggarna med j\u00e4rnankare.<\/p>\n<p>Hela r\u00e5dhuset v\u00e4rderades till 25\u00a0000 rubel. F\u00f6rs\u00e4kringspremien, som kallades \u201d\u00e5rliga intr\u00e4des afgiften\u201d r\u00e4knades enligt tabeller och tariffer till 102 rubel och 18 kopek. Den summan skulle g\u00e4lla de kommande fem \u00e5ren, d\u00e5 en granskning av byggnaden och en ny utr\u00e4kning skulle g\u00f6ras.<\/p>\n<p>Fr\u00e5n stadens sida undertecknades f\u00f6rs\u00e4kringsbrevet av handlandena Simon Anders Wendelin, Clais F. Dahl, Carl Gustaf Hyd\u00e9n och stadens \u00e4ldsta E. J. Lundstr\u00f6m. Fr\u00e5n den lokala brandstodskommitt\u00e9n s\u00e5 undertecknades f\u00f6rs\u00e4kringsbrevet av handlanden Eric N. Sundman och Carl Emil Carlstr\u00f6m.<\/p>\n<p><strong>\u00c5r 1862, den 10 april<\/strong> gjordes den f\u00f6rsta 5-\u00e5rs granskningen av handlanden E. N. Sundman och Johan P. Sundstr\u00f6m och de konstaterade att ingenting hade f\u00f6r\u00e4ndrats under de 5 g\u00e5ngna \u00e5ren. Fr\u00e5n stadens sida undertecknades granskningsprotokollet av handlandena Carl Gustaf Hyd\u00e9n, Clais F. Dahl, Otto Wendelin och H. O. Fontell.<\/p>\n<p><strong>\u00c5r 1867<\/strong> granskades byggnaden igen och allt var i skick. protokollet undertecknades denna g\u00e5ng av handlandena E. Alf. T\u00f6tterman och August Roos, bagaren Matts \u00d6sterberg och svarvaren Salin.<\/p>\n<figure id=\"attachment_22841\" aria-describedby=\"caption-attachment-22841\" style=\"width: 1240px\" class=\"wp-caption alignnone\"><img loading=\"lazy\" decoding=\"async\" class=\"size-full wp-image-22841\" src=\"https:\/\/www.kristinestadshistoria.fi\/wp-content\/uploads\/2022\/01\/Radhusets-fasad-pa-gatan.png\" alt=\"\" width=\"1240\" height=\"1114\" srcset=\"https:\/\/www.kristinestadshistoria.fi\/wp-content\/uploads\/2022\/01\/Radhusets-fasad-pa-gatan.png 1240w, https:\/\/www.kristinestadshistoria.fi\/wp-content\/uploads\/2022\/01\/Radhusets-fasad-pa-gatan-300x270.png 300w, https:\/\/www.kristinestadshistoria.fi\/wp-content\/uploads\/2022\/01\/Radhusets-fasad-pa-gatan-1024x920.png 1024w, https:\/\/www.kristinestadshistoria.fi\/wp-content\/uploads\/2022\/01\/Radhusets-fasad-pa-gatan-768x690.png 768w\" sizes=\"auto, (max-width: 1240px) 100vw, 1240px\" \/><figcaption id=\"caption-attachment-22841\" class=\"wp-caption-text\">Ernst Lohrmanns fasadritning av det nya r\u00e5dhuset. Ritningen \u00e4r gjord \u00e5r 1850, vilket tydligt syns p\u00e5 klocktornets vimpel och den godk\u00e4ndes av den kejserliga senaten i februari samma \u00e5r. Notera att det inte finns n\u00e5gon balkong eller n\u00e5got r\u00e4cke inritat runt klocktornet men i brandf\u00f6rs\u00e4kringsbrevet fr\u00e5n 1856 finns de med. Ritningen ur museiverkets arkiv.<\/figcaption><\/figure>\n<figure id=\"attachment_22842\" aria-describedby=\"caption-attachment-22842\" style=\"width: 1282px\" class=\"wp-caption alignnone\"><img loading=\"lazy\" decoding=\"async\" class=\"size-full wp-image-22842\" src=\"https:\/\/www.kristinestadshistoria.fi\/wp-content\/uploads\/2022\/01\/Radhusets-planritning-Lohrmann-nedre.png\" alt=\"\" width=\"1282\" height=\"953\" srcset=\"https:\/\/www.kristinestadshistoria.fi\/wp-content\/uploads\/2022\/01\/Radhusets-planritning-Lohrmann-nedre.png 1282w, https:\/\/www.kristinestadshistoria.fi\/wp-content\/uploads\/2022\/01\/Radhusets-planritning-Lohrmann-nedre-300x223.png 300w, https:\/\/www.kristinestadshistoria.fi\/wp-content\/uploads\/2022\/01\/Radhusets-planritning-Lohrmann-nedre-1024x761.png 1024w, https:\/\/www.kristinestadshistoria.fi\/wp-content\/uploads\/2022\/01\/Radhusets-planritning-Lohrmann-nedre-768x571.png 768w\" sizes=\"auto, (max-width: 1282px) 100vw, 1282px\" \/><figcaption id=\"caption-attachment-22842\" class=\"wp-caption-text\">P\u00e5 nedre v\u00e5ningen i den s\u00f6dra fanns polisens utrymmen, med tv\u00e5 arrestrum och ett latrinrum. I den norra \u00e4ndan fanns auktionskammaren, en skrubb och depositionsrummet. D\u00e4r fanns ocks\u00e5 g\u00e4ldstugan, d\u00e4r man internerade s\u00e5dana som hade obetalda skulder eller skatter. Ritningen ur museiverkets arkiv.<\/figcaption><\/figure>\n<figure id=\"attachment_22843\" aria-describedby=\"caption-attachment-22843\" style=\"width: 1135px\" class=\"wp-caption alignnone\"><img loading=\"lazy\" decoding=\"async\" class=\"size-full wp-image-22843\" src=\"https:\/\/www.kristinestadshistoria.fi\/wp-content\/uploads\/2022\/01\/Radhusets-planritning-Lohrmann-ovre.png\" alt=\"\" width=\"1135\" height=\"697\" srcset=\"https:\/\/www.kristinestadshistoria.fi\/wp-content\/uploads\/2022\/01\/Radhusets-planritning-Lohrmann-ovre.png 1135w, https:\/\/www.kristinestadshistoria.fi\/wp-content\/uploads\/2022\/01\/Radhusets-planritning-Lohrmann-ovre-300x184.png 300w, https:\/\/www.kristinestadshistoria.fi\/wp-content\/uploads\/2022\/01\/Radhusets-planritning-Lohrmann-ovre-1024x629.png 1024w, https:\/\/www.kristinestadshistoria.fi\/wp-content\/uploads\/2022\/01\/Radhusets-planritning-Lohrmann-ovre-768x472.png 768w\" sizes=\"auto, (max-width: 1135px) 100vw, 1135px\" \/><figcaption id=\"caption-attachment-22843\" class=\"wp-caption-text\">I \u00f6vre v\u00e5ningen fanns stadens f\u00f6rvaltning. I den s\u00f6dra \u00e4ndan sessionsrummet med ett f\u00f6rmak och i den norra \u00e4ndan fanns expeditionsrummet och arkivet. I mitten fanns den stora festsalen, d\u00e4r r\u00e5dhusst\u00e4mmorna h\u00f6lls i tiden och som numera anv\u00e4nds f\u00f6r stadsfullm\u00e4ktiges m\u00f6ten. Ritningen ur museiverkets arkiv.<\/figcaption><\/figure>\n<h3>Brandf\u00f6rs\u00e4kringen \u00e5r 1913.<\/h3>\n<p>\u00c5r 1913 tecknade staden en ny brandf\u00f6rs\u00e4kring p\u00e5 R\u00e5dhuset, eftersom dess v\u00e4rde har stigit p\u00e5 grund av h\u00f6gre material- och arbetskostnader. Det f\u00f6rs\u00e4krades nu f\u00f6r 140 000 mark. \u00c5r 1912 hade staden uppf\u00f6rt ett vedlider snett bakom r\u00e5dhuset och detta f\u00f6rs\u00e4krades f\u00f6r 600 mark. Vedlidret var 7 meter l\u00e5ngt och 5,50 meter brett och det var byggt av korsvirke och br\u00e4der.<\/p>\n<figure id=\"attachment_28818\" aria-describedby=\"caption-attachment-28818\" style=\"width: 723px\" class=\"wp-caption alignnone\"><img loading=\"lazy\" decoding=\"async\" class=\"size-full wp-image-28818\" src=\"https:\/\/www.kristinestadshistoria.fi\/wp-content\/uploads\/2024\/07\/Planteckning-1913.jpg\" alt=\"\" width=\"723\" height=\"762\" srcset=\"https:\/\/www.kristinestadshistoria.fi\/wp-content\/uploads\/2024\/07\/Planteckning-1913.jpg 723w, https:\/\/www.kristinestadshistoria.fi\/wp-content\/uploads\/2024\/07\/Planteckning-1913-285x300.jpg 285w\" sizes=\"auto, (max-width: 723px) 100vw, 723px\" \/><figcaption id=\"caption-attachment-28818\" class=\"wp-caption-text\">Den h\u00e4r planteckningen fogades till en ans\u00f6kan om en ny brandf\u00f6rs\u00e4kring \u00e5r 1913. Det nya vedlidret hade byggts p\u00e5 ett avst\u00e5nd av 28 meter fr\u00e5n knuten p\u00e5 R\u00e5dhuset.<\/figcaption><\/figure>\n<p>Brandstodsbolaget var denna g\u00e5ng intresserad av var kulisserna, som anv\u00e4ndes vid teaterf\u00f6rest\u00e4llningar uppbevarades. De ans\u00e5gs vara speciellt brandfarliga vilket skulle ha h\u00f6jt p\u00e5 f\u00f6rs\u00e4kringspremien. Bolagets lokala agent, kapten Wilhelm Hagen f\u00f6rklarade att kulisserna mellan f\u00f6rest\u00e4llningar f\u00f6rvarades p\u00e5 r\u00e5dhusets vind. Ovanf\u00f6r scen fanns en j\u00e4rnbeslagen, st\u00f6rre lucka, genom vilken kulisserna firades upp och ned fr\u00e5n vinden. Det fanns totalt 22 olika kulisser och d\u00e4rtill 20 gamla, som inte l\u00e4ngre anv\u00e4ndes. N\u00e5gra nya kulisser var s\u00e5 stora att de inte rymdes upp genom luckan utan m\u00e5ste f\u00f6rvaras p\u00e5 scenen.<\/p>\n<h3><strong>Brandf\u00f6rs\u00e4kringen \u00e5r 1918.<\/strong><\/h3>\n<figure id=\"attachment_29449\" aria-describedby=\"caption-attachment-29449\" style=\"width: 1219px\" class=\"wp-caption alignnone\"><img loading=\"lazy\" decoding=\"async\" class=\"size-full wp-image-29449\" src=\"https:\/\/www.kristinestadshistoria.fi\/wp-content\/uploads\/2025\/01\/Tomtkarta-1918.jpg\" alt=\"\" width=\"1219\" height=\"1246\" srcset=\"https:\/\/www.kristinestadshistoria.fi\/wp-content\/uploads\/2025\/01\/Tomtkarta-1918.jpg 1219w, https:\/\/www.kristinestadshistoria.fi\/wp-content\/uploads\/2025\/01\/Tomtkarta-1918-293x300.jpg 293w, https:\/\/www.kristinestadshistoria.fi\/wp-content\/uploads\/2025\/01\/Tomtkarta-1918-1002x1024.jpg 1002w, https:\/\/www.kristinestadshistoria.fi\/wp-content\/uploads\/2025\/01\/Tomtkarta-1918-768x785.jpg 768w\" sizes=\"auto, (max-width: 1219px) 100vw, 1219px\" \/><figcaption id=\"caption-attachment-29449\" class=\"wp-caption-text\">\u00c5r 1918, den 5 december tecknade staden en ny brandf\u00f6rs\u00e4kring p\u00e5 det nya r\u00e5dhuset fr\u00e5n 1856 och till f\u00f6rs\u00e4kringsbrevet fogades denna tomtkarta.<\/figcaption><\/figure>\n<p>R\u00e5dhusbyggnaden f\u00f6rs\u00e4krades nu f\u00f6r 246 000 mark och vedlidret nr 2, som var byggt \u00e5r 1912 f\u00f6rs\u00e4krades f\u00f6r 1 380 mark. Det var byggt av korsvirke och br\u00e4der och hade asfaltfilt p\u00e5 taket. Byggnad nr 3\u00a0 \u00e4r en stenk\u00e4llare, som \u00e4r 10 meter l\u00e5ng och 6 meter bred och \u00f6verbyggnaden \u00e4r gjord av stock och taket av pl\u00e5t. Volymen \u00e4r 150 kubik och golvet \u00e4r en meter under jord. K\u00e4llaren, uppf\u00f6rd i b\u00f6rjan av 1900-talet f\u00f6rs\u00e4krades f\u00f6r 3 370 mark. Byggnad nr 4 var ett stall, uppf\u00f6rd \u00e5r 1916 med m\u00e5tten 10 x 6 meter, byggd av korsvirke och br\u00e4der och hade filt p\u00e5 taket. Stallet f\u00f6rs\u00e4krades f\u00f6r 1 800 mark. Totala f\u00f6rs\u00e4kringsbeloppet uppgick allts\u00e5 till 252 550 mark och den \u00e5rliga premien uppgick till n\u00e4stan 1 000 mark.<\/p>\n<p>Omr\u00e5det bakom r\u00e5dhuset var reserverat f\u00f6r stadens sjukhus och d\u00e4r fanns det 5 mindre boningsbyggnader p\u00e5 ofri grund. Norr om r\u00e5dhuset finns vintergravhusen &#8221;M&#8221;. Alla \u00f6vriga byggnader \u00e4r boningsbyggnader utom &#8221;L&#8221;, som \u00e4r pr\u00e4stg\u00e5rdens uthus. Notera att gatan bakom r\u00e5dhuset heter &#8221;Fiskaregatan&#8221; och att &#8221;Ulrika Eleonora-gatan&#8221; g\u00e5r mellan r\u00e5dhuset och gamla kyrkan.<\/p>\n<p>&nbsp;<\/p>\n","protected":false},"excerpt":{"rendered":"<p>Sammanst\u00e4llt av Lasse Backlund. Uppgifterna \u00e4r tagna ur brandf\u00f6rs\u00e4kringsbreven, som finns p\u00e5 Riksarkivet. \u00c5r 1832 bildades \u201dAllm\u00e4nna Brandstodsbolaget i Finland\u201d i Helsingfors och \u00e5r 1857, i maj anh\u00f6ll staden Kristinestad att deras nya r\u00e5dhus skulle brandf\u00f6rs\u00e4kras. F\u00f6rs\u00e4kringsans\u00f6kan skulle g\u00f6ras till <a class=\"more-link\" href=\"https:\/\/www.kristinestadshistoria.fi\/?page_id=25517\">Forts\u00e4tt l\u00e4sa <span class=\"screen-reader-text\">  Det f\u00f6rs\u00e4krade nya r\u00e5dhuset<\/span><span class=\"meta-nav\">&rarr;<\/span><\/a><\/p>\n","protected":false},"author":1,"featured_media":0,"parent":22809,"menu_order":10,"comment_status":"closed","ping_status":"closed","template":"","meta":{"footnotes":""},"class_list":["post-25517","page","type-page","status-publish","hentry"],"_links":{"self":[{"href":"https:\/\/www.kristinestadshistoria.fi\/index.php?rest_route=\/wp\/v2\/pages\/25517","targetHints":{"allow":["GET"]}}],"collection":[{"href":"https:\/\/www.kristinestadshistoria.fi\/index.php?rest_route=\/wp\/v2\/pages"}],"about":[{"href":"https:\/\/www.kristinestadshistoria.fi\/index.php?rest_route=\/wp\/v2\/types\/page"}],"author":[{"embeddable":true,"href":"https:\/\/www.kristinestadshistoria.fi\/index.php?rest_route=\/wp\/v2\/users\/1"}],"replies":[{"embeddable":true,"href":"https:\/\/www.kristinestadshistoria.fi\/index.php?rest_route=%2Fwp%2Fv2%2Fcomments&post=25517"}],"version-history":[{"count":6,"href":"https:\/\/www.kristinestadshistoria.fi\/index.php?rest_route=\/wp\/v2\/pages\/25517\/revisions"}],"predecessor-version":[{"id":29450,"href":"https:\/\/www.kristinestadshistoria.fi\/index.php?rest_route=\/wp\/v2\/pages\/25517\/revisions\/29450"}],"up":[{"embeddable":true,"href":"https:\/\/www.kristinestadshistoria.fi\/index.php?rest_route=\/wp\/v2\/pages\/22809"}],"wp:attachment":[{"href":"https:\/\/www.kristinestadshistoria.fi\/index.php?rest_route=%2Fwp%2Fv2%2Fmedia&parent=25517"}],"curies":[{"name":"wp","href":"https:\/\/api.w.org\/{rel}","templated":true}]}}