{"id":25512,"date":"2023-03-12T19:04:47","date_gmt":"2023-03-12T17:04:47","guid":{"rendered":"https:\/\/www.kristinestadshistoria.fi\/?page_id=25512"},"modified":"2025-03-20T18:03:42","modified_gmt":"2025-03-20T16:03:42","slug":"den-forsakrade-garden-pa-tomt-nr-209-pa-strandgatan","status":"publish","type":"page","link":"https:\/\/www.kristinestadshistoria.fi\/?page_id=25512","title":{"rendered":"Den f\u00f6rs\u00e4krade g\u00e5rden p\u00e5 tomt nr 209 p\u00e5 Strandgatan"},"content":{"rendered":"<p><span style=\"color: #000080;\"><b>Sammanst\u00e4llt av Lasse Backlund. Uppgifterna \u00e4r tagna ur gamla f\u00f6rs\u00e4kringsbrev, som finns p\u00e5 Riksarkivet.<\/b><\/span><\/p>\n<p>\u00c5r 1832 bildades \u201dAllm\u00e4nna Brandstodsbolaget i Finland\u201d i Helsingfors och \u00e5r 1856, i september anh\u00f6ll bagarm\u00e4staren Mathias \u00d6sterberg att hans nyuppf\u00f6rda g\u00e5rd och bageribyggnaden vid Strandgatan skulle brandf\u00f6rs\u00e4kras. F\u00f6rs\u00e4kringsans\u00f6kan skulle g\u00f6ras till bolaget i Helsingfors och \u00d6sterberg uppgav d\u00e5 att p\u00e5 tomten fanns det \u00a02 brandhakar, 2 handsprutor, 2 svablar och 2 brand\u00e4mbare.<\/p>\n<p>Bagare \u00d6sterberg uppgav att den nya tomten nr 209 i det f\u00f6rsta kvarteret var 5 612 kvadratalnar stort. I norra \u00e4ndan var sidan 78 \u00bd alnar l\u00e5ng och den gr\u00e4nsade till tomt nr 208, i \u00f6ster var sidan 71 \u00bd alnar och den gr\u00e4nsade till Stadsfj\u00e4rden. S\u00f6dra sidan var 78 \u00bd alnar l\u00e5ng och den gr\u00e4nsade till ballastplatsen och den v\u00e4stra sidan var 71 alnar l\u00e5ng och den gr\u00e4nsade till Strandgatan, som var 8 alnar bred p\u00e5 det h\u00e4r st\u00e4llet.<\/p>\n<p>P\u00e5 den nya tomten hade \u00d6sterberg byggt tv\u00e5 byggnader och han ville f\u00f6rs\u00e4kra b\u00e5da och f\u00f6rs\u00e4kringen fick nr 3843 i brandstodsbolaget.<\/p>\n<figure id=\"attachment_25514\" aria-describedby=\"caption-attachment-25514\" style=\"width: 898px\" class=\"wp-caption alignnone\"><img loading=\"lazy\" decoding=\"async\" class=\"size-full wp-image-25514\" src=\"https:\/\/www.kristinestadshistoria.fi\/wp-content\/uploads\/2023\/03\/Tomtkarta-1854.jpg\" alt=\"\" width=\"898\" height=\"680\" srcset=\"https:\/\/www.kristinestadshistoria.fi\/wp-content\/uploads\/2023\/03\/Tomtkarta-1854.jpg 898w, https:\/\/www.kristinestadshistoria.fi\/wp-content\/uploads\/2023\/03\/Tomtkarta-1854-300x227.jpg 300w, https:\/\/www.kristinestadshistoria.fi\/wp-content\/uploads\/2023\/03\/Tomtkarta-1854-768x582.jpg 768w\" sizes=\"auto, (max-width: 898px) 100vw, 898px\" \/><figcaption id=\"caption-attachment-25514\" class=\"wp-caption-text\">\u00c5r 1854 byggde bagare Mathias \u00d6sterberg dessa byggnader p\u00e5 den nya tomten nr 209. Efter en kort tid s\u00e5ldes byggnaderna \u00e5t bagaren Rosengren. Bostadsbyggnaden finns fortfarande kvar men p\u00e5 bageriets plats byggdes \u00e5r 1903 en ny g\u00e5rd.<\/figcaption><\/figure>\n<h5><strong>Byggnad nr 1:<\/strong><\/h5>\n<p>En boningsbyggnad byggd av nytt timmer \u00e5r 1854 i en v\u00e5ning. Den var inte \u00e4nnu br\u00e4dfodrad eller m\u00e5lad. I byggnaden fanns det 7 rum, n\u00e4mligen en f\u00f6rstuga, en sal, tre kamrar och en salubod och i dessa fanns det totalt 5 kakelugnar. D\u00e4rtill fanns det ett k\u00f6k, som hade en egen spis. Husets h\u00f6jd var 14 alnar (ca 8,4 meter), l\u00e4ngden 27 \u00bd alnar och den hade ett tak av br\u00e4der och byggnaden har en stenfot som \u00e4r 1 \u00bd aln h\u00f6g.<\/p>\n<p>Bagare \u00d6sterberg ville f\u00f6rs\u00e4kra g\u00e5rden ordentligt men den lokala brandstodskommitt\u00e9n prutade ned f\u00f6rs\u00e4kringsv\u00e4rdena och \u00d6sterberg m\u00e5ste d\u00e5 godk\u00e4nna \u00e4ndringarna.<\/p>\n<p>Som brukligt var s\u00e5 f\u00f6rs\u00e4krades alla byggnadsdelar skilt f\u00f6r sig. Till exempel stenfoten v\u00e4rderades till 80 rubel, stommen till 540, yttre taket till 110, bj\u00e4lklagen till 50, innertaken av furubr\u00e4der till 60, alla trapporna till 20 och 8 stora f\u00f6nster till 70 rubel. 12 mindre vindsf\u00f6nster brandf\u00f6rs\u00e4krades f\u00f6r 10 rubel, den dubbla spegeld\u00f6rren med \u00f6verf\u00f6nster till 18 och yttre d\u00f6rren till saluboden till 5 rubel. Sju halvfranska innerd\u00f6rrer v\u00e4rderades till 35 rubel och 3 skorstenar till 45, en vit ugn av kakel till 18 och en brun kakelugn till 15.<\/p>\n<p>Hela byggnaden f\u00f6rs\u00e4krades f\u00f6r 1\u00a0300 rubel, trots att \u00d6sterberg hade ber\u00e4knat v\u00e4rdet till 1\u00a0520.<\/p>\n<h5><strong>Byggnad nr 2.<\/strong><\/h5>\n<p>En bageribyggnad byggd av nytt timmer \u00e5r 1854, inte br\u00e4dfodrad och inte m\u00e5lad. I den byggnaden fanns det 4 rum, n\u00e4mligen en f\u00f6rstuga, en kammare med en kakelugn, ett bageri med en st\u00f6rre bak- och torkugn, samt en inmurad gryta med 25 kannors (en kanna \u00e4r ca 2,5 liter) storlek och ett magasin med vind. Byggnadens l\u00e4ngd var 25 alnar och den hade dubbelt br\u00e4dtak och har en kilad stenfot som \u00e4r 1 \u00bd alnar h\u00f6g.<\/p>\n<p>Ocks\u00e5 h\u00e4r f\u00f6rs\u00e4krades delar skilt och h\u00e4r v\u00e4rderades stenfoten till 40 rubel. Golven som var gjorda av granplankor var v\u00e4rda 40 rubel med de 4 f\u00f6nstren, som var 2 \u00bd alnar h\u00f6ga v\u00e4rderades till totalt 20.<\/p>\n<p>Bakugnen och torkugnen med den inmurade grytan v\u00e4rderades till 135 rubel.<\/p>\n<p>Hela bageribyggnaden f\u00f6rs\u00e4krades f\u00f6r 740 rubel. f\u00f6rutom de b\u00e5da byggnaderna s\u00e5 f\u00f6rs\u00e4krades ink\u00f6rsporten till 20 rubel och planket som var 89 alnar l\u00e5ngt och 3 \u00bd alnar h\u00f6gt v\u00e4rderades till 10.<\/p>\n<p>Totala f\u00f6rs\u00e4kringsbeloppet blev 2\u00a0070 rubel och den \u00e5rliga intr\u00e4desavgiften, allts\u00e5 premien utr\u00e4knades till 26 rubel och 98 kopek. Vart femte \u00e5r skulle byggnaderna granskas och premierna justeras f\u00f6r de kommande fem \u00e5ren.<\/p>\n<p><strong>I januari 1857<\/strong> granskades brandredskapen och den portabla brandsprutan provades och den gav 8 kannor, allts\u00e5 20 liter vatten per minut.<\/p>\n<p><strong>\u00c5r 1861, i september<\/strong> utf\u00f6rdes den f\u00f6rsta 5-\u00e5rs granskningen. G\u00e5rden och bageriet hade d\u00e5 \u00f6vertagits av bagarm\u00e4staren G. A. Rosengren och allting var till bel\u00e5tenhet.<\/p>\n<p><strong>\u00c5r 1866<\/strong> granskades g\u00e5rden igen av Brandstodsbolagets agent, tillsammans med de lokala granskarna handlanden E. Alf. T\u00f6tterman och kopparslagaren Sj\u00f6str\u00f6m. Brandredskapen och byggnaderna visade sig vara i samma goda skick, som n\u00e4r f\u00f6rs\u00e4kringen togs s\u00e5 det kr\u00e4vdes inga \u00e5tg\u00e4rder.<\/p>\n<p><strong>\u00c5r 1876<\/strong> granskades f\u00f6rs\u00e4kringsobjekten av skomakarm\u00e4staren Hartman och svarvarm\u00e4staren Salin. G\u00e5rden hade d\u00e5 \u00f6vertagits av bagare Rosengrens barn och allt var till bel\u00e5tenhet.<\/p>\n<p><strong>\u00c5r 1892<\/strong> hade huvudbyggnaden f\u00f6rsetts med ett asfalt filttak, som var mindre brandfarligt \u00e4n det tidigare br\u00e4dtaket och den \u00e5rliga f\u00f6rs\u00e4kringspremien s\u00e4nktes d\u00e4rf\u00f6r med 28 mark och 31 penni. G\u00e5rden \u00e4gdes sedan 1889 av justitier\u00e5dmannen G. A. Wallenius (f.1851) med hustrun Elina (f.1864). Wallenius rev ocks\u00e5 bageriet och inredde det till en vanlig bagarstuga med en h\u00e4llspis och bakugn. Ocks\u00e5 taket p\u00e5 bageriet hade bytts till asfaltfilt.<\/p>\n<h2><strong>Brandf\u00f6rs\u00e4kringen \u00e5r 1903.<\/strong><\/h2>\n<p>\u00c5r 1895 hade sj\u00f6kapten Starck f\u00f6rv\u00e4rvat g\u00e5rden p\u00e5 Strandgatan 58 av r\u00e5dmannen Wallenius. \u00c5r 1903 uppf\u00f6rde kapten Starcks dotter Sigrid, som var gift med prokuristen Wilhelm Stenberg ett nytt bostadshus l\u00e4ngs med Nygatan. Eftersom sj\u00f6kapten Starck hade genomf\u00f6rt st\u00f6rre renoveringar och f\u00f6rb\u00e4ttringar p\u00e5 sin g\u00e5rd, s\u00e5 ville han teckna en helt ny brandf\u00f6rs\u00e4kring p\u00e5 alla byggnader p\u00e5 hans tomt.<\/p>\n<figure id=\"attachment_26171\" aria-describedby=\"caption-attachment-26171\" style=\"width: 1430px\" class=\"wp-caption alignnone\"><img loading=\"lazy\" decoding=\"async\" class=\"size-full wp-image-26171\" src=\"https:\/\/www.kristinestadshistoria.fi\/wp-content\/uploads\/2023\/05\/Tomtkarta-1903-liten-.jpg\" alt=\"\" width=\"1430\" height=\"1432\" srcset=\"https:\/\/www.kristinestadshistoria.fi\/wp-content\/uploads\/2023\/05\/Tomtkarta-1903-liten-.jpg 1430w, https:\/\/www.kristinestadshistoria.fi\/wp-content\/uploads\/2023\/05\/Tomtkarta-1903-liten--300x300.jpg 300w, https:\/\/www.kristinestadshistoria.fi\/wp-content\/uploads\/2023\/05\/Tomtkarta-1903-liten--1024x1024.jpg 1024w, https:\/\/www.kristinestadshistoria.fi\/wp-content\/uploads\/2023\/05\/Tomtkarta-1903-liten--150x150.jpg 150w, https:\/\/www.kristinestadshistoria.fi\/wp-content\/uploads\/2023\/05\/Tomtkarta-1903-liten--768x769.jpg 768w\" sizes=\"auto, (max-width: 1430px) 100vw, 1430px\" \/><figcaption id=\"caption-attachment-26171\" class=\"wp-caption-text\">S\u00e5 h\u00e4r var byggnaderna placerade \u00e5r 1903, d\u00e5 sj\u00f6kapten Starck ville f\u00f6rs\u00e4kra dem mot eldskada,<\/figcaption><\/figure>\n<p>F\u00f6rs\u00e4kringen tecknades 3 oktober 1903 och Starck f\u00f6rs\u00e4krade alla tre byggnader som stod p\u00e5 tomten:<\/p>\n<h5><strong>Byggnad nr 1:<\/strong><\/h5>\n<p>Ett boningshus av timmer i gott skick, uppf\u00f6rt \u00e5r 1854, br\u00e4dfodrat och m\u00e5lat med oljef\u00e4rg och med ett tak av asfaltfilt. Huset var 16,33 m l\u00e5ngt, 8.91 m brett, var byggt i en v\u00e5ning och hade sju rum och i dessa fanns det 6 kakelugnar och en k\u00f6ksspis.<\/p>\n<p>P\u00e5 g\u00e5rdssidan fanns det en st\u00f6rre veranda, som var byggd av korsvirke och br\u00e4der.<\/p>\n<p>Byggnaden f\u00f6rs\u00e4krades f\u00f6r 8\u00a0000 mark.<\/p>\n<h5><strong>Byggnad nr 2:<\/strong><\/h5>\n<p>Ett bostadshus av timmer i gott skick, uppf\u00f6rt \u00e5r 1903, inte \u00e4nnu br\u00e4dfodrat eller m\u00e5lat. Taket var gjort av j\u00e4rnpl\u00e5t och g\u00e5rden var 25,30 m l\u00e5ng och 9,75 m bred. Den var byggd i en v\u00e5ning och f\u00f6rutom closett, garderober, skafferier, kontor och kall f\u00f6rstuga fanns det i byggnaden 11 boningsrum. I dessa rum fanns det totalt 8 kakelugnar och en k\u00f6ksspis med en bakugn. Huset hade en \u00f6ppen balkong mot Stadsfj\u00e4rden och en veranda p\u00e5 g\u00e5rdssidan.<\/p>\n<p>Byggnaden f\u00f6rs\u00e4krades f\u00f6r 17\u00a0000 mark.<\/p>\n<h5><strong>Byggnad nr 3:<\/strong><\/h5>\n<p>En uthusbyggnad av stock och delvis av korsvirke och br\u00e4der, uppf\u00f6rd \u00e5r 1903. Den var br\u00e4dfodrat och m\u00e5lad med oljef\u00e4rg och hade ett tak av j\u00e4rnpl\u00e5t. Uthuset var 20,75 m l\u00e5ngt och 6,50 m brett och d\u00e4r fanns tv\u00e5 f\u00f6rr\u00e5dsbodar med dubbla bottnar med isk\u00e4llare i varje f\u00f6rr\u00e5d. D\u00e4r fanns tv\u00e5 vedlider, foderlada, latrin med spillningskast, stall och f\u00e4hus med en f\u00f6rstuga.<\/p>\n<p>Uthuset f\u00f6rs\u00e4krades f\u00f6r 4\u00a0500 mark.<\/p>\n<p>F\u00f6rutom dessa tre byggnader f\u00f6rs\u00e4krade kapten Starck ocks\u00e5 det oljem\u00e5lade planket f\u00f6r150 mark. Det var 22 m l\u00e5ngt och 2 meter h\u00f6gt. Ett staket av stock och str\u00e4vor f\u00f6rs\u00e4krades f\u00f6r 150 mark och det var 24 m l\u00e5ngt och 1,50 m h\u00f6gt. En ink\u00f6rsport f\u00f6rs\u00e4krades f\u00f6r 150 mark och en g\u00e5ngport f\u00f6r 50 mark.<\/p>\n<p>Hela f\u00f6rs\u00e4kringsbeloppet gick p\u00e5 30\u00a0000 mark j\u00e4mt och den \u00e5rliga intr\u00e4desavgiften eller premien ber\u00e4knades till 182,43 mk.<\/p>\n<p>Kapten Starck uppgav att det inte finns n\u00e5gra flera byggnader p\u00e5 tomten. N\u00e5gra eldfarliga inr\u00e4ttningar fanns inte p\u00e5 tomten och inte i grannskapet heller. P\u00e5 tomt nr 6 fanns det en smedja men avst\u00e5ndet dit var s\u00e5 pass l\u00e5ngt att det inte medf\u00f6rde n\u00e5gon brandrisk.<\/p>\n<p>Brandstodbolagets lokala agent, sj\u00f6kapten Wilhelm Hagen uppgav i sin rapport att byggnaden nr 1 hade genomg\u00e5tt en omfattande och tidsenlig remont. Den hade f\u00e5tt nya f\u00f6nster och tak och inredningen var modern och \u00e4ndam\u00e5lsenlig. Byggnad nr 2 var ny och byggd av oklanderligt material och med s\u00e4rdeles omsorg. Den var propert inredd med dyrbara kakelugnar, linoleummattor, tidsenliga skafferier, garderober och s\u00e5 vidare. Ocks\u00e5 uthusbyggnaden nr 3 var uppf\u00f6rt med omsorg och av goda materialer.<\/p>\n<figure id=\"attachment_26170\" aria-describedby=\"caption-attachment-26170\" style=\"width: 882px\" class=\"wp-caption alignnone\"><img loading=\"lazy\" decoding=\"async\" class=\"size-full wp-image-26170\" src=\"https:\/\/www.kristinestadshistoria.fi\/wp-content\/uploads\/2023\/05\/Tomtkarta-1903-stor-1-1.jpg\" alt=\"\" width=\"882\" height=\"1267\" srcset=\"https:\/\/www.kristinestadshistoria.fi\/wp-content\/uploads\/2023\/05\/Tomtkarta-1903-stor-1-1.jpg 882w, https:\/\/www.kristinestadshistoria.fi\/wp-content\/uploads\/2023\/05\/Tomtkarta-1903-stor-1-1-209x300.jpg 209w, https:\/\/www.kristinestadshistoria.fi\/wp-content\/uploads\/2023\/05\/Tomtkarta-1903-stor-1-1-713x1024.jpg 713w, https:\/\/www.kristinestadshistoria.fi\/wp-content\/uploads\/2023\/05\/Tomtkarta-1903-stor-1-1-768x1103.jpg 768w\" sizes=\"auto, (max-width: 882px) 100vw, 882px\" \/><figcaption id=\"caption-attachment-26170\" class=\"wp-caption-text\">S\u00e5 h\u00e4r s\u00e5g den planteckning ut som kapten Starck l\u00e4t rita upp d\u00e5 han \u00e5r 1903 skulle brandf\u00f6rs\u00e4kra byggnaderna. Kapten Starcks namnteckning fr\u00e5n f\u00f6rs\u00e4kringsbreven \u00e4r inf\u00e4llt i nedre kanten.<\/figcaption><\/figure>\n<h2><strong>Brandf\u00f6rs\u00e4kringen \u00e5r 1910.<\/strong><\/h2>\n<p>Den 7 mars 1910 tecknade sj\u00f6kapten Starck en ny brandf\u00f6rs\u00e4kring p\u00e5 byggnaderna p\u00e5 hans tomt, eftersom de genom f\u00f6rb\u00e4ttringar hade f\u00e5tt ett h\u00f6gre v\u00e4rde. Tomten var 1\u00a0979 m\u00b2 stor och gr\u00e4nsade till Stadsfj\u00e4rden, Strandgatan, Nygatan och i norr mot tomt nr 208. P\u00e5 tomten fanns en brunn med tillr\u00e4ckligt vatten och vid en eventuell eldsv\u00e5da kunde vatten tas direkt ur Stadsfj\u00e4rden. Alla n\u00f6dv\u00e4ndiga brandredskap fanns p\u00e5 tomten och de var alla m\u00e4rkta med tomtens nummer.<\/p>\n<p><strong>Byggnad nr 1<\/strong>, inga st\u00f6rre f\u00f6rb\u00e4ttringar men den f\u00f6rs\u00e4krades nu f\u00f6r 10\u00a0000 mark.<\/p>\n<p><strong>Byggnad nr 2<\/strong>, inga st\u00f6rre f\u00f6rb\u00e4ttringar men den f\u00f6rs\u00e4krades nu f\u00f6r\u00a025 000 mark.<\/p>\n<p><strong>Byggnad nr 3<\/strong>, inga f\u00f6rb\u00e4ttringar och den f\u00f6rs\u00e4krades f\u00f6r samma belopp, 4\u00a0500 mark.<\/p>\n<p>F\u00f6rutom dessa 3 byggnader f\u00f6rs\u00e4krades ink\u00f6rsporten och g\u00e5ngporten f\u00f6r 200 mark tillsammans. Planken f\u00f6rs\u00e4krades f\u00f6r 300 mark.<\/p>\n<p>Hela f\u00f6rs\u00e4kringsbeloppet uppgick till 40\u00a0000 mark och den \u00e5rliga f\u00f6rs\u00e4kringspremien ber\u00e4knades till 229,48 mark.<\/p>\n<figure id=\"attachment_26909\" aria-describedby=\"caption-attachment-26909\" style=\"width: 595px\" class=\"wp-caption alignnone\"><img loading=\"lazy\" decoding=\"async\" class=\"size-full wp-image-26909\" src=\"https:\/\/www.kristinestadshistoria.fi\/wp-content\/uploads\/2023\/07\/Tomtkarta-1910-stor-2.jpg\" alt=\"\" width=\"595\" height=\"841\" srcset=\"https:\/\/www.kristinestadshistoria.fi\/wp-content\/uploads\/2023\/07\/Tomtkarta-1910-stor-2.jpg 595w, https:\/\/www.kristinestadshistoria.fi\/wp-content\/uploads\/2023\/07\/Tomtkarta-1910-stor-2-212x300.jpg 212w\" sizes=\"auto, (max-width: 595px) 100vw, 595px\" \/><figcaption id=\"caption-attachment-26909\" class=\"wp-caption-text\">D\u00e5 sj\u00f6kapten Starck \u00e5r 1910 tecknade en helt ny brandf\u00f6rs\u00e4kring p\u00e5 sin tomt nr 209 n\u00e4ra Badhusparken, s\u00e5 l\u00e4t han rita upp denna planteckning som skulle bifogas f\u00f6rs\u00e4kringsbrevet.<\/figcaption><\/figure>\n<h2><strong>Mordbranden 1914<\/strong><\/h2>\n<p><strong>\u00c5r 1914, den 9 januari<\/strong>\u00a0utbr\u00f6t en brand i k\u00f6ksverandan p\u00e5 kapten Wilhelm Starcks g\u00e5rd, som sj\u00e4lv befann sig p\u00e5 utrikes sj\u00f6resa. Elden hade b\u00f6rjat under verandan i borgm\u00e4stare Granfelts bostad vid Strandgatan och br\u00e4nt ett h\u00e5l i golvet och ett annat i v\u00e4ggen. Vid unders\u00f6kningen dagen efter branden konstaterades att \u201dNorra verandav\u00e4ggen i h\u00f6jd med golvet genombr\u00e4nd, fyra golvtiljor, av korsvirket en st\u00f6tta och tv\u00e5 vasor avbr\u00e4nda, en del av v\u00e4ggen innanf\u00f6r f\u00f6rkolnad samt m\u00e5lningen f\u00f6rd\u00e4rvad. Pr\u00f6vas kunna ist\u00e5nds\u00e4ttas med en kostnad av 85 mark\u201d.<\/p>\n<p>Personalen hade tidigt p\u00e5 morgonen nog sett att n\u00e5gonting lyste p\u00e5 Granfelts veranda men inte desto mera reagerat \u00f6ver detta. Vid polisf\u00f6rh\u00f6ret uppgav tj\u00e4narinnan Nanny Lindholm att n\u00e4r hon vid 7-tiden p\u00e5 morgonen gick till f\u00e4huset nog hade m\u00e4rkt att eld flammade till i portg\u00e5ngen men hon f\u00e4ste sig inte desto mera vid det. Hon trodde att det var i n\u00e5gon brinnande lykta hon hade sett.<\/p>\n<p>Vid 8-tiden gick Nanny till borgm\u00e4stare Granfelts bostad f\u00f6r att st\u00e4da och elda i rummen och d\u00e5 hon \u00f6ppnade d\u00f6rren till k\u00f6kstrappan, s\u00e5 var f\u00f6rstugan fylld av r\u00f6k. Hon kunde inte g\u00e5 in men s\u00e5g nog att ett h\u00e5l hade brunnit i f\u00f6rstugans v\u00e4gg. Med sn\u00f6 kunde hon snabbt sl\u00e4cka branden.<\/p>\n<p>Nanny uppgav att dagen innan hade hon vid 12-tiden st\u00e4ngt d\u00f6rren till k\u00f6kstrappan och det var endast hon som anv\u00e4nde den och hon hade egen nyckel dit.<\/p>\n<p>Snart visade det sig att det faktiskt var b\u00f6rjan till en st\u00f6rre brand men att elden hade slocknat av sig sj\u00e4lv. Vid unders\u00f6kningarna efter\u00e5t framkom det att det vara fr\u00e5ga om ett mordbrandsf\u00f6rs\u00f6k. N\u00e5gon hade placerat en tallrik med n\u00e5gon br\u00e4nnbar v\u00e4tska under verandagolvet och t\u00e4nt p\u00e5. Som tur var hade tallriken fallit ned p\u00e5 marken och g\u00e5tt s\u00f6nder men det fanns tydliga sp\u00e5r av eld p\u00e5 den.<\/p>\n<p>N\u00e5gon g\u00e4rningsman kunde inte hittas.<\/p>\n<h2><strong>Brandf\u00f6rs\u00e4kringen 1920<\/strong><\/h2>\n<p>Den 19 juli tecknade sj\u00f6kapten en ny brandf\u00f6rs\u00e4kring p\u00e5 sina byggnader. Inflationen var h\u00f6g och f\u00f6rs\u00e4kringsv\u00e4rdena beh\u00f6vde korrigeras regelbundet. Totala v\u00e4rdet p\u00e5 byggnaderna h\u00f6jdes nu till 111 300 mark, trots att inga st\u00f6rre f\u00f6rb\u00e4ttringar hade gjorts.<\/p>\n<h2><strong>Brandf\u00f6rs\u00e4kringen 1923<\/strong><\/h2>\n<p>Inflationen var mycket h\u00f6g den h\u00e4r tiden och eftersom f\u00f6rs\u00e4kringarna inte var indexbundna, s\u00e5 skulle de hela tiden f\u00f6rnyas och f\u00e5 sitt r\u00e4tta v\u00e4rde. Den 2 mars tecknade konsul Starck en ny f\u00f6rs\u00e4kring och han h\u00f6jde rej\u00e4lt p\u00e5 byggnadernas v\u00e4rden. G\u00e5rden vid Strandgatan f\u00f6rs\u00e4krade han f\u00f6r 69 200 mark, den nyare byggnaden nere vid stranden f\u00f6r 153 800 och uthuset 23 700 mark. Ink\u00f6rsportens v\u00e4rde h\u00f6jdes ocks\u00e5, s\u00e5 att hela f\u00f6rs\u00e4kringsbeloppet uppgick till 249 000 mark, j\u00e4mf\u00f6rt med 40 000 mark 13 \u00e5r tidigare.<\/p>\n<p>&nbsp;<\/p>\n","protected":false},"excerpt":{"rendered":"<p>Sammanst\u00e4llt av Lasse Backlund. Uppgifterna \u00e4r tagna ur gamla f\u00f6rs\u00e4kringsbrev, som finns p\u00e5 Riksarkivet. \u00c5r 1832 bildades \u201dAllm\u00e4nna Brandstodsbolaget i Finland\u201d i Helsingfors och \u00e5r 1856, i september anh\u00f6ll bagarm\u00e4staren Mathias \u00d6sterberg att hans nyuppf\u00f6rda g\u00e5rd och bageribyggnaden vid Strandgatan <a class=\"more-link\" href=\"https:\/\/www.kristinestadshistoria.fi\/?page_id=25512\">Forts\u00e4tt l\u00e4sa <span class=\"screen-reader-text\">  Den f\u00f6rs\u00e4krade g\u00e5rden p\u00e5 tomt nr 209 p\u00e5 Strandgatan<\/span><span class=\"meta-nav\">&rarr;<\/span><\/a><\/p>\n","protected":false},"author":1,"featured_media":0,"parent":20372,"menu_order":10,"comment_status":"closed","ping_status":"closed","template":"","meta":{"footnotes":""},"class_list":["post-25512","page","type-page","status-publish","hentry"],"_links":{"self":[{"href":"https:\/\/www.kristinestadshistoria.fi\/index.php?rest_route=\/wp\/v2\/pages\/25512","targetHints":{"allow":["GET"]}}],"collection":[{"href":"https:\/\/www.kristinestadshistoria.fi\/index.php?rest_route=\/wp\/v2\/pages"}],"about":[{"href":"https:\/\/www.kristinestadshistoria.fi\/index.php?rest_route=\/wp\/v2\/types\/page"}],"author":[{"embeddable":true,"href":"https:\/\/www.kristinestadshistoria.fi\/index.php?rest_route=\/wp\/v2\/users\/1"}],"replies":[{"embeddable":true,"href":"https:\/\/www.kristinestadshistoria.fi\/index.php?rest_route=%2Fwp%2Fv2%2Fcomments&post=25512"}],"version-history":[{"count":11,"href":"https:\/\/www.kristinestadshistoria.fi\/index.php?rest_route=\/wp\/v2\/pages\/25512\/revisions"}],"predecessor-version":[{"id":29622,"href":"https:\/\/www.kristinestadshistoria.fi\/index.php?rest_route=\/wp\/v2\/pages\/25512\/revisions\/29622"}],"up":[{"embeddable":true,"href":"https:\/\/www.kristinestadshistoria.fi\/index.php?rest_route=\/wp\/v2\/pages\/20372"}],"wp:attachment":[{"href":"https:\/\/www.kristinestadshistoria.fi\/index.php?rest_route=%2Fwp%2Fv2%2Fmedia&parent=25512"}],"curies":[{"name":"wp","href":"https:\/\/api.w.org\/{rel}","templated":true}]}}