{"id":25474,"date":"2023-03-08T19:07:15","date_gmt":"2023-03-08T17:07:15","guid":{"rendered":"https:\/\/www.kristinestadshistoria.fi\/?page_id=25474"},"modified":"2025-01-05T21:16:14","modified_gmt":"2025-01-05T19:16:14","slug":"den-forsakrade-garden-pa-tomterna-175-och-176-pa-strandgatan","status":"publish","type":"page","link":"https:\/\/www.kristinestadshistoria.fi\/?page_id=25474","title":{"rendered":"Den f\u00f6rs\u00e4krade g\u00e5rden p\u00e5 tomterna 175 och 176"},"content":{"rendered":"<p><span style=\"color: #000080;\"><strong>Sammanst\u00e4llt av Lasse Backlund. Uppgifterna \u00e4r tagna ur gamla f\u00f6rs\u00e4kringsbrev, som finns p\u00e5 Riksarkivet.<\/strong><\/span><\/p>\n<h2><strong>Brandf\u00f6rs\u00e4kringen \u00e5r 1848.<\/strong><\/h2>\n<p>\u00c5r 1832 bildades \u201dAllm\u00e4nna Brandstodsbolaget i Finland\u201d i Helsingfors och \u00e5r 1848, i september anh\u00f6ll f\u00e4rgaren Erik Ekberg att hans g\u00e5rd vid Strandgatan skulle f\u00f6rs\u00e4kras. F\u00f6rs\u00e4kringsans\u00f6kan skulle g\u00f6ras till bolaget och Ekberg uppgav d\u00e5 att p\u00e5 tomten fanns det en portabel slangspruta, 3 brandstegar, 3 brandhakar, 2 handsprutor, 2 svablar och 3 brand\u00e4mbar.<\/p>\n<p>Ekberg uppgav att hans tomt var 6 449 \u201dQvadrat alnar i areal vidd, dess norra sida \u00e4r 84 alnar mot g\u00e5rden 177, \u00f6stra sidan 74 \u00bd alnar mot Stadsfj\u00e4rden, s\u00f6dra sidan 93 alnar mot g\u00e5rden nr 174 och v\u00e4stra sidan 71 \u00bc alnar mot Strandgatan.<\/p>\n<figure id=\"attachment_25476\" aria-describedby=\"caption-attachment-25476\" style=\"width: 1370px\" class=\"wp-caption alignnone\"><img loading=\"lazy\" decoding=\"async\" class=\"size-full wp-image-25476\" src=\"https:\/\/www.kristinestadshistoria.fi\/wp-content\/uploads\/2023\/03\/Tomtkarta.jpg\" alt=\"\" width=\"1370\" height=\"861\" srcset=\"https:\/\/www.kristinestadshistoria.fi\/wp-content\/uploads\/2023\/03\/Tomtkarta.jpg 1370w, https:\/\/www.kristinestadshistoria.fi\/wp-content\/uploads\/2023\/03\/Tomtkarta-300x189.jpg 300w, https:\/\/www.kristinestadshistoria.fi\/wp-content\/uploads\/2023\/03\/Tomtkarta-1024x644.jpg 1024w, https:\/\/www.kristinestadshistoria.fi\/wp-content\/uploads\/2023\/03\/Tomtkarta-768x483.jpg 768w\" sizes=\"auto, (max-width: 1370px) 100vw, 1370px\" \/><figcaption id=\"caption-attachment-25476\" class=\"wp-caption-text\">\u00c5r 1848 f\u00f6rs\u00e4krade f\u00e4rgaren Emil Ekberg byggnaderna p\u00e5 hans sammanslagna tomter nr 17 och 176. G\u00e5rdsplanen har fyllts ut ordentligt, s\u00e5 att den sticker en bit ut i Stadsfj\u00e4rden.<\/figcaption><\/figure>\n<p>Ekberg anh\u00f6ll om f\u00f6rs\u00e4kring p\u00e5 f\u00f6ljande byggnader:<\/p>\n<h5><strong>Byggnad nr 1:<\/strong><\/h5>\n<p>En vinkelbyggnad i en v\u00e5ning av tr\u00e4, vars norra \u00e4nda och flygeln var uppf\u00f6rd \u00e5r 1830 av timmer. G\u00e5rden blev tillbyggd i den s\u00f6dra \u00e4ndan \u00e5r 1847 av nytt timmer och d\u00e4r fanns tv\u00e5 kammare p\u00e5 vinden, varav den ena var f\u00f6rsedd med en eldstad. Hela g\u00e5rden var br\u00e4dfodrad och m\u00e5lad med gr\u00f6n oljef\u00e4rg. D\u00e4r fanns 13 rum, n\u00e4mligen 1 f\u00f6rstuga, 1 sal, 8 kamrar, en gatubod f\u00f6r f\u00e4rgerigods, ett nederlagsrum och i dessa rum fanns det totalt 9 kakelugnar. D\u00e4rtill fanns ett k\u00f6k med spis, f\u00f6rsedd med tackj\u00e4rnsh\u00e4lla och stekugn. Huset hade en h\u00f6jd p\u00e5 14 \u00bd alnar, l\u00e4ngd 53 alnar, f\u00f6rsedd med papperstak och hade en stenfot, som \u00e4r 1 \u00bd alnar h\u00f6g.<\/p>\n<p>Som brukligt var s\u00e5 f\u00f6rs\u00e4krades alla byggnadsdelar skilt f\u00f6r sig, till exempel stenfoten brandf\u00f6rs\u00e4krades till 100 rubel, stommen till 700, yttre taket till 200 och golven i alla rum till 250 rubel. Den oljem\u00e5lade br\u00e4dfodringen med underlag av f\u00f6rhydningspapper v\u00e4rderades till 235 rubel, 26 f\u00f6nster till sammanlagt 197 rubel och 4 vindsf\u00f6nster till 8 rubel. P\u00e5 g\u00e5rdssidan fanns en trappa av korsvirke som var lika l\u00e5ng som hela huset och den hade ett spolplank och 3 nedg\u00e5ngar och den v\u00e4rderades till 80 rubel. 8 rum hade vattenf\u00e4rgade tapeter med 3 rum var f\u00f6rsedda med franska tapeter varav ett hade ett underlag av segelduk. Hela byggnaden v\u00e4rderades till 2\u00a0370 rubel.<\/p>\n<h5><strong>Byggnad nr 2:<\/strong><\/h5>\n<p>En byggnad uppf\u00f6rd av nytt timmer \u00e5r 1848 i en v\u00e5ning, inte \u00e4nnu br\u00e4dfodrad eller m\u00e5lad och hade en h\u00f6jd av 14 \u00bd alnar. L\u00e4ngden var 18 alnar och i k\u00e4llaren fanns en v\u00e4lvd stenk\u00e4llare. Stenfoten var 1 \u00bd aln h\u00f6g och hade papperstak. Byggnaden v\u00e4rderades till 340 rubel.<\/p>\n<h5><strong>Byggnad nr 3:<\/strong><\/h5>\n<p>En byggnad av tr\u00e4 i gott skick uppf\u00f6rd \u00e5r 1844 i en v\u00e5ning, br\u00e4dfodrad och r\u00f6dm\u00e5lad. I byggnaden fanns 7 rum, n\u00e4mligen en bagarstuga, torkhus, presshus, portg\u00e5ng, f\u00e4hus, foderlada, vedlider med mera. I byggnaden finns en r\u00f6rspis med bakugn, mitt p\u00e5 golvet st\u00e5r en torkugn av tegel med yttre omgivning av ett brandfritt valv fr\u00e5n marken och slutande med skorsten genom taket, en pr\u00e4ssj\u00e4rnsugn av tegel, som \u00e4r placerad i mitten av rummet invid torkugnsvalvet med skild skorsten. Byggnaden \u00e4r 78 alnar l\u00e5ngt, har ett tak av br\u00e4der och en riktig stenfot. Byggnaden v\u00e4rderades till 950 rubel.<\/p>\n<h5><strong>Byggnad nr 4:<\/strong><\/h5>\n<p>En timrad byggnad i gott skick, uppf\u00f6rd 1847 i en v\u00e5ning best\u00e5ende av 8 rum, n\u00e4mligen en dr\u00e4ngkammarem, en ges\u00e4llkammare, hush\u00e5llsmagasin, f\u00e4rgmagasin, redskapslider, handkammare, f\u00e4rgeri och flera andra rum som h\u00f6r till f\u00e4rgeriet. Byggnaden var 78 alnar l\u00e5ng, hade ett tak av br\u00e4der och en stenfot som var n\u00e4stan 3 alnar h\u00f6g.<\/p>\n<p>I den byggnaden f\u00f6rs\u00e4krades stenfoten till 100 rubel, stommen till 350 och yttre taket till 120 rubel. Golven var gjorda av stock och granplankor, utom i f\u00e4rgeriet d\u00e4r det fanns b\u00e5de stengolv och jordgolv. D\u00e4r fanns 7 oljem\u00e5lade, 2 alnar h\u00f6ga f\u00f6nster med dubbla gr\u00f6na glas. I f\u00e4rgeriet f\u00f6rs\u00e4krades \u201den frist\u00e5ende med 4 inmurade pannor af koppar om 200 Kannors rymd, v\u00e4gande 120 sk\u00e5lpund, \u00e1 40 kopek per sk\u00e5lpund, g\u00f6r 48 Rb muren 45 Rb, tillsammans 93 rubel.\u201d D\u00e4r f\u00f6rs\u00e4krades ocks\u00e5 en \u201dBl\u00e5erimur frist\u00e5ende, med 3 inmurade kopparkypar om 1\u00a0000 kannors rymd, v\u00e4ger 480 sk\u00e5lpund, \u00e1 40 kopek, g\u00f6r 192 rubel och muren 45 rubel, allt tillsammans 237 rubel.\u201d Hela byggnaden med den fasta inredningen f\u00f6rs\u00e4krade f\u00f6r 1\u00a0120 rubel.<\/p>\n<p>F\u00f6rutom de fyra byggnaderna, s\u00e5 f\u00f6rs\u00e4krades ocks\u00e5 en ink\u00f6rsport, som var oljem\u00e5lad och hade l\u00e5s och beslag f\u00f6r 10 rubel. Hela f\u00f6rs\u00e4kringsbeloppet blev 4\u00a0790 rubel. Den \u00e5rliga f\u00f6rs\u00e4kringspremien, som den h\u00e4r tiden kallades \u201dintr\u00e4desafgift\u201d blev f\u00f6r de fem kommande \u00e5ren 56 rubel 41 kopek.<\/p>\n<p><strong>\u00c5r 1869<\/strong> s\u00e5lde f\u00e4rgare Ekbergs \u00e4nka g\u00e5rden med alla uthus \u00e5t f\u00e4rgaren Emil \u00c5kerberg.<\/p>\n<p><strong>\u00c5r 1871, den 19 augusti<\/strong> p\u00e5 natten utbr\u00f6t en brand i torkrummet i byggnaden nr 3, som brann helt ned till grunden och likadant gick det f\u00f6r grannbyggnaden nr 2. Byggnaden nr 4 klarade sig b\u00e4st med endast sm\u00e5 skador men karakt\u00e4rsbyggnaden fick brandskador p\u00e5 taket, p\u00e5 v\u00e4ggarna och den stora trappan f\u00f6rst\u00f6rdes helt.<\/p>\n<p>Samma dag skickade brandstodsbolagets agent i Kristinestad en anm\u00e4lan till kontoret i Helsingfors. Tonen i brevet var \u00f6dmjuk och b\u00f6rjar med: \u201dHos Direktionen n\u00f6dgas jag \u00e5ter i \u00f6dmjukhet anm\u00e4la att eld omkring klockan ett, natten emot denna dag utbr\u00f6t uti g\u00e5rden, best\u00e5ende av sammanslagna tomterna 175 och 176&#8230;\u201d<\/p>\n<p>I ett senare brev ber\u00f6mde agenten Ramstedt de personer som \u201dvid i fr\u00e5gavarande eldsv\u00e5da utm\u00e4rkte sig f\u00f6r synnerlig r\u00e5dighet, drift och verksamhet, styrmannen Anton Ludvig Argelander, cigarrarbetaren Vilhelm Lillja, f\u00f6rre slaktaren Adolf Lindholm, brandvakten Johan Skurra, viktualiehandlandedottern Maria Holmgren, sj\u00f6mans\u00e4nkorna Maria Ekstr\u00f6m och Kristina Sten, hvarf\u00f6r jag v\u00e5gar rekommendera bem\u00e4lde personer tillerk\u00e4nnande af n\u00e5gon uppmuntran.\u201d<\/p>\n<p>Bolagets direktion v\u00e4rderade skadan i karakt\u00e4rsbyggnaden till 450 mark och i byggnad nr 4 till 300 mark. Byggnaderna 2 och 3 som brann ner till grunden var f\u00f6rs\u00e4krade f\u00f6r 5\u00a0160 mark men att det nog fanns brandrester f\u00f6r 200 mark, s\u00e5 ers\u00e4ttningen f\u00f6r dessa blev 4\u00a0960 finska mark. Brandstodsbolaget bel\u00f6nade de personer som hade utm\u00e4rkt sig vid branden med 25 mark var och den summan skulle skickas till magistraten som sedan kunde utbetala bel\u00f6ningen och ge dem alla var sitt diplom.<\/p>\n<p>N\u00e5gon brandorsak hittades aldrig men alla vittnen kunde vid polisf\u00f6rh\u00f6ren ber\u00e4tta att elden hade f\u00e5tt sin b\u00f6rjan i det torkhus, som fanns i den s\u00f6dra \u00e4ndan av tomten. Denna byggnad f\u00f6rst\u00f6rdes helt varf\u00f6r det aldrig kunde klarl\u00e4ggas hur branden b\u00f6rjade.<\/p>\n<h2><strong>Brandf\u00f6rs\u00e4kringen \u00e5r 1900.<\/strong><\/h2>\n<p>I oktober 1899 \u00f6vertog Kristiinan Suomalainen Kansallisseura de sammanslagna tomterna 175 och 176 och f\u00f6ljande \u00e5r tecknade f\u00f6reningens disponent Vihtori Haaronen en helt ny brandf\u00f6rs\u00e4kring p\u00e5 alla de byggnader som fanns p\u00e5 tomterna.<\/p>\n<p>Haaronen uppgav att tomtens storlek var 2573 m\u00b2 och att alla n\u00f6dv\u00e4ndiga brandredskap fanns p\u00e5 tomten och de var alla f\u00f6rsedda med tomternas nummer.<\/p>\n<figure id=\"attachment_26035\" aria-describedby=\"caption-attachment-26035\" style=\"width: 1001px\" class=\"wp-caption alignnone\"><img loading=\"lazy\" decoding=\"async\" class=\"size-full wp-image-26035\" src=\"https:\/\/www.kristinestadshistoria.fi\/wp-content\/uploads\/2023\/04\/Tomtkarta-1900-liten-1.jpg\" alt=\"\" width=\"1001\" height=\"729\" srcset=\"https:\/\/www.kristinestadshistoria.fi\/wp-content\/uploads\/2023\/04\/Tomtkarta-1900-liten-1.jpg 1001w, https:\/\/www.kristinestadshistoria.fi\/wp-content\/uploads\/2023\/04\/Tomtkarta-1900-liten-1-300x218.jpg 300w, https:\/\/www.kristinestadshistoria.fi\/wp-content\/uploads\/2023\/04\/Tomtkarta-1900-liten-1-768x559.jpg 768w\" sizes=\"auto, (max-width: 1001px) 100vw, 1001px\" \/><figcaption id=\"caption-attachment-26035\" class=\"wp-caption-text\">S\u00e5 h\u00e4r var de sex byggnaderna placerade p\u00e5 de sammanslagna tomterna \u00e5r 1900.<\/figcaption><\/figure>\n<p><strong>Byggnad nr 1:<\/strong><\/p>\n<p>Ett boningshus i vinkel av timmer i gott skick, uppf\u00f6rt f\u00f6rsta delen \u00e5r 1830 och tillbyggt 1847, br\u00e4dfodrat och m\u00e5lat med oljef\u00e4rg och det hade ett tak av kakel. Huset var 31,47 m l\u00e5ngt p\u00e5 gatusidan och 10,96 m p\u00e5 den norra sidan. Den \u00f6stra gaveln var 5 m bred och den s\u00f6dra 7,33 m. Huset hade en v\u00e5ning och d\u00e4r fanns det \u00e5tta boningsrum och i dessa fanns det sju kakelugnar och en k\u00f6ksspis. P\u00e5 vinden fanns det tv\u00e5 rum, som hade en egen kakelugn. P\u00e5 g\u00e5rdssidan fanns det en l\u00e5ng, \u00f6ppen veranda.<\/p>\n<p>Denna byggnad f\u00f6rs\u00e4krades f\u00f6r 10\u00a0000 mark.<\/p>\n<p><strong>Byggnad nr 2:<\/strong><\/p>\n<p>Ett kombinerat boningshus och uthus av timmer i gott skick, uppf\u00f6rt \u00e5r 1847, br\u00e4dfodrat och m\u00e5lat med ekonomif\u00e4rg och hade ett tak av asfaltfilt. Huset var 14,6 m l\u00e5ngt och 5 m brett och d\u00e4r fanns tv\u00e5 boningsrum och ett vedlider.<\/p>\n<p>Denna byggnad f\u00f6rs\u00e4krades f\u00f6r 2\u00a0000 mark.<\/p>\n<p><strong>Byggnad nr 3:<\/strong><\/p>\n<p>Ett boningshus av timmer i gott skick, uppf\u00f6rt \u00e5r 1871, br\u00e4dfodrat och m\u00e5lat med ekonomif\u00e4rg under ett tak av p\u00e4rtor. Huset var 10.69 m l\u00e5ngt och 7,13 m brett och d\u00e4r fanns tv\u00e5 boningsrum. Under byggnaden fanns det en v\u00e4lvd k\u00e4llare byggd av gr\u00e5sten.<\/p>\n<p>Denna byggnad f\u00f6rs\u00e4krades f\u00f6r 3\u00a0000 mark.<\/p>\n<p><strong>Byggnad nr 4:<\/strong><\/p>\n<p>En uthusbyggnad av stock i gott skick, uppf\u00f6rd \u00e5r 1872, inte br\u00e4dfodrat men nog m\u00e5lat med ekonomif\u00e4rg och det hade ett tak av asfaltfilt. Huset var 22,16 m l\u00e5ngt och 7,13 m brett och d\u00e4r fanns ett vagnslider, vedlider, f\u00e4hus, foderlada, latrin och spillningskast.<\/p>\n<p>Detta uthus f\u00f6rs\u00e4krades f\u00f6r 1\u00a0800 mark.<\/p>\n<p><strong>Byggnad nr 5:<\/strong><\/p>\n<p>Ett boningshus av timmer i gott skick, uppf\u00f6rt \u00e5r 1872, br\u00e4dfodrat och m\u00e5lat med ekonomif\u00e4rg och det hade ett p\u00e4rttak. Huset var 15,44 m l\u00e5ngt och 7,13 m brett och d\u00e4r fanns 5 boningsrum och i dessa rum fanns det totalt 2 kakelugnar och tv\u00e5 k\u00f6ksspisar. P\u00e5 norrsidan fanns det en veranda, som var byggd av korsvirke och br\u00e4der.<\/p>\n<p>Byggnaden f\u00f6rs\u00e4krades f\u00f6r 3\u00a0000 mark.<\/p>\n<p><strong>Byggnad nr 6:<\/strong><\/p>\n<p>Ett vedlider uppf\u00f6rt av korsvirke och br\u00e4der \u00e5r 1893. Det var 5,94 m l\u00e5ngt och 6,83 m brett.<\/p>\n<p>Vedlidret f\u00f6rs\u00e4krades f\u00f6r 200 mark.<\/p>\n<p>F\u00f6rutom dessa sex byggnader f\u00f6rs\u00e4krade Kansallisseura ocks\u00e5 den m\u00e5lade ink\u00f6rsporten, som var gjord av plankor och br\u00e4der f\u00f6r 100 mark och i f\u00f6rs\u00e4kringen ingick b\u00e5de l\u00e5s och klinka.<\/p>\n<p>Ett staket av stock, str\u00e4vor och ribbor f\u00f6rs\u00e4krades ocks\u00e5 f\u00f6r 100 mark och det var 53 m l\u00e5ng och 1,10 m h\u00f6gt.<\/p>\n<p>Hela f\u00f6rs\u00e4kringsbeloppet uppgick till 20\u00a0200 mark och den \u00e5rliga intr\u00e4desavgiften ber\u00e4knades till 148,12 mark. Eftersom byggnaden nr 1 var sammanbyggd med nr 2, s\u00e5 h\u00f6jdes avgiften eller premien med 30 % f\u00f6r dessa. eftersom byggnad nr 1 hade vindsrum h\u00f6jdes premien med 10 %. Likadana h\u00f6jningar f\u00f6rekom och i flera andra byggnader.<\/p>\n<p>Haaronen uppgav att inne p\u00e5 g\u00e5rden fanns en tr\u00e4dg\u00e5rd med flera stora, lummiga l\u00f6vtr\u00e4d. P\u00e5 tomten fanns det inte n\u00e5gra eldfarliga inr\u00e4ttningar men han uppgav att p\u00e5 granntomten nr 174 fanns ett f\u00e4rgeri men att avst\u00e5ndet dit var \u00f6ver 50 m fr\u00e5n den n\u00e4rmaste byggnaden.<\/p>\n<figure id=\"attachment_26036\" aria-describedby=\"caption-attachment-26036\" style=\"width: 749px\" class=\"wp-caption alignnone\"><img loading=\"lazy\" decoding=\"async\" class=\"size-full wp-image-26036\" src=\"https:\/\/www.kristinestadshistoria.fi\/wp-content\/uploads\/2023\/04\/Tomtkarta-1900-stor-2.jpg\" alt=\"\" width=\"749\" height=\"821\" srcset=\"https:\/\/www.kristinestadshistoria.fi\/wp-content\/uploads\/2023\/04\/Tomtkarta-1900-stor-2.jpg 749w, https:\/\/www.kristinestadshistoria.fi\/wp-content\/uploads\/2023\/04\/Tomtkarta-1900-stor-2-274x300.jpg 274w\" sizes=\"auto, (max-width: 749px) 100vw, 749px\" \/><figcaption id=\"caption-attachment-26036\" class=\"wp-caption-text\">S\u00e5 h\u00e4r s\u00e5g den planteckning ut som disponent Vihtori Haaronen \u00e5r 1900 l\u00e4t rita upp d\u00e5 Kansallisseura skulle f\u00f6rs\u00e4kra byggnaderna p\u00e5 deras tomt. Inf\u00e4llt i nedre kanten Haaronens namnteckning p\u00e5 f\u00f6rs\u00e4kringsbrevet.<\/figcaption><\/figure>\n<h2><strong>Brandf\u00f6rs\u00e4kringen \u00e5r 1910.<\/strong><\/h2>\n<p>Den 30 september 1910 ville \u201dTalon is\u00e4nn\u00f6itsij\u00e4 Kivek\u00e4s\u201d teckna en ny brandf\u00f6rs\u00e4kring p\u00e5 Kansallisseuras byggnader eftersom flera f\u00f6rb\u00e4ttringar hade gjorts och byggnaderna hade d\u00e4rf\u00f6r erh\u00e5llit ett h\u00f6gre v\u00e4rde. Tomten var lika stor som tidigare och p\u00e5 tomten fanns alla n\u00f6dv\u00e4ndiga brandredskap.<\/p>\n<p><strong>Byggnad nr 1<\/strong> hade nu f\u00e5tt ett tak av j\u00e4rnpl\u00e5t och f\u00f6reningen ville f\u00f6rs\u00e4kra det f\u00f6r 10\u00a0000 mark som f\u00f6rra g\u00e5ngen. Den lokala brandstodskommitt\u00e9n d\u00e4remot f\u00f6reslog 15\u00a0000 mark, vilket godk\u00e4ndes.<\/p>\n<p><strong>Byggnad nr 2,<\/strong> f\u00f6rs\u00e4krades denna g\u00e5ng f\u00f6r 1\u00a0800 mark.<\/p>\n<p><strong>Byggnad nr 3,<\/strong> hade nu f\u00e5tt ett tak av asfaltfilt och den f\u00f6rs\u00e4krades f\u00f6r 3\u00a0000 mark.<\/p>\n<p><strong>Byggnad nr 4,<\/strong> uppm\u00e4ttes nu till 23,16 meters l\u00e4ngd och f\u00f6rs\u00e4krades nu f\u00f6r 3\u00a0000 mark.<\/p>\n<p><strong>Byggnad nr 5<\/strong>, hade nu f\u00e5tt ett ta av asfaltfilt och det f\u00f6rs\u00e4krades f\u00f6r 4\u00a0000 mark.<\/p>\n<p><strong>Byggnad nr 6<\/strong> var ett vedlider av br\u00e4der och det f\u00f6rs\u00e4krades f\u00f6r 100 mark. Ocks\u00e5 ink\u00f6rsporten, som var gjord av stockar och br\u00e4der f\u00f6rs\u00e4krades f\u00f6r 100 mark.<\/p>\n<p>Hela f\u00f6rs\u00e4kringen uppgick till 27\u00a0000 mark och den \u00e5rliga f\u00f6rs\u00e4kringspremien ber\u00e4knades till 153,57 mark.<\/p>\n<figure id=\"attachment_26969\" aria-describedby=\"caption-attachment-26969\" style=\"width: 598px\" class=\"wp-caption alignnone\"><img loading=\"lazy\" decoding=\"async\" class=\"size-full wp-image-26969\" src=\"https:\/\/www.kristinestadshistoria.fi\/wp-content\/uploads\/2023\/07\/Tomtkarta-1910-stor-7.jpg\" alt=\"\" width=\"598\" height=\"885\" srcset=\"https:\/\/www.kristinestadshistoria.fi\/wp-content\/uploads\/2023\/07\/Tomtkarta-1910-stor-7.jpg 598w, https:\/\/www.kristinestadshistoria.fi\/wp-content\/uploads\/2023\/07\/Tomtkarta-1910-stor-7-203x300.jpg 203w\" sizes=\"auto, (max-width: 598px) 100vw, 598px\" \/><figcaption id=\"caption-attachment-26969\" class=\"wp-caption-text\">S\u00e5 h\u00e4r s\u00e5g den planteckning ut som Kansallisseura l\u00e4t rita upp \u00e5r 1910 d\u00e5 brandf\u00f6rs\u00e4kringen skulle f\u00f6rnyas.<\/figcaption><\/figure>\n<h3><strong>Brandf\u00f6rs\u00e4kringen 1918.<\/strong><\/h3>\n<p><strong>\u00c5r 1918, den 8 april <\/strong>ville U. U. Sepp\u00e4, som d\u00e5 var \u201dYhteiskoulunjohtaja\u201d teckna en ny brandf\u00f6rs\u00e4kring p\u00e5 alla byggnader. Samtliga sju byggnader och ink\u00f6rsporten v\u00e4rderades till 183\u00a0780 mark men p\u00e5 grund av konjunkturerna med h\u00f6g inflation f\u00f6reslogs att v\u00e4rdena skall h\u00f6jas till totalt 244\u00a0840 mark.<\/p>\n<figure id=\"attachment_29456\" aria-describedby=\"caption-attachment-29456\" style=\"width: 1486px\" class=\"wp-caption alignnone\"><img loading=\"lazy\" decoding=\"async\" class=\"size-full wp-image-29456\" src=\"https:\/\/www.kristinestadshistoria.fi\/wp-content\/uploads\/2025\/01\/Tomtkarta-1918-1.jpg\" alt=\"\" width=\"1486\" height=\"1534\" srcset=\"https:\/\/www.kristinestadshistoria.fi\/wp-content\/uploads\/2025\/01\/Tomtkarta-1918-1.jpg 1486w, https:\/\/www.kristinestadshistoria.fi\/wp-content\/uploads\/2025\/01\/Tomtkarta-1918-1-291x300.jpg 291w, https:\/\/www.kristinestadshistoria.fi\/wp-content\/uploads\/2025\/01\/Tomtkarta-1918-1-992x1024.jpg 992w, https:\/\/www.kristinestadshistoria.fi\/wp-content\/uploads\/2025\/01\/Tomtkarta-1918-1-768x793.jpg 768w\" sizes=\"auto, (max-width: 1486px) 100vw, 1486px\" \/><figcaption id=\"caption-attachment-29456\" class=\"wp-caption-text\">Den h\u00e4r planteckningen l\u00e4t U. U. Sepp\u00e4 rita upp d\u00e5 en brandf\u00f6rs\u00e4kring skulle tecknas p\u00e5 byggnaderna \u00e5r 1918.<\/figcaption><\/figure>\n<p><strong>\u00c5r 1919, den 10 april<\/strong> p\u00e5minde brandstodsbolaget att det inte \u00e4r till\u00e5tet att uppbevara kulisser och fonder i festsalen, utan de m\u00e5ste \u201dundanskaffas\u201d. Inte heller scenen f\u00e5r finnas uppst\u00e4lld hela tiden utan de f\u00e5r \u201dbegagnas endast vid tillf\u00e4lligt arrangerade samkv\u00e4m och aftonunderh\u00e5llningar\u201d.<\/p>\n<p>Vid f\u00f6rest\u00e4llningarna m\u00e5ste det p\u00e5 scenen finnas en fylld vattenspruta p\u00e5 l\u00e4tt \u00e5tkomlig plats och dessutom borde det finnas ett reservf\u00f6rr\u00e5d med vatten.<\/p>\n<p><strong>\u00c5r 1919, den 1 december<\/strong> meddelade brandstodsbolagets lokala agent St\u00e5hle i ett brev till huvudkontoret att byggnaden h\u00e5ller p\u00e5 att byggas om till metallfabrik, d\u00e4r det skall tillverkas koppark\u00e4rl samt andra pl\u00e5tarbeten. N\u00e5gra maskiner eller \u00e5ngpannor \u00e4r inte \u00e4nnu insatta.<\/p>\n<p>\u201dHuset \u00e4r av sten, varvid inga andra tr\u00e4virken f\u00f6rekommer \u00e4n golv, d\u00f6rrar och f\u00f6nster och mellanbottnen i f\u00f6re detta festsalen. Denna h\u00e5ller p\u00e5 att inredas i tv\u00e5 v\u00e5ningar eller avdelningar. N\u00e5gon farlig inr\u00e4ttning \u00e4r det inte\u201d, skrev St\u00e5hle.<\/p>\n<p><strong>\u00c5r 1920, den 11 februari<\/strong> skrev brandstodsbolagets ombud O. A. St\u00e5hle igen till huvudkontoret i Helsingfors. Han b\u00f6rjar med att ber\u00e4tta att huset har om\u00e4ndrats till fabrik f\u00f6r tillverkning av koppar, pl\u00e5t och nickelk\u00e4rl och \u00e4r nu i det n\u00e4rmaste f\u00e4rdigt.<\/p>\n<p>\u201dI norra \u00e4ndan av huset \u00e4r \u00e5ngpanna och maskinrum samt smedja inrett i nedre v\u00e5ningen. I \u00f6vre v\u00e5ningen \u00e4r ett rum f\u00f6r f\u00f6rtenning och till gjuteri av mindre metallarbeten. Dessa rum \u00e4r avskilda fr\u00e5n varandra med tegelv\u00e4ggar, golv och mellantak av betong, d\u00f6rren till vinden pl\u00e5tbeslagen, d\u00f6rrar mellan rummen av tr\u00e4 men skall pl\u00e5tbesl\u00e5s.<\/p>\n<p>F\u00f6re detta festsalen \u00e4r inredd till verkstad och delad i tv\u00e5 v\u00e5ningar med balkar och plankor. I \u00f6vre v\u00e5ningen utf\u00f6rs putsning och pl\u00e5tslageriarbeten. I nedre v\u00e5ningen utf\u00f6rs svarvning och borrning med mera. Verkstadsrummen \u00e4r avskilda fr\u00e5n de \u00f6vriga med tegelv\u00e4ggar och tr\u00e4d\u00f6rrar men skall \u00e4ven dessa pl\u00e5tbesl\u00e5s.<\/p>\n<p>I s\u00f6dra \u00e4ndan av huset \u00e4r kontorslokal och lagerrum. Verkstaden uppv\u00e4rms nu med j\u00e4rnkaminer som tidigare men kommer att \u00e4ndras till \u00e5nga.<\/p>\n<p>\u00c5ngpannan yta \u00e4r 6 kvm, maskinens styrka \u00e4r 5 h\u00e4stkrafter men kommer troligen maskinkraften om s\u00e5 fordras att \u00f6kas med en motor.<\/p>\n<p>Arbetsstyrkan \u00e4r nu 8 man, kommer att \u00f6kas till 20, samt ytterligare \u00f6kas om aff\u00e4ren kommer att b\u00e4ra sig.<\/p>\n<p>Enligt mitt f\u00f6rmenande \u00e4r allt v\u00e4l gjort f\u00f6r elds\u00e4kerheten, s\u00e5 det \u00e4r ej annat som kan brinna \u00e4n mellangolvet i verkstaden, f\u00f6nsterkarmar, d\u00f6rrar och filb\u00e4nkar, som verkstaden \u00e4r avskild fr\u00e5n smedja, maskin- och \u00e5ngpannerummen \u00e4r eldfarligheten inte stor.<\/p>\n<p>Emotseende Bolagets vidare meddelande om f\u00f6rs\u00e4kringen av huset i fr\u00e5ga, tecknar H\u00f6gaktningsfullt O. A. St\u00e5hle\u201d<\/p>\n<h3><strong>Brandf\u00f6rs\u00e4kringen 1922.<\/strong><\/h3>\n<figure id=\"attachment_28850\" aria-describedby=\"caption-attachment-28850\" style=\"width: 948px\" class=\"wp-caption alignnone\"><img loading=\"lazy\" decoding=\"async\" class=\"size-full wp-image-28850\" src=\"https:\/\/www.kristinestadshistoria.fi\/wp-content\/uploads\/2024\/08\/1922-planteckning-original-Wihuri.jpg\" alt=\"\" width=\"948\" height=\"651\" srcset=\"https:\/\/www.kristinestadshistoria.fi\/wp-content\/uploads\/2024\/08\/1922-planteckning-original-Wihuri.jpg 948w, https:\/\/www.kristinestadshistoria.fi\/wp-content\/uploads\/2024\/08\/1922-planteckning-original-Wihuri-300x206.jpg 300w, https:\/\/www.kristinestadshistoria.fi\/wp-content\/uploads\/2024\/08\/1922-planteckning-original-Wihuri-768x527.jpg 768w\" sizes=\"auto, (max-width: 948px) 100vw, 948px\" \/><figcaption id=\"caption-attachment-28850\" class=\"wp-caption-text\">I februari 1922 tecknade fabrik\u00f6ren F. L. Wihuri en ny brandf\u00f6rs\u00e4kring, eftersom han under det g\u00e5ngna \u00e5ret hade gjort stora f\u00f6rb\u00e4ttringar p\u00e5 n\u00e4stan alla byggnader. Fabriksbyggnaden nere vid stranden som \u00e4gdes av OY Wihurin Metallitehdas f\u00f6rs\u00e4krades ocks\u00e5. S\u00e5 h\u00e4r var byggnaderna placerade enligt den planteckning som bifogades f\u00f6rs\u00e4kringsbrevet.<\/figcaption><\/figure>\n<p>Byggnad nr 1, byggd 1830, tillbyggd 1847 och f\u00f6rb\u00e4ttrad 1921 f\u00f6rs\u00e4krades f\u00f6r 106 000 mark.<\/p>\n<p>Byggnad nr 2, byggd 1847 och f\u00f6rb\u00e4ttrad 1921 f\u00f6rs\u00e4krades f\u00f6r 25 600 mark.<\/p>\n<p>Byggnad nr 3, byggd 1871 och f\u00f6rb\u00e4ttrad 1921 f\u00f6rs\u00e4krades f\u00f6r 23 600 mark.<\/p>\n<p>Byggnad nr 4, byggd 1872 f\u00f6rs\u00e4krades f\u00f6r 26 200 mark.<\/p>\n<p>Byggnad nr 5, byggd 1872 och f\u00f6rb\u00e4ttrad 1920 f\u00f6rs\u00e4krades f\u00f6r 31 000 mark<\/p>\n<p>Fabriksbyggnaden nr 7, byggd 1913 f\u00f6rs\u00e4krades f\u00f6r 483 000 mark.<\/p>\n<p>Staketet inne p\u00e5 g\u00e5rden f\u00f6rs\u00e4krades f\u00f6r 2 200 mark.<\/p>\n<p>Hela f\u00f6rs\u00e4kringsbeloppet uppgick till 698 000 mark<\/p>\n","protected":false},"excerpt":{"rendered":"<p>Sammanst\u00e4llt av Lasse Backlund. Uppgifterna \u00e4r tagna ur gamla f\u00f6rs\u00e4kringsbrev, som finns p\u00e5 Riksarkivet. Brandf\u00f6rs\u00e4kringen \u00e5r 1848. \u00c5r 1832 bildades \u201dAllm\u00e4nna Brandstodsbolaget i Finland\u201d i Helsingfors och \u00e5r 1848, i september anh\u00f6ll f\u00e4rgaren Erik Ekberg att hans g\u00e5rd vid Strandgatan <a class=\"more-link\" href=\"https:\/\/www.kristinestadshistoria.fi\/?page_id=25474\">Forts\u00e4tt l\u00e4sa <span class=\"screen-reader-text\">  Den f\u00f6rs\u00e4krade g\u00e5rden p\u00e5 tomterna 175 och 176<\/span><span class=\"meta-nav\">&rarr;<\/span><\/a><\/p>\n","protected":false},"author":1,"featured_media":0,"parent":24921,"menu_order":10,"comment_status":"closed","ping_status":"closed","template":"","meta":{"footnotes":""},"class_list":["post-25474","page","type-page","status-publish","hentry"],"_links":{"self":[{"href":"https:\/\/www.kristinestadshistoria.fi\/index.php?rest_route=\/wp\/v2\/pages\/25474","targetHints":{"allow":["GET"]}}],"collection":[{"href":"https:\/\/www.kristinestadshistoria.fi\/index.php?rest_route=\/wp\/v2\/pages"}],"about":[{"href":"https:\/\/www.kristinestadshistoria.fi\/index.php?rest_route=\/wp\/v2\/types\/page"}],"author":[{"embeddable":true,"href":"https:\/\/www.kristinestadshistoria.fi\/index.php?rest_route=\/wp\/v2\/users\/1"}],"replies":[{"embeddable":true,"href":"https:\/\/www.kristinestadshistoria.fi\/index.php?rest_route=%2Fwp%2Fv2%2Fcomments&post=25474"}],"version-history":[{"count":17,"href":"https:\/\/www.kristinestadshistoria.fi\/index.php?rest_route=\/wp\/v2\/pages\/25474\/revisions"}],"predecessor-version":[{"id":29457,"href":"https:\/\/www.kristinestadshistoria.fi\/index.php?rest_route=\/wp\/v2\/pages\/25474\/revisions\/29457"}],"up":[{"embeddable":true,"href":"https:\/\/www.kristinestadshistoria.fi\/index.php?rest_route=\/wp\/v2\/pages\/24921"}],"wp:attachment":[{"href":"https:\/\/www.kristinestadshistoria.fi\/index.php?rest_route=%2Fwp%2Fv2%2Fmedia&parent=25474"}],"curies":[{"name":"wp","href":"https:\/\/api.w.org\/{rel}","templated":true}]}}