{"id":25401,"date":"2023-02-28T18:58:27","date_gmt":"2023-02-28T16:58:27","guid":{"rendered":"https:\/\/www.kristinestadshistoria.fi\/?page_id=25401"},"modified":"2025-03-21T18:55:30","modified_gmt":"2025-03-21T16:55:30","slug":"den-forsakrade-garden-pa-tomt-218-sodra-halvan","status":"publish","type":"page","link":"https:\/\/www.kristinestadshistoria.fi\/?page_id=25401","title":{"rendered":"Den f\u00f6rs\u00e4krade g\u00e5rden p\u00e5 tomt 218, s\u00f6dra halvan"},"content":{"rendered":"<p><span style=\"color: #000080;\"><strong>Sammanst\u00e4llt av Lasse Backlund. Uppgifterna \u00e4r tagna ur gamla brandf\u00f6rs\u00e4kringsbrev, som finns p\u00e5 Riksarkivet.<\/strong><\/span><\/p>\n<p><strong>\u00c5r 1832<\/strong> bildades \u201dAllm\u00e4nna Brandstodsbolaget i Finland\u201d i Helsingfors och redan \u00e5r 1835 f\u00f6rs\u00e4krade sj\u00f6tullsvaktm\u00e4staren Erik Salomon Ahlfors sin g\u00e5rd p\u00e5 \u00d6stra L\u00e5nggatan 9. F\u00f6rs\u00e4kringsans\u00f6kan skulle g\u00f6ras till bolaget och Ahlfors uppgav d\u00e5 att p\u00e5 tomten fanns det 2 brandstegar, 2 brandhakar, 2 handsprutor, 2 svabbar och 2 l\u00e4der\u00e4mbar.<\/p>\n<p>Ahlfors uppgav att arealen p\u00e5 den s\u00f6dra tomthalvan var 6\u00a0716 kvadratalnar. Den norra r\u00e5n som gr\u00e4nsade till den andra halvan av samma tomt var 84 alnar l\u00e5ng, \u00f6stra r\u00e5n som var 71 alnar l\u00e5ng gr\u00e4nsade till \u00d6stra L\u00e5nggatan, s\u00f6dra r\u00e5n som var 116 alnar l\u00e5ng gr\u00e4nsade till den obebyggda tomten 219 och den v\u00e4stra r\u00e5n var 55 alnar och den gr\u00e4nsade till stadens \u00e4ngsmark. P\u00e5 tomten fanns en brunn med rikligt vatten och avst\u00e5ndet till stranden var 138 alnar.<\/p>\n<figure id=\"attachment_26976\" aria-describedby=\"caption-attachment-26976\" style=\"width: 565px\" class=\"wp-caption alignnone\"><img loading=\"lazy\" decoding=\"async\" class=\"size-full wp-image-26976\" src=\"https:\/\/www.kristinestadshistoria.fi\/wp-content\/uploads\/2023\/07\/Tomtkarta-1835.jpg\" alt=\"\" width=\"565\" height=\"733\" srcset=\"https:\/\/www.kristinestadshistoria.fi\/wp-content\/uploads\/2023\/07\/Tomtkarta-1835.jpg 565w, https:\/\/www.kristinestadshistoria.fi\/wp-content\/uploads\/2023\/07\/Tomtkarta-1835-231x300.jpg 231w\" sizes=\"auto, (max-width: 565px) 100vw, 565px\" \/><figcaption id=\"caption-attachment-26976\" class=\"wp-caption-text\">G\u00e5rds\u00e4garen Ahlfors f\u00f6rs\u00e4krade \u00e5r 1835 samtliga byggnader p\u00e5 tomt 218, allts\u00e5 \u00d6stra L\u00e5nggatan 9. D\u00e4r fanns d\u00e5 4 byggnader, varav huvudbyggnaden nr 1 var delad av en ink\u00f6rsport.<\/figcaption><\/figure>\n<p>P\u00e5 tomten fanns det d\u00e5 fyra byggnader, som Ahlfors ville ha f\u00f6rs\u00e4krade:<\/p>\n<h5><strong>Byggnad nr 1:<\/strong><\/h5>\n<p>En byggnad av tr\u00e4 uppf\u00f6rd i vinkel av nytt timmer \u00e5r 1830 i en v\u00e5ning. Den var br\u00e4dfodrad och m\u00e5lad med r\u00f6d f\u00e4rg. I byggnaden fanns det 11 rum, n\u00e4mligen en f\u00f6rstuga, en sal, 4 kamrar, 1 stuga och 3 olika uthus. I rummen fanns det totalt 5 kakelugnar och i k\u00f6ket fanns det en spis och en bakugn.<\/p>\n<p>Byggnadens l\u00e4ngd p\u00e5 den norra sidan var 28 alnar, och mot gatan var l\u00e4ngden 45 alnar, med portg\u00e5ngen medr\u00e4knad. Byggnaden hade en stenfot som var en aln h\u00f6g och taket var lagt med n\u00e4ver och takved.<\/p>\n<p>Som brukligt var s\u00e5 f\u00f6rs\u00e4krades alla byggnadsdelar skilt f\u00f6r sig och till exempel stenfoten v\u00e4rderades till 100 rubel, stommen till 704, yttre taket 250, golven till 263, trapporna till 60, 9 f\u00f6nster \u00e1 18 rubel per styck, f\u00f6rstugans d\u00f6rr 6, 8 halvfranska, oljem\u00e5lade innerd\u00f6rrar f\u00f6r tillsammans 120 rubel och tapeterna i fyra rum f\u00f6rs\u00e4krades till 141 rubel. Hela bostadshuset v\u00e4rderades till 2\u00a0500 rubel.<\/p>\n<h5><strong>Byggnad nr 2:<\/strong><\/h5>\n<p>En ladug\u00e5rdsbyggnad av furutimmer byggd \u00e5r 1831 och den var varken m\u00e5lad eller br\u00e4dfodrad. Den var 16 alnar l\u00e5ng, hade n\u00e4vertak och stod p\u00e5 en vanlig stenfot. G\u00e5rds\u00e4garen v\u00e4rderade f\u00e4huset till 224 rubel men brandstodskommitt\u00e9n godk\u00e4nde bara 200.<\/p>\n<h5><strong>Byggnad nr 3:<\/strong><\/h5>\n<p>Ett lider uppf\u00f6rt av br\u00e4der och korsvirke, 8 alnar l\u00e5ngt med tak av n\u00e4ver och det saknade stenfot. Lidret v\u00e4rderades till 100 rubel.<\/p>\n<h5><strong>Byggnad nr 4:<\/strong><\/h5>\n<p>En badstuga byggd av furutimmer \u00e5r 1832, som var varken m\u00e5lad eller br\u00e4dfodrad. D\u00e4r fanns tre rum, n\u00e4mligen 1 f\u00f6rstuga, en badstuga och en fruktkammare. Badstugan var 16 alnar l\u00e5ng, hade n\u00e4vertak och en stenfot som var n\u00e4stan en aln h\u00f6g. Hela badstugan f\u00f6rs\u00e4krades f\u00f6r 500 rubel.<\/p>\n<p>F\u00f6rutom dessa 4 byggnader s\u00e5 f\u00f6rs\u00e4krades ink\u00f6rsporten till 50 rubel och den var oljem\u00e5lad och hade ett \u00f6verbyggt tak och en g\u00e5ngport. Ett r\u00f6dm\u00e5lat staket, som var 64 alnar l\u00e5ngt, f\u00f6rs\u00e4krades till 50 rubel.<\/p>\n<p>Alla byggnader v\u00e4rderades till sammanlagt 3\u00a0400 rubel.<\/p>\n<p><strong>\u00c5r 1840, den 18 februari<\/strong> gjorde brandstodskommitt\u00e9ns ledam\u00f6ter och ditkallade timmerm\u00e4n en 5-\u00e5rs granskning. Tomthalvan \u00e4gdes d\u00e5 av Erik Salomon Ahlfors, som d\u00e5 var f\u00f6re detta sj\u00f6tullsvaktm\u00e4stare. De konstaterade att byggnaderna var i samma skick som d\u00e5 f\u00f6rs\u00e4kringen togs och de granskade p\u00e5 samma g\u00e5ng att alla brandredskap finns i g\u00e5rden.<\/p>\n<p><strong>\u00c5r 1866<\/strong> gjorde brandstodsbolagets agent, bitr\u00e4dd av handlanden E. Alf. T\u00f6tterman och kopparslagaren Jeremias Sj\u00f6str\u00f6m en granskning och de best\u00e4mde att f\u00f6rs\u00e4kringsv\u00e4rdet p\u00e5 samtliga byggnader skall s\u00e4nkas p\u00e5 grund av byggnadernas vanv\u00e5rd. Tomten \u00e4gdes d\u00e5 av skr\u00e4ddaren Carl Oskar Melander.<\/p>\n<h2><strong>Brandf\u00f6rs\u00e4kringen \u00e5r 1910.<\/strong><\/h2>\n<p>Den 11 oktober 1910 tecknade formannen Rudolf Lilltr\u00e4sk en ny brandf\u00f6rs\u00e4kring p\u00e5 sina byggnader. Han uppgav att han hade gjort flera f\u00f6rb\u00e4ttringar, som medf\u00f6rde att byggnaderna hade f\u00e5tt ett h\u00f6gre v\u00e4rde.<\/p>\n<p>Lilltr\u00e4sk uppgav att tomten \u00e4r 2 556 m\u00b2 stor och gr\u00e4nsar till stadens \u00e4ngsmark och till \u00d6stra L\u00e5nggatan, som p\u00e5 detta st\u00e4lle var 6,53 m bred. P\u00e5 tomten fanns en brunn med tillr\u00e4ckligt vatten och alla n\u00f6dv\u00e4ndiga brandredskap. N\u00e5gra tr\u00e4d eller tr\u00e4dg\u00e5rd fanns inte p\u00e5 tomten och n\u00e5gon eldfarlig inr\u00e4ttning fanns inte d\u00e4r och inte i n\u00e4rheten heller.<\/p>\n<figure id=\"attachment_26977\" aria-describedby=\"caption-attachment-26977\" style=\"width: 831px\" class=\"wp-caption alignnone\"><img loading=\"lazy\" decoding=\"async\" class=\"size-full wp-image-26977\" src=\"https:\/\/www.kristinestadshistoria.fi\/wp-content\/uploads\/2023\/07\/Tomtkarta-1910-liten-1.jpg\" alt=\"\" width=\"831\" height=\"802\" srcset=\"https:\/\/www.kristinestadshistoria.fi\/wp-content\/uploads\/2023\/07\/Tomtkarta-1910-liten-1.jpg 831w, https:\/\/www.kristinestadshistoria.fi\/wp-content\/uploads\/2023\/07\/Tomtkarta-1910-liten-1-300x290.jpg 300w, https:\/\/www.kristinestadshistoria.fi\/wp-content\/uploads\/2023\/07\/Tomtkarta-1910-liten-1-768x741.jpg 768w\" sizes=\"auto, (max-width: 831px) 100vw, 831px\" \/><figcaption id=\"caption-attachment-26977\" class=\"wp-caption-text\">D\u00e5 formannen Rudolf Lilltr\u00e4sk \u00e5r 1910 tecknade en ny brandf\u00f6rs\u00e4kring, s\u00e5 var byggnaderna placerade s\u00e5 h\u00e4r p\u00e5 tomten. Inf\u00e4llt i nedre kanten Lilltr\u00e4sks namnteckning p\u00e5 f\u00f6rs\u00e4kringsbrevet.<\/figcaption><\/figure>\n<h5><strong>Byggnad nr 1:<\/strong><\/h5>\n<p>Ett boningshus i en v\u00e5ning, byggt i vinkel av gott timmer \u00e5r 1830, br\u00e4dfodrat och m\u00e5lat och hade ett tak av n\u00e4ver och br\u00e4der. Huset var 10,99 meter l\u00e5ngt p\u00e5 norra sidan och 14,55 m p\u00e5 \u00f6stra sidan, s\u00f6dra gaveln var 5,19 m bred medan den v\u00e4stra gaveln var 4 m bred. I huset fanns sex rum med tillsammans 4 kakelugnar och en h\u00e4llspis med en bakugn. P\u00e5 g\u00e5rdssidan fanns en veranda byggd av korsvirke och br\u00e4der.<\/p>\n<p>Byggnaden f\u00f6rs\u00e4krades f\u00f6r 3\u00a0500 mark.<\/p>\n<h5><strong>Byggnad nr 2:<\/strong><\/h5>\n<p>En uthusbyggnad av stock, i f\u00f6rsvarligt skick, uppf\u00f6rd \u00e5r 1830. Den var br\u00e4dfodrad och m\u00e5lad och hade ett tak av br\u00e4der. Uthuset var 5,04 m l\u00e5ngt och 3,43 m brett och d\u00e4r fanns en hush\u00e5llsbod och ett spillningskast.<\/p>\n<p>Uthuset f\u00f6rs\u00e4krades f\u00f6r 300 mark.<\/p>\n<h5><strong>Byggnad nr 3:<\/strong><\/h5>\n<p>En uthusbyggnad av stock och delvis av korsvirke och br\u00e4der. Det var i f\u00f6rsvarligt skick och var byggd \u00e5r 1831. Byggnaden var 20,11 m l\u00e5ng och mellan 3,90 och 4,16 m bred och d\u00e4r fanns ett f\u00e4hus, foderlada, vedlider och ett stall.<\/p>\n<p>Uthuset f\u00f6rs\u00e4krades f\u00f6r 800 mark.<\/p>\n<h5><strong>Byggnad nr 4:<\/strong><\/h5>\n<p>Ett bostadshus av timmer, uppf\u00f6rt i en v\u00e5ning \u00e5r 1835. Det var br\u00e4dfodrat och m\u00e5lat och i huset fanns det ett par boningsrum, inneh\u00e5llande en kakelugn och en spis. Huset var 8,20 m l\u00e5ngt och 5,10 m brett.<\/p>\n<p>Byggnaden f\u00f6rs\u00e4krades f\u00f6r 2\u00a0500 mark.<\/p>\n<p>Ink\u00f6rsporten mellan byggnaderna f\u00f6rs\u00e4krades f\u00f6r 50 mark och planket f\u00f6r 50 mark. Det var 20 meter l\u00e5ng och 1,80 m h\u00f6gt och byggt av stock och br\u00e4der.<\/p>\n<p>Hela f\u00f6rs\u00e4kringsbeloppet uppgick till 7\u00a0200 mark och den \u00e5rliga intr\u00e4desavgiften eller premien ber\u00e4knades till 62,56 mark. Premien h\u00f6jdes med 30 % f\u00f6r alla byggnader, eftersom de alla l\u00e5g f\u00f6r n\u00e4ra en annan byggnad.<\/p>\n<figure id=\"attachment_26978\" aria-describedby=\"caption-attachment-26978\" style=\"width: 643px\" class=\"wp-caption alignnone\"><img loading=\"lazy\" decoding=\"async\" class=\"size-full wp-image-26978\" src=\"https:\/\/www.kristinestadshistoria.fi\/wp-content\/uploads\/2023\/07\/Tomtkarta-1910-stor-9.jpg\" alt=\"\" width=\"643\" height=\"849\" srcset=\"https:\/\/www.kristinestadshistoria.fi\/wp-content\/uploads\/2023\/07\/Tomtkarta-1910-stor-9.jpg 643w, https:\/\/www.kristinestadshistoria.fi\/wp-content\/uploads\/2023\/07\/Tomtkarta-1910-stor-9-227x300.jpg 227w\" sizes=\"auto, (max-width: 643px) 100vw, 643px\" \/><figcaption id=\"caption-attachment-26978\" class=\"wp-caption-text\">S\u00e5 h\u00e4r s\u00e5g den planteckning ut som formannen Lilltr\u00e4sk bifogade f\u00f6rs\u00e4kringsbrevet \u00e5r 1910. Enligt en stadsplan fr\u00e5n 1844 hade hans tomt f\u00e5tt numret 85, men det gamla numret 218 anv\u00e4ndes ocks\u00e5.<\/figcaption><\/figure>\n<h2><strong>Branden 1917.<\/strong><\/h2>\n<p>Den 10 augusti 1917 utbr\u00f6t en liten brand p\u00e5 taket p\u00e5 huvudbyggnaden nr 1 i Lilltr\u00e4sks g\u00e5rd. Vid unders\u00f6kningarna efter\u00e5t framkom att det m\u00e5ste ha varit gnistor fr\u00e5n egen skorsten eller fr\u00e5n grannens skorsten, som hade ant\u00e4nt n\u00e4vret under br\u00e4dtaket. Branden observerades i god tid och endast 3 kvm f\u00f6rst\u00f6rdes eller revs upp. Fyllningen p\u00e5 mellanbottnen bl\u00f6ttes ned men enligt en utredning av F. L. Wihuri och Einar Wadstr\u00f6m skulle skadorna kunna repareras f\u00f6r en kostnad av 95 mark.<\/p>\n<h3><strong>Brandf\u00f6rs\u00e4kringen \u00e5r 1923<\/strong><\/h3>\n<p>\u00c5r 1923, den 19 april tecknade Rudolf Lilltr\u00e4sks arvingar en ny brandf\u00f6rs\u00e4kring p\u00e5 alla byggnader. N\u00e5gra st\u00f6rre f\u00f6rb\u00e4ttringar hade inte gjorts men p\u00e5 grund av den h\u00f6ga inflationen m\u00e5ste v\u00e4rdet p\u00e5 byggnaderna korrigeras regelbundet. Alla byggnader f\u00f6rs\u00e4krades nu f\u00f6r 33 800 mark.<\/p>\n","protected":false},"excerpt":{"rendered":"<p>Sammanst\u00e4llt av Lasse Backlund. Uppgifterna \u00e4r tagna ur gamla brandf\u00f6rs\u00e4kringsbrev, som finns p\u00e5 Riksarkivet. \u00c5r 1832 bildades \u201dAllm\u00e4nna Brandstodsbolaget i Finland\u201d i Helsingfors och redan \u00e5r 1835 f\u00f6rs\u00e4krade sj\u00f6tullsvaktm\u00e4staren Erik Salomon Ahlfors sin g\u00e5rd p\u00e5 \u00d6stra L\u00e5nggatan 9. F\u00f6rs\u00e4kringsans\u00f6kan skulle <a class=\"more-link\" href=\"https:\/\/www.kristinestadshistoria.fi\/?page_id=25401\">Forts\u00e4tt l\u00e4sa <span class=\"screen-reader-text\">  Den f\u00f6rs\u00e4krade g\u00e5rden p\u00e5 tomt 218, s\u00f6dra halvan<\/span><span class=\"meta-nav\">&rarr;<\/span><\/a><\/p>\n","protected":false},"author":1,"featured_media":0,"parent":24018,"menu_order":10,"comment_status":"closed","ping_status":"closed","template":"","meta":{"footnotes":""},"class_list":["post-25401","page","type-page","status-publish","hentry"],"_links":{"self":[{"href":"https:\/\/www.kristinestadshistoria.fi\/index.php?rest_route=\/wp\/v2\/pages\/25401","targetHints":{"allow":["GET"]}}],"collection":[{"href":"https:\/\/www.kristinestadshistoria.fi\/index.php?rest_route=\/wp\/v2\/pages"}],"about":[{"href":"https:\/\/www.kristinestadshistoria.fi\/index.php?rest_route=\/wp\/v2\/types\/page"}],"author":[{"embeddable":true,"href":"https:\/\/www.kristinestadshistoria.fi\/index.php?rest_route=\/wp\/v2\/users\/1"}],"replies":[{"embeddable":true,"href":"https:\/\/www.kristinestadshistoria.fi\/index.php?rest_route=%2Fwp%2Fv2%2Fcomments&post=25401"}],"version-history":[{"count":8,"href":"https:\/\/www.kristinestadshistoria.fi\/index.php?rest_route=\/wp\/v2\/pages\/25401\/revisions"}],"predecessor-version":[{"id":29630,"href":"https:\/\/www.kristinestadshistoria.fi\/index.php?rest_route=\/wp\/v2\/pages\/25401\/revisions\/29630"}],"up":[{"embeddable":true,"href":"https:\/\/www.kristinestadshistoria.fi\/index.php?rest_route=\/wp\/v2\/pages\/24018"}],"wp:attachment":[{"href":"https:\/\/www.kristinestadshistoria.fi\/index.php?rest_route=%2Fwp%2Fv2%2Fmedia&parent=25401"}],"curies":[{"name":"wp","href":"https:\/\/api.w.org\/{rel}","templated":true}]}}