{"id":25395,"date":"2023-02-27T22:19:02","date_gmt":"2023-02-27T20:19:02","guid":{"rendered":"https:\/\/www.kristinestadshistoria.fi\/?page_id=25395"},"modified":"2023-05-02T23:18:53","modified_gmt":"2023-05-02T20:18:53","slug":"det-forsakrade-radhuset","status":"publish","type":"page","link":"https:\/\/www.kristinestadshistoria.fi\/?page_id=25395","title":{"rendered":"Det f\u00f6rs\u00e4krade r\u00e5dhuset"},"content":{"rendered":"<p><span style=\"color: #000080;\"><strong>Sammanst\u00e4llt av Lasse Backlund. Uppgifterna \u00e4r tagna ur de gamla f\u00f6rs\u00e4kringsbreven p\u00e5 Riksarkivet.<\/strong><\/span><\/p>\n<h3><strong>F\u00f6rs\u00e4kringen \u00e5r 1834.<\/strong><\/h3>\n<p>\u00c5r 1832 bildades \u201dAllm\u00e4nna Brandstodsbolaget i Finland\u201d i Helsingfors och redan \u00e5r 1834 f\u00f6rs\u00e4krade staden det r\u00e5dhus, som stod p\u00e5 torget. De uppgav d\u00e5 att d\u00e4r fanns en mindre brandspruta, 2 brandstegar, 2 brandhakar, 2 svabbar och 2 l\u00e4der\u00e4mbare.<\/p>\n<figure id=\"attachment_25398\" aria-describedby=\"caption-attachment-25398\" style=\"width: 1059px\" class=\"wp-caption alignnone\"><img loading=\"lazy\" decoding=\"async\" class=\"size-full wp-image-25398\" src=\"https:\/\/www.kristinestadshistoria.fi\/wp-content\/uploads\/2023\/02\/Tomtkarta-1843.jpg\" alt=\"\" width=\"1059\" height=\"779\" srcset=\"https:\/\/www.kristinestadshistoria.fi\/wp-content\/uploads\/2023\/02\/Tomtkarta-1843.jpg 1059w, https:\/\/www.kristinestadshistoria.fi\/wp-content\/uploads\/2023\/02\/Tomtkarta-1843-300x221.jpg 300w, https:\/\/www.kristinestadshistoria.fi\/wp-content\/uploads\/2023\/02\/Tomtkarta-1843-1024x753.jpg 1024w, https:\/\/www.kristinestadshistoria.fi\/wp-content\/uploads\/2023\/02\/Tomtkarta-1843-768x565.jpg 768w\" sizes=\"auto, (max-width: 1059px) 100vw, 1059px\" \/><figcaption id=\"caption-attachment-25398\" class=\"wp-caption-text\">\u00c5r 1834 f\u00f6rs\u00e4krade staden det gamla r\u00e5dhuset, som stod p\u00e5 torget.<\/figcaption><\/figure>\n<p>De uppgav att r\u00e5dhuset var byggt av nytt furutimmer och att det var i gott skick. R\u00e5dhuset skulle ha blivit uppf\u00f6rt \u00e5r 1742 i tv\u00e5 v\u00e5ningar och br\u00e4dfodrat \u00e5r 1748. Det var m\u00e5lat med r\u00f6d f\u00e4rg och i nedre v\u00e5ningen fanns det 8 rum, n\u00e4mligen en f\u00f6rstuga, en sal, 2 kamrar och 3 arrester och d\u00e4r fanns totalt 5 kakelugnar. I \u00f6vre v\u00e5ningen fanns det 6 rum, n\u00e4mligen en f\u00f6rstuga, 2 r\u00e5dsalar och 3 kamrar och i \u00f6vre v\u00e5ningen fanns det totalt 5 kakelugnar.<\/p>\n<p>Byggnadens h\u00f6jd fr\u00e5n jord upp till takkammaren var 17 \u00bd alnar och slagurets torn var 7 alnar h\u00f6gt \u00f6ver takkammaren. R\u00e5dhusets l\u00e4ngd var 29 alnar och bredd 15 alnar. Under r\u00e5dhuset fanns en stenfot, som var \u00bd aln h\u00f6gt och taket var t\u00e4ckt med br\u00e4der.<\/p>\n<p>Som brukligt var s\u00e5 f\u00f6rs\u00e4krades byggnadens delar och inredning skilt f\u00f6r sig. Till exempel stenfoten v\u00e4rderades till 50 rubel, stommen till 1\u00a0106 rubel, yttertaket till 580 rubel och slagverkstornet med dess tillbeh\u00f6r 250 rubel.<\/p>\n<p>Golvplankorna gjorda av granplankor v\u00e4rderades till 355 rubel, innertaken av furubr\u00e4der 280 och trapporna till 143 rubel. Slaguret med dess tillbeh\u00f6r f\u00f6rs\u00e4krades f\u00f6r 1\u00a0250 rubel och en st\u00f6rre klocka med lina och tillbeh\u00f6r f\u00f6r 200 rubel. Under r\u00e5dhuset fanns en dubbelk\u00e4llare men denna var inte i bruk och d\u00e4rf\u00f6r l\u00e4mnades den utan f\u00f6rs\u00e4kring.<\/p>\n<p>Hela r\u00e5dhuset blev f\u00f6rs\u00e4krat f\u00f6r 5\u00a0700 rubel. N\u00e5gra eldfarliga byggnader fanns inte i r\u00e5dhusets n\u00e4rhet.<\/p>\n<p>\u00c5r 1840 gjorde f\u00f6rs\u00e4kringsgranskarna en unders\u00f6kning och de kunde konstatera att byggnaden var i samma skick, som n\u00e4r f\u00f6rs\u00e4krings togs 6 \u00e5r tidigare. Brandredskapen kontrollerades ocks\u00e5. Dessa granskningar gjordes sedan vart femte \u00e5r.<\/p>\n<p>\u00c5r 1857, den 7 mars meddelade den lokala brandstodskommitt\u00e9n till huvudkontoret i Helsingfors att r\u00e5dhuset nu har \u201dblivit nedtaget\u201d och f\u00f6rs\u00e4kringen d\u00e4rf\u00f6r borde upph\u00f6ra.<\/p>\n","protected":false},"excerpt":{"rendered":"<p>Sammanst\u00e4llt av Lasse Backlund. Uppgifterna \u00e4r tagna ur de gamla f\u00f6rs\u00e4kringsbreven p\u00e5 Riksarkivet. F\u00f6rs\u00e4kringen \u00e5r 1834. \u00c5r 1832 bildades \u201dAllm\u00e4nna Brandstodsbolaget i Finland\u201d i Helsingfors och redan \u00e5r 1834 f\u00f6rs\u00e4krade staden det r\u00e5dhus, som stod p\u00e5 torget. De uppgav d\u00e5 <a class=\"more-link\" href=\"https:\/\/www.kristinestadshistoria.fi\/?page_id=25395\">Forts\u00e4tt l\u00e4sa <span class=\"screen-reader-text\">  Det f\u00f6rs\u00e4krade r\u00e5dhuset<\/span><span class=\"meta-nav\">&rarr;<\/span><\/a><\/p>\n","protected":false},"author":1,"featured_media":0,"parent":22813,"menu_order":10,"comment_status":"closed","ping_status":"closed","template":"","meta":{"footnotes":""},"class_list":["post-25395","page","type-page","status-publish","hentry"],"_links":{"self":[{"href":"https:\/\/www.kristinestadshistoria.fi\/index.php?rest_route=\/wp\/v2\/pages\/25395","targetHints":{"allow":["GET"]}}],"collection":[{"href":"https:\/\/www.kristinestadshistoria.fi\/index.php?rest_route=\/wp\/v2\/pages"}],"about":[{"href":"https:\/\/www.kristinestadshistoria.fi\/index.php?rest_route=\/wp\/v2\/types\/page"}],"author":[{"embeddable":true,"href":"https:\/\/www.kristinestadshistoria.fi\/index.php?rest_route=\/wp\/v2\/users\/1"}],"replies":[{"embeddable":true,"href":"https:\/\/www.kristinestadshistoria.fi\/index.php?rest_route=%2Fwp%2Fv2%2Fcomments&post=25395"}],"version-history":[{"count":4,"href":"https:\/\/www.kristinestadshistoria.fi\/index.php?rest_route=\/wp\/v2\/pages\/25395\/revisions"}],"predecessor-version":[{"id":26099,"href":"https:\/\/www.kristinestadshistoria.fi\/index.php?rest_route=\/wp\/v2\/pages\/25395\/revisions\/26099"}],"up":[{"embeddable":true,"href":"https:\/\/www.kristinestadshistoria.fi\/index.php?rest_route=\/wp\/v2\/pages\/22813"}],"wp:attachment":[{"href":"https:\/\/www.kristinestadshistoria.fi\/index.php?rest_route=%2Fwp%2Fv2%2Fmedia&parent=25395"}],"curies":[{"name":"wp","href":"https:\/\/api.w.org\/{rel}","templated":true}]}}