{"id":25387,"date":"2023-02-26T22:46:44","date_gmt":"2023-02-26T20:46:44","guid":{"rendered":"https:\/\/www.kristinestadshistoria.fi\/?page_id=25387"},"modified":"2024-11-23T17:25:31","modified_gmt":"2024-11-23T15:25:31","slug":"den-forsakrade-garden-pa-tomt-nr-90","status":"publish","type":"page","link":"https:\/\/www.kristinestadshistoria.fi\/?page_id=25387","title":{"rendered":"Den f\u00f6rs\u00e4krade g\u00e5rden p\u00e5 tomt nr 90"},"content":{"rendered":"<p><span style=\"color: #000080;\"><strong>Sammanst\u00e4llt av Lasse Backlund. Uppgifterna \u00e4r h\u00e4mtade ur brandf\u00f6rs\u00e4kringsbreven som finns p\u00e5 Riksarkivet.<\/strong><\/span><\/p>\n<h3><strong>F\u00f6rs\u00e4kringen \u00e5r 1834.<\/strong><\/h3>\n<p>\u00c5r 1832 bildades \u201dAllm\u00e4nna Brandstodsbolaget i Finland\u201d i Helsingfors och redan \u00e5r 1834 f\u00f6rs\u00e4krade handlande Salomon Wilhelm Fremdeling sin g\u00e5rd p\u00e5 Strandgatan 42. F\u00f6rs\u00e4kringsans\u00f6kan skulle g\u00f6ras till bolaget och han uppgav d\u00e5 att p\u00e5 tomten fanns det 2 brandstegar, 2 brandhakar, 2 handsprutor, 2 svabbar och 2 l\u00e4der\u00e4mbare.<\/p>\n<p>I ans\u00f6kan meddelade han att tomten \u00e4r 6 300 kvadratalnar och att den ligger vid stranden. Han uppgav att det p\u00e5 tomten fanns 8 byggnader som alla skulle f\u00f6rs\u00e4kras, n\u00e4mligen:<\/p>\n<h5><strong>Byggnad nr 1:<\/strong><\/h5>\n<p>En tr\u00e4dbyggnad byggt av nytt furutimmer \u00e5r 1770 i tv\u00e5 v\u00e5ningar. Den blev br\u00e4dfodrad \u00e5r 1789 och m\u00e5lad med r\u00f6d f\u00e4rg. I nedre v\u00e5ningen fanns det 6 rum, n\u00e4mligen en f\u00f6rstuga, en sal, 3 kammare med sammanlagt 3 kakelugnar, och ett rum hade en mindre stekugn, d\u00e4rtill ett k\u00f6k med k\u00f6ksspis och bakugn. I den \u00f6vre v\u00e5ningen fanns det ocks\u00e5 6 rum i stort sett likadana som i nedre v\u00e5ningen.<\/p>\n<p>Byggnaden hade en h\u00f6jd om 13 alnar och l\u00e4ngden var 26 \u00bd alnar. Taket var gjort av br\u00e4der och stenfoten var \u00bd aln h\u00f6g.<\/p>\n<p>Som brukligt var s\u00e5 f\u00f6rs\u00e4krades alla byggnadsdetaljer skilt f\u00f6r sig. Till exempel stenfoten var brandf\u00f6rs\u00e4krad till 75 rubel, stommen till 1\u00a0222 rubel, vattentaket till 447 och alla innertak till 301 rubel totalt. 6 tegelkakelugnar v\u00e4rderades till 216 tillsammans och 2 st \u201dkakel kakelugnar med nicher\u201d till 80 rubel. 6 rum hade vattenf\u00e4rgade papperstapeter och de f\u00f6rs\u00e4krades till 219 rubel. Takr\u00e4nnorna av tr\u00e4, som kallades vattenledare f\u00f6rs\u00e4krades till 8 rubel. Hela byggnaden f\u00f6rs\u00e4krades f\u00f6r 4\u00a0500 rubel.<\/p>\n<h5><strong>Byggnad nr 2:<\/strong><\/h5>\n<p>Ett av br\u00e4der och korsverk byggt lider byggt \u00e5r 1828, struket med r\u00f6d f\u00e4rg. Lidret hade ingen stenfot men hade ett tak av br\u00e4der och det f\u00f6rs\u00e4krades till 100 rubel.<\/p>\n<h5><strong>Byggnad nr 3:<\/strong><\/h5>\n<p>Ett boningshus, som var byggt av nytt timmer \u00e5r 1833. Huset var br\u00e4dfodrat och r\u00f6dm\u00e5lat och d\u00e4r fanns en f\u00f6rstuga och en kammare med en kakelugn. Taket var gjort av br\u00e4der och det var byggt p\u00e5 en stenfot. Detta hus blev v\u00e4rderat till 350 rubel.<\/p>\n<h5><strong>Byggnad nr 4:<\/strong><\/h5>\n<p>Ett r\u00f6dm\u00e5lat lider byggt av br\u00e4der \u00e5r 1829 och det var 13 alnar l\u00e5ngt och f\u00f6rs\u00e4krat f\u00f6r 300 rubel.<\/p>\n<h5><strong>Byggnad nr 5:<\/strong><\/h5>\n<p>En hush\u00e5llsbod eller h\u00e4rbre, som var byggt av nytt grantimmer \u00e5r 1800. Det var inte br\u00e4dfodrad, r\u00f6dm\u00e5lad och stod p\u00e5 en b\u00e4dd av granstockar. Det hade bara ett rum och det v\u00e4rderades till 250 rubel.<\/p>\n<h5><strong>Byggnad nr 6:<\/strong><\/h5>\n<p>Ett uthus byggt av nytt timmer \u00e5r 1829. Halva uthuset br\u00e4dfodrades \u00e5r 1830, och hela uthuset var r\u00f6dm\u00e5lat. D\u00e4r fanns 5 rum, n\u00e4mligen 2 f\u00f6rstugor, stall, f\u00e4hus och spillhus. Uthuset var 34 alnar l\u00e5ngt och hade ett ta av n\u00e4ver och stod p\u00e5 grundstenar. Uthuset v\u00e4rderades till 800 rubel.<\/p>\n<h5><strong>Byggnad nr 7:<\/strong><\/h5>\n<p>En liderbyggnad av furutimmer och av br\u00e4der \u00e5r 1829. Den var r\u00f6dm\u00e5lad och hade tv\u00e5 rum och l\u00e4ngden var 25 alnar. Taket var gjort av n\u00e4ver och stenfoten av naturstenar. Brandstodskommitt\u00e9n v\u00e4rderade den till 400 rubel.<\/p>\n<h5><strong>Byggnad nr 8:<\/strong><\/h5>\n<p>Ett magasin uppf\u00f6rt av nytt grantimmer \u00e5r 1829 och blev br\u00e4dfodrat f\u00f6ljande \u00e5r. Det hade n\u00e4vertak och stod p\u00e5 grundstenar och blev f\u00f6rs\u00e4krat f\u00f6r 650 rubel.<\/p>\n<p>F\u00f6rutom dessa \u00e5tta byggnader, s\u00e5 f\u00f6rs\u00e4krade den 5 meter breda ink\u00f6rsporten med tv\u00e5 oljem\u00e5lade portar med l\u00e5s och tillbeh\u00f6r f\u00f6r 50 rubel. Ett m\u00e5lat plank som var 6 alnar h\u00f6gt och 35 alnar l\u00e5ngt v\u00e4rderades till 50 rubel och det oljem\u00e5lade staketet runt tr\u00e4dg\u00e5rden v\u00e4rderades till 200 rubel och det var hela 128 alnar l\u00e5ngt.<\/p>\n<p>Handlande Fremdeling godk\u00e4nde denna f\u00f6rs\u00e4kring och den v\u00e4rdering som brandstodskommitt\u00e9n hade gjort. Totala f\u00f6rs\u00e4kringsv\u00e4rdet uppgick till 7\u00a0650 rubel premien f\u00f6r det f\u00f6rsta \u00e5ret blev 91 rubel 50 kopek.<\/p>\n<figure id=\"attachment_25389\" aria-describedby=\"caption-attachment-25389\" style=\"width: 979px\" class=\"wp-caption alignnone\"><img loading=\"lazy\" decoding=\"async\" class=\"size-full wp-image-25389\" src=\"https:\/\/www.kristinestadshistoria.fi\/wp-content\/uploads\/2023\/02\/Tomtkarta-1834-5.jpg\" alt=\"\" width=\"979\" height=\"807\" srcset=\"https:\/\/www.kristinestadshistoria.fi\/wp-content\/uploads\/2023\/02\/Tomtkarta-1834-5.jpg 979w, https:\/\/www.kristinestadshistoria.fi\/wp-content\/uploads\/2023\/02\/Tomtkarta-1834-5-300x247.jpg 300w, https:\/\/www.kristinestadshistoria.fi\/wp-content\/uploads\/2023\/02\/Tomtkarta-1834-5-768x633.jpg 768w\" sizes=\"auto, (max-width: 979px) 100vw, 979px\" \/><figcaption id=\"caption-attachment-25389\" class=\"wp-caption-text\">Det fanns 8 byggnader p\u00e5 tomt nr 90 d\u00e5 Fremdeling f\u00f6rs\u00e4krade dem 1834. Nere vid stranden fanns en stor tr\u00e4dg\u00e5rd, som den tiden kallades kryddg\u00e5rd.<\/figcaption><\/figure>\n<p>Vart femte \u00e5r skulle f\u00f6rs\u00e4kringen granskas och d\u00e5 genomgicks brandredskapen igen och s\u00e5 kontrollerades vilka \u00e4ndringar som har gjort i byggnaderna. \u00c5r 1838 hade huvudbyggnaden byggts till och br\u00e4dfodrades 1839 och m\u00e5lades d\u00e5 med gul oljef\u00e4rg. Byggnaden hade nu 10 rum i nedre v\u00e5ningen och 9 i den \u00f6vre. L\u00e4ngden \u00e4r nu 46 alnar mot 26 \u00bd tidigare. Den v\u00e4rderades nu till 9\u00a0550 rubel. \u00c5r 1840 hade byggnaderna 4, 6,7 och 8 rivits och detta beaktades d\u00e5 i f\u00f6rs\u00e4kringsv\u00e4rdet och premien. Ett nytt l\u00e5ngt uthus uppf\u00f6rdes i st\u00e4llet f\u00f6r de nedrivna byggnaderna. Alla byggnader v\u00e4rderades nu till 19\u00a0800 rubel och premien blev 205 rubel.<\/p>\n<p>Under de f\u00f6ljande granskningarna hade inga f\u00f6r\u00e4ndringar gjorts i Fremdelings g\u00e5rd.<\/p>\n<h5><strong>Stadsbranden 1859.<\/strong><\/h5>\n<p>\u00c5r 1859, den 14 januari intr\u00e4ffade den stora stadsbranden i Kristinestad. Med stor m\u00f6da kunde alla byggnader p\u00e5 \u00e4nkan Katarina Fremdelings tomt r\u00e4ddas. D\u00e4remot skadades br\u00e4dfodringen och oljem\u00e5lningen p\u00e5 den v\u00e4stra sidan av hettan. Pilastrarna, kornischerna och taklisterna f\u00f6rst\u00f6rdes helt. 116 f\u00f6nster, b\u00e5de inre och yttre s\u00f6ndrades och 6 f\u00f6nsterb\u00e5gar m\u00e5ste f\u00f6rnyas och hela skadan uppskattade till 131 rubel. P\u00e5 ett m\u00f6te den 26 februari besl\u00f6t brandstodsbolaget att summan skall betalas ut. \u00c4nkan Fremdeling \u00e5lades \u201datt ist\u00e5nds\u00e4tta den vid branden timade skadan, samt bevis d\u00e4r\u00f6fver hit ingifva, sist inom utg\u00e5ngen af n\u00e4stinstundande augusti m\u00e5nad, vid \u00e4fventyr af laga p\u00e5f\u00f6ljd\u201d.<\/p>\n<p>\u00c5r 1859, den 23 juni kunde granskarna konstatera att reparationen var genomf\u00f6rd och att huset nu befinner sig i b\u00e4sta skick.<\/p>\n<figure id=\"attachment_23092\" aria-describedby=\"caption-attachment-23092\" style=\"width: 504px\" class=\"wp-caption alignnone\"><img loading=\"lazy\" decoding=\"async\" class=\"size-full wp-image-23092\" src=\"https:\/\/www.kristinestadshistoria.fi\/wp-content\/uploads\/2022\/01\/1875-plankarta-2.jpg\" alt=\"\" width=\"504\" height=\"388\" srcset=\"https:\/\/www.kristinestadshistoria.fi\/wp-content\/uploads\/2022\/01\/1875-plankarta-2.jpg 504w, https:\/\/www.kristinestadshistoria.fi\/wp-content\/uploads\/2022\/01\/1875-plankarta-2-300x231.jpg 300w\" sizes=\"auto, (max-width: 504px) 100vw, 504px\" \/><figcaption id=\"caption-attachment-23092\" class=\"wp-caption-text\">Runt 1870 s\u00e5 fanns dessa byggnader p\u00e5 Strandgatan 42: Nr 1 \u00e4r huvudbyggnaden som borgm\u00e4stare Daniel Mattens byggde \u00e5r 1770, nr 2 \u00e4r en uthusbyggnad av br\u00e4der som Fremdeling byggde \u00e5r 1839, nr 3 \u00e4r ett bostadshus av stock som Fremdeling byggde \u00e5r 1838, nr 4 \u00e4r ett l\u00e5ngt uthus, som str\u00e4ckte sig \u00e4nda ned till stranden. Det h\u00e4r uthuset byggdes ocks\u00e5 av Fremdeling. Nr 5 \u00e4r det h\u00e4rbre, som tidigare stod uppe vid Strandgatan men som flyttades d\u00e5 uthuset nr 4 byggdes.<\/figcaption><\/figure>\n<h2><strong>Brandf\u00f6rs\u00e4kringen \u00e5r 1905.<\/strong><\/h2>\n<p>G\u00e5rden tillh\u00f6rde nu handlanden Olga Holm och i december 1905 tecknade hon en ny f\u00f6rs\u00e4kring mot brandskada, \u00e5skslag och explosion efterson flera byggnader hade genomg\u00e5tt f\u00f6rb\u00e4ttringar och f\u00e5tt h\u00f6gre v\u00e4rden.<\/p>\n<p>Tomten var 2\u00a0193 m\u00b2 stor och gr\u00e4nsade till Stadsfj\u00e4rden, d\u00e4rifr\u00e5n vatten kunde langas vid en eventuell brand. Alla n\u00f6dv\u00e4ndiga brandredskap fanns ocks\u00e5 oh de var alla m\u00e4rkta med tomtens nummer. Det fanns fyra byggnader p\u00e5 tomten som Olga Holm ville f\u00f6rs\u00e4kra.<\/p>\n<figure id=\"attachment_26335\" aria-describedby=\"caption-attachment-26335\" style=\"width: 2560px\" class=\"wp-caption alignnone\"><img loading=\"lazy\" decoding=\"async\" class=\"size-full wp-image-26335\" src=\"https:\/\/www.kristinestadshistoria.fi\/wp-content\/uploads\/2023\/05\/Tomtkarta-1905-liten-4-scaled.jpg\" alt=\"\" width=\"2560\" height=\"1831\" srcset=\"https:\/\/www.kristinestadshistoria.fi\/wp-content\/uploads\/2023\/05\/Tomtkarta-1905-liten-4-scaled.jpg 2560w, https:\/\/www.kristinestadshistoria.fi\/wp-content\/uploads\/2023\/05\/Tomtkarta-1905-liten-4-300x215.jpg 300w, https:\/\/www.kristinestadshistoria.fi\/wp-content\/uploads\/2023\/05\/Tomtkarta-1905-liten-4-1024x732.jpg 1024w, https:\/\/www.kristinestadshistoria.fi\/wp-content\/uploads\/2023\/05\/Tomtkarta-1905-liten-4-768x549.jpg 768w, https:\/\/www.kristinestadshistoria.fi\/wp-content\/uploads\/2023\/05\/Tomtkarta-1905-liten-4-1536x1098.jpg 1536w, https:\/\/www.kristinestadshistoria.fi\/wp-content\/uploads\/2023\/05\/Tomtkarta-1905-liten-4-2048x1465.jpg 2048w\" sizes=\"auto, (max-width: 2560px) 100vw, 2560px\" \/><figcaption id=\"caption-attachment-26335\" class=\"wp-caption-text\">D\u00e5 Olga Holm f\u00f6rs\u00e4krade sin g\u00e5rd p\u00e5 Strandgatan 42, s\u00e5 var byggnaderna placerade s\u00e5 h\u00e4r. De bl\u00e5a linjerna visar tomtgr\u00e4nserna enligt den nyaste stadsplanen.<\/figcaption><\/figure>\n<h5><strong>Byggnad nr 1.<\/strong><\/h5>\n<p>Ett boningshus i tv\u00e5 v\u00e5ningar, byggt av timmer \u00e5r 1770 och tillbyggt 1838. Byggnaden var br\u00e4dfodrad och m\u00e5lad med oljef\u00e4rg och taket var lagt med j\u00e4rnpl\u00e5t. Byggnaden var 27,31 m l\u00e5ng och 10,09 m bred. I nedre v\u00e5ningen fanns det 11 rum, varav tv\u00e5 var inredda till handelsbutiker. I dessa rum fanns det 8 kakelugnar och en k\u00f6ksspis. i den \u00f6vre v\u00e5ningen fanns det nio boningsrum och i dessa fanns det 7 kakelugnar och en kokskamin av j\u00e4rn. P\u00e5 g\u00e5rdssidan fanns det en \u00f6ppen veranda och en balkong med utg\u00e5ng fr\u00e5n den \u00f6vre v\u00e5ningen. I byggnadens f\u00f6rs\u00e4kring ingick butikernas v\u00e4gg- och golvfasta inredningar.<\/p>\n<p>Olga ville att byggnaden skulle f\u00f6rs\u00e4kras f\u00f6r 20\u00a0000 mark men den lokala brandstodskommitt\u00e9n godk\u00e4nde endast 18\u00a0600 mark.<\/p>\n<h5><strong>Byggnad nr 2:<\/strong><\/h5>\n<p>En uthusbyggnad av korsvirke och br\u00e4der, uppf\u00f6rd \u00e5r 1839. Den var m\u00e5lad med oljef\u00e4rg och hade ett tak av asfaltfilt. Uthuset var 21,38 m l\u00e5ngt och 3,86 m brett och d\u00e4r fanns ett vagnlider och ett vedlider.<\/p>\n<p>Uthuset f\u00f6rs\u00e4krades f\u00f6r 600 mark.<\/p>\n<h5><strong>Byggnad nr 3:<\/strong><\/h5>\n<p>Ett boningshus av timmer, uppf\u00f6rt \u00e5r 1838. Det var i gott skick, br\u00e4dfodrat och m\u00e5lat med oljef\u00e4rg och hade ett tak av asfaltfilt. Det var 28,65 m l\u00e5ngt och n\u00e4stan 6 meter brett och d\u00e4r fanns 8 boningsrum med 6 kakelugnar och en mindre bageriugn.<\/p>\n<p>Byggnaden f\u00f6rs\u00e4krades f\u00f6r 4\u00a0550 mark.<\/p>\n<h5><strong>Byggnad nr 4:<\/strong><\/h5>\n<p>Ett boningshus av timmer, kombinerat med ett uthus av stock, uppf\u00f6rt \u00e5r 1838. Det var i gott skick, br\u00e4dfodrat och m\u00e5lat med oljef\u00e4rg och hade asfaltfilt p\u00e5 taket. Huset var 53,44 m l\u00e5ngt och 6,82 m brett och d\u00e4r fanns tv\u00e5 boningsrum, varav det ena var inrett till handelsbutik. D\u00e4r fanns ocks\u00e5 ett stall, latrin med spillningskast, f\u00e4hus, foderlada och fyra magasin. Under byggnaden fanns det en stenk\u00e4llare och i f\u00f6rs\u00e4kringen ingick butikstrappan mot gatan och den fasta inredningen i butiken.<\/p>\n<p>Byggnaden f\u00f6rs\u00e4krades f\u00f6r 7\u00a0750 mark.<\/p>\n<p>F\u00f6rutom de fyra byggnaderna s\u00e5 f\u00f6rs\u00e4krades ink\u00f6rsporten f\u00f6r 200 mark och ett tr\u00e4dg\u00e5rdsstaket f\u00f6r 300 mark. Det h\u00e4r staketet hade stenstolpar men var i \u00f6vrigt gjort av st\u00e4vor och ribbor. Den var 66 m l\u00e5ngt och 1,50 m h\u00f6gt.<\/p>\n<p>Hela f\u00f6rs\u00e4kringsbeloppet uppgick till 32\u00a0000 mark och den \u00e5rliga intr\u00e4desavgiften ber\u00e4knades till 301 mark. Premierna h\u00f6jdes av olika orsaker, bland annat huvudbyggnadens premie steg med 20 % f\u00f6r att byggnaden var i tv\u00e5 v\u00e5ningar och med ytterligare 30 % f\u00f6r att den var sammansbyggd med ett eldfarligt bageri i byggnad nr 3. Premien f\u00f6r byggnad nr 3 steg med 50 %, eftersom den var sammansbyggd med nr 2 och f\u00f6r att det fanns ett eldfarligt bageri d\u00e4r.<\/p>\n<p>Olga Holm uppgav att alla byggnader p\u00e5 tomten var f\u00f6rs\u00e4krade och n\u00e5gra eldfarliga inr\u00e4ttningar fanns inte p\u00e5 tomten, f\u00f6rutom den mindre bageriugnen i byggnad nr 3. P\u00e5 hennes tomt fanns det tr\u00e4dg\u00e5rdar och i dessa fanns det stora, lummiga l\u00f6vtr\u00e4d.<\/p>\n<p>Tv\u00e5 av stadens ledande aff\u00e4rsm\u00e4n, n\u00e4mligen Emil Axelin och Konrad Sundman granskade b\u00e5de byggnaderna och brandredskapen och de var i gott skick.<\/p>\n<p>Brandstodsbolagets lokala agent, sj\u00f6kapten Wilhelm Hagen skrev i sin rapport att enligt stadens nya byggnadsf\u00f6rordning, s\u00e5 var alla byggnader uppf\u00f6rda i strid med den. \u201dHusen nr 1, 2 och 3 \u00e4ro sammanbyggda, husen nr 2 och 3 p\u00e5 sj\u00e4lva tomtgr\u00e4nsen samt husen nr 1 och 4 f\u00f6r n\u00e4ra tomtgr\u00e4nsen \u00e4vensom att huset nr 1 \u00e4r uppf\u00f6rt i tv\u00e5 v\u00e5ningar af tr\u00e4.\u201d Han bekr\u00e4ftade dock att alla byggnader \u00e4r f\u00f6rs\u00e4krade till sitt r\u00e4tta v\u00e4rde.<\/p>\n<figure id=\"attachment_26336\" aria-describedby=\"caption-attachment-26336\" style=\"width: 1445px\" class=\"wp-caption alignnone\"><img loading=\"lazy\" decoding=\"async\" class=\"size-full wp-image-26336\" src=\"https:\/\/www.kristinestadshistoria.fi\/wp-content\/uploads\/2023\/05\/Tomtkarta-1905-original-4.jpg\" alt=\"\" width=\"1445\" height=\"2516\" srcset=\"https:\/\/www.kristinestadshistoria.fi\/wp-content\/uploads\/2023\/05\/Tomtkarta-1905-original-4.jpg 1445w, https:\/\/www.kristinestadshistoria.fi\/wp-content\/uploads\/2023\/05\/Tomtkarta-1905-original-4-172x300.jpg 172w, https:\/\/www.kristinestadshistoria.fi\/wp-content\/uploads\/2023\/05\/Tomtkarta-1905-original-4-588x1024.jpg 588w, https:\/\/www.kristinestadshistoria.fi\/wp-content\/uploads\/2023\/05\/Tomtkarta-1905-original-4-768x1337.jpg 768w, https:\/\/www.kristinestadshistoria.fi\/wp-content\/uploads\/2023\/05\/Tomtkarta-1905-original-4-882x1536.jpg 882w, https:\/\/www.kristinestadshistoria.fi\/wp-content\/uploads\/2023\/05\/Tomtkarta-1905-original-4-1176x2048.jpg 1176w\" sizes=\"auto, (max-width: 1445px) 100vw, 1445px\" \/><figcaption id=\"caption-attachment-26336\" class=\"wp-caption-text\">D\u00e5 handlanden Olga Holm \u00e5r 1905 ville brandf\u00f6rs\u00e4kra byggnaderna p\u00e5 sin tomt, s\u00e5 l\u00e4t hon rita upp denna planteckning som skulle bifogas f\u00f6rs\u00e4kringsbrevet. Hennes namnteckning fr\u00e5n f\u00f6rs\u00e4kringsbrevet finns inf\u00e4llt i nedre kanten.<\/figcaption><\/figure>\n<h3><strong>Brandf\u00f6rs\u00e4kringen \u00e5r 1918.<\/strong><\/h3>\n<p>\u00c5r 1918 ville g\u00e5rds\u00e4garen Frans Orrela fr\u00e5n Teuva teckna en ny brandf\u00f6rs\u00e4kring p\u00e5 sin g\u00e5rd. Vissa f\u00f6rb\u00e4ttringar hade gjorts p\u00e5 byggnaderna, bland annat hade nr 2 och 3 f\u00e5tt nya tak av galvaniserad pl\u00e5t. Den h\u00f6ga inflationen hade gjort att v\u00e4rdet p\u00e5 byggnaderna och byggarbetskostnaderna hade stigit, vilket ocks\u00e5 motiverade en ny f\u00f6rs\u00e4kring.<\/p>\n<p>Byggnaden nr 1 f\u00f6rs\u00e4krades f\u00f6r 67 000 mark, nr 2 f\u00f6r 1 430 mark, nr 3 f\u00f6r 24 480 mark och byggnad nr 4 f\u00f6r 27 300 mark. Hela f\u00f6rs\u00e4kringsbeloppet uppgick med andra ord till120 210 mark.<\/p>\n<figure id=\"attachment_29315\" aria-describedby=\"caption-attachment-29315\" style=\"width: 1506px\" class=\"wp-caption alignnone\"><img loading=\"lazy\" decoding=\"async\" class=\"size-full wp-image-29315\" src=\"https:\/\/www.kristinestadshistoria.fi\/wp-content\/uploads\/2024\/11\/Tomtkarta-1918-original.jpg\" alt=\"\" width=\"1506\" height=\"1551\" srcset=\"https:\/\/www.kristinestadshistoria.fi\/wp-content\/uploads\/2024\/11\/Tomtkarta-1918-original.jpg 1506w, https:\/\/www.kristinestadshistoria.fi\/wp-content\/uploads\/2024\/11\/Tomtkarta-1918-original-291x300.jpg 291w, https:\/\/www.kristinestadshistoria.fi\/wp-content\/uploads\/2024\/11\/Tomtkarta-1918-original-994x1024.jpg 994w, https:\/\/www.kristinestadshistoria.fi\/wp-content\/uploads\/2024\/11\/Tomtkarta-1918-original-768x791.jpg 768w, https:\/\/www.kristinestadshistoria.fi\/wp-content\/uploads\/2024\/11\/Tomtkarta-1918-original-1491x1536.jpg 1491w\" sizes=\"auto, (max-width: 1506px) 100vw, 1506px\" \/><figcaption id=\"caption-attachment-29315\" class=\"wp-caption-text\">Den h\u00e4r tomtkartan fogade Frans Orrela till brandf\u00f6rs\u00e4kringen, d\u00e5 han i september 1918 tecknade en ny brandf\u00f6rs\u00e4kring. I nedre kanten syns hans namnteckning.<\/figcaption><\/figure>\n","protected":false},"excerpt":{"rendered":"<p>Sammanst\u00e4llt av Lasse Backlund. Uppgifterna \u00e4r h\u00e4mtade ur brandf\u00f6rs\u00e4kringsbreven som finns p\u00e5 Riksarkivet. F\u00f6rs\u00e4kringen \u00e5r 1834. \u00c5r 1832 bildades \u201dAllm\u00e4nna Brandstodsbolaget i Finland\u201d i Helsingfors och redan \u00e5r 1834 f\u00f6rs\u00e4krade handlande Salomon Wilhelm Fremdeling sin g\u00e5rd p\u00e5 Strandgatan 42. F\u00f6rs\u00e4kringsans\u00f6kan <a class=\"more-link\" href=\"https:\/\/www.kristinestadshistoria.fi\/?page_id=25387\">Forts\u00e4tt l\u00e4sa <span class=\"screen-reader-text\">  Den f\u00f6rs\u00e4krade g\u00e5rden p\u00e5 tomt nr 90<\/span><span class=\"meta-nav\">&rarr;<\/span><\/a><\/p>\n","protected":false},"author":1,"featured_media":0,"parent":18580,"menu_order":10,"comment_status":"closed","ping_status":"closed","template":"","meta":{"footnotes":""},"class_list":["post-25387","page","type-page","status-publish","hentry"],"_links":{"self":[{"href":"https:\/\/www.kristinestadshistoria.fi\/index.php?rest_route=\/wp\/v2\/pages\/25387","targetHints":{"allow":["GET"]}}],"collection":[{"href":"https:\/\/www.kristinestadshistoria.fi\/index.php?rest_route=\/wp\/v2\/pages"}],"about":[{"href":"https:\/\/www.kristinestadshistoria.fi\/index.php?rest_route=\/wp\/v2\/types\/page"}],"author":[{"embeddable":true,"href":"https:\/\/www.kristinestadshistoria.fi\/index.php?rest_route=\/wp\/v2\/users\/1"}],"replies":[{"embeddable":true,"href":"https:\/\/www.kristinestadshistoria.fi\/index.php?rest_route=%2Fwp%2Fv2%2Fcomments&post=25387"}],"version-history":[{"count":7,"href":"https:\/\/www.kristinestadshistoria.fi\/index.php?rest_route=\/wp\/v2\/pages\/25387\/revisions"}],"predecessor-version":[{"id":29317,"href":"https:\/\/www.kristinestadshistoria.fi\/index.php?rest_route=\/wp\/v2\/pages\/25387\/revisions\/29317"}],"up":[{"embeddable":true,"href":"https:\/\/www.kristinestadshistoria.fi\/index.php?rest_route=\/wp\/v2\/pages\/18580"}],"wp:attachment":[{"href":"https:\/\/www.kristinestadshistoria.fi\/index.php?rest_route=%2Fwp%2Fv2%2Fmedia&parent=25387"}],"curies":[{"name":"wp","href":"https:\/\/api.w.org\/{rel}","templated":true}]}}