{"id":25377,"date":"2023-02-26T18:25:13","date_gmt":"2023-02-26T16:25:13","guid":{"rendered":"https:\/\/www.kristinestadshistoria.fi\/?page_id=25377"},"modified":"2025-01-05T08:38:55","modified_gmt":"2025-01-05T06:38:55","slug":"den-forsakrade-garden-pa-tomt-nr-132","status":"publish","type":"page","link":"https:\/\/www.kristinestadshistoria.fi\/?page_id=25377","title":{"rendered":"Den f\u00f6rs\u00e4krade g\u00e5rden p\u00e5 tomt nr 132"},"content":{"rendered":"<p><span style=\"color: #000080;\"><strong>Sammanst\u00e4llt av Lasse Backlund. Uppgifterna \u00e4r tagna ur brandf\u00f6rs\u00e4kringsbrevet p\u00e5 Riksarkivet.<\/strong><\/span><\/p>\n<h3><strong>Brandf\u00f6rs\u00e4kringen \u00e5r 1834.<\/strong><\/h3>\n<p>\u00c5r 1832 bildades \u201dAllm\u00e4nna Brandstodsbolaget i Finland\u201d i Helsingfors och redan \u00e5r 1834 f\u00f6rs\u00e4krade \u00e4nkefrun, borgm\u00e4starinnan Johanna Forsman sin g\u00e5rd p\u00e5 Strandgatan 41. F\u00f6rs\u00e4kringsans\u00f6kan skulle g\u00f6ras till bolaget och hon uppgav d\u00e5 att p\u00e5 tomten fanns det 1 brandstege, 1 brandhake, 1 handspruta, 1 svabb och 1 l\u00e4der\u00e4mbare.<\/p>\n<p>I ans\u00f6kan meddelade hon att tomten \u00e4r 7 387 alnar i areal och att den ligger 125 alnar fr\u00e5n stranden. Hon uppgav att det p\u00e5 tomten fanns 4 byggnader men endast tre skulle f\u00f6rs\u00e4kras, eftersom byggnad 2, som var det gamla bostadshuset var i d\u00e5ligt skick.<\/p>\n<h5><strong>Byggnad nr 1:<\/strong><\/h5>\n<p>En tr\u00e4dbyggnad byggd av nytt timmer 1818 och tillbyggd 1833, med br\u00e4dfodrade knutar i en v\u00e5ning. D\u00e4r fanns 6 rum, n\u00e4mligen en sal, 4 kamrar, ett k\u00f6k och en f\u00f6rstuga med 5 kakelugnar. I k\u00f6ket fanns en spis och en bakugn. Huset var 25 alnar l\u00e5ngt, hade n\u00e4vertak och en stenfot som var 1 \u00bc alnar h\u00f6g.<\/p>\n<p>Som brukligt var s\u00e5 f\u00f6rs\u00e4krades olika delar separat. Till exempel stenfoten v\u00e4rderades till 130 rubel, stommen till 451, yttre taket 146 och bj\u00e4lklaget till 25 rubel. Golven i rummen var gjorda av granplankor och de f\u00f6rs\u00e4krades till 226 rubel, innertaken var gjorda av furubr\u00e4der f\u00f6rs\u00e4krades till 106 rubel, 8 f\u00f6nster med beslag och g\u00e5ngj\u00e4rn v\u00e4rderades till 136 och tre skorstenar f\u00f6rs\u00e4krades till 30 rubel sammanlagt. Bostadsbyggnaden v\u00e4rderades till totalt 1\u00a0750 rubel.<\/p>\n<h5><strong>Byggnad nr 3.<\/strong><\/h5>\n<p>Hush\u00e5llsbod eller h\u00e4rbre med n\u00e4vertak, byggt \u00e5r 1794, i f\u00f6rsvarligt skick och hade stockar till underb\u00e4dd. H\u00e4rbret f\u00f6rs\u00e4krades f\u00f6r 100 rubel.<\/p>\n<h5><strong>Byggnad nr 4.<\/strong><\/h5>\n<p>Uthusbyggnad som var 35 alnar l\u00e5ngt, uppf\u00f6rd 1818, med n\u00e4vertak och utan stenfot. D\u00e4r fanns en lada, f\u00e4hus, spillningshus och ett vedlider. G\u00e5rds\u00e4garen ville ha det f\u00f6rs\u00e4krat f\u00f6r 460 rubel men brandstodskommitt\u00e9n godk\u00e4nde endast 150 rubel.<\/p>\n<p>F\u00f6rutom de tre byggnaderna s\u00e5 f\u00f6rs\u00e4krades planket runt tomten f\u00f6r 50 rubel, staketet runt tr\u00e4dg\u00e5rden f\u00f6r 50 och de tv\u00e5 ink\u00f6rsportarna f\u00f6r 50 rubel tillsammans.<\/p>\n<p>Totala f\u00f6rs\u00e4kringsv\u00e4rdet blev allts\u00e5 2\u00a0150, vilket g\u00e5rds\u00e4garen Forsman godk\u00e4nde. Premien r\u00e4knades ut enligt olika tariffer och den blev f\u00f6rsta \u00e5ret 21 rubel, 43 kopek.<\/p>\n<figure id=\"attachment_25379\" aria-describedby=\"caption-attachment-25379\" style=\"width: 952px\" class=\"wp-caption alignnone\"><img loading=\"lazy\" decoding=\"async\" class=\"size-full wp-image-25379\" src=\"https:\/\/www.kristinestadshistoria.fi\/wp-content\/uploads\/2023\/02\/Tomtkarta-1834-4.jpg\" alt=\"\" width=\"952\" height=\"465\" srcset=\"https:\/\/www.kristinestadshistoria.fi\/wp-content\/uploads\/2023\/02\/Tomtkarta-1834-4.jpg 952w, https:\/\/www.kristinestadshistoria.fi\/wp-content\/uploads\/2023\/02\/Tomtkarta-1834-4-300x147.jpg 300w, https:\/\/www.kristinestadshistoria.fi\/wp-content\/uploads\/2023\/02\/Tomtkarta-1834-4-768x375.jpg 768w\" sizes=\"auto, (max-width: 952px) 100vw, 952px\" \/><figcaption id=\"caption-attachment-25379\" class=\"wp-caption-text\">\u00c5r 1834 fanns det 4 byggnader p\u00e5 tomt nr 132, som d\u00e5 \u00e4gdes av \u00e4nkefrun, borgm\u00e4starinnan Forsman.<\/figcaption><\/figure>\n<p>Vid 5-\u00e5rsgranskningen 1840 s\u00e5 \u00e4ndrades f\u00f6rs\u00e4kringen efter att \u00e4nkan Forsman hade avlidit och g\u00e5rden hade \u00f6vertagits av arvingarna. Byggnaderna 3 och 4 var p\u00e5 grund av sin \u00e5lder i d\u00e5ligt skick och togs d\u00e4rf\u00f6r bort ur f\u00f6rs\u00e4kringen. Staketet runt tr\u00e4dg\u00e5rden togs ocks\u00e5 bort ur f\u00f6rs\u00e4kringen av samma orsak.<\/p>\n<p>\u00c5r 1866 \u00f6vertog den nya g\u00e5rds\u00e4garen, handlande Carl Emil Carlstr\u00f6m b\u00e5de g\u00e5rden och f\u00f6rs\u00e4kringen. Enda byggnaden d\u00e5 var boningshuset vid Strandgatan.<\/p>\n<h3><strong>Brandf\u00f6rs\u00e4kringen \u00e5r 1883.<\/strong><\/h3>\n<p>\u00c5r 1866 hade Karolina Forsmans arvingar s\u00e5lt tomten nr 132 med dess huvudbyggnad \u00e5t handlanden Carl Emil Carlstr\u00f6m. Han uppf\u00f6rde sedan tv\u00e5 nya byggnader och \u00e5r 1883 tecknade han en helt ny brandf\u00f6rs\u00e4kring p\u00e5 dessa.<\/p>\n<figure id=\"attachment_25816\" aria-describedby=\"caption-attachment-25816\" style=\"width: 1158px\" class=\"wp-caption alignnone\"><img loading=\"lazy\" decoding=\"async\" class=\"size-full wp-image-25816\" src=\"https:\/\/www.kristinestadshistoria.fi\/wp-content\/uploads\/2023\/04\/Tomtkarta-1883-liten.jpg\" alt=\"\" width=\"1158\" height=\"518\" srcset=\"https:\/\/www.kristinestadshistoria.fi\/wp-content\/uploads\/2023\/04\/Tomtkarta-1883-liten.jpg 1158w, https:\/\/www.kristinestadshistoria.fi\/wp-content\/uploads\/2023\/04\/Tomtkarta-1883-liten-300x134.jpg 300w, https:\/\/www.kristinestadshistoria.fi\/wp-content\/uploads\/2023\/04\/Tomtkarta-1883-liten-1024x458.jpg 1024w, https:\/\/www.kristinestadshistoria.fi\/wp-content\/uploads\/2023\/04\/Tomtkarta-1883-liten-768x344.jpg 768w\" sizes=\"auto, (max-width: 1158px) 100vw, 1158px\" \/><figcaption id=\"caption-attachment-25816\" class=\"wp-caption-text\">Efter att uthuset 3 hade tagits i bruk tecknade Carl Emil Carlstr\u00f6m en brandf\u00f6rs\u00e4kring p\u00e5 byggnaderna och till den bifogade han en planteckning, som skulle visa var byggnaderna fanns. S\u00e5h\u00e4r s\u00e5g planteckningen ut i renritad form.<\/figcaption><\/figure>\n<p>Tomten var den samma och d\u00e4r fanns n\u00f6diga brandredskap.<\/p>\n<h5><strong>Byggnad nr 1:<\/strong><\/h5>\n<p>Byggnaden var lika l\u00e5ng som tidigare men \u00e5r 1872 hade den blivit tillbyggd med en farstukvist, s\u00e5 att den nu hade 7 rum. Den var br\u00e4dfodrad och m\u00e5lad med oljef\u00e4rg och hade ett tak av p\u00e4rtor.<\/p>\n<p>Byggnaden f\u00f6rs\u00e4krades f\u00f6r 5\u00a0000 mark.<\/p>\n<h5><strong>Byggnad nr 2:<\/strong><\/h5>\n<p>Ett boningshus av timmer i gott skick uppf\u00f6rt \u00e5r 1873, br\u00e4dfodrat och m\u00e5lat med oljef\u00e4rg och det hade ett tak av p\u00e4rtor. Huset \u00e4r 27 alnar (16,2 m) l\u00e5ngt, 9 \u00bc alnar brett och 10 \u00be h\u00f6gt fr\u00e5n marken till takkammen. Det fanns 5 rum i byggnaden och i dessa fanns det tv\u00e5 kakelugnar, en k\u00f6ksspis med bakugn och inmurad gryta.<\/p>\n<p>Detta hus f\u00f6rs\u00e4krades f\u00f6r 3\u00a0000 mark.<\/p>\n<h5><strong>Byggnad nr 3:<\/strong><\/h5>\n<p>En uthusbyggnad av stock i gott skick uppf\u00f6rd \u00e5r 1883, inte \u00e4nnu br\u00e4dfodrad men hade ett tak av j\u00e4rnpl\u00e5t. Huset var 28 alnar (16,8 m) l\u00e5ngt och d\u00e4r fanns en f\u00f6rstuga, en foderlada, f\u00e4hus, spillningskast med latrin, ett stall och ett vedlider.<\/p>\n<p>Uthuset f\u00f6rs\u00e4krades f\u00f6r 3\u00a0500 mark.<\/p>\n<p>Till tomten fanns det tv\u00e5 ink\u00f6rsportar, som var gjorda av stockar och plankor och dessa f\u00f6rs\u00e4krades f\u00f6r 100 mark tillsammans och d\u00e4r ingick l\u00e5s, g\u00e5ngj\u00e4rn och reglar.<\/p>\n<p>Runt tomten gick ett 38 alnar l\u00e5ngt och 4 \u00bd alnar h\u00f6gt plank, av stock och br\u00e4der och det f\u00f6rs\u00e4krades f\u00f6r 200 mark<\/p>\n<p>Hela f\u00f6rs\u00e4kringen uppgick till 11 800 mark och den \u00e5rliga intr\u00e4desavgiften ber\u00e4knades till 76,90 mark.<\/p>\n<p>Carlstr\u00f6m uppgav att p\u00e5 tomten fanns det inga eldfarliga inr\u00e4ttningar och inte i grannskapet heller. N\u00e5gon tr\u00e4dg\u00e5rd fanns inte l\u00e4ngre p\u00e5 tomten och inga lummiga l\u00f6vtr\u00e4d heller, men p\u00e5 flera granntomter fanns det s\u00e5dana.<\/p>\n<figure id=\"attachment_26931\" aria-describedby=\"caption-attachment-26931\" style=\"width: 795px\" class=\"wp-caption alignnone\"><img loading=\"lazy\" decoding=\"async\" class=\"size-full wp-image-26931\" src=\"https:\/\/www.kristinestadshistoria.fi\/wp-content\/uploads\/2023\/07\/Tomtkarta-1883-stor.jpg\" alt=\"\" width=\"795\" height=\"640\" srcset=\"https:\/\/www.kristinestadshistoria.fi\/wp-content\/uploads\/2023\/07\/Tomtkarta-1883-stor.jpg 795w, https:\/\/www.kristinestadshistoria.fi\/wp-content\/uploads\/2023\/07\/Tomtkarta-1883-stor-300x242.jpg 300w, https:\/\/www.kristinestadshistoria.fi\/wp-content\/uploads\/2023\/07\/Tomtkarta-1883-stor-768x618.jpg 768w\" sizes=\"auto, (max-width: 795px) 100vw, 795px\" \/><figcaption id=\"caption-attachment-26931\" class=\"wp-caption-text\">S\u00e5 h\u00e4r s\u00e5g planteckningen ut som Carl Emil Carlstr\u00f6m l\u00e4t rita upp \u00e5r 1883 och som skulle bifogas f\u00f6rs\u00e4kringsbrevet. I nedre kanten hans egen namnteckning p\u00e5 f\u00f6rs\u00e4kringsbrevet. Strandg\u00e5rden &#8221;A&#8221; i h\u00f6gra kanten var Carl Emil Carlstr\u00f6ms egen g\u00e5rd och byggnaden &#8221;W&#8221; i v\u00e4nstra kanten var sonen Alfred Carlstr\u00f6ms g\u00e5rd, allts\u00e5 nuvarande Braheg\u00e5rden.<\/figcaption><\/figure>\n<p>Vart femte \u00e5r skulle byggnaderna och brandredskapen granskas. \u00c5r 1893 utf\u00f6rdes granskningen av brandstodsbolagets agent Gustaf Stenberg och till sin hj\u00e4lp hade han skomakarm\u00e4starna Gustaf Fredrik Hartman och Johan Fredrik Forsberg. Carl Emil Carlstr\u00f6m hade avlidit och den bebyggda tomten hade \u00f6vertagits av sonen Alfred Carlstr\u00f6m och allting var i skick.<\/p>\n<p>\u00c5r 1902, den 23 september meddelade Alfred Carlstr\u00f6m \u00e5t brandstodsbolaget att Ab Lumen hade installerat elektrisk belysning i byggnaderna.<\/p>\n<h2><strong>Brandf\u00f6rs\u00e4kringen \u00e5r 1910.<\/strong><\/h2>\n<p>Den 30 april 1910 tecknade g\u00e5rds\u00e4garen, handlande Alfred Carlstr\u00f6m en ny brandf\u00f6rs\u00e4kring p\u00e5 de byggnader som fanns p\u00e5 tomten. Detta gjorde han bara n\u00e5gra m\u00e5nader innan de stora bedr\u00e4gerierna uppdagades. N\u00e5gra st\u00f6rre f\u00f6rb\u00e4ttringar hade han inte gjort p\u00e5 byggnaderna men de stegrande arbetsl\u00f6nerna och materialpriserna medf\u00f6rde att v\u00e4rdena m\u00e5ste korrigeras.<\/p>\n<p>Carlstr\u00f6m uppgav att tomten var 1\u00a0302 m\u00b2 stor och gr\u00e4nsade i \u00f6ster mot Strandgatan, som var 7,72 m bred p\u00e5 detta st\u00e4lle. P\u00e5 g\u00e5rden fanns en brunn med tillr\u00e4ckligt vatten vid en eventuell eldsv\u00e5da och alla n\u00f6dv\u00e4ndiga brandredskap fanns tillg\u00e4ngliga.<\/p>\n<figure id=\"attachment_26929\" aria-describedby=\"caption-attachment-26929\" style=\"width: 349px\" class=\"wp-caption alignnone\"><img loading=\"lazy\" decoding=\"async\" class=\"size-full wp-image-26929\" src=\"https:\/\/www.kristinestadshistoria.fi\/wp-content\/uploads\/2023\/07\/Tomtkarta-1910-stor-5.jpg\" alt=\"\" width=\"349\" height=\"829\" srcset=\"https:\/\/www.kristinestadshistoria.fi\/wp-content\/uploads\/2023\/07\/Tomtkarta-1910-stor-5.jpg 349w, https:\/\/www.kristinestadshistoria.fi\/wp-content\/uploads\/2023\/07\/Tomtkarta-1910-stor-5-126x300.jpg 126w\" sizes=\"auto, (max-width: 349px) 100vw, 349px\" \/><figcaption id=\"caption-attachment-26929\" class=\"wp-caption-text\">\u00c5r 1910 ville g\u00e5rds\u00e4garen, handlanden Alfred Carlstr\u00f6m teckna en helt ny brandf\u00f6rs\u00e4kring f\u00f6r boningshusen nr 1 och 2, och uthuset nr 3. Han l\u00e4t d\u00e5 rita upp denna planteckning, som han bifogade f\u00f6rs\u00e4kringsbrevet.<\/figcaption><\/figure>\n<p>P\u00e5 tomten fanns 5 olika byggnader men endast 3 var v\u00e4rda att f\u00f6rs\u00e4kras.<\/p>\n<h5><strong>Byggnad nr 1.<\/strong><\/h5>\n<p>Ett boningshus av timmer i gott skick, uppf\u00f6rt \u00e5r 1818. Det var br\u00e4dfodrat, m\u00e5lat med oljef\u00e4rg och hade ett tak av asfaltfilt. Huset var 14,85 m l\u00e5ng och 8,31 m brett och var byggt i en v\u00e5ning. D\u00e4r fanns sju rum och i dessa fanns det fem kakelugnar och en h\u00e4llspis. Till byggnaden h\u00f6rde tv\u00e5 verandor, som var byggda av korsvirke och br\u00e4der.<\/p>\n<p>Byggnaden f\u00f6rs\u00e4krades f\u00f6r 10\u00a0000 mark.<\/p>\n<h5><strong>Byggnad nr 2.<\/strong><\/h5>\n<p>Ett boningshus av timmer i gott skick, uppf\u00f6rt \u00e5r 1873, br\u00e4dfodrat och m\u00e5lat med oljef\u00e4rg och hade ett tak av asfaltfilt. Huset var 16,03 m l\u00e5ngt, 5,64 m brett och det var byggt i en v\u00e5ning. D\u00e4r fanns fem boningsrum och i dessa fanns det tv\u00e5 kakelugnar, en k\u00f6ksspis och en h\u00e4llspis med en bakugn.<\/p>\n<p>Byggnaden f\u00f6rs\u00e4krades f\u00f6r 6\u00a0000 mark.<\/p>\n<h5><strong>Byggnad nr 3:<\/strong><\/h5>\n<p>En uthusbyggnad av stock i gott skick, uppf\u00f6rd \u00e5r 1883. Den var br\u00e4dfodrad och m\u00e5lad med oljef\u00e4rg och taket var gjort av j\u00e4rnpl\u00e5t. Uthuset var 16,63 m l\u00e5ngt och 5,64 m brett och d\u00e4r fanns en foderlada, f\u00e4hus med f\u00f6rstuga, latrin med spillningskast, stall och vedlider.<\/p>\n<p>Uthuset f\u00f6rs\u00e4krades f\u00f6r 6\u00a0000 mark.<\/p>\n<p>P\u00e5 tomten fanns tre mindre byggnader, som l\u00e4mnades utan f\u00f6rs\u00e4kring. D\u00e4remot f\u00f6rs\u00e4krades tv\u00e5 ink\u00f6rsportar, den \u00f6stra f\u00f6r 250 mark och den v\u00e4stra f\u00f6r 50, tillsammans 300 mark. Ett plank runt tomten f\u00f6rs\u00e4krades f\u00f6r 500 mark och det var 85 meter l\u00e5ng och 3 meter h\u00f6gt.<\/p>\n<p>Hela f\u00f6rs\u00e4kringen uppgick till 22\u00a0800 mark och den \u00e5rliga f\u00f6rs\u00e4kringspremien ber\u00e4knades till 163,86 mark.<\/p>\n<h2><strong>Brandf\u00f6rs\u00e4kringen 1918.<\/strong><\/h2>\n<p>Sj\u00f6kapten Emil Weckstr\u00f6m hade gjort stora f\u00f6rb\u00e4ttringar och renoveringar p\u00e5 sina byggnader och d\u00e4rf\u00f6r ville han teckna en ny brandf\u00f6rs\u00e4kring 23 april 1918. Nu hade ocks\u00e5 boningsbyggnaderna 1 och 2 f\u00e5tt tak av galvaniserad pl\u00e5t och annars ocks\u00e5 f\u00e5tt ett h\u00f6gre v\u00e4rde. Boningshuset nr 2 hade f\u00e5tt en veranda byggd av br\u00e4der och korsvirke.<\/p>\n<figure id=\"attachment_29256\" aria-describedby=\"caption-attachment-29256\" style=\"width: 2144px\" class=\"wp-caption alignnone\"><img loading=\"lazy\" decoding=\"async\" class=\"size-full wp-image-29256\" src=\"https:\/\/www.kristinestadshistoria.fi\/wp-content\/uploads\/2024\/11\/Tomtkarta-1917-Emil-Weckstrom.jpg\" alt=\"\" width=\"2144\" height=\"922\" srcset=\"https:\/\/www.kristinestadshistoria.fi\/wp-content\/uploads\/2024\/11\/Tomtkarta-1917-Emil-Weckstrom.jpg 2144w, https:\/\/www.kristinestadshistoria.fi\/wp-content\/uploads\/2024\/11\/Tomtkarta-1917-Emil-Weckstrom-300x129.jpg 300w, https:\/\/www.kristinestadshistoria.fi\/wp-content\/uploads\/2024\/11\/Tomtkarta-1917-Emil-Weckstrom-1024x440.jpg 1024w, https:\/\/www.kristinestadshistoria.fi\/wp-content\/uploads\/2024\/11\/Tomtkarta-1917-Emil-Weckstrom-768x330.jpg 768w, https:\/\/www.kristinestadshistoria.fi\/wp-content\/uploads\/2024\/11\/Tomtkarta-1917-Emil-Weckstrom-1536x661.jpg 1536w, https:\/\/www.kristinestadshistoria.fi\/wp-content\/uploads\/2024\/11\/Tomtkarta-1917-Emil-Weckstrom-2048x881.jpg 2048w\" sizes=\"auto, (max-width: 2144px) 100vw, 2144px\" \/><figcaption id=\"caption-attachment-29256\" class=\"wp-caption-text\">D\u00e5 sj\u00f6kapten Emil Weckstr\u00f6m skulle teckna en ny brandf\u00f6rs\u00e4kring \u00e5r 1918, s\u00e5 l\u00e4t han rita en tomtkarta som visade var byggnaderna var placerade p\u00e5 tomten nr 132.<\/figcaption><\/figure>\n<p>Huvudbyggnaden nr 1 f\u00f6rs\u00e4krades f\u00f6r 14 650 mark, boningsbyggnaden nr 2 f\u00f6rs\u00e4krades f\u00f6r 9 700 mark och uthuset nr 3 f\u00f6r 6 750 mark. De b\u00e5da ink\u00f6rsportarna v\u00e4rderades till 300 mark och det 3 meter h\u00f6ga planket till 500 mark. Alltsammans f\u00f6rs\u00e4krades f\u00f6r 31 900 mark.<\/p>\n<p>Eftersom inflationen var mycket h\u00f6g \u00e5r 1918, s\u00e5 ville Weckstr\u00f6m redan i september samma \u00e5r h\u00f6ja f\u00f6rs\u00e4kringsbeloppen p\u00e5 sina byggnader. V\u00e4rdet p\u00e5 de f\u00f6rs\u00e4krade byggnaderna best\u00e4mdes till 47 440 mark och den v\u00e4rderingen hade gjorts av F. L. Wihuri och byggm\u00e4stare Einar Wadstr\u00f6m, och v\u00e4rderingen godk\u00e4ndes av brandstodsbolaget,<\/p>\n","protected":false},"excerpt":{"rendered":"<p>Sammanst\u00e4llt av Lasse Backlund. Uppgifterna \u00e4r tagna ur brandf\u00f6rs\u00e4kringsbrevet p\u00e5 Riksarkivet. Brandf\u00f6rs\u00e4kringen \u00e5r 1834. \u00c5r 1832 bildades \u201dAllm\u00e4nna Brandstodsbolaget i Finland\u201d i Helsingfors och redan \u00e5r 1834 f\u00f6rs\u00e4krade \u00e4nkefrun, borgm\u00e4starinnan Johanna Forsman sin g\u00e5rd p\u00e5 Strandgatan 41. F\u00f6rs\u00e4kringsans\u00f6kan skulle g\u00f6ras <a class=\"more-link\" href=\"https:\/\/www.kristinestadshistoria.fi\/?page_id=25377\">Forts\u00e4tt l\u00e4sa <span class=\"screen-reader-text\">  Den f\u00f6rs\u00e4krade g\u00e5rden p\u00e5 tomt nr 132<\/span><span class=\"meta-nav\">&rarr;<\/span><\/a><\/p>\n","protected":false},"author":1,"featured_media":0,"parent":21739,"menu_order":10,"comment_status":"closed","ping_status":"closed","template":"","meta":{"footnotes":""},"class_list":["post-25377","page","type-page","status-publish","hentry"],"_links":{"self":[{"href":"https:\/\/www.kristinestadshistoria.fi\/index.php?rest_route=\/wp\/v2\/pages\/25377","targetHints":{"allow":["GET"]}}],"collection":[{"href":"https:\/\/www.kristinestadshistoria.fi\/index.php?rest_route=\/wp\/v2\/pages"}],"about":[{"href":"https:\/\/www.kristinestadshistoria.fi\/index.php?rest_route=\/wp\/v2\/types\/page"}],"author":[{"embeddable":true,"href":"https:\/\/www.kristinestadshistoria.fi\/index.php?rest_route=\/wp\/v2\/users\/1"}],"replies":[{"embeddable":true,"href":"https:\/\/www.kristinestadshistoria.fi\/index.php?rest_route=%2Fwp%2Fv2%2Fcomments&post=25377"}],"version-history":[{"count":14,"href":"https:\/\/www.kristinestadshistoria.fi\/index.php?rest_route=\/wp\/v2\/pages\/25377\/revisions"}],"predecessor-version":[{"id":29451,"href":"https:\/\/www.kristinestadshistoria.fi\/index.php?rest_route=\/wp\/v2\/pages\/25377\/revisions\/29451"}],"up":[{"embeddable":true,"href":"https:\/\/www.kristinestadshistoria.fi\/index.php?rest_route=\/wp\/v2\/pages\/21739"}],"wp:attachment":[{"href":"https:\/\/www.kristinestadshistoria.fi\/index.php?rest_route=%2Fwp%2Fv2%2Fmedia&parent=25377"}],"curies":[{"name":"wp","href":"https:\/\/api.w.org\/{rel}","templated":true}]}}