{"id":25368,"date":"2023-02-25T08:45:59","date_gmt":"2023-02-25T06:45:59","guid":{"rendered":"https:\/\/www.kristinestadshistoria.fi\/?page_id=25368"},"modified":"2024-11-24T20:35:40","modified_gmt":"2024-11-24T18:35:40","slug":"den-forsakrade-garden-pa-tomt-nr-23","status":"publish","type":"page","link":"https:\/\/www.kristinestadshistoria.fi\/?page_id=25368","title":{"rendered":"Den f\u00f6rs\u00e4krade g\u00e5rden p\u00e5 tomt nr 23"},"content":{"rendered":"<p><span style=\"color: #000080;\"><strong>Sammanst\u00e4llt av Lasse Backlund. Uppgifterna \u00e4r tagna ur de gamla f\u00f6rs\u00e4kringsbreven, som finns p\u00e5 Riksarkivet.<\/strong><\/span><\/p>\n<h4><strong>Brandf\u00f6rs\u00e4kringen \u00e5r 1834.<\/strong><\/h4>\n<p>\u00c5r 1832 bildades \u201dAllm\u00e4nna Brandstodsbolaget i Finland\u201d i Helsingfors och redan \u00e5r 1834 f\u00f6rs\u00e4krade handlande\u00e4nkan Maria Rebecka Holmstr\u00f6m sin g\u00e5rd vid Packhustorget, p\u00e5 Strandgatan 55. F\u00f6rs\u00e4kringsans\u00f6kan skulle g\u00f6ras till bolaget och hon uppgav d\u00e5 att p\u00e5 tomten fanns det 2 brandstegar, 2 brandhakar, 2 handsprutor, 2 svabbar och 2 l\u00e4der\u00e4mbar.<\/p>\n<p>Maria Rebecka uppgav att tomten var \u201d5 900 qvadrat alnar i arial vidd\u201d . \u00a0Avst\u00e5ndet ner till havet var endast 90 alnar och p\u00e5 tomten fanns en brunn med rikligt vatten. Hon uppgav att det \u00e5r 1834 fanns f\u00f6ljande byggnader p\u00e5 tomten, som skulle f\u00f6rs\u00e4kras:<\/p>\n<h5><strong>Byggnad nr 1.<\/strong><\/h5>\n<p>En tr\u00e4byggnad av furutimmer i gott st\u00e5nd, av nytt timmer, uppsatt \u00e5r 1768, i tv\u00e5 v\u00e5ningar. Br\u00e4dfodrad 1771 och tillbyggd \u00e5r 1819, br\u00e4dfodrad \u00e5r 1822, m\u00e5lad med r\u00f6d f\u00e4rg. I byggnaden fanns 12 rum i nedre v\u00e5ningen, n\u00e4mligen 2 f\u00f6rstugor, 1 sal, 1 salubod, 6 kamrar med tillsammans 7 kakelugnar. D\u00e4r fanns ocks\u00e5 ett k\u00f6k med spis och mindre stekugn, men ocks\u00e5 en annan spis med bakugn. I den \u00f6vre v\u00e5ningen fanns 11 rum, n\u00e4mligen 2 f\u00f6rstugor, 2 salar och 7 kammare med totalt 8 kakelugnar.<\/p>\n<p>H\u00f6jden p\u00e5 byggnaden var 18 \u00bd alnar, l\u00e4ngden 58 \u00bd alnar (34,4 m) och bredden 14 \u00bd alnar (8,7 m). Taket var lagt med n\u00e4ver och br\u00e4dtak och byggnaden hade en stenfot som var 1 \u00bc aln h\u00f6g.<\/p>\n<p>Som brukligt var s\u00e5 f\u00f6rs\u00e4krades alla byggnadsdetaljer och inredning skilt f\u00f6r sig. Till exempel stenfoten f\u00f6rs\u00e4krade f\u00f6r 350 rubel, stommen f\u00f6r 2 215, yttre taket 422, bj\u00e4lklagen 638, golven av granplankor f\u00f6r 730 rubel. 31 f\u00f6nster, 3 ytterd\u00f6rrar och 24 halvfranska innerd\u00f6rrar f\u00f6rs\u00e4krades och mycket annat finns uppr\u00e4knat. Allt tillsammans v\u00e4rderades till 7 750 rubel.<\/p>\n<h5><strong>Byggnad nr 2.<\/strong><\/h5>\n<p>En av nytt grantimmer uppf\u00f6rd h\u00e4bbre eller hush\u00e5llsbod, byggd 1768. Den var i gott skick, inte br\u00e4dfodrad, r\u00f6dm\u00e5lad och hade endast ett rum. Byggnadens underb\u00e4dd var av stock och hade ett tak av n\u00e4ver. Byggnaden v\u00e4rderades till 150 rubel.<\/p>\n<h5><strong>Byggnad nr 3.<\/strong><\/h5>\n<p>En tr\u00e4byggnad av furutimmer i gott st\u00e5nd, byggt av gammalt timmer \u00e5r 1817 i en v\u00e5ning. Byggnaden var inte br\u00e4dfodrad men r\u00f6dm\u00e5lad och d\u00e4r fanns 3 rum, n\u00e4mligen 1 stuga och 2 kammare. D\u00e4r fanns en kakelugn och en spis med en inmurad kopparpanna, som skulle kunna rymma 75 kannor br\u00e4nnvin. Byggnaden var 17 \u00bd alnar l\u00e5ngt, hade n\u00e4vertak och en l\u00e5g stenfot. Huset v\u00e4rderades till 850 rubel.<\/p>\n<h5><strong>Byggnad nr 4.<\/strong><\/h5>\n<p>En uthusbyggnad i gott st\u00e5nd, av nytt timmer uppf\u00f6rd \u00e5r 1817, inte br\u00e4dfodrad men m\u00e5lad med r\u00f6d f\u00e4rg. D\u00e4r fanns 7 rum, n\u00e4mligen 1 f\u00f6rstuga, f\u00e4hus, foderlada, vedlider, stall, spillhus och utedass. Byggnadens l\u00e4ngd var 49 alnar, den hade n\u00e4vertak och hade ingen stenfot. Byggnaden v\u00e4rderades till 1\u00a0150 rubel.<\/p>\n<h5><strong>Byggnad nr 5.<\/strong><\/h5>\n<p>En magasinbyggnad byggt av nytt grantimmer \u00e5r 1830. Den var inte br\u00e4dfodrad men r\u00f6dm\u00e5lad och d\u00e4r fanns 2 magasin och ett vagnslider. Byggnaden var 31 \u00bd alnar l\u00e5ng, hade n\u00e4vertak och en l\u00e5g stenfot. Den v\u00e4rderades till 950 rubel.<\/p>\n<h5><strong>Byggnad nr 6.<\/strong><\/h5>\n<p>Ett hush\u00e5lls magasin av nytt furutimmer, byggt 1768, inte br\u00e4dfodrad men r\u00f6dm\u00e5lad och den hade bara ett rum. Det hade ett n\u00e4vertak och en underb\u00e4dd av stock och v\u00e4rderad till 300 rubel.<\/p>\n<p>Alla dessa byggnader, ett plank och en ink\u00f6rsport v\u00e4rderades till totalt 11\u00a0300 rubel och den \u00e5rliga premien utr\u00e4knades till 121 rubel 43 kopek.<\/p>\n<figure id=\"attachment_25365\" aria-describedby=\"caption-attachment-25365\" style=\"width: 841px\" class=\"wp-caption alignnone\"><img loading=\"lazy\" decoding=\"async\" class=\"size-full wp-image-25365\" src=\"https:\/\/www.kristinestadshistoria.fi\/wp-content\/uploads\/2023\/02\/Tomtkarta-1834-2.jpg\" alt=\"\" width=\"841\" height=\"554\" srcset=\"https:\/\/www.kristinestadshistoria.fi\/wp-content\/uploads\/2023\/02\/Tomtkarta-1834-2.jpg 841w, https:\/\/www.kristinestadshistoria.fi\/wp-content\/uploads\/2023\/02\/Tomtkarta-1834-2-300x198.jpg 300w, https:\/\/www.kristinestadshistoria.fi\/wp-content\/uploads\/2023\/02\/Tomtkarta-1834-2-768x506.jpg 768w\" sizes=\"auto, (max-width: 841px) 100vw, 841px\" \/><figcaption id=\"caption-attachment-25365\" class=\"wp-caption-text\">\u00c5r 1834 fanns det sex byggnader p\u00e5 tomten Strandgatan 55, allts\u00e5 tomt nr 23. Mellan byggnaderna 1 och 2 fanns en brunn och ut mot Parmanska gatan fanns ink\u00f6rsporten. I v\u00e4stra \u00e4ndan fanns den ing\u00e4rdade tr\u00e4dg\u00e5rden, som den tiden kallades kryddg\u00e5rd.<\/figcaption><\/figure>\n<h3><strong>F\u00f6rs\u00e4kringen \u00e5r 1840.<\/strong><\/h3>\n<p>\u00c5r 1840 gjordes en granskning och v\u00e4rdering av byggnaderna p\u00e5 tomt 23, som d\u00e5 hade \u00f6vertagits av handlanden Carl Johan Parman. Granskarna ans\u00e5g att byggnaderna var v\u00e4lsk\u00f6tta och att inga \u00e4ndringar gjordes i f\u00f6rs\u00e4kringen.<\/p>\n<h3><strong>F\u00f6rs\u00e4kringen \u00e5r 1846.<\/strong><\/h3>\n<p>\u00c5r 1846 \u00e4gdes tomten fortfarande av handlande Parman. Denne hade nu lagt ett nytt tak p\u00e5 huvudbyggnaden, som var 1 \u00bd h\u00f6gre \u00e4n det gamla och var nu byggt av br\u00e4der.<\/p>\n<p>Den gamla byggnaden nr 2 var bortriven och i dess st\u00e4lle hade en byggnad uppf\u00f6rts, inneh\u00e5llande en bagarstuga med spis och bakugn, en inmurad gryta och en stekugn och den hade 2 r\u00f6kledningar. Den nya byggnaden v\u00e4rderades till 142 rubel.<\/p>\n<p>Den gamla byggnaden nr 6 var ocks\u00e5 bortriven och i dess st\u00e4lle hade det byggts ett magasin med br\u00e4dtak och en h\u00f6g stenfot. Den h\u00e4r nya byggnaden v\u00e4rderades till 155 rubel.<\/p>\n<figure id=\"attachment_25366\" aria-describedby=\"caption-attachment-25366\" style=\"width: 841px\" class=\"wp-caption alignnone\"><img loading=\"lazy\" decoding=\"async\" class=\"size-full wp-image-25366\" src=\"https:\/\/www.kristinestadshistoria.fi\/wp-content\/uploads\/2023\/02\/Tomtkarta-1846-1.jpg\" alt=\"\" width=\"841\" height=\"554\" srcset=\"https:\/\/www.kristinestadshistoria.fi\/wp-content\/uploads\/2023\/02\/Tomtkarta-1846-1.jpg 841w, https:\/\/www.kristinestadshistoria.fi\/wp-content\/uploads\/2023\/02\/Tomtkarta-1846-1-300x198.jpg 300w, https:\/\/www.kristinestadshistoria.fi\/wp-content\/uploads\/2023\/02\/Tomtkarta-1846-1-768x506.jpg 768w\" sizes=\"auto, (max-width: 841px) 100vw, 841px\" \/><figcaption id=\"caption-attachment-25366\" class=\"wp-caption-text\">\u00c5r 1846 hade ett par byggnader rivits och ersatts med nya, det g\u00e4ller allts\u00e5 byggnaderna 2 och 6.<\/figcaption><\/figure>\n<h3><strong>F\u00f6rs\u00e4kringen \u00e5r 1851.<\/strong><\/h3>\n<p>\u00c5r 1851 gjordes f\u00f6ljande 5-\u00e5rs granskning. Byggnaden hade nu \u00f6vertagits av handlande Karl. E. Lundman. Granskarna kunde konstatera att inga st\u00f6rre \u00e4ndringar hade gjorts och att alla byggnader fortfarande var i gott skick och att f\u00f6rs\u00e4kringen kunde h\u00e5llas i kraft. \u00c5r 1856 gjordes en likadan granskning, d\u00e4r byggnaderna och brandredskapen kontrollerades och allting verkade vara i skick.<\/p>\n<h3><strong>Branden 14 januari 1859.<\/strong><\/h3>\n<p>Den 26 februari 1859 granskades rapporten om branden i Kristinestad av direktionen f\u00f6r allm\u00e4nna Brandstodsbolaget i Finland.<\/p>\n<p>De kunde konstatera att samtliga byggnader f\u00f6rutom huvudbyggnaden nr 1 hade brunnit ner till grunden. Samma \u00f6de r\u00f6nte planket och ink\u00f6rsporten och skadan v\u00e4rderades till 1\u00a0175 rubel 71 kopek. En del material, s\u00e5som \u201dj\u00e4rnskr\u00e4p och f\u00f6rbr\u00e4nda timmer\u201d hade likv\u00e4l b\u00e4rgats och det v\u00e4rderades till 16 rubel 71 kopek.<\/p>\n<p><strong>\u00c5r 1861<\/strong> gjordes igen en granskning av g\u00e5rden och de kunde konstatera att det fanns endast en byggnad kvar p\u00e5 tomten och att dess skick var of\u00f6r\u00e4ndrat och v\u00e4rderat till 2\u00a0404 rubel. N\u00f6diga brandredskap fanns p\u00e5 tomten.<\/p>\n<figure id=\"attachment_25367\" aria-describedby=\"caption-attachment-25367\" style=\"width: 841px\" class=\"wp-caption alignnone\"><img loading=\"lazy\" decoding=\"async\" class=\"size-full wp-image-25367\" src=\"https:\/\/www.kristinestadshistoria.fi\/wp-content\/uploads\/2023\/02\/Tomtkarta-1861.jpg\" alt=\"\" width=\"841\" height=\"554\" srcset=\"https:\/\/www.kristinestadshistoria.fi\/wp-content\/uploads\/2023\/02\/Tomtkarta-1861.jpg 841w, https:\/\/www.kristinestadshistoria.fi\/wp-content\/uploads\/2023\/02\/Tomtkarta-1861-300x198.jpg 300w, https:\/\/www.kristinestadshistoria.fi\/wp-content\/uploads\/2023\/02\/Tomtkarta-1861-768x506.jpg 768w\" sizes=\"auto, (max-width: 841px) 100vw, 841px\" \/><figcaption id=\"caption-attachment-25367\" class=\"wp-caption-text\">Efter stadsbranden i januari 1859 s\u00e5 fanns det endast huvudbyggnaden kvar p\u00e5 Strandgatan 55.<\/figcaption><\/figure>\n<h2><strong>Brandf\u00f6rs\u00e4kringen 1903.<\/strong><\/h2>\n<p>\u00c5r 1900 \u00f6vertogs g\u00e5rden av kontoristen Wilhelm Martens och han gjorde flera f\u00f6rb\u00e4ttringar p\u00e5 byggnaderna och d\u00e4rf\u00f6r ville han \u00e5r 1903 teckna helt nya f\u00f6rs\u00e4kringar p\u00e5 byggnaderna. Tomten var 2\u00a0080 m\u00b2 stor och p\u00e5 den fanns alla de brandredskap som beh\u00f6vdes, f\u00f6r att f\u00e5 teckna en brandf\u00f6rs\u00e4kring.<\/p>\n<p>P\u00e5 tomten fanns det \u00e5tta byggnader men endast fem blev brandf\u00f6rs\u00e4krade.<\/p>\n<figure id=\"attachment_26164\" aria-describedby=\"caption-attachment-26164\" style=\"width: 861px\" class=\"wp-caption alignnone\"><img loading=\"lazy\" decoding=\"async\" class=\"size-full wp-image-26164\" src=\"https:\/\/www.kristinestadshistoria.fi\/wp-content\/uploads\/2023\/05\/Tomtkarta-1903-liten.jpg\" alt=\"\" width=\"861\" height=\"546\" srcset=\"https:\/\/www.kristinestadshistoria.fi\/wp-content\/uploads\/2023\/05\/Tomtkarta-1903-liten.jpg 861w, https:\/\/www.kristinestadshistoria.fi\/wp-content\/uploads\/2023\/05\/Tomtkarta-1903-liten-300x190.jpg 300w, https:\/\/www.kristinestadshistoria.fi\/wp-content\/uploads\/2023\/05\/Tomtkarta-1903-liten-768x487.jpg 768w\" sizes=\"auto, (max-width: 861px) 100vw, 861px\" \/><figcaption id=\"caption-attachment-26164\" class=\"wp-caption-text\">S\u00e5 h\u00e4r var byggnaderna placerade p\u00e5 kontoristen Wilhelm Martens tomt \u00e5r 1903. Inne p\u00e5 g\u00e5rden fanns det en stor, ing\u00e4rdad tr\u00e4dg\u00e5rd.<\/figcaption><\/figure>\n<h5><strong>Byggnad nr 1:<\/strong><\/h5>\n<p>Ett boningshus av timmer i gott skick, f\u00f6rsta delen uppf\u00f6rt \u00e5r 1768 och tillbyggt \u00e5r 1819, br\u00e4dfodrat och m\u00e5lat med oljef\u00e4rg och hade ett tak av j\u00e4rnpl\u00e5t. Huset var 34,44 m l\u00e5ngt och 8,02 m brett och h\u00f6jden fr\u00e5n marken till takkanten var 13,06 m.<\/p>\n<p>I nedre v\u00e5ningen fanns det 13 rum, varav 2 var butikslokaler och i dessa rum fanns det 8 kakelugnar och 3 k\u00f6ksspisar. I \u00f6vre v\u00e5ningen fanns det 15 rum med totalt 9 kakelugnar och 3 spisar. P\u00e5 g\u00e5rdssidan fanns det en veranda och under byggnaden en v\u00e4lvd stenk\u00e4llare.<\/p>\n<p>Byggnaden f\u00f6rs\u00e4krades f\u00f6r 23\u00a0000 mark.<\/p>\n<h5><strong>Byggnad nr 2:<\/strong><\/h5>\n<p>Ett boningshus av timmer i gott skick, uppf\u00f6rt \u00e5r 1863, br\u00e4dfodrat och m\u00e5lat. Taket var lagt med asfaltfilt och byggnaden var 13,66 m l\u00e5ng och 6,24 m bred. D\u00e4r fanns 4 boningsrum med tv\u00e5 kakelugnar och en k\u00f6ksspis.<\/p>\n<p>Byggnaden f\u00f6rs\u00e4krades f\u00f6r 2\u00a0600 mark.<\/p>\n<h5><strong>Byggnad nr 3:<\/strong><\/h5>\n<p>En uthusbyggnad av stock i gott skick, byggd \u00e5r 1868. Den var inte br\u00e4dfodrad men m\u00e5lad med kompositionsf\u00e4rg och taket var lagt med asfaltfilt. Huset var 17,81 m l\u00e5ngt och 5,34 m brett och d\u00e4r fanns 4 magasin och alla de h\u00e4r var delade horisontellt i tv\u00e5 v\u00e5ningar.<\/p>\n<p>Uthuset f\u00f6rs\u00e4krades f\u00f6r 2\u00a0000 mark<\/p>\n<h5><strong>Byggnad nr 4:<\/strong><\/h5>\n<p>En uthusbyggnad av stock i gott skick, uppf\u00f6rt \u00e5r 1869, inte br\u00e4dfodrat men m\u00e5lat med kompositionsf\u00e4rg och hade ett tak av asfaltfilt. Huset var 29,10 m l\u00e5ngt och 5,34 m brett och d\u00e4r fanns ett vedlider, stall, latrin med spillningskast, f\u00e4hus med f\u00f6rstuga och en foderlada.<\/p>\n<p>Uthuset f\u00f6rs\u00e4krades f\u00f6r 2\u00a0300 mark.<\/p>\n<h5><strong>Byggnad nr 5:<\/strong><\/h5>\n<p>En bageribyggnad av tegel i gott skick, uppf\u00f6rd \u00e5r 1876, v\u00e4ggarna rappade och taket av asfaltfilt. Bageriet var 11,88 m l\u00e5ngt och 7,13 m brett och d\u00e4r fanns ett v\u00e4lvt bageri med stengolv, med bakugn och en inmurad gryta.<\/p>\n<p>Bageribyggnaden f\u00f6rs\u00e4krades f\u00f6r 4\u00a0000 mark.<\/p>\n<p>Byggnaderna 6,7 och 8 som l\u00e4mnades of\u00f6rs\u00e4krade var byggda av korsvirke och br\u00e4der.<\/p>\n<p>Martens f\u00f6rs\u00e4krade den oljem\u00e5lade ink\u00f6rsporten f\u00f6r 200 mark. Den var gjord av stock, plankor och ribbor och i f\u00f6rs\u00e4kringen ingick l\u00e5s, reglar, klinkor och g\u00e5ngj\u00e4rn.<\/p>\n<p>Ett plank, som var byggt av stock, br\u00e4der och ribbor f\u00f6rs\u00e4krades f\u00f6r 320 mark. Det var 25 m l\u00e5ngt och 2,5 m h\u00f6gt.<\/p>\n<p>Ett staket p\u00e5 g\u00e5rden f\u00f6rs\u00e4krades f\u00f6r 80 mark och det var 52 m l\u00e5ngt och 1,2 m h\u00f6gt.<\/p>\n<p>Martens uppgav att f\u00f6rutom bageriet av sten s\u00e5 fanns det inga brandfarliga inr\u00e4ttningar p\u00e5 hans tomt och inte i grannskapet heller. P\u00e5 den egna tomten och p\u00e5 granntomterna fanns det rikligt med h\u00f6ga, lummiga l\u00f6vtr\u00e4d.<\/p>\n<p>Det totala f\u00f6rs\u00e4kringsbeloppet uppgick till 34\u00a0500 mark och den \u00e5rliga intr\u00e4desavgiften eller premien ber\u00e4knades till 377,66 mark.<\/p>\n<figure id=\"attachment_26165\" aria-describedby=\"caption-attachment-26165\" style=\"width: 1404px\" class=\"wp-caption alignnone\"><img loading=\"lazy\" decoding=\"async\" class=\"size-full wp-image-26165\" src=\"https:\/\/www.kristinestadshistoria.fi\/wp-content\/uploads\/2023\/05\/Tomtkarta-1903-stor-scaled.jpg\" alt=\"\" width=\"1404\" height=\"2560\" srcset=\"https:\/\/www.kristinestadshistoria.fi\/wp-content\/uploads\/2023\/05\/Tomtkarta-1903-stor-scaled.jpg 1404w, https:\/\/www.kristinestadshistoria.fi\/wp-content\/uploads\/2023\/05\/Tomtkarta-1903-stor-165x300.jpg 165w, https:\/\/www.kristinestadshistoria.fi\/wp-content\/uploads\/2023\/05\/Tomtkarta-1903-stor-562x1024.jpg 562w, https:\/\/www.kristinestadshistoria.fi\/wp-content\/uploads\/2023\/05\/Tomtkarta-1903-stor-768x1400.jpg 768w, https:\/\/www.kristinestadshistoria.fi\/wp-content\/uploads\/2023\/05\/Tomtkarta-1903-stor-843x1536.jpg 843w, https:\/\/www.kristinestadshistoria.fi\/wp-content\/uploads\/2023\/05\/Tomtkarta-1903-stor-1123x2048.jpg 1123w\" sizes=\"auto, (max-width: 1404px) 100vw, 1404px\" \/><figcaption id=\"caption-attachment-26165\" class=\"wp-caption-text\">S\u00e5 h\u00e4r s\u00e5g den planteckning ut som Wilhelm Martens l\u00e4t rita upp \u00e5r 1903, d\u00e5 han skulle brandf\u00f6rs\u00e4kra byggnaderna. Byggnaden A nere till v\u00e4nster \u00e4r stadens spruthus, som i tiderna stod p\u00e5 Packhusskv\u00e4ren. Wilhelm Martens namnteckning fr\u00e5n f\u00f6rs\u00e4kringsbrevet \u00e4r inf\u00e4llt i nedre kanten.<\/figcaption><\/figure>\n<h2><strong>Brandf\u00f6rs\u00e4kringen 1918.<\/strong><\/h2>\n<p>I oktober \u00e5r 1918 ville g\u00e5rds\u00e4garen, handlanden Alfhild Castr\u00e9n teckna en brandf\u00f6rs\u00e4kring p\u00e5 5 byggnader p\u00e5 hennes tomt. N\u00e5gra st\u00f6rre f\u00f6rb\u00e4ttringar hade inte gjort men p\u00e5 grund av den h\u00f6ga inflationen m\u00e5ste summorna p\u00e5 f\u00f6rs\u00e4kringen h\u00f6jas. Byggnaderna v\u00e4rderades till 104 560 och d\u00e4r ingick ocks\u00e5 ink\u00f6rsporten, planket och staketet inne p\u00e5 g\u00e5rden. Byggnaderna 6, 7 och 8 som var uppf\u00f6rda av br\u00e4der och korsvirke l\u00e4mnades ocks\u00e5 denna g\u00e5ng utan f\u00f6rs\u00e4kring.<\/p>\n","protected":false},"excerpt":{"rendered":"<p>Sammanst\u00e4llt av Lasse Backlund. Uppgifterna \u00e4r tagna ur de gamla f\u00f6rs\u00e4kringsbreven, som finns p\u00e5 Riksarkivet. Brandf\u00f6rs\u00e4kringen \u00e5r 1834. \u00c5r 1832 bildades \u201dAllm\u00e4nna Brandstodsbolaget i Finland\u201d i Helsingfors och redan \u00e5r 1834 f\u00f6rs\u00e4krade handlande\u00e4nkan Maria Rebecka Holmstr\u00f6m sin g\u00e5rd vid Packhustorget, <a class=\"more-link\" href=\"https:\/\/www.kristinestadshistoria.fi\/?page_id=25368\">Forts\u00e4tt l\u00e4sa <span class=\"screen-reader-text\">  Den f\u00f6rs\u00e4krade g\u00e5rden p\u00e5 tomt nr 23<\/span><span class=\"meta-nav\">&rarr;<\/span><\/a><\/p>\n","protected":false},"author":1,"featured_media":0,"parent":18759,"menu_order":10,"comment_status":"closed","ping_status":"closed","template":"","meta":{"footnotes":""},"class_list":["post-25368","page","type-page","status-publish","hentry"],"_links":{"self":[{"href":"https:\/\/www.kristinestadshistoria.fi\/index.php?rest_route=\/wp\/v2\/pages\/25368","targetHints":{"allow":["GET"]}}],"collection":[{"href":"https:\/\/www.kristinestadshistoria.fi\/index.php?rest_route=\/wp\/v2\/pages"}],"about":[{"href":"https:\/\/www.kristinestadshistoria.fi\/index.php?rest_route=\/wp\/v2\/types\/page"}],"author":[{"embeddable":true,"href":"https:\/\/www.kristinestadshistoria.fi\/index.php?rest_route=\/wp\/v2\/users\/1"}],"replies":[{"embeddable":true,"href":"https:\/\/www.kristinestadshistoria.fi\/index.php?rest_route=%2Fwp%2Fv2%2Fcomments&post=25368"}],"version-history":[{"count":8,"href":"https:\/\/www.kristinestadshistoria.fi\/index.php?rest_route=\/wp\/v2\/pages\/25368\/revisions"}],"predecessor-version":[{"id":29324,"href":"https:\/\/www.kristinestadshistoria.fi\/index.php?rest_route=\/wp\/v2\/pages\/25368\/revisions\/29324"}],"up":[{"embeddable":true,"href":"https:\/\/www.kristinestadshistoria.fi\/index.php?rest_route=\/wp\/v2\/pages\/18759"}],"wp:attachment":[{"href":"https:\/\/www.kristinestadshistoria.fi\/index.php?rest_route=%2Fwp%2Fv2%2Fmedia&parent=25368"}],"curies":[{"name":"wp","href":"https:\/\/api.w.org\/{rel}","templated":true}]}}