{"id":24620,"date":"2022-11-17T23:44:10","date_gmt":"2022-11-17T21:44:10","guid":{"rendered":"https:\/\/www.kristinestadshistoria.fi\/?page_id=24620"},"modified":"2023-06-04T23:02:41","modified_gmt":"2023-06-04T20:02:41","slug":"parmans-brandforsakring-1855","status":"publish","type":"page","link":"https:\/\/www.kristinestadshistoria.fi\/?page_id=24620","title":{"rendered":"Parmans brandf\u00f6rs\u00e4kring"},"content":{"rendered":"<p><span style=\"color: #000080;\"><strong>Sammanst\u00e4llt av Lasse Backlund i november 2022. F\u00f6rs\u00e4kringsbreven utl\u00e5nade av Margareta Reinlund.<\/strong><\/span><\/p>\n<h3><strong>Brandf\u00f6rs\u00e4kring 1855.<\/strong><\/h3>\n<p>Den 9 juni 1855 tecknade skepparen Johan Parman en brandf\u00f6rs\u00e4kring p\u00e5 byggnaderna p\u00e5 tomt nr 42, som han hade k\u00f6pt av skeppare Wennerstrand samma \u00e5r. F\u00f6rs\u00e4kringen tecknades i \u201dAllm\u00e4nna brandstods-bolaget i Finland\u201d och han f\u00f6rs\u00e4krade boningshuset f\u00f6r 740 rubel, uthuset f\u00f6r 140 och porten och planket f\u00f6r 10 rubel silver.<\/p>\n<figure id=\"attachment_24623\" aria-describedby=\"caption-attachment-24623\" style=\"width: 1615px\" class=\"wp-caption alignnone\"><img loading=\"lazy\" decoding=\"async\" class=\"size-full wp-image-24623\" src=\"https:\/\/www.kristinestadshistoria.fi\/wp-content\/uploads\/2022\/11\/Brandforsakring-1855-scaled.jpg\" alt=\"\" width=\"1615\" height=\"2560\" srcset=\"https:\/\/www.kristinestadshistoria.fi\/wp-content\/uploads\/2022\/11\/Brandforsakring-1855-scaled.jpg 1615w, https:\/\/www.kristinestadshistoria.fi\/wp-content\/uploads\/2022\/11\/Brandforsakring-1855-189x300.jpg 189w, https:\/\/www.kristinestadshistoria.fi\/wp-content\/uploads\/2022\/11\/Brandforsakring-1855-646x1024.jpg 646w, https:\/\/www.kristinestadshistoria.fi\/wp-content\/uploads\/2022\/11\/Brandforsakring-1855-768x1218.jpg 768w, https:\/\/www.kristinestadshistoria.fi\/wp-content\/uploads\/2022\/11\/Brandforsakring-1855-969x1536.jpg 969w, https:\/\/www.kristinestadshistoria.fi\/wp-content\/uploads\/2022\/11\/Brandforsakring-1855-1292x2048.jpg 1292w\" sizes=\"auto, (max-width: 1615px) 100vw, 1615px\" \/><figcaption id=\"caption-attachment-24623\" class=\"wp-caption-text\">Johan Parmans f\u00f6rs\u00e4kringsbrev fr\u00e5n 1855.<\/figcaption><\/figure>\n<p>I beskrivningen st\u00e5r det att tomten var 4 875 kvadrat alnar (en kvadrataln = 0,36 kvm) stort. P\u00e5 g\u00e5rden finns en brunn med ymnigt vatten, som kunde anv\u00e4ndas vid en eventuell eldsv\u00e5da och avst\u00e5ndet till stranden var 196 alnar (117 m). P\u00e5 g\u00e5rden fanns det alla n\u00f6dv\u00e4ndiga brandredskap, n\u00e4mligen 2 brand\u00e4mbare, 2 handsprutor, 2 svablar, 2 brandstegar och 2 brandhakar.<\/p>\n<p>Boningshuset var i gott skick, byggt av nytt furu- och grantimmer och uppf\u00f6rd 1852 i en v\u00e5ning. G\u00e5rden var inte br\u00e4dfodrad eller m\u00e5lad och d\u00e4r finns 6 rum, n\u00e4mligen en f\u00f6rstuga, en sal och tre kammare. I dessa finns det tillsammans 4 kakelugnar med nicher. Det finns ocks\u00e5 ett k\u00f6k med r\u00f6rspris och bakugn. Husets medelh\u00f6jd var 13 alnar, l\u00e4ngd 22 (13 m) och bredd 15 alnar, med ett tak av br\u00e4der och har en stenfot som var 1 \u00bd alnar h\u00f6g.<\/p>\n<p>Byggnadens detaljer f\u00f6rs\u00e4krades skilt f\u00f6r sig och \u00e4garen Parman gjorde den 24 maj 1855 en v\u00e4rdering och f\u00f6rs\u00e4kringsbolaget en annan, som i regel var l\u00e4gre. Enligt skeppare Parman fanns f\u00f6ljande v\u00e4rden:<\/p>\n<h4><strong>Huvudbyggnaden nr 1:<\/strong><\/h4>\n<h6>-stenfoten 30 rubel<\/h6>\n<h6>-byggnadens stomme 400<\/h6>\n<h6>-yttre taket med tillbeh\u00f6r 140<\/h6>\n<h6>-bj\u00e4lklagen 35<\/h6>\n<h6>-golven i rummen gjorda av stockar och granplankor 75<\/h6>\n<h6>-innertaken av furubr\u00e4der 40<\/h6>\n<h6>-inre och yttre trappor 10<\/h6>\n<h6>-6 st panelade, oljem\u00e5lade f\u00f6nster med halvvitt glas i kitt, 3 alnar h\u00f6ga, 2 alnar breda och med inre f\u00f6nster 45 rubel<\/h6>\n<h6>-7 st vindsf\u00f6nster 7 rubel<\/h6>\n<h6>-dubbelfodrad farstugd\u00f6rr, oljem\u00e5lad med \u00f6verf\u00f6nster samt l\u00e5s och tillbeh\u00f6r 6<\/h6>\n<h6>-7 halvfranska d\u00f6rrar, oljem\u00e5lade med tillbeh\u00f6r 25<\/h6>\n<h6>-oljem\u00e5lad fotpanel i alla rum 8 rubel<\/h6>\n<h6>-vattentapeter i alla rum 25<\/h6>\n<h6>-1 kakelugn, vitt kakel 15 rubel<\/h6>\n<h6>-3 kakelugnar av tegel 30<\/h6>\n<h6>-k\u00f6ksspis med bakugn 25<\/h6>\n<h6>-1 skorsten med r\u00f6rledningar och nicher 20<\/h6>\n<h6>-1 matskafferi med inredning 4 rubel<\/h6>\n<p>Allt tillsammans v\u00e4rderat av \u00e4garen 940 rubel silver och av brandstodskommitt\u00e9n till 740.<\/p>\n<h3><strong>Uthusbyggnaden nr 2:<\/strong><\/h3>\n<p>Uthusbyggnaden, som var uppf\u00f6rd \u00e5r 1853 brandf\u00f6rs\u00e4krades ocks\u00e5. Den bestod av ett vedlider med vind, foderlada, f\u00e4hus och spillningshus med mera. Det var i gott skick, byggt av nytt grantimmer, inte br\u00e4dfodrad och om\u00e5lad. Medelh\u00f6jden var <span style=\"font-size: 15px; font-weight: 300;\">8 alnar, hade ett br\u00e4dtak och en stenfot p\u00e5 \u00bd aln.<\/span><\/p>\n<h6>H\u00e4r \u00e4r stenfoten v\u00e4rderad till 5 rubel<\/h6>\n<h6>-byggnadens stomme 75<\/h6>\n<h6>-yttre taket av br\u00e4der och tillbeh\u00f6r 50<\/h6>\n<h6>-golven av gran 15<\/h6>\n<h6>-innertaken av plankor och br\u00e4der 10<\/h6>\n<h6>-bj\u00e4lklagen 10<\/h6>\n<h6>-inre och yttre trappor 5<\/h6>\n<h6>-6 enkla d\u00f6rrar med tillbeh\u00f6r 10<\/h6>\n<h6>-3 mindre f\u00f6nster<\/h6>\n<h6>-1 vindslucka med tillbeh\u00f6r 2 rubel<\/h6>\n<h6>-\u00f6vrig v\u00e4ggfast inredning\u00a0 5 rubel<\/h6>\n<p>Allt tillsammans v\u00e4rderat till 190 rubel men brandstodskommitt\u00e9n v\u00e4rderade det till 140 rubel silver.<\/p>\n<p>Planket p\u00e5 24 alnar vid gatan och de b\u00e5da portarna v\u00e4rderades av b\u00e5da till 10 rubel silver.<\/p>\n<p>I beskrivningen betonas att det varken p\u00e5 g\u00e5rden eller i granng\u00e5rdarna skulle finnas n\u00e5gra brandfarliga inr\u00e4ttningar.<\/p>\n<h3><strong>Ritningar:<\/strong><\/h3>\n<figure id=\"attachment_24624\" aria-describedby=\"caption-attachment-24624\" style=\"width: 913px\" class=\"wp-caption alignnone\"><img loading=\"lazy\" decoding=\"async\" class=\"size-full wp-image-24624\" src=\"https:\/\/www.kristinestadshistoria.fi\/wp-content\/uploads\/2022\/11\/Planritning-1855.jpg\" alt=\"\" width=\"913\" height=\"834\" srcset=\"https:\/\/www.kristinestadshistoria.fi\/wp-content\/uploads\/2022\/11\/Planritning-1855.jpg 913w, https:\/\/www.kristinestadshistoria.fi\/wp-content\/uploads\/2022\/11\/Planritning-1855-300x274.jpg 300w, https:\/\/www.kristinestadshistoria.fi\/wp-content\/uploads\/2022\/11\/Planritning-1855-768x702.jpg 768w\" sizes=\"auto, (max-width: 913px) 100vw, 913px\" \/><figcaption id=\"caption-attachment-24624\" class=\"wp-caption-text\">Skissen visar situationen \u00e5r 1855 och visar var brunnen och portarna fanns p\u00e5 tomt 42. Skissen visar ocks\u00e5 var grannhusen stod och i en skild f\u00f6rteckning, s\u00e5 stod det avst\u00e5nden mellan byggnaderna.<\/figcaption><\/figure>\n<p><img loading=\"lazy\" decoding=\"async\" class=\"alignnone size-full wp-image-24622\" src=\"https:\/\/www.kristinestadshistoria.fi\/wp-content\/uploads\/2022\/11\/Bottenplan-1855.jpg\" alt=\"\" width=\"870\" height=\"795\" srcset=\"https:\/\/www.kristinestadshistoria.fi\/wp-content\/uploads\/2022\/11\/Bottenplan-1855.jpg 870w, https:\/\/www.kristinestadshistoria.fi\/wp-content\/uploads\/2022\/11\/Bottenplan-1855-300x274.jpg 300w, https:\/\/www.kristinestadshistoria.fi\/wp-content\/uploads\/2022\/11\/Bottenplan-1855-768x702.jpg 768w\" sizes=\"auto, (max-width: 870px) 100vw, 870px\" \/><\/p>\n<h3><strong>Brandf\u00f6rs\u00e4kring 1862.<\/strong><\/h3>\n<p>\u00c5r 1862 f\u00f6rnyades den gamla brandf\u00f6rs\u00e4kringen som Parman hade tagit \u00e5r 1855. P\u00e5 huvudbyggnaden hade han byggt till en st\u00f6rre farstukvist, som ocks\u00e5 skulle f\u00f6rs\u00e4kras och vid tr\u00e4dg\u00e5rden hade han uppf\u00f6rt ett litet uthus. I Finland hade man tagit i bruk en ny valuta, n\u00e4mligen mark och penni och denna valuta anv\u00e4ndes en tid j\u00f6mnsides med den ryska rubeln.<\/p>\n<figure id=\"attachment_25603\" aria-describedby=\"caption-attachment-25603\" style=\"width: 1105px\" class=\"wp-caption alignnone\"><img loading=\"lazy\" decoding=\"async\" class=\"size-full wp-image-25603\" src=\"https:\/\/www.kristinestadshistoria.fi\/wp-content\/uploads\/2023\/03\/Tomtkarta-1862-original-1.jpg\" alt=\"\" width=\"1105\" height=\"747\" srcset=\"https:\/\/www.kristinestadshistoria.fi\/wp-content\/uploads\/2023\/03\/Tomtkarta-1862-original-1.jpg 1105w, https:\/\/www.kristinestadshistoria.fi\/wp-content\/uploads\/2023\/03\/Tomtkarta-1862-original-1-300x203.jpg 300w, https:\/\/www.kristinestadshistoria.fi\/wp-content\/uploads\/2023\/03\/Tomtkarta-1862-original-1-1024x692.jpg 1024w, https:\/\/www.kristinestadshistoria.fi\/wp-content\/uploads\/2023\/03\/Tomtkarta-1862-original-1-768x519.jpg 768w\" sizes=\"auto, (max-width: 1105px) 100vw, 1105px\" \/><figcaption id=\"caption-attachment-25603\" class=\"wp-caption-text\">\u00c5r 1862 byggde skeppare Johan Parman en farstukvist p\u00e5 g\u00e5rdssidan, och f\u00f6r den skulle det g\u00f6ras en skild f\u00f6rs\u00e4kring. Han hade ocks\u00e5 byggt ett liten uthus, som har f\u00e5tt nr 3 p\u00e5 planteckningen. Den lilla byggnaden var byggd av hyvlade och spontade br\u00e4der, alla sidor var 2,25 meter breda och d\u00e4r fanns bara ett rum. Den s\u00f6dra delen av tomt nr 42, d\u00e4r brunnen finns \u00e4r antecknat som kryddg\u00e5rd, allts\u00e5 en tr\u00e4dg\u00e5rd. Taket var gjort av p\u00e4rtor. I v\u00e4nstra h\u00f6rnet finns skeppare Parmans underskrift inf\u00e4llt.<\/figcaption><\/figure>\n<p>Huvudbyggnaden f\u00f6rs\u00e4krades till 4 800 mark, uthuset till 1 200 mark och det lilla, nya uthuset till 200 mark. Alltsammans allts\u00e5 6 200 mark. Ink\u00f6rsporten och det 4 alnar h\u00f6ga planket f\u00f6rs\u00e4krades f\u00f6r 200 mark.<\/p>\n<h2><strong>Brandf\u00f6rs\u00e4kringen \u00e5r 1908.<\/strong><\/h2>\n<p>I maj 1908 tecknade systrarna Betty, Hilma och Anna Parman en ny brandf\u00f6rs\u00e4kring f\u00f6r sina byggnader. De hade gjort flera f\u00f6rb\u00e4ttringar p\u00e5 byggnaderna och de stegrade byggnadskostnaderna medf\u00f6rde ocks\u00e5 att byggnaderna hade f\u00e5tt ett h\u00f6gre v\u00e4rde.<\/p>\n<p>Tomten var 1\u00a0112 m\u00b2 stor och d\u00e4r fanns en brunn med rikligt vatten, som kunde anv\u00e4ndas vid en eventuell eldsv\u00e5da. Alla n\u00f6dv\u00e4ndiga brandredskap fanns ocks\u00e5 och de var alla m\u00e4rkta med tomtens nummer i oljef\u00e4rg.<\/p>\n<p>Systrarna ville f\u00f6rs\u00e4kra b\u00e5de huvudbyggnaden och de b\u00e5da uthusen.<\/p>\n<h5><strong>Byggnad nr 1:<\/strong><\/h5>\n<p>Ett boningshus av timmer i gott skick, uppf\u00f6rt i en v\u00e5ning \u00e5r 1852. Det var br\u00e4dfodrat och m\u00e5lat med oljef\u00e4rg och hade ett tak av asfaltfilt. Huset var 13,06 m l\u00e5ngt och 8,91 m brett och d\u00e4r fanns sex boningsrum och i dessa rum fanns det fem kakelugnar och en k\u00f6ksh\u00e4llspis. P\u00e5 g\u00e5rden fanns det en veranda som var byggd av korsvirke och br\u00e4der.<\/p>\n<p>Byggnaden f\u00f6rs\u00e4krades f\u00f6r 10\u00a0000 mark.<\/p>\n<h5><strong>Byggnad nr 2<\/strong>:<\/h5>\n<p>En uthusbyggnad uppf\u00f6rd av stock \u00e5r 1853, i gott skick, br\u00e4dfodrad och m\u00e5lad med slamf\u00e4rg och hade asfaltfilt p\u00e5 taket. Uthuset var 15,49 m l\u00e5ngt och 4,45 m brett och d\u00e4r fanns ett vedlider, foderlada, f\u00e4hus, latrin med spillningskast.<\/p>\n<p>Uthuset f\u00f6rs\u00e4krades f\u00f6r 2\u00a0000 mark.<\/p>\n<h5><strong>Byggnad nr 3:<\/strong><\/h5>\n<p>En uthusbyggnad uppf\u00f6rd av korsvirke och br\u00e4der \u00e5r 1862. Den var m\u00e5lad med oljef\u00e4rg och ett tak av asfaltfilt. Det var 2,53 m l\u00e5ngt och 2,67 m brett och d\u00e4r fanns bara ett rum.<\/p>\n<p>Den lilla byggnaden f\u00f6rs\u00e4krades f\u00f6r 200 mark.<\/p>\n<p>Den st\u00f6rre ink\u00f6rsporten f\u00f6rs\u00e4krades f\u00f6r 100 mark och den mindre f\u00f6r 60. De var gjorda av stock och plankor och i f\u00f6rs\u00e4kringen ingick l\u00e5s och reglar.<\/p>\n<p>Ett m\u00e5lar plank ab stockar och br\u00e4der f\u00f6rs\u00e4krades f\u00f6r 450 mark. Det var 20 m l\u00e5ngt och 2,3 h\u00f6gt mot gatan medan det var endast 1,50 h\u00f6gt mot granntomterna. Ett tr\u00e4dg\u00e5rdsstaket av stock och str\u00e4vor f\u00f6rs\u00e4krades f\u00f6r 50 mark. Det var 12 m l\u00e5ngt och 1,20 m h\u00f6gt.<\/p>\n<p>Totala f\u00f6rs\u00e4kringsv\u00e4rdet uppgick till 12\u00a0850 mark och den \u00e5rliga premien eller intr\u00e4desavgiften som den kallades ber\u00e4knades till 84,09 mark.<\/p>\n<p>I slutet av maj 1908 granskades byggnaderna och brandredskapen av brandstodsbolagets lokala agent, sj\u00f6kapten Wilhelm Hagen. Han hade till sin hj\u00e4lp handlandena Emil Axelin och Konrad Sundman och de intygade att allt var i skick.<\/p>\n<p>Agenten Hagen skrev i en egen rapport att byggnaderna var v\u00e4l underh\u00e5llna och alla hade f\u00e5t asfaltfilt p\u00e5 taken och att f\u00f6nstren var utbytta p\u00e5 huvudbyggnaden.<\/p>\n<figure id=\"attachment_26464\" aria-describedby=\"caption-attachment-26464\" style=\"width: 1503px\" class=\"wp-caption alignnone\"><img loading=\"lazy\" decoding=\"async\" class=\"size-full wp-image-26464\" src=\"https:\/\/www.kristinestadshistoria.fi\/wp-content\/uploads\/2023\/06\/Tomtkarta-1908-original.jpg\" alt=\"\" width=\"1503\" height=\"2138\" srcset=\"https:\/\/www.kristinestadshistoria.fi\/wp-content\/uploads\/2023\/06\/Tomtkarta-1908-original.jpg 1503w, https:\/\/www.kristinestadshistoria.fi\/wp-content\/uploads\/2023\/06\/Tomtkarta-1908-original-211x300.jpg 211w, https:\/\/www.kristinestadshistoria.fi\/wp-content\/uploads\/2023\/06\/Tomtkarta-1908-original-720x1024.jpg 720w, https:\/\/www.kristinestadshistoria.fi\/wp-content\/uploads\/2023\/06\/Tomtkarta-1908-original-768x1092.jpg 768w, https:\/\/www.kristinestadshistoria.fi\/wp-content\/uploads\/2023\/06\/Tomtkarta-1908-original-1080x1536.jpg 1080w, https:\/\/www.kristinestadshistoria.fi\/wp-content\/uploads\/2023\/06\/Tomtkarta-1908-original-1440x2048.jpg 1440w\" sizes=\"auto, (max-width: 1503px) 100vw, 1503px\" \/><figcaption id=\"caption-attachment-26464\" class=\"wp-caption-text\">D\u00e5 systrarna Parman \u00e5r 1908 skulle teckna en brandf\u00f6rs\u00e4kring p\u00e5 byggnaderna, s\u00e5 l\u00e4t de rita upp denna planteckning \u00f6ver tomten och grannskapet. Inf\u00e4llt i nedre kanten systrarnas underskrifter p\u00e5 f\u00f6rs\u00e4kringsbrevet.<\/figcaption><\/figure>\n","protected":false},"excerpt":{"rendered":"<p>Sammanst\u00e4llt av Lasse Backlund i november 2022. F\u00f6rs\u00e4kringsbreven utl\u00e5nade av Margareta Reinlund. Brandf\u00f6rs\u00e4kring 1855. Den 9 juni 1855 tecknade skepparen Johan Parman en brandf\u00f6rs\u00e4kring p\u00e5 byggnaderna p\u00e5 tomt nr 42, som han hade k\u00f6pt av skeppare Wennerstrand samma \u00e5r. F\u00f6rs\u00e4kringen <a class=\"more-link\" href=\"https:\/\/www.kristinestadshistoria.fi\/?page_id=24620\">Forts\u00e4tt l\u00e4sa <span class=\"screen-reader-text\">  Parmans brandf\u00f6rs\u00e4kring<\/span><span class=\"meta-nav\">&rarr;<\/span><\/a><\/p>\n","protected":false},"author":1,"featured_media":0,"parent":24593,"menu_order":3,"comment_status":"closed","ping_status":"closed","template":"","meta":{"footnotes":""},"class_list":["post-24620","page","type-page","status-publish","hentry"],"_links":{"self":[{"href":"https:\/\/www.kristinestadshistoria.fi\/index.php?rest_route=\/wp\/v2\/pages\/24620","targetHints":{"allow":["GET"]}}],"collection":[{"href":"https:\/\/www.kristinestadshistoria.fi\/index.php?rest_route=\/wp\/v2\/pages"}],"about":[{"href":"https:\/\/www.kristinestadshistoria.fi\/index.php?rest_route=\/wp\/v2\/types\/page"}],"author":[{"embeddable":true,"href":"https:\/\/www.kristinestadshistoria.fi\/index.php?rest_route=\/wp\/v2\/users\/1"}],"replies":[{"embeddable":true,"href":"https:\/\/www.kristinestadshistoria.fi\/index.php?rest_route=%2Fwp%2Fv2%2Fcomments&post=24620"}],"version-history":[{"count":14,"href":"https:\/\/www.kristinestadshistoria.fi\/index.php?rest_route=\/wp\/v2\/pages\/24620\/revisions"}],"predecessor-version":[{"id":26469,"href":"https:\/\/www.kristinestadshistoria.fi\/index.php?rest_route=\/wp\/v2\/pages\/24620\/revisions\/26469"}],"up":[{"embeddable":true,"href":"https:\/\/www.kristinestadshistoria.fi\/index.php?rest_route=\/wp\/v2\/pages\/24593"}],"wp:attachment":[{"href":"https:\/\/www.kristinestadshistoria.fi\/index.php?rest_route=%2Fwp%2Fv2%2Fmedia&parent=24620"}],"curies":[{"name":"wp","href":"https:\/\/api.w.org\/{rel}","templated":true}]}}