{"id":24609,"date":"2022-11-17T20:45:59","date_gmt":"2022-11-17T18:45:59","guid":{"rendered":"https:\/\/www.kristinestadshistoria.fi\/?page_id=24609"},"modified":"2022-11-17T21:14:03","modified_gmt":"2022-11-17T19:14:03","slug":"gustaf-parmans-dod-den-2-september-1910","status":"publish","type":"page","link":"https:\/\/www.kristinestadshistoria.fi\/?page_id=24609","title":{"rendered":"Gustaf Parmans d\u00f6d den 2 september 1910."},"content":{"rendered":"<p><span style=\"color: #000080;\"><strong>Sammanst\u00e4llt av Lasse Backlund i november 2022.<\/strong><\/span><\/p>\n<p><a href=\"https:\/\/www.kristinestadshistoria.fi\/?page_id=20115\">Den Axelinska aff\u00e4ren<\/a>, som lamslog hela Kristinestad h\u00f6sten 1910 fick stor publicitet runt om i landet. S\u00e5 gott som alla st\u00f6rre tidningar f\u00f6ljde med fallet d\u00e4r den omtyckta prokuristen i flera \u00e5rs tid hade f\u00f6rsnillat pengar fr\u00e5n firman Carlstr\u00f6m, Wasa Aktiebank och flera andra mindre f\u00f6retag och f\u00f6reningar. Redan vid de f\u00f6rsta avsl\u00f6jandena s\u00e5 misst\u00e4nktes det att flera personer \u00e4r inblandade i den Axelinska aff\u00e4ren. Handlanden Gustaf Parman i Bj\u00f6rneborg hade haft ett gott samarbete med Firma Carlstr\u00f6m och med Emil Axelin och p\u00e5 n\u00e5got vis var han ocks\u00e5 inblandad och detta ledde till att Gustaf Parman tog sitt eget liv den 2 september 1910, endast en vecka efter att Alfred Carlstr\u00f6m och hans kontorist Wilhelm Martens hade avlidit f\u00f6r egen hand.<\/p>\n<figure id=\"attachment_24575\" aria-describedby=\"caption-attachment-24575\" style=\"width: 402px\" class=\"wp-caption alignnone\"><img loading=\"lazy\" decoding=\"async\" class=\" wp-image-24575\" src=\"https:\/\/www.kristinestadshistoria.fi\/wp-content\/uploads\/2022\/11\/Gustaf-Parman-pa-aldre-dar.jpg\" alt=\"\" width=\"402\" height=\"590\" srcset=\"https:\/\/www.kristinestadshistoria.fi\/wp-content\/uploads\/2022\/11\/Gustaf-Parman-pa-aldre-dar.jpg 1209w, https:\/\/www.kristinestadshistoria.fi\/wp-content\/uploads\/2022\/11\/Gustaf-Parman-pa-aldre-dar-204x300.jpg 204w, https:\/\/www.kristinestadshistoria.fi\/wp-content\/uploads\/2022\/11\/Gustaf-Parman-pa-aldre-dar-698x1024.jpg 698w, https:\/\/www.kristinestadshistoria.fi\/wp-content\/uploads\/2022\/11\/Gustaf-Parman-pa-aldre-dar-768x1127.jpg 768w, https:\/\/www.kristinestadshistoria.fi\/wp-content\/uploads\/2022\/11\/Gustaf-Parman-pa-aldre-dar-1047x1536.jpg 1047w\" sizes=\"auto, (max-width: 402px) 100vw, 402px\" \/><figcaption id=\"caption-attachment-24575\" class=\"wp-caption-text\">Handlanden Gustaf Parman i Bj\u00f6rneborg var en v\u00e4lk\u00e4nd man, som var politiskt aktiv och han var ocks\u00e5 aktiv i flera f\u00f6reningar. Han hade en glas- och porslinsaff\u00e4r men idkade ocks\u00e5 skeppshandel och verkade under en l\u00e5ng tid som spedit\u00f6r f\u00f6r handlande i Kristinestad. Han var inblandad i oegentligheterna med Alfred Carlstr\u00f6m och Emil Axelin i Kristinestad och det ledde till att han tog sitt eget liv \u00e5r 1910.<\/figcaption><\/figure>\n<p>Fallet med Gustaf Parmans d\u00f6d fick stor publicitet i Bj\u00f6rneborg och den st\u00f6rsta tidningen gav mycket spaltutrymme \u00e5t h\u00e4ndelsen. L\u00e4s mera h\u00e4r vad tidningen skrev:<\/p>\n<h3><strong>Artiklar inf\u00f6rda i Bj\u00f6rneborgs Tidning.<\/strong><\/h3>\n<h5><span style=\"color: #000080;\"><strong>6.9.1910:<\/strong><\/span><\/h5>\n<p>I l\u00f6rdags p\u00e5 dagen fick man bekr\u00e4ftelse p\u00e5 misstankarna om att Gustaf Parman g\u00e5tt naturen i f\u00f6rv\u00e4g och med egen hand avklippt sin livstr\u00e5d. P\u00e5 fredagen kl. 11-tiden hade han fr\u00e5n sitt hem begett sig av p\u00e5 velociped \u2014 till aff\u00e4ren s\u00e5som han upplyste, men hade han direkt styrt kosan till de s\u00e5 kallade batterierna i stadsskogen, d\u00e4r hans lik p\u00e5tr\u00e4ffades l\u00f6rdag kl. halv 2-tiden. Med ett v\u00e4lriktat skott i v\u00e4nstra tinningen hade Gustaf Parman \u00e4ndat sitt liv. D\u00f6den hade varit \u00f6gonblicklig, f\u00f6r kulan hade g\u00e5tt genom bakhuvudet och ut vid h\u00f6gra \u00f6rat.<\/p>\n<p>Parman hade visserligen den senaste tiden efter allt vad som passerat i Kristinestad \u2014 han var f\u00f6dd i Kristinestad och genom aff\u00e4rs-, v\u00e4nskaps- och sl\u00e4ktf\u00f6rbindelser n\u00e4ra lierad med staden \u2014 varit vemodig till sinnes. Man kan ju s\u00e5 v\u00e4l f\u00f6rst\u00e5 att de sorgliga, slag i slag p\u00e5 varandra f\u00f6ljande h\u00e4ndelser, som ryckte undan personliga och aff\u00e4rsv\u00e4nner i f\u00f6delsestaden, skulle verka bekl\u00e4mmande p\u00e5 ett sinne som Gustaf Parmans. Men hans v\u00e4sen f\u00f6rr\u00e5dde dock inte, att han skulle g\u00e5tt och burit p\u00e5 dessa dystra tankar, som slutligen f\u00f6rm\u00e5dde honom att s\u00e4tta det d\u00f6dande vapnet i handen.\u00a0 Tv\u00e4rtom hade han \u00e4nnu aftonen f\u00f6re och morgonen samma dag han begick den f\u00f6rtvivlade handlingen varit sig lik, lugn och talat som vanligt, utan att man kunnat m\u00e4rka, att f\u00f6r honom skulle livets port \u2014 enligt hans eget beslut \u2014 om n\u00e5gra timmar vara sluten.<\/p>\n<p>Hans v\u00e4nner fr\u00e5gar best\u00f6rt, andra nyfiket efter orsaken till det steg han tog. Antagligen var det flera samverkande orsaker, som drog Gustaf Parmans tankar dit, d\u00e4rifr\u00e5n ingen v\u00e4g leder \u00e5ter. Han led av ett sv\u00e5rt hj\u00e4rtfel och detta \u00e5samkade honom, \u00e5tminstone p\u00e5 sista tiden, flera fall av \u00e5ngest. Hj\u00e4rtsjukdomen ledde otvivelaktigt hans tankar p\u00e5 d\u00f6den, kom s\u00e5 d\u00e4rtill exemplen fr\u00e5n Kristinestad. F\u00f6ga gick Gustaf Parman heller fri fr\u00e5n aff\u00e4rs- och andra bekymmer, som f\u00f6rdystrar och t\u00e4r p\u00e5 s\u00e5 m\u00e5ngens sinne, vars utkomst \u00e4r beroende av konjunkturerna inom handelsv\u00e4rlden. Vad vet vi m\u00e4nniskor f\u00f6r\u00f6vrigt om varandras sorger. Bakom en skenbart lugn yta kan dv\u00e4ljas sv\u00e5ra, djupa marter.<\/p>\n<p>Ett st\u00e5r dock visst f\u00f6r oss, vi som h\u00e4r st\u00e5 undrande och sp\u00f6rjande. Det har uppst\u00e5tt ett gapande tomrum efter den bortg\u00e5ngne i v\u00e5ra led. Med Gustaf Parman har en duktig, verksam medborgare, en fin och nobel, r\u00e4ttr\u00e5dig m\u00e4nniska g\u00e5tt bort. P\u00e5 denna ort tillh\u00f6rde han det svenska partiet och arbetade troget i dess intresse, men hans fosterl\u00e4ndska, str\u00e4ngt konstitutionella sinnelag bj\u00f6d honom att uppoffra sig \u00e4ven ut\u00e5t. I de id\u00e9ers tj\u00e4nst som omfattar hela fosterlandet och dess v\u00e4lf\u00e4rd. Sj\u00e4lvm\u00f6rdarens dom faller inte \u00f6ver Gustaf Parmans nu kallnade stoft.<\/p>\n<p>Gustaf Parman var f\u00f6dd den 5 maj 1863 och s\u00e5ledes vid sin d\u00f6d endast 47 \u00e5r gammal. Han flyttade till Bj\u00f6rneborg f\u00f6r cirka 30 \u00e5r sedan och grundlade sedermera h\u00e4rst\u00e4des sitt bekanta, v\u00e4lk\u00e4nda lamp-, glas- och porslinsmagasin. J\u00e4msides med detta drev han speditionsr\u00f6relse och anlitades h\u00e4ri synnerligast av aff\u00e4rsv\u00e4rlden i Kristinestad.<\/p>\n<p>Vid sidan av sin aff\u00e4rsmannaverksamhet deltog Parman ivrigt i det allm\u00e4nna och kommunala livet. Sedan 1909 var han ordinarie stadsfullm\u00e4ktig och tidigare har han som medlem av f\u00f6rst\u00e4rkta fullm\u00e4ktige flera g\u00e5nger deltagit i avg\u00f6randet av viktiga kommunala fr\u00e5gor. I Frivillliga Brandk\u00e5ren intr\u00e4dde Parman \u00e5r 1889 och har d\u00e4r fungerat som kompanichef i sl\u00e4ckningsdivisionen och under de senaste \u00e5ren som chef f\u00f6r \u00e5ngsprutan. Dessutom togs Parmans krafter och intresse under hans l\u00e5nga brandk\u00e5rsmannatid i anspr\u00e5k s\u00e5som kass\u00f6r och ekonom samt direktionsmedlem. \u00c4ven Brandkommissionen tillh\u00f6rde Parman sedan 1895, fr\u00e5n och med 1907 som viceordf\u00f6rande.<\/p>\n<p>Varm djurskyddsv\u00e4n verkade Parman som medlem av Satakunta Djurskyddsf\u00f6renings centralbestyrelse och sedermera som styrelsens ordf\u00f6rande med kraft och allvar f\u00f6r djurskyddsid\u00e9ns fr\u00e4mjande i f\u00f6reningens vidstr\u00e4ckta distrikt. Friluftsm\u00e4nniska, som Gustaf Parman var, var han intresserad seglare, fiskare och j\u00e4gare. Bj\u00f6rneborgs Segelf\u00f6rening f\u00f6rlorar i honom en verksam medlem, sin intresserade paviljongsviceintendent och underhamnm\u00e4stare. Svenska partiet p\u00e5 orten, som Gustaf Parman tillh\u00f6rde, hade i honom en verksam och den svenska saken varmt h\u00e4ngiven partimedlem. Under svenska Folkpartiets f\u00f6rsta \u00e5r fungerade Parman som kass\u00f6r h\u00e4r och intill partidagen \u00e5r 1909 var han partiets representant i f\u00f6rst\u00e4rkta styrelsen i Bj\u00f6rneborg. Gustaf Parman s\u00f6rjes n\u00e4rmast av maka Ellen, f\u00f6dd Palmroth och tv\u00e5 d\u00f6ttrar.<\/p>\n<h5><span style=\"color: #000080;\"><strong>9.9.1910:<\/strong><\/span><\/h5>\n<p><strong>Stadsfullm\u00e4ktige<\/strong> i Bj\u00f6rneborg sammantr\u00e4dde den 8 september och innan f\u00f6rhandlingarna vidtog hedrade fullm\u00e4ktige framlidne stadsfullm\u00e4ktigen, handlanden Gustaf Parmans minne genom uppstigning.<\/p>\n<h3><strong>Gustaf Parmans jordf\u00e4stning.\u00a0<\/strong><\/h3>\n<p>Handlanden Gustaf Parmans stoft nedb\u00e4ddades i onsdags till vilan i hemjordens sk\u00f6te. Kl. 3 p\u00e5 dagen avgick det l\u00e5nga sorget\u00e5get fr\u00e5n hemmet \u00d6stra Esplanadgatan 7. Utmed esplanaden och trottoarerna hade allm\u00e4nheten bildat en t\u00e4t spalier. I spetsen f\u00f6r t\u00e5get gick F. B. K. med florh\u00f6ljda fanor och \u00e5tf\u00f6ljd av Seikku S\u00e5gs musikkapell, framf\u00f6r likvagnen bars Segelf\u00f6reningens i Bj\u00f6rneborg fana och p\u00e5 v\u00e4nstra och h\u00f6gra sidan om vagnen bildade medlemmar av B. S. F. i uniform hedersvakt.<\/p>\n<p>Under tonerna av en sorgmarsch f\u00f6rdes kistan till gravplatsen, d\u00e4r jordf\u00e4stningen f\u00f6rr\u00e4ttades av pastor I. Airila. Den sista tj\u00e4nsten bevisades den avlidne av j\u00e4rnv\u00e4gstj\u00e4nstem\u00e4nnen W. Wennerstrand och John Levonius, doktor Oskar Nyqvist, magister A. F. Timgren, bryggeri\u00e4garen K. F. Gr\u00f6nvall, gods\u00e4garen Arthur Rosenlew, handlanden Erik Mellin, handlanden Hj. Widbom, kass\u00f6r Joel Forsberg och handlanden W. Broholm, vilka fungerade som b\u00e4rare.<\/p>\n<p>D\u00e4refter vidtog en rik blomsterhyllning. mer \u00e4n ett 40-tal kransar och andra blomsterg\u00e4rder, bland vilka flera magnifikt vackra.\u00a0P\u00e5 den rundade griften nedlades s\u00e5lunda f\u00f6ljande kransar och blomsterg\u00e4rder:<\/p>\n<p>Fr\u00e5n egna och tj\u00e4nstepersonalen:\u00a0\u2014 \u201dEtt sista \u00f6mt farv\u00e4l till v\u00e5r k\u00e4re Gustaf. Ellen, Margit, Ingrid. M\u00e5ngen tanke f\u00f6ljer dit du g\u00e5r, M\u00e5ngen b\u00f6n och m\u00e5ngen osedd t\u00e5r.&#8221;<\/p>\n<p>\u2014 \u201dGustaf Parman. Ett sista farv\u00e4l och tack till min avh\u00e5llne principal. Irene S\u00f6derman\u201d.<\/p>\n<p>\u2014 \u201dGustaf Parman. Viimeinen tervehdys rakkaalle is\u00e4nn\u00e4lle. Hilda\u201d.<\/p>\n<p>&#8211; Fr\u00e5n aff\u00e4rspersonalen.<\/p>\n<p>Fr\u00e5n f\u00f6ljande korporationer:<\/p>\n<p>\u2014 F. B. K., nedlagd genom k\u00e5rchefen borgm\u00e4staren friherre H. von Hellens. \u201dKauppias Gustaf Adolf Parman&#8217;ille Porin W.P.K:lta. Innokkaana vapaaehtoisena palokuntalaisena seisoit 21 vuotta uskollisesti riveiss\u00e4mme ja senp\u00e4 vuoksi kepe\u00e4t mullat haudallesi luomme.\u201d<\/p>\n<p>\u2014 F. B. K:s \u00e5ngsprutkompani, nedlagd genom kontoristen A. Walio. \u201dViimeinen tervehdys innokkaalle p\u00e4\u00e4llik\u00f6lleen. Porin W.P.K. h\u00f6yryruiskukomppania\u201d.<\/p>\n<p>\u2014 Fr\u00e5n Brandkommissionen, nedlagd genom handlande Hj. Widbom. \u201dVarapuheenjohtajalleen Kauppias Gustaf Adolf Parmanille. Viimeinen tervehdys Porin palokomissionilta.\u201d<\/p>\n<p>\u2014 Svenska Folkpartiet i Bj\u00f6rneborg, genom redakt\u00f6r C. v. Diederichs.<\/p>\n<p>\u2014 Arbetets V\u00e4nner, genom den samme.<\/p>\n<p>\u2014 Segelf\u00f6reningen i Bj\u00f6rneborg, nedlagd genom kass\u00f6r Erik Petterson. \u201dTill Gustaf Parman. Ett sista farv\u00e4l och tack f\u00f6r visat varmt intresse av Segelf\u00f6reningen i Bj\u00f6rneborg.\u201d<\/p>\n<p>\u2014 Satakunta Djurskyddsf\u00f6rening, nedlagd genom l\u00e4raren G. W. Lehtonen. \u201dKauppias Gustaf Parmanille. Kiitos k\u00e4rsiv\u00e4in el\u00e4inkunnan hyv\u00e4ksi tekem\u00e4st\u00e4si ty\u00f6st\u00e4. Satakunnan El\u00e4insuojelusyhdistys.\u201d\u00a0Fr\u00e5n v\u00e4nner och bekanta.<\/p>\n<p>\u2014 \u201dTill Gustaf fr\u00e5n tant Alfonsine, tant Ida, syskonen Wendelin, familjerna Ellen Junnelius, Hugo, Will, Conrad &amp; Erik Rosenlew, Mimi, Oskar och Arthur. Uno. Oscar Nyqvist, Axel Fredrik Timgren, Berndt Procop\u00e9, Wilhelm Broholm. Elin, Kalle &amp; Else, Eino, Kuno. Verner och Robert Petrell. Arvid \u00d6hman &amp; Alfred Rautell. Alma och Knut Sumelius. Familjen Wennerstrand, Henrik, Hjalmar och G\u00f6sta Widbom, H. von Hellens. Manni och Ossi Granlund. Hugo Lagus, Uno Lithenius, M. v. Nandelstadh, Gerhard Rancken, Otto Sax\u00e9n. familjen Joel Forsberg. Thyra och Torkel Nordman. Anni och G. W. Snellman. Artur, Inez, Gertrud och Karin Hammarstr\u00f6m. Carl Arppe. Britto. Nathalie och Maximilian Sp\u00e5re. Ida och Gustaf R\u00f6nnholm. M\u00e4rtha och Cassi. Harald S\u00f6derberg. Konstantin Hammar. Wilhelm Broholm.Ida, Carl och Ester. Oskar Forstadius. Edit Sar\u00e9n, familjen Ekvall, m. fl.<\/p>\n<p>Vid graven talade varmt till den avlidnes minne p\u00e5 sina respektive korporationers v\u00e4gnar friherre H. v. Hellens, brandstodsagenten Aksel Almqvist, kass\u00f6r Erik Petterson och l\u00e4raren G. W. Lehtonen. Kamratens h\u00e5gkomst \u00e4gnade \u00f6verste Arvid \u00d6hman en hj\u00e4rtlig hyllning. P\u00e5 Svenska Folkpartiets och Arbetets V\u00e4nners v\u00e4gnar frambar dess representant n\u00e5gra enkla tacksamhetsord.<\/p>\n<p><strong>N\u00e5gra enkla minnesord. <\/strong>\u00a0Gustaf Parman finns inte mer. N\u00e5gra minnesord d\u00e4rf\u00f6r i anledning av hans bortg\u00e5ng ber\u00f6rande hans verksamhet inom f\u00f6reningen Arbetets V\u00e4nner.\u00a0D\u00e5 ny\u00e5rstiden 1896 tanke om grundandet av en f\u00f6rening h\u00e4r p\u00e5 orten med ovann\u00e4mnda namn uppstod, var Gustaf Parman en av de f\u00e5, som genast uppfattade betydelsen av en dylik f\u00f6renings bildande. Och vid det kort d\u00e4rp\u00e5 h\u00e5llna konstituerande m\u00f6tet valdes han enh\u00e4lligt till f\u00f6reningens viceordf\u00f6rande. Detta f\u00f6rtroendeuppdrag innehade han under en tidsf\u00f6ljd av 7 \u00e5r, d\u00e5 han avgick f\u00f6r att \u00e5ter n\u00e5gra \u00e5r d\u00e4refter intr\u00e4da i styrelsen som medlem.\u00a0Gustaf Parmans verksamhet ber\u00f6rde snart sagt alla grenar av det denna tid s\u00e5 livliga f\u00f6reningslivet. Synnerligast var hans r\u00e5d v\u00e4gande, d\u00e5 det g\u00e4llde ekonomiska sp\u00f6rsm\u00e5l.<\/p>\n<p>Arbetets V\u00e4nners ekonomi var n\u00e4mligen l\u00e5ngtifr\u00e5n den b\u00e4sta och medel kr\u00e4vdes f\u00f6r allehanda \u00e4ndam\u00e5l, s\u00e5som barntr\u00e4dg\u00e5rdsid\u00e9ns realiserande, s\u00e5ngk\u00f6rs bildande, l\u00e4sesal, bibliotek och s\u00e5 vidare.\u00a0Men d\u00e5 var det alltid Gustaf Parmans v\u00e4l \u00f6vert\u00e4nkta r\u00e5d som gav utslaget. Livligt deltog han s\u00e5lunda i grundandet av f\u00f6reningens bibliotek. I s\u00e4rskild h\u00e5gkomst bevaras \u00e4ven hans minne inom Arbetets V\u00e4nners barntr\u00e4dg\u00e5rd, som genom hans omt\u00e4nksamhet erh\u00f6ll st\u00f6rre stabilitet. Under de senaste 5 &#8211; 6 \u00e5ren minskades synbart Gustaf Parmans aktivitet i f\u00f6reningsarbetet. F\u00f6r den daglige iakttagaren framgick det, att en viss tr\u00f6tthet gjorde sig g\u00e4llande.\u00a0Gustaf Parman var inte speciellt n\u00e5gon initiativets man, men fick han h\u00f6ra n\u00e5gon god id\u00e9 eller en behj\u00e4rtansv\u00e4rd sak refereras, s\u00e5 var han en av de f\u00f6rsta i ledet. Gustaf Parman var dessutom redbar och of\u00f6rskr\u00e4ckt i kampen f\u00f6r de id\u00e9er han f\u00f6rf\u00e4ktade.<\/p>\n<h5><span style=\"color: #000080;\"><strong>13.9.1910:<\/strong><\/span><\/h5>\n<p>\u201dSvj\u00e4t\u201d om handlanden G. Parmans fr\u00e5nf\u00e4lle. I \u00bbSvj\u00e4t\u00bb skriver signaturen \u201dRussak\u201d under rubriken: \u00bbDagens br\u00e4nnande fr\u00e5gor, bland annat:\u00a0Jag har redan yttrat mig om de tragedier, som framkallats av herr Axelins fr\u00e5n Kristinestad finansoperationer. Till de genom hans f\u00f6rsnillningar f\u00f6rorsakade tv\u00e5 sj\u00e4lvmord har numera kommit ett tredje. K\u00f6pmannen Gustaf Parman, en f\u00f6rm\u00f6gen man, som spelat en framst\u00e5ende roll i den finska politiken, har n\u00e4mligen skjutit sig. \u00a0\u00c5r 1906 l\u00e4t herr Parman fr\u00e5n Bj\u00f6rneborg avg\u00e5 stora f\u00f6rs\u00e4ndelser av milit\u00e4ra snabbskjutande gev\u00e4r. Till Kuopio ankom \u2014 och f\u00f6rkom s\u00e5som genom ett skickligt utf\u00f6rt trolleri \u2014 en vagnslast gev\u00e4r, som frambefordrats under medverkan av polism\u00e4staren von Nandelstadh i Tammerfors. Till Helsingfors avs\u00e4ndes 6 eller 7,000 gev\u00e4r, av vilka blott 537 stycken f\u00f6ll i polisens h\u00e4nder. Vid den verkst\u00e4llda unders\u00f6kningen anf\u00f6rde Parman, att han endast var expedit\u00f6r, och avs\u00e4nde vapnen p\u00e5 uppdrag av en person, vars namn han inte ville uppge. Nu har det visat sig att han varit till den grad inblandad i de Axelinska aff\u00e4rerna, att han skjutit sig. \u00a0Tecknen tyder p\u00e5, slutar skribenten, att den Axelinska aff\u00e4ren vid domstolens behandling kommer att vara inh\u00f6ljd i m\u00f6rker. Den st\u00e5r synbarligen i n\u00e4ra samband med de finl\u00e4ndska aktivisternas politik. Dessa herrar tycks inte visa sina kort! \u00a0S\u00e5 skall det l\u00e5ta.<strong>\u00a0<\/strong><strong>\u00a0<\/strong><\/p>\n<h5><span style=\"color: #000080;\"><strong>20.9.1910.<\/strong><\/span><\/h5>\n<p><strong>Konkursans\u00f6kan.<\/strong>\u00c4nkefru Elli Parman inl\u00e4mnade i g\u00e5r ans\u00f6kan om att f\u00e5 uppl\u00e5ta sin framlidne man, handlande Gustaf Parmans bo till konkurs. F\u00f6rh\u00f6r utsattes att \u00e4ga rum den 30 oktober. Fru Elli Parman och magister A. F. Timgren f\u00f6rordnades att omh\u00e4nderha boet.<\/p>\n<h5><span style=\"color: #000080;\"><strong>4.10.1910.<\/strong><\/span><\/h5>\n<p>F\u00f6rh\u00f6r \u00e4gde rum i g\u00e5r i handlanden Gustaf Parmans konkurs. Den ingivna och beedigade staten utvisade aktiva 123\u00a0553 mark och passiva 122\u00a0885 mark. Inst\u00e4llelsedagen utsattes till den 26 januari 1911. Till godem\u00e4n f\u00f6rordades handlanden Erik Mellin och viceh\u00e4radsh\u00f6vding J. E. Lindqvist. I november 1910 k\u00f6pte handlanden Hj. Idman hela Parmans konkursbos varulager.<strong>\u00a0<\/strong><\/p>\n<h5><span style=\"color: #000080;\"><strong>18.10.1910.<\/strong>\u00a0<\/span><\/h5>\n<h3><strong>Voimam\u00e5len. <\/strong><\/h3>\n<p>\u00c5bo hovr\u00e4tt har i ett utslag i m\u00e5let r\u00f6rande vapeninsmuggling mot numera avlidna handlanden Gustaf Parman kommit fram till att herr Parman gjort sig skyldig till fortsatt medverkan vid insmuggling av vapen och d\u00e4rf\u00f6r d\u00f6mde hovr\u00e4tten svaranden till 700 marks b\u00f6ter. R\u00e5dstuvur\u00e4tten hade d\u00f6mt herr Parman till 400 marks b\u00f6ter.\u00a0Som k\u00e4nt d\u00f6mde r\u00e5dstuvur\u00e4tten i Helsingfors p\u00e5 advokatfiskalen Orells yrkande kaptenen p\u00e5 \u00e5ngpr\u00e5men \u201dHanhi\u201d. K. A. \u00c5berg till 75 marks b\u00f6ter f\u00f6r att herr \u00c5berg mottagit en last med vapen och ammunition, utan att d\u00e4rf\u00f6r ha fordrat pass av tullverket samt f\u00f6r att kapten \u00c5berg senare l\u00e4mnat lasten \u00e5t redakt\u00f6r K. P. Mannelin utan att varorna tullbehandlats. Likas\u00e5 d\u00f6mde r\u00e5dstuvur\u00e4tten redakt\u00f6r Mannelin till 500 marks b\u00f6ter f\u00f6r delaktighet i smuggleri, varf\u00f6rutom de 537 beslagtagna patronerna och 250 bajonetterna f\u00f6rklarades f\u00f6rbrutna. B\u00e4gge parterna anm\u00e4lde missn\u00f6je, men har \u00c5bo hovr\u00e4tt numera medels avgivet utslag kommit fram till att det inte f\u00f6religger n\u00e5gon orsak att \u00e4nda p\u00e5 r\u00e5dstuvur\u00e4ttens utslag.\u00a0Annons i Bj\u00f6rneborgs Tidning 25.10.1910.\u00a0Bj\u00f6rneborgs Tidning 11.11.1910.<\/p>\n<h3><strong>Fotografier och tidningsurklipp.<\/strong><\/h3>\n<figure id=\"attachment_24572\" aria-describedby=\"caption-attachment-24572\" style=\"width: 610px\" class=\"wp-caption alignnone\"><img loading=\"lazy\" decoding=\"async\" class=\" wp-image-24572\" src=\"https:\/\/www.kristinestadshistoria.fi\/wp-content\/uploads\/2022\/11\/Gustaf-Parman-fotograferad-i-Bjorneborg.jpg\" alt=\"\" width=\"610\" height=\"997\" srcset=\"https:\/\/www.kristinestadshistoria.fi\/wp-content\/uploads\/2022\/11\/Gustaf-Parman-fotograferad-i-Bjorneborg.jpg 1263w, https:\/\/www.kristinestadshistoria.fi\/wp-content\/uploads\/2022\/11\/Gustaf-Parman-fotograferad-i-Bjorneborg-184x300.jpg 184w, https:\/\/www.kristinestadshistoria.fi\/wp-content\/uploads\/2022\/11\/Gustaf-Parman-fotograferad-i-Bjorneborg-627x1024.jpg 627w, https:\/\/www.kristinestadshistoria.fi\/wp-content\/uploads\/2022\/11\/Gustaf-Parman-fotograferad-i-Bjorneborg-768x1255.jpg 768w, https:\/\/www.kristinestadshistoria.fi\/wp-content\/uploads\/2022\/11\/Gustaf-Parman-fotograferad-i-Bjorneborg-940x1536.jpg 940w, https:\/\/www.kristinestadshistoria.fi\/wp-content\/uploads\/2022\/11\/Gustaf-Parman-fotograferad-i-Bjorneborg-1253x2048.jpg 1253w\" sizes=\"auto, (max-width: 610px) 100vw, 610px\" \/><figcaption id=\"caption-attachment-24572\" class=\"wp-caption-text\">Gustaf Parman, som var son till skepparen Johan Parman f\u00f6ddes i Kristinestad 1863 och flyttade i unga \u00e5r till Bj\u00f6rneborg d\u00e4r han slog sig p\u00e5 aff\u00e4rer.<\/figcaption><\/figure>\n<p><img loading=\"lazy\" decoding=\"async\" class=\"alignnone size-full wp-image-24592\" src=\"https:\/\/www.kristinestadshistoria.fi\/wp-content\/uploads\/2022\/11\/Gustaf-Parmans-nekrolog-scaled.jpg\" alt=\"\" width=\"1366\" height=\"2560\" srcset=\"https:\/\/www.kristinestadshistoria.fi\/wp-content\/uploads\/2022\/11\/Gustaf-Parmans-nekrolog-scaled.jpg 1366w, https:\/\/www.kristinestadshistoria.fi\/wp-content\/uploads\/2022\/11\/Gustaf-Parmans-nekrolog-160x300.jpg 160w, https:\/\/www.kristinestadshistoria.fi\/wp-content\/uploads\/2022\/11\/Gustaf-Parmans-nekrolog-546x1024.jpg 546w, https:\/\/www.kristinestadshistoria.fi\/wp-content\/uploads\/2022\/11\/Gustaf-Parmans-nekrolog-768x1439.jpg 768w, https:\/\/www.kristinestadshistoria.fi\/wp-content\/uploads\/2022\/11\/Gustaf-Parmans-nekrolog-820x1536.jpg 820w, https:\/\/www.kristinestadshistoria.fi\/wp-content\/uploads\/2022\/11\/Gustaf-Parmans-nekrolog-1093x2048.jpg 1093w\" sizes=\"auto, (max-width: 1366px) 100vw, 1366px\" \/> <img loading=\"lazy\" decoding=\"async\" class=\"alignnone size-full wp-image-24588\" src=\"https:\/\/www.kristinestadshistoria.fi\/wp-content\/uploads\/2022\/11\/1915-Ellens-annonser.jpg\" alt=\"\" width=\"1358\" height=\"1636\" srcset=\"https:\/\/www.kristinestadshistoria.fi\/wp-content\/uploads\/2022\/11\/1915-Ellens-annonser.jpg 1358w, https:\/\/www.kristinestadshistoria.fi\/wp-content\/uploads\/2022\/11\/1915-Ellens-annonser-249x300.jpg 249w, https:\/\/www.kristinestadshistoria.fi\/wp-content\/uploads\/2022\/11\/1915-Ellens-annonser-850x1024.jpg 850w, https:\/\/www.kristinestadshistoria.fi\/wp-content\/uploads\/2022\/11\/1915-Ellens-annonser-768x925.jpg 768w, https:\/\/www.kristinestadshistoria.fi\/wp-content\/uploads\/2022\/11\/1915-Ellens-annonser-1275x1536.jpg 1275w\" sizes=\"auto, (max-width: 1358px) 100vw, 1358px\" \/> <img loading=\"lazy\" decoding=\"async\" class=\"alignnone size-full wp-image-24587\" src=\"https:\/\/www.kristinestadshistoria.fi\/wp-content\/uploads\/2022\/11\/1911-Annonser-1911.jpg\" alt=\"\" width=\"1240\" height=\"1577\" srcset=\"https:\/\/www.kristinestadshistoria.fi\/wp-content\/uploads\/2022\/11\/1911-Annonser-1911.jpg 1240w, https:\/\/www.kristinestadshistoria.fi\/wp-content\/uploads\/2022\/11\/1911-Annonser-1911-236x300.jpg 236w, https:\/\/www.kristinestadshistoria.fi\/wp-content\/uploads\/2022\/11\/1911-Annonser-1911-805x1024.jpg 805w, https:\/\/www.kristinestadshistoria.fi\/wp-content\/uploads\/2022\/11\/1911-Annonser-1911-768x977.jpg 768w, https:\/\/www.kristinestadshistoria.fi\/wp-content\/uploads\/2022\/11\/1911-Annonser-1911-1208x1536.jpg 1208w\" sizes=\"auto, (max-width: 1240px) 100vw, 1240px\" \/><\/p>\n<p><img loading=\"lazy\" decoding=\"async\" class=\"alignnone size-full wp-image-24589\" src=\"https:\/\/www.kristinestadshistoria.fi\/wp-content\/uploads\/2022\/11\/19230427-Ellen-Parmans-nekrolog.jpg\" alt=\"\" width=\"1535\" height=\"1104\" srcset=\"https:\/\/www.kristinestadshistoria.fi\/wp-content\/uploads\/2022\/11\/19230427-Ellen-Parmans-nekrolog.jpg 1535w, https:\/\/www.kristinestadshistoria.fi\/wp-content\/uploads\/2022\/11\/19230427-Ellen-Parmans-nekrolog-300x216.jpg 300w, https:\/\/www.kristinestadshistoria.fi\/wp-content\/uploads\/2022\/11\/19230427-Ellen-Parmans-nekrolog-1024x736.jpg 1024w, https:\/\/www.kristinestadshistoria.fi\/wp-content\/uploads\/2022\/11\/19230427-Ellen-Parmans-nekrolog-768x552.jpg 768w\" sizes=\"auto, (max-width: 1535px) 100vw, 1535px\" \/><\/p>\n<p>&nbsp;<\/p>\n","protected":false},"excerpt":{"rendered":"<p>Sammanst\u00e4llt av Lasse Backlund i november 2022. Den Axelinska aff\u00e4ren, som lamslog hela Kristinestad h\u00f6sten 1910 fick stor publicitet runt om i landet. S\u00e5 gott som alla st\u00f6rre tidningar f\u00f6ljde med fallet d\u00e4r den omtyckta prokuristen i flera \u00e5rs tid <a class=\"more-link\" href=\"https:\/\/www.kristinestadshistoria.fi\/?page_id=24609\">Forts\u00e4tt l\u00e4sa <span class=\"screen-reader-text\">  Gustaf Parmans d\u00f6d den 2 september 1910.<\/span><span class=\"meta-nav\">&rarr;<\/span><\/a><\/p>\n","protected":false},"author":1,"featured_media":0,"parent":24593,"menu_order":2,"comment_status":"closed","ping_status":"closed","template":"","meta":{"footnotes":""},"class_list":["post-24609","page","type-page","status-publish","hentry"],"_links":{"self":[{"href":"https:\/\/www.kristinestadshistoria.fi\/index.php?rest_route=\/wp\/v2\/pages\/24609","targetHints":{"allow":["GET"]}}],"collection":[{"href":"https:\/\/www.kristinestadshistoria.fi\/index.php?rest_route=\/wp\/v2\/pages"}],"about":[{"href":"https:\/\/www.kristinestadshistoria.fi\/index.php?rest_route=\/wp\/v2\/types\/page"}],"author":[{"embeddable":true,"href":"https:\/\/www.kristinestadshistoria.fi\/index.php?rest_route=\/wp\/v2\/users\/1"}],"replies":[{"embeddable":true,"href":"https:\/\/www.kristinestadshistoria.fi\/index.php?rest_route=%2Fwp%2Fv2%2Fcomments&post=24609"}],"version-history":[{"count":6,"href":"https:\/\/www.kristinestadshistoria.fi\/index.php?rest_route=\/wp\/v2\/pages\/24609\/revisions"}],"predecessor-version":[{"id":24615,"href":"https:\/\/www.kristinestadshistoria.fi\/index.php?rest_route=\/wp\/v2\/pages\/24609\/revisions\/24615"}],"up":[{"embeddable":true,"href":"https:\/\/www.kristinestadshistoria.fi\/index.php?rest_route=\/wp\/v2\/pages\/24593"}],"wp:attachment":[{"href":"https:\/\/www.kristinestadshistoria.fi\/index.php?rest_route=%2Fwp%2Fv2%2Fmedia&parent=24609"}],"curies":[{"name":"wp","href":"https:\/\/api.w.org\/{rel}","templated":true}]}}