{"id":24423,"date":"2022-11-03T14:55:12","date_gmt":"2022-11-03T12:55:12","guid":{"rendered":"https:\/\/www.kristinestadshistoria.fi\/?page_id=24423"},"modified":"2024-08-13T20:17:25","modified_gmt":"2024-08-13T17:17:25","slug":"starck-wilhelm-och-alfhild","status":"publish","type":"page","link":"https:\/\/www.kristinestadshistoria.fi\/?page_id=24423","title":{"rendered":"Starck Wilhelm och Alfhild"},"content":{"rendered":"<p><span style=\"color: #000080;\"><b>Sammanst\u00e4llt av Lasse Backlund i november 2022. Uppgifterna \u00e4r tagna ur gamla utredningar och stor hj\u00e4lp har f\u00e5tts av Rafael Olins sl\u00e4ktutredningar. Jukka Ruissalo i Lankoski har bidragit med foton och viktig information.<\/b><\/span><\/p>\n<p>August <u>Wilhelm<\/u> Starck f\u00f6ddes den 7 augusti 1857 i Heikintalo g\u00e5rd i Lankoski i Merikarvia. Han var son till Erik Herman Starck och Catharina, f\u00f6dd L\u00e5ngfors. Wilhelm blev f\u00f6r\u00e4ldral\u00f6s, n\u00e4r han var 13 \u00e5r gammal och han togs d\u00e5 om hand av sin storebror Viktor (1847-1941), som bodde p\u00e5 \u00c5land. I Mariehamn hade han m\u00f6jlighet att g\u00e5 i skola ett par \u00e5r och som 15-\u00e5ring gick han till sj\u00f6ss p\u00e5 barkskeppet \u201dMariehamn\u201d, som \u00e4gdes av redare Sittkoff. Han gjorde ocks\u00e5 resor med skeppet &#8221;Saarikoski&#8221;, som \u00e4gdes av hans n\u00e4rmaste granne i Lankoksi, n\u00e4mligen Antti Ahlstr\u00f6m.<\/p>\n<figure id=\"attachment_28904\" aria-describedby=\"caption-attachment-28904\" style=\"width: 1128px\" class=\"wp-caption alignnone\"><img loading=\"lazy\" decoding=\"async\" class=\"size-full wp-image-28904\" src=\"https:\/\/www.kristinestadshistoria.fi\/wp-content\/uploads\/2024\/08\/Heikitalo.jpg\" alt=\"\" width=\"1128\" height=\"1073\" srcset=\"https:\/\/www.kristinestadshistoria.fi\/wp-content\/uploads\/2024\/08\/Heikitalo.jpg 1128w, https:\/\/www.kristinestadshistoria.fi\/wp-content\/uploads\/2024\/08\/Heikitalo-300x285.jpg 300w, https:\/\/www.kristinestadshistoria.fi\/wp-content\/uploads\/2024\/08\/Heikitalo-1024x974.jpg 1024w, https:\/\/www.kristinestadshistoria.fi\/wp-content\/uploads\/2024\/08\/Heikitalo-768x731.jpg 768w\" sizes=\"auto, (max-width: 1128px) 100vw, 1128px\" \/><figcaption id=\"caption-attachment-28904\" class=\"wp-caption-text\">Heikintalo g\u00e5rd i Lankoski i Merikarvia, d\u00e4r Wilhelm Starck f\u00f6ddes \u00e5r 1857. Han flyttade h\u00e4rifr\u00e5n som 13-\u00e5ring, d\u00e5 han blev f\u00f6r\u00e4ldral\u00f6s och som 15-\u00e5ring gick han till sj\u00f6ss. Fotot fr\u00e5n Museiverket \u00e4r l\u00e5nat fr\u00e5n FB-sidan &#8221;Vanhoja Kuvia Merikarvialta&#8221;.<\/figcaption><\/figure>\n<figure id=\"attachment_24434\" aria-describedby=\"caption-attachment-24434\" style=\"width: 2076px\" class=\"wp-caption alignnone\"><img loading=\"lazy\" decoding=\"async\" class=\"size-full wp-image-24434\" src=\"https:\/\/www.kristinestadshistoria.fi\/wp-content\/uploads\/2022\/11\/Starcks-gard-Heikintalo-i-Lankoski.jpg\" alt=\"\" width=\"2076\" height=\"1148\" srcset=\"https:\/\/www.kristinestadshistoria.fi\/wp-content\/uploads\/2022\/11\/Starcks-gard-Heikintalo-i-Lankoski.jpg 2076w, https:\/\/www.kristinestadshistoria.fi\/wp-content\/uploads\/2022\/11\/Starcks-gard-Heikintalo-i-Lankoski-300x166.jpg 300w, https:\/\/www.kristinestadshistoria.fi\/wp-content\/uploads\/2022\/11\/Starcks-gard-Heikintalo-i-Lankoski-1024x566.jpg 1024w, https:\/\/www.kristinestadshistoria.fi\/wp-content\/uploads\/2022\/11\/Starcks-gard-Heikintalo-i-Lankoski-768x425.jpg 768w, https:\/\/www.kristinestadshistoria.fi\/wp-content\/uploads\/2022\/11\/Starcks-gard-Heikintalo-i-Lankoski-1536x849.jpg 1536w, https:\/\/www.kristinestadshistoria.fi\/wp-content\/uploads\/2022\/11\/Starcks-gard-Heikintalo-i-Lankoski-2048x1133.jpg 2048w\" sizes=\"auto, (max-width: 2076px) 100vw, 2076px\" \/><figcaption id=\"caption-attachment-24434\" class=\"wp-caption-text\">Heikintalo g\u00e5rd i Lankoski i Merikarvia ser ut s\u00e5 h\u00e4r i dag. Fotot taget h\u00f6sten 2022.<\/figcaption><\/figure>\n<p>Med den erfarenheten kunde han ta styrmansexamen i sj\u00f6mansskolan i Mariehamn \u00a0\u00e5r 1879 och n\u00e5gra \u00e5r sedan fick han kaptensgrad i samma skola.<\/p>\n<p>I juli 1882 gifte sig Wilhelm med Alfhild Blomberg (1861-1936), som var f\u00f6dd i S\u00e4\u00e4ksm\u00e4ki, d\u00e4r hennes far Karl Blomberg var kyrkoherde. Vigseln skedde i pr\u00e4stg\u00e5rden i Siikais, d\u00e4r Alfhild far just d\u00e5 var kyrkoherde. Det var s\u00e5 att d\u00e5 kyrkoherden blev \u00e4nkling \u00e5r 1870, s\u00e5 gifte han om sig med Wilhelina \u201dMiina\u201d Starck (1849-1921) fr\u00e5n Heikintalo g\u00e5rd i Lankoski. Alfhild gifte sig allts\u00e5 med Wilhelm, som var bror till hennes egen styvmor. Ett gifterm\u00e5l inom sl\u00e4kten, allts\u00e5.<\/p>\n<p>Som 32-\u00e5ring \u00e5r 1889 blev Wilhelm bef\u00e4lhavare p\u00e5 barkskeppet \u201dAlma\u201d fr\u00e5n Kristinestad, som \u00e4gdes av Carl Emil Carlstr\u00f6m. Mellan \u00e5ren 1901-1902 var han bef\u00e4lhavare p\u00e5 \u00e5ngfartyget \u201dHeros\u201d och fram till 1910 var han styrman p\u00e5 \u00e5ngfartyget Osmo.<\/p>\n<p>Som 53-\u00e5ring fick han anst\u00e4llning som hamnkapten i Kristinestad \u00e5r 1910. D\u00e5 var det aktuellt att utveckla hamnen och bygga den stenkaj, som finns d\u00e4r \u00e4nnu. Staten h\u00f6ll ocks\u00e5 p\u00e5 att bygga j\u00e4rnv\u00e4g till staden och det fanns stora f\u00f6rv\u00e4ntningar p\u00e5 en tilltagande sj\u00f6fart i staden.<\/p>\n<p>Wilhelm b\u00f6rjade ocks\u00e5 syssla med aff\u00e4rer och han blev del\u00e4gare i flera f\u00f6retag. Han var med och grundade det tidningsbolag, som b\u00f6rjade ge ut tidningen Syd-\u00d6sterbotten och han var del\u00e4gare i flera f\u00f6retag som idkade handel och export av tr\u00e4varor. Han var ocks\u00e5 del\u00e4gare i bolaget Ab P\u00e4rus-Fors, som sk\u00f6tte om elproduktionen i Kristinestad, Lappfj\u00e4rd och Tj\u00f6ck.<\/p>\n<figure id=\"attachment_20363\" aria-describedby=\"caption-attachment-20363\" style=\"width: 2560px\" class=\"wp-caption alignnone\"><img loading=\"lazy\" decoding=\"async\" class=\"size-full wp-image-20363\" src=\"https:\/\/www.kristinestadshistoria.fi\/wp-content\/uploads\/2021\/04\/1-intro-scaled.jpg\" alt=\"\" width=\"2560\" height=\"1920\" srcset=\"https:\/\/www.kristinestadshistoria.fi\/wp-content\/uploads\/2021\/04\/1-intro-scaled.jpg 2560w, https:\/\/www.kristinestadshistoria.fi\/wp-content\/uploads\/2021\/04\/1-intro-300x225.jpg 300w, https:\/\/www.kristinestadshistoria.fi\/wp-content\/uploads\/2021\/04\/1-intro-1024x768.jpg 1024w, https:\/\/www.kristinestadshistoria.fi\/wp-content\/uploads\/2021\/04\/1-intro-768x576.jpg 768w, https:\/\/www.kristinestadshistoria.fi\/wp-content\/uploads\/2021\/04\/1-intro-1536x1152.jpg 1536w, https:\/\/www.kristinestadshistoria.fi\/wp-content\/uploads\/2021\/04\/1-intro-2048x1536.jpg 2048w\" sizes=\"auto, (max-width: 2560px) 100vw, 2560px\" \/><figcaption id=\"caption-attachment-20363\" class=\"wp-caption-text\">Den h\u00e4r g\u00e5rden p\u00e5 Strandgatan 58 byggdes i slutet av 1850-talet av bagaren Gustaf Adolf Rosengren men \u00e5r 1891 k\u00f6pte sj\u00f6kaptenen Wilhelm Starck g\u00e5rden och flyttade dit. Fotot taget fr\u00e5n nordv\u00e4st v\u00e5ren 2021.<\/figcaption><\/figure>\n<figure id=\"attachment_20376\" aria-describedby=\"caption-attachment-20376\" style=\"width: 2304px\" class=\"wp-caption alignnone\"><img loading=\"lazy\" decoding=\"async\" class=\"size-full wp-image-20376\" src=\"https:\/\/www.kristinestadshistoria.fi\/wp-content\/uploads\/2021\/04\/7-Evars-gard.jpg\" alt=\"\" width=\"2304\" height=\"1704\" srcset=\"https:\/\/www.kristinestadshistoria.fi\/wp-content\/uploads\/2021\/04\/7-Evars-gard.jpg 2304w, https:\/\/www.kristinestadshistoria.fi\/wp-content\/uploads\/2021\/04\/7-Evars-gard-300x222.jpg 300w, https:\/\/www.kristinestadshistoria.fi\/wp-content\/uploads\/2021\/04\/7-Evars-gard-1024x757.jpg 1024w, https:\/\/www.kristinestadshistoria.fi\/wp-content\/uploads\/2021\/04\/7-Evars-gard-768x568.jpg 768w, https:\/\/www.kristinestadshistoria.fi\/wp-content\/uploads\/2021\/04\/7-Evars-gard-1536x1136.jpg 1536w, https:\/\/www.kristinestadshistoria.fi\/wp-content\/uploads\/2021\/04\/7-Evars-gard-2048x1515.jpg 2048w\" sizes=\"auto, (max-width: 2304px) 100vw, 2304px\" \/><figcaption id=\"caption-attachment-20376\" class=\"wp-caption-text\">Den nyare g\u00e5rden p\u00e5 Strandgatan 58, som numera anv\u00e4nder adressen Nygatan 1 byggdes \u00e5r 1903 av prokuristen Waldemar Stenberg, som var Wilhelms Stacks m\u00e5g. D\u00e5 Stenberg dog och dottern flyttade bort \u00f6vertog Wilhelm g\u00e5rden och flyttade dit med hustrun Alfhild.<\/figcaption><\/figure>\n<p>Till en b\u00f6rjan bodde Wilhelm och Alfhild p\u00e5 hyra i Blombergs g\u00e5rd p\u00e5 Strandgatan 14 men i december 1896 kunde de k\u00f6pa r\u00e5dman Wallenius\u00b4 g\u00e5rd p\u00e5 <a href=\"https:\/\/www.kristinestadshistoria.fi\/?page_id=20372\">Strandgatan 58.<\/a><\/p>\n<p>I \u00f6ver 10-\u00e5rs tid var Wilhelm brittisk vicekonsul och satt under en l\u00e5ng tid med i Kristinestads Sparbanks styrelse. Olyckliga omst\u00e4ndigheter gjorde att Wilhelm och det rederi som han var del\u00e4gare i gick i konkurs Han led stora f\u00f6rluster men kunde \u00e4nd\u00e5 beh\u00e5lla g\u00e5rden som han hade k\u00f6pt 1896, liksom den g\u00e5rd som hans m\u00e5g Valdemar Stenberg hade byggt p\u00e5 samma tomt.<\/p>\n<p>Wilhelm Starck avled 1928 och g\u00e5rdarna i Kristinestad \u00f6vertog f\u00f6rst av \u00e4nkan Alfhild och sedan av m\u00e5gen Axel Weckman.<\/p>\n<h4><strong>Foton.<\/strong><\/h4>\n<figure id=\"attachment_24436\" aria-describedby=\"caption-attachment-24436\" style=\"width: 1636px\" class=\"wp-caption alignnone\"><img loading=\"lazy\" decoding=\"async\" class=\"size-full wp-image-24436\" src=\"https:\/\/www.kristinestadshistoria.fi\/wp-content\/uploads\/2022\/11\/Starcks-slakttavla.jpg\" alt=\"\" width=\"1636\" height=\"886\" srcset=\"https:\/\/www.kristinestadshistoria.fi\/wp-content\/uploads\/2022\/11\/Starcks-slakttavla.jpg 1636w, https:\/\/www.kristinestadshistoria.fi\/wp-content\/uploads\/2022\/11\/Starcks-slakttavla-300x162.jpg 300w, https:\/\/www.kristinestadshistoria.fi\/wp-content\/uploads\/2022\/11\/Starcks-slakttavla-1024x555.jpg 1024w, https:\/\/www.kristinestadshistoria.fi\/wp-content\/uploads\/2022\/11\/Starcks-slakttavla-768x416.jpg 768w, https:\/\/www.kristinestadshistoria.fi\/wp-content\/uploads\/2022\/11\/Starcks-slakttavla-1536x832.jpg 1536w\" sizes=\"auto, (max-width: 1636px) 100vw, 1636px\" \/><figcaption id=\"caption-attachment-24436\" class=\"wp-caption-text\">Den h\u00e4r sl\u00e4kttavlan \u00e4r inte komplett men den visar sl\u00e4ktskapet mellan Blombergs och Starcks. Den \u00e4r sammanst\u00e4lld av Lasse Backlund.<\/figcaption><\/figure>\n<figure id=\"attachment_24430\" aria-describedby=\"caption-attachment-24430\" style=\"width: 559px\" class=\"wp-caption alignnone\"><img loading=\"lazy\" decoding=\"async\" class=\"size-full wp-image-24430\" src=\"https:\/\/www.kristinestadshistoria.fi\/wp-content\/uploads\/2022\/11\/Kapten-Wilhelm-Starck-i-unga-ar.jpg\" alt=\"\" width=\"559\" height=\"769\" srcset=\"https:\/\/www.kristinestadshistoria.fi\/wp-content\/uploads\/2022\/11\/Kapten-Wilhelm-Starck-i-unga-ar.jpg 559w, https:\/\/www.kristinestadshistoria.fi\/wp-content\/uploads\/2022\/11\/Kapten-Wilhelm-Starck-i-unga-ar-218x300.jpg 218w\" sizes=\"auto, (max-width: 559px) 100vw, 559px\" \/><figcaption id=\"caption-attachment-24430\" class=\"wp-caption-text\">Wilhelm Starck gick till sj\u00f6ss i unga \u00e5r men stannade p\u00e5 landbacken \u00e5r 1910 d\u00e5 han blev hamnkapten i Kristinestad.<\/figcaption><\/figure>\n<figure id=\"attachment_24433\" aria-describedby=\"caption-attachment-24433\" style=\"width: 422px\" class=\"wp-caption alignnone\"><img loading=\"lazy\" decoding=\"async\" class=\"size-full wp-image-24433\" src=\"https:\/\/www.kristinestadshistoria.fi\/wp-content\/uploads\/2022\/11\/Sigrid-Alma-och-Alfhild-Starck.jpg\" alt=\"\" width=\"422\" height=\"596\" srcset=\"https:\/\/www.kristinestadshistoria.fi\/wp-content\/uploads\/2022\/11\/Sigrid-Alma-och-Alfhild-Starck.jpg 422w, https:\/\/www.kristinestadshistoria.fi\/wp-content\/uploads\/2022\/11\/Sigrid-Alma-och-Alfhild-Starck-212x300.jpg 212w\" sizes=\"auto, (max-width: 422px) 100vw, 422px\" \/><figcaption id=\"caption-attachment-24433\" class=\"wp-caption-text\">Systrarna Sigrid och Alma med sin mor Alfhild Starck, f\u00f6dd Blomberg i S\u00e4\u00e4ksm\u00e4ki.<\/figcaption><\/figure>\n<figure id=\"attachment_24431\" aria-describedby=\"caption-attachment-24431\" style=\"width: 373px\" class=\"wp-caption alignnone\"><img loading=\"lazy\" decoding=\"async\" class=\"size-full wp-image-24431\" src=\"https:\/\/www.kristinestadshistoria.fi\/wp-content\/uploads\/2022\/11\/Kyrkoherde-Blomberg-4-generationer.jpg\" alt=\"\" width=\"373\" height=\"556\" srcset=\"https:\/\/www.kristinestadshistoria.fi\/wp-content\/uploads\/2022\/11\/Kyrkoherde-Blomberg-4-generationer.jpg 373w, https:\/\/www.kristinestadshistoria.fi\/wp-content\/uploads\/2022\/11\/Kyrkoherde-Blomberg-4-generationer-201x300.jpg 201w\" sizes=\"auto, (max-width: 373px) 100vw, 373px\" \/><figcaption id=\"caption-attachment-24431\" class=\"wp-caption-text\">Kyrkoherden Karl Blomberg hos fotografen med sin mor, barn och barnbarn som alla uppvisar allvarliga miner.<\/figcaption><\/figure>\n<figure id=\"attachment_24428\" aria-describedby=\"caption-attachment-24428\" style=\"width: 426px\" class=\"wp-caption alignnone\"><img loading=\"lazy\" decoding=\"async\" class=\"size-full wp-image-24428\" src=\"https:\/\/www.kristinestadshistoria.fi\/wp-content\/uploads\/2022\/11\/Albert-Starck-ar-1911.jpg\" alt=\"\" width=\"426\" height=\"699\" srcset=\"https:\/\/www.kristinestadshistoria.fi\/wp-content\/uploads\/2022\/11\/Albert-Starck-ar-1911.jpg 426w, https:\/\/www.kristinestadshistoria.fi\/wp-content\/uploads\/2022\/11\/Albert-Starck-ar-1911-183x300.jpg 183w\" sizes=\"auto, (max-width: 426px) 100vw, 426px\" \/><figcaption id=\"caption-attachment-24428\" class=\"wp-caption-text\">Wilhelm och Alfhilds son Albert \u00e5r 1911.<\/figcaption><\/figure>\n<figure id=\"attachment_24427\" aria-describedby=\"caption-attachment-24427\" style=\"width: 306px\" class=\"wp-caption alignnone\"><img loading=\"lazy\" decoding=\"async\" class=\"size-full wp-image-24427\" src=\"https:\/\/www.kristinestadshistoria.fi\/wp-content\/uploads\/2022\/11\/Albert-Starck-1916.jpg\" alt=\"\" width=\"306\" height=\"477\" srcset=\"https:\/\/www.kristinestadshistoria.fi\/wp-content\/uploads\/2022\/11\/Albert-Starck-1916.jpg 306w, https:\/\/www.kristinestadshistoria.fi\/wp-content\/uploads\/2022\/11\/Albert-Starck-1916-192x300.jpg 192w\" sizes=\"auto, (max-width: 306px) 100vw, 306px\" \/><figcaption id=\"caption-attachment-24427\" class=\"wp-caption-text\">Wilhelms och Alfhilds yngsta barn Albert, fotograferad 1916. Det var han som 1923 gifte sig med aff\u00e4rsmannen Alexanders Slottes dotter Sigrid.<\/figcaption><\/figure>\n<figure id=\"attachment_24429\" aria-describedby=\"caption-attachment-24429\" style=\"width: 529px\" class=\"wp-caption alignnone\"><img loading=\"lazy\" decoding=\"async\" class=\"size-full wp-image-24429\" src=\"https:\/\/www.kristinestadshistoria.fi\/wp-content\/uploads\/2022\/11\/Alma-och-Axel-Weckman-Varanti.jpg\" alt=\"\" width=\"529\" height=\"706\" srcset=\"https:\/\/www.kristinestadshistoria.fi\/wp-content\/uploads\/2022\/11\/Alma-och-Axel-Weckman-Varanti.jpg 529w, https:\/\/www.kristinestadshistoria.fi\/wp-content\/uploads\/2022\/11\/Alma-och-Axel-Weckman-Varanti-225x300.jpg 225w\" sizes=\"auto, (max-width: 529px) 100vw, 529px\" \/><figcaption id=\"caption-attachment-24429\" class=\"wp-caption-text\">Wilhelm och Alfhilds dotter Alma Starck gifte sig \u00e5r 1914 med l\u00e4karen Axel Weckman-Varanti.<\/figcaption><\/figure>\n<figure id=\"attachment_24432\" aria-describedby=\"caption-attachment-24432\" style=\"width: 333px\" class=\"wp-caption alignnone\"><img loading=\"lazy\" decoding=\"async\" class=\"size-full wp-image-24432\" src=\"https:\/\/www.kristinestadshistoria.fi\/wp-content\/uploads\/2022\/11\/Sigrid-Starck-fodd-Slotte.jpg\" alt=\"\" width=\"333\" height=\"571\" srcset=\"https:\/\/www.kristinestadshistoria.fi\/wp-content\/uploads\/2022\/11\/Sigrid-Starck-fodd-Slotte.jpg 333w, https:\/\/www.kristinestadshistoria.fi\/wp-content\/uploads\/2022\/11\/Sigrid-Starck-fodd-Slotte-175x300.jpg 175w\" sizes=\"auto, (max-width: 333px) 100vw, 333px\" \/><figcaption id=\"caption-attachment-24432\" class=\"wp-caption-text\">Handlande Alexander Slottes dotter Sigrid Sofia (1899-1979), som \u00e5t 1923 gifte sig med Wilhelm Starcks son Albert.<\/figcaption><\/figure>\n<figure id=\"attachment_24435\" aria-describedby=\"caption-attachment-24435\" style=\"width: 490px\" class=\"wp-caption alignnone\"><img loading=\"lazy\" decoding=\"async\" class=\"size-full wp-image-24435\" src=\"https:\/\/www.kristinestadshistoria.fi\/wp-content\/uploads\/2022\/11\/Starcks-gard.jpg\" alt=\"\" width=\"490\" height=\"708\" srcset=\"https:\/\/www.kristinestadshistoria.fi\/wp-content\/uploads\/2022\/11\/Starcks-gard.jpg 490w, https:\/\/www.kristinestadshistoria.fi\/wp-content\/uploads\/2022\/11\/Starcks-gard-208x300.jpg 208w\" sizes=\"auto, (max-width: 490px) 100vw, 490px\" \/><figcaption id=\"caption-attachment-24435\" class=\"wp-caption-text\">Sj\u00f6kapten Starcks g\u00e5rd p\u00e5 Nygatan, fotot taget vid n\u00e5gon st\u00f6rre festlighet.<\/figcaption><\/figure>\n<figure id=\"attachment_24437\" aria-describedby=\"caption-attachment-24437\" style=\"width: 1265px\" class=\"wp-caption alignnone\"><img loading=\"lazy\" decoding=\"async\" class=\"size-full wp-image-24437\" src=\"https:\/\/www.kristinestadshistoria.fi\/wp-content\/uploads\/2022\/11\/IMG_1275.jpg\" alt=\"\" width=\"1265\" height=\"1851\" srcset=\"https:\/\/www.kristinestadshistoria.fi\/wp-content\/uploads\/2022\/11\/IMG_1275.jpg 1265w, https:\/\/www.kristinestadshistoria.fi\/wp-content\/uploads\/2022\/11\/IMG_1275-205x300.jpg 205w, https:\/\/www.kristinestadshistoria.fi\/wp-content\/uploads\/2022\/11\/IMG_1275-700x1024.jpg 700w, https:\/\/www.kristinestadshistoria.fi\/wp-content\/uploads\/2022\/11\/IMG_1275-768x1124.jpg 768w, https:\/\/www.kristinestadshistoria.fi\/wp-content\/uploads\/2022\/11\/IMG_1275-1050x1536.jpg 1050w\" sizes=\"auto, (max-width: 1265px) 100vw, 1265px\" \/><figcaption id=\"caption-attachment-24437\" class=\"wp-caption-text\">August Wilhelm Starck, F\u00f6dd 7 augusti 1857 i Lankoski i Merikarvia, d\u00f6d i Kristinestad 8 november 1928.<\/figcaption><\/figure>\n<figure id=\"attachment_24438\" aria-describedby=\"caption-attachment-24438\" style=\"width: 1925px\" class=\"wp-caption alignnone\"><img loading=\"lazy\" decoding=\"async\" class=\"size-full wp-image-24438\" src=\"https:\/\/www.kristinestadshistoria.fi\/wp-content\/uploads\/2022\/11\/IMG_1276-scaled.jpg\" alt=\"\" width=\"1925\" height=\"2560\" srcset=\"https:\/\/www.kristinestadshistoria.fi\/wp-content\/uploads\/2022\/11\/IMG_1276-scaled.jpg 1925w, https:\/\/www.kristinestadshistoria.fi\/wp-content\/uploads\/2022\/11\/IMG_1276-226x300.jpg 226w, https:\/\/www.kristinestadshistoria.fi\/wp-content\/uploads\/2022\/11\/IMG_1276-770x1024.jpg 770w, https:\/\/www.kristinestadshistoria.fi\/wp-content\/uploads\/2022\/11\/IMG_1276-768x1021.jpg 768w, https:\/\/www.kristinestadshistoria.fi\/wp-content\/uploads\/2022\/11\/IMG_1276-1155x1536.jpg 1155w, https:\/\/www.kristinestadshistoria.fi\/wp-content\/uploads\/2022\/11\/IMG_1276-1540x2048.jpg 1540w\" sizes=\"auto, (max-width: 1925px) 100vw, 1925px\" \/><figcaption id=\"caption-attachment-24438\" class=\"wp-caption-text\">Terrassen \u00e4r full med blommor d\u00e5 Wilhelm Starck fyller \u00e5r. troligtvis \u00e4r det fr\u00e5n \u00e5r 1917.<\/figcaption><\/figure>\n<figure id=\"attachment_24439\" aria-describedby=\"caption-attachment-24439\" style=\"width: 1649px\" class=\"wp-caption alignnone\"><img loading=\"lazy\" decoding=\"async\" class=\"size-full wp-image-24439\" src=\"https:\/\/www.kristinestadshistoria.fi\/wp-content\/uploads\/2022\/11\/IMG_1277.jpg\" alt=\"\" width=\"1649\" height=\"2227\" srcset=\"https:\/\/www.kristinestadshistoria.fi\/wp-content\/uploads\/2022\/11\/IMG_1277.jpg 1649w, https:\/\/www.kristinestadshistoria.fi\/wp-content\/uploads\/2022\/11\/IMG_1277-222x300.jpg 222w, https:\/\/www.kristinestadshistoria.fi\/wp-content\/uploads\/2022\/11\/IMG_1277-758x1024.jpg 758w, https:\/\/www.kristinestadshistoria.fi\/wp-content\/uploads\/2022\/11\/IMG_1277-768x1037.jpg 768w, https:\/\/www.kristinestadshistoria.fi\/wp-content\/uploads\/2022\/11\/IMG_1277-1137x1536.jpg 1137w, https:\/\/www.kristinestadshistoria.fi\/wp-content\/uploads\/2022\/11\/IMG_1277-1516x2048.jpg 1516w\" sizes=\"auto, (max-width: 1649px) 100vw, 1649px\" \/><figcaption id=\"caption-attachment-24439\" class=\"wp-caption-text\">Wilhelm Starck i gungstolen med en f\u00e4rsk dagstidning.<\/figcaption><\/figure>\n<p><img loading=\"lazy\" decoding=\"async\" class=\"alignnone size-full wp-image-20427\" src=\"https:\/\/www.kristinestadshistoria.fi\/wp-content\/uploads\/2021\/04\/19281110-Starcks-nekrolog.jpg\" alt=\"\" width=\"1772\" height=\"998\" srcset=\"https:\/\/www.kristinestadshistoria.fi\/wp-content\/uploads\/2021\/04\/19281110-Starcks-nekrolog.jpg 1772w, https:\/\/www.kristinestadshistoria.fi\/wp-content\/uploads\/2021\/04\/19281110-Starcks-nekrolog-300x169.jpg 300w, https:\/\/www.kristinestadshistoria.fi\/wp-content\/uploads\/2021\/04\/19281110-Starcks-nekrolog-1024x577.jpg 1024w, https:\/\/www.kristinestadshistoria.fi\/wp-content\/uploads\/2021\/04\/19281110-Starcks-nekrolog-768x433.jpg 768w, https:\/\/www.kristinestadshistoria.fi\/wp-content\/uploads\/2021\/04\/19281110-Starcks-nekrolog-1536x865.jpg 1536w\" sizes=\"auto, (max-width: 1772px) 100vw, 1772px\" \/><\/p>\n<p><img loading=\"lazy\" decoding=\"async\" class=\"alignnone size-full wp-image-24445\" src=\"https:\/\/www.kristinestadshistoria.fi\/wp-content\/uploads\/2022\/11\/19360429-Alfhild-Starcks-dodsannons.jpg\" alt=\"\" width=\"332\" height=\"675\" srcset=\"https:\/\/www.kristinestadshistoria.fi\/wp-content\/uploads\/2022\/11\/19360429-Alfhild-Starcks-dodsannons.jpg 332w, https:\/\/www.kristinestadshistoria.fi\/wp-content\/uploads\/2022\/11\/19360429-Alfhild-Starcks-dodsannons-148x300.jpg 148w\" sizes=\"auto, (max-width: 332px) 100vw, 332px\" \/><\/p>\n<figure id=\"attachment_24443\" aria-describedby=\"caption-attachment-24443\" style=\"width: 945px\" class=\"wp-caption alignnone\"><img loading=\"lazy\" decoding=\"async\" class=\"size-full wp-image-24443\" src=\"https:\/\/www.kristinestadshistoria.fi\/wp-content\/uploads\/2022\/11\/Starck-kapten.jpg\" alt=\"\" width=\"945\" height=\"1968\" srcset=\"https:\/\/www.kristinestadshistoria.fi\/wp-content\/uploads\/2022\/11\/Starck-kapten.jpg 945w, https:\/\/www.kristinestadshistoria.fi\/wp-content\/uploads\/2022\/11\/Starck-kapten-144x300.jpg 144w, https:\/\/www.kristinestadshistoria.fi\/wp-content\/uploads\/2022\/11\/Starck-kapten-492x1024.jpg 492w, https:\/\/www.kristinestadshistoria.fi\/wp-content\/uploads\/2022\/11\/Starck-kapten-768x1599.jpg 768w, https:\/\/www.kristinestadshistoria.fi\/wp-content\/uploads\/2022\/11\/Starck-kapten-738x1536.jpg 738w\" sizes=\"auto, (max-width: 945px) 100vw, 945px\" \/><figcaption id=\"caption-attachment-24443\" class=\"wp-caption-text\">Wilhelm och Alfhild Starck \u00e4r b\u00e5da begravda p\u00e5 den gamla begravningsplatsen p\u00e5 \u00f6stra sidan i Kristinestad. Fotot fr\u00e5n sommaren 2021.<\/figcaption><\/figure>\n","protected":false},"excerpt":{"rendered":"<p>Sammanst\u00e4llt av Lasse Backlund i november 2022. Uppgifterna \u00e4r tagna ur gamla utredningar och stor hj\u00e4lp har f\u00e5tts av Rafael Olins sl\u00e4ktutredningar. Jukka Ruissalo i Lankoski har bidragit med foton och viktig information. August Wilhelm Starck f\u00f6ddes den 7 augusti <a class=\"more-link\" href=\"https:\/\/www.kristinestadshistoria.fi\/?page_id=24423\">Forts\u00e4tt l\u00e4sa <span class=\"screen-reader-text\">  Starck Wilhelm och Alfhild<\/span><span class=\"meta-nav\">&rarr;<\/span><\/a><\/p>\n","protected":false},"author":1,"featured_media":0,"parent":22412,"menu_order":188,"comment_status":"closed","ping_status":"closed","template":"","meta":{"footnotes":""},"class_list":["post-24423","page","type-page","status-publish","hentry"],"_links":{"self":[{"href":"https:\/\/www.kristinestadshistoria.fi\/index.php?rest_route=\/wp\/v2\/pages\/24423","targetHints":{"allow":["GET"]}}],"collection":[{"href":"https:\/\/www.kristinestadshistoria.fi\/index.php?rest_route=\/wp\/v2\/pages"}],"about":[{"href":"https:\/\/www.kristinestadshistoria.fi\/index.php?rest_route=\/wp\/v2\/types\/page"}],"author":[{"embeddable":true,"href":"https:\/\/www.kristinestadshistoria.fi\/index.php?rest_route=\/wp\/v2\/users\/1"}],"replies":[{"embeddable":true,"href":"https:\/\/www.kristinestadshistoria.fi\/index.php?rest_route=%2Fwp%2Fv2%2Fcomments&post=24423"}],"version-history":[{"count":8,"href":"https:\/\/www.kristinestadshistoria.fi\/index.php?rest_route=\/wp\/v2\/pages\/24423\/revisions"}],"predecessor-version":[{"id":24425,"href":"https:\/\/www.kristinestadshistoria.fi\/index.php?rest_route=\/wp\/v2\/pages\/24423\/revisions\/24425"}],"up":[{"embeddable":true,"href":"https:\/\/www.kristinestadshistoria.fi\/index.php?rest_route=\/wp\/v2\/pages\/22412"}],"wp:attachment":[{"href":"https:\/\/www.kristinestadshistoria.fi\/index.php?rest_route=%2Fwp%2Fv2%2Fmedia&parent=24423"}],"curies":[{"name":"wp","href":"https:\/\/api.w.org\/{rel}","templated":true}]}}