{"id":24365,"date":"2022-10-29T16:15:43","date_gmt":"2022-10-29T13:15:43","guid":{"rendered":"https:\/\/www.kristinestadshistoria.fi\/?page_id=24365"},"modified":"2022-10-29T16:15:43","modified_gmt":"2022-10-29T13:15:43","slug":"axelin-som-formyndare-for-augusta-nordlund","status":"publish","type":"page","link":"https:\/\/www.kristinestadshistoria.fi\/?page_id=24365","title":{"rendered":"Axelin som f\u00f6rmyndare f\u00f6r Augusta Nordlund."},"content":{"rendered":"<p><span style=\"color: #000080;\"><strong>Sammanst\u00e4llt av Lasse Backlund i oktober 2022. Uppgifterna \u00e4r tagna ur h\u00e4radsr\u00e4ttens domb\u00f6cker f\u00f6r f\u00f6rmyndare i staden.<\/strong><\/span><\/p>\n<p>Augusta H\u00e4ggblad (1850-1919) var gift med handlanden Charles Nordlund och de bodde p\u00e5 Strandgatan 32. \u00a0Augusta blev \u00e4nka 1896 och p\u00e5 grund av sjukdom blev hon satt under f\u00f6rmynderskap 1904. P\u00e5 f\u00f6rslag av f\u00f6rmyndarn\u00e4mnden uts\u00e5g tingsr\u00e4tten handlanden Emil Axelin och Bruno Wendelin till godem\u00e4n.<\/p>\n<p>\u00c5r 1909 hade f\u00f6rmyndarn\u00e4mnden granskat redovisningarna f\u00f6r sk\u00f6tseln av Augusta Nordlund och kunde d\u00e5 konstatera flera brister. Under 2 tingsdagar i november framf\u00f6rdes bristerna och vid den senare behandlingen s\u00e5 ville Axelin avs\u00e4ga sig f\u00f6rmynderskapet. Eftersom r\u00e4kenskaperna var bristf\u00e4lliga, s\u00e5 godk\u00e4ndes det inte.<\/p>\n<p>D\u00e4remot kr\u00e4vde r\u00e4tten att de b\u00e5da godem\u00e4nnen inom n\u00e5gra m\u00e5nader skulle inkomma med nya redovisningar.<\/p>\n<p>Den 29 mars 1910 sammantr\u00e4dde f\u00f6rmyndarn\u00e4mnden, som d\u00e5 bestod av ordf\u00f6rande Wilhelm Hagen och medlemmarna bankdirekt\u00f6r Emil Kronman, h\u00e4radsh\u00f6vding J. G. R. Lind och handlanden Konrad Sundman. Konrad fick inte n\u00e4rvara eftersom han till en del var delaktig i de oklara fallen. N\u00e4mnden sammanst\u00e4llde en l\u00e5ng lista p\u00e5 oklara saker.<\/p>\n<p>\u00c4nkan Augusta hade till exempel \u00e5r 1898 hyrt ut makens destillationsfabrik, som l\u00e5g nere vid stranden. Hon hyrde ut den \u00e5t handlanden Konrad Sundman, som fortsatte verksamheten i fabriken, som l\u00e5g d\u00e4r K\u00f6ssi sedan byggde sitt aff\u00e4rshus. Efter att Augusta hade blivit satt under f\u00f6rmynderi hade Konrad inte betalat n\u00e5gra hyror alls och godem\u00e4nnen hade inte heller kr\u00e4vt in s\u00e5dana.<\/p>\n<p>Augusta hade \u00e4gt flera v\u00e4rdepapper, varav en del var f\u00f6rsvunna eller s\u00e5 saknade de dividendkuponger. Flera f\u00f6rs\u00e4kringsbrev var ocks\u00e5 f\u00f6rsvunna. Till \u00e4nkan och hennes dotter Eva hade det utbetalats stora summor men n\u00e5gra underskrivna kvittenser fanns inte. Fr\u00e5n telefonr\u00f6relsen i g\u00e5rden saknades helt uppgifter om inkomster och utgifter.<\/p>\n<p>De kontanta uttagningarna f\u00f6ref\u00f6ll att vara \u201d\u00f6fverh\u00f6fvans dryga\u201d n\u00e4r de tog i beaktande att Augusta \u00e5tnj\u00f6t fria rum med ved och lyse. F\u00f6rmyndarn\u00e4mnden p\u00e5pekade ocks\u00e5 att Nordlunds villa p\u00e5 Gransk\u00e4r har l\u00e5tits f\u00f6rfalla, ist\u00e4llet f\u00f6r att realiseras.<\/p>\n<p>F\u00f6rmyndarn\u00e4mnden kr\u00e4vde p\u00e5 tinget den 4 april 1910 att sakerna skall utredas, Konrad Sundmans obetalda hyror p\u00e5 n\u00e4rmare 10\u00a0000 mark skall indrivas, kupongerna som fattas p\u00e5 v\u00e4rdepappren skall ers\u00e4ttas och de stora kontanta uttagen skall utredas. N\u00e4mnden kr\u00e4vde ocks\u00e5 att villan p\u00e5 Gransk\u00e4r skall s\u00e4ljas.<\/p>\n<p>H\u00e4radsr\u00e4tten godk\u00e4nde alla krav och r\u00e4tten uts\u00e5g kontoristen Birger Blomqvist till ny f\u00f6rmyndare f\u00f6r Augusta Nordlund i st\u00e4llet f\u00f6r Axelin och Wendelin. Birger var f\u00f6dd i Somero 1879 och han var gift med Ebba (1888-1975) som var dotter till Charles och Augusta Nordlund. Blomqvist fick i uppdrag att genast kr\u00e4va in de beg\u00e4rda h\u00e4ndelserna och st\u00e4lla allt till r\u00e4tta. Hur v\u00e4l Blomqvist lyckades med sitt uppdrag \u00e4r inte k\u00e4nt, eftersom det redan i juli 1910 framkom betydligt st\u00f6rre oegentligheter f\u00f6r Axelin.<\/p>\n","protected":false},"excerpt":{"rendered":"<p>Sammanst\u00e4llt av Lasse Backlund i oktober 2022. Uppgifterna \u00e4r tagna ur h\u00e4radsr\u00e4ttens domb\u00f6cker f\u00f6r f\u00f6rmyndare i staden. Augusta H\u00e4ggblad (1850-1919) var gift med handlanden Charles Nordlund och de bodde p\u00e5 Strandgatan 32. \u00a0Augusta blev \u00e4nka 1896 och p\u00e5 grund av <a class=\"more-link\" href=\"https:\/\/www.kristinestadshistoria.fi\/?page_id=24365\">Forts\u00e4tt l\u00e4sa <span class=\"screen-reader-text\">  Axelin som f\u00f6rmyndare f\u00f6r Augusta Nordlund.<\/span><span class=\"meta-nav\">&rarr;<\/span><\/a><\/p>\n","protected":false},"author":1,"featured_media":0,"parent":20115,"menu_order":10,"comment_status":"closed","ping_status":"closed","template":"","meta":{"footnotes":""},"class_list":["post-24365","page","type-page","status-publish","hentry"],"_links":{"self":[{"href":"https:\/\/www.kristinestadshistoria.fi\/index.php?rest_route=\/wp\/v2\/pages\/24365","targetHints":{"allow":["GET"]}}],"collection":[{"href":"https:\/\/www.kristinestadshistoria.fi\/index.php?rest_route=\/wp\/v2\/pages"}],"about":[{"href":"https:\/\/www.kristinestadshistoria.fi\/index.php?rest_route=\/wp\/v2\/types\/page"}],"author":[{"embeddable":true,"href":"https:\/\/www.kristinestadshistoria.fi\/index.php?rest_route=\/wp\/v2\/users\/1"}],"replies":[{"embeddable":true,"href":"https:\/\/www.kristinestadshistoria.fi\/index.php?rest_route=%2Fwp%2Fv2%2Fcomments&post=24365"}],"version-history":[{"count":1,"href":"https:\/\/www.kristinestadshistoria.fi\/index.php?rest_route=\/wp\/v2\/pages\/24365\/revisions"}],"predecessor-version":[{"id":24366,"href":"https:\/\/www.kristinestadshistoria.fi\/index.php?rest_route=\/wp\/v2\/pages\/24365\/revisions\/24366"}],"up":[{"embeddable":true,"href":"https:\/\/www.kristinestadshistoria.fi\/index.php?rest_route=\/wp\/v2\/pages\/20115"}],"wp:attachment":[{"href":"https:\/\/www.kristinestadshistoria.fi\/index.php?rest_route=%2Fwp%2Fv2%2Fmedia&parent=24365"}],"curies":[{"name":"wp","href":"https:\/\/api.w.org\/{rel}","templated":true}]}}