{"id":24280,"date":"2022-10-03T15:35:04","date_gmt":"2022-10-03T12:35:04","guid":{"rendered":"https:\/\/www.kristinestadshistoria.fi\/?page_id=24280"},"modified":"2022-10-03T17:03:59","modified_gmt":"2022-10-03T14:03:59","slug":"gerdas-slakt","status":"publish","type":"page","link":"https:\/\/www.kristinestadshistoria.fi\/?page_id=24280","title":{"rendered":"Gerdas sl\u00e4kt."},"content":{"rendered":"<p>Gerda var f\u00f6dd Lehtinen \u00e5r 1912 i Sideby och hon flyttade till staden via Muonio \u00e5r 1948. Hon var f\u00f6rsta g\u00e5ngen gift med Toivo Mikael Kuusikorpi, som avled \u00e5r 1940. D\u00e5 Gerda flyttade till staden 1948 hade hon med sig sina tv\u00e5 barn:<\/p>\n<p>1). Olavi Ilmari Toivonpoika Kuusikorpi, f\u00f6dd 31.8.1936 i Sideby och han gifte sig 9.10.1954 med Sisko Heleena Kankaanp\u00e4\u00e4, som var f\u00f6dd 2.5.1935. Bosatta bland annat i N\u00e4rpes, efter 1955.<\/p>\n<p>2). Lansi Olivia Kuusikorpi, f\u00f6dd 14.9.1938 i Sideby och hon gifte sig \u00e5r 1957 med byggm\u00e4staren Rainer Kaivo-oja. Han var f\u00f6dd i Kask\u00f6 3.9.1934 och de flyttade \u00e5r 1960 till Kajana.<\/p>\n<p>Gerda hade ytterligare en dotter Sally Birgitta, f\u00f6dd Lehtinen, gift Sj\u00f6lund p\u00e5 \u00c5land, bosatt i Mariehamn. Hon var f\u00f6dd 2.5.1931 och hon gifte sig \u00e5r 1953 med chauff\u00f6ren G\u00f6te Sj\u00f6lund (f. 8.9.1931) fr\u00e5n Mariehamn.<\/p>\n<p>\u00c5r 1943 gifte \u00e4nkan Gerda om sig med Arvo Henrik J\u00e4rvenp\u00e4\u00e4 men \u00e4ktenskapet uppl\u00f6stes 1948.<\/p>\n<p>\u00c5r 1952 gifte Gerda om sig en tredje, denna g\u00e5ng med mj\u00f6lnaren, \u00e4nklingen Toivo Leander Kaivo-oja, som var f\u00f6dd i B\u00f6tom 12.5.1896.<\/p>\n","protected":false},"excerpt":{"rendered":"<p>Gerda var f\u00f6dd Lehtinen \u00e5r 1912 i Sideby och hon flyttade till staden via Muonio \u00e5r 1948. Hon var f\u00f6rsta g\u00e5ngen gift med Toivo Mikael Kuusikorpi, som avled \u00e5r 1940. D\u00e5 Gerda flyttade till staden 1948 hade hon med sig <a class=\"more-link\" href=\"https:\/\/www.kristinestadshistoria.fi\/?page_id=24280\">Forts\u00e4tt l\u00e4sa <span class=\"screen-reader-text\">  Gerdas sl\u00e4kt.<\/span><span class=\"meta-nav\">&rarr;<\/span><\/a><\/p>\n","protected":false},"author":1,"featured_media":0,"parent":18953,"menu_order":5,"comment_status":"closed","ping_status":"closed","template":"","meta":{"footnotes":""},"class_list":["post-24280","page","type-page","status-publish","hentry"],"_links":{"self":[{"href":"https:\/\/www.kristinestadshistoria.fi\/index.php?rest_route=\/wp\/v2\/pages\/24280","targetHints":{"allow":["GET"]}}],"collection":[{"href":"https:\/\/www.kristinestadshistoria.fi\/index.php?rest_route=\/wp\/v2\/pages"}],"about":[{"href":"https:\/\/www.kristinestadshistoria.fi\/index.php?rest_route=\/wp\/v2\/types\/page"}],"author":[{"embeddable":true,"href":"https:\/\/www.kristinestadshistoria.fi\/index.php?rest_route=\/wp\/v2\/users\/1"}],"replies":[{"embeddable":true,"href":"https:\/\/www.kristinestadshistoria.fi\/index.php?rest_route=%2Fwp%2Fv2%2Fcomments&post=24280"}],"version-history":[{"count":3,"href":"https:\/\/www.kristinestadshistoria.fi\/index.php?rest_route=\/wp\/v2\/pages\/24280\/revisions"}],"predecessor-version":[{"id":24285,"href":"https:\/\/www.kristinestadshistoria.fi\/index.php?rest_route=\/wp\/v2\/pages\/24280\/revisions\/24285"}],"up":[{"embeddable":true,"href":"https:\/\/www.kristinestadshistoria.fi\/index.php?rest_route=\/wp\/v2\/pages\/18953"}],"wp:attachment":[{"href":"https:\/\/www.kristinestadshistoria.fi\/index.php?rest_route=%2Fwp%2Fv2%2Fmedia&parent=24280"}],"curies":[{"name":"wp","href":"https:\/\/api.w.org\/{rel}","templated":true}]}}