{"id":24268,"date":"2022-10-02T20:51:46","date_gmt":"2022-10-02T17:51:46","guid":{"rendered":"https:\/\/www.kristinestadshistoria.fi\/?page_id=24268"},"modified":"2025-08-26T23:17:30","modified_gmt":"2025-08-26T20:17:30","slug":"slakten-castren","status":"publish","type":"page","link":"https:\/\/www.kristinestadshistoria.fi\/?page_id=24268","title":{"rendered":"Sl\u00e4kten Castr\u00e9n"},"content":{"rendered":"<p><span style=\"color: #000080;\"><strong>Sammanst\u00e4llt av Lasse Backlund i oktober 2022.<\/strong><\/span><\/p>\n<p>H\u00e4radsh\u00f6vdingen Erik Alarik Castr\u00e9n f\u00f6ddes 20.4.1824 i Kemi och flyttade till Munsala \u00e5r 1872 via Torne\u00e5. Han var gift med Maria Henrika Burman, som var f\u00f6dd 9.2.1831 i Haparanda. Erik Alarik avled 7.2.1892 och Maria Henrika avled 18.2.1915.<\/p>\n<p>De fick 8 barn:<\/p>\n<p>1). Arvid Castr\u00e9n, f\u00f6dd 31.12.1858 i Nedertorne\u00e5, flyttade ogift till Helsingfors 1892. D\u00f6d i Helsingfors 13.11.1924. Arbetade som h\u00e4radsh\u00f6vding och dog ogift och barnl\u00f6s.<\/p>\n<p>2). Alarik Castr\u00e9n, f\u00f6dd 26.7.1861 i Haparanda, flyttade som ogift till Vasa \u00e5r 1900. Arbetade som redaktionssekreterare och dog i Vasa 19.5.1906, ogift och barnl\u00f6s.<\/p>\n<p>3). Ella Castr\u00e9n, f\u00f6dd 21.2.1865 i Nedertorne\u00e5, d\u00f6d 7.2.1892. Ogift och barnl\u00f6s.<\/p>\n<p>4). August Castr\u00e9n, f\u00f6dd 23.4.1866 i Nedertorne\u00e5, flyttade 1908 till Tenala fr\u00e5n Iitis. Arbetade som stationsinspektor p\u00e5 Lappvik station i Tenala, d\u00f6d 22.9.1922. Ogift och barnl\u00f6s.<\/p>\n<p>5). Amanda Castr\u00e9n, f\u00f6dd 20.7.1868 i Nedertorne\u00e5, men v\u00e4xte upp i Munsala. Hon gick i Fruntimmersskolan i Vasa och fick arbete p\u00e5 Vasa Bank och sedan p\u00e5 Singer i Vasa. \u00c5r 1892 fick hon arbete som kass\u00f6rska p\u00e5 Oravais Fabrik dit hon flyttade ogift \u00e5r 1897. I januari 1926 flyttade Amanda till Kristinestad och tog \u00f6ver sk\u00f6tseln av Oravais butiken p\u00e5 Strandgatan 55 efter sin syster Alfhild. Gick i pension 1941 och flyttade till villan i Oravais. Vid ett bes\u00f6k i Kristinestad \u00e5r 1950 skadade hon sig i en olycksh\u00e4ndelse och dog h\u00e4r 10.3.1950. Amanda \u00e4r begravd i Munsala.<\/p>\n<p>6). Alfhild Castr\u00e9n, f\u00f6dd 12.10.1869 i Nedertorne\u00e5, flyttade ogift till Oravais 1897. Flyttade 19.2.1907 fr\u00e5n Oravais till Kristinestad. Aff\u00e4rsinnehavaren, fr\u00f6ken Alfhild avled i staden 10.6.1928, ogift och barnl\u00f6s.<\/p>\n<p>7). Maria Castr\u00e9n, f\u00f6dd 26.8.1871 i Nedertorne\u00e5, flyttade ogift till Nykarleby \u00e5r 1900. Dir.mus. Maria, ocks\u00e5 kallad &#8221;Maisun&#8221; arbetade som seminarielektor och organist. Ogift och barnl\u00f6s.<\/p>\n<p>8). Bernhard Castr\u00e9n, f\u00f6dd 4.5.1873 i Vasa, flyttade ogift till Helsingfors 1894. Flyttade via Munsala till Vasa 1897. Arbetade som byggm\u00e4stare och avled i Vasa 12.10.1943. Ogift och barnl\u00f6s.<\/p>\n<figure id=\"attachment_28841\" aria-describedby=\"caption-attachment-28841\" style=\"width: 327px\" class=\"wp-caption alignnone\"><img loading=\"lazy\" decoding=\"async\" class=\"size-full wp-image-28841\" src=\"https:\/\/www.kristinestadshistoria.fi\/wp-content\/uploads\/2024\/08\/1950-Amanda-Castren-dodsannons.jpg\" alt=\"\" width=\"327\" height=\"540\" srcset=\"https:\/\/www.kristinestadshistoria.fi\/wp-content\/uploads\/2024\/08\/1950-Amanda-Castren-dodsannons.jpg 327w, https:\/\/www.kristinestadshistoria.fi\/wp-content\/uploads\/2024\/08\/1950-Amanda-Castren-dodsannons-182x300.jpg 182w\" sizes=\"auto, (max-width: 327px) 100vw, 327px\" \/><figcaption id=\"caption-attachment-28841\" class=\"wp-caption-text\">Amanda Castr\u00e9n avled i Kristinestad men ligger begravd i Munsala.<\/figcaption><\/figure>\n","protected":false},"excerpt":{"rendered":"<p>Sammanst\u00e4llt av Lasse Backlund i oktober 2022. H\u00e4radsh\u00f6vdingen Erik Alarik Castr\u00e9n f\u00f6ddes 20.4.1824 i Kemi och flyttade till Munsala \u00e5r 1872 via Torne\u00e5. Han var gift med Maria Henrika Burman, som var f\u00f6dd 9.2.1831 i Haparanda. Erik Alarik avled 7.2.1892 <a class=\"more-link\" href=\"https:\/\/www.kristinestadshistoria.fi\/?page_id=24268\">Forts\u00e4tt l\u00e4sa <span class=\"screen-reader-text\">  Sl\u00e4kten Castr\u00e9n<\/span><span class=\"meta-nav\">&rarr;<\/span><\/a><\/p>\n","protected":false},"author":1,"featured_media":0,"parent":18759,"menu_order":5,"comment_status":"closed","ping_status":"closed","template":"","meta":{"footnotes":""},"class_list":["post-24268","page","type-page","status-publish","hentry"],"_links":{"self":[{"href":"https:\/\/www.kristinestadshistoria.fi\/index.php?rest_route=\/wp\/v2\/pages\/24268","targetHints":{"allow":["GET"]}}],"collection":[{"href":"https:\/\/www.kristinestadshistoria.fi\/index.php?rest_route=\/wp\/v2\/pages"}],"about":[{"href":"https:\/\/www.kristinestadshistoria.fi\/index.php?rest_route=\/wp\/v2\/types\/page"}],"author":[{"embeddable":true,"href":"https:\/\/www.kristinestadshistoria.fi\/index.php?rest_route=\/wp\/v2\/users\/1"}],"replies":[{"embeddable":true,"href":"https:\/\/www.kristinestadshistoria.fi\/index.php?rest_route=%2Fwp%2Fv2%2Fcomments&post=24268"}],"version-history":[{"count":6,"href":"https:\/\/www.kristinestadshistoria.fi\/index.php?rest_route=\/wp\/v2\/pages\/24268\/revisions"}],"predecessor-version":[{"id":30188,"href":"https:\/\/www.kristinestadshistoria.fi\/index.php?rest_route=\/wp\/v2\/pages\/24268\/revisions\/30188"}],"up":[{"embeddable":true,"href":"https:\/\/www.kristinestadshistoria.fi\/index.php?rest_route=\/wp\/v2\/pages\/18759"}],"wp:attachment":[{"href":"https:\/\/www.kristinestadshistoria.fi\/index.php?rest_route=%2Fwp%2Fv2%2Fmedia&parent=24268"}],"curies":[{"name":"wp","href":"https:\/\/api.w.org\/{rel}","templated":true}]}}