{"id":24257,"date":"2022-10-02T10:01:20","date_gmt":"2022-10-02T07:01:20","guid":{"rendered":"https:\/\/www.kristinestadshistoria.fi\/?page_id=24257"},"modified":"2025-10-15T23:28:02","modified_gmt":"2025-10-15T20:28:02","slug":"spolanders-slakt","status":"publish","type":"page","link":"https:\/\/www.kristinestadshistoria.fi\/?page_id=24257","title":{"rendered":"Spolanders sl\u00e4kt"},"content":{"rendered":"<p><span style=\"color: #000080;\"><strong>Utredningen gjord av Lasse Backlund i oktober 2022.<\/strong><\/span><\/p>\n<h4><strong>John Spolanders sl\u00e4kt.<\/strong><\/h4>\n<p>Klockaren och orgelnisten Jonas Spolander f\u00f6ddes 5.2.1830 i Solf, flyttade \u00e5r 1863 fr\u00e5n Oravais till Lappfj\u00e4rd. Han var gift med Eva Gustava Blomqvist, f\u00f6dd i Tenala 2.8.1829 och hon dog i Lappfj\u00e4rd 16.4.1868.\u00a0 Jonas och Eva Gustava fick flera barn:<\/p>\n<p>1). Maria Ulrika Spolander, f\u00f6dd 10.2.1852 i Kronoby. Hon gifte sig 1871 med Karl Blomberg, f\u00f6dd i Lappfj\u00e4rd 23.9.1848 och hon flyttade d\u00e5 till F\u00f6gl\u00f6. Hon \u00e5terflyttade med sin familj via Nagu till Lappfj\u00e4rd \u00e5r 1893. Maria Ulrika avled i Lappfj\u00e4rd \u00e5r 1949. De fick \u00e5tminstone 13 barn:<\/p>\n<p><strong>Barn f\u00f6dda p\u00e5 F\u00f6gl\u00f6:<\/strong><\/p>\n<p>a). Maria Mathilda Blomberg, f\u00f6dd 15.11.1871. Gift 1891 med rusth\u00e5llaren Karl August Karlsson, f\u00f6dd 25.9.1867. Flyttade inte med till Lappfj\u00e4rd 1893.<\/p>\n<p>b). Aina Josefina, f\u00f6dd 3.3.1873, flyttade till \u00c5bo 1891 och dog d\u00e4r 1948. Flyttade inte med till Lappfj\u00e4rd 1893, utan gifte sig d\u00e5 med bildhuggaren Karl Magnus L\u00e4ckstr\u00f6m (1866-1911) fr\u00e5n \u00c5bo och de fick 9 barn.<\/p>\n<p>c). Ida Elisabeth, f\u00f6dd 25.12.1874, d\u00f6d 20.5.1952. Flyttade till Houtsk\u00e4r 1897. Gifte sig 1907 med snickaren Johan Axel Ax\u00e9n, som var f\u00f6dd 31.1.1866 i Villn\u00e4s, d\u00f6d i Kristinestad 16.11.1945. De fick barnen Kurt, Bror och Lars Ax\u00e9n.<\/p>\n<p><strong>Barn f\u00f6dda i Nagu:<\/strong><\/p>\n<p>d). Selma Ulrika, f\u00f6dd 11.1.1877. d\u00f6d 25.8.1878.<\/p>\n<p>e). Hulda Irene, f\u00f6dd 30.9.1878.<\/p>\n<p>f). Karl Primus, f\u00f6dd 9.6.1880, flyttade till Korsholm 1898. Gift 3.11.1906 med Hilda Lovisa Blomqvist (f. 27.11.1885). Bosatt i Sibbo som hemmans\u00e4gare.<\/p>\n<p>g). Karl Julius, f\u00f6dd 18.8.1882, reste till Amerika 1901.<\/p>\n<p>h). Ellen Ulrika, f\u00f6dd 29.9.1884, flyttade till Petalax 1916 och sedan till Nykarleby, d\u00e4r hon arbetade som folkskoll\u00e4rarinna. Ogift och barnl\u00f6s.<\/p>\n<p>i). Ingrid Johanna, f\u00f6dd 2.1.1887, flyttade till Ilmajoki 1909. Gift d\u00e4r med \u00e4nklingen Juho Mikonpoika \u00a0Kuhna (1861-1928).<\/p>\n<p>j). Jenny Eufrosyne, f\u00f6dd 11.2.1889. Gift 1918 med folkskoll\u00e4raren Henrik Erland Josefsson Ingves (f. 26.12.1891 i Lappfj\u00e4rd, d\u00f6d 18.2.1977), flyttade till R\u00f6ki\u00f6 by i V\u00f6r\u00e5 1924. Farmor och farfar till Sveriges riksbankschef Stefan Ingves (f.1953).<\/p>\n<p>k). Karl Bertil, f\u00f6dd 23.9.1891. Lektor, director cantus som \u00e5r 1920 gifte sig med Aili Elisabeth Pesonen, f\u00f6dd 11.5.1901. Bosatta i Kristinestad.<\/p>\n<p><strong>Barn f\u00f6dda i Lappfj\u00e4rd:<\/strong><\/p>\n<p>l). Karl G\u00f6sta, f\u00f6dd 3.11.1893, bosatt i Amerika.<\/p>\n<p>m). Karl Torsten, f\u00f6dd 3.11.1893, d\u00f6d 17.4.1895.<\/p>\n<p>n). Karl Johannes, f\u00f6dd 11.2.1895, flyttade till Helsinge 1923. Gift 29.11.1925 med Karin Maria Morelius, f\u00f6dd 10.9.1896. Flyttade till Esbo 1939, arbetade som jordbrukare.<\/p>\n<p>2). Anna Gustava Spolander, f\u00f6dd 22.9.1853, flyttade till Kristinestad 1873. Var gift med sj\u00f6mannen Carl Josef Lindeman, som flyttade till staden fr\u00e5n Sideby \u00e5r 1881. Carl Josef dog 30.8.1897 vid St. Helena. Mellan \u00e5ren 1878 och 1891 fick de 4 barn.<\/p>\n<p>3). Karl Fredrik, f\u00f6dd 24.10.1858 i Kronoby, flyttade till Eken\u00e4s 1883, d\u00e5 han gifte sig med Selma Sofia (1861-1927) fr\u00e5n Eken\u00e4s. Karl Fredrik arbetade som bankdirekt\u00f6r i Nykarleby.<\/p>\n<p>4). Johanna Lovisa, f\u00f6dd 6.10.1860 i Kronoby, flyttade till Korsholm 1887. Gifte sig 8.6.1892 med Vladimir Kononow, som var f\u00f6dd 1857 i Joensuu. \u00c4ndrade sl\u00e4ktnamnet till Aarnio. Var en bosatt i Ijo, d\u00e4rifr\u00e5n hon flyttade till Vasa 1903. Hade en fosterdotter Fanny (f.1895) som flyttade till Helsingfors 1930.<\/p>\n<p>5). Mathilda Salome, f\u00f6dd 1.1.1863 i Oravais, flyttade till Vasa 1882. Gift med August Sandsund (1859-1922) fr\u00e5n Peders\u00f6re. Mathilda dog 22.1.1900 och \u00e4nklingen August gifte sedan om sig 2 g\u00e5nger. Mathilda och Agust hade 3 barn; August (f.1886), Thyra (f.1888) och Karl (f.1890).<\/p>\n<p>6). Josefina, f\u00f6dd 28.12.1864 i Lappfj\u00e4rd, flyttade till Helsingfors 1884. Hon gifte sig i Helsingfors \u00e5r 1890 med Karl Alexander Rosenberg, som var f\u00f6dd 16.5.1862 i Vasa, d\u00e4rifr\u00e5n han flyttade 1887. Den fick barnen Elna Josefina, f\u00f6dd 11.12.1890 och Arthur Alexander, f\u00f6dd 20.12.1892. Efter Josefinas d\u00f6d 18.2.1940 flyttade \u00e4nklingen Karl till Hoplaks.<\/p>\n<p>7). Vilhelm Jonatan, f\u00f6dd 1866, d\u00f6d 22.1.1868.<\/p>\n<p>Eva Gustava Spolander avled 16.4.1868. \u00c4nklingen Jonas Spolander gifte d\u00e5 om sig med Maja Greta W\u00f6rlund, som var f\u00f6dd 16.5.1847 och de fick f\u00f6ljande barn:<\/p>\n<p>1). Jonatan, f\u00f6dd 8.3.1870, dog i en olycka i New Zeeland \u00e5r 1909.<\/p>\n<p>2). Hilma Alexandra, f\u00f6dd 10.2.1872. Hon gifte sig 24.6.1894 med mj\u00f6lnaren Johan Bj\u00f6rses, som var f\u00f6dd i Lappfj\u00e4rd 3.6.1862. \u00a0Han flyttade till staden 15.2.1892 och Hilma flyttade till staden \u00e5r 1895. De fick \u00e5tminstone 7 barn. Hilma avled 25.12.1910 och Johan avled 9.4.1937.<\/p>\n<p>3). Elisabeth, f\u00f6dd 26.11.1873, d\u00f6d 3.12.1873.<\/p>\n<p>4). Selma Sofia, f\u00f6dd 13.12.1874, flyttade till Vasa via Korsholm 1895. Gift detta \u00e5r med snickaren Matti Antinpoika M\u00e4ki, som var f\u00f6dd 2.12.1870 i byn Hankavesi i Alavo, dit de flyttade 1903. De hade d\u00e5 4 barn, som alla var f\u00f6dda i Vasa. I Alavo f\u00f6ddes ytterligare 3 barn f\u00f6re Selma dog 13.3.1911. \u00c4nklingen Matti och de 7 barnen, f\u00f6dda mellan \u00e5ren 1896 och 1910, flyttade 1914 till \u00c4ht\u00e4ri. Matti gifte om sig 1925 med Maria Virtala (1870-1943) och fick ytterligare en son och han avled i \u00c4ht\u00e4ri 6.7.1954.<\/p>\n<p>5). Johan, senare John August Michael, f\u00f6dd 7.1.1877, flyttade till staden 1904. Gift 11.6.1916 med Sigrid Konstantia Malmberg, som var f\u00f6dd 17.2.1887. Sigrid var dotter till tullvaktm\u00e4staren Emil Konstantin Malmberg (5.11.1861 \u2013 25.1.1918) och Hilma Johanna, f\u00f6dd Forsman (26.10.1861 \u2013 8.4.1919). John Spolander dog 15.4.1951 och Sigrid dog 22.12.1955. Barnl\u00f6sa.<\/p>\n<p>6). Hilda Olivia, f\u00f6dd 12.5.1878. Gift 1900 med Johan August H\u00e5kans, f\u00f6dd 6.7.1879. De flyttade till Amerika 1907.<\/p>\n<p>7). Jonas Bernhard, f\u00f6dd 25.7.1882, flyttade till staden 1899. Han arbetade som ritare och dog ogift 15.2.1909.<\/p>\n<p>8). Fridolf Nikolai, f\u00f6dd 22.2.1885, flyttade till Vasa 1902. Han gifte sig \u00e5r 1910 med Anna Liisa Raitinen, som var f\u00f6dd 27.7.1889 och de reste sedan till Amerika. I Lappfj\u00e4rd anv\u00e4nde han f\u00f6rnamnet Nikolai men i Amerika kallades han Fridolf. Han var aktiv i m\u00e5nga f\u00f6reningar, s\u00e5som Runebergsorden och Vikingaorden. Han var verksam i Bellmansk\u00f6ren och upptr\u00e4dde ocks\u00e5 som violinist i symfoniorkestrar. Han blev med tiden en k\u00e4nd konstn\u00e4r och han var livstids medlem i &#8221;Academy of Arts&#8221;.<\/p>\n<p>9). Alma Elisabeth, f\u00f6dd 10.8.1888, d\u00f6d 14.11.1908, ogift och barnl\u00f6s.<\/p>\n<h4><strong>Sigrid Spolanders 13 syskon:<\/strong><\/h4>\n<p>1). Elin Josefina, f\u00f6dd 27.9.1882.<\/p>\n<p>2). Elsa Emilia, f\u00f6dd 12.1.1884, d\u00f6d 11.8.1949. ogift och barnl\u00f6s.<\/p>\n<p>3). John Emil, f\u00f6dd 25.9.1885, d\u00f6d 14.3.1888.<\/p>\n<p>4). Ernst Wilhelm, f\u00f6dd 11.12.1888, d\u00f6d 5.5.1904. Ogift och barnl\u00f6s.<\/p>\n<p>5). Aina Alfhild, f\u00f6dd 16.6.1891. Gift 5.12.1920 med Johannes Emil Mickelsson, f\u00f6dd i Korpo 23.10.1887. Familjen flyttade 1926 till \u00c5bo och sedan till Havtr\u00e4sk i Korpo.<\/p>\n<p>6). Thor Birger, f\u00f6dd 22.9.1893, d\u00f6d 25.5.1919. ogift och barnl\u00f6s.<\/p>\n<p>7). Torsten Ragnar Malmberg, f\u00f6dd 25.9.1895, flyttade 1910 till Eken\u00e4s. Gift 1921 med Agda Sylvia Wikholm, f\u00f6dd 26.3.1895 i Eken\u00e4s. Arbetade som \u00f6ver tullvaktm\u00e4stare.<\/p>\n<p>8). Eva Johanna, f\u00f6dd 14.10.1896, flyttade 1928 till \u00c5bo. Gifte sig 28.4.1935 med tulvakten Johannes Viktor Nystr\u00f6m, f\u00f6dd 26.12.1888 i Korpo. Bosatta i Havtr\u00e4sk i Korpo.<\/p>\n<p>9). Helga Maria, f\u00f6dd 1.3.1898. Gift 1924 med tullvakten Reinhold Bergman, f\u00f6dd 5.11.1888 i Pargas. Bosatta i Pargas.<\/p>\n<p>10). Astrid Elisabeth, f\u00f6dd 28.8.1899, gift 1922 med tulluppsyningsmannen Carl Gunnar Sild\u00e9n, f\u00f6dd 1.12.1894 i Kristinestad. Familjen flyttade 1929 till \u00c5bo.<\/p>\n<p>11). Erik Runar, f\u00f6dd 30.4.1902, d\u00f6d 7.4.1903.<\/p>\n<p>12). Frans G\u00f6sta, f\u00f6dd 11.2.1904, d\u00f6d 13.6.1924. Ogift och barnl\u00f6s.<\/p>\n<p>13). Ruth Linnea, f\u00f6dd 27.10.1907, flyttade 1929 till \u00c5bo och arbetade d\u00e4r p\u00e5 fabrik.<\/p>\n","protected":false},"excerpt":{"rendered":"<p>Utredningen gjord av Lasse Backlund i oktober 2022. John Spolanders sl\u00e4kt. Klockaren och orgelnisten Jonas Spolander f\u00f6ddes 5.2.1830 i Solf, flyttade \u00e5r 1863 fr\u00e5n Oravais till Lappfj\u00e4rd. Han var gift med Eva Gustava Blomqvist, f\u00f6dd i Tenala 2.8.1829 och hon <a class=\"more-link\" href=\"https:\/\/www.kristinestadshistoria.fi\/?page_id=24257\">Forts\u00e4tt l\u00e4sa <span class=\"screen-reader-text\">  Spolanders sl\u00e4kt<\/span><span class=\"meta-nav\">&rarr;<\/span><\/a><\/p>\n","protected":false},"author":1,"featured_media":0,"parent":22412,"menu_order":186,"comment_status":"closed","ping_status":"closed","template":"","meta":{"footnotes":""},"class_list":["post-24257","page","type-page","status-publish","hentry"],"_links":{"self":[{"href":"https:\/\/www.kristinestadshistoria.fi\/index.php?rest_route=\/wp\/v2\/pages\/24257","targetHints":{"allow":["GET"]}}],"collection":[{"href":"https:\/\/www.kristinestadshistoria.fi\/index.php?rest_route=\/wp\/v2\/pages"}],"about":[{"href":"https:\/\/www.kristinestadshistoria.fi\/index.php?rest_route=\/wp\/v2\/types\/page"}],"author":[{"embeddable":true,"href":"https:\/\/www.kristinestadshistoria.fi\/index.php?rest_route=\/wp\/v2\/users\/1"}],"replies":[{"embeddable":true,"href":"https:\/\/www.kristinestadshistoria.fi\/index.php?rest_route=%2Fwp%2Fv2%2Fcomments&post=24257"}],"version-history":[{"count":6,"href":"https:\/\/www.kristinestadshistoria.fi\/index.php?rest_route=\/wp\/v2\/pages\/24257\/revisions"}],"predecessor-version":[{"id":30345,"href":"https:\/\/www.kristinestadshistoria.fi\/index.php?rest_route=\/wp\/v2\/pages\/24257\/revisions\/30345"}],"up":[{"embeddable":true,"href":"https:\/\/www.kristinestadshistoria.fi\/index.php?rest_route=\/wp\/v2\/pages\/22412"}],"wp:attachment":[{"href":"https:\/\/www.kristinestadshistoria.fi\/index.php?rest_route=%2Fwp%2Fv2%2Fmedia&parent=24257"}],"curies":[{"name":"wp","href":"https:\/\/api.w.org\/{rel}","templated":true}]}}