{"id":24164,"date":"2022-09-16T23:02:47","date_gmt":"2022-09-16T20:02:47","guid":{"rendered":"https:\/\/www.kristinestadshistoria.fi\/?page_id=24164"},"modified":"2022-09-16T23:05:54","modified_gmt":"2022-09-16T20:05:54","slug":"toivo-lennart-streng","status":"publish","type":"page","link":"https:\/\/www.kristinestadshistoria.fi\/?page_id=24164","title":{"rendered":"Toivo Lennart Streng."},"content":{"rendered":"<p><span style=\"color: #000080;\"><strong>Sammanst\u00e4llt av Lasse Backlund i september 1925. Uppgifterna \u00e4r tagna ur tidningen Syd-\u00d6sterbotten.<\/strong><\/span><\/p>\n<p>H\u00e4radsskrivaren i N\u00e4rpes h\u00e4rad Toivo Streng f\u00f6ddes i Helsingfors 1872, d\u00e4r han ocks\u00e5 gick i skola och blev student. Det var t\u00e4nkt att han skulle bli l\u00e4rare och han gick i seminariet i Sverige en tid. Men s\u00e5 br\u00f6t kriget ut mellan Grekland och Turkiet, och d\u00e5 reste Toivo till Grekland f\u00f6r att arbeta som sanit\u00e4r. F\u00f6r detta arbete fick han flera fina utm\u00e4rkelser som erk\u00e4nsla.<\/p>\n<p>Efter detta \u00e5terv\u00e4nde han till Finland och han blev tillf\u00f6rordnad l\u00e4nsman i Kangasniemi med dispens. Sedan blev han h\u00e4radsskrivare i St. Mickel, d\u00e4r han stannade till 1923 d\u00e5 han fick tj\u00e4nst som h\u00e4radsskrivare i N\u00e4rpes h\u00e4rad. Han flyttade d\u00e5 med hustrun Ella och den sjukliga dottern Elsa till Kristinestad, d\u00e4r han bodde p\u00e5 hyra i Glassbarhuset.<\/p>\n<p>Hans h\u00e4lsa var inte bra och p\u00e5 v\u00e5ren 1925 fick han ett slaganfall, d\u00e5 han h\u00f6ll p\u00e5 med mantalsskrivningen p\u00e5 r\u00e5dhuset. Han l\u00e5g medvetsl\u00f6st p\u00e5 golvet en stund tills han kvicknade till och kunde komma p\u00e5 f\u00f6tter igen. Tillfrisknandet tog dock tid och han aldrig krafterna tillbaka.<\/p>\n<p>Den 1 augusti 1925 fick han ett nytt slaganfall och han avled i sitt hem p\u00e5 V\u00e4stra L\u00e5nggatan i sitt 54:de levnads\u00e5r. Han \u00f6verlevdes av hustrun Ella, som var f\u00f6dd Malmgren i Sverige \u00e5r 1877, den blinda dottern Elsa, som var f\u00f6dd 1910 och sv\u00e4rmodern Maria Malmgren, som var svensk medborgare, f\u00f6dd 1850.<\/p>\n<p><img loading=\"lazy\" decoding=\"async\" class=\"alignnone size-full wp-image-24166\" src=\"https:\/\/www.kristinestadshistoria.fi\/wp-content\/uploads\/2022\/09\/19250805-Toivo-Strengs-dodsannons.jpg\" alt=\"\" width=\"667\" height=\"939\" srcset=\"https:\/\/www.kristinestadshistoria.fi\/wp-content\/uploads\/2022\/09\/19250805-Toivo-Strengs-dodsannons.jpg 667w, https:\/\/www.kristinestadshistoria.fi\/wp-content\/uploads\/2022\/09\/19250805-Toivo-Strengs-dodsannons-213x300.jpg 213w\" sizes=\"auto, (max-width: 667px) 100vw, 667px\" \/><\/p>\n<p>D\u00f6dsannonsen ur Syd-\u00d6sterbotten 5.8.1925.<\/p>\n","protected":false},"excerpt":{"rendered":"<p>Sammanst\u00e4llt av Lasse Backlund i september 1925. Uppgifterna \u00e4r tagna ur tidningen Syd-\u00d6sterbotten. H\u00e4radsskrivaren i N\u00e4rpes h\u00e4rad Toivo Streng f\u00f6ddes i Helsingfors 1872, d\u00e4r han ocks\u00e5 gick i skola och blev student. Det var t\u00e4nkt att han skulle bli l\u00e4rare <a class=\"more-link\" href=\"https:\/\/www.kristinestadshistoria.fi\/?page_id=24164\">Forts\u00e4tt l\u00e4sa <span class=\"screen-reader-text\">  Toivo Lennart Streng.<\/span><span class=\"meta-nav\">&rarr;<\/span><\/a><\/p>\n","protected":false},"author":1,"featured_media":0,"parent":18049,"menu_order":1,"comment_status":"closed","ping_status":"closed","template":"","meta":{"footnotes":""},"class_list":["post-24164","page","type-page","status-publish","hentry"],"_links":{"self":[{"href":"https:\/\/www.kristinestadshistoria.fi\/index.php?rest_route=\/wp\/v2\/pages\/24164","targetHints":{"allow":["GET"]}}],"collection":[{"href":"https:\/\/www.kristinestadshistoria.fi\/index.php?rest_route=\/wp\/v2\/pages"}],"about":[{"href":"https:\/\/www.kristinestadshistoria.fi\/index.php?rest_route=\/wp\/v2\/types\/page"}],"author":[{"embeddable":true,"href":"https:\/\/www.kristinestadshistoria.fi\/index.php?rest_route=\/wp\/v2\/users\/1"}],"replies":[{"embeddable":true,"href":"https:\/\/www.kristinestadshistoria.fi\/index.php?rest_route=%2Fwp%2Fv2%2Fcomments&post=24164"}],"version-history":[{"count":3,"href":"https:\/\/www.kristinestadshistoria.fi\/index.php?rest_route=\/wp\/v2\/pages\/24164\/revisions"}],"predecessor-version":[{"id":24168,"href":"https:\/\/www.kristinestadshistoria.fi\/index.php?rest_route=\/wp\/v2\/pages\/24164\/revisions\/24168"}],"up":[{"embeddable":true,"href":"https:\/\/www.kristinestadshistoria.fi\/index.php?rest_route=\/wp\/v2\/pages\/18049"}],"wp:attachment":[{"href":"https:\/\/www.kristinestadshistoria.fi\/index.php?rest_route=%2Fwp%2Fv2%2Fmedia&parent=24164"}],"curies":[{"name":"wp","href":"https:\/\/api.w.org\/{rel}","templated":true}]}}