{"id":24159,"date":"2022-09-16T17:12:58","date_gmt":"2022-09-16T14:12:58","guid":{"rendered":"https:\/\/www.kristinestadshistoria.fi\/?page_id=24159"},"modified":"2022-09-16T17:15:56","modified_gmt":"2022-09-16T14:15:56","slug":"karl-julius-hiden","status":"publish","type":"page","link":"https:\/\/www.kristinestadshistoria.fi\/?page_id=24159","title":{"rendered":"Karl Julius Hid\u00e9n."},"content":{"rendered":"<p><span style=\"color: #000080;\"><strong>Sammanst\u00e4llt av Lasse Backlund i september 2022. Rafael Olins sl\u00e4ktutredningar har varit till stor hj\u00e4lp, liksom Hufvudstadsbladets artiklar.<\/strong><\/span><\/p>\n<p>Karl f\u00f6ddes 8 oktober 1867 i Bj\u00f6rneborg och han var son till sj\u00f6kaptenen Julius Viktor Hid\u00e9n och dennes hustru Rosa Charlotta, f\u00f6dd Jus\u00e9lius. Han blev student fr\u00e5n \u00c5bo svenska klassiska lyceum \u00e5r 1886 och efter det b\u00f6rjade han \u00e4gna sig \u00e5t filologiska och filosofiska studier vid universitetet. \u00c5r 1892 avlade han filosofie kandidatexamen med 5 laudatur och blev s\u00e5som primus lagerkr\u00f6nt vid promotionen 1894. Tv\u00e5 \u00e5r senare avlade Karl Hid\u00e9n filosofie licentiatexamen och \u00e5r 1897 promoverades han till filosofiedoktor.<\/p>\n<p>Det var fr\u00e4mst \u00e5t romersk filologi som Karl \u00e4gnade sin forskning. F\u00f6r detta \u00e4ndam\u00e5l f\u00f6retog han flera studieresor i utlandet och vistades under l\u00e5nga perioder i Italien. Efter att ha publicerat n\u00e5gra v\u00e4rdefulla arbeten inom sin vetenskap utn\u00e4mndes han redan 1899 till docent i romersk filologi vid Helsingfors universitet.<\/p>\n<p>Karl var ocks\u00e5 l\u00e4rare vid h\u00f6gskolan och det var d\u00e4r som han utf\u00f6rde en fruktbringande och vittomfattande livsg\u00e4rning. Han var mycket intresserad av sin vetenskap och var mycket plikttrogen i sitt arbete.<\/p>\n<p>Under \u00e5ren 1920 \u2013 1923 sk\u00f6tte han professuren i romersk filologi och blev snart utn\u00e4mnd till adjunkt.<\/p>\n<p>F\u00f6rutom sin tj\u00e4nst vid universitetet var han ocks\u00e5 l\u00e4rare i olika \u00e4mnen vid flera l\u00e4roverk i Helsingfors. Till exempel under \u00e5ren 1897 \u2013 1913 fungerade han som l\u00e4rare i latin och filosofi vid Helsingfors finska samskola och under \u00e5ren 1899 \u2013 1903 var han l\u00e4rare i samma \u00e4mnen vid Nya finska samskolan.<\/p>\n<p>Hid\u00e9n kallades till adjungerad medlem av finska vetenskapsakademin \u00e5r 1908 och \u00e5r 1919 blev han sekreterare vid universitetets l\u00e4rar- och tj\u00e4nstemannaf\u00f6rening.<\/p>\n<p>I det Finska genealogiska s\u00e4llskapet var Karl Hid\u00e9n en av de mest intresserade och sakkunniga medlemmar. Hans sl\u00e4ktforskning har gjort honom till en av landets mest k\u00e4nda inom genealogin och under \u00e5ren 1921 till 1925 var han viceordf\u00f6rande i s\u00e4llskapet.<\/p>\n<p>Han publicerade flera v\u00e4rdefulla och uppm\u00e4rksammade artiklar i tidskriften Genealogica men ocks\u00e5 i de finska tidningarna Valvoja, Aika och Finsk Tidskrift. Ocks\u00e5 i dagspressen publicerade han flera artiklar.<\/p>\n<p>\u00c5r 1897, den 22 augusti gifte sig Karl Hid\u00e9n med Helmi Parmanen (1871-1954) fr\u00e5n Kristinestad. Hon var \u00e4ldsta dotter till handlanden Vilho Parmanen (1844-1913) och Rosa, f\u00f6dd Sj\u00f6holm (1853-1935). Karl och Helmi fick flera barn:<\/p>\n<p>1). Henrik <u>Ilmari<\/u> Hid\u00e9n (1898-1986), som \u00e5r 1932 bytte sl\u00e4ktnamnet till Hiitonen. Han var gift med Irja Aune Jokinen (1906-1994). Ilmari var en v\u00e4lk\u00e4nd botaniker, som gav ut flera b\u00f6cker i olika \u00e4mnen och \u00e5r 1978 erh\u00f6ll han titeln professor.<\/p>\n<p>2). Kaarlo <u>Ensio<\/u> Hid\u00e9n (1900-1970), som \u00e5r 1932 bytte sl\u00e4ktnamn till Hiitonen och han var gift flera g\u00e5nger. Ensio var en k\u00e4nd diplomat med flera utl\u00e4ndska uppdrag. Han var ocks\u00e5 aktiv kommunalpolitiker i slutet av 1940-talet och under \u00e5ren 1946 \u2013 1953 var han viceordf\u00f6rande i Socialistiska enhetspartiet.<\/p>\n<p>3). <span style=\"text-decoration: underline;\">Rosa<\/span> Aino Margareta Hid\u00e9n )1902-1982), som \u00e5r 1929 gifte sig med Waldemar Wilhelm Dahlqvist.<\/p>\n<p>4). Jakob Auvo Johannes Hid\u00e9n (1905-1922), ogift och barnl\u00f6s.<\/p>\n<p>5). Viktor <span style=\"text-decoration: underline;\">Josef<\/span> Hid\u00e9n (1908-1987), pr\u00e4st i Vichtis och han var gift med Irma Helena Koski och hade flera barn.<\/p>\n<p>6). Sakari <span style=\"text-decoration: underline;\">Unio<\/span> Felix Hid\u00e9n (1910-1983), som \u00e5r 1932 bytte sl\u00e4ktnamn till Hiitonen.<\/p>\n<p>7). Eero Samuel Hid\u00e9n (1916-1919).<\/p>\n<h4><strong>Karl Hid\u00e9n avled den 4 augusti 1925.<\/strong><\/h4>\n<figure id=\"attachment_24158\" aria-describedby=\"caption-attachment-24158\" style=\"width: 502px\" class=\"wp-caption alignnone\"><img loading=\"lazy\" decoding=\"async\" class=\"size-full wp-image-24158\" src=\"https:\/\/www.kristinestadshistoria.fi\/wp-content\/uploads\/2022\/09\/19250806-Karl-Julius-Hidens-dodsannons.jpg\" alt=\"\" width=\"502\" height=\"631\" srcset=\"https:\/\/www.kristinestadshistoria.fi\/wp-content\/uploads\/2022\/09\/19250806-Karl-Julius-Hidens-dodsannons.jpg 502w, https:\/\/www.kristinestadshistoria.fi\/wp-content\/uploads\/2022\/09\/19250806-Karl-Julius-Hidens-dodsannons-239x300.jpg 239w\" sizes=\"auto, (max-width: 502px) 100vw, 502px\" \/><figcaption id=\"caption-attachment-24158\" class=\"wp-caption-text\">Karl Hid\u00e9ns d\u00f6dsannons inf\u00f6rd i Hufvudstadsbladet 6 augusti 1925.<\/figcaption><\/figure>\n<p>Karl Julius Hid\u00e9n avled pl\u00f6tsligt i hj\u00e4rtslag p\u00e5 kv\u00e4llen den 4 augusti 1925 i sitt hem i Helsingfors. D\u00f6dsfallet kom ov\u00e4ntat eftersom han under dagen hade deltagit i Nordiska skolm\u00f6tets h\u00f6gtidliga \u00f6ppnande och han hade under dagens lopp deltagit i flera sessioner. Budet om d\u00f6dsfallet mottogs i vissa kretsar med stor best\u00f6rtning.<\/p>\n<p>Jordf\u00e4stningen skedde i kapellet p\u00e5 Gamla begravningsplatsen och den inleddes med ett orgelpreludium, utf\u00f6rt av magister Armas Maasalo. Sedan sj\u00f6ng kantor Alfred Hihlman \u201dOi tyydi sielu\u201d efter en komposition av Bach.<\/p>\n<p>Griftetalet h\u00f6lls av teologie doktor Rafael Gyllenberg, som talade varma ord om den avlidne. Blomsterhyllningen var riklig och de erk\u00e4nnande vackra orden vid nedl\u00e4ggandet av minneskransarna vittnade om en stor uppskattning av Karl Hid\u00e9ns livsg\u00e4rning.<\/p>\n","protected":false},"excerpt":{"rendered":"<p>Sammanst\u00e4llt av Lasse Backlund i september 2022. Rafael Olins sl\u00e4ktutredningar har varit till stor hj\u00e4lp, liksom Hufvudstadsbladets artiklar. Karl f\u00f6ddes 8 oktober 1867 i Bj\u00f6rneborg och han var son till sj\u00f6kaptenen Julius Viktor Hid\u00e9n och dennes hustru Rosa Charlotta, f\u00f6dd <a class=\"more-link\" href=\"https:\/\/www.kristinestadshistoria.fi\/?page_id=24159\">Forts\u00e4tt l\u00e4sa <span class=\"screen-reader-text\">  Karl Julius Hid\u00e9n.<\/span><span class=\"meta-nav\">&rarr;<\/span><\/a><\/p>\n","protected":false},"author":1,"featured_media":0,"parent":21268,"menu_order":1,"comment_status":"closed","ping_status":"closed","template":"","meta":{"footnotes":""},"class_list":["post-24159","page","type-page","status-publish","hentry"],"_links":{"self":[{"href":"https:\/\/www.kristinestadshistoria.fi\/index.php?rest_route=\/wp\/v2\/pages\/24159","targetHints":{"allow":["GET"]}}],"collection":[{"href":"https:\/\/www.kristinestadshistoria.fi\/index.php?rest_route=\/wp\/v2\/pages"}],"about":[{"href":"https:\/\/www.kristinestadshistoria.fi\/index.php?rest_route=\/wp\/v2\/types\/page"}],"author":[{"embeddable":true,"href":"https:\/\/www.kristinestadshistoria.fi\/index.php?rest_route=\/wp\/v2\/users\/1"}],"replies":[{"embeddable":true,"href":"https:\/\/www.kristinestadshistoria.fi\/index.php?rest_route=%2Fwp%2Fv2%2Fcomments&post=24159"}],"version-history":[{"count":2,"href":"https:\/\/www.kristinestadshistoria.fi\/index.php?rest_route=\/wp\/v2\/pages\/24159\/revisions"}],"predecessor-version":[{"id":24161,"href":"https:\/\/www.kristinestadshistoria.fi\/index.php?rest_route=\/wp\/v2\/pages\/24159\/revisions\/24161"}],"up":[{"embeddable":true,"href":"https:\/\/www.kristinestadshistoria.fi\/index.php?rest_route=\/wp\/v2\/pages\/21268"}],"wp:attachment":[{"href":"https:\/\/www.kristinestadshistoria.fi\/index.php?rest_route=%2Fwp%2Fv2%2Fmedia&parent=24159"}],"curies":[{"name":"wp","href":"https:\/\/api.w.org\/{rel}","templated":true}]}}