{"id":23578,"date":"2022-05-03T22:21:58","date_gmt":"2022-05-03T19:21:58","guid":{"rendered":"https:\/\/www.kristinestadshistoria.fi\/?page_id=23578"},"modified":"2022-05-05T18:09:10","modified_gmt":"2022-05-05T15:09:10","slug":"varvsgatans-gardar","status":"publish","type":"page","link":"https:\/\/www.kristinestadshistoria.fi\/?page_id=23578","title":{"rendered":"Varvsgatans g\u00e5rdar."},"content":{"rendered":"<p>Varvsgatan i Kristinestads s\u00f6dra del \u00e4r egentligen en f\u00f6rl\u00e4ngning av \u00d6stra L\u00e5nggatan, som slutar vid Parkgatan. I tiderna hette gatan b\u00e5de Skeppbygsgatan och Skeppshvarfsgatan och den gick f\u00f6ljaktligen ner till skeppsvarven p\u00e5 udden. Varvsgatans l\u00e4ngd \u00e4r 230 meter och slutar i den s\u00f6dra \u00e4ndan mot den tv\u00e4rg\u00e5ende Kopp\u00f6gatan. Vid denna gata finns inte m\u00e5nga g\u00e5rdar och de \u00e4r alla byggda efter \u00e5r 1830. Om du vill l\u00e4sa mera om g\u00e5rdarna vid denna gatan, s\u00e5 skall du klicka p\u00e5 \u00f6nskad adress nedan.<\/p>\n<h4><a href=\"https:\/\/www.kristinestadshistoria.fi\/?page_id=23602\"><strong>-4 Smedernas g\u00e5rd<\/strong><\/a><\/h4>\n","protected":false},"excerpt":{"rendered":"<p>Varvsgatan i Kristinestads s\u00f6dra del \u00e4r egentligen en f\u00f6rl\u00e4ngning av \u00d6stra L\u00e5nggatan, som slutar vid Parkgatan. I tiderna hette gatan b\u00e5de Skeppbygsgatan och Skeppshvarfsgatan och den gick f\u00f6ljaktligen ner till skeppsvarven p\u00e5 udden. Varvsgatans l\u00e4ngd \u00e4r 230 meter och slutar <a class=\"more-link\" href=\"https:\/\/www.kristinestadshistoria.fi\/?page_id=23578\">Forts\u00e4tt l\u00e4sa <span class=\"screen-reader-text\">  Varvsgatans g\u00e5rdar.<\/span><span class=\"meta-nav\">&rarr;<\/span><\/a><\/p>\n","protected":false},"author":1,"featured_media":0,"parent":18571,"menu_order":5,"comment_status":"closed","ping_status":"closed","template":"","meta":{"footnotes":""},"class_list":["post-23578","page","type-page","status-publish","hentry"],"_links":{"self":[{"href":"https:\/\/www.kristinestadshistoria.fi\/index.php?rest_route=\/wp\/v2\/pages\/23578","targetHints":{"allow":["GET"]}}],"collection":[{"href":"https:\/\/www.kristinestadshistoria.fi\/index.php?rest_route=\/wp\/v2\/pages"}],"about":[{"href":"https:\/\/www.kristinestadshistoria.fi\/index.php?rest_route=\/wp\/v2\/types\/page"}],"author":[{"embeddable":true,"href":"https:\/\/www.kristinestadshistoria.fi\/index.php?rest_route=\/wp\/v2\/users\/1"}],"replies":[{"embeddable":true,"href":"https:\/\/www.kristinestadshistoria.fi\/index.php?rest_route=%2Fwp%2Fv2%2Fcomments&post=23578"}],"version-history":[{"count":5,"href":"https:\/\/www.kristinestadshistoria.fi\/index.php?rest_route=\/wp\/v2\/pages\/23578\/revisions"}],"predecessor-version":[{"id":23619,"href":"https:\/\/www.kristinestadshistoria.fi\/index.php?rest_route=\/wp\/v2\/pages\/23578\/revisions\/23619"}],"up":[{"embeddable":true,"href":"https:\/\/www.kristinestadshistoria.fi\/index.php?rest_route=\/wp\/v2\/pages\/18571"}],"wp:attachment":[{"href":"https:\/\/www.kristinestadshistoria.fi\/index.php?rest_route=%2Fwp%2Fv2%2Fmedia&parent=23578"}],"curies":[{"name":"wp","href":"https:\/\/api.w.org\/{rel}","templated":true}]}}