{"id":23557,"date":"2022-04-22T14:35:18","date_gmt":"2022-04-22T11:35:18","guid":{"rendered":"https:\/\/www.kristinestadshistoria.fi\/?page_id=23557"},"modified":"2025-11-02T14:57:32","modified_gmt":"2025-11-02T12:57:32","slug":"stadens-grundande-pa-koppo","status":"publish","type":"page","link":"https:\/\/www.kristinestadshistoria.fi\/?page_id=23557","title":{"rendered":"Stadens grundande p\u00e5 Kopp\u00f6 \u00e5r 1649"},"content":{"rendered":"<p>Det var den 5 december \u00e5r 1649 som generalguvern\u00f6ren \u00f6ver landskapen i Finland och landskapet \u00d6sterbotten Per Brahe skrev ut det grundningsbrev, d\u00e4r det best\u00e4mdes att en handelsplats eller stad skulle grundas Kopp\u00f6\u00a0 hemman i Lappfj\u00e4rds socken. I gamla skrifter s\u00e5gs det att Kopp\u00f6 \u00e4r en by men eftersom d\u00e4r bodde endast en bonde, s\u00e5 kan man anta att Kopp\u00f6 var ett hemman.<\/p>\n<p>I det h\u00e4r samma grundningsbrevet best\u00e4mde han att de som flyttar till den nya staden, skulle f\u00e5 skattefrihet i 12 \u00e5rs tid. Den h\u00e4r f\u00f6rm\u00e5nen skulle locka nya inv\u00e5nare till staden men antagligen gick det tr\u00f6gt med inflyttningen eftersom sj\u00e4lvaste drottningen Kristina efter ett par \u00e5r f\u00f6rb\u00e4ttrade villkoren och f\u00f6rm\u00e5nerna.<\/p>\n<p>Om du vill l\u00e4sa mera om stadens grundande och f\u00f6rsta \u00e5r, s\u00e5 skall du klicka p\u00e5 n\u00e5gon passlig rubrik h\u00e4r under:<\/p>\n<h4><span style=\"color: #000080;\"><a style=\"color: #000080;\" href=\"https:\/\/www.kristinestadshistoria.fi\/?page_id=15347\"><strong>-Situationen runt sekelskiftet 1500-1600.<\/strong><\/a><\/span><\/h4>\n<h4><span style=\"color: #000080;\"><a style=\"color: #000080;\" href=\"https:\/\/www.kristinestadshistoria.fi\/?page_id=23520\"><strong>-Bonden Lars M\u00e5nsson s\u00e5g till att staden grundades.<\/strong><\/a><\/span><\/h4>\n<h4><span style=\"color: #000080;\"><a style=\"color: #000080;\" href=\"https:\/\/www.kristinestadshistoria.fi\/?page_id=23523\"><strong>-Lars M\u00e5nsson, bonde p\u00e5 Klemets i Dagsmark<\/strong><\/a><\/span><\/h4>\n<h4><span style=\"color: #000080;\"><a style=\"color: #000080;\" href=\"https:\/\/www.kristinestadshistoria.fi\/?page_id=15657\"><strong>-Greve Per Brahe, generalguvern\u00f6r \u00f6ver Finland och \u00d6sterbotten<\/strong><\/a><\/span><\/h4>\n<h4><span style=\"color: #000080;\"><a style=\"color: #000080;\" href=\"https:\/\/www.kristinestadshistoria.fi\/?page_id=23550\"><strong>-Stadens vapen<\/strong><\/a><\/span><\/h4>\n","protected":false},"excerpt":{"rendered":"<p>Det var den 5 december \u00e5r 1649 som generalguvern\u00f6ren \u00f6ver landskapen i Finland och landskapet \u00d6sterbotten Per Brahe skrev ut det grundningsbrev, d\u00e4r det best\u00e4mdes att en handelsplats eller stad skulle grundas Kopp\u00f6\u00a0 hemman i Lappfj\u00e4rds socken. I gamla skrifter <a class=\"more-link\" href=\"https:\/\/www.kristinestadshistoria.fi\/?page_id=23557\">Forts\u00e4tt l\u00e4sa <span class=\"screen-reader-text\">  Stadens grundande p\u00e5 Kopp\u00f6 \u00e5r 1649<\/span><span class=\"meta-nav\">&rarr;<\/span><\/a><\/p>\n","protected":false},"author":1,"featured_media":0,"parent":8025,"menu_order":1,"comment_status":"closed","ping_status":"closed","template":"","meta":{"footnotes":""},"class_list":["post-23557","page","type-page","status-publish","hentry"],"_links":{"self":[{"href":"https:\/\/www.kristinestadshistoria.fi\/index.php?rest_route=\/wp\/v2\/pages\/23557","targetHints":{"allow":["GET"]}}],"collection":[{"href":"https:\/\/www.kristinestadshistoria.fi\/index.php?rest_route=\/wp\/v2\/pages"}],"about":[{"href":"https:\/\/www.kristinestadshistoria.fi\/index.php?rest_route=\/wp\/v2\/types\/page"}],"author":[{"embeddable":true,"href":"https:\/\/www.kristinestadshistoria.fi\/index.php?rest_route=\/wp\/v2\/users\/1"}],"replies":[{"embeddable":true,"href":"https:\/\/www.kristinestadshistoria.fi\/index.php?rest_route=%2Fwp%2Fv2%2Fcomments&post=23557"}],"version-history":[{"count":13,"href":"https:\/\/www.kristinestadshistoria.fi\/index.php?rest_route=\/wp\/v2\/pages\/23557\/revisions"}],"predecessor-version":[{"id":30412,"href":"https:\/\/www.kristinestadshistoria.fi\/index.php?rest_route=\/wp\/v2\/pages\/23557\/revisions\/30412"}],"up":[{"embeddable":true,"href":"https:\/\/www.kristinestadshistoria.fi\/index.php?rest_route=\/wp\/v2\/pages\/8025"}],"wp:attachment":[{"href":"https:\/\/www.kristinestadshistoria.fi\/index.php?rest_route=%2Fwp%2Fv2%2Fmedia&parent=23557"}],"curies":[{"name":"wp","href":"https:\/\/api.w.org\/{rel}","templated":true}]}}