{"id":23031,"date":"2022-01-10T23:33:46","date_gmt":"2022-01-10T21:33:46","guid":{"rendered":"https:\/\/www.kristinestadshistoria.fi\/?page_id=23031"},"modified":"2022-01-11T08:51:46","modified_gmt":"2022-01-11T06:51:46","slug":"egil-appels-historik-1897-1972","status":"publish","type":"page","link":"https:\/\/www.kristinestadshistoria.fi\/?page_id=23031","title":{"rendered":"Egil Appels historik 1897 &#8211; 1972."},"content":{"rendered":"<p>D\u00e5 samskolan \u00e5r 1972 fyllde 75 \u00e5r skrev d\u00e5varande rektorn Egil Appel en historik \u00f6ver de g\u00e5ngna \u00e5ren. H\u00e4r nedan kan du l\u00e4sa de viktigaste sidorna:<\/p>\n<p><img loading=\"lazy\" decoding=\"async\" class=\"alignnone wp-image-23022\" src=\"https:\/\/www.kristinestadshistoria.fi\/wp-content\/uploads\/2022\/01\/0-parmbild-1.jpg\" alt=\"\" width=\"780\" height=\"1100\" \/> <img loading=\"lazy\" decoding=\"async\" class=\"alignnone wp-image-23023\" src=\"https:\/\/www.kristinestadshistoria.fi\/wp-content\/uploads\/2022\/01\/1-insida-1.jpg\" alt=\"\" width=\"770\" height=\"1047\" \/> <img loading=\"lazy\" decoding=\"async\" class=\"alignnone size-full wp-image-23024\" src=\"https:\/\/www.kristinestadshistoria.fi\/wp-content\/uploads\/2022\/01\/3-sammandrag.jpg\" alt=\"\" width=\"833\" height=\"1013\" srcset=\"https:\/\/www.kristinestadshistoria.fi\/wp-content\/uploads\/2022\/01\/3-sammandrag.jpg 833w, https:\/\/www.kristinestadshistoria.fi\/wp-content\/uploads\/2022\/01\/3-sammandrag-247x300.jpg 247w, https:\/\/www.kristinestadshistoria.fi\/wp-content\/uploads\/2022\/01\/3-sammandrag-768x934.jpg 768w\" sizes=\"auto, (max-width: 833px) 100vw, 833px\" \/> <img loading=\"lazy\" decoding=\"async\" class=\"alignnone wp-image-23025\" src=\"https:\/\/www.kristinestadshistoria.fi\/wp-content\/uploads\/2022\/01\/4-1.jpg\" alt=\"\" width=\"779\" height=\"1052\" \/><\/p>\n<p><img loading=\"lazy\" decoding=\"async\" class=\"alignnone wp-image-23026\" src=\"https:\/\/www.kristinestadshistoria.fi\/wp-content\/uploads\/2022\/01\/5.jpg\" alt=\"\" width=\"785\" height=\"1039\" \/> <img loading=\"lazy\" decoding=\"async\" class=\"alignnone wp-image-23027\" src=\"https:\/\/www.kristinestadshistoria.fi\/wp-content\/uploads\/2022\/01\/6-1.jpg\" alt=\"\" width=\"784\" height=\"1052\" \/> <img loading=\"lazy\" decoding=\"async\" class=\"alignnone wp-image-23028\" src=\"https:\/\/www.kristinestadshistoria.fi\/wp-content\/uploads\/2022\/01\/7.jpg\" alt=\"\" width=\"774\" height=\"958\" \/><\/p>\n<p><img loading=\"lazy\" decoding=\"async\" class=\"alignnone wp-image-23029\" src=\"https:\/\/www.kristinestadshistoria.fi\/wp-content\/uploads\/2022\/01\/8-rektorer.jpg\" alt=\"\" width=\"757\" height=\"1417\" \/><\/p>\n<p><img loading=\"lazy\" decoding=\"async\" class=\"alignnone wp-image-23036\" src=\"https:\/\/www.kristinestadshistoria.fi\/wp-content\/uploads\/2022\/01\/22-jag-minns-den-ljuva-tiden.jpg\" alt=\"\" width=\"753\" height=\"1007\" \/> <img loading=\"lazy\" decoding=\"async\" class=\"alignnone wp-image-23037\" src=\"https:\/\/www.kristinestadshistoria.fi\/wp-content\/uploads\/2022\/01\/24-1.jpg\" alt=\"\" width=\"756\" height=\"1044\" \/> <img loading=\"lazy\" decoding=\"async\" class=\"alignnone wp-image-23038\" src=\"https:\/\/www.kristinestadshistoria.fi\/wp-content\/uploads\/2022\/01\/25.jpg\" alt=\"\" width=\"757\" height=\"1049\" \/> <img loading=\"lazy\" decoding=\"async\" class=\"alignnone wp-image-23039\" src=\"https:\/\/www.kristinestadshistoria.fi\/wp-content\/uploads\/2022\/01\/26-1.jpg\" alt=\"\" width=\"759\" height=\"1050\" \/> <img loading=\"lazy\" decoding=\"async\" class=\"alignnone wp-image-23040\" src=\"https:\/\/www.kristinestadshistoria.fi\/wp-content\/uploads\/2022\/01\/27.jpg\" alt=\"\" width=\"753\" height=\"1040\" \/><\/p>\n<p><img loading=\"lazy\" decoding=\"async\" class=\"alignnone wp-image-23042\" src=\"https:\/\/www.kristinestadshistoria.fi\/wp-content\/uploads\/2022\/01\/28-1.jpg\" alt=\"\" width=\"753\" height=\"1027\" \/><\/p>\n<p><img loading=\"lazy\" decoding=\"async\" class=\"alignnone  wp-image-23043\" src=\"https:\/\/www.kristinestadshistoria.fi\/wp-content\/uploads\/2022\/01\/29.jpg\" alt=\"\" width=\"747\" height=\"1053\" \/> <img loading=\"lazy\" decoding=\"async\" class=\"alignnone wp-image-23044\" src=\"https:\/\/www.kristinestadshistoria.fi\/wp-content\/uploads\/2022\/01\/30-1.jpg\" alt=\"\" width=\"754\" height=\"1010\" \/> <img loading=\"lazy\" decoding=\"async\" class=\"alignnone wp-image-23045\" src=\"https:\/\/www.kristinestadshistoria.fi\/wp-content\/uploads\/2022\/01\/31.jpg\" alt=\"\" width=\"754\" height=\"1026\" \/> <img loading=\"lazy\" decoding=\"async\" class=\"alignnone wp-image-23046\" src=\"https:\/\/www.kristinestadshistoria.fi\/wp-content\/uploads\/2022\/01\/32-1.jpg\" alt=\"\" width=\"755\" height=\"1039\" \/> <img loading=\"lazy\" decoding=\"async\" class=\"alignnone wp-image-23047\" src=\"https:\/\/www.kristinestadshistoria.fi\/wp-content\/uploads\/2022\/01\/33.jpg\" alt=\"\" width=\"754\" height=\"1051\" \/> <img loading=\"lazy\" decoding=\"async\" class=\"alignnone wp-image-23048\" src=\"https:\/\/www.kristinestadshistoria.fi\/wp-content\/uploads\/2022\/01\/34-1.jpg\" alt=\"\" width=\"755\" height=\"1036\" \/> <img loading=\"lazy\" decoding=\"async\" class=\"alignnone wp-image-23049\" src=\"https:\/\/www.kristinestadshistoria.fi\/wp-content\/uploads\/2022\/01\/35.jpg\" alt=\"\" width=\"752\" height=\"1043\" \/> <img loading=\"lazy\" decoding=\"async\" class=\"alignnone wp-image-23050\" src=\"https:\/\/www.kristinestadshistoria.fi\/wp-content\/uploads\/2022\/01\/36.jpg\" alt=\"\" width=\"753\" height=\"1055\" \/> <img loading=\"lazy\" decoding=\"async\" class=\"alignnone wp-image-23051\" src=\"https:\/\/www.kristinestadshistoria.fi\/wp-content\/uploads\/2022\/01\/37.jpg\" alt=\"\" width=\"752\" height=\"997\" \/> <img loading=\"lazy\" decoding=\"async\" class=\"alignnone wp-image-23052\" src=\"https:\/\/www.kristinestadshistoria.fi\/wp-content\/uploads\/2022\/01\/38.jpg\" alt=\"\" width=\"750\" height=\"1043\" \/> <img loading=\"lazy\" decoding=\"async\" class=\"alignnone wp-image-23053\" src=\"https:\/\/www.kristinestadshistoria.fi\/wp-content\/uploads\/2022\/01\/39.jpg\" alt=\"\" width=\"747\" height=\"983\" \/> <img loading=\"lazy\" decoding=\"async\" class=\"alignnone wp-image-23054\" src=\"https:\/\/www.kristinestadshistoria.fi\/wp-content\/uploads\/2022\/01\/40-1.jpg\" alt=\"\" width=\"744\" height=\"1022\" \/> <img loading=\"lazy\" decoding=\"async\" class=\"alignnone wp-image-23055\" src=\"https:\/\/www.kristinestadshistoria.fi\/wp-content\/uploads\/2022\/01\/41.jpg\" alt=\"\" width=\"744\" height=\"1174\" \/> <img loading=\"lazy\" decoding=\"async\" class=\"alignnone wp-image-23056\" src=\"https:\/\/www.kristinestadshistoria.fi\/wp-content\/uploads\/2022\/01\/42-1.jpg\" alt=\"\" width=\"746\" height=\"1024\" \/> <img loading=\"lazy\" decoding=\"async\" class=\"alignnone wp-image-23057\" src=\"https:\/\/www.kristinestadshistoria.fi\/wp-content\/uploads\/2022\/01\/43.jpg\" alt=\"\" width=\"749\" height=\"1033\" \/> <img loading=\"lazy\" decoding=\"async\" class=\"alignnone wp-image-23058\" src=\"https:\/\/www.kristinestadshistoria.fi\/wp-content\/uploads\/2022\/01\/44-elevstatistik.jpg\" alt=\"\" width=\"751\" height=\"1000\" \/> <img loading=\"lazy\" decoding=\"async\" class=\"alignnone wp-image-23059\" src=\"https:\/\/www.kristinestadshistoria.fi\/wp-content\/uploads\/2022\/01\/45.jpg\" alt=\"\" width=\"749\" height=\"1067\" \/> <img loading=\"lazy\" decoding=\"async\" class=\"alignnone wp-image-23060\" src=\"https:\/\/www.kristinestadshistoria.fi\/wp-content\/uploads\/2022\/01\/46-lystringssangen.jpg\" alt=\"\" width=\"771\" height=\"1180\" \/><\/p>\n","protected":false},"excerpt":{"rendered":"<p>D\u00e5 samskolan \u00e5r 1972 fyllde 75 \u00e5r skrev d\u00e5varande rektorn Egil Appel en historik \u00f6ver de g\u00e5ngna \u00e5ren. H\u00e4r nedan kan du l\u00e4sa de viktigaste sidorna:<\/p>\n","protected":false},"author":1,"featured_media":0,"parent":22948,"menu_order":6,"comment_status":"closed","ping_status":"closed","template":"","meta":{"footnotes":""},"class_list":["post-23031","page","type-page","status-publish","hentry"],"_links":{"self":[{"href":"https:\/\/www.kristinestadshistoria.fi\/index.php?rest_route=\/wp\/v2\/pages\/23031","targetHints":{"allow":["GET"]}}],"collection":[{"href":"https:\/\/www.kristinestadshistoria.fi\/index.php?rest_route=\/wp\/v2\/pages"}],"about":[{"href":"https:\/\/www.kristinestadshistoria.fi\/index.php?rest_route=\/wp\/v2\/types\/page"}],"author":[{"embeddable":true,"href":"https:\/\/www.kristinestadshistoria.fi\/index.php?rest_route=\/wp\/v2\/users\/1"}],"replies":[{"embeddable":true,"href":"https:\/\/www.kristinestadshistoria.fi\/index.php?rest_route=%2Fwp%2Fv2%2Fcomments&post=23031"}],"version-history":[{"count":6,"href":"https:\/\/www.kristinestadshistoria.fi\/index.php?rest_route=\/wp\/v2\/pages\/23031\/revisions"}],"predecessor-version":[{"id":23062,"href":"https:\/\/www.kristinestadshistoria.fi\/index.php?rest_route=\/wp\/v2\/pages\/23031\/revisions\/23062"}],"up":[{"embeddable":true,"href":"https:\/\/www.kristinestadshistoria.fi\/index.php?rest_route=\/wp\/v2\/pages\/22948"}],"wp:attachment":[{"href":"https:\/\/www.kristinestadshistoria.fi\/index.php?rest_route=%2Fwp%2Fv2%2Fmedia&parent=23031"}],"curies":[{"name":"wp","href":"https:\/\/api.w.org\/{rel}","templated":true}]}}