{"id":22870,"date":"2022-01-01T22:47:18","date_gmt":"2022-01-01T20:47:18","guid":{"rendered":"https:\/\/www.kristinestadshistoria.fi\/?page_id=22870"},"modified":"2025-11-09T21:26:44","modified_gmt":"2025-11-09T19:26:44","slug":"radhusparken","status":"publish","type":"page","link":"https:\/\/www.kristinestadshistoria.fi\/?page_id=22870","title":{"rendered":"R\u00e5dhusparken"},"content":{"rendered":"<figure id=\"attachment_22882\" aria-describedby=\"caption-attachment-22882\" style=\"width: 2048px\" class=\"wp-caption alignnone\"><img loading=\"lazy\" decoding=\"async\" class=\"size-full wp-image-22882\" src=\"https:\/\/www.kristinestadshistoria.fi\/wp-content\/uploads\/2022\/01\/Vykort-018.jpg\" alt=\"\" width=\"2048\" height=\"1536\" srcset=\"https:\/\/www.kristinestadshistoria.fi\/wp-content\/uploads\/2022\/01\/Vykort-018.jpg 2048w, https:\/\/www.kristinestadshistoria.fi\/wp-content\/uploads\/2022\/01\/Vykort-018-300x225.jpg 300w, https:\/\/www.kristinestadshistoria.fi\/wp-content\/uploads\/2022\/01\/Vykort-018-1024x768.jpg 1024w, https:\/\/www.kristinestadshistoria.fi\/wp-content\/uploads\/2022\/01\/Vykort-018-768x576.jpg 768w, https:\/\/www.kristinestadshistoria.fi\/wp-content\/uploads\/2022\/01\/Vykort-018-1536x1152.jpg 1536w\" sizes=\"auto, (max-width: 2048px) 100vw, 2048px\" \/><figcaption id=\"caption-attachment-22882\" class=\"wp-caption-text\">R\u00e5dhusparken sommaren 2006.<\/figcaption><\/figure>\n<p>Den h\u00e4r parken i centrala Kristinestad anlades i tv\u00e5 olika repriser. I samband med att det nya r\u00e5dhuset byggdes i b\u00f6rjan av 1850-talet, l\u00f6ste staden in tomterna n\u00e4rmast r\u00e5dhuset och anlade d\u00e4r en ny park. Omr\u00e5det blev luftigare och r\u00e5dhuset framtr\u00e4dde b\u00e4ttre. Efter en brand 1868 kunde staden l\u00f6sa in tv\u00e5 tomter till och efter Wendelins konkurs kunde ocks\u00e5 den tomten l\u00f6sas in. P\u00e5 1890-talet kunde R\u00e5dhusparken f\u00f6rstoras \u00e4nda ned till V\u00e4stra L\u00e5nggatan och fick d\u00e5 den storlek, som den fortfarande har.<\/p>\n<p>Om du vill l\u00e4sa mera ing\u00e5ende om hur R\u00e5dhusparken byggdes, s\u00e5 skall du klicka <a href=\"https:\/\/www.kristinestadshistoria.fi\/?page_id=27217\"><span style=\"color: #000080;\"><strong>H\u00c4R!<\/strong><\/span><\/a><\/p>\n<h4><strong>Flera foton.<\/strong><\/h4>\n<figure id=\"attachment_22883\" aria-describedby=\"caption-attachment-22883\" style=\"width: 2048px\" class=\"wp-caption alignnone\"><img loading=\"lazy\" decoding=\"async\" class=\"size-full wp-image-22883\" src=\"https:\/\/www.kristinestadshistoria.fi\/wp-content\/uploads\/2022\/01\/Vykort-023.jpg\" alt=\"\" width=\"2048\" height=\"1536\" srcset=\"https:\/\/www.kristinestadshistoria.fi\/wp-content\/uploads\/2022\/01\/Vykort-023.jpg 2048w, https:\/\/www.kristinestadshistoria.fi\/wp-content\/uploads\/2022\/01\/Vykort-023-300x225.jpg 300w, https:\/\/www.kristinestadshistoria.fi\/wp-content\/uploads\/2022\/01\/Vykort-023-1024x768.jpg 1024w, https:\/\/www.kristinestadshistoria.fi\/wp-content\/uploads\/2022\/01\/Vykort-023-768x576.jpg 768w, https:\/\/www.kristinestadshistoria.fi\/wp-content\/uploads\/2022\/01\/Vykort-023-1536x1152.jpg 1536w\" sizes=\"auto, (max-width: 2048px) 100vw, 2048px\" \/><figcaption id=\"caption-attachment-22883\" class=\"wp-caption-text\">Blommor och en inbjudande parkb\u00e4nk i R\u00e5dhusparken sommaren 2006. Mellan tr\u00e4den syns lite av systrarna Ekmans g\u00e5rd.<\/figcaption><\/figure>\n<figure id=\"attachment_22881\" aria-describedby=\"caption-attachment-22881\" style=\"width: 1306px\" class=\"wp-caption alignnone\"><img loading=\"lazy\" decoding=\"async\" class=\"size-full wp-image-22881\" src=\"https:\/\/www.kristinestadshistoria.fi\/wp-content\/uploads\/2022\/01\/Marknaden-2010-1.jpg\" alt=\"\" width=\"1306\" height=\"980\" srcset=\"https:\/\/www.kristinestadshistoria.fi\/wp-content\/uploads\/2022\/01\/Marknaden-2010-1.jpg 1306w, https:\/\/www.kristinestadshistoria.fi\/wp-content\/uploads\/2022\/01\/Marknaden-2010-1-300x225.jpg 300w, https:\/\/www.kristinestadshistoria.fi\/wp-content\/uploads\/2022\/01\/Marknaden-2010-1-1024x768.jpg 1024w, https:\/\/www.kristinestadshistoria.fi\/wp-content\/uploads\/2022\/01\/Marknaden-2010-1-768x576.jpg 768w\" sizes=\"auto, (max-width: 1306px) 100vw, 1306px\" \/><figcaption id=\"caption-attachment-22881\" class=\"wp-caption-text\">Vissa marknadsf\u00f6rs\u00e4ljare har funnits p\u00e5 samma plats i R\u00e5dhusparken sedan urminnes tider, k\u00e4nns det som n\u00e4r man ser skyltarna med &#8221;P\u00f6lypussit&#8221; och &#8221;Kotimaiset metrilakut&#8221;. Fotot fr\u00e5n r\u00e5dhusets torn sommaren 2010.<\/figcaption><\/figure>\n<figure id=\"attachment_22878\" aria-describedby=\"caption-attachment-22878\" style=\"width: 1613px\" class=\"wp-caption alignnone\"><img loading=\"lazy\" decoding=\"async\" class=\"size-full wp-image-22878\" src=\"https:\/\/www.kristinestadshistoria.fi\/wp-content\/uploads\/2022\/01\/2019.jpg\" alt=\"\" width=\"1613\" height=\"1210\" srcset=\"https:\/\/www.kristinestadshistoria.fi\/wp-content\/uploads\/2022\/01\/2019.jpg 1613w, https:\/\/www.kristinestadshistoria.fi\/wp-content\/uploads\/2022\/01\/2019-300x225.jpg 300w, https:\/\/www.kristinestadshistoria.fi\/wp-content\/uploads\/2022\/01\/2019-1024x768.jpg 1024w, https:\/\/www.kristinestadshistoria.fi\/wp-content\/uploads\/2022\/01\/2019-768x576.jpg 768w, https:\/\/www.kristinestadshistoria.fi\/wp-content\/uploads\/2022\/01\/2019-1536x1152.jpg 1536w\" sizes=\"auto, (max-width: 1613px) 100vw, 1613px\" \/><figcaption id=\"caption-attachment-22878\" class=\"wp-caption-text\">\u00c5tminstone under sommarmarknaden \u00e4r R\u00e5dhusparken ett omtyckt st\u00e4lle, d\u00e4r tr\u00e4den kan ge svalka och skydd mot solen. Fotot fr\u00e5n sommaren 2019.<\/figcaption><\/figure>\n<figure id=\"attachment_22879\" aria-describedby=\"caption-attachment-22879\" style=\"width: 1210px\" class=\"wp-caption alignnone\"><img loading=\"lazy\" decoding=\"async\" class=\"size-full wp-image-22879\" src=\"https:\/\/www.kristinestadshistoria.fi\/wp-content\/uploads\/2022\/01\/2021-fran-radhuset.jpg\" alt=\"\" width=\"1210\" height=\"1613\" srcset=\"https:\/\/www.kristinestadshistoria.fi\/wp-content\/uploads\/2022\/01\/2021-fran-radhuset.jpg 1210w, https:\/\/www.kristinestadshistoria.fi\/wp-content\/uploads\/2022\/01\/2021-fran-radhuset-225x300.jpg 225w, https:\/\/www.kristinestadshistoria.fi\/wp-content\/uploads\/2022\/01\/2021-fran-radhuset-768x1024.jpg 768w, https:\/\/www.kristinestadshistoria.fi\/wp-content\/uploads\/2022\/01\/2021-fran-radhuset-1152x1536.jpg 1152w\" sizes=\"auto, (max-width: 1210px) 100vw, 1210px\" \/><figcaption id=\"caption-attachment-22879\" class=\"wp-caption-text\">Marknadsbes\u00f6karna tr\u00e4ngs i R\u00e5dhusparken under sommarmarknaden 2021. Fotot taget fr\u00e5n r\u00e5dhusets trappa.<\/figcaption><\/figure>\n<figure id=\"attachment_22880\" aria-describedby=\"caption-attachment-22880\" style=\"width: 1613px\" class=\"wp-caption alignnone\"><img loading=\"lazy\" decoding=\"async\" class=\"size-full wp-image-22880\" src=\"https:\/\/www.kristinestadshistoria.fi\/wp-content\/uploads\/2022\/01\/2021.jpg\" alt=\"\" width=\"1613\" height=\"1210\" srcset=\"https:\/\/www.kristinestadshistoria.fi\/wp-content\/uploads\/2022\/01\/2021.jpg 1613w, https:\/\/www.kristinestadshistoria.fi\/wp-content\/uploads\/2022\/01\/2021-300x225.jpg 300w, https:\/\/www.kristinestadshistoria.fi\/wp-content\/uploads\/2022\/01\/2021-1024x768.jpg 1024w, https:\/\/www.kristinestadshistoria.fi\/wp-content\/uploads\/2022\/01\/2021-768x576.jpg 768w, https:\/\/www.kristinestadshistoria.fi\/wp-content\/uploads\/2022\/01\/2021-1536x1152.jpg 1536w\" sizes=\"auto, (max-width: 1613px) 100vw, 1613px\" \/><figcaption id=\"caption-attachment-22880\" class=\"wp-caption-text\">Sommarmarknad i R\u00e5dhusparken \u00e5r 2021.<\/figcaption><\/figure>\n<figure id=\"attachment_23819\" aria-describedby=\"caption-attachment-23819\" style=\"width: 1400px\" class=\"wp-caption alignnone\"><img loading=\"lazy\" decoding=\"async\" class=\"size-full wp-image-23819\" src=\"https:\/\/www.kristinestadshistoria.fi\/wp-content\/uploads\/2022\/06\/Lampor-i-Radhusparken-okt-1963_C3_96TA_112_ota112-14_foto_00786.jpg\" alt=\"\" width=\"1400\" height=\"1086\" srcset=\"https:\/\/www.kristinestadshistoria.fi\/wp-content\/uploads\/2022\/06\/Lampor-i-Radhusparken-okt-1963_C3_96TA_112_ota112-14_foto_00786.jpg 1400w, https:\/\/www.kristinestadshistoria.fi\/wp-content\/uploads\/2022\/06\/Lampor-i-Radhusparken-okt-1963_C3_96TA_112_ota112-14_foto_00786-300x233.jpg 300w, https:\/\/www.kristinestadshistoria.fi\/wp-content\/uploads\/2022\/06\/Lampor-i-Radhusparken-okt-1963_C3_96TA_112_ota112-14_foto_00786-1024x794.jpg 1024w, https:\/\/www.kristinestadshistoria.fi\/wp-content\/uploads\/2022\/06\/Lampor-i-Radhusparken-okt-1963_C3_96TA_112_ota112-14_foto_00786-768x596.jpg 768w\" sizes=\"auto, (max-width: 1400px) 100vw, 1400px\" \/><figcaption id=\"caption-attachment-23819\" class=\"wp-caption-text\">I oktober 1963 fick R\u00e5dhusparken nya lampor och Rafael Olin passade d\u00e5 p\u00e5 att tr\u00e4na m\u00f6rkerfotografering fr\u00e5n r\u00e5dhustrappan. H\u00e4r st\u00e5r brunnen fortfarande p\u00e5 gatan och bilisterna m\u00e5ste runda den p\u00e5 den norra sidan. Ur Museiverkets samlingar.<\/figcaption><\/figure>\n<figure id=\"attachment_29781\" aria-describedby=\"caption-attachment-29781\" style=\"width: 903px\" class=\"wp-caption alignnone\"><img loading=\"lazy\" decoding=\"async\" class=\"size-full wp-image-29781\" src=\"https:\/\/www.kristinestadshistoria.fi\/wp-content\/uploads\/2025\/05\/Marknadsdans-1974-i-Radhusparken.jpg\" alt=\"\" width=\"903\" height=\"634\" srcset=\"https:\/\/www.kristinestadshistoria.fi\/wp-content\/uploads\/2025\/05\/Marknadsdans-1974-i-Radhusparken.jpg 903w, https:\/\/www.kristinestadshistoria.fi\/wp-content\/uploads\/2025\/05\/Marknadsdans-1974-i-Radhusparken-300x211.jpg 300w, https:\/\/www.kristinestadshistoria.fi\/wp-content\/uploads\/2025\/05\/Marknadsdans-1974-i-Radhusparken-768x539.jpg 768w\" sizes=\"auto, (max-width: 903px) 100vw, 903px\" \/><figcaption id=\"caption-attachment-29781\" class=\"wp-caption-text\">Till en b\u00f6rjan ordnades sommarmarknaden endast p\u00e5 Salutorget och d\u00e5 gick det bra att ordna marknadsdans i R\u00e5dhusparken, Fotot torde vara fr\u00e5n 1973 och det publicerades i \u00d6sterbottniska Posten i maj 1974. Fotot finns i S\u00d6U:s arkiv.<\/figcaption><\/figure>\n<figure id=\"attachment_23359\" aria-describedby=\"caption-attachment-23359\" style=\"width: 1600px\" class=\"wp-caption alignnone\"><img loading=\"lazy\" decoding=\"async\" class=\"size-full wp-image-23359\" src=\"https:\/\/www.kristinestadshistoria.fi\/wp-content\/uploads\/2022\/03\/Valborgsfirande-i-Radhusparken-1964-Rafael-Olin_C3_96TA_112_ota112-3_foto_03770-1.jpg\" alt=\"\" width=\"1600\" height=\"1095\" srcset=\"https:\/\/www.kristinestadshistoria.fi\/wp-content\/uploads\/2022\/03\/Valborgsfirande-i-Radhusparken-1964-Rafael-Olin_C3_96TA_112_ota112-3_foto_03770-1.jpg 1600w, https:\/\/www.kristinestadshistoria.fi\/wp-content\/uploads\/2022\/03\/Valborgsfirande-i-Radhusparken-1964-Rafael-Olin_C3_96TA_112_ota112-3_foto_03770-1-300x205.jpg 300w, https:\/\/www.kristinestadshistoria.fi\/wp-content\/uploads\/2022\/03\/Valborgsfirande-i-Radhusparken-1964-Rafael-Olin_C3_96TA_112_ota112-3_foto_03770-1-1024x701.jpg 1024w, https:\/\/www.kristinestadshistoria.fi\/wp-content\/uploads\/2022\/03\/Valborgsfirande-i-Radhusparken-1964-Rafael-Olin_C3_96TA_112_ota112-3_foto_03770-1-768x526.jpg 768w, https:\/\/www.kristinestadshistoria.fi\/wp-content\/uploads\/2022\/03\/Valborgsfirande-i-Radhusparken-1964-Rafael-Olin_C3_96TA_112_ota112-3_foto_03770-1-1536x1051.jpg 1536w\" sizes=\"auto, (max-width: 1600px) 100vw, 1600px\" \/><figcaption id=\"caption-attachment-23359\" class=\"wp-caption-text\">Valborgsfirande med ballonger och majvippor i R\u00e5dhusparken \u00e5r 1964. Foto av Rafael Olin, SLS:s arkiv.<\/figcaption><\/figure>\n<figure id=\"attachment_23358\" aria-describedby=\"caption-attachment-23358\" style=\"width: 1596px\" class=\"wp-caption alignnone\"><img loading=\"lazy\" decoding=\"async\" class=\"size-full wp-image-23358\" src=\"https:\/\/www.kristinestadshistoria.fi\/wp-content\/uploads\/2022\/03\/Radhusparken-1969-Rafael-Olin_C3_96TA_112_ota112-9_foto_01529-1.jpg\" alt=\"\" width=\"1596\" height=\"1600\" srcset=\"https:\/\/www.kristinestadshistoria.fi\/wp-content\/uploads\/2022\/03\/Radhusparken-1969-Rafael-Olin_C3_96TA_112_ota112-9_foto_01529-1.jpg 1596w, https:\/\/www.kristinestadshistoria.fi\/wp-content\/uploads\/2022\/03\/Radhusparken-1969-Rafael-Olin_C3_96TA_112_ota112-9_foto_01529-1-300x300.jpg 300w, https:\/\/www.kristinestadshistoria.fi\/wp-content\/uploads\/2022\/03\/Radhusparken-1969-Rafael-Olin_C3_96TA_112_ota112-9_foto_01529-1-1021x1024.jpg 1021w, https:\/\/www.kristinestadshistoria.fi\/wp-content\/uploads\/2022\/03\/Radhusparken-1969-Rafael-Olin_C3_96TA_112_ota112-9_foto_01529-1-150x150.jpg 150w, https:\/\/www.kristinestadshistoria.fi\/wp-content\/uploads\/2022\/03\/Radhusparken-1969-Rafael-Olin_C3_96TA_112_ota112-9_foto_01529-1-768x770.jpg 768w, https:\/\/www.kristinestadshistoria.fi\/wp-content\/uploads\/2022\/03\/Radhusparken-1969-Rafael-Olin_C3_96TA_112_ota112-9_foto_01529-1-1532x1536.jpg 1532w\" sizes=\"auto, (max-width: 1596px) 100vw, 1596px\" \/><figcaption id=\"caption-attachment-23358\" class=\"wp-caption-text\">Folk i r\u00f6relse i R\u00e5dhusparken \u00e5r 1969. Foto av Rafael Olin, SLS:s arkiv.<\/figcaption><\/figure>\n<figure id=\"attachment_27402\" aria-describedby=\"caption-attachment-27402\" style=\"width: 2016px\" class=\"wp-caption alignnone\"><img loading=\"lazy\" decoding=\"async\" class=\"size-full wp-image-27402\" src=\"https:\/\/www.kristinestadshistoria.fi\/wp-content\/uploads\/2023\/11\/Radhuset-med-julbelysning-i-parken-Jaakko-Honkaniemi.jpg\" alt=\"\" width=\"2016\" height=\"1551\" srcset=\"https:\/\/www.kristinestadshistoria.fi\/wp-content\/uploads\/2023\/11\/Radhuset-med-julbelysning-i-parken-Jaakko-Honkaniemi.jpg 2016w, https:\/\/www.kristinestadshistoria.fi\/wp-content\/uploads\/2023\/11\/Radhuset-med-julbelysning-i-parken-Jaakko-Honkaniemi-300x231.jpg 300w, https:\/\/www.kristinestadshistoria.fi\/wp-content\/uploads\/2023\/11\/Radhuset-med-julbelysning-i-parken-Jaakko-Honkaniemi-1024x788.jpg 1024w, https:\/\/www.kristinestadshistoria.fi\/wp-content\/uploads\/2023\/11\/Radhuset-med-julbelysning-i-parken-Jaakko-Honkaniemi-768x591.jpg 768w, https:\/\/www.kristinestadshistoria.fi\/wp-content\/uploads\/2023\/11\/Radhuset-med-julbelysning-i-parken-Jaakko-Honkaniemi-1536x1182.jpg 1536w\" sizes=\"auto, (max-width: 2016px) 100vw, 2016px\" \/><figcaption id=\"caption-attachment-27402\" class=\"wp-caption-text\">\u00c5r 2012 satte Kristinestads Lionsklubb upp ljusslingor i r\u00e5dhusparkens tr\u00e4d och de var totalt 1,9 km l\u00e5nga. Fotot \u00e4r taget av Jaakko Honkaniemi, som fick id\u00e9n till ljusslingorna vid ett bes\u00f6k p\u00e5 Liseberg i G\u00f6teborg.<\/figcaption><\/figure>\n<figure id=\"attachment_27396\" aria-describedby=\"caption-attachment-27396\" style=\"width: 420px\" class=\"wp-caption alignnone\"><img loading=\"lazy\" decoding=\"async\" class=\"size-full wp-image-27396\" src=\"https:\/\/www.kristinestadshistoria.fi\/wp-content\/uploads\/2023\/11\/19670704-Onskekalla-i-parken.jpg\" alt=\"\" width=\"420\" height=\"544\" srcset=\"https:\/\/www.kristinestadshistoria.fi\/wp-content\/uploads\/2023\/11\/19670704-Onskekalla-i-parken.jpg 420w, https:\/\/www.kristinestadshistoria.fi\/wp-content\/uploads\/2023\/11\/19670704-Onskekalla-i-parken-232x300.jpg 232w\" sizes=\"auto, (max-width: 420px) 100vw, 420px\" \/><figcaption id=\"caption-attachment-27396\" class=\"wp-caption-text\">Sommaren 1967 pr\u00f6vade den lokala Lions klubben att samla in pengar genom att anl\u00e4gga en \u00f6nskek\u00e4lla i R\u00e5dhusparken. Hur projektet lyckades \u00e4r tillsvidare oklart. P\u00e5 bilden i tidningen Syd-\u00d6sterbotten st\u00e5r president Paul \u00d6hrnberg, sekreterare Tor-Erik Bergvik, Helge Hellman och Ossi Rintala och testar k\u00e4llan.<\/figcaption><\/figure>\n<p>D\u00e5 Lionsklubben i september 1968 h\u00f6ll sitt m\u00e5nadsm\u00f6te kunde president B\u00f6rje Nyg\u00e5rd meddela att n\u00e5gra stora pengar inte kommer fr\u00e5n \u00f6nskek\u00e4llan, d\u00e5 den inneh\u00f6ll endast 50 mark. Medlemmen Soini Kuusisto kunde dock ber\u00e4tta &#8221;att illvilliga ynglingar med anv\u00e4ndande av olika tekniska hj\u00e4lpmedel hade l\u00e4nsat k\u00e4llan under sommaren&#8221;.<\/p>\n","protected":false},"excerpt":{"rendered":"<p>Den h\u00e4r parken i centrala Kristinestad anlades i tv\u00e5 olika repriser. I samband med att det nya r\u00e5dhuset byggdes i b\u00f6rjan av 1850-talet, l\u00f6ste staden in tomterna n\u00e4rmast r\u00e5dhuset och anlade d\u00e4r en ny park. Omr\u00e5det blev luftigare och r\u00e5dhuset <a class=\"more-link\" href=\"https:\/\/www.kristinestadshistoria.fi\/?page_id=22870\">Forts\u00e4tt l\u00e4sa <span class=\"screen-reader-text\">  R\u00e5dhusparken<\/span><span class=\"meta-nav\">&rarr;<\/span><\/a><\/p>\n","protected":false},"author":1,"featured_media":0,"parent":8025,"menu_order":32,"comment_status":"closed","ping_status":"closed","template":"","meta":{"footnotes":""},"class_list":["post-22870","page","type-page","status-publish","hentry"],"_links":{"self":[{"href":"https:\/\/www.kristinestadshistoria.fi\/index.php?rest_route=\/wp\/v2\/pages\/22870","targetHints":{"allow":["GET"]}}],"collection":[{"href":"https:\/\/www.kristinestadshistoria.fi\/index.php?rest_route=\/wp\/v2\/pages"}],"about":[{"href":"https:\/\/www.kristinestadshistoria.fi\/index.php?rest_route=\/wp\/v2\/types\/page"}],"author":[{"embeddable":true,"href":"https:\/\/www.kristinestadshistoria.fi\/index.php?rest_route=\/wp\/v2\/users\/1"}],"replies":[{"embeddable":true,"href":"https:\/\/www.kristinestadshistoria.fi\/index.php?rest_route=%2Fwp%2Fv2%2Fcomments&post=22870"}],"version-history":[{"count":15,"href":"https:\/\/www.kristinestadshistoria.fi\/index.php?rest_route=\/wp\/v2\/pages\/22870\/revisions"}],"predecessor-version":[{"id":29782,"href":"https:\/\/www.kristinestadshistoria.fi\/index.php?rest_route=\/wp\/v2\/pages\/22870\/revisions\/29782"}],"up":[{"embeddable":true,"href":"https:\/\/www.kristinestadshistoria.fi\/index.php?rest_route=\/wp\/v2\/pages\/8025"}],"wp:attachment":[{"href":"https:\/\/www.kristinestadshistoria.fi\/index.php?rest_route=%2Fwp%2Fv2%2Fmedia&parent=22870"}],"curies":[{"name":"wp","href":"https:\/\/api.w.org\/{rel}","templated":true}]}}