{"id":22672,"date":"2021-12-21T14:36:05","date_gmt":"2021-12-21T12:36:05","guid":{"rendered":"https:\/\/www.kristinestadshistoria.fi\/?page_id=22672"},"modified":"2021-12-21T14:36:05","modified_gmt":"2021-12-21T12:36:05","slug":"jac-ahrenberg-1847-1914","status":"publish","type":"page","link":"https:\/\/www.kristinestadshistoria.fi\/?page_id=22672","title":{"rendered":"Jac. Ahrenberg (1847-1914)."},"content":{"rendered":"<p><span style=\"color: #000080;\">Personportr\u00e4ttet sammanst\u00e4llt av Lasse Backlund i december 2021. Uppgifterna \u00e4r tagna ur gamla tidningar.<\/span><\/p>\n<figure id=\"attachment_22671\" aria-describedby=\"caption-attachment-22671\" style=\"width: 534px\" class=\"wp-caption alignnone\"><img loading=\"lazy\" decoding=\"async\" class=\"size-full wp-image-22671\" src=\"https:\/\/www.kristinestadshistoria.fi\/wp-content\/uploads\/2021\/12\/Ahrenbergs-portratt.jpg\" alt=\"\" width=\"534\" height=\"826\" srcset=\"https:\/\/www.kristinestadshistoria.fi\/wp-content\/uploads\/2021\/12\/Ahrenbergs-portratt.jpg 534w, https:\/\/www.kristinestadshistoria.fi\/wp-content\/uploads\/2021\/12\/Ahrenbergs-portratt-194x300.jpg 194w\" sizes=\"auto, (max-width: 534px) 100vw, 534px\" \/><figcaption id=\"caption-attachment-22671\" class=\"wp-caption-text\">Jac. Ahrenberg var en k\u00e4nd arkitekt , som bland annat ritade den nya kyrkan i Kristinestad i slutet av 1800-talet.<\/figcaption><\/figure>\n<p>Johan Jacob Ahrenberg f\u00f6ddes 1847 i Viborg och han var son till den k\u00e4nde pedagogen, skolrektorn Carl Wilhelm Ahrenberg och Mathilda Maria, f\u00f6dd B\u00e4ck. Jacob, som f\u00f6rkortade sitt f\u00f6rnamn till Jac. blev student 1866 och \u00e5r 1870 blev han elev vid akademien f\u00f6r de fria konsterna i Stockholm. Under resor studerade han arkitekturen i Paris, Venedig och i Florens och han studerade samtidigt b\u00e5de konst och litteratur.<\/p>\n<p>\u00c5r 1876 gifte sig Jac. Ahrenberg med Vidolfa Engestr\u00f6m (1845-1914). Hon var f\u00f6dd i Brunflo i J\u00e4mtland och var dotter till en kapten i J\u00e4mtlands j\u00e4gare. Hon visade tidigt att hon hade konstn\u00e4rliga talanger men efter gifterm\u00e5let l\u00e4mnade hon allt detta, f\u00f6r att kunna sk\u00f6ta om det g\u00e4stfria hemmet i Helsingfors. Hon var mycket spr\u00e5kkunnig och tack vare de konstn\u00e4rliga talangerna var deras hem ett av de finaste i Helsingfors. N\u00e5gra k\u00e4nda m\u00e5lningar hann hon dock g\u00f6ra och till och med altartavlor.<\/p>\n<p>\u00c5r 1877 blev Jac. arkitekt vid \u00f6verstyrelsen f\u00f6r allm\u00e4nna byggnader, 1884 blev han l\u00e4nsarkitekt i Ule\u00e5borg. F\u00f6ljande \u00e5r blev han l\u00e4nsarkitekt i Viborg och \u00e5r 1886 blev han f\u00f6rsta arkitekt vid byggnads\u00f6verstyrelsen och \u00e5r 1910 blev han \u00f6verarkitekt fram till b\u00f6rjan av \u00e5r 1914, d\u00e5 han tog avsked.<\/p>\n<p>Listan p\u00e5 hans planerade nybyggnader \u00e4r l\u00e5ng men fr\u00e4mst kan n\u00e4mnas finska normallyceet i Helsingfors och det nya guvern\u00f6rshuset i Viborg. Han har ritat flera kyrkor, bland annat i Hang\u00f6, Kajana och den nya kyrkan i Kristinestad.<\/p>\n<p>Listan p\u00e5 hans planerade renoveringar \u00e4r \u00e4nnu l\u00e4ngre. D\u00e4r kan n\u00e4mnas renoveringen av Viborgs slott \u00e5r 1883, restaureringen av landets fornborgar 1888 och sedan \u00c5bo domkyrka.<\/p>\n<p>F\u00f6rutom arkitekturen s\u00e5 var Jac. Ahrenberg en duktig och erk\u00e4nd konstn\u00e4r. Han fungerade tidvis som l\u00e4rare i teckning och i konsthistoria, han planerade den finska avdelningen p\u00e5 utst\u00e4llningen i Moskva 1882 och likadant p\u00e5 den finska utst\u00e4llningen i K\u00f6penhamn 1888.<\/p>\n<p>Hans akvareller r\u00f6nte ett stort intresse b\u00e5de i Finland och utomlands och p\u00e5 utst\u00e4llningar fick han ofta fina priser. Men det \u00e4r \u00e4nd\u00e5 inom litteraturen som han \u00e4r mest k\u00e4nd och han har gett ut ett stort antal b\u00f6cker. Det b\u00f6rjade med en reseskildring fr\u00e5n sina resor nere i Europa 1878, sedan blev det novellsamlingar och skildringar fr\u00e5n \u00f6stra Finland och \u201dRojalister och patrioter\u201d gav han ut 1901. P\u00e5 1880- och 1890-talet var den mest k\u00e4nda f\u00f6rfattaren, enligt en svensk tidning.<\/p>\n<p>Genom sitt starka engagemang i litteraturen blev han en m\u00e5ng\u00e5rig medlem i direktionen f\u00f6r S\u00f6derstr\u00f6ms f\u00f6rlag. Det var han som l\u00e5g bakom och fr\u00e4mjade Edelfelts illustrationer i Runebergs F\u00e4nrik St\u00e5hls s\u00e4gner. I m\u00e5nga \u00e5r var han medarbetare i Finsk Tidskrift.<\/p>\n<p>Som ett exempel p\u00e5 hans m\u00e5ngsidighet kan n\u00e4mnas att han \u00e5r 1892 designade nya dr\u00e4kter f\u00f6r polischeferna och f\u00f6r konstaplarna i Finland.<\/p>\n<p>Jac. Ahrenberg var mycket social och hade en god humor och ett gott minne. F\u00f6r sina v\u00e4nner kunde han ber\u00e4tta och underh\u00e5lla och han hade ett outt\u00f6mligt f\u00f6rr\u00e5d av roliga h\u00e4ndelser och episoder. \u201dD\u00e5 Ahrenberg \u00e4r med har man aldrig tr\u00e5kigt\u201d var ett st\u00e5ende uttryck och d\u00e4rf\u00f6r var sorgen stor bland v\u00e4nnerna d\u00e5 han dog i oktober 1914 efter en kort tids sjukdom. Han efterl\u00e4mnade 2 s\u00f6ner och 3 d\u00f6ttrar.<\/p>\n<figure id=\"attachment_22670\" aria-describedby=\"caption-attachment-22670\" style=\"width: 397px\" class=\"wp-caption alignnone\"><img loading=\"lazy\" decoding=\"async\" class=\"size-full wp-image-22670\" src=\"https:\/\/www.kristinestadshistoria.fi\/wp-content\/uploads\/2021\/12\/Ahrenbergs-dodsannons-i-Hbl.jpg\" alt=\"\" width=\"397\" height=\"617\" srcset=\"https:\/\/www.kristinestadshistoria.fi\/wp-content\/uploads\/2021\/12\/Ahrenbergs-dodsannons-i-Hbl.jpg 397w, https:\/\/www.kristinestadshistoria.fi\/wp-content\/uploads\/2021\/12\/Ahrenbergs-dodsannons-i-Hbl-193x300.jpg 193w\" sizes=\"auto, (max-width: 397px) 100vw, 397px\" \/><figcaption id=\"caption-attachment-22670\" class=\"wp-caption-text\">Jac. Ahrenberg ligger begravd p\u00e5 Gamla lutherska begravningsplatsen i Helsingfors. Annonsen ur Hbl.<\/figcaption><\/figure>\n","protected":false},"excerpt":{"rendered":"<p>Personportr\u00e4ttet sammanst\u00e4llt av Lasse Backlund i december 2021. Uppgifterna \u00e4r tagna ur gamla tidningar. Johan Jacob Ahrenberg f\u00f6ddes 1847 i Viborg och han var son till den k\u00e4nde pedagogen, skolrektorn Carl Wilhelm Ahrenberg och Mathilda Maria, f\u00f6dd B\u00e4ck. Jacob, som <a class=\"more-link\" href=\"https:\/\/www.kristinestadshistoria.fi\/?page_id=22672\">Forts\u00e4tt l\u00e4sa <span class=\"screen-reader-text\">  Jac. Ahrenberg (1847-1914).<\/span><span class=\"meta-nav\">&rarr;<\/span><\/a><\/p>\n","protected":false},"author":1,"featured_media":0,"parent":22665,"menu_order":1,"comment_status":"closed","ping_status":"closed","template":"","meta":{"footnotes":""},"class_list":["post-22672","page","type-page","status-publish","hentry"],"_links":{"self":[{"href":"https:\/\/www.kristinestadshistoria.fi\/index.php?rest_route=\/wp\/v2\/pages\/22672","targetHints":{"allow":["GET"]}}],"collection":[{"href":"https:\/\/www.kristinestadshistoria.fi\/index.php?rest_route=\/wp\/v2\/pages"}],"about":[{"href":"https:\/\/www.kristinestadshistoria.fi\/index.php?rest_route=\/wp\/v2\/types\/page"}],"author":[{"embeddable":true,"href":"https:\/\/www.kristinestadshistoria.fi\/index.php?rest_route=\/wp\/v2\/users\/1"}],"replies":[{"embeddable":true,"href":"https:\/\/www.kristinestadshistoria.fi\/index.php?rest_route=%2Fwp%2Fv2%2Fcomments&post=22672"}],"version-history":[{"count":1,"href":"https:\/\/www.kristinestadshistoria.fi\/index.php?rest_route=\/wp\/v2\/pages\/22672\/revisions"}],"predecessor-version":[{"id":22673,"href":"https:\/\/www.kristinestadshistoria.fi\/index.php?rest_route=\/wp\/v2\/pages\/22672\/revisions\/22673"}],"up":[{"embeddable":true,"href":"https:\/\/www.kristinestadshistoria.fi\/index.php?rest_route=\/wp\/v2\/pages\/22665"}],"wp:attachment":[{"href":"https:\/\/www.kristinestadshistoria.fi\/index.php?rest_route=%2Fwp%2Fv2%2Fmedia&parent=22672"}],"curies":[{"name":"wp","href":"https:\/\/api.w.org\/{rel}","templated":true}]}}