{"id":22587,"date":"2021-12-09T18:39:57","date_gmt":"2021-12-09T16:39:57","guid":{"rendered":"https:\/\/www.kristinestadshistoria.fi\/?page_id=22587"},"modified":"2021-12-09T18:40:45","modified_gmt":"2021-12-09T16:40:45","slug":"antti-ahlstrom-kommerserad","status":"publish","type":"page","link":"https:\/\/www.kristinestadshistoria.fi\/?page_id=22587","title":{"rendered":"Antti Ahlstr\u00f6m, kommerser\u00e5d."},"content":{"rendered":"<p><span style=\"color: #000080;\"><strong>Nekrolog \u00f6ver Antti Ahlstr\u00f6m, publicerad i Wasa Nyheter 13.5.1896:<\/strong><\/span><\/p>\n<h4><strong>D\u00f6dsfall.<\/strong><\/h4>\n<p>I s\u00f6ndags, den 10 maj 1896 avled i bukhinneinflammation kommersr\u00e5det Anders Antti Ahlstr\u00f6m, k\u00e4nd som en av landets st\u00f6rsta industriidkare och aff\u00e4rsm\u00e4n.<\/p>\n<p>Kommerser\u00e5det Ahlstr\u00f6m f\u00f6ddes den 27 november 1827 i Sastmola socken och var son till kyrkv\u00e4rden Erik Norrg\u00e5rd och Anna Andersdotter Norrg\u00e5rd. Sedan han n\u00e5gon tid g\u00e5tt i elementarskolan i Bj\u00f6rneborg \u00e4gnade han sig \u00e5t aff\u00e4rsmannabanan.<\/p>\n<p>Han var helt och h\u00e5llet en selfmade man. 200 rubel, en h\u00e4st och en sch\u00e4s, har den avlidne sj\u00e4lv omtalat, var allt som han erh\u00f6ll fr\u00e5n sitt f\u00f6r\u00e4ldrahem. Antti har genom arbetsamhet, energi och aff\u00e4rsmannablick arbetat upp sig till den framskjutna st\u00e4llning, han intog bland landets industriidkare.<\/p>\n<p>I b\u00f6rjan av sin aff\u00e4rsbana drev han f\u00f6rn\u00e4mligast handel med tr\u00e4varor och spannm\u00e5l, som s\u00e5ldes p\u00e5 platsen. F\u00f6rst 1862, d\u00e5 han tillhandlade sig Saarikoski egendom i Siikais, b\u00f6rjade han k\u00f6pa uppskogar och upparbetade genom drift och lyckade spekulationer sin r\u00f6relse mycket starkt.<\/p>\n<p>Den ena s\u00e5gen och j\u00e4rnbruksr\u00f6relsen efter den andra r\u00e5kade i hans h\u00e4nder. S\u00e5lunda blev han \u00e4gare av Norrmarks, Kauttua, Fredriksfors och Str\u00f6mfors betydande j\u00e4rnbruk och d\u00e4rmed f\u00f6renade s\u00e5gar. Av 4 andra vattens\u00e5gar samt av 9 \u00e5ngs\u00e5gar, som han dels sj\u00e4lv uppbyggt dels tillhandlat sig och vilkas \u00e5rliga tillverkning stiger till 30,000 standert. Den st\u00f6rsta av dessa senare \u00e4r Pihlava \u00e5ngs\u00e5g invid Bj\u00f6rneborg med tillh\u00f6rande mekanisk verkstad och gjuteri. F\u00f6r sin s\u00e5gr\u00f6relse innehade kommerser\u00e5det Ahlstr\u00f6m omkring 20 hemman.<\/p>\n<p>F\u00f6r \u00e5stadkommande av en j\u00e4rnv\u00e4g till Bj\u00f6rneborg j\u00e4mte hamnbana var Ahlstr\u00f6m ivrigt intresserad. Han erh\u00f6ll till och med koncession p\u00e5 byggandet av en j\u00e4rnv\u00e4g mellan Tammerfors och Bj\u00f6rneborg l\u00e4ngs norra stranden av Kumo \u00e4lv. Men d\u00e5 st\u00e4nderna vid 1888 \u00e5rs lantdag besl\u00f6t byggandet av en s\u00e5dan f\u00f6r statens r\u00e4kning, delvis dock p\u00e5 s\u00f6dra sidan, f\u00f6rf\u00f6ll planen. I det offentliga livet har Ahlstr\u00f6m framtr\u00e4tt som representant vid lantdagarna 1877 \u2014 78 och 1894, d\u00e4r han hade anslutit sig till det finska partiet.<\/p>\n<p>Ahlstr\u00f6m gjorde sig k\u00e4nd inte endast genom sin storartade aff\u00e4rsverksamhet utan ocks\u00e5 genom ganska betydande uppoffringar f\u00f6r allm\u00e4nna \u00e4ndam\u00e5l. Med frikostiga bidrag har han underst\u00f6tt bland annat finska privatlyceerna i Helsingfors och Bj\u00f6rneborg, samt finska teatern i Helsingfors. Folkskolor har byggts till ett antal av 9, vars underh\u00e5ll han med bidrag av staten fortfarande betalat. \u00c4nnu st\u00f6rre \u00e4r de summor som Ahlstr\u00f6m anv\u00e4nt i v\u00e4lg\u00f6renhetens tj\u00e4nst. P\u00e5 sin 61 f\u00f6delsedag donerade han 60,000 mk till uppr\u00e4ttande av fattigkassor vid hans f\u00f6retag. Under det stora n\u00f6d\u00e5ret 1892 sk\u00e4nkte han till de n\u00f6dlidande 50,000 mk. Man uppskattar den avlidnes donationer f\u00f6r v\u00e4lg\u00f6rande \u00e4ndam\u00e5l till inte mindre \u00e4n 314,000 mk. \u00c5r 1881 erh\u00f6ll han kommerser\u00e5dstitel.<\/p>\n<p>\u00c5r 1850 ingick den avlidne \u00e4ktenskap med Anna Margareta L\u00e5ngfors, som avled 1870. Senare ingick han nytt \u00e4ktenskap med Eva Helena Holmstr\u00f6m, dotter till handlanden Holmstr\u00f6m fr\u00e5n Kristinestad.\u00a0Kommerser\u00e5det Ahlstr\u00f6m var till sitt v\u00e4sen en s\u00e4llskaplig och inte s\u00e5 litet originell man. Den r\u00e4tt betydliga fond av humor, som fanns hos honom, erh\u00f6ll ofta uttryck p\u00e5 ett nog s\u00e5 ursprungligt s\u00e4tt.<\/p>\n<p>Den avlidne s\u00f6rjs n\u00e4rmast av \u00e4nka, sju barn, bror, sv\u00e4rdotter och barnbarn.<\/p>\n","protected":false},"excerpt":{"rendered":"<p>Nekrolog \u00f6ver Antti Ahlstr\u00f6m, publicerad i Wasa Nyheter 13.5.1896: D\u00f6dsfall. I s\u00f6ndags, den 10 maj 1896 avled i bukhinneinflammation kommersr\u00e5det Anders Antti Ahlstr\u00f6m, k\u00e4nd som en av landets st\u00f6rsta industriidkare och aff\u00e4rsm\u00e4n. Kommerser\u00e5det Ahlstr\u00f6m f\u00f6ddes den 27 november 1827 i <a class=\"more-link\" href=\"https:\/\/www.kristinestadshistoria.fi\/?page_id=22587\">Forts\u00e4tt l\u00e4sa <span class=\"screen-reader-text\">  Antti Ahlstr\u00f6m, kommerser\u00e5d.<\/span><span class=\"meta-nav\">&rarr;<\/span><\/a><\/p>\n","protected":false},"author":1,"featured_media":0,"parent":20608,"menu_order":2,"comment_status":"closed","ping_status":"closed","template":"","meta":{"footnotes":""},"class_list":["post-22587","page","type-page","status-publish","hentry"],"_links":{"self":[{"href":"https:\/\/www.kristinestadshistoria.fi\/index.php?rest_route=\/wp\/v2\/pages\/22587","targetHints":{"allow":["GET"]}}],"collection":[{"href":"https:\/\/www.kristinestadshistoria.fi\/index.php?rest_route=\/wp\/v2\/pages"}],"about":[{"href":"https:\/\/www.kristinestadshistoria.fi\/index.php?rest_route=\/wp\/v2\/types\/page"}],"author":[{"embeddable":true,"href":"https:\/\/www.kristinestadshistoria.fi\/index.php?rest_route=\/wp\/v2\/users\/1"}],"replies":[{"embeddable":true,"href":"https:\/\/www.kristinestadshistoria.fi\/index.php?rest_route=%2Fwp%2Fv2%2Fcomments&post=22587"}],"version-history":[{"count":2,"href":"https:\/\/www.kristinestadshistoria.fi\/index.php?rest_route=\/wp\/v2\/pages\/22587\/revisions"}],"predecessor-version":[{"id":22589,"href":"https:\/\/www.kristinestadshistoria.fi\/index.php?rest_route=\/wp\/v2\/pages\/22587\/revisions\/22589"}],"up":[{"embeddable":true,"href":"https:\/\/www.kristinestadshistoria.fi\/index.php?rest_route=\/wp\/v2\/pages\/20608"}],"wp:attachment":[{"href":"https:\/\/www.kristinestadshistoria.fi\/index.php?rest_route=%2Fwp%2Fv2%2Fmedia&parent=22587"}],"curies":[{"name":"wp","href":"https:\/\/api.w.org\/{rel}","templated":true}]}}