{"id":22519,"date":"2021-11-30T16:14:07","date_gmt":"2021-11-30T14:14:07","guid":{"rendered":"https:\/\/www.kristinestadshistoria.fi\/?page_id=22519"},"modified":"2021-11-30T22:03:12","modified_gmt":"2021-11-30T20:03:12","slug":"pelle-schluters-berattelser","status":"publish","type":"page","link":"https:\/\/www.kristinestadshistoria.fi\/?page_id=22519","title":{"rendered":"Pelle Schl\u00fcters ber\u00e4ttelser."},"content":{"rendered":"<p>Per Erhard Schl\u00fcter, som kallades Pelle var f\u00f6dd i \u00c5bo \u00e5r 1881. \u00c5r 1900 blev han student och efter det b\u00f6rjade han arbeta p\u00e5 j\u00e4rnv\u00e4gen men eftersom han deltog i v\u00e4rnpliktsstrejken 1903, s\u00e5 blev han avskedad fr\u00e5n j\u00e4rnv\u00e4gen. Efter ett par \u00e5rs studier i Helsingfors blev han \u00e5r 1905 vald till redakt\u00f6r f\u00f6r tidningen Syd-\u00d6sterbotten och flyttade till Kristinestad. Han blev snabbt intresserad av stadens historia och skrev i tidningen flera intressanta artiklar. I februari 1907 slutade han p\u00e5 Syd-\u00d6sterbotten och i december 1908 blev han redakt\u00f6r p\u00e5\u00a0 tidningen Jakobstad. \u00c5r 1913 b\u00f6rjade han igen arbeta p\u00e5 j\u00e4rnv\u00e4gen och blev efter n\u00e5gra \u00e5r stationsinspekt\u00f6r i Kovjoki. Ocks\u00e5 efter att han slutade och flyttade bort i februari 1907 bidrog han med flera intressanta artiklar. Pelle gick i pension i april 1938 och avled i Nykarleby i mars 1949 och han \u00e4r begravd i \u00c5bo.<\/p>\n<p>V\u00e4lj en passande rubrik h\u00e4r under:<\/p>\n<h4><a href=\"https:\/\/www.kristinestadshistoria.fi\/?page_id=22522\"><strong>-Original, krutgubbar och s\u00e4llskapsbr\u00f6der.<\/strong><\/a><\/h4>\n","protected":false},"excerpt":{"rendered":"<p>Per Erhard Schl\u00fcter, som kallades Pelle var f\u00f6dd i \u00c5bo \u00e5r 1881. \u00c5r 1900 blev han student och efter det b\u00f6rjade han arbeta p\u00e5 j\u00e4rnv\u00e4gen men eftersom han deltog i v\u00e4rnpliktsstrejken 1903, s\u00e5 blev han avskedad fr\u00e5n j\u00e4rnv\u00e4gen. Efter ett <a class=\"more-link\" href=\"https:\/\/www.kristinestadshistoria.fi\/?page_id=22519\">Forts\u00e4tt l\u00e4sa <span class=\"screen-reader-text\">  Pelle Schl\u00fcters ber\u00e4ttelser.<\/span><span class=\"meta-nav\">&rarr;<\/span><\/a><\/p>\n","protected":false},"author":1,"featured_media":0,"parent":21456,"menu_order":10,"comment_status":"closed","ping_status":"closed","template":"","meta":{"footnotes":""},"class_list":["post-22519","page","type-page","status-publish","hentry"],"_links":{"self":[{"href":"https:\/\/www.kristinestadshistoria.fi\/index.php?rest_route=\/wp\/v2\/pages\/22519","targetHints":{"allow":["GET"]}}],"collection":[{"href":"https:\/\/www.kristinestadshistoria.fi\/index.php?rest_route=\/wp\/v2\/pages"}],"about":[{"href":"https:\/\/www.kristinestadshistoria.fi\/index.php?rest_route=\/wp\/v2\/types\/page"}],"author":[{"embeddable":true,"href":"https:\/\/www.kristinestadshistoria.fi\/index.php?rest_route=\/wp\/v2\/users\/1"}],"replies":[{"embeddable":true,"href":"https:\/\/www.kristinestadshistoria.fi\/index.php?rest_route=%2Fwp%2Fv2%2Fcomments&post=22519"}],"version-history":[{"count":7,"href":"https:\/\/www.kristinestadshistoria.fi\/index.php?rest_route=\/wp\/v2\/pages\/22519\/revisions"}],"predecessor-version":[{"id":22533,"href":"https:\/\/www.kristinestadshistoria.fi\/index.php?rest_route=\/wp\/v2\/pages\/22519\/revisions\/22533"}],"up":[{"embeddable":true,"href":"https:\/\/www.kristinestadshistoria.fi\/index.php?rest_route=\/wp\/v2\/pages\/21456"}],"wp:attachment":[{"href":"https:\/\/www.kristinestadshistoria.fi\/index.php?rest_route=%2Fwp%2Fv2%2Fmedia&parent=22519"}],"curies":[{"name":"wp","href":"https:\/\/api.w.org\/{rel}","templated":true}]}}