{"id":22496,"date":"2021-11-29T23:57:33","date_gmt":"2021-11-29T21:57:33","guid":{"rendered":"https:\/\/www.kristinestadshistoria.fi\/?page_id=22496"},"modified":"2025-11-01T22:50:49","modified_gmt":"2025-11-01T20:50:49","slug":"gosta-lindqvist-1895-1965","status":"publish","type":"page","link":"https:\/\/www.kristinestadshistoria.fi\/?page_id=22496","title":{"rendered":"G\u00f6sta Lindqvists ber\u00e4ttelser"},"content":{"rendered":"<p>G\u00f6sta Lindqvist (1895-1965) f\u00f6ddes i Kristinestad, d\u00e4r han ocks\u00e5 v\u00e4xte upp. \u00a0Hans far Jakob Waldemar Lindqvist (1852-1904) var bryggm\u00e4stare i staden. Han mor Anna Ida Emilia Hjulman (1860-1935) var dotter till skepparen Herman Hjulman (1832-1904) som bodde p\u00e5 Strandgatan invid Kattpiskargr\u00e4nden. Herman var gift med Anna Fabrin (1832-1924) och av deras 4 barn levde Lilly och G\u00f6sta till vuxen \u00e5lder.<\/p>\n<p>Han gick 5 \u00e5r i stadens samskola och efter det genomgick han lantbruksskolan i Dickursby. Han specialiserade sig p\u00e5 fr\u00f6handeln och arbetade en tid p\u00e5 Agros i Helsingfors och vid fr\u00f6kontrollanstalten i Hamburg. Det var d\u00e4r han hittade sin hustru Gretchen (1893-1980), som han gifte sig med i augusti 1928. I b\u00f6rjan av 1930-talet \u00f6ppnade han en egen fr\u00f6agentur i hemstaden och \u00e5r 1934 uts\u00e5gs han till f\u00f6rest\u00e5ndare f\u00f6r SMK:s kontor d\u00e4r han stannade tills han gick i pension i b\u00f6rjan av 1950-talet.<\/p>\n<p>Han tj\u00e4nstgjorde ocks\u00e5 som politier\u00e5dman vid r\u00e5dhusr\u00e4tten i staden och han verkade \u00e4nda till sin d\u00f6d som ordf\u00f6rande i kyrkof\u00f6rvaltningsn\u00e4mnden och han fungerade ocks\u00e5 som kyrkv\u00e4rd. Han har politiskt aktiv och satt b\u00e5de i stadsfullm\u00e4ktige och i stadsstyrelsen. Hans intresse f\u00f6r lokalhistoria var stort och han skrev flera artiklar om stadens sj\u00f6farare, k\u00f6pm\u00e4n, storheter och original i den gamla staden. Klicka p\u00e5 n\u00e5gon rubrik h\u00e4r under, f\u00f6r att l\u00e4sa hans artiklar.<\/p>\n<h4><a href=\"https:\/\/www.kristinestadshistoria.fi\/?page_id=22500\"><strong>-P\u00e5 morfars g\u00e5rd.<\/strong><\/a><\/h4>\n<h4><a href=\"https:\/\/www.kristinestadshistoria.fi\/?page_id=18931\"><strong>-Sannsagor fr\u00e5n Kattpiskargr\u00e4nden.<\/strong><\/a><\/h4>\n<h4><a href=\"https:\/\/www.kristinestadshistoria.fi\/?page_id=22899\"><strong>-Ett kapitel ur Emil Cederstr\u00f6ms liv.<\/strong><\/a><\/h4>\n<h4><a href=\"https:\/\/www.kristinestadshistoria.fi\/?page_id=22907\"><strong>-Med f\u00e4dren i v\u00e5r gamla helgedom.<\/strong><\/a><\/h4>\n<h4><a href=\"https:\/\/www.kristinestadshistoria.fi\/?page_id=22915\"><strong>-En bukett gl\u00f6mda minnen.<\/strong><\/a><\/h4>\n<h4><a href=\"https:\/\/www.kristinestadshistoria.fi\/?page_id=23308\"><strong>-Lill-Jakob<\/strong><\/a><\/h4>\n<h4><a href=\"https:\/\/www.kristinestadshistoria.fi\/?page_id=29794\"><strong>-Sm\u00e5 stadsbilder fr\u00e5n f\u00f6rr<\/strong><\/a><\/h4>\n<h4><a href=\"https:\/\/www.kristinestadshistoria.fi\/?page_id=30388\"><strong>-Kristinestadsl\u00e4raren med r\u00f6varmeriter<\/strong><\/a><\/h4>\n<p><img loading=\"lazy\" decoding=\"async\" class=\"alignnone size-full wp-image-22927\" src=\"https:\/\/www.kristinestadshistoria.fi\/wp-content\/uploads\/2022\/01\/19420409-dikt-Fadernas-stad.jpg\" alt=\"\" width=\"1240\" height=\"1754\" srcset=\"https:\/\/www.kristinestadshistoria.fi\/wp-content\/uploads\/2022\/01\/19420409-dikt-Fadernas-stad.jpg 1240w, https:\/\/www.kristinestadshistoria.fi\/wp-content\/uploads\/2022\/01\/19420409-dikt-Fadernas-stad-212x300.jpg 212w, https:\/\/www.kristinestadshistoria.fi\/wp-content\/uploads\/2022\/01\/19420409-dikt-Fadernas-stad-724x1024.jpg 724w, https:\/\/www.kristinestadshistoria.fi\/wp-content\/uploads\/2022\/01\/19420409-dikt-Fadernas-stad-768x1086.jpg 768w, https:\/\/www.kristinestadshistoria.fi\/wp-content\/uploads\/2022\/01\/19420409-dikt-Fadernas-stad-1086x1536.jpg 1086w\" sizes=\"auto, (max-width: 1240px) 100vw, 1240px\" \/><\/p>\n","protected":false},"excerpt":{"rendered":"<p>G\u00f6sta Lindqvist (1895-1965) f\u00f6ddes i Kristinestad, d\u00e4r han ocks\u00e5 v\u00e4xte upp. \u00a0Hans far Jakob Waldemar Lindqvist (1852-1904) var bryggm\u00e4stare i staden. Han mor Anna Ida Emilia Hjulman (1860-1935) var dotter till skepparen Herman Hjulman (1832-1904) som bodde p\u00e5 Strandgatan invid <a class=\"more-link\" href=\"https:\/\/www.kristinestadshistoria.fi\/?page_id=22496\">Forts\u00e4tt l\u00e4sa <span class=\"screen-reader-text\">  G\u00f6sta Lindqvists ber\u00e4ttelser<\/span><span class=\"meta-nav\">&rarr;<\/span><\/a><\/p>\n","protected":false},"author":1,"featured_media":0,"parent":21456,"menu_order":10,"comment_status":"closed","ping_status":"closed","template":"","meta":{"footnotes":""},"class_list":["post-22496","page","type-page","status-publish","hentry"],"_links":{"self":[{"href":"https:\/\/www.kristinestadshistoria.fi\/index.php?rest_route=\/wp\/v2\/pages\/22496","targetHints":{"allow":["GET"]}}],"collection":[{"href":"https:\/\/www.kristinestadshistoria.fi\/index.php?rest_route=\/wp\/v2\/pages"}],"about":[{"href":"https:\/\/www.kristinestadshistoria.fi\/index.php?rest_route=\/wp\/v2\/types\/page"}],"author":[{"embeddable":true,"href":"https:\/\/www.kristinestadshistoria.fi\/index.php?rest_route=\/wp\/v2\/users\/1"}],"replies":[{"embeddable":true,"href":"https:\/\/www.kristinestadshistoria.fi\/index.php?rest_route=%2Fwp%2Fv2%2Fcomments&post=22496"}],"version-history":[{"count":14,"href":"https:\/\/www.kristinestadshistoria.fi\/index.php?rest_route=\/wp\/v2\/pages\/22496\/revisions"}],"predecessor-version":[{"id":30394,"href":"https:\/\/www.kristinestadshistoria.fi\/index.php?rest_route=\/wp\/v2\/pages\/22496\/revisions\/30394"}],"up":[{"embeddable":true,"href":"https:\/\/www.kristinestadshistoria.fi\/index.php?rest_route=\/wp\/v2\/pages\/21456"}],"wp:attachment":[{"href":"https:\/\/www.kristinestadshistoria.fi\/index.php?rest_route=%2Fwp%2Fv2%2Fmedia&parent=22496"}],"curies":[{"name":"wp","href":"https:\/\/api.w.org\/{rel}","templated":true}]}}