{"id":22412,"date":"2021-11-24T20:37:11","date_gmt":"2021-11-24T18:37:11","guid":{"rendered":"https:\/\/www.kristinestadshistoria.fi\/?page_id=22412"},"modified":"2025-11-09T21:31:46","modified_gmt":"2025-11-09T19:31:46","slug":"personportratt","status":"publish","type":"page","link":"https:\/\/www.kristinestadshistoria.fi\/?page_id=22412","title":{"rendered":"Personportr\u00e4tt och sl\u00e4kter."},"content":{"rendered":"<h4><a href=\"https:\/\/www.kristinestadshistoria.fi\/?page_id=26736\"><strong>-Aspegren Gabriel<\/strong><\/a><\/h4>\n<h4><a href=\"https:\/\/www.kristinestadshistoria.fi\/?page_id=27475\"><strong>-Bj\u00f6rkmans sl\u00e4kt<\/strong><\/a><\/h4>\n<h4><a href=\"https:\/\/www.kristinestadshistoria.fi\/?page_id=20164\"><strong>-Carlstr\u00f6m Alfred<\/strong><\/a><\/h4>\n<h4><a href=\"https:\/\/www.kristinestadshistoria.fi\/?page_id=27059\"><strong>-Edman Nils och Fredrika<\/strong><\/a><\/h4>\n<h4><a href=\"https:\/\/www.lassebacklund.fi\/?page_id=4354\"><strong>-s\u00e5g\u00e4garen John Erickson fr\u00e5n H\u00e4rkmeri<\/strong><\/a><\/h4>\n<h4><a href=\"https:\/\/www.kristinestadshistoria.fi\/?page_id=29039\"><strong>-Hasselblatts sl\u00e4kt i Kristinestad<\/strong><\/a><\/h4>\n<h4><a href=\"https:\/\/www.kristinestadshistoria.fi\/?page_id=19420\"><strong>-H\u00e4ggblad Henry<\/strong><\/a><\/h4>\n<h4><a href=\"https:\/\/www.kristinestadshistoria.fi\/?page_id=22473\"><strong>-Fontells familj<\/strong><\/a><\/h4>\n<h4><a href=\"https:\/\/www.kristinestadshistoria.fi\/?page_id=23270\"><strong>-Forsstr\u00f6m Johan och Marias familj<\/strong><\/a><\/h4>\n<h4><a href=\"https:\/\/www.kristinestadshistoria.fi\/?page_id=24175\"><strong>-Lindbergs sl\u00e4kt<\/strong><\/a><\/h4>\n<h4><a href=\"https:\/\/www.kristinestadshistoria.fi\/?page_id=22821\"><strong>-Lohrmann Ernst, arkitekt<\/strong><\/a><\/h4>\n<h4><a href=\"https:\/\/www.kristinestadshistoria.fi\/?page_id=22621\"><strong>-Maconi Sune, arkitekt<\/strong><\/a><\/h4>\n<h4><a href=\"https:\/\/www.kristinestadshistoria.fi\/?page_id=19858\"><strong>-Martens Wilhelm<\/strong><\/a><\/h4>\n<h4><a href=\"https:\/\/www.kristinestadshistoria.fi\/?page_id=29194\"><strong>-Munsterhjelm Torsten<\/strong><\/a><\/h4>\n<h4><a href=\"https:\/\/www.kristinestadshistoria.fi\/?page_id=24894\"><strong>-Olins sl\u00e4kt<\/strong><\/a><\/h4>\n<h4><a href=\"https:\/\/www.kristinestadshistoria.fi\/?page_id=26776\"><strong>-Sl\u00e4kten Printz<\/strong><\/a><\/h4>\n<h4><a href=\"https:\/\/www.kristinestadshistoria.fi\/?page_id=21268\"><strong>-Parmanen Vilho<\/strong><\/a><\/h4>\n<h4><a href=\"https:\/\/www.kristinestadshistoria.fi\/?page_id=23492\"><strong>-Salin Erland<\/strong><\/a><\/h4>\n<h4><a href=\"https:\/\/www.kristinestadshistoria.fi\/?page_id=25013\"><strong>-Sj\u00f6berg Johan<\/strong><\/a><\/h4>\n<h4><a href=\"https:\/\/www.kristinestadshistoria.fi\/?page_id=22414\"><strong>-Skogstr\u00f6m Mauritz<\/strong><\/a><\/h4>\n<h4><a href=\"https:\/\/www.kristinestadshistoria.fi\/?page_id=22536\"><strong>-Slotte Alex.\u00a0<\/strong><\/a><\/h4>\n<h4><a href=\"https:\/\/www.kristinestadshistoria.fi\/?page_id=24257\"><strong>-Spolanders sl\u00e4kt<\/strong><\/a><\/h4>\n<h4><a href=\"https:\/\/www.kristinestadshistoria.fi\/?page_id=24423\"><strong>-Starck Wilhelms och Alfhild Blombergs sl\u00e4kt<\/strong><\/a><\/h4>\n<h4><a href=\"https:\/\/www.kristinestadshistoria.fi\/?page_id=26685\"><strong>-T\u00f6ttermans sl\u00e4kt<\/strong><\/a><\/h4>\n<h4><a href=\"https:\/\/www.kristinestadshistoria.fi\/?page_id=22328\"><strong>-Wendelins sl\u00e4kt<\/strong><\/a><\/h4>\n<p>&nbsp;<\/p>\n","protected":false},"excerpt":{"rendered":"<p>-Aspegren Gabriel -Bj\u00f6rkmans sl\u00e4kt -Carlstr\u00f6m Alfred -Edman Nils och Fredrika -s\u00e5g\u00e4garen John Erickson fr\u00e5n H\u00e4rkmeri -Hasselblatts sl\u00e4kt i Kristinestad -H\u00e4ggblad Henry -Fontells familj -Forsstr\u00f6m Johan och Marias familj -Lindbergs sl\u00e4kt -Lohrmann Ernst, arkitekt -Maconi Sune, arkitekt -Martens Wilhelm -Munsterhjelm Torsten <a class=\"more-link\" href=\"https:\/\/www.kristinestadshistoria.fi\/?page_id=22412\">Forts\u00e4tt l\u00e4sa <span class=\"screen-reader-text\">  Personportr\u00e4tt och sl\u00e4kter.<\/span><span class=\"meta-nav\">&rarr;<\/span><\/a><\/p>\n","protected":false},"author":1,"featured_media":0,"parent":8025,"menu_order":75,"comment_status":"closed","ping_status":"closed","template":"","meta":{"footnotes":""},"class_list":["post-22412","page","type-page","status-publish","hentry"],"_links":{"self":[{"href":"https:\/\/www.kristinestadshistoria.fi\/index.php?rest_route=\/wp\/v2\/pages\/22412","targetHints":{"allow":["GET"]}}],"collection":[{"href":"https:\/\/www.kristinestadshistoria.fi\/index.php?rest_route=\/wp\/v2\/pages"}],"about":[{"href":"https:\/\/www.kristinestadshistoria.fi\/index.php?rest_route=\/wp\/v2\/types\/page"}],"author":[{"embeddable":true,"href":"https:\/\/www.kristinestadshistoria.fi\/index.php?rest_route=\/wp\/v2\/users\/1"}],"replies":[{"embeddable":true,"href":"https:\/\/www.kristinestadshistoria.fi\/index.php?rest_route=%2Fwp%2Fv2%2Fcomments&post=22412"}],"version-history":[{"count":31,"href":"https:\/\/www.kristinestadshistoria.fi\/index.php?rest_route=\/wp\/v2\/pages\/22412\/revisions"}],"predecessor-version":[{"id":30084,"href":"https:\/\/www.kristinestadshistoria.fi\/index.php?rest_route=\/wp\/v2\/pages\/22412\/revisions\/30084"}],"up":[{"embeddable":true,"href":"https:\/\/www.kristinestadshistoria.fi\/index.php?rest_route=\/wp\/v2\/pages\/8025"}],"wp:attachment":[{"href":"https:\/\/www.kristinestadshistoria.fi\/index.php?rest_route=%2Fwp%2Fv2%2Fmedia&parent=22412"}],"curies":[{"name":"wp","href":"https:\/\/api.w.org\/{rel}","templated":true}]}}