{"id":21952,"date":"2021-09-10T22:26:50","date_gmt":"2021-09-10T19:26:50","guid":{"rendered":"https:\/\/www.kristinestadshistoria.fi\/?page_id=21952"},"modified":"2023-08-14T09:12:00","modified_gmt":"2023-08-14T06:12:00","slug":"johan-ernst-wirzens-nekrolog","status":"publish","type":"page","link":"https:\/\/www.kristinestadshistoria.fi\/?page_id=21952","title":{"rendered":"Johan Ernst Wirz\u00e9ns nekrolog."},"content":{"rendered":"<p><span style=\"color: #000080;\"><strong>Nekrolog i Helsingfors Tidningar 21.1.1857:<\/strong><\/span><\/p>\n<h4><strong>D\u00f6dsfall.<\/strong><\/h4>\n<p>I s\u00f6ndags den 18 januari avsomnade i Helsingfors efter en kort tids sjukdom, f\u00f6re detta universitetsadjunkten, t.f. stabl\u00e4karen vid 1:sta finska sj\u00f6ekipaget, medicine- och kirurgiedoktorn, magister Johan Ernst Wirz\u00e9n, icke fullt 45 \u00e5r gammal. Doktor Wirz\u00e9n var f\u00f6dd den 20 januari 1812 i Bj\u00f6rneborg, d\u00e4r fadern d\u00e5 var apotekare och han blev student \u00e5r 1826. Han gjorde \u00e5r 1830 en naturalhistorisk resa genom Lappmarkerna och genomvandrade f\u00f6ljande somrar norra Savolax och Karelen f\u00f6r botaniska studier. Han blev fil.kand. 1831 och magister 1832, och vistades \u00e5ren 1833-1835 ned kejserligt underst\u00f6d vid universitetet i Kasan, samt f\u00f6retog l\u00e4ngre naturhistoriska utflykter.<\/p>\n<p>Han blev t.f. kurator f\u00f6r Satakunda avdelning h\u00f6sten 1835 och v\u00e5ren 1836, medicinekandidat 1836, licentiat 1837 och doktor 1840. Han fungerade som t.f. \u00f6verl\u00e4kare vid 1:sta finska sj\u00f6ekipaget \u00e5r 1837 och t.f. stabl\u00e4kare vid samma ekipage \u00e5r 1839. Medicineadjunkt och botanices demonstrator samma \u00e5r. Notarie i medicin 1839. Han var viceordf\u00f6rande i S\u00e4llskapet pro Fauna &amp; Flora Fennica 1842. Riddare av S:t Stanislai 2:dra och S:t Anne 3:dje klass.<\/p>\n<p>Vi saknar detaljerade uppgifter om doktor Wirz\u00e9ns senare levnadsf\u00f6rh\u00e5llanden och n\u00e4mner endast det s\u00e4llsynta fall, som man veterligen f\u00f6rut har endast ett exemplar fr\u00e5n samma tid, att han som promoverad medicine doktor, ingick i pr\u00e4stst\u00e5ndet samt pr\u00e4stvigdes och tog pastoralexamen i \u00c5bo 1854.<\/p>\n<p>Doktor Wirz\u00e9n har gett ut 4 akademiska avhandlingar, mest av botaniskt inneh\u00e5ll, och mindre uppsatser i tidningar och tidskrifter. Han s\u00f6rjes n\u00e4rmast av efterlevande maka, f\u00f6dd Forst\u00e9n och 4 barn.<\/p>\n","protected":false},"excerpt":{"rendered":"<p>Nekrolog i Helsingfors Tidningar 21.1.1857: D\u00f6dsfall. I s\u00f6ndags den 18 januari avsomnade i Helsingfors efter en kort tids sjukdom, f\u00f6re detta universitetsadjunkten, t.f. stabl\u00e4karen vid 1:sta finska sj\u00f6ekipaget, medicine- och kirurgiedoktorn, magister Johan Ernst Wirz\u00e9n, icke fullt 45 \u00e5r gammal. <a class=\"more-link\" href=\"https:\/\/www.kristinestadshistoria.fi\/?page_id=21952\">Forts\u00e4tt l\u00e4sa <span class=\"screen-reader-text\">  Johan Ernst Wirz\u00e9ns nekrolog.<\/span><span class=\"meta-nav\">&rarr;<\/span><\/a><\/p>\n","protected":false},"author":1,"featured_media":0,"parent":21938,"menu_order":20,"comment_status":"closed","ping_status":"closed","template":"","meta":{"footnotes":""},"class_list":["post-21952","page","type-page","status-publish","hentry"],"_links":{"self":[{"href":"https:\/\/www.kristinestadshistoria.fi\/index.php?rest_route=\/wp\/v2\/pages\/21952","targetHints":{"allow":["GET"]}}],"collection":[{"href":"https:\/\/www.kristinestadshistoria.fi\/index.php?rest_route=\/wp\/v2\/pages"}],"about":[{"href":"https:\/\/www.kristinestadshistoria.fi\/index.php?rest_route=\/wp\/v2\/types\/page"}],"author":[{"embeddable":true,"href":"https:\/\/www.kristinestadshistoria.fi\/index.php?rest_route=\/wp\/v2\/users\/1"}],"replies":[{"embeddable":true,"href":"https:\/\/www.kristinestadshistoria.fi\/index.php?rest_route=%2Fwp%2Fv2%2Fcomments&post=21952"}],"version-history":[{"count":1,"href":"https:\/\/www.kristinestadshistoria.fi\/index.php?rest_route=\/wp\/v2\/pages\/21952\/revisions"}],"predecessor-version":[{"id":21953,"href":"https:\/\/www.kristinestadshistoria.fi\/index.php?rest_route=\/wp\/v2\/pages\/21952\/revisions\/21953"}],"up":[{"embeddable":true,"href":"https:\/\/www.kristinestadshistoria.fi\/index.php?rest_route=\/wp\/v2\/pages\/21938"}],"wp:attachment":[{"href":"https:\/\/www.kristinestadshistoria.fi\/index.php?rest_route=%2Fwp%2Fv2%2Fmedia&parent=21952"}],"curies":[{"name":"wp","href":"https:\/\/api.w.org\/{rel}","templated":true}]}}