{"id":21751,"date":"2021-08-14T18:25:30","date_gmt":"2021-08-14T15:25:30","guid":{"rendered":"https:\/\/www.kristinestadshistoria.fi\/?page_id=21751"},"modified":"2021-08-14T18:29:05","modified_gmt":"2021-08-14T15:29:05","slug":"presidenten-william-forsman","status":"publish","type":"page","link":"https:\/\/www.kristinestadshistoria.fi\/?page_id=21751","title":{"rendered":"Presidenten William Forsman."},"content":{"rendered":"<p><strong><span style=\"color: #000080;\">Nekrolog i Hufvudstadsbladet 6.2.1883. Efter b\u00e4sta f\u00f6rm\u00e5ga \u00e4r texten moderniserad.<\/span><\/strong><\/p>\n<p><img loading=\"lazy\" decoding=\"async\" class=\"alignnone size-full wp-image-21754\" src=\"https:\/\/www.kristinestadshistoria.fi\/wp-content\/uploads\/2021\/08\/Forsman-Williams-dodsannons-1883-i-HBL.jpg\" alt=\"\" width=\"442\" height=\"423\" srcset=\"https:\/\/www.kristinestadshistoria.fi\/wp-content\/uploads\/2021\/08\/Forsman-Williams-dodsannons-1883-i-HBL.jpg 442w, https:\/\/www.kristinestadshistoria.fi\/wp-content\/uploads\/2021\/08\/Forsman-Williams-dodsannons-1883-i-HBL-300x287.jpg 300w\" sizes=\"auto, (max-width: 442px) 100vw, 442px\" \/><\/p>\n<p>Presidenten William Forsman, den \u00e4ldsta medlemmen av Finlands domar- och \u00e4mbetsmannak\u00e5r och den \u00e4ldsta medlemmen av Helsingfors samh\u00e4lle, har i s\u00f6ndags f\u00f6rmiddag i Helsingfors slutat sin s\u00e4llsynt l\u00e5nga och hedersfulla levnadsbana.<\/p>\n<p>Dem nittiofyra\u00e5rige avlidne var f\u00f6dd den 20 oktober 1788 i Kask\u00f6 stad, d\u00e4r hans far var ordningsman. Han blev student i \u00c5bo 1805 och intr\u00e4dde efter avslutade akademiska studier p\u00e5 den juridiska tj\u00e4nstemannabanan, som auskultant vid Wasa hofr\u00e4tt i april 1808. Det var allts\u00e5 under den tid d\u00e5 de ryska trupperna med \u00e4nnu ohejdad fart tr\u00e4ngde fram i \u00d6sterbotten, och d\u00e5 ingen kunde f\u00f6rutse Finlands kommande \u00f6de. Han juridiska bana blev \u00e4nd\u00e5 inte p\u00e5 n\u00e5got vis avbruten p\u00e5 grund av kriget eller av dess f\u00f6ljder. Han blev viceh\u00e4radsh\u00f6vding \u00e5r 1811, kanslist vid Wasa Hofr\u00e4tt 1814 och steg i graderna vid denna hovr\u00e4tt \u00e4nda till viceadvokatfiskal och adjungerad ledamot.<\/p>\n<p>\u00c5r 1822 utn\u00e4mndes han till h\u00e4radsh\u00f6vding i Idensalmi domsaga och f\u00f6rflyttades d\u00e4rifr\u00e5n \u00e5r 1827 till Karelens nedre domsaga. Vid f\u00f6rvaltningen av denna domsaga, som den tiden var en de st\u00f6rsta i Finland, f\u00f6rv\u00e4rvade han sig det anseende, att han den 3 januari 1839 blev kallad till ledamot i kejserliga senaten justitiedepartement.<\/p>\n<p>Efter att i 17 \u00e5r ha intagit en plats i den h\u00f6gsta domstolen, utn\u00e4mndes han \u00e5r 1856 till president i Wasa hofr\u00e4tt, ett \u00e4mbete som han tilltr\u00e4dde den f\u00f6rsta oktober. Detta \u00e4mbete innehade han \u00e4nda till den 17 juni 1862, d\u00e5 han efter mer \u00e4n 50 \u00e5rs tj\u00e4nst erh\u00f6ll avsked med pension och han flyttade d\u00e5 tillbaka till Helsingfors.<\/p>\n<p>Kort efter sin avg\u00e5ng ur statens tj\u00e4nst fick presidenten Forsman ombetrott \u00e4nnu ett maktp\u00e5l\u00e4ggande v\u00e4rv, n\u00e4mligen att vara ordf\u00f6rande i den stora kommitt\u00e9, som tillsattes p\u00e5 h\u00f6sten 1862, f\u00f6r att f\u00f6resl\u00e5 f\u00f6rberedande \u00e5tg\u00e4rder f\u00f6r att inf\u00f6ra ocks\u00e5 det finska spr\u00e5ket vid domstolar och \u00e4mbetsverk.<\/p>\n<p>\u00c5r 1856 blev han upph\u00f6jd i adligt st\u00e5nd och kunde d\u00e5 som medlem i ridderskapet och adeln delta i lantdagarna 1863 \u2013 1864 och \u00e5r 1867 och var vid dessa lantdagar ledamot av talmanskonferensen.<\/p>\n<p>Fr\u00e5n sin n\u00e4stan uteslutande lagslipande verksamhet hade den avlidne allt sedan unga \u00e5r s\u00f6kt en f\u00f6rstr\u00f6else i l\u00e4sning av historisk litteratur. I synnerhet den franska litteraturen var honom k\u00e4r och i denna var han bevandrad som f\u00e5. Han f\u00f6ljde en str\u00e4ng levnadsordning och deltog s\u00e4llan i s\u00e4llskapslivet. Sina sista \u00e5r tillbringade han f\u00f6r de mesta med att l\u00e4sa och hans starka sj\u00e4lskrafter till\u00e4t honom att h\u00e5lla p\u00e5 med det \u00e4nda till slutet. \u00c4nnu n\u00e5gra dagar f\u00f6re sin d\u00f6d skulle han l\u00e4sa sina tidningar, fast\u00e4n kroppen inte l\u00e4ngre ville h\u00e5llas uppe. Han ville allts\u00e5 f\u00f6lja med sin tid \u00e4nda tills hans levnadstid var ute.<\/p>\n<p>Den v\u00f6rdnadsv\u00e4rda \u00e5ldringen, som genom obestridd f\u00f6rtj\u00e4nst hade blivit upplyft till domarmaktens h\u00f6gsta v\u00e4rdigheter, hade ocks\u00e5 haft den s\u00e4llsynta gl\u00e4djen att se alla sin 3 s\u00f6ner f\u00f6lja honom p\u00e5 samma bana i sp\u00e5ren. Den \u00e4ldsta sonen, senator Wilhelm Forsman (1816-1880) hade tidigare ryckts bort av d\u00f6den.<\/p>\n","protected":false},"excerpt":{"rendered":"<p>Nekrolog i Hufvudstadsbladet 6.2.1883. Efter b\u00e4sta f\u00f6rm\u00e5ga \u00e4r texten moderniserad. Presidenten William Forsman, den \u00e4ldsta medlemmen av Finlands domar- och \u00e4mbetsmannak\u00e5r och den \u00e4ldsta medlemmen av Helsingfors samh\u00e4lle, har i s\u00f6ndags f\u00f6rmiddag i Helsingfors slutat sin s\u00e4llsynt l\u00e5nga och hedersfulla <a class=\"more-link\" href=\"https:\/\/www.kristinestadshistoria.fi\/?page_id=21751\">Forts\u00e4tt l\u00e4sa <span class=\"screen-reader-text\">  Presidenten William Forsman.<\/span><span class=\"meta-nav\">&rarr;<\/span><\/a><\/p>\n","protected":false},"author":1,"featured_media":0,"parent":21739,"menu_order":1,"comment_status":"closed","ping_status":"closed","template":"","meta":{"footnotes":""},"class_list":["post-21751","page","type-page","status-publish","hentry"],"_links":{"self":[{"href":"https:\/\/www.kristinestadshistoria.fi\/index.php?rest_route=\/wp\/v2\/pages\/21751","targetHints":{"allow":["GET"]}}],"collection":[{"href":"https:\/\/www.kristinestadshistoria.fi\/index.php?rest_route=\/wp\/v2\/pages"}],"about":[{"href":"https:\/\/www.kristinestadshistoria.fi\/index.php?rest_route=\/wp\/v2\/types\/page"}],"author":[{"embeddable":true,"href":"https:\/\/www.kristinestadshistoria.fi\/index.php?rest_route=\/wp\/v2\/users\/1"}],"replies":[{"embeddable":true,"href":"https:\/\/www.kristinestadshistoria.fi\/index.php?rest_route=%2Fwp%2Fv2%2Fcomments&post=21751"}],"version-history":[{"count":2,"href":"https:\/\/www.kristinestadshistoria.fi\/index.php?rest_route=\/wp\/v2\/pages\/21751\/revisions"}],"predecessor-version":[{"id":21755,"href":"https:\/\/www.kristinestadshistoria.fi\/index.php?rest_route=\/wp\/v2\/pages\/21751\/revisions\/21755"}],"up":[{"embeddable":true,"href":"https:\/\/www.kristinestadshistoria.fi\/index.php?rest_route=\/wp\/v2\/pages\/21739"}],"wp:attachment":[{"href":"https:\/\/www.kristinestadshistoria.fi\/index.php?rest_route=%2Fwp%2Fv2%2Fmedia&parent=21751"}],"curies":[{"name":"wp","href":"https:\/\/api.w.org\/{rel}","templated":true}]}}